{"id":2647,"date":"2017-10-11T10:46:32","date_gmt":"2017-10-11T08:46:33","guid":{"rendered":"https:\/\/cozydots.com\/?post_type=product&#038;p=2647"},"modified":"2024-02-16T13:34:59","modified_gmt":"2024-02-16T12:34:59","slug":"tipi-rose-pour-une-fille-tipi-avec-pom-poms-pink","status":"publish","type":"product","link":"https:\/\/cozydots.com\/fr\/produit\/tipi-rose-pour-une-fille-tipi-avec-pom-poms-pink\/","title":{"rendered":"Tipi rose pour une fille, tipi avec pom poms PINK"},"content":{"rendered":"<h1>Tipi rose pour fille, tente avec pom poms<\/h1>\n<p>Tipi indien d\u00e9licat pour chambre tipi d&#8217;enfant de la s\u00e9rie Pink de Cozyshop est un endroit confortable pour jouer, qui s\u00e9duira toutes les petites filles.<\/p>\n<p><strong>La toile naturelle \u00e9tait surmont\u00e9e d&#8217;un mat\u00e9riau rose clair et le rideau de la fen\u00eatre orn\u00e9 d&#8217;un ruban rose rose. Entr\u00e9e de la tente d\u00e9cor\u00e9e de ruban rose avec pom pom. Ce tipi rose mignon pour la chambre d&#8217;une fille, ainsi qu&#8217;une salle de jeux isol\u00e9e dans le salon ou en plein air.<\/strong><\/p>\n<p>Le nid de b\u00e9b\u00e9 est cousu \u00e0 la main \u00e0 partir d&#8217;une brise et agr\u00e9able au toucher de coton naturel avec une armure solide qui peut \u00eatre lav\u00e9 dans la machine \u00e0 laver. Pendant le jeu dans la cour, la tente indienne pour les enfants offre une excellente protection contre les rayons du soleil et les vents. \u00c0 l&#8217;int\u00e9rieur du tipi, il y a deux grandes poches contenant des tr\u00e9sors pour enfants et une fen\u00eatre avec des stores r\u00e9glables qui peuvent \u00eatre utilis\u00e9s pour couvrir l&#8217;int\u00e9rieur de la tente pour enfants.<\/p>\n<p>Les tipi Cozyshop sont fabriqu\u00e9s avec une technique artisanale, avec une grande pr\u00e9cision et soin. Cela rend chaque tente pour votre b\u00e9b\u00e9 unique et vous \u00eates s\u00fbr d&#8217;obtenir la meilleure qualit\u00e9.<\/p>\n<h2>Le tipi rose de Cozyshop comprend:<\/h2>\n<ul>\n<li>tente tipi<\/li>\n<li>4 b\u00e2tons de bois de pin naturel (cadre)<\/li>\n<li>housse pour tente (avec poign\u00e9e cousue et cordon de serrage)<\/li>\n<\/ul>\n<p>Le mod\u00e8le rose peut \u00e9galement \u00eatre achet\u00e9 avec un tapis pour le sol et les oreillers.<\/p>\n<h2>Dimensions:<\/h2>\n<ul>\n<li>Hauteur (avec b\u00e2tons) d\u00e9pli\u00e9: 150 cm<\/li>\n<li>Hauteur (avec b\u00e2tonnets) apr\u00e8s assemblage: 170 cm<\/li>\n<li>Surface au sol: environ 110 \u00d7 110 cm<\/li>\n<\/ul>\n<p>J&#8217;ai une taille de 2-3 enfants. Lorsqu&#8217;il est pli\u00e9, il peut \u00eatre rang\u00e9 dans un \u00e9tui en coton avec une poign\u00e9e qui fait partie de l&#8217;ensemble.<\/p>\n<h2>Ingr\u00e9dients:<\/h2>\n<ul>\n<li>100% coton,\u00a0Certifi\u00e9 par  et certifi\u00e9 CE<\/li>\n<\/ul>\n<p>Les textiles qui composent nos tentes viennent d&#8217;Europe et ont des certificats qui confirment leur s\u00e9curit\u00e9 pour les enfants. Tipi a \u00e9t\u00e9 fabriqu\u00e9 en Pologne.<\/p>\n<h2>M\u00e9thode de soin:<\/h2>\n<ul>\n<li>Lavable en machine \u00e0 40 degr\u00e9s,<\/li>\n<li>rotation &#8211; 800 tours<\/li>\n<li>Ne pas laver<\/li>\n<li>Ne pas blanchir<\/li>\n<\/ul>\n<p>D\u00e9lai de livraison: 1-2 jours ouvrables<\/p>\n<p>Nous ferons volontiers des tipis sp\u00e9cialement pour vous &#8211; selon votre id\u00e9e. Contactez-nous et d\u00e9couvrez plus.<\/p>\n","protected":false},"excerpt":{"rendered":"<p><b>Une simple wigwam tente Indienne<\/b> par Cozyshop est un refuge ludique pour tous les petits explorateurs<\/p>\n","protected":false},"featured_media":41225,"comment_status":"open","ping_status":"closed","template":"","meta":[],"product_brand":[],"product_cat":[469],"product_tag":[],"class_list":{"0":"post-2647","1":"product","2":"type-product","3":"status-publish","4":"has-post-thumbnail","6":"product_cat-tentes-tipi","8":"first","9":"outofstock","10":"sale","11":"taxable","12":"shipping-taxable","13":"product-type-simple"},"yoast_head":"<!-- This site is optimized with the Yoast SEO plugin v27.0 - https:\/\/yoast.com\/product\/yoast-seo-wordpress\/ -->\n<title>Tipi rose pour une fille, tipi avec pom poms PINK - Cozydots.com<\/title>\n<meta name=\"robots\" content=\"index, follow, max-snippet:-1, max-image-preview:large, max-video-preview:-1\" \/>\n<link rel=\"canonical\" href=\"https:\/\/cozydots.com\/fr\/produit\/tipi-rose-pour-une-fille-tipi-avec-pom-poms-pink\/\" \/>\n<meta property=\"og:locale\" content=\"fr_FR\" \/>\n<meta property=\"og:type\" content=\"article\" \/>\n<meta property=\"og:title\" content=\"Tipi rose pour une fille, tipi avec pom poms PINK - Cozydots.com\" \/>\n<meta property=\"og:description\" content=\"Une simple wigwam tente Indienne par Cozyshop est un refuge ludique pour tous les petits explorateurs\" \/>\n<meta property=\"og:url\" content=\"https:\/\/cozydots.com\/fr\/produit\/tipi-rose-pour-une-fille-tipi-avec-pom-poms-pink\/\" \/>\n<meta property=\"og:site_name\" content=\"Cozydots.com\" \/>\n<meta property=\"article:modified_time\" content=\"2024-02-16T12:34:59+00:00\" \/>\n<meta property=\"og:image\" content=\"https:\/\/cozydots.com\/wp-content\/uploads\/2021\/11\/pp-1090.jpg\" \/>\n\t<meta property=\"og:image:width\" content=\"1200\" \/>\n\t<meta property=\"og:image:height\" content=\"1200\" \/>\n\t<meta property=\"og:image:type\" content=\"image\/jpeg\" \/>\n<meta name=\"twitter:card\" content=\"summary_large_image\" \/>\n<meta name=\"twitter:label1\" content=\"Dur\u00e9e de lecture estim\u00e9e\" \/>\n\t<meta name=\"twitter:data1\" content=\"2 minutes\" \/>\n<script type=\"application\/ld+json\" class=\"yoast-schema-graph\">{\"@context\":\"https:\/\/schema.org\",\"@graph\":[{\"@type\":\"WebPage\",\"@id\":\"https:\/\/cozydots.com\/fr\/produit\/tipi-rose-pour-une-fille-tipi-avec-pom-poms-pink\/\",\"url\":\"https:\/\/cozydots.com\/fr\/produit\/tipi-rose-pour-une-fille-tipi-avec-pom-poms-pink\/\",\"name\":\"Tipi rose pour une fille, tipi avec pom poms PINK - Cozydots.com\",\"isPartOf\":{\"@id\":\"https:\/\/cozydots.com\/fr\/#website\"},\"primaryImageOfPage\":{\"@id\":\"https:\/\/cozydots.com\/fr\/produit\/tipi-rose-pour-une-fille-tipi-avec-pom-poms-pink\/#primaryimage\"},\"image\":{\"@id\":\"https:\/\/cozydots.com\/fr\/produit\/tipi-rose-pour-une-fille-tipi-avec-pom-poms-pink\/#primaryimage\"},\"thumbnailUrl\":\"https:\/\/cozydots.com\/wp-content\/uploads\/2021\/11\/pp-1090.jpg\",\"datePublished\":\"2017-10-11T08:46:33+00:00\",\"dateModified\":\"2024-02-16T12:34:59+00:00\",\"breadcrumb\":{\"@id\":\"https:\/\/cozydots.com\/fr\/produit\/tipi-rose-pour-une-fille-tipi-avec-pom-poms-pink\/#breadcrumb\"},\"inLanguage\":\"fr-FR\",\"potentialAction\":[{\"@type\":\"ReadAction\",\"target\":[\"https:\/\/cozydots.com\/fr\/produit\/tipi-rose-pour-une-fille-tipi-avec-pom-poms-pink\/\"]}]},{\"@type\":\"ImageObject\",\"inLanguage\":\"fr-FR\",\"@id\":\"https:\/\/cozydots.com\/fr\/produit\/tipi-rose-pour-une-fille-tipi-avec-pom-poms-pink\/#primaryimage\",\"url\":\"https:\/\/cozydots.com\/wp-content\/uploads\/2021\/11\/pp-1090.jpg\",\"contentUrl\":\"https:\/\/cozydots.com\/wp-content\/uploads\/2021\/11\/pp-1090.jpg\",\"width\":1200,\"height\":1200},{\"@type\":\"BreadcrumbList\",\"@id\":\"https:\/\/cozydots.com\/fr\/produit\/tipi-rose-pour-une-fille-tipi-avec-pom-poms-pink\/#breadcrumb\",\"itemListElement\":[{\"@type\":\"ListItem\",\"position\":1,\"name\":\"Strona g\u0142\u00f3wna\",\"item\":\"https:\/\/cozydots.com\/fr\/\"},{\"@type\":\"ListItem\",\"position\":2,\"name\":\"Boutique\",\"item\":\"https:\/\/cozydots.com\/fr\/boutique\/\"},{\"@type\":\"ListItem\",\"position\":3,\"name\":\"Tipi rose pour une fille, tipi avec pom poms PINK\"}]},{\"@type\":\"WebSite\",\"@id\":\"https:\/\/cozydots.com\/fr\/#website\",\"url\":\"https:\/\/cozydots.com\/fr\/\",\"name\":\"Cozydots.com\",\"description\":\"Producent namiot\u00f3w Tipi\",\"publisher\":{\"@id\":\"https:\/\/cozydots.com\/fr\/#organization\"},\"potentialAction\":[{\"@type\":\"SearchAction\",\"target\":{\"@type\":\"EntryPoint\",\"urlTemplate\":\"https:\/\/cozydots.com\/fr\/?s={search_term_string}\"},\"query-input\":{\"@type\":\"PropertyValueSpecification\",\"valueRequired\":true,\"valueName\":\"search_term_string\"}}],\"inLanguage\":\"fr-FR\"},{\"@type\":\"Organization\",\"@id\":\"https:\/\/cozydots.com\/fr\/#organization\",\"name\":\"Cozydots.com\",\"url\":\"https:\/\/cozydots.com\/fr\/\",\"logo\":{\"@type\":\"ImageObject\",\"inLanguage\":\"fr-FR\",\"@id\":\"https:\/\/cozydots.com\/fr\/#\/schema\/logo\/image\/\",\"url\":\"https:\/\/cozydots.com\/wp-content\/uploads\/2021\/10\/cozyshop_logo.png\",\"contentUrl\":\"https:\/\/cozydots.com\/wp-content\/uploads\/2021\/10\/cozyshop_logo.png\",\"width\":400,\"height\":121,\"caption\":\"Cozydots.com\"},\"image\":{\"@id\":\"https:\/\/cozydots.com\/fr\/#\/schema\/logo\/image\/\"}}]}<\/script>\n<!-- \/ Yoast SEO plugin. -->","yoast_head_json":{"title":"Tipi rose pour une fille, tipi avec pom poms PINK - Cozydots.com","robots":{"index":"index","follow":"follow","max-snippet":"max-snippet:-1","max-image-preview":"max-image-preview:large","max-video-preview":"max-video-preview:-1"},"canonical":"https:\/\/cozydots.com\/fr\/produit\/tipi-rose-pour-une-fille-tipi-avec-pom-poms-pink\/","og_locale":"fr_FR","og_type":"article","og_title":"Tipi rose pour une fille, tipi avec pom poms PINK - Cozydots.com","og_description":"Une simple wigwam tente Indienne par Cozyshop est un refuge ludique pour tous les petits explorateurs","og_url":"https:\/\/cozydots.com\/fr\/produit\/tipi-rose-pour-une-fille-tipi-avec-pom-poms-pink\/","og_site_name":"Cozydots.com","article_modified_time":"2024-02-16T12:34:59+00:00","og_image":[{"width":1200,"height":1200,"url":"https:\/\/cozydots.com\/wp-content\/uploads\/2021\/11\/pp-1090.jpg","type":"image\/jpeg"}],"twitter_card":"summary_large_image","twitter_misc":{"Dur\u00e9e de lecture estim\u00e9e":"2 minutes"},"schema":{"@context":"https:\/\/schema.org","@graph":[{"@type":"WebPage","@id":"https:\/\/cozydots.com\/fr\/produit\/tipi-rose-pour-une-fille-tipi-avec-pom-poms-pink\/","url":"https:\/\/cozydots.com\/fr\/produit\/tipi-rose-pour-une-fille-tipi-avec-pom-poms-pink\/","name":"Tipi rose pour une fille, tipi avec pom poms PINK - Cozydots.com","isPartOf":{"@id":"https:\/\/cozydots.com\/fr\/#website"},"primaryImageOfPage":{"@id":"https:\/\/cozydots.com\/fr\/produit\/tipi-rose-pour-une-fille-tipi-avec-pom-poms-pink\/#primaryimage"},"image":{"@id":"https:\/\/cozydots.com\/fr\/produit\/tipi-rose-pour-une-fille-tipi-avec-pom-poms-pink\/#primaryimage"},"thumbnailUrl":"https:\/\/cozydots.com\/wp-content\/uploads\/2021\/11\/pp-1090.jpg","datePublished":"2017-10-11T08:46:33+00:00","dateModified":"2024-02-16T12:34:59+00:00","breadcrumb":{"@id":"https:\/\/cozydots.com\/fr\/produit\/tipi-rose-pour-une-fille-tipi-avec-pom-poms-pink\/#breadcrumb"},"inLanguage":"fr-FR","potentialAction":[{"@type":"ReadAction","target":["https:\/\/cozydots.com\/fr\/produit\/tipi-rose-pour-une-fille-tipi-avec-pom-poms-pink\/"]}]},{"@type":"ImageObject","inLanguage":"fr-FR","@id":"https:\/\/cozydots.com\/fr\/produit\/tipi-rose-pour-une-fille-tipi-avec-pom-poms-pink\/#primaryimage","url":"https:\/\/cozydots.com\/wp-content\/uploads\/2021\/11\/pp-1090.jpg","contentUrl":"https:\/\/cozydots.com\/wp-content\/uploads\/2021\/11\/pp-1090.jpg","width":1200,"height":1200},{"@type":"BreadcrumbList","@id":"https:\/\/cozydots.com\/fr\/produit\/tipi-rose-pour-une-fille-tipi-avec-pom-poms-pink\/#breadcrumb","itemListElement":[{"@type":"ListItem","position":1,"name":"Strona g\u0142\u00f3wna","item":"https:\/\/cozydots.com\/fr\/"},{"@type":"ListItem","position":2,"name":"Boutique","item":"https:\/\/cozydots.com\/fr\/boutique\/"},{"@type":"ListItem","position":3,"name":"Tipi rose pour une fille, tipi avec pom poms PINK"}]},{"@type":"WebSite","@id":"https:\/\/cozydots.com\/fr\/#website","url":"https:\/\/cozydots.com\/fr\/","name":"Cozydots.com","description":"Producent namiot\u00f3w Tipi","publisher":{"@id":"https:\/\/cozydots.com\/fr\/#organization"},"potentialAction":[{"@type":"SearchAction","target":{"@type":"EntryPoint","urlTemplate":"https:\/\/cozydots.com\/fr\/?s={search_term_string}"},"query-input":{"@type":"PropertyValueSpecification","valueRequired":true,"valueName":"search_term_string"}}],"inLanguage":"fr-FR"},{"@type":"Organization","@id":"https:\/\/cozydots.com\/fr\/#organization","name":"Cozydots.com","url":"https:\/\/cozydots.com\/fr\/","logo":{"@type":"ImageObject","inLanguage":"fr-FR","@id":"https:\/\/cozydots.com\/fr\/#\/schema\/logo\/image\/","url":"https:\/\/cozydots.com\/wp-content\/uploads\/2021\/10\/cozyshop_logo.png","contentUrl":"https:\/\/cozydots.com\/wp-content\/uploads\/2021\/10\/cozyshop_logo.png","width":400,"height":121,"caption":"Cozydots.com"},"image":{"@id":"https:\/\/cozydots.com\/fr\/#\/schema\/logo\/image\/"}}]}},"_links":{"self":[{"href":"https:\/\/cozydots.com\/fr\/wp-json\/wp\/v2\/product\/2647","targetHints":{"allow":["GET"]}}],"collection":[{"href":"https:\/\/cozydots.com\/fr\/wp-json\/wp\/v2\/product"}],"about":[{"href":"https:\/\/cozydots.com\/fr\/wp-json\/wp\/v2\/types\/product"}],"replies":[{"embeddable":true,"href":"https:\/\/cozydots.com\/fr\/wp-json\/wp\/v2\/comments?post=2647"}],"wp:featuredmedia":[{"embeddable":true,"href":"https:\/\/cozydots.com\/fr\/wp-json\/wp\/v2\/media\/41225"}],"wp:attachment":[{"href":"https:\/\/cozydots.com\/fr\/wp-json\/wp\/v2\/media?parent=2647"}],"wp:term":[{"taxonomy":"product_brand","embeddable":true,"href":"https:\/\/cozydots.com\/fr\/wp-json\/wp\/v2\/product_brand?post=2647"},{"taxonomy":"product_cat","embeddable":true,"href":"https:\/\/cozydots.com\/fr\/wp-json\/wp\/v2\/product_cat?post=2647"},{"taxonomy":"product_tag","embeddable":true,"href":"https:\/\/cozydots.com\/fr\/wp-json\/wp\/v2\/product_tag?post=2647"}],"curies":[{"name":"wp","href":"https:\/\/api.w.org\/{rel}","templated":true}]}}