{"id":3093,"date":"2017-10-20T11:07:11","date_gmt":"2017-10-20T09:09:51","guid":{"rendered":"https:\/\/cozydots.com\/?post_type=product&#038;p=3093"},"modified":"2023-02-08T11:58:07","modified_gmt":"2023-02-08T10:58:07","slug":"ensemble-tipi-indien-tente-pour-garcon-indian-6el-2","status":"publish","type":"product","link":"https:\/\/cozydots.com\/fr\/produit\/ensemble-tipi-indien-tente-pour-garcon-indian-6el-2\/","title":{"rendered":"Tente tipi indien, tente pour gar\u00e7on Etno 4el."},"content":{"rendered":"<p><img loading=\"lazy\" decoding=\"async\" class=\"alignright wp-image-53600\" src=\"https:\/\/cozydots.com\/wp-content\/uploads\/2017\/10\/tipi_tent_etno_set_spec-fr.jpg\" alt=\"tipi_tent_etno_set_spec-fr\" width=\"600\" height=\"600\" srcset=\"https:\/\/cozydots.com\/wp-content\/uploads\/2017\/10\/tipi_tent_etno_set_spec-fr.jpg 1200w, https:\/\/cozydots.com\/wp-content\/uploads\/2017\/10\/tipi_tent_etno_set_spec-fr-400x400.jpg 400w, https:\/\/cozydots.com\/wp-content\/uploads\/2017\/10\/tipi_tent_etno_set_spec-fr-150x150.jpg 150w, https:\/\/cozydots.com\/wp-content\/uploads\/2017\/10\/tipi_tent_etno_set_spec-fr-768x768.jpg 768w, https:\/\/cozydots.com\/wp-content\/uploads\/2017\/10\/tipi_tent_etno_set_spec-fr-470x470.jpg 470w, https:\/\/cozydots.com\/wp-content\/uploads\/2017\/10\/tipi_tent_etno_set_spec-fr-800x800.jpg 800w, https:\/\/cozydots.com\/wp-content\/uploads\/2017\/10\/tipi_tent_etno_set_spec-fr-100x100.jpg 100w\" sizes=\"auto, (max-width: 600px) 100vw, 600px\" \/><\/p>\n<p>Etno Tipi tente est un endroit unique pour jouer en plein air et \u00e0 la maison. Une tente pour enfants est un bon endroit pour lire des livres et un lieu de d\u00e9tente.\u00a0Children&#8217;s Tipi est un \u00e9l\u00e9ment de design tendance d&#8217;une chambre d&#8217;enfant.<\/p>\n<p>La tente indienne est faite d&#8217;une toile solide et de coton aux motifs azt\u00e8ques color\u00e9s. L&#8217;entr\u00e9e du wigwam est orn\u00e9e d&#8217;une ceinture turquoise \u00e0 pompons. En outre, il y a coussin avec des pompes et un matelas chaud. La tente est \u00e9quip\u00e9e d&#8217;une poche pour les jouets et d&#8217;un volet roulant \u00e0 enroulement, toutes les parties en tissu peuvent \u00eatre lav\u00e9es en machine \u00e0 laver. La tente enfant se replie facilement et ne prend pas beaucoup de place.<\/p>\n<p>Les tipis indiens sont fabriqu\u00e9s selon la m\u00e9thode artisanale, fabriqu\u00e9s \u00e0 partir de tissus s\u00fbrs pour les enfants d&#8217;origine europ\u00e9enne et de qualit\u00e9 certifi\u00e9e. <strong>Tous les mod\u00e8les sont con\u00e7us par nos soins et nous vous garantissons un produit unique de la meilleure qualit\u00e9.<\/strong><\/p>\n<h2>Le set de tipi-pi\u00e8ces Cozydots ETNO comprend les accessoires suivants:<\/h2>\n<ul>\n<li><strong>Tipi tente<\/strong><\/li>\n<li><strong>mat<\/strong> doux en couleur menthe<\/li>\n<li><strong>Stabilisateur<\/strong>\u00a0(emp\u00eache le cadre de bouger)<\/li>\n<li>4 poteaux en pin naturel (ch\u00e2ssis).<\/li>\n<\/ul>\n<p>Wigwam peut \u00e9galement \u00eatre achet\u00e9 sans tapis ni oreillers.<\/p>\n","protected":false},"excerpt":{"rendered":"<p>La tente indienne est faite d&#8217;une toile solide et de coton aux motifs azt\u00e8ques color\u00e9s. L&#8217;entr\u00e9e du wigwam est orn\u00e9e d&#8217;une ceinture turquoise \u00e0 pompons.<\/p>\n","protected":false},"featured_media":53557,"comment_status":"open","ping_status":"closed","template":"","meta":[],"product_brand":[],"product_cat":[469],"product_tag":[1436],"class_list":{"0":"post-3093","1":"product","2":"type-product","3":"status-publish","4":"has-post-thumbnail","6":"product_cat-tentes-tipi","7":"product_tag-pla-fr","9":"first","10":"instock","11":"taxable","12":"shipping-taxable","13":"product-type-simple"},"yoast_head":"<!-- This site is optimized with the Yoast SEO plugin v27.0 - https:\/\/yoast.com\/product\/yoast-seo-wordpress\/ -->\n<title>Tente tipi indien, tente pour gar\u00e7on Etno 4el. - Cozydots.com<\/title>\n<meta name=\"description\" content=\"La tente indienne est faite d&#039;une toile solide et de coton aux motifs azt\u00e8ques color\u00e9s.\u00a0L&#039;entr\u00e9e du wigwam est orn\u00e9e d&#039;une ceinture turquoise \u00e0 pompons.\" \/>\n<meta name=\"robots\" content=\"index, follow, max-snippet:-1, max-image-preview:large, max-video-preview:-1\" \/>\n<link rel=\"canonical\" href=\"https:\/\/cozydots.com\/fr\/produit\/ensemble-tipi-indien-tente-pour-garcon-indian-6el-2\/\" \/>\n<meta property=\"og:locale\" content=\"fr_FR\" \/>\n<meta property=\"og:type\" content=\"article\" \/>\n<meta property=\"og:title\" content=\"Tente tipi indien, tente pour gar\u00e7on Etno 4el. - Cozydots.com\" \/>\n<meta property=\"og:description\" content=\"La tente indienne est faite d&#039;une toile solide et de coton aux motifs azt\u00e8ques color\u00e9s.\u00a0L&#039;entr\u00e9e du wigwam est orn\u00e9e d&#039;une ceinture turquoise \u00e0 pompons.\" \/>\n<meta property=\"og:url\" content=\"https:\/\/cozydots.com\/fr\/produit\/ensemble-tipi-indien-tente-pour-garcon-indian-6el-2\/\" \/>\n<meta property=\"og:site_name\" content=\"Cozydots.com\" \/>\n<meta property=\"article:modified_time\" content=\"2023-02-08T10:58:07+00:00\" \/>\n<meta property=\"og:image\" content=\"https:\/\/cozydots.com\/wp-content\/uploads\/2017\/10\/tipi_tent_etno_set_f9.jpg\" \/>\n\t<meta property=\"og:image:width\" content=\"1200\" \/>\n\t<meta property=\"og:image:height\" content=\"1200\" \/>\n\t<meta property=\"og:image:type\" content=\"image\/jpeg\" \/>\n<meta name=\"twitter:card\" content=\"summary_large_image\" \/>\n<meta name=\"twitter:label1\" content=\"Dur\u00e9e de lecture estim\u00e9e\" \/>\n\t<meta name=\"twitter:data1\" content=\"2 minutes\" \/>\n<script type=\"application\/ld+json\" class=\"yoast-schema-graph\">{\"@context\":\"https:\/\/schema.org\",\"@graph\":[{\"@type\":\"WebPage\",\"@id\":\"https:\/\/cozydots.com\/fr\/produit\/ensemble-tipi-indien-tente-pour-garcon-indian-6el-2\/\",\"url\":\"https:\/\/cozydots.com\/fr\/produit\/ensemble-tipi-indien-tente-pour-garcon-indian-6el-2\/\",\"name\":\"Tente tipi indien, tente pour gar\u00e7on Etno 4el. - Cozydots.com\",\"isPartOf\":{\"@id\":\"https:\/\/cozydots.com\/fr\/#website\"},\"primaryImageOfPage\":{\"@id\":\"https:\/\/cozydots.com\/fr\/produit\/ensemble-tipi-indien-tente-pour-garcon-indian-6el-2\/#primaryimage\"},\"image\":{\"@id\":\"https:\/\/cozydots.com\/fr\/produit\/ensemble-tipi-indien-tente-pour-garcon-indian-6el-2\/#primaryimage\"},\"thumbnailUrl\":\"https:\/\/cozydots.com\/wp-content\/uploads\/2017\/10\/tipi_tent_etno_set_f9.jpg\",\"datePublished\":\"2017-10-20T09:09:51+00:00\",\"dateModified\":\"2023-02-08T10:58:07+00:00\",\"description\":\"La tente indienne est faite d'une toile solide et de coton aux motifs azt\u00e8ques color\u00e9s.\u00a0L'entr\u00e9e du wigwam est orn\u00e9e d'une ceinture turquoise \u00e0 pompons.\",\"breadcrumb\":{\"@id\":\"https:\/\/cozydots.com\/fr\/produit\/ensemble-tipi-indien-tente-pour-garcon-indian-6el-2\/#breadcrumb\"},\"inLanguage\":\"fr-FR\",\"potentialAction\":[{\"@type\":\"ReadAction\",\"target\":[\"https:\/\/cozydots.com\/fr\/produit\/ensemble-tipi-indien-tente-pour-garcon-indian-6el-2\/\"]}]},{\"@type\":\"ImageObject\",\"inLanguage\":\"fr-FR\",\"@id\":\"https:\/\/cozydots.com\/fr\/produit\/ensemble-tipi-indien-tente-pour-garcon-indian-6el-2\/#primaryimage\",\"url\":\"https:\/\/cozydots.com\/wp-content\/uploads\/2017\/10\/tipi_tent_etno_set_f9.jpg\",\"contentUrl\":\"https:\/\/cozydots.com\/wp-content\/uploads\/2017\/10\/tipi_tent_etno_set_f9.jpg\",\"width\":1200,\"height\":1200,\"caption\":\"tipi tent indian\"},{\"@type\":\"BreadcrumbList\",\"@id\":\"https:\/\/cozydots.com\/fr\/produit\/ensemble-tipi-indien-tente-pour-garcon-indian-6el-2\/#breadcrumb\",\"itemListElement\":[{\"@type\":\"ListItem\",\"position\":1,\"name\":\"Strona g\u0142\u00f3wna\",\"item\":\"https:\/\/cozydots.com\/fr\/\"},{\"@type\":\"ListItem\",\"position\":2,\"name\":\"Boutique\",\"item\":\"https:\/\/cozydots.com\/fr\/boutique\/\"},{\"@type\":\"ListItem\",\"position\":3,\"name\":\"Tente tipi indien, tente pour gar\u00e7on Etno 4el.\"}]},{\"@type\":\"WebSite\",\"@id\":\"https:\/\/cozydots.com\/fr\/#website\",\"url\":\"https:\/\/cozydots.com\/fr\/\",\"name\":\"Cozydots.com\",\"description\":\"Producent namiot\u00f3w Tipi\",\"publisher\":{\"@id\":\"https:\/\/cozydots.com\/fr\/#organization\"},\"potentialAction\":[{\"@type\":\"SearchAction\",\"target\":{\"@type\":\"EntryPoint\",\"urlTemplate\":\"https:\/\/cozydots.com\/fr\/?s={search_term_string}\"},\"query-input\":{\"@type\":\"PropertyValueSpecification\",\"valueRequired\":true,\"valueName\":\"search_term_string\"}}],\"inLanguage\":\"fr-FR\"},{\"@type\":\"Organization\",\"@id\":\"https:\/\/cozydots.com\/fr\/#organization\",\"name\":\"Cozydots.com\",\"url\":\"https:\/\/cozydots.com\/fr\/\",\"logo\":{\"@type\":\"ImageObject\",\"inLanguage\":\"fr-FR\",\"@id\":\"https:\/\/cozydots.com\/fr\/#\/schema\/logo\/image\/\",\"url\":\"https:\/\/cozydots.com\/wp-content\/uploads\/2021\/10\/cozyshop_logo.png\",\"contentUrl\":\"https:\/\/cozydots.com\/wp-content\/uploads\/2021\/10\/cozyshop_logo.png\",\"width\":400,\"height\":121,\"caption\":\"Cozydots.com\"},\"image\":{\"@id\":\"https:\/\/cozydots.com\/fr\/#\/schema\/logo\/image\/\"}}]}<\/script>\n<!-- \/ Yoast SEO plugin. -->","yoast_head_json":{"title":"Tente tipi indien, tente pour gar\u00e7on Etno 4el. - Cozydots.com","description":"La tente indienne est faite d'une toile solide et de coton aux motifs azt\u00e8ques color\u00e9s.\u00a0L'entr\u00e9e du wigwam est orn\u00e9e d'une ceinture turquoise \u00e0 pompons.","robots":{"index":"index","follow":"follow","max-snippet":"max-snippet:-1","max-image-preview":"max-image-preview:large","max-video-preview":"max-video-preview:-1"},"canonical":"https:\/\/cozydots.com\/fr\/produit\/ensemble-tipi-indien-tente-pour-garcon-indian-6el-2\/","og_locale":"fr_FR","og_type":"article","og_title":"Tente tipi indien, tente pour gar\u00e7on Etno 4el. - Cozydots.com","og_description":"La tente indienne est faite d'une toile solide et de coton aux motifs azt\u00e8ques color\u00e9s.\u00a0L'entr\u00e9e du wigwam est orn\u00e9e d'une ceinture turquoise \u00e0 pompons.","og_url":"https:\/\/cozydots.com\/fr\/produit\/ensemble-tipi-indien-tente-pour-garcon-indian-6el-2\/","og_site_name":"Cozydots.com","article_modified_time":"2023-02-08T10:58:07+00:00","og_image":[{"width":1200,"height":1200,"url":"https:\/\/cozydots.com\/wp-content\/uploads\/2017\/10\/tipi_tent_etno_set_f9.jpg","type":"image\/jpeg"}],"twitter_card":"summary_large_image","twitter_misc":{"Dur\u00e9e de lecture estim\u00e9e":"2 minutes"},"schema":{"@context":"https:\/\/schema.org","@graph":[{"@type":"WebPage","@id":"https:\/\/cozydots.com\/fr\/produit\/ensemble-tipi-indien-tente-pour-garcon-indian-6el-2\/","url":"https:\/\/cozydots.com\/fr\/produit\/ensemble-tipi-indien-tente-pour-garcon-indian-6el-2\/","name":"Tente tipi indien, tente pour gar\u00e7on Etno 4el. - Cozydots.com","isPartOf":{"@id":"https:\/\/cozydots.com\/fr\/#website"},"primaryImageOfPage":{"@id":"https:\/\/cozydots.com\/fr\/produit\/ensemble-tipi-indien-tente-pour-garcon-indian-6el-2\/#primaryimage"},"image":{"@id":"https:\/\/cozydots.com\/fr\/produit\/ensemble-tipi-indien-tente-pour-garcon-indian-6el-2\/#primaryimage"},"thumbnailUrl":"https:\/\/cozydots.com\/wp-content\/uploads\/2017\/10\/tipi_tent_etno_set_f9.jpg","datePublished":"2017-10-20T09:09:51+00:00","dateModified":"2023-02-08T10:58:07+00:00","description":"La tente indienne est faite d'une toile solide et de coton aux motifs azt\u00e8ques color\u00e9s.\u00a0L'entr\u00e9e du wigwam est orn\u00e9e d'une ceinture turquoise \u00e0 pompons.","breadcrumb":{"@id":"https:\/\/cozydots.com\/fr\/produit\/ensemble-tipi-indien-tente-pour-garcon-indian-6el-2\/#breadcrumb"},"inLanguage":"fr-FR","potentialAction":[{"@type":"ReadAction","target":["https:\/\/cozydots.com\/fr\/produit\/ensemble-tipi-indien-tente-pour-garcon-indian-6el-2\/"]}]},{"@type":"ImageObject","inLanguage":"fr-FR","@id":"https:\/\/cozydots.com\/fr\/produit\/ensemble-tipi-indien-tente-pour-garcon-indian-6el-2\/#primaryimage","url":"https:\/\/cozydots.com\/wp-content\/uploads\/2017\/10\/tipi_tent_etno_set_f9.jpg","contentUrl":"https:\/\/cozydots.com\/wp-content\/uploads\/2017\/10\/tipi_tent_etno_set_f9.jpg","width":1200,"height":1200,"caption":"tipi tent indian"},{"@type":"BreadcrumbList","@id":"https:\/\/cozydots.com\/fr\/produit\/ensemble-tipi-indien-tente-pour-garcon-indian-6el-2\/#breadcrumb","itemListElement":[{"@type":"ListItem","position":1,"name":"Strona g\u0142\u00f3wna","item":"https:\/\/cozydots.com\/fr\/"},{"@type":"ListItem","position":2,"name":"Boutique","item":"https:\/\/cozydots.com\/fr\/boutique\/"},{"@type":"ListItem","position":3,"name":"Tente tipi indien, tente pour gar\u00e7on Etno 4el."}]},{"@type":"WebSite","@id":"https:\/\/cozydots.com\/fr\/#website","url":"https:\/\/cozydots.com\/fr\/","name":"Cozydots.com","description":"Producent namiot\u00f3w Tipi","publisher":{"@id":"https:\/\/cozydots.com\/fr\/#organization"},"potentialAction":[{"@type":"SearchAction","target":{"@type":"EntryPoint","urlTemplate":"https:\/\/cozydots.com\/fr\/?s={search_term_string}"},"query-input":{"@type":"PropertyValueSpecification","valueRequired":true,"valueName":"search_term_string"}}],"inLanguage":"fr-FR"},{"@type":"Organization","@id":"https:\/\/cozydots.com\/fr\/#organization","name":"Cozydots.com","url":"https:\/\/cozydots.com\/fr\/","logo":{"@type":"ImageObject","inLanguage":"fr-FR","@id":"https:\/\/cozydots.com\/fr\/#\/schema\/logo\/image\/","url":"https:\/\/cozydots.com\/wp-content\/uploads\/2021\/10\/cozyshop_logo.png","contentUrl":"https:\/\/cozydots.com\/wp-content\/uploads\/2021\/10\/cozyshop_logo.png","width":400,"height":121,"caption":"Cozydots.com"},"image":{"@id":"https:\/\/cozydots.com\/fr\/#\/schema\/logo\/image\/"}}]}},"_links":{"self":[{"href":"https:\/\/cozydots.com\/fr\/wp-json\/wp\/v2\/product\/3093","targetHints":{"allow":["GET"]}}],"collection":[{"href":"https:\/\/cozydots.com\/fr\/wp-json\/wp\/v2\/product"}],"about":[{"href":"https:\/\/cozydots.com\/fr\/wp-json\/wp\/v2\/types\/product"}],"replies":[{"embeddable":true,"href":"https:\/\/cozydots.com\/fr\/wp-json\/wp\/v2\/comments?post=3093"}],"wp:featuredmedia":[{"embeddable":true,"href":"https:\/\/cozydots.com\/fr\/wp-json\/wp\/v2\/media\/53557"}],"wp:attachment":[{"href":"https:\/\/cozydots.com\/fr\/wp-json\/wp\/v2\/media?parent=3093"}],"wp:term":[{"taxonomy":"product_brand","embeddable":true,"href":"https:\/\/cozydots.com\/fr\/wp-json\/wp\/v2\/product_brand?post=3093"},{"taxonomy":"product_cat","embeddable":true,"href":"https:\/\/cozydots.com\/fr\/wp-json\/wp\/v2\/product_cat?post=3093"},{"taxonomy":"product_tag","embeddable":true,"href":"https:\/\/cozydots.com\/fr\/wp-json\/wp\/v2\/product_tag?post=3093"}],"curies":[{"name":"wp","href":"https:\/\/api.w.org\/{rel}","templated":true}]}}