{"id":33260,"date":"2020-10-21T21:29:57","date_gmt":"2020-10-21T19:29:59","guid":{"rendered":"https:\/\/cozydots.com\/?post_type=product&#038;p=33260"},"modified":"2023-02-16T14:33:21","modified_gmt":"2023-02-16T13:33:21","slug":"tente-tipi-avec-tapis-et-oreillers-teepee-stone","status":"publish","type":"product","link":"https:\/\/cozydots.com\/fr\/produit\/tente-tipi-avec-tapis-et-oreillers-teepee-stone\/","title":{"rendered":"Tente tipi avec tapis et oreillers, Teepee Stone"},"content":{"rendered":"<p><strong>La tente de jeu Teepee de la s\u00e9rie Stone est un endroit confortable pour jouer \u00e0 la maison. Le tipi indien de Cozyshop est une garantie de grand plaisir et de la meilleure qualit\u00e9.<\/strong><\/p>\n<p><strong>Tente grise de la s\u00e9rie Stone est une grande tente de 110 \u00d7 110 cm avec une poche et une fen\u00eatre, en coton premium r\u00e9sistant. L&#8217;entr\u00e9e de la tente est d\u00e9cor\u00e9e de pompons noirs.<\/strong><\/p>\n<p>L&#8217;ensemble tipi comprend:<\/p>\n<ul>\n<li>tente tipi<\/li>\n<li>tapis de jeu (couleur gris fonc\u00e9)<\/li>\n<li>deux oreillers, en forme d&#8217;\u00e9toile avec pompon noir<\/li>\n<li>4 b\u00e2tons de pin pliants + 4 connecteurs m\u00e9talliques<\/li>\n<li>instruction<\/li>\n<li>stabilisateur<\/li>\n<\/ul>\n<p>Dimensions:<\/p>\n<ul>\n<li>Hauteur (avec piquets) apr\u00e8s d\u00e9pliage: 150 cm<\/li>\n<li>Hauteur (avec piquets) apr\u00e8s pliage: 170 cm<\/li>\n<li>Surface au sol: env. 110 \u00d7 110 centim\u00e8tres<\/li>\n<\/ul>\n<p>La tente est con\u00e7ue pour 2-3 enfants. Le tipi se plie facilement et ne prend pas beaucoup de place.<\/p>\n<p>Composition:<\/p>\n<ul>\n<li>100% coton, et certificat CE<\/li>\n<li>Garnissage tapis et coussin: mousse de silicone 100% hypoallerg\u00e9nique<\/li>\n<\/ul>\n<p>Tous les tissus utilis\u00e9s pour fabriquer nos tentes tipi sont certifi\u00e9s et proviennent de pays europ\u00e9ens, ce qui les rend s\u00fbrs pour les enfants. Tous les articles Cozyshop sont con\u00e7us et cousus en Pologne.<\/p>\n<p>M\u00e9thode de soins:<\/p>\n<p><img decoding=\"async\" class=\"alignnone\" style=\"color: #000000;\" src=\"https:\/\/cozydots.com\/wp-content\/uploads\/2019\/05\/iron-l.svg\" alt=\"iron-L\" width=\"40px\" \/>Repasser \u00e0 basse temp\u00e9rature<\/p>\n<p><img decoding=\"async\" class=\"alignnone\" title=\"wash 40\" src=\"https:\/\/cozydots.com\/wp-content\/uploads\/2019\/05\/wash40.svg\" alt=\"wash-40\" width=\"40\" \/>Lavage \u00e0 40 \u00b0 &#8211; programme d\u00e9licat<\/p>\n<p><img decoding=\"async\" class=\"alignnone\" src=\"https:\/\/cozydots.com\/wp-content\/uploads\/2019\/05\/drying-0.svg\" alt=\"drying-0\" width=\"40px\" \/>Ne pas s\u00e9cher en machine<\/p>\n<p><img decoding=\"async\" class=\"alignnone\" src=\"https:\/\/cozydots.com\/wp-content\/uploads\/2019\/05\/dryclean-0.svg\" alt=\"dryclean-0\" width=\"40px\" \/>Ne pas nettoyer \u00e0 sec<br \/>\n<img decoding=\"async\" class=\"alignnone\" src=\"https:\/\/cozydots.com\/wp-content\/uploads\/2019\/05\/bleach-0.svg\" alt=\"bleach-0.svg\" width=\"40px\" \/>Ne pas chlorer<\/p>\n<p>ATTENTION: ne pas repasser les pompons et les pompons &#8211; ils peuvent fondre!<\/p>\n","protected":false},"excerpt":{"rendered":"<p>Tente tipi en toile solide Premium, d\u00e9cor\u00e9e de pompons noirs, dans un ensemble avec deux oreillers et un tapis doux. Stabilisateur inclus.<\/p>\n","protected":false},"featured_media":41309,"comment_status":"open","ping_status":"closed","template":"","meta":[],"product_brand":[],"product_cat":[469],"product_tag":[],"class_list":{"0":"post-33260","1":"product","2":"type-product","3":"status-publish","4":"has-post-thumbnail","6":"product_cat-tentes-tipi","8":"first","9":"instock","10":"sale","11":"taxable","12":"shipping-taxable","13":"product-type-simple"},"yoast_head":"<!-- This site is optimized with the Yoast SEO plugin v27.0 - https:\/\/yoast.com\/product\/yoast-seo-wordpress\/ -->\n<title>Tente tipi avec tapis et oreillers, Teepee Stone - Cozydots.com<\/title>\n<meta name=\"description\" content=\"Tente tipi en toile solide Premium, d\u00e9cor\u00e9e de pompons noirs, dans un ensemble avec deux oreillers et un tapis doux. Stabilisateur inclus.\" \/>\n<meta name=\"robots\" content=\"index, follow, max-snippet:-1, max-image-preview:large, max-video-preview:-1\" \/>\n<link rel=\"canonical\" href=\"https:\/\/cozydots.com\/fr\/produit\/tente-tipi-avec-tapis-et-oreillers-teepee-stone\/\" \/>\n<meta property=\"og:locale\" content=\"fr_FR\" \/>\n<meta property=\"og:type\" content=\"article\" \/>\n<meta property=\"og:title\" content=\"Tente tipi avec tapis et oreillers, Teepee Stone - Cozydots.com\" \/>\n<meta property=\"og:description\" content=\"Tente tipi en toile solide Premium, d\u00e9cor\u00e9e de pompons noirs, dans un ensemble avec deux oreillers et un tapis doux. Stabilisateur inclus.\" \/>\n<meta property=\"og:url\" content=\"https:\/\/cozydots.com\/fr\/produit\/tente-tipi-avec-tapis-et-oreillers-teepee-stone\/\" \/>\n<meta property=\"og:site_name\" content=\"Cozydots.com\" \/>\n<meta property=\"article:modified_time\" content=\"2023-02-16T13:33:21+00:00\" \/>\n<meta property=\"og:image\" content=\"https:\/\/cozydots.com\/wp-content\/uploads\/2021\/11\/pp-1274.jpg\" \/>\n\t<meta property=\"og:image:width\" content=\"1200\" \/>\n\t<meta property=\"og:image:height\" content=\"1200\" \/>\n\t<meta property=\"og:image:type\" content=\"image\/jpeg\" \/>\n<meta name=\"twitter:card\" content=\"summary_large_image\" \/>\n<meta name=\"twitter:label1\" content=\"Dur\u00e9e de lecture estim\u00e9e\" \/>\n\t<meta name=\"twitter:data1\" content=\"3 minutes\" \/>\n<script type=\"application\/ld+json\" class=\"yoast-schema-graph\">{\"@context\":\"https:\/\/schema.org\",\"@graph\":[{\"@type\":\"WebPage\",\"@id\":\"https:\/\/cozydots.com\/fr\/produit\/tente-tipi-avec-tapis-et-oreillers-teepee-stone\/\",\"url\":\"https:\/\/cozydots.com\/fr\/produit\/tente-tipi-avec-tapis-et-oreillers-teepee-stone\/\",\"name\":\"Tente tipi avec tapis et oreillers, Teepee Stone - Cozydots.com\",\"isPartOf\":{\"@id\":\"https:\/\/cozydots.com\/fr\/#website\"},\"primaryImageOfPage\":{\"@id\":\"https:\/\/cozydots.com\/fr\/produit\/tente-tipi-avec-tapis-et-oreillers-teepee-stone\/#primaryimage\"},\"image\":{\"@id\":\"https:\/\/cozydots.com\/fr\/produit\/tente-tipi-avec-tapis-et-oreillers-teepee-stone\/#primaryimage\"},\"thumbnailUrl\":\"https:\/\/cozydots.com\/wp-content\/uploads\/2021\/11\/pp-1274.jpg\",\"datePublished\":\"2020-10-21T19:29:59+00:00\",\"dateModified\":\"2023-02-16T13:33:21+00:00\",\"description\":\"Tente tipi en toile solide Premium, d\u00e9cor\u00e9e de pompons noirs, dans un ensemble avec deux oreillers et un tapis doux. Stabilisateur inclus.\",\"breadcrumb\":{\"@id\":\"https:\/\/cozydots.com\/fr\/produit\/tente-tipi-avec-tapis-et-oreillers-teepee-stone\/#breadcrumb\"},\"inLanguage\":\"fr-FR\",\"potentialAction\":[{\"@type\":\"ReadAction\",\"target\":[\"https:\/\/cozydots.com\/fr\/produit\/tente-tipi-avec-tapis-et-oreillers-teepee-stone\/\"]}]},{\"@type\":\"ImageObject\",\"inLanguage\":\"fr-FR\",\"@id\":\"https:\/\/cozydots.com\/fr\/produit\/tente-tipi-avec-tapis-et-oreillers-teepee-stone\/#primaryimage\",\"url\":\"https:\/\/cozydots.com\/wp-content\/uploads\/2021\/11\/pp-1274.jpg\",\"contentUrl\":\"https:\/\/cozydots.com\/wp-content\/uploads\/2021\/11\/pp-1274.jpg\",\"width\":1200,\"height\":1200},{\"@type\":\"BreadcrumbList\",\"@id\":\"https:\/\/cozydots.com\/fr\/produit\/tente-tipi-avec-tapis-et-oreillers-teepee-stone\/#breadcrumb\",\"itemListElement\":[{\"@type\":\"ListItem\",\"position\":1,\"name\":\"Strona g\u0142\u00f3wna\",\"item\":\"https:\/\/cozydots.com\/fr\/\"},{\"@type\":\"ListItem\",\"position\":2,\"name\":\"Boutique\",\"item\":\"https:\/\/cozydots.com\/fr\/boutique\/\"},{\"@type\":\"ListItem\",\"position\":3,\"name\":\"Tente tipi avec tapis et oreillers, Teepee Stone\"}]},{\"@type\":\"WebSite\",\"@id\":\"https:\/\/cozydots.com\/fr\/#website\",\"url\":\"https:\/\/cozydots.com\/fr\/\",\"name\":\"Cozydots.com\",\"description\":\"Producent namiot\u00f3w Tipi\",\"publisher\":{\"@id\":\"https:\/\/cozydots.com\/fr\/#organization\"},\"potentialAction\":[{\"@type\":\"SearchAction\",\"target\":{\"@type\":\"EntryPoint\",\"urlTemplate\":\"https:\/\/cozydots.com\/fr\/?s={search_term_string}\"},\"query-input\":{\"@type\":\"PropertyValueSpecification\",\"valueRequired\":true,\"valueName\":\"search_term_string\"}}],\"inLanguage\":\"fr-FR\"},{\"@type\":\"Organization\",\"@id\":\"https:\/\/cozydots.com\/fr\/#organization\",\"name\":\"Cozydots.com\",\"url\":\"https:\/\/cozydots.com\/fr\/\",\"logo\":{\"@type\":\"ImageObject\",\"inLanguage\":\"fr-FR\",\"@id\":\"https:\/\/cozydots.com\/fr\/#\/schema\/logo\/image\/\",\"url\":\"https:\/\/cozydots.com\/wp-content\/uploads\/2021\/10\/cozyshop_logo.png\",\"contentUrl\":\"https:\/\/cozydots.com\/wp-content\/uploads\/2021\/10\/cozyshop_logo.png\",\"width\":400,\"height\":121,\"caption\":\"Cozydots.com\"},\"image\":{\"@id\":\"https:\/\/cozydots.com\/fr\/#\/schema\/logo\/image\/\"}}]}<\/script>\n<!-- \/ Yoast SEO plugin. -->","yoast_head_json":{"title":"Tente tipi avec tapis et oreillers, Teepee Stone - Cozydots.com","description":"Tente tipi en toile solide Premium, d\u00e9cor\u00e9e de pompons noirs, dans un ensemble avec deux oreillers et un tapis doux. Stabilisateur inclus.","robots":{"index":"index","follow":"follow","max-snippet":"max-snippet:-1","max-image-preview":"max-image-preview:large","max-video-preview":"max-video-preview:-1"},"canonical":"https:\/\/cozydots.com\/fr\/produit\/tente-tipi-avec-tapis-et-oreillers-teepee-stone\/","og_locale":"fr_FR","og_type":"article","og_title":"Tente tipi avec tapis et oreillers, Teepee Stone - Cozydots.com","og_description":"Tente tipi en toile solide Premium, d\u00e9cor\u00e9e de pompons noirs, dans un ensemble avec deux oreillers et un tapis doux. Stabilisateur inclus.","og_url":"https:\/\/cozydots.com\/fr\/produit\/tente-tipi-avec-tapis-et-oreillers-teepee-stone\/","og_site_name":"Cozydots.com","article_modified_time":"2023-02-16T13:33:21+00:00","og_image":[{"width":1200,"height":1200,"url":"https:\/\/cozydots.com\/wp-content\/uploads\/2021\/11\/pp-1274.jpg","type":"image\/jpeg"}],"twitter_card":"summary_large_image","twitter_misc":{"Dur\u00e9e de lecture estim\u00e9e":"3 minutes"},"schema":{"@context":"https:\/\/schema.org","@graph":[{"@type":"WebPage","@id":"https:\/\/cozydots.com\/fr\/produit\/tente-tipi-avec-tapis-et-oreillers-teepee-stone\/","url":"https:\/\/cozydots.com\/fr\/produit\/tente-tipi-avec-tapis-et-oreillers-teepee-stone\/","name":"Tente tipi avec tapis et oreillers, Teepee Stone - Cozydots.com","isPartOf":{"@id":"https:\/\/cozydots.com\/fr\/#website"},"primaryImageOfPage":{"@id":"https:\/\/cozydots.com\/fr\/produit\/tente-tipi-avec-tapis-et-oreillers-teepee-stone\/#primaryimage"},"image":{"@id":"https:\/\/cozydots.com\/fr\/produit\/tente-tipi-avec-tapis-et-oreillers-teepee-stone\/#primaryimage"},"thumbnailUrl":"https:\/\/cozydots.com\/wp-content\/uploads\/2021\/11\/pp-1274.jpg","datePublished":"2020-10-21T19:29:59+00:00","dateModified":"2023-02-16T13:33:21+00:00","description":"Tente tipi en toile solide Premium, d\u00e9cor\u00e9e de pompons noirs, dans un ensemble avec deux oreillers et un tapis doux. Stabilisateur inclus.","breadcrumb":{"@id":"https:\/\/cozydots.com\/fr\/produit\/tente-tipi-avec-tapis-et-oreillers-teepee-stone\/#breadcrumb"},"inLanguage":"fr-FR","potentialAction":[{"@type":"ReadAction","target":["https:\/\/cozydots.com\/fr\/produit\/tente-tipi-avec-tapis-et-oreillers-teepee-stone\/"]}]},{"@type":"ImageObject","inLanguage":"fr-FR","@id":"https:\/\/cozydots.com\/fr\/produit\/tente-tipi-avec-tapis-et-oreillers-teepee-stone\/#primaryimage","url":"https:\/\/cozydots.com\/wp-content\/uploads\/2021\/11\/pp-1274.jpg","contentUrl":"https:\/\/cozydots.com\/wp-content\/uploads\/2021\/11\/pp-1274.jpg","width":1200,"height":1200},{"@type":"BreadcrumbList","@id":"https:\/\/cozydots.com\/fr\/produit\/tente-tipi-avec-tapis-et-oreillers-teepee-stone\/#breadcrumb","itemListElement":[{"@type":"ListItem","position":1,"name":"Strona g\u0142\u00f3wna","item":"https:\/\/cozydots.com\/fr\/"},{"@type":"ListItem","position":2,"name":"Boutique","item":"https:\/\/cozydots.com\/fr\/boutique\/"},{"@type":"ListItem","position":3,"name":"Tente tipi avec tapis et oreillers, Teepee Stone"}]},{"@type":"WebSite","@id":"https:\/\/cozydots.com\/fr\/#website","url":"https:\/\/cozydots.com\/fr\/","name":"Cozydots.com","description":"Producent namiot\u00f3w Tipi","publisher":{"@id":"https:\/\/cozydots.com\/fr\/#organization"},"potentialAction":[{"@type":"SearchAction","target":{"@type":"EntryPoint","urlTemplate":"https:\/\/cozydots.com\/fr\/?s={search_term_string}"},"query-input":{"@type":"PropertyValueSpecification","valueRequired":true,"valueName":"search_term_string"}}],"inLanguage":"fr-FR"},{"@type":"Organization","@id":"https:\/\/cozydots.com\/fr\/#organization","name":"Cozydots.com","url":"https:\/\/cozydots.com\/fr\/","logo":{"@type":"ImageObject","inLanguage":"fr-FR","@id":"https:\/\/cozydots.com\/fr\/#\/schema\/logo\/image\/","url":"https:\/\/cozydots.com\/wp-content\/uploads\/2021\/10\/cozyshop_logo.png","contentUrl":"https:\/\/cozydots.com\/wp-content\/uploads\/2021\/10\/cozyshop_logo.png","width":400,"height":121,"caption":"Cozydots.com"},"image":{"@id":"https:\/\/cozydots.com\/fr\/#\/schema\/logo\/image\/"}}]}},"_links":{"self":[{"href":"https:\/\/cozydots.com\/fr\/wp-json\/wp\/v2\/product\/33260","targetHints":{"allow":["GET"]}}],"collection":[{"href":"https:\/\/cozydots.com\/fr\/wp-json\/wp\/v2\/product"}],"about":[{"href":"https:\/\/cozydots.com\/fr\/wp-json\/wp\/v2\/types\/product"}],"replies":[{"embeddable":true,"href":"https:\/\/cozydots.com\/fr\/wp-json\/wp\/v2\/comments?post=33260"}],"wp:featuredmedia":[{"embeddable":true,"href":"https:\/\/cozydots.com\/fr\/wp-json\/wp\/v2\/media\/41309"}],"wp:attachment":[{"href":"https:\/\/cozydots.com\/fr\/wp-json\/wp\/v2\/media?parent=33260"}],"wp:term":[{"taxonomy":"product_brand","embeddable":true,"href":"https:\/\/cozydots.com\/fr\/wp-json\/wp\/v2\/product_brand?post=33260"},{"taxonomy":"product_cat","embeddable":true,"href":"https:\/\/cozydots.com\/fr\/wp-json\/wp\/v2\/product_cat?post=33260"},{"taxonomy":"product_tag","embeddable":true,"href":"https:\/\/cozydots.com\/fr\/wp-json\/wp\/v2\/product_tag?post=33260"}],"curies":[{"name":"wp","href":"https:\/\/api.w.org\/{rel}","templated":true}]}}