{"id":3586,"date":"2017-10-31T13:09:23","date_gmt":"2017-10-31T12:09:26","guid":{"rendered":"https:\/\/cozydots.com\/?post_type=product&#038;p=3586"},"modified":"2023-02-08T11:58:16","modified_gmt":"2023-02-08T10:58:16","slug":"ensemble-tipi-tente-pour-fille-rose-tipi-pink-7-el","status":"publish","type":"product","link":"https:\/\/cozydots.com\/fr\/produit\/ensemble-tipi-tente-pour-fille-rose-tipi-pink-7-el\/","title":{"rendered":"Ensemble tipi tente pour fille, rose tipi Pink 6 el."},"content":{"rendered":"<p><img loading=\"lazy\" decoding=\"async\" class=\"wp-image-41232 alignright\" src=\"https:\/\/cozydots.com\/wp-content\/uploads\/2021\/11\/pp-1094-400x400.jpg\" alt=\"\" width=\"650\" height=\"650\" srcset=\"https:\/\/cozydots.com\/wp-content\/uploads\/2021\/11\/pp-1094-400x400.jpg 400w, https:\/\/cozydots.com\/wp-content\/uploads\/2021\/11\/pp-1094.jpg 1200w, https:\/\/cozydots.com\/wp-content\/uploads\/2021\/11\/pp-1094-150x150.jpg 150w, https:\/\/cozydots.com\/wp-content\/uploads\/2021\/11\/pp-1094-768x768.jpg 768w, https:\/\/cozydots.com\/wp-content\/uploads\/2021\/11\/pp-1094-470x470.jpg 470w, https:\/\/cozydots.com\/wp-content\/uploads\/2021\/11\/pp-1094-800x800.jpg 800w, https:\/\/cozydots.com\/wp-content\/uploads\/2021\/11\/pp-1094-100x100.jpg 100w\" sizes=\"auto, (max-width: 650px) 100vw, 650px\" \/>Une tente pour enfants est un bon endroit pour se reposer et lire des livres.\u00a0Children&#8217;s Tipi est un \u00e9l\u00e9ment de design tendance d&#8217;une chambre d&#8217;enfant.<\/p>\n<p><strong>La tente rose est faite d&#8217;une toile solide et de coton rose.\u00a0L&#8217;entr\u00e9e du wigwam est orn\u00e9e d&#8217;un ruban rose avec des pompons. De plus, deux oreillers et un tapis chaud sont inclus dans l&#8217;ensemble.<\/strong> La tente est \u00e9quip\u00e9e d&#8217;une poche pour les jouets et d&#8217;un volet roulant \u00e0 enroulement, toutes les parties en tissu peuvent \u00eatre lav\u00e9es en machine \u00e0 laver.\u00a0La tente enfant se replie facilement et ne prend pas beaucoup de place.<\/p>\n<p>Les tipi indiens sont fabriqu\u00e9s selon la m\u00e9thode artisanale, fabriqu\u00e9s \u00e0 partir de tissus s\u00fbrs pour les enfants d&#8217;origine europ\u00e9enne et de qualit\u00e9 certifi\u00e9e. Tous les mod\u00e8les sont con\u00e7us par nos soins et nous vous garantissons un produit unique de la meilleure qualit\u00e9.<\/p>\n<h2>Le kit de tipi Pink Cozyshop comprend:<\/h2>\n<ul>\n<li>tipi de tente pour une fille<\/li>\n<li>mat, tapis doux<\/li>\n<li>deux oreillers,<\/li>\n<li>stabilizer<\/li>\n<li>4 poteaux en pin naturel (ch\u00e2ssis).<\/li>\n<\/ul>\n<p>Wigwam peut \u00e9galement \u00eatre achet\u00e9 sans tapis ni oreillers.<\/p>\n","protected":false},"excerpt":{"rendered":"<p>Une tente pour enfants est un bon endroit pour se reposer et lire des livres.<\/p>\n","protected":false},"featured_media":48944,"comment_status":"open","ping_status":"closed","template":"","meta":[],"product_brand":[],"product_cat":[469],"product_tag":[1436],"class_list":{"0":"post-3586","1":"product","2":"type-product","3":"status-publish","4":"has-post-thumbnail","6":"product_cat-tentes-tipi","7":"product_tag-pla-fr","9":"first","10":"instock","11":"taxable","12":"shipping-taxable","13":"product-type-simple"},"yoast_head":"<!-- This site is optimized with the Yoast SEO plugin v27.0 - https:\/\/yoast.com\/product\/yoast-seo-wordpress\/ -->\n<title>Ensemble tipi tente pour fille, rose tipi Pink 6 el. - Cozydots.com<\/title>\n<meta name=\"description\" content=\"Une tente pour enfants est un bon endroit pour se reposer et lire des livres.\u00a0Children&#039;s Tipi est un \u00e9l\u00e9ment de design tendance d&#039;une chambre d&#039;enfant.\" \/>\n<meta name=\"robots\" content=\"index, follow, max-snippet:-1, max-image-preview:large, max-video-preview:-1\" \/>\n<link rel=\"canonical\" href=\"https:\/\/cozydots.com\/fr\/produit\/ensemble-tipi-tente-pour-fille-rose-tipi-pink-7-el\/\" \/>\n<meta property=\"og:locale\" content=\"fr_FR\" \/>\n<meta property=\"og:type\" content=\"article\" \/>\n<meta property=\"og:title\" content=\"Ensemble tipi tente pour fille, rose tipi Pink 6 el. - Cozydots.com\" \/>\n<meta property=\"og:description\" content=\"Une tente pour enfants est un bon endroit pour se reposer et lire des livres.\u00a0Children&#039;s Tipi est un \u00e9l\u00e9ment de design tendance d&#039;une chambre d&#039;enfant.\" \/>\n<meta property=\"og:url\" content=\"https:\/\/cozydots.com\/fr\/produit\/ensemble-tipi-tente-pour-fille-rose-tipi-pink-7-el\/\" \/>\n<meta property=\"og:site_name\" content=\"Cozydots.com\" \/>\n<meta property=\"article:modified_time\" content=\"2023-02-08T10:58:16+00:00\" \/>\n<meta property=\"og:image\" content=\"https:\/\/cozydots.com\/wp-content\/uploads\/2017\/10\/kids_tipi_tent_Pink_s1.jpg\" \/>\n\t<meta property=\"og:image:width\" content=\"1200\" \/>\n\t<meta property=\"og:image:height\" content=\"1200\" \/>\n\t<meta property=\"og:image:type\" content=\"image\/jpeg\" \/>\n<meta name=\"twitter:card\" content=\"summary_large_image\" \/>\n<meta name=\"twitter:label1\" content=\"Dur\u00e9e de lecture estim\u00e9e\" \/>\n\t<meta name=\"twitter:data1\" content=\"1 minute\" \/>\n<script type=\"application\/ld+json\" class=\"yoast-schema-graph\">{\"@context\":\"https:\/\/schema.org\",\"@graph\":[{\"@type\":\"WebPage\",\"@id\":\"https:\/\/cozydots.com\/fr\/produit\/ensemble-tipi-tente-pour-fille-rose-tipi-pink-7-el\/\",\"url\":\"https:\/\/cozydots.com\/fr\/produit\/ensemble-tipi-tente-pour-fille-rose-tipi-pink-7-el\/\",\"name\":\"Ensemble tipi tente pour fille, rose tipi Pink 6 el. - Cozydots.com\",\"isPartOf\":{\"@id\":\"https:\/\/cozydots.com\/fr\/#website\"},\"primaryImageOfPage\":{\"@id\":\"https:\/\/cozydots.com\/fr\/produit\/ensemble-tipi-tente-pour-fille-rose-tipi-pink-7-el\/#primaryimage\"},\"image\":{\"@id\":\"https:\/\/cozydots.com\/fr\/produit\/ensemble-tipi-tente-pour-fille-rose-tipi-pink-7-el\/#primaryimage\"},\"thumbnailUrl\":\"https:\/\/cozydots.com\/wp-content\/uploads\/2017\/10\/kids_tipi_tent_Pink_s1.jpg\",\"datePublished\":\"2017-10-31T12:09:26+00:00\",\"dateModified\":\"2023-02-08T10:58:16+00:00\",\"description\":\"Une tente pour enfants est un bon endroit pour se reposer et lire des livres.\u00a0Children's Tipi est un \u00e9l\u00e9ment de design tendance d'une chambre d'enfant.\",\"breadcrumb\":{\"@id\":\"https:\/\/cozydots.com\/fr\/produit\/ensemble-tipi-tente-pour-fille-rose-tipi-pink-7-el\/#breadcrumb\"},\"inLanguage\":\"fr-FR\",\"potentialAction\":[{\"@type\":\"ReadAction\",\"target\":[\"https:\/\/cozydots.com\/fr\/produit\/ensemble-tipi-tente-pour-fille-rose-tipi-pink-7-el\/\"]}]},{\"@type\":\"ImageObject\",\"inLanguage\":\"fr-FR\",\"@id\":\"https:\/\/cozydots.com\/fr\/produit\/ensemble-tipi-tente-pour-fille-rose-tipi-pink-7-el\/#primaryimage\",\"url\":\"https:\/\/cozydots.com\/wp-content\/uploads\/2017\/10\/kids_tipi_tent_Pink_s1.jpg\",\"contentUrl\":\"https:\/\/cozydots.com\/wp-content\/uploads\/2017\/10\/kids_tipi_tent_Pink_s1.jpg\",\"width\":1200,\"height\":1200,\"caption\":\"pp-1094.jpg\"},{\"@type\":\"BreadcrumbList\",\"@id\":\"https:\/\/cozydots.com\/fr\/produit\/ensemble-tipi-tente-pour-fille-rose-tipi-pink-7-el\/#breadcrumb\",\"itemListElement\":[{\"@type\":\"ListItem\",\"position\":1,\"name\":\"Strona g\u0142\u00f3wna\",\"item\":\"https:\/\/cozydots.com\/fr\/\"},{\"@type\":\"ListItem\",\"position\":2,\"name\":\"Boutique\",\"item\":\"https:\/\/cozydots.com\/fr\/boutique\/\"},{\"@type\":\"ListItem\",\"position\":3,\"name\":\"Ensemble tipi tente pour fille, rose tipi Pink 6 el.\"}]},{\"@type\":\"WebSite\",\"@id\":\"https:\/\/cozydots.com\/fr\/#website\",\"url\":\"https:\/\/cozydots.com\/fr\/\",\"name\":\"Cozydots.com\",\"description\":\"Producent namiot\u00f3w Tipi\",\"publisher\":{\"@id\":\"https:\/\/cozydots.com\/fr\/#organization\"},\"potentialAction\":[{\"@type\":\"SearchAction\",\"target\":{\"@type\":\"EntryPoint\",\"urlTemplate\":\"https:\/\/cozydots.com\/fr\/?s={search_term_string}\"},\"query-input\":{\"@type\":\"PropertyValueSpecification\",\"valueRequired\":true,\"valueName\":\"search_term_string\"}}],\"inLanguage\":\"fr-FR\"},{\"@type\":\"Organization\",\"@id\":\"https:\/\/cozydots.com\/fr\/#organization\",\"name\":\"Cozydots.com\",\"url\":\"https:\/\/cozydots.com\/fr\/\",\"logo\":{\"@type\":\"ImageObject\",\"inLanguage\":\"fr-FR\",\"@id\":\"https:\/\/cozydots.com\/fr\/#\/schema\/logo\/image\/\",\"url\":\"https:\/\/cozydots.com\/wp-content\/uploads\/2021\/10\/cozyshop_logo.png\",\"contentUrl\":\"https:\/\/cozydots.com\/wp-content\/uploads\/2021\/10\/cozyshop_logo.png\",\"width\":400,\"height\":121,\"caption\":\"Cozydots.com\"},\"image\":{\"@id\":\"https:\/\/cozydots.com\/fr\/#\/schema\/logo\/image\/\"}}]}<\/script>\n<!-- \/ Yoast SEO plugin. -->","yoast_head_json":{"title":"Ensemble tipi tente pour fille, rose tipi Pink 6 el. - Cozydots.com","description":"Une tente pour enfants est un bon endroit pour se reposer et lire des livres.\u00a0Children's Tipi est un \u00e9l\u00e9ment de design tendance d'une chambre d'enfant.","robots":{"index":"index","follow":"follow","max-snippet":"max-snippet:-1","max-image-preview":"max-image-preview:large","max-video-preview":"max-video-preview:-1"},"canonical":"https:\/\/cozydots.com\/fr\/produit\/ensemble-tipi-tente-pour-fille-rose-tipi-pink-7-el\/","og_locale":"fr_FR","og_type":"article","og_title":"Ensemble tipi tente pour fille, rose tipi Pink 6 el. - Cozydots.com","og_description":"Une tente pour enfants est un bon endroit pour se reposer et lire des livres.\u00a0Children's Tipi est un \u00e9l\u00e9ment de design tendance d'une chambre d'enfant.","og_url":"https:\/\/cozydots.com\/fr\/produit\/ensemble-tipi-tente-pour-fille-rose-tipi-pink-7-el\/","og_site_name":"Cozydots.com","article_modified_time":"2023-02-08T10:58:16+00:00","og_image":[{"width":1200,"height":1200,"url":"https:\/\/cozydots.com\/wp-content\/uploads\/2017\/10\/kids_tipi_tent_Pink_s1.jpg","type":"image\/jpeg"}],"twitter_card":"summary_large_image","twitter_misc":{"Dur\u00e9e de lecture estim\u00e9e":"1 minute"},"schema":{"@context":"https:\/\/schema.org","@graph":[{"@type":"WebPage","@id":"https:\/\/cozydots.com\/fr\/produit\/ensemble-tipi-tente-pour-fille-rose-tipi-pink-7-el\/","url":"https:\/\/cozydots.com\/fr\/produit\/ensemble-tipi-tente-pour-fille-rose-tipi-pink-7-el\/","name":"Ensemble tipi tente pour fille, rose tipi Pink 6 el. - Cozydots.com","isPartOf":{"@id":"https:\/\/cozydots.com\/fr\/#website"},"primaryImageOfPage":{"@id":"https:\/\/cozydots.com\/fr\/produit\/ensemble-tipi-tente-pour-fille-rose-tipi-pink-7-el\/#primaryimage"},"image":{"@id":"https:\/\/cozydots.com\/fr\/produit\/ensemble-tipi-tente-pour-fille-rose-tipi-pink-7-el\/#primaryimage"},"thumbnailUrl":"https:\/\/cozydots.com\/wp-content\/uploads\/2017\/10\/kids_tipi_tent_Pink_s1.jpg","datePublished":"2017-10-31T12:09:26+00:00","dateModified":"2023-02-08T10:58:16+00:00","description":"Une tente pour enfants est un bon endroit pour se reposer et lire des livres.\u00a0Children's Tipi est un \u00e9l\u00e9ment de design tendance d'une chambre d'enfant.","breadcrumb":{"@id":"https:\/\/cozydots.com\/fr\/produit\/ensemble-tipi-tente-pour-fille-rose-tipi-pink-7-el\/#breadcrumb"},"inLanguage":"fr-FR","potentialAction":[{"@type":"ReadAction","target":["https:\/\/cozydots.com\/fr\/produit\/ensemble-tipi-tente-pour-fille-rose-tipi-pink-7-el\/"]}]},{"@type":"ImageObject","inLanguage":"fr-FR","@id":"https:\/\/cozydots.com\/fr\/produit\/ensemble-tipi-tente-pour-fille-rose-tipi-pink-7-el\/#primaryimage","url":"https:\/\/cozydots.com\/wp-content\/uploads\/2017\/10\/kids_tipi_tent_Pink_s1.jpg","contentUrl":"https:\/\/cozydots.com\/wp-content\/uploads\/2017\/10\/kids_tipi_tent_Pink_s1.jpg","width":1200,"height":1200,"caption":"pp-1094.jpg"},{"@type":"BreadcrumbList","@id":"https:\/\/cozydots.com\/fr\/produit\/ensemble-tipi-tente-pour-fille-rose-tipi-pink-7-el\/#breadcrumb","itemListElement":[{"@type":"ListItem","position":1,"name":"Strona g\u0142\u00f3wna","item":"https:\/\/cozydots.com\/fr\/"},{"@type":"ListItem","position":2,"name":"Boutique","item":"https:\/\/cozydots.com\/fr\/boutique\/"},{"@type":"ListItem","position":3,"name":"Ensemble tipi tente pour fille, rose tipi Pink 6 el."}]},{"@type":"WebSite","@id":"https:\/\/cozydots.com\/fr\/#website","url":"https:\/\/cozydots.com\/fr\/","name":"Cozydots.com","description":"Producent namiot\u00f3w Tipi","publisher":{"@id":"https:\/\/cozydots.com\/fr\/#organization"},"potentialAction":[{"@type":"SearchAction","target":{"@type":"EntryPoint","urlTemplate":"https:\/\/cozydots.com\/fr\/?s={search_term_string}"},"query-input":{"@type":"PropertyValueSpecification","valueRequired":true,"valueName":"search_term_string"}}],"inLanguage":"fr-FR"},{"@type":"Organization","@id":"https:\/\/cozydots.com\/fr\/#organization","name":"Cozydots.com","url":"https:\/\/cozydots.com\/fr\/","logo":{"@type":"ImageObject","inLanguage":"fr-FR","@id":"https:\/\/cozydots.com\/fr\/#\/schema\/logo\/image\/","url":"https:\/\/cozydots.com\/wp-content\/uploads\/2021\/10\/cozyshop_logo.png","contentUrl":"https:\/\/cozydots.com\/wp-content\/uploads\/2021\/10\/cozyshop_logo.png","width":400,"height":121,"caption":"Cozydots.com"},"image":{"@id":"https:\/\/cozydots.com\/fr\/#\/schema\/logo\/image\/"}}]}},"_links":{"self":[{"href":"https:\/\/cozydots.com\/fr\/wp-json\/wp\/v2\/product\/3586","targetHints":{"allow":["GET"]}}],"collection":[{"href":"https:\/\/cozydots.com\/fr\/wp-json\/wp\/v2\/product"}],"about":[{"href":"https:\/\/cozydots.com\/fr\/wp-json\/wp\/v2\/types\/product"}],"replies":[{"embeddable":true,"href":"https:\/\/cozydots.com\/fr\/wp-json\/wp\/v2\/comments?post=3586"}],"wp:featuredmedia":[{"embeddable":true,"href":"https:\/\/cozydots.com\/fr\/wp-json\/wp\/v2\/media\/48944"}],"wp:attachment":[{"href":"https:\/\/cozydots.com\/fr\/wp-json\/wp\/v2\/media?parent=3586"}],"wp:term":[{"taxonomy":"product_brand","embeddable":true,"href":"https:\/\/cozydots.com\/fr\/wp-json\/wp\/v2\/product_brand?post=3586"},{"taxonomy":"product_cat","embeddable":true,"href":"https:\/\/cozydots.com\/fr\/wp-json\/wp\/v2\/product_cat?post=3586"},{"taxonomy":"product_tag","embeddable":true,"href":"https:\/\/cozydots.com\/fr\/wp-json\/wp\/v2\/product_tag?post=3586"}],"curies":[{"name":"wp","href":"https:\/\/api.w.org\/{rel}","templated":true}]}}