{"id":38946,"date":"2021-08-03T21:02:56","date_gmt":"2021-08-03T19:02:57","guid":{"rendered":"https:\/\/cozydots.com\/?post_type=product&#038;p=38946"},"modified":"2022-02-27T12:36:36","modified_gmt":"2022-02-27T11:36:36","slug":"tente-tipi-exterieure-tipi-acier-gris-tente-impermeable-a-leau-steel-gray","status":"publish","type":"product","link":"https:\/\/cozydots.com\/fr\/produit\/tente-tipi-exterieure-tipi-acier-gris-tente-impermeable-a-leau-steel-gray\/","title":{"rendered":"Tente tipi ext\u00e9rieure, tipi acier gris tente imperm\u00e9able \u00e0 l&#8217;eau Steel Gray"},"content":{"rendered":"<h3>Tente tipi acier gris imperm\u00e9able pour jouer. Tipi de jardin de Cozyshop.<\/h3>\n<p>La tente de jardin est fabriqu\u00e9e en tissu PREMIUM imperm\u00e9able, gr\u00e2ce auquel elle n&#8217;absorbe pas l&#8217;eau et convient pour jouer dans la cour. La tente gris ext\u00e9rieure est facile \u00e0 nettoyer. La tente tipi acier gris pour enfants a quatre c\u00f4t\u00e9s et un sol r\u00e9sistant \u00e0 l&#8217;eau cousu ainsi que deux fen\u00eatres qui s&#8217;ouvrent avec un store, \u00a0drapeaux d\u00e9coratifs, tipi stabilizer.<\/p>\n<p>Le cottage tipi a un ensemble de b\u00e2tons de pin pli\u00e9s. Tous les \u00e9l\u00e9ments en tissu sont lavables en machine. Une tente pour enfants est facile \u00e0 replier et ne prend pas beaucoup de place.<\/p>\n<p>Tous les mod\u00e8les sont con\u00e7us par nos soins et nous vous garantissons l\u2019obtention d\u2019un produit unique et de la meilleure qualit\u00e9. Les tentes tipi indiennes sont cr\u00e9\u00e9es \u00e0 l&#8217;aide de m\u00e9thodes artisanales, \u00e0 partir de tissus sans danger pour les enfants d&#8217;Europe et poss\u00e9dant le certificat de qualit\u00e9.<\/p>\n<h3>L&#8217;ensemble de jardin de Cozyshop comprend:<\/h3>\n<ul>\n<li>tipi (couleurs au choix: rose clair, gris chaud)<\/li>\n<li>4 drapeaux d\u00e9coratifs<\/li>\n<li>4 b\u00e2tons en bois de pin naturel (cadre)<\/li>\n<li>tipi stabilizer<\/li>\n<\/ul>\n","protected":false},"excerpt":{"rendered":"<p>Tipi pour jouer dans la cour. Une tente en tissu imperm\u00e9able. Tipi avec poche et fen\u00eatres. L&#8217;ensemble comprend : des b\u00e2tons, des drapeaux d\u00e9coratifs et un stabilisateur.<\/p>\n","protected":false},"featured_media":41666,"comment_status":"open","ping_status":"closed","template":"","meta":[],"product_brand":[],"product_cat":[469],"product_tag":[],"class_list":{"0":"post-38946","1":"product","2":"type-product","3":"status-publish","4":"has-post-thumbnail","6":"product_cat-tentes-tipi","8":"first","9":"instock","10":"taxable","11":"shipping-taxable","12":"product-type-simple"},"yoast_head":"<!-- This site is optimized with the Yoast SEO plugin v27.0 - https:\/\/yoast.com\/product\/yoast-seo-wordpress\/ -->\n<title>Tente tipi ext\u00e9rieure, tipi acier gris tente imperm\u00e9able \u00e0 l&#039;eau Steel Gray - Cozydots.com<\/title>\n<meta name=\"description\" content=\"Tipi pour jouer dans la cour. Une tente en tissu imperm\u00e9able. Tipi avec poche et fen\u00eatres. L&#039;ensemble comprend : des b\u00e2tons, des drapeaux d\u00e9coratifs et un stabilisateur.\" \/>\n<meta name=\"robots\" content=\"index, follow, max-snippet:-1, max-image-preview:large, max-video-preview:-1\" \/>\n<link rel=\"canonical\" href=\"https:\/\/cozydots.com\/fr\/produit\/tente-tipi-exterieure-tipi-acier-gris-tente-impermeable-a-leau-steel-gray\/\" \/>\n<meta property=\"og:locale\" content=\"fr_FR\" \/>\n<meta property=\"og:type\" content=\"article\" \/>\n<meta property=\"og:title\" content=\"Tente tipi ext\u00e9rieure, tipi acier gris tente imperm\u00e9able \u00e0 l&#039;eau Steel Gray - Cozydots.com\" \/>\n<meta property=\"og:description\" content=\"Tipi pour jouer dans la cour. Une tente en tissu imperm\u00e9able. Tipi avec poche et fen\u00eatres. L&#039;ensemble comprend : des b\u00e2tons, des drapeaux d\u00e9coratifs et un stabilisateur.\" \/>\n<meta property=\"og:url\" content=\"https:\/\/cozydots.com\/fr\/produit\/tente-tipi-exterieure-tipi-acier-gris-tente-impermeable-a-leau-steel-gray\/\" \/>\n<meta property=\"og:site_name\" content=\"Cozydots.com\" \/>\n<meta property=\"article:modified_time\" content=\"2022-02-27T11:36:36+00:00\" \/>\n<meta property=\"og:image\" content=\"https:\/\/cozydots.com\/wp-content\/uploads\/2021\/11\/pp-1662.jpg\" \/>\n\t<meta property=\"og:image:width\" content=\"1200\" \/>\n\t<meta property=\"og:image:height\" content=\"1200\" \/>\n\t<meta property=\"og:image:type\" content=\"image\/jpeg\" \/>\n<meta name=\"twitter:card\" content=\"summary_large_image\" \/>\n<meta name=\"twitter:label1\" content=\"Dur\u00e9e de lecture estim\u00e9e\" \/>\n\t<meta name=\"twitter:data1\" content=\"1 minute\" \/>\n<script type=\"application\/ld+json\" class=\"yoast-schema-graph\">{\"@context\":\"https:\/\/schema.org\",\"@graph\":[{\"@type\":\"WebPage\",\"@id\":\"https:\/\/cozydots.com\/fr\/produit\/tente-tipi-exterieure-tipi-acier-gris-tente-impermeable-a-leau-steel-gray\/\",\"url\":\"https:\/\/cozydots.com\/fr\/produit\/tente-tipi-exterieure-tipi-acier-gris-tente-impermeable-a-leau-steel-gray\/\",\"name\":\"Tente tipi ext\u00e9rieure, tipi acier gris tente imperm\u00e9able \u00e0 l'eau Steel Gray - Cozydots.com\",\"isPartOf\":{\"@id\":\"https:\/\/cozydots.com\/fr\/#website\"},\"primaryImageOfPage\":{\"@id\":\"https:\/\/cozydots.com\/fr\/produit\/tente-tipi-exterieure-tipi-acier-gris-tente-impermeable-a-leau-steel-gray\/#primaryimage\"},\"image\":{\"@id\":\"https:\/\/cozydots.com\/fr\/produit\/tente-tipi-exterieure-tipi-acier-gris-tente-impermeable-a-leau-steel-gray\/#primaryimage\"},\"thumbnailUrl\":\"https:\/\/cozydots.com\/wp-content\/uploads\/2021\/11\/pp-1662.jpg\",\"datePublished\":\"2021-08-03T19:02:57+00:00\",\"dateModified\":\"2022-02-27T11:36:36+00:00\",\"description\":\"Tipi pour jouer dans la cour. Une tente en tissu imperm\u00e9able. Tipi avec poche et fen\u00eatres. L'ensemble comprend : des b\u00e2tons, des drapeaux d\u00e9coratifs et un stabilisateur.\",\"breadcrumb\":{\"@id\":\"https:\/\/cozydots.com\/fr\/produit\/tente-tipi-exterieure-tipi-acier-gris-tente-impermeable-a-leau-steel-gray\/#breadcrumb\"},\"inLanguage\":\"fr-FR\",\"potentialAction\":[{\"@type\":\"ReadAction\",\"target\":[\"https:\/\/cozydots.com\/fr\/produit\/tente-tipi-exterieure-tipi-acier-gris-tente-impermeable-a-leau-steel-gray\/\"]}]},{\"@type\":\"ImageObject\",\"inLanguage\":\"fr-FR\",\"@id\":\"https:\/\/cozydots.com\/fr\/produit\/tente-tipi-exterieure-tipi-acier-gris-tente-impermeable-a-leau-steel-gray\/#primaryimage\",\"url\":\"https:\/\/cozydots.com\/wp-content\/uploads\/2021\/11\/pp-1662.jpg\",\"contentUrl\":\"https:\/\/cozydots.com\/wp-content\/uploads\/2021\/11\/pp-1662.jpg\",\"width\":1200,\"height\":1200},{\"@type\":\"BreadcrumbList\",\"@id\":\"https:\/\/cozydots.com\/fr\/produit\/tente-tipi-exterieure-tipi-acier-gris-tente-impermeable-a-leau-steel-gray\/#breadcrumb\",\"itemListElement\":[{\"@type\":\"ListItem\",\"position\":1,\"name\":\"Strona g\u0142\u00f3wna\",\"item\":\"https:\/\/cozydots.com\/fr\/\"},{\"@type\":\"ListItem\",\"position\":2,\"name\":\"Boutique\",\"item\":\"https:\/\/cozydots.com\/fr\/boutique\/\"},{\"@type\":\"ListItem\",\"position\":3,\"name\":\"Tente tipi ext\u00e9rieure, tipi acier gris tente imperm\u00e9able \u00e0 l&#8217;eau Steel Gray\"}]},{\"@type\":\"WebSite\",\"@id\":\"https:\/\/cozydots.com\/fr\/#website\",\"url\":\"https:\/\/cozydots.com\/fr\/\",\"name\":\"Cozydots.com\",\"description\":\"Producent namiot\u00f3w Tipi\",\"publisher\":{\"@id\":\"https:\/\/cozydots.com\/fr\/#organization\"},\"potentialAction\":[{\"@type\":\"SearchAction\",\"target\":{\"@type\":\"EntryPoint\",\"urlTemplate\":\"https:\/\/cozydots.com\/fr\/?s={search_term_string}\"},\"query-input\":{\"@type\":\"PropertyValueSpecification\",\"valueRequired\":true,\"valueName\":\"search_term_string\"}}],\"inLanguage\":\"fr-FR\"},{\"@type\":\"Organization\",\"@id\":\"https:\/\/cozydots.com\/fr\/#organization\",\"name\":\"Cozydots.com\",\"url\":\"https:\/\/cozydots.com\/fr\/\",\"logo\":{\"@type\":\"ImageObject\",\"inLanguage\":\"fr-FR\",\"@id\":\"https:\/\/cozydots.com\/fr\/#\/schema\/logo\/image\/\",\"url\":\"https:\/\/cozydots.com\/wp-content\/uploads\/2021\/10\/cozyshop_logo.png\",\"contentUrl\":\"https:\/\/cozydots.com\/wp-content\/uploads\/2021\/10\/cozyshop_logo.png\",\"width\":400,\"height\":121,\"caption\":\"Cozydots.com\"},\"image\":{\"@id\":\"https:\/\/cozydots.com\/fr\/#\/schema\/logo\/image\/\"}}]}<\/script>\n<!-- \/ Yoast SEO plugin. -->","yoast_head_json":{"title":"Tente tipi ext\u00e9rieure, tipi acier gris tente imperm\u00e9able \u00e0 l'eau Steel Gray - Cozydots.com","description":"Tipi pour jouer dans la cour. Une tente en tissu imperm\u00e9able. Tipi avec poche et fen\u00eatres. L'ensemble comprend : des b\u00e2tons, des drapeaux d\u00e9coratifs et un stabilisateur.","robots":{"index":"index","follow":"follow","max-snippet":"max-snippet:-1","max-image-preview":"max-image-preview:large","max-video-preview":"max-video-preview:-1"},"canonical":"https:\/\/cozydots.com\/fr\/produit\/tente-tipi-exterieure-tipi-acier-gris-tente-impermeable-a-leau-steel-gray\/","og_locale":"fr_FR","og_type":"article","og_title":"Tente tipi ext\u00e9rieure, tipi acier gris tente imperm\u00e9able \u00e0 l'eau Steel Gray - Cozydots.com","og_description":"Tipi pour jouer dans la cour. Une tente en tissu imperm\u00e9able. Tipi avec poche et fen\u00eatres. L'ensemble comprend : des b\u00e2tons, des drapeaux d\u00e9coratifs et un stabilisateur.","og_url":"https:\/\/cozydots.com\/fr\/produit\/tente-tipi-exterieure-tipi-acier-gris-tente-impermeable-a-leau-steel-gray\/","og_site_name":"Cozydots.com","article_modified_time":"2022-02-27T11:36:36+00:00","og_image":[{"width":1200,"height":1200,"url":"https:\/\/cozydots.com\/wp-content\/uploads\/2021\/11\/pp-1662.jpg","type":"image\/jpeg"}],"twitter_card":"summary_large_image","twitter_misc":{"Dur\u00e9e de lecture estim\u00e9e":"1 minute"},"schema":{"@context":"https:\/\/schema.org","@graph":[{"@type":"WebPage","@id":"https:\/\/cozydots.com\/fr\/produit\/tente-tipi-exterieure-tipi-acier-gris-tente-impermeable-a-leau-steel-gray\/","url":"https:\/\/cozydots.com\/fr\/produit\/tente-tipi-exterieure-tipi-acier-gris-tente-impermeable-a-leau-steel-gray\/","name":"Tente tipi ext\u00e9rieure, tipi acier gris tente imperm\u00e9able \u00e0 l'eau Steel Gray - Cozydots.com","isPartOf":{"@id":"https:\/\/cozydots.com\/fr\/#website"},"primaryImageOfPage":{"@id":"https:\/\/cozydots.com\/fr\/produit\/tente-tipi-exterieure-tipi-acier-gris-tente-impermeable-a-leau-steel-gray\/#primaryimage"},"image":{"@id":"https:\/\/cozydots.com\/fr\/produit\/tente-tipi-exterieure-tipi-acier-gris-tente-impermeable-a-leau-steel-gray\/#primaryimage"},"thumbnailUrl":"https:\/\/cozydots.com\/wp-content\/uploads\/2021\/11\/pp-1662.jpg","datePublished":"2021-08-03T19:02:57+00:00","dateModified":"2022-02-27T11:36:36+00:00","description":"Tipi pour jouer dans la cour. Une tente en tissu imperm\u00e9able. Tipi avec poche et fen\u00eatres. L'ensemble comprend : des b\u00e2tons, des drapeaux d\u00e9coratifs et un stabilisateur.","breadcrumb":{"@id":"https:\/\/cozydots.com\/fr\/produit\/tente-tipi-exterieure-tipi-acier-gris-tente-impermeable-a-leau-steel-gray\/#breadcrumb"},"inLanguage":"fr-FR","potentialAction":[{"@type":"ReadAction","target":["https:\/\/cozydots.com\/fr\/produit\/tente-tipi-exterieure-tipi-acier-gris-tente-impermeable-a-leau-steel-gray\/"]}]},{"@type":"ImageObject","inLanguage":"fr-FR","@id":"https:\/\/cozydots.com\/fr\/produit\/tente-tipi-exterieure-tipi-acier-gris-tente-impermeable-a-leau-steel-gray\/#primaryimage","url":"https:\/\/cozydots.com\/wp-content\/uploads\/2021\/11\/pp-1662.jpg","contentUrl":"https:\/\/cozydots.com\/wp-content\/uploads\/2021\/11\/pp-1662.jpg","width":1200,"height":1200},{"@type":"BreadcrumbList","@id":"https:\/\/cozydots.com\/fr\/produit\/tente-tipi-exterieure-tipi-acier-gris-tente-impermeable-a-leau-steel-gray\/#breadcrumb","itemListElement":[{"@type":"ListItem","position":1,"name":"Strona g\u0142\u00f3wna","item":"https:\/\/cozydots.com\/fr\/"},{"@type":"ListItem","position":2,"name":"Boutique","item":"https:\/\/cozydots.com\/fr\/boutique\/"},{"@type":"ListItem","position":3,"name":"Tente tipi ext\u00e9rieure, tipi acier gris tente imperm\u00e9able \u00e0 l&#8217;eau Steel Gray"}]},{"@type":"WebSite","@id":"https:\/\/cozydots.com\/fr\/#website","url":"https:\/\/cozydots.com\/fr\/","name":"Cozydots.com","description":"Producent namiot\u00f3w Tipi","publisher":{"@id":"https:\/\/cozydots.com\/fr\/#organization"},"potentialAction":[{"@type":"SearchAction","target":{"@type":"EntryPoint","urlTemplate":"https:\/\/cozydots.com\/fr\/?s={search_term_string}"},"query-input":{"@type":"PropertyValueSpecification","valueRequired":true,"valueName":"search_term_string"}}],"inLanguage":"fr-FR"},{"@type":"Organization","@id":"https:\/\/cozydots.com\/fr\/#organization","name":"Cozydots.com","url":"https:\/\/cozydots.com\/fr\/","logo":{"@type":"ImageObject","inLanguage":"fr-FR","@id":"https:\/\/cozydots.com\/fr\/#\/schema\/logo\/image\/","url":"https:\/\/cozydots.com\/wp-content\/uploads\/2021\/10\/cozyshop_logo.png","contentUrl":"https:\/\/cozydots.com\/wp-content\/uploads\/2021\/10\/cozyshop_logo.png","width":400,"height":121,"caption":"Cozydots.com"},"image":{"@id":"https:\/\/cozydots.com\/fr\/#\/schema\/logo\/image\/"}}]}},"_links":{"self":[{"href":"https:\/\/cozydots.com\/fr\/wp-json\/wp\/v2\/product\/38946","targetHints":{"allow":["GET"]}}],"collection":[{"href":"https:\/\/cozydots.com\/fr\/wp-json\/wp\/v2\/product"}],"about":[{"href":"https:\/\/cozydots.com\/fr\/wp-json\/wp\/v2\/types\/product"}],"replies":[{"embeddable":true,"href":"https:\/\/cozydots.com\/fr\/wp-json\/wp\/v2\/comments?post=38946"}],"wp:featuredmedia":[{"embeddable":true,"href":"https:\/\/cozydots.com\/fr\/wp-json\/wp\/v2\/media\/41666"}],"wp:attachment":[{"href":"https:\/\/cozydots.com\/fr\/wp-json\/wp\/v2\/media?parent=38946"}],"wp:term":[{"taxonomy":"product_brand","embeddable":true,"href":"https:\/\/cozydots.com\/fr\/wp-json\/wp\/v2\/product_brand?post=38946"},{"taxonomy":"product_cat","embeddable":true,"href":"https:\/\/cozydots.com\/fr\/wp-json\/wp\/v2\/product_cat?post=38946"},{"taxonomy":"product_tag","embeddable":true,"href":"https:\/\/cozydots.com\/fr\/wp-json\/wp\/v2\/product_tag?post=38946"}],"curies":[{"name":"wp","href":"https:\/\/api.w.org\/{rel}","templated":true}]}}