{"id":41724,"date":"2021-11-09T12:20:16","date_gmt":"2021-11-09T11:28:33","guid":{"rendered":"https:\/\/cozydots.com\/?post_type=product&#038;p=41724"},"modified":"2023-02-16T15:33:53","modified_gmt":"2023-02-16T14:33:53","slug":"le-stabilisateur-tipi-teepee-tent-stabilizer","status":"publish","type":"product","link":"https:\/\/cozydots.com\/fr\/produit\/le-stabilisateur-tipi-teepee-tent-stabilizer\/","title":{"rendered":"Le stabilisateur Tipi,  Teepee tent stabilizer"},"content":{"rendered":"<h3>Le stabilisateur Tipi rend la tente stable et le cadre est rigide.<\/h3>\n<p>Gr\u00e2ce \u00e0 la bonne r\u00e9partition des piquets dans la tente, le mat\u00e9riau est toujours \u00e9tanche<\/p>\n<p><strong>Le stabilisateur garantit un jeu s\u00fbr et un bel aspect de la tente.<\/strong><\/p>\n<p>Le kit de stabilisation comprend :<\/p>\n<ul>\n<li>stabilisateur<\/li>\n<li><span style=\"color: #555555;\">instruction<\/span><\/li>\n<\/ul>\n","protected":false},"excerpt":{"rendered":"<p><strong>Le stabilisateur garantit un jeu s\u00fbr et un bel aspect de la tente.<\/strong><\/p>\n","protected":false},"featured_media":41729,"comment_status":"open","ping_status":"closed","template":"","meta":[],"product_brand":[],"product_cat":[469,468],"product_tag":[],"class_list":{"0":"post-41724","1":"product","2":"type-product","3":"status-publish","4":"has-post-thumbnail","6":"product_cat-tentes-tipi","7":"product_cat-accessoires","8":"product_shipping_class-kije-fr","10":"first","11":"instock","12":"taxable","13":"shipping-taxable","14":"product-type-simple"},"yoast_head":"<!-- This site is optimized with the Yoast SEO plugin v27.0 - https:\/\/yoast.com\/product\/yoast-seo-wordpress\/ -->\n<title>Le stabilisateur Tipi, Teepee tent stabilizer - Cozydots.com<\/title>\n<meta name=\"description\" content=\"Le stabilisateur garantit un jeu s\u00fbr et un bel aspect de la tente.\" \/>\n<meta name=\"robots\" content=\"index, follow, max-snippet:-1, max-image-preview:large, max-video-preview:-1\" \/>\n<link rel=\"canonical\" href=\"https:\/\/cozydots.com\/fr\/produit\/le-stabilisateur-tipi-teepee-tent-stabilizer\/\" \/>\n<meta property=\"og:locale\" content=\"fr_FR\" \/>\n<meta property=\"og:type\" content=\"article\" \/>\n<meta property=\"og:title\" content=\"Le stabilisateur Tipi, Teepee tent stabilizer - Cozydots.com\" \/>\n<meta property=\"og:description\" content=\"Le stabilisateur garantit un jeu s\u00fbr et un bel aspect de la tente.\" \/>\n<meta property=\"og:url\" content=\"https:\/\/cozydots.com\/fr\/produit\/le-stabilisateur-tipi-teepee-tent-stabilizer\/\" \/>\n<meta property=\"og:site_name\" content=\"Cozydots.com\" \/>\n<meta property=\"article:modified_time\" content=\"2023-02-16T14:33:53+00:00\" \/>\n<meta property=\"og:image\" content=\"https:\/\/cozydots.com\/wp-content\/uploads\/2021\/11\/stabilizator-1.png\" \/>\n\t<meta property=\"og:image:width\" content=\"1000\" \/>\n\t<meta property=\"og:image:height\" content=\"998\" \/>\n\t<meta property=\"og:image:type\" content=\"image\/png\" \/>\n<meta name=\"twitter:card\" content=\"summary_large_image\" \/>\n<meta name=\"twitter:label1\" content=\"Dur\u00e9e de lecture estim\u00e9e\" \/>\n\t<meta name=\"twitter:data1\" content=\"1 minute\" \/>\n<script type=\"application\/ld+json\" class=\"yoast-schema-graph\">{\"@context\":\"https:\/\/schema.org\",\"@graph\":[{\"@type\":\"WebPage\",\"@id\":\"https:\/\/cozydots.com\/fr\/produit\/le-stabilisateur-tipi-teepee-tent-stabilizer\/\",\"url\":\"https:\/\/cozydots.com\/fr\/produit\/le-stabilisateur-tipi-teepee-tent-stabilizer\/\",\"name\":\"Le stabilisateur Tipi, Teepee tent stabilizer - Cozydots.com\",\"isPartOf\":{\"@id\":\"https:\/\/cozydots.com\/fr\/#website\"},\"primaryImageOfPage\":{\"@id\":\"https:\/\/cozydots.com\/fr\/produit\/le-stabilisateur-tipi-teepee-tent-stabilizer\/#primaryimage\"},\"image\":{\"@id\":\"https:\/\/cozydots.com\/fr\/produit\/le-stabilisateur-tipi-teepee-tent-stabilizer\/#primaryimage\"},\"thumbnailUrl\":\"https:\/\/cozydots.com\/wp-content\/uploads\/2021\/11\/stabilizator-1.png\",\"datePublished\":\"2021-11-09T11:28:33+00:00\",\"dateModified\":\"2023-02-16T14:33:53+00:00\",\"description\":\"Le stabilisateur garantit un jeu s\u00fbr et un bel aspect de la tente.\",\"breadcrumb\":{\"@id\":\"https:\/\/cozydots.com\/fr\/produit\/le-stabilisateur-tipi-teepee-tent-stabilizer\/#breadcrumb\"},\"inLanguage\":\"fr-FR\",\"potentialAction\":[{\"@type\":\"ReadAction\",\"target\":[\"https:\/\/cozydots.com\/fr\/produit\/le-stabilisateur-tipi-teepee-tent-stabilizer\/\"]}]},{\"@type\":\"ImageObject\",\"inLanguage\":\"fr-FR\",\"@id\":\"https:\/\/cozydots.com\/fr\/produit\/le-stabilisateur-tipi-teepee-tent-stabilizer\/#primaryimage\",\"url\":\"https:\/\/cozydots.com\/wp-content\/uploads\/2021\/11\/stabilizator-1.png\",\"contentUrl\":\"https:\/\/cozydots.com\/wp-content\/uploads\/2021\/11\/stabilizator-1.png\",\"width\":1000,\"height\":998},{\"@type\":\"BreadcrumbList\",\"@id\":\"https:\/\/cozydots.com\/fr\/produit\/le-stabilisateur-tipi-teepee-tent-stabilizer\/#breadcrumb\",\"itemListElement\":[{\"@type\":\"ListItem\",\"position\":1,\"name\":\"Strona g\u0142\u00f3wna\",\"item\":\"https:\/\/cozydots.com\/fr\/\"},{\"@type\":\"ListItem\",\"position\":2,\"name\":\"Boutique\",\"item\":\"https:\/\/cozydots.com\/fr\/boutique\/\"},{\"@type\":\"ListItem\",\"position\":3,\"name\":\"Le stabilisateur Tipi, Teepee tent stabilizer\"}]},{\"@type\":\"WebSite\",\"@id\":\"https:\/\/cozydots.com\/fr\/#website\",\"url\":\"https:\/\/cozydots.com\/fr\/\",\"name\":\"Cozydots.com\",\"description\":\"Producent namiot\u00f3w Tipi\",\"publisher\":{\"@id\":\"https:\/\/cozydots.com\/fr\/#organization\"},\"potentialAction\":[{\"@type\":\"SearchAction\",\"target\":{\"@type\":\"EntryPoint\",\"urlTemplate\":\"https:\/\/cozydots.com\/fr\/?s={search_term_string}\"},\"query-input\":{\"@type\":\"PropertyValueSpecification\",\"valueRequired\":true,\"valueName\":\"search_term_string\"}}],\"inLanguage\":\"fr-FR\"},{\"@type\":\"Organization\",\"@id\":\"https:\/\/cozydots.com\/fr\/#organization\",\"name\":\"Cozydots.com\",\"url\":\"https:\/\/cozydots.com\/fr\/\",\"logo\":{\"@type\":\"ImageObject\",\"inLanguage\":\"fr-FR\",\"@id\":\"https:\/\/cozydots.com\/fr\/#\/schema\/logo\/image\/\",\"url\":\"https:\/\/cozydots.com\/wp-content\/uploads\/2021\/10\/cozyshop_logo.png\",\"contentUrl\":\"https:\/\/cozydots.com\/wp-content\/uploads\/2021\/10\/cozyshop_logo.png\",\"width\":400,\"height\":121,\"caption\":\"Cozydots.com\"},\"image\":{\"@id\":\"https:\/\/cozydots.com\/fr\/#\/schema\/logo\/image\/\"}}]}<\/script>\n<!-- \/ Yoast SEO plugin. -->","yoast_head_json":{"title":"Le stabilisateur Tipi, Teepee tent stabilizer - Cozydots.com","description":"Le stabilisateur garantit un jeu s\u00fbr et un bel aspect de la tente.","robots":{"index":"index","follow":"follow","max-snippet":"max-snippet:-1","max-image-preview":"max-image-preview:large","max-video-preview":"max-video-preview:-1"},"canonical":"https:\/\/cozydots.com\/fr\/produit\/le-stabilisateur-tipi-teepee-tent-stabilizer\/","og_locale":"fr_FR","og_type":"article","og_title":"Le stabilisateur Tipi, Teepee tent stabilizer - Cozydots.com","og_description":"Le stabilisateur garantit un jeu s\u00fbr et un bel aspect de la tente.","og_url":"https:\/\/cozydots.com\/fr\/produit\/le-stabilisateur-tipi-teepee-tent-stabilizer\/","og_site_name":"Cozydots.com","article_modified_time":"2023-02-16T14:33:53+00:00","og_image":[{"width":1000,"height":998,"url":"https:\/\/cozydots.com\/wp-content\/uploads\/2021\/11\/stabilizator-1.png","type":"image\/png"}],"twitter_card":"summary_large_image","twitter_misc":{"Dur\u00e9e de lecture estim\u00e9e":"1 minute"},"schema":{"@context":"https:\/\/schema.org","@graph":[{"@type":"WebPage","@id":"https:\/\/cozydots.com\/fr\/produit\/le-stabilisateur-tipi-teepee-tent-stabilizer\/","url":"https:\/\/cozydots.com\/fr\/produit\/le-stabilisateur-tipi-teepee-tent-stabilizer\/","name":"Le stabilisateur Tipi, Teepee tent stabilizer - Cozydots.com","isPartOf":{"@id":"https:\/\/cozydots.com\/fr\/#website"},"primaryImageOfPage":{"@id":"https:\/\/cozydots.com\/fr\/produit\/le-stabilisateur-tipi-teepee-tent-stabilizer\/#primaryimage"},"image":{"@id":"https:\/\/cozydots.com\/fr\/produit\/le-stabilisateur-tipi-teepee-tent-stabilizer\/#primaryimage"},"thumbnailUrl":"https:\/\/cozydots.com\/wp-content\/uploads\/2021\/11\/stabilizator-1.png","datePublished":"2021-11-09T11:28:33+00:00","dateModified":"2023-02-16T14:33:53+00:00","description":"Le stabilisateur garantit un jeu s\u00fbr et un bel aspect de la tente.","breadcrumb":{"@id":"https:\/\/cozydots.com\/fr\/produit\/le-stabilisateur-tipi-teepee-tent-stabilizer\/#breadcrumb"},"inLanguage":"fr-FR","potentialAction":[{"@type":"ReadAction","target":["https:\/\/cozydots.com\/fr\/produit\/le-stabilisateur-tipi-teepee-tent-stabilizer\/"]}]},{"@type":"ImageObject","inLanguage":"fr-FR","@id":"https:\/\/cozydots.com\/fr\/produit\/le-stabilisateur-tipi-teepee-tent-stabilizer\/#primaryimage","url":"https:\/\/cozydots.com\/wp-content\/uploads\/2021\/11\/stabilizator-1.png","contentUrl":"https:\/\/cozydots.com\/wp-content\/uploads\/2021\/11\/stabilizator-1.png","width":1000,"height":998},{"@type":"BreadcrumbList","@id":"https:\/\/cozydots.com\/fr\/produit\/le-stabilisateur-tipi-teepee-tent-stabilizer\/#breadcrumb","itemListElement":[{"@type":"ListItem","position":1,"name":"Strona g\u0142\u00f3wna","item":"https:\/\/cozydots.com\/fr\/"},{"@type":"ListItem","position":2,"name":"Boutique","item":"https:\/\/cozydots.com\/fr\/boutique\/"},{"@type":"ListItem","position":3,"name":"Le stabilisateur Tipi, Teepee tent stabilizer"}]},{"@type":"WebSite","@id":"https:\/\/cozydots.com\/fr\/#website","url":"https:\/\/cozydots.com\/fr\/","name":"Cozydots.com","description":"Producent namiot\u00f3w Tipi","publisher":{"@id":"https:\/\/cozydots.com\/fr\/#organization"},"potentialAction":[{"@type":"SearchAction","target":{"@type":"EntryPoint","urlTemplate":"https:\/\/cozydots.com\/fr\/?s={search_term_string}"},"query-input":{"@type":"PropertyValueSpecification","valueRequired":true,"valueName":"search_term_string"}}],"inLanguage":"fr-FR"},{"@type":"Organization","@id":"https:\/\/cozydots.com\/fr\/#organization","name":"Cozydots.com","url":"https:\/\/cozydots.com\/fr\/","logo":{"@type":"ImageObject","inLanguage":"fr-FR","@id":"https:\/\/cozydots.com\/fr\/#\/schema\/logo\/image\/","url":"https:\/\/cozydots.com\/wp-content\/uploads\/2021\/10\/cozyshop_logo.png","contentUrl":"https:\/\/cozydots.com\/wp-content\/uploads\/2021\/10\/cozyshop_logo.png","width":400,"height":121,"caption":"Cozydots.com"},"image":{"@id":"https:\/\/cozydots.com\/fr\/#\/schema\/logo\/image\/"}}]}},"_links":{"self":[{"href":"https:\/\/cozydots.com\/fr\/wp-json\/wp\/v2\/product\/41724","targetHints":{"allow":["GET"]}}],"collection":[{"href":"https:\/\/cozydots.com\/fr\/wp-json\/wp\/v2\/product"}],"about":[{"href":"https:\/\/cozydots.com\/fr\/wp-json\/wp\/v2\/types\/product"}],"replies":[{"embeddable":true,"href":"https:\/\/cozydots.com\/fr\/wp-json\/wp\/v2\/comments?post=41724"}],"wp:featuredmedia":[{"embeddable":true,"href":"https:\/\/cozydots.com\/fr\/wp-json\/wp\/v2\/media\/41729"}],"wp:attachment":[{"href":"https:\/\/cozydots.com\/fr\/wp-json\/wp\/v2\/media?parent=41724"}],"wp:term":[{"taxonomy":"product_brand","embeddable":true,"href":"https:\/\/cozydots.com\/fr\/wp-json\/wp\/v2\/product_brand?post=41724"},{"taxonomy":"product_cat","embeddable":true,"href":"https:\/\/cozydots.com\/fr\/wp-json\/wp\/v2\/product_cat?post=41724"},{"taxonomy":"product_tag","embeddable":true,"href":"https:\/\/cozydots.com\/fr\/wp-json\/wp\/v2\/product_tag?post=41724"}],"curies":[{"name":"wp","href":"https:\/\/api.w.org\/{rel}","templated":true}]}}