{"id":42751,"date":"2022-01-05T12:02:22","date_gmt":"2022-01-05T12:04:07","guid":{"rendered":"https:\/\/cozydots.com\/?post_type=product&#038;p=42751"},"modified":"2022-01-05T13:04:07","modified_gmt":"2022-01-05T12:04:07","slug":"pouf-macaron-honey-oreiller-biscuit-velvet","status":"publish","type":"product","link":"https:\/\/cozydots.com\/fr\/produit\/pouf-macaron-honey-oreiller-biscuit-velvet\/","title":{"rendered":"Pouf Macaron Honey, Oreiller Biscuit Velvet"},"content":{"rendered":"<p><strong>Coussin Candy \u2013 pouf en forme de macaron, dimensions 65\u00d730 cm.<\/strong><\/p>\n<p>Un pouf Macaron d\u00e9coratif pour enfant est un d\u00e9licieux si\u00e8ge en forme de biscuit fran\u00e7ais avec un rembourrage.<\/p>\n<p>Dans la collection Candy Shop, vous trouverez diff\u00e9rentes couleurs et tailles de poufs, ainsi que des tentes tipis, des guirlandes, des tapis et des oreillers.<\/p>\n<p>Le pouf est rempli de mousse antiallergique.<\/p>\n<p>L\u2019oreiller Macaron a une fermeture \u00e9clair, ce qui le rend facile \u00e0 laver.<\/p>\n<p>Dimensions : environ 65\u00d730 cm (+\/- 2,5 cm)<\/p>\n<p>Tissu : Velours velours \u2013  Annexe 4, classe de produit I, CE<\/p>\n<p>M\u00e9thode de soins :<\/p>\n<ul>\n<li>Ne pas repasser<\/li>\n<li>Lavable en machine \u00e0 40 degr\u00e9s, essorage \u2013 800 tours<\/li>\n<li>Ne pas nettoyer \u00e0 sec<\/li>\n<li>Ne pas javelliser<\/li>\n<\/ul>\n<p>Con\u00e7u et cousu en Pologne par Cozy&amp;Dozy<\/p>\n","protected":false},"excerpt":{"rendered":"<p>Coussin Candy \u2013 pouf en forme de macaron, dimensions 65\u00d730 cm. Un pouf Macaron d\u00e9coratif pour enfant est un d\u00e9licieux si\u00e8ge en forme de biscuit fran\u00e7ais avec un rembourrage. Dans la collection Candy Shop, vous trouverez diff\u00e9rentes couleurs et tailles de poufs, ainsi que des tentes tipis, des guirlandes, des tapis et des oreillers. Le [&#8230;]\n","protected":false},"featured_media":42743,"comment_status":"open","ping_status":"closed","template":"","meta":[],"product_brand":[],"product_cat":[470],"product_tag":[],"class_list":{"0":"post-42751","1":"product","2":"type-product","3":"status-publish","4":"has-post-thumbnail","6":"product_cat-coussins-et-poufs","8":"first","9":"instock","10":"sale","11":"taxable","12":"shipping-taxable","13":"product-type-simple"},"yoast_head":"<!-- This site is optimized with the Yoast SEO plugin v27.0 - https:\/\/yoast.com\/product\/yoast-seo-wordpress\/ -->\n<title>Pouf Macaron Honey, Oreiller Biscuit Velvet - Cozydots.com<\/title>\n<meta name=\"description\" content=\"Un pouf Macaron d\u00e9coratif pour enfant est un d\u00e9licieux si\u00e8ge en forme de biscuit fran\u00e7ais avec un rembourrage.\" \/>\n<meta name=\"robots\" content=\"index, follow, max-snippet:-1, max-image-preview:large, max-video-preview:-1\" \/>\n<link rel=\"canonical\" href=\"https:\/\/cozydots.com\/fr\/produit\/pouf-macaron-honey-oreiller-biscuit-velvet\/\" \/>\n<meta property=\"og:locale\" content=\"fr_FR\" \/>\n<meta property=\"og:type\" content=\"article\" \/>\n<meta property=\"og:title\" content=\"Pouf Macaron Honey, Oreiller Biscuit Velvet - Cozydots.com\" \/>\n<meta property=\"og:description\" content=\"Un pouf Macaron d\u00e9coratif pour enfant est un d\u00e9licieux si\u00e8ge en forme de biscuit fran\u00e7ais avec un rembourrage.\" \/>\n<meta property=\"og:url\" content=\"https:\/\/cozydots.com\/fr\/produit\/pouf-macaron-honey-oreiller-biscuit-velvet\/\" \/>\n<meta property=\"og:site_name\" content=\"Cozydots.com\" \/>\n<meta property=\"og:image\" content=\"https:\/\/cozydots.com\/wp-content\/uploads\/2022\/01\/pufa-macaron.jpg\" \/>\n\t<meta property=\"og:image:width\" content=\"1200\" \/>\n\t<meta property=\"og:image:height\" content=\"1200\" \/>\n\t<meta property=\"og:image:type\" content=\"image\/jpeg\" \/>\n<meta name=\"twitter:card\" content=\"summary_large_image\" \/>\n<meta name=\"twitter:label1\" content=\"Dur\u00e9e de lecture estim\u00e9e\" \/>\n\t<meta name=\"twitter:data1\" content=\"1 minute\" \/>\n<script type=\"application\/ld+json\" class=\"yoast-schema-graph\">{\"@context\":\"https:\/\/schema.org\",\"@graph\":[{\"@type\":\"WebPage\",\"@id\":\"https:\/\/cozydots.com\/fr\/produit\/pouf-macaron-honey-oreiller-biscuit-velvet\/\",\"url\":\"https:\/\/cozydots.com\/fr\/produit\/pouf-macaron-honey-oreiller-biscuit-velvet\/\",\"name\":\"Pouf Macaron Honey, Oreiller Biscuit Velvet - Cozydots.com\",\"isPartOf\":{\"@id\":\"https:\/\/cozydots.com\/fr\/#website\"},\"primaryImageOfPage\":{\"@id\":\"https:\/\/cozydots.com\/fr\/produit\/pouf-macaron-honey-oreiller-biscuit-velvet\/#primaryimage\"},\"image\":{\"@id\":\"https:\/\/cozydots.com\/fr\/produit\/pouf-macaron-honey-oreiller-biscuit-velvet\/#primaryimage\"},\"thumbnailUrl\":\"https:\/\/cozydots.com\/wp-content\/uploads\/2022\/01\/pufa-macaron.jpg\",\"datePublished\":\"2022-01-05T12:04:07+00:00\",\"description\":\"Un pouf Macaron d\u00e9coratif pour enfant est un d\u00e9licieux si\u00e8ge en forme de biscuit fran\u00e7ais avec un rembourrage.\",\"breadcrumb\":{\"@id\":\"https:\/\/cozydots.com\/fr\/produit\/pouf-macaron-honey-oreiller-biscuit-velvet\/#breadcrumb\"},\"inLanguage\":\"fr-FR\",\"potentialAction\":[{\"@type\":\"ReadAction\",\"target\":[\"https:\/\/cozydots.com\/fr\/produit\/pouf-macaron-honey-oreiller-biscuit-velvet\/\"]}]},{\"@type\":\"ImageObject\",\"inLanguage\":\"fr-FR\",\"@id\":\"https:\/\/cozydots.com\/fr\/produit\/pouf-macaron-honey-oreiller-biscuit-velvet\/#primaryimage\",\"url\":\"https:\/\/cozydots.com\/wp-content\/uploads\/2022\/01\/pufa-macaron.jpg\",\"contentUrl\":\"https:\/\/cozydots.com\/wp-content\/uploads\/2022\/01\/pufa-macaron.jpg\",\"width\":1200,\"height\":1200},{\"@type\":\"BreadcrumbList\",\"@id\":\"https:\/\/cozydots.com\/fr\/produit\/pouf-macaron-honey-oreiller-biscuit-velvet\/#breadcrumb\",\"itemListElement\":[{\"@type\":\"ListItem\",\"position\":1,\"name\":\"Strona g\u0142\u00f3wna\",\"item\":\"https:\/\/cozydots.com\/fr\/\"},{\"@type\":\"ListItem\",\"position\":2,\"name\":\"Boutique\",\"item\":\"https:\/\/cozydots.com\/fr\/boutique\/\"},{\"@type\":\"ListItem\",\"position\":3,\"name\":\"Pouf Macaron Honey, Oreiller Biscuit Velvet\"}]},{\"@type\":\"WebSite\",\"@id\":\"https:\/\/cozydots.com\/fr\/#website\",\"url\":\"https:\/\/cozydots.com\/fr\/\",\"name\":\"Cozydots.com\",\"description\":\"Producent namiot\u00f3w Tipi\",\"publisher\":{\"@id\":\"https:\/\/cozydots.com\/fr\/#organization\"},\"potentialAction\":[{\"@type\":\"SearchAction\",\"target\":{\"@type\":\"EntryPoint\",\"urlTemplate\":\"https:\/\/cozydots.com\/fr\/?s={search_term_string}\"},\"query-input\":{\"@type\":\"PropertyValueSpecification\",\"valueRequired\":true,\"valueName\":\"search_term_string\"}}],\"inLanguage\":\"fr-FR\"},{\"@type\":\"Organization\",\"@id\":\"https:\/\/cozydots.com\/fr\/#organization\",\"name\":\"Cozydots.com\",\"url\":\"https:\/\/cozydots.com\/fr\/\",\"logo\":{\"@type\":\"ImageObject\",\"inLanguage\":\"fr-FR\",\"@id\":\"https:\/\/cozydots.com\/fr\/#\/schema\/logo\/image\/\",\"url\":\"https:\/\/cozydots.com\/wp-content\/uploads\/2021\/10\/cozyshop_logo.png\",\"contentUrl\":\"https:\/\/cozydots.com\/wp-content\/uploads\/2021\/10\/cozyshop_logo.png\",\"width\":400,\"height\":121,\"caption\":\"Cozydots.com\"},\"image\":{\"@id\":\"https:\/\/cozydots.com\/fr\/#\/schema\/logo\/image\/\"}}]}<\/script>\n<!-- \/ Yoast SEO plugin. -->","yoast_head_json":{"title":"Pouf Macaron Honey, Oreiller Biscuit Velvet - Cozydots.com","description":"Un pouf Macaron d\u00e9coratif pour enfant est un d\u00e9licieux si\u00e8ge en forme de biscuit fran\u00e7ais avec un rembourrage.","robots":{"index":"index","follow":"follow","max-snippet":"max-snippet:-1","max-image-preview":"max-image-preview:large","max-video-preview":"max-video-preview:-1"},"canonical":"https:\/\/cozydots.com\/fr\/produit\/pouf-macaron-honey-oreiller-biscuit-velvet\/","og_locale":"fr_FR","og_type":"article","og_title":"Pouf Macaron Honey, Oreiller Biscuit Velvet - Cozydots.com","og_description":"Un pouf Macaron d\u00e9coratif pour enfant est un d\u00e9licieux si\u00e8ge en forme de biscuit fran\u00e7ais avec un rembourrage.","og_url":"https:\/\/cozydots.com\/fr\/produit\/pouf-macaron-honey-oreiller-biscuit-velvet\/","og_site_name":"Cozydots.com","og_image":[{"width":1200,"height":1200,"url":"https:\/\/cozydots.com\/wp-content\/uploads\/2022\/01\/pufa-macaron.jpg","type":"image\/jpeg"}],"twitter_card":"summary_large_image","twitter_misc":{"Dur\u00e9e de lecture estim\u00e9e":"1 minute"},"schema":{"@context":"https:\/\/schema.org","@graph":[{"@type":"WebPage","@id":"https:\/\/cozydots.com\/fr\/produit\/pouf-macaron-honey-oreiller-biscuit-velvet\/","url":"https:\/\/cozydots.com\/fr\/produit\/pouf-macaron-honey-oreiller-biscuit-velvet\/","name":"Pouf Macaron Honey, Oreiller Biscuit Velvet - Cozydots.com","isPartOf":{"@id":"https:\/\/cozydots.com\/fr\/#website"},"primaryImageOfPage":{"@id":"https:\/\/cozydots.com\/fr\/produit\/pouf-macaron-honey-oreiller-biscuit-velvet\/#primaryimage"},"image":{"@id":"https:\/\/cozydots.com\/fr\/produit\/pouf-macaron-honey-oreiller-biscuit-velvet\/#primaryimage"},"thumbnailUrl":"https:\/\/cozydots.com\/wp-content\/uploads\/2022\/01\/pufa-macaron.jpg","datePublished":"2022-01-05T12:04:07+00:00","description":"Un pouf Macaron d\u00e9coratif pour enfant est un d\u00e9licieux si\u00e8ge en forme de biscuit fran\u00e7ais avec un rembourrage.","breadcrumb":{"@id":"https:\/\/cozydots.com\/fr\/produit\/pouf-macaron-honey-oreiller-biscuit-velvet\/#breadcrumb"},"inLanguage":"fr-FR","potentialAction":[{"@type":"ReadAction","target":["https:\/\/cozydots.com\/fr\/produit\/pouf-macaron-honey-oreiller-biscuit-velvet\/"]}]},{"@type":"ImageObject","inLanguage":"fr-FR","@id":"https:\/\/cozydots.com\/fr\/produit\/pouf-macaron-honey-oreiller-biscuit-velvet\/#primaryimage","url":"https:\/\/cozydots.com\/wp-content\/uploads\/2022\/01\/pufa-macaron.jpg","contentUrl":"https:\/\/cozydots.com\/wp-content\/uploads\/2022\/01\/pufa-macaron.jpg","width":1200,"height":1200},{"@type":"BreadcrumbList","@id":"https:\/\/cozydots.com\/fr\/produit\/pouf-macaron-honey-oreiller-biscuit-velvet\/#breadcrumb","itemListElement":[{"@type":"ListItem","position":1,"name":"Strona g\u0142\u00f3wna","item":"https:\/\/cozydots.com\/fr\/"},{"@type":"ListItem","position":2,"name":"Boutique","item":"https:\/\/cozydots.com\/fr\/boutique\/"},{"@type":"ListItem","position":3,"name":"Pouf Macaron Honey, Oreiller Biscuit Velvet"}]},{"@type":"WebSite","@id":"https:\/\/cozydots.com\/fr\/#website","url":"https:\/\/cozydots.com\/fr\/","name":"Cozydots.com","description":"Producent namiot\u00f3w Tipi","publisher":{"@id":"https:\/\/cozydots.com\/fr\/#organization"},"potentialAction":[{"@type":"SearchAction","target":{"@type":"EntryPoint","urlTemplate":"https:\/\/cozydots.com\/fr\/?s={search_term_string}"},"query-input":{"@type":"PropertyValueSpecification","valueRequired":true,"valueName":"search_term_string"}}],"inLanguage":"fr-FR"},{"@type":"Organization","@id":"https:\/\/cozydots.com\/fr\/#organization","name":"Cozydots.com","url":"https:\/\/cozydots.com\/fr\/","logo":{"@type":"ImageObject","inLanguage":"fr-FR","@id":"https:\/\/cozydots.com\/fr\/#\/schema\/logo\/image\/","url":"https:\/\/cozydots.com\/wp-content\/uploads\/2021\/10\/cozyshop_logo.png","contentUrl":"https:\/\/cozydots.com\/wp-content\/uploads\/2021\/10\/cozyshop_logo.png","width":400,"height":121,"caption":"Cozydots.com"},"image":{"@id":"https:\/\/cozydots.com\/fr\/#\/schema\/logo\/image\/"}}]}},"_links":{"self":[{"href":"https:\/\/cozydots.com\/fr\/wp-json\/wp\/v2\/product\/42751","targetHints":{"allow":["GET"]}}],"collection":[{"href":"https:\/\/cozydots.com\/fr\/wp-json\/wp\/v2\/product"}],"about":[{"href":"https:\/\/cozydots.com\/fr\/wp-json\/wp\/v2\/types\/product"}],"replies":[{"embeddable":true,"href":"https:\/\/cozydots.com\/fr\/wp-json\/wp\/v2\/comments?post=42751"}],"wp:featuredmedia":[{"embeddable":true,"href":"https:\/\/cozydots.com\/fr\/wp-json\/wp\/v2\/media\/42743"}],"wp:attachment":[{"href":"https:\/\/cozydots.com\/fr\/wp-json\/wp\/v2\/media?parent=42751"}],"wp:term":[{"taxonomy":"product_brand","embeddable":true,"href":"https:\/\/cozydots.com\/fr\/wp-json\/wp\/v2\/product_brand?post=42751"},{"taxonomy":"product_cat","embeddable":true,"href":"https:\/\/cozydots.com\/fr\/wp-json\/wp\/v2\/product_cat?post=42751"},{"taxonomy":"product_tag","embeddable":true,"href":"https:\/\/cozydots.com\/fr\/wp-json\/wp\/v2\/product_tag?post=42751"}],"curies":[{"name":"wp","href":"https:\/\/api.w.org\/{rel}","templated":true}]}}