{"id":42994,"date":"2022-01-11T10:07:50","date_gmt":"2022-01-11T09:11:53","guid":{"rendered":"https:\/\/cozydots.com\/?post_type=product&#038;p=42994"},"modified":"2022-02-27T12:36:36","modified_gmt":"2022-02-27T11:36:36","slug":"oreiller-ballon-rose","status":"publish","type":"product","link":"https:\/\/cozydots.com\/fr\/produit\/oreiller-ballon-rose\/","title":{"rendered":"Oreiller ballon rose"},"content":{"rendered":"<p><strong>The Cozy &amp; Dozy ballon pillow will intrigue not only children<\/strong><\/p>\n<p><strong>There are never too many pillows at home<\/strong>\u00a0\u2013 you don\u2019t need to convince anyone for this slogan, right? Beautiful and pleasant to the touch pillows create a cozy and warm atmosphere in any, even the most austere, interior. However, the most important thing for us is that no child will despise a nap on a soft and comfortable pillow. What\u2019s more, for our children, who have a lot of different adventures from an early age, a good nap is worth its weight in gold.<\/p>\n<p><strong>Children also like to use the Ballon pillow while they are playing.<\/strong>\u00a0The\u00a0<strong>unusual shape of the pillow stimulates their imagination and sometimes turns the balloon into a teddy bear\u2019s<\/strong>\u00a0lollipop or a hot water bottle. The rare shape of the Balloon pillow attracts the attention of not only children but also adults. Sometimes we even hear that parents steal our pillows from their children and decorate their living room with them. \ud83d\ude09<\/p>\n<p>Our pillows gain the recognition of even the greatest critics, because they were made with the greatest care and attention to every detail. In addition,<strong>\u00a0they are made of the highest quality material \u2013 100% cotton \u2013 which ensures a beautiful and effective look of the pillow for a very long time.<\/strong>\u00a0This material is also , CE certified, which means that it is safe to use and does not contain any harmful substances. So you can safely give our pillows to children with even the most sensitive skin.<\/p>\n<p>Cozy &amp; Dozy pillows are exceptional and unique products. They have been designed by us, refined down to the smallest detail and sewn by our experienced seamstresses. Thanks to this, you can be sure that you get the highest quality product, really carefully made. It is very important to us for one specific reason.\u00a0<strong>Our experience shows that children learn best from the good example that their parents set for them<\/strong>.\u00a0<strong>When your child receives a beautiful, high-quality product, they will be able to learn color combinations and a sense of aesthetics from an early age.<\/strong>\u00a0<strong>They will also know that it is worth investing in good quality products, as they stay with us for longer.<\/strong><\/p>\n<p>&nbsp;<\/p>\n<p>Dimension:<\/p>\n<ul>\n<li>50 x 35 cm<\/li>\n<\/ul>\n<p>Composition:<\/p>\n<ul>\n<li>100% cotton ( certificate, CE)<\/li>\n<li>pillow filling \u2013 silicone ball, antiallergic. Additionally, the silicone wool sewn inside prevents clumping of the filling.<\/li>\n<\/ul>\n<p>Washing:<\/p>\n<ul>\n<li>Machine washable at 40 degrees,<\/li>\n<li>spin \u2013 800 revolutions,<\/li>\n<li>do not dry clean, do not bleach,<\/li>\n<li>After washing, shake it to arrange the pour,<\/li>\n<li>dry on a flat surface<\/li>\n<\/ul>\n<p>&nbsp;<\/p>\n<p>&nbsp;<\/p>\n","protected":false},"excerpt":{"rendered":"<p>Vous souvenez-vous de cette douleur d\u2019enfance lorsque votre ballon a \u00e9clat\u00e9 quelques heures apr\u00e8s l\u2019achat et n\u2019\u00e9tait apte qu\u2019\u00e0 \u00eatre jet\u00e9 ? Heureusement, avec le ballon Cozy &amp; Dozy, cette situation ne menace pas votre enfant. L\u2019oreiller est aussi efficace qu\u2019un vrai ballon, mais il ne s\u2019ab\u00eeme pas si facilement, il restera donc avec vous pendant de nombreuses ann\u00e9es. On sait d\u00e9j\u00e0 quel cadeau on va choisir, et vous ?<\/p>\n","protected":false},"featured_media":42981,"comment_status":"open","ping_status":"closed","template":"","meta":[],"product_brand":[],"product_cat":[470],"product_tag":[],"class_list":{"0":"post-42994","1":"product","2":"type-product","3":"status-publish","4":"has-post-thumbnail","6":"product_cat-coussins-et-poufs","8":"first","9":"instock","10":"taxable","11":"shipping-taxable","12":"product-type-simple"},"yoast_head":"<!-- This site is optimized with the Yoast SEO plugin v27.0 - https:\/\/yoast.com\/product\/yoast-seo-wordpress\/ -->\n<title>Oreiller ballon rose - Cozydots.com<\/title>\n<meta name=\"description\" content=\"Vous souvenez-vous de cette douleur d\u2019enfance lorsque votre ballon a \u00e9clat\u00e9 quelques heures apr\u00e8s l\u2019achat et n\u2019\u00e9tait apte qu\u2019\u00e0 \u00eatre jet\u00e9 ? Heureusement, avec le ballon Cozy &amp; Dozy, cette situation ne menace pas votre enfant. L\u2019oreiller est aussi efficace qu\u2019un vrai ballon, mais il ne s\u2019ab\u00eeme pas si facilement, il restera donc avec vous pendant de nombreuses ann\u00e9es. On sait d\u00e9j\u00e0 quel cadeau on va choisir, et vous ?\" \/>\n<meta name=\"robots\" content=\"index, follow, max-snippet:-1, max-image-preview:large, max-video-preview:-1\" \/>\n<link rel=\"canonical\" href=\"https:\/\/cozydots.com\/fr\/produit\/oreiller-ballon-rose\/\" \/>\n<meta property=\"og:locale\" content=\"fr_FR\" \/>\n<meta property=\"og:type\" content=\"article\" \/>\n<meta property=\"og:title\" content=\"Oreiller ballon rose - Cozydots.com\" \/>\n<meta property=\"og:description\" content=\"Vous souvenez-vous de cette douleur d\u2019enfance lorsque votre ballon a \u00e9clat\u00e9 quelques heures apr\u00e8s l\u2019achat et n\u2019\u00e9tait apte qu\u2019\u00e0 \u00eatre jet\u00e9 ? Heureusement, avec le ballon Cozy &amp; Dozy, cette situation ne menace pas votre enfant. L\u2019oreiller est aussi efficace qu\u2019un vrai ballon, mais il ne s\u2019ab\u00eeme pas si facilement, il restera donc avec vous pendant de nombreuses ann\u00e9es. On sait d\u00e9j\u00e0 quel cadeau on va choisir, et vous ?\" \/>\n<meta property=\"og:url\" content=\"https:\/\/cozydots.com\/fr\/produit\/oreiller-ballon-rose\/\" \/>\n<meta property=\"og:site_name\" content=\"Cozydots.com\" \/>\n<meta property=\"article:modified_time\" content=\"2022-02-27T11:36:36+00:00\" \/>\n<meta property=\"og:image\" content=\"https:\/\/cozydots.com\/wp-content\/uploads\/2022\/01\/poduszka_balloon.jpg\" \/>\n\t<meta property=\"og:image:width\" content=\"1200\" \/>\n\t<meta property=\"og:image:height\" content=\"1200\" \/>\n\t<meta property=\"og:image:type\" content=\"image\/jpeg\" \/>\n<meta name=\"twitter:card\" content=\"summary_large_image\" \/>\n<meta name=\"twitter:label1\" content=\"Dur\u00e9e de lecture estim\u00e9e\" \/>\n\t<meta name=\"twitter:data1\" content=\"3 minutes\" \/>\n<script type=\"application\/ld+json\" class=\"yoast-schema-graph\">{\"@context\":\"https:\/\/schema.org\",\"@graph\":[{\"@type\":\"WebPage\",\"@id\":\"https:\/\/cozydots.com\/fr\/produit\/oreiller-ballon-rose\/\",\"url\":\"https:\/\/cozydots.com\/fr\/produit\/oreiller-ballon-rose\/\",\"name\":\"Oreiller ballon rose - Cozydots.com\",\"isPartOf\":{\"@id\":\"https:\/\/cozydots.com\/fr\/#website\"},\"primaryImageOfPage\":{\"@id\":\"https:\/\/cozydots.com\/fr\/produit\/oreiller-ballon-rose\/#primaryimage\"},\"image\":{\"@id\":\"https:\/\/cozydots.com\/fr\/produit\/oreiller-ballon-rose\/#primaryimage\"},\"thumbnailUrl\":\"https:\/\/cozydots.com\/wp-content\/uploads\/2022\/01\/poduszka_balloon.jpg\",\"datePublished\":\"2022-01-11T09:11:53+00:00\",\"dateModified\":\"2022-02-27T11:36:36+00:00\",\"description\":\"Vous souvenez-vous de cette douleur d\u2019enfance lorsque votre ballon a \u00e9clat\u00e9 quelques heures apr\u00e8s l\u2019achat et n\u2019\u00e9tait apte qu\u2019\u00e0 \u00eatre jet\u00e9 ? Heureusement, avec le ballon Cozy & Dozy, cette situation ne menace pas votre enfant. L\u2019oreiller est aussi efficace qu\u2019un vrai ballon, mais il ne s\u2019ab\u00eeme pas si facilement, il restera donc avec vous pendant de nombreuses ann\u00e9es. On sait d\u00e9j\u00e0 quel cadeau on va choisir, et vous ?\",\"breadcrumb\":{\"@id\":\"https:\/\/cozydots.com\/fr\/produit\/oreiller-ballon-rose\/#breadcrumb\"},\"inLanguage\":\"fr-FR\",\"potentialAction\":[{\"@type\":\"ReadAction\",\"target\":[\"https:\/\/cozydots.com\/fr\/produit\/oreiller-ballon-rose\/\"]}]},{\"@type\":\"ImageObject\",\"inLanguage\":\"fr-FR\",\"@id\":\"https:\/\/cozydots.com\/fr\/produit\/oreiller-ballon-rose\/#primaryimage\",\"url\":\"https:\/\/cozydots.com\/wp-content\/uploads\/2022\/01\/poduszka_balloon.jpg\",\"contentUrl\":\"https:\/\/cozydots.com\/wp-content\/uploads\/2022\/01\/poduszka_balloon.jpg\",\"width\":1200,\"height\":1200},{\"@type\":\"BreadcrumbList\",\"@id\":\"https:\/\/cozydots.com\/fr\/produit\/oreiller-ballon-rose\/#breadcrumb\",\"itemListElement\":[{\"@type\":\"ListItem\",\"position\":1,\"name\":\"Strona g\u0142\u00f3wna\",\"item\":\"https:\/\/cozydots.com\/fr\/\"},{\"@type\":\"ListItem\",\"position\":2,\"name\":\"Boutique\",\"item\":\"https:\/\/cozydots.com\/fr\/boutique\/\"},{\"@type\":\"ListItem\",\"position\":3,\"name\":\"Oreiller ballon rose\"}]},{\"@type\":\"WebSite\",\"@id\":\"https:\/\/cozydots.com\/fr\/#website\",\"url\":\"https:\/\/cozydots.com\/fr\/\",\"name\":\"Cozydots.com\",\"description\":\"Producent namiot\u00f3w Tipi\",\"publisher\":{\"@id\":\"https:\/\/cozydots.com\/fr\/#organization\"},\"potentialAction\":[{\"@type\":\"SearchAction\",\"target\":{\"@type\":\"EntryPoint\",\"urlTemplate\":\"https:\/\/cozydots.com\/fr\/?s={search_term_string}\"},\"query-input\":{\"@type\":\"PropertyValueSpecification\",\"valueRequired\":true,\"valueName\":\"search_term_string\"}}],\"inLanguage\":\"fr-FR\"},{\"@type\":\"Organization\",\"@id\":\"https:\/\/cozydots.com\/fr\/#organization\",\"name\":\"Cozydots.com\",\"url\":\"https:\/\/cozydots.com\/fr\/\",\"logo\":{\"@type\":\"ImageObject\",\"inLanguage\":\"fr-FR\",\"@id\":\"https:\/\/cozydots.com\/fr\/#\/schema\/logo\/image\/\",\"url\":\"https:\/\/cozydots.com\/wp-content\/uploads\/2021\/10\/cozyshop_logo.png\",\"contentUrl\":\"https:\/\/cozydots.com\/wp-content\/uploads\/2021\/10\/cozyshop_logo.png\",\"width\":400,\"height\":121,\"caption\":\"Cozydots.com\"},\"image\":{\"@id\":\"https:\/\/cozydots.com\/fr\/#\/schema\/logo\/image\/\"}}]}<\/script>\n<!-- \/ Yoast SEO plugin. -->","yoast_head_json":{"title":"Oreiller ballon rose - Cozydots.com","description":"Vous souvenez-vous de cette douleur d\u2019enfance lorsque votre ballon a \u00e9clat\u00e9 quelques heures apr\u00e8s l\u2019achat et n\u2019\u00e9tait apte qu\u2019\u00e0 \u00eatre jet\u00e9 ? Heureusement, avec le ballon Cozy & Dozy, cette situation ne menace pas votre enfant. L\u2019oreiller est aussi efficace qu\u2019un vrai ballon, mais il ne s\u2019ab\u00eeme pas si facilement, il restera donc avec vous pendant de nombreuses ann\u00e9es. On sait d\u00e9j\u00e0 quel cadeau on va choisir, et vous ?","robots":{"index":"index","follow":"follow","max-snippet":"max-snippet:-1","max-image-preview":"max-image-preview:large","max-video-preview":"max-video-preview:-1"},"canonical":"https:\/\/cozydots.com\/fr\/produit\/oreiller-ballon-rose\/","og_locale":"fr_FR","og_type":"article","og_title":"Oreiller ballon rose - Cozydots.com","og_description":"Vous souvenez-vous de cette douleur d\u2019enfance lorsque votre ballon a \u00e9clat\u00e9 quelques heures apr\u00e8s l\u2019achat et n\u2019\u00e9tait apte qu\u2019\u00e0 \u00eatre jet\u00e9 ? Heureusement, avec le ballon Cozy & Dozy, cette situation ne menace pas votre enfant. L\u2019oreiller est aussi efficace qu\u2019un vrai ballon, mais il ne s\u2019ab\u00eeme pas si facilement, il restera donc avec vous pendant de nombreuses ann\u00e9es. On sait d\u00e9j\u00e0 quel cadeau on va choisir, et vous ?","og_url":"https:\/\/cozydots.com\/fr\/produit\/oreiller-ballon-rose\/","og_site_name":"Cozydots.com","article_modified_time":"2022-02-27T11:36:36+00:00","og_image":[{"width":1200,"height":1200,"url":"https:\/\/cozydots.com\/wp-content\/uploads\/2022\/01\/poduszka_balloon.jpg","type":"image\/jpeg"}],"twitter_card":"summary_large_image","twitter_misc":{"Dur\u00e9e de lecture estim\u00e9e":"3 minutes"},"schema":{"@context":"https:\/\/schema.org","@graph":[{"@type":"WebPage","@id":"https:\/\/cozydots.com\/fr\/produit\/oreiller-ballon-rose\/","url":"https:\/\/cozydots.com\/fr\/produit\/oreiller-ballon-rose\/","name":"Oreiller ballon rose - Cozydots.com","isPartOf":{"@id":"https:\/\/cozydots.com\/fr\/#website"},"primaryImageOfPage":{"@id":"https:\/\/cozydots.com\/fr\/produit\/oreiller-ballon-rose\/#primaryimage"},"image":{"@id":"https:\/\/cozydots.com\/fr\/produit\/oreiller-ballon-rose\/#primaryimage"},"thumbnailUrl":"https:\/\/cozydots.com\/wp-content\/uploads\/2022\/01\/poduszka_balloon.jpg","datePublished":"2022-01-11T09:11:53+00:00","dateModified":"2022-02-27T11:36:36+00:00","description":"Vous souvenez-vous de cette douleur d\u2019enfance lorsque votre ballon a \u00e9clat\u00e9 quelques heures apr\u00e8s l\u2019achat et n\u2019\u00e9tait apte qu\u2019\u00e0 \u00eatre jet\u00e9 ? Heureusement, avec le ballon Cozy & Dozy, cette situation ne menace pas votre enfant. L\u2019oreiller est aussi efficace qu\u2019un vrai ballon, mais il ne s\u2019ab\u00eeme pas si facilement, il restera donc avec vous pendant de nombreuses ann\u00e9es. On sait d\u00e9j\u00e0 quel cadeau on va choisir, et vous ?","breadcrumb":{"@id":"https:\/\/cozydots.com\/fr\/produit\/oreiller-ballon-rose\/#breadcrumb"},"inLanguage":"fr-FR","potentialAction":[{"@type":"ReadAction","target":["https:\/\/cozydots.com\/fr\/produit\/oreiller-ballon-rose\/"]}]},{"@type":"ImageObject","inLanguage":"fr-FR","@id":"https:\/\/cozydots.com\/fr\/produit\/oreiller-ballon-rose\/#primaryimage","url":"https:\/\/cozydots.com\/wp-content\/uploads\/2022\/01\/poduszka_balloon.jpg","contentUrl":"https:\/\/cozydots.com\/wp-content\/uploads\/2022\/01\/poduszka_balloon.jpg","width":1200,"height":1200},{"@type":"BreadcrumbList","@id":"https:\/\/cozydots.com\/fr\/produit\/oreiller-ballon-rose\/#breadcrumb","itemListElement":[{"@type":"ListItem","position":1,"name":"Strona g\u0142\u00f3wna","item":"https:\/\/cozydots.com\/fr\/"},{"@type":"ListItem","position":2,"name":"Boutique","item":"https:\/\/cozydots.com\/fr\/boutique\/"},{"@type":"ListItem","position":3,"name":"Oreiller ballon rose"}]},{"@type":"WebSite","@id":"https:\/\/cozydots.com\/fr\/#website","url":"https:\/\/cozydots.com\/fr\/","name":"Cozydots.com","description":"Producent namiot\u00f3w Tipi","publisher":{"@id":"https:\/\/cozydots.com\/fr\/#organization"},"potentialAction":[{"@type":"SearchAction","target":{"@type":"EntryPoint","urlTemplate":"https:\/\/cozydots.com\/fr\/?s={search_term_string}"},"query-input":{"@type":"PropertyValueSpecification","valueRequired":true,"valueName":"search_term_string"}}],"inLanguage":"fr-FR"},{"@type":"Organization","@id":"https:\/\/cozydots.com\/fr\/#organization","name":"Cozydots.com","url":"https:\/\/cozydots.com\/fr\/","logo":{"@type":"ImageObject","inLanguage":"fr-FR","@id":"https:\/\/cozydots.com\/fr\/#\/schema\/logo\/image\/","url":"https:\/\/cozydots.com\/wp-content\/uploads\/2021\/10\/cozyshop_logo.png","contentUrl":"https:\/\/cozydots.com\/wp-content\/uploads\/2021\/10\/cozyshop_logo.png","width":400,"height":121,"caption":"Cozydots.com"},"image":{"@id":"https:\/\/cozydots.com\/fr\/#\/schema\/logo\/image\/"}}]}},"_links":{"self":[{"href":"https:\/\/cozydots.com\/fr\/wp-json\/wp\/v2\/product\/42994","targetHints":{"allow":["GET"]}}],"collection":[{"href":"https:\/\/cozydots.com\/fr\/wp-json\/wp\/v2\/product"}],"about":[{"href":"https:\/\/cozydots.com\/fr\/wp-json\/wp\/v2\/types\/product"}],"replies":[{"embeddable":true,"href":"https:\/\/cozydots.com\/fr\/wp-json\/wp\/v2\/comments?post=42994"}],"wp:featuredmedia":[{"embeddable":true,"href":"https:\/\/cozydots.com\/fr\/wp-json\/wp\/v2\/media\/42981"}],"wp:attachment":[{"href":"https:\/\/cozydots.com\/fr\/wp-json\/wp\/v2\/media?parent=42994"}],"wp:term":[{"taxonomy":"product_brand","embeddable":true,"href":"https:\/\/cozydots.com\/fr\/wp-json\/wp\/v2\/product_brand?post=42994"},{"taxonomy":"product_cat","embeddable":true,"href":"https:\/\/cozydots.com\/fr\/wp-json\/wp\/v2\/product_cat?post=42994"},{"taxonomy":"product_tag","embeddable":true,"href":"https:\/\/cozydots.com\/fr\/wp-json\/wp\/v2\/product_tag?post=42994"}],"curies":[{"name":"wp","href":"https:\/\/api.w.org\/{rel}","templated":true}]}}