{"id":47205,"date":"2022-01-13T11:26:33","date_gmt":"2022-01-13T10:48:31","guid":{"rendered":"https:\/\/cozydots.com\/?post_type=product&#038;p=47205"},"modified":"2022-02-27T12:36:35","modified_gmt":"2022-02-27T11:36:35","slug":"guirlande-rose-candy-pink","status":"publish","type":"product","link":"https:\/\/cozydots.com\/fr\/produit\/guirlande-rose-candy-pink\/","title":{"rendered":"Guirlande Rose Candy Pink"},"content":{"rendered":"<p style=\"text-align: center\"><strong>Gr\u00e2ce \u00e0 Cosy &amp; Dozy, la magie s&#8217;installe chez vous<\/strong><\/p>\n<p>Nous associons le cirque \u00e0 un lieu o\u00f9 il n&#8217;y a pas de limites et o\u00f9 tout est possible. Et aussi avec des personnes pour qui la foi en leurs capacit\u00e9s et leur travail assidu sont les plus importants. <strong>Nous essayons \u00e9galement d&#8217;enseigner ces valeurs \u00e0 nos enfants, c&#8217;est pourquoi nous avons cr\u00e9\u00e9 la collection Candy &#8211; c&#8217;est pour rappeler aux enfants que le monde leur est ouvert.<\/strong><\/p>\n<p>Lorsqu&#8217;un enfant voit la guirlande rose bonbon bicolore, il pense imm\u00e9diatement \u00e0 une belle ar\u00e8ne de cirque color\u00e9e. La salle commence \u00e0 prendre des couleurs, et son imagination lui donne des sc\u00e8nes d&#8217;acrobaties de cirque \u00e9tonnantes ou de tours de magie. Par cons\u00e9quent, nous sommes s\u00fbrs que la guirlande peut \u00eatre un point de d\u00e9part pour les id\u00e9es des enfants pour s&#8217;amuser et passer du temps libre. Gr\u00e2ce \u00e0 lui, les enfants peuvent plonger dans le monde de la fantaisie et des possibilit\u00e9s illimit\u00e9es pendant de longues heures.<\/p>\n<p><strong>La guirlande Rose Bonbon sera parfaite en d\u00e9coration pour une chambre d&#8217;enfant, une salle de jeux, un anniversaire ou une s\u00e9ance photo. Il ajoutera un caract\u00e8re magique \u00e0 l&#8217;int\u00e9rieur et soulignera la force de l&#8217;originalit\u00e9.<\/strong><\/p>\n<p>De plus, la guirlande a \u00e9t\u00e9 r\u00e9alis\u00e9e dans notre atelier du d\u00e9but \u00e0 la fin. Par cons\u00e9quent, nous pouvons garantir que votre enfant recevra un cadeau unique et irrempla\u00e7able. Le nouvel ornement attirera s\u00fbrement son attention et sera un plaisir. Les enfants aiment aussi montrer des cadeaux \u00e0 leurs amis, et notre guirlande suscitera s\u00fbrement leur int\u00e9r\u00eat.<\/p>\n<p>Votre enfant aime un monde de cirque de conte de f\u00e9es ?<\/p>\n<p>Alors, nous vous invitons \u00e0 vous familiariser avec la tente tipi de la collection Candy. Gr\u00e2ce \u00e0 lui, vous cr\u00e9erez une aire de jeux color\u00e9e et s\u00e9curis\u00e9e pour votre enfant, o\u00f9 il passera s\u00fbrement de longues heures.<\/p>\n<p><strong>De plus, nous voulons que chacun trouve le produit parfait dans notre magasin, c&#8217;est pourquoi vous trouverez notre collection Candy en trois autres couleurs &#8211; rouge, vert et gris.<\/strong><\/p>\n<p>&nbsp;<\/p>\n<p>Dimensions:<\/p>\n<ul>\n<li>Longueur : fil de coton &#8211; 160 cm<\/li>\n<li><span style=\"color: #555555\">La taille du fanion : 14 x 11 cm<\/span><\/li>\n<\/ul>\n<p>Composition:<\/p>\n<ul>\n<li>D\u00e9coration : 100% (certificat , CE)<\/li>\n<li><span style=\"color: #555555\">Corde : 100 % coton<\/span><\/li>\n<\/ul>\n<p>La lessive:<\/p>\n<ul>\n<li>Les d\u00e9corations peuvent \u00eatre lav\u00e9es \u00e0 40 degr\u00e9s,<\/li>\n<li><span style=\"color: #555555\">Spin &#8211; 800 tours,<\/span><\/li>\n<li><span style=\"color: #555555\">Ne pas nettoyer \u00e0 sec, ne pas blanchir<\/span><\/li>\n<li><span style=\"color: #555555\">S\u00e9cher sur une surface plane.<\/span><\/li>\n<\/ul>\n","protected":false},"excerpt":{"rendered":"<p>De plus en plus souvent on voit de belles guirlandes dans les chambres d&#8217;enfants et cela ne nous \u00e9tonne pas du tout ! Les guirlandes sont des d\u00e9corations d\u00e9licates qui ressemblent \u00e0 une cerise sur un g\u00e2teau &#8211; elles cr\u00e9ent une atmosph\u00e8re magique \u00e0 l&#8217;int\u00e9rieur. Et gr\u00e2ce \u00e0 la guirlande Candy Pink, votre enfant se sentira comme la star du cirque.<\/p>\n","protected":false},"featured_media":47192,"comment_status":"open","ping_status":"closed","template":"","meta":[],"product_brand":[],"product_cat":[468],"product_tag":[],"class_list":{"0":"post-47205","1":"product","2":"type-product","3":"status-publish","4":"has-post-thumbnail","6":"product_cat-accessoires","7":"product_shipping_class-kije-fr","9":"first","10":"instock","11":"taxable","12":"shipping-taxable","13":"product-type-simple"},"yoast_head":"<!-- This site is optimized with the Yoast SEO plugin v27.0 - https:\/\/yoast.com\/product\/yoast-seo-wordpress\/ -->\n<title>Guirlande Rose Candy Pink - Cozydots.com<\/title>\n<meta name=\"description\" content=\"De plus en plus souvent on voit de belles guirlandes dans les chambres d&#039;enfants et cela ne nous \u00e9tonne pas du tout ! Les guirlandes sont des d\u00e9corations d\u00e9licates qui ressemblent \u00e0 une cerise sur un g\u00e2teau - elles cr\u00e9ent une atmosph\u00e8re magique \u00e0 l&#039;int\u00e9rieur. Et gr\u00e2ce \u00e0 la guirlande Candy Pink, votre enfant se sentira comme la star du cirque.\" \/>\n<meta name=\"robots\" content=\"index, follow, max-snippet:-1, max-image-preview:large, max-video-preview:-1\" \/>\n<link rel=\"canonical\" href=\"https:\/\/cozydots.com\/fr\/produit\/guirlande-rose-candy-pink\/\" \/>\n<meta property=\"og:locale\" content=\"fr_FR\" \/>\n<meta property=\"og:type\" content=\"article\" \/>\n<meta property=\"og:title\" content=\"Guirlande Rose Candy Pink - Cozydots.com\" \/>\n<meta property=\"og:description\" content=\"De plus en plus souvent on voit de belles guirlandes dans les chambres d&#039;enfants et cela ne nous \u00e9tonne pas du tout ! Les guirlandes sont des d\u00e9corations d\u00e9licates qui ressemblent \u00e0 une cerise sur un g\u00e2teau - elles cr\u00e9ent une atmosph\u00e8re magique \u00e0 l&#039;int\u00e9rieur. Et gr\u00e2ce \u00e0 la guirlande Candy Pink, votre enfant se sentira comme la star du cirque.\" \/>\n<meta property=\"og:url\" content=\"https:\/\/cozydots.com\/fr\/produit\/guirlande-rose-candy-pink\/\" \/>\n<meta property=\"og:site_name\" content=\"Cozydots.com\" \/>\n<meta property=\"article:modified_time\" content=\"2022-02-27T11:36:35+00:00\" \/>\n<meta property=\"og:image\" content=\"https:\/\/cozydots.com\/wp-content\/uploads\/2022\/01\/girlanda_candy_pink.jpg\" \/>\n\t<meta property=\"og:image:width\" content=\"1200\" \/>\n\t<meta property=\"og:image:height\" content=\"1200\" \/>\n\t<meta property=\"og:image:type\" content=\"image\/jpeg\" \/>\n<meta name=\"twitter:card\" content=\"summary_large_image\" \/>\n<meta name=\"twitter:label1\" content=\"Dur\u00e9e de lecture estim\u00e9e\" \/>\n\t<meta name=\"twitter:data1\" content=\"3 minutes\" \/>\n<script type=\"application\/ld+json\" class=\"yoast-schema-graph\">{\"@context\":\"https:\/\/schema.org\",\"@graph\":[{\"@type\":\"WebPage\",\"@id\":\"https:\/\/cozydots.com\/fr\/produit\/guirlande-rose-candy-pink\/\",\"url\":\"https:\/\/cozydots.com\/fr\/produit\/guirlande-rose-candy-pink\/\",\"name\":\"Guirlande Rose Candy Pink - Cozydots.com\",\"isPartOf\":{\"@id\":\"https:\/\/cozydots.com\/fr\/#website\"},\"primaryImageOfPage\":{\"@id\":\"https:\/\/cozydots.com\/fr\/produit\/guirlande-rose-candy-pink\/#primaryimage\"},\"image\":{\"@id\":\"https:\/\/cozydots.com\/fr\/produit\/guirlande-rose-candy-pink\/#primaryimage\"},\"thumbnailUrl\":\"https:\/\/cozydots.com\/wp-content\/uploads\/2022\/01\/girlanda_candy_pink.jpg\",\"datePublished\":\"2022-01-13T10:48:31+00:00\",\"dateModified\":\"2022-02-27T11:36:35+00:00\",\"description\":\"De plus en plus souvent on voit de belles guirlandes dans les chambres d'enfants et cela ne nous \u00e9tonne pas du tout ! Les guirlandes sont des d\u00e9corations d\u00e9licates qui ressemblent \u00e0 une cerise sur un g\u00e2teau - elles cr\u00e9ent une atmosph\u00e8re magique \u00e0 l'int\u00e9rieur. Et gr\u00e2ce \u00e0 la guirlande Candy Pink, votre enfant se sentira comme la star du cirque.\",\"breadcrumb\":{\"@id\":\"https:\/\/cozydots.com\/fr\/produit\/guirlande-rose-candy-pink\/#breadcrumb\"},\"inLanguage\":\"fr-FR\",\"potentialAction\":[{\"@type\":\"ReadAction\",\"target\":[\"https:\/\/cozydots.com\/fr\/produit\/guirlande-rose-candy-pink\/\"]}]},{\"@type\":\"ImageObject\",\"inLanguage\":\"fr-FR\",\"@id\":\"https:\/\/cozydots.com\/fr\/produit\/guirlande-rose-candy-pink\/#primaryimage\",\"url\":\"https:\/\/cozydots.com\/wp-content\/uploads\/2022\/01\/girlanda_candy_pink.jpg\",\"contentUrl\":\"https:\/\/cozydots.com\/wp-content\/uploads\/2022\/01\/girlanda_candy_pink.jpg\",\"width\":1200,\"height\":1200},{\"@type\":\"BreadcrumbList\",\"@id\":\"https:\/\/cozydots.com\/fr\/produit\/guirlande-rose-candy-pink\/#breadcrumb\",\"itemListElement\":[{\"@type\":\"ListItem\",\"position\":1,\"name\":\"Strona g\u0142\u00f3wna\",\"item\":\"https:\/\/cozydots.com\/fr\/\"},{\"@type\":\"ListItem\",\"position\":2,\"name\":\"Boutique\",\"item\":\"https:\/\/cozydots.com\/fr\/boutique\/\"},{\"@type\":\"ListItem\",\"position\":3,\"name\":\"Guirlande Rose Candy Pink\"}]},{\"@type\":\"WebSite\",\"@id\":\"https:\/\/cozydots.com\/fr\/#website\",\"url\":\"https:\/\/cozydots.com\/fr\/\",\"name\":\"Cozydots.com\",\"description\":\"Producent namiot\u00f3w Tipi\",\"publisher\":{\"@id\":\"https:\/\/cozydots.com\/fr\/#organization\"},\"potentialAction\":[{\"@type\":\"SearchAction\",\"target\":{\"@type\":\"EntryPoint\",\"urlTemplate\":\"https:\/\/cozydots.com\/fr\/?s={search_term_string}\"},\"query-input\":{\"@type\":\"PropertyValueSpecification\",\"valueRequired\":true,\"valueName\":\"search_term_string\"}}],\"inLanguage\":\"fr-FR\"},{\"@type\":\"Organization\",\"@id\":\"https:\/\/cozydots.com\/fr\/#organization\",\"name\":\"Cozydots.com\",\"url\":\"https:\/\/cozydots.com\/fr\/\",\"logo\":{\"@type\":\"ImageObject\",\"inLanguage\":\"fr-FR\",\"@id\":\"https:\/\/cozydots.com\/fr\/#\/schema\/logo\/image\/\",\"url\":\"https:\/\/cozydots.com\/wp-content\/uploads\/2021\/10\/cozyshop_logo.png\",\"contentUrl\":\"https:\/\/cozydots.com\/wp-content\/uploads\/2021\/10\/cozyshop_logo.png\",\"width\":400,\"height\":121,\"caption\":\"Cozydots.com\"},\"image\":{\"@id\":\"https:\/\/cozydots.com\/fr\/#\/schema\/logo\/image\/\"}}]}<\/script>\n<!-- \/ Yoast SEO plugin. -->","yoast_head_json":{"title":"Guirlande Rose Candy Pink - Cozydots.com","description":"De plus en plus souvent on voit de belles guirlandes dans les chambres d'enfants et cela ne nous \u00e9tonne pas du tout ! Les guirlandes sont des d\u00e9corations d\u00e9licates qui ressemblent \u00e0 une cerise sur un g\u00e2teau - elles cr\u00e9ent une atmosph\u00e8re magique \u00e0 l'int\u00e9rieur. Et gr\u00e2ce \u00e0 la guirlande Candy Pink, votre enfant se sentira comme la star du cirque.","robots":{"index":"index","follow":"follow","max-snippet":"max-snippet:-1","max-image-preview":"max-image-preview:large","max-video-preview":"max-video-preview:-1"},"canonical":"https:\/\/cozydots.com\/fr\/produit\/guirlande-rose-candy-pink\/","og_locale":"fr_FR","og_type":"article","og_title":"Guirlande Rose Candy Pink - Cozydots.com","og_description":"De plus en plus souvent on voit de belles guirlandes dans les chambres d'enfants et cela ne nous \u00e9tonne pas du tout ! Les guirlandes sont des d\u00e9corations d\u00e9licates qui ressemblent \u00e0 une cerise sur un g\u00e2teau - elles cr\u00e9ent une atmosph\u00e8re magique \u00e0 l'int\u00e9rieur. Et gr\u00e2ce \u00e0 la guirlande Candy Pink, votre enfant se sentira comme la star du cirque.","og_url":"https:\/\/cozydots.com\/fr\/produit\/guirlande-rose-candy-pink\/","og_site_name":"Cozydots.com","article_modified_time":"2022-02-27T11:36:35+00:00","og_image":[{"width":1200,"height":1200,"url":"https:\/\/cozydots.com\/wp-content\/uploads\/2022\/01\/girlanda_candy_pink.jpg","type":"image\/jpeg"}],"twitter_card":"summary_large_image","twitter_misc":{"Dur\u00e9e de lecture estim\u00e9e":"3 minutes"},"schema":{"@context":"https:\/\/schema.org","@graph":[{"@type":"WebPage","@id":"https:\/\/cozydots.com\/fr\/produit\/guirlande-rose-candy-pink\/","url":"https:\/\/cozydots.com\/fr\/produit\/guirlande-rose-candy-pink\/","name":"Guirlande Rose Candy Pink - Cozydots.com","isPartOf":{"@id":"https:\/\/cozydots.com\/fr\/#website"},"primaryImageOfPage":{"@id":"https:\/\/cozydots.com\/fr\/produit\/guirlande-rose-candy-pink\/#primaryimage"},"image":{"@id":"https:\/\/cozydots.com\/fr\/produit\/guirlande-rose-candy-pink\/#primaryimage"},"thumbnailUrl":"https:\/\/cozydots.com\/wp-content\/uploads\/2022\/01\/girlanda_candy_pink.jpg","datePublished":"2022-01-13T10:48:31+00:00","dateModified":"2022-02-27T11:36:35+00:00","description":"De plus en plus souvent on voit de belles guirlandes dans les chambres d'enfants et cela ne nous \u00e9tonne pas du tout ! Les guirlandes sont des d\u00e9corations d\u00e9licates qui ressemblent \u00e0 une cerise sur un g\u00e2teau - elles cr\u00e9ent une atmosph\u00e8re magique \u00e0 l'int\u00e9rieur. Et gr\u00e2ce \u00e0 la guirlande Candy Pink, votre enfant se sentira comme la star du cirque.","breadcrumb":{"@id":"https:\/\/cozydots.com\/fr\/produit\/guirlande-rose-candy-pink\/#breadcrumb"},"inLanguage":"fr-FR","potentialAction":[{"@type":"ReadAction","target":["https:\/\/cozydots.com\/fr\/produit\/guirlande-rose-candy-pink\/"]}]},{"@type":"ImageObject","inLanguage":"fr-FR","@id":"https:\/\/cozydots.com\/fr\/produit\/guirlande-rose-candy-pink\/#primaryimage","url":"https:\/\/cozydots.com\/wp-content\/uploads\/2022\/01\/girlanda_candy_pink.jpg","contentUrl":"https:\/\/cozydots.com\/wp-content\/uploads\/2022\/01\/girlanda_candy_pink.jpg","width":1200,"height":1200},{"@type":"BreadcrumbList","@id":"https:\/\/cozydots.com\/fr\/produit\/guirlande-rose-candy-pink\/#breadcrumb","itemListElement":[{"@type":"ListItem","position":1,"name":"Strona g\u0142\u00f3wna","item":"https:\/\/cozydots.com\/fr\/"},{"@type":"ListItem","position":2,"name":"Boutique","item":"https:\/\/cozydots.com\/fr\/boutique\/"},{"@type":"ListItem","position":3,"name":"Guirlande Rose Candy Pink"}]},{"@type":"WebSite","@id":"https:\/\/cozydots.com\/fr\/#website","url":"https:\/\/cozydots.com\/fr\/","name":"Cozydots.com","description":"Producent namiot\u00f3w Tipi","publisher":{"@id":"https:\/\/cozydots.com\/fr\/#organization"},"potentialAction":[{"@type":"SearchAction","target":{"@type":"EntryPoint","urlTemplate":"https:\/\/cozydots.com\/fr\/?s={search_term_string}"},"query-input":{"@type":"PropertyValueSpecification","valueRequired":true,"valueName":"search_term_string"}}],"inLanguage":"fr-FR"},{"@type":"Organization","@id":"https:\/\/cozydots.com\/fr\/#organization","name":"Cozydots.com","url":"https:\/\/cozydots.com\/fr\/","logo":{"@type":"ImageObject","inLanguage":"fr-FR","@id":"https:\/\/cozydots.com\/fr\/#\/schema\/logo\/image\/","url":"https:\/\/cozydots.com\/wp-content\/uploads\/2021\/10\/cozyshop_logo.png","contentUrl":"https:\/\/cozydots.com\/wp-content\/uploads\/2021\/10\/cozyshop_logo.png","width":400,"height":121,"caption":"Cozydots.com"},"image":{"@id":"https:\/\/cozydots.com\/fr\/#\/schema\/logo\/image\/"}}]}},"_links":{"self":[{"href":"https:\/\/cozydots.com\/fr\/wp-json\/wp\/v2\/product\/47205","targetHints":{"allow":["GET"]}}],"collection":[{"href":"https:\/\/cozydots.com\/fr\/wp-json\/wp\/v2\/product"}],"about":[{"href":"https:\/\/cozydots.com\/fr\/wp-json\/wp\/v2\/types\/product"}],"replies":[{"embeddable":true,"href":"https:\/\/cozydots.com\/fr\/wp-json\/wp\/v2\/comments?post=47205"}],"wp:featuredmedia":[{"embeddable":true,"href":"https:\/\/cozydots.com\/fr\/wp-json\/wp\/v2\/media\/47192"}],"wp:attachment":[{"href":"https:\/\/cozydots.com\/fr\/wp-json\/wp\/v2\/media?parent=47205"}],"wp:term":[{"taxonomy":"product_brand","embeddable":true,"href":"https:\/\/cozydots.com\/fr\/wp-json\/wp\/v2\/product_brand?post=47205"},{"taxonomy":"product_cat","embeddable":true,"href":"https:\/\/cozydots.com\/fr\/wp-json\/wp\/v2\/product_cat?post=47205"},{"taxonomy":"product_tag","embeddable":true,"href":"https:\/\/cozydots.com\/fr\/wp-json\/wp\/v2\/product_tag?post=47205"}],"curies":[{"name":"wp","href":"https:\/\/api.w.org\/{rel}","templated":true}]}}