{"id":47231,"date":"2022-01-13T11:58:24","date_gmt":"2022-01-13T11:14:19","guid":{"rendered":"https:\/\/cozydots.com\/?post_type=product&#038;p=47231"},"modified":"2022-02-27T12:36:35","modified_gmt":"2022-02-27T11:36:35","slug":"guirlande-verte-candy-green","status":"publish","type":"product","link":"https:\/\/cozydots.com\/fr\/produit\/guirlande-verte-candy-green\/","title":{"rendered":"Guirlande Verte Candy Green"},"content":{"rendered":"<p style=\"text-align: center\"><strong>Gr\u00e2ce \u00e0 Cozy &amp; Dozy, la magie s&#8217;installe chez vous<\/strong><\/p>\n<p>Nous associons le cirque \u00e0 un lieu o\u00f9 il n&#8217;y a pas de limites et o\u00f9 tout est possible.<\/p>\n<p>Et aussi avec des personnes pour qui la foi en leurs capacit\u00e9s et leur travail assidu sont les plus importants. <strong>Nous essayons \u00e9galement d&#8217;enseigner ces valeurs \u00e0 nos enfants, c&#8217;est pourquoi nous avons cr\u00e9\u00e9 la collection Candy &#8211; c&#8217;est pour rappeler aux enfants que le monde leur est ouvert.<\/strong><\/p>\n<p>Lorsqu&#8217;un enfant voit la guirlande bicolore Candy Green, il pense imm\u00e9diatement \u00e0 une belle ar\u00e8ne de cirque color\u00e9e. La salle commence \u00e0 prendre des couleurs, et son imagination lui donne des sc\u00e8nes d&#8217;acrobaties de cirque \u00e9tonnantes ou de tours de magie. Par cons\u00e9quent, nous sommes s\u00fbrs que la guirlande peut \u00eatre un point de d\u00e9part pour les id\u00e9es des enfants pour s&#8217;amuser et passer du temps libre. Gr\u00e2ce \u00e0 lui, les enfants peuvent plonger dans le monde de la fantaisie et des possibilit\u00e9s illimit\u00e9es pendant de longues heures.<\/p>\n<p>La guirlande Candy Green sera parfaite en d\u00e9coration pour une chambre d&#8217;enfant, une salle de jeux, un anniversaire ou une s\u00e9ance photo. Il ajoutera un caract\u00e8re magique \u00e0 l&#8217;int\u00e9rieur et soulignera la force de l&#8217;originalit\u00e9.<\/p>\n<p>De plus, la guirlande a \u00e9t\u00e9 r\u00e9alis\u00e9e dans notre atelier du d\u00e9but \u00e0 la fin. Par cons\u00e9quent, nous pouvons garantir que votre enfant recevra un cadeau unique et irrempla\u00e7able. Le nouvel ornement attirera s\u00fbrement son attention et sera un plaisir. Les enfants aiment aussi montrer des cadeaux \u00e0 leurs amis, et notre guirlande suscitera s\u00fbrement leur int\u00e9r\u00eat.<\/p>\n<p>La s\u00e9curit\u00e9 des enfants est notre premi\u00e8re priorit\u00e9, c&#8217;est pourquoi la guirlande est fabriqu\u00e9e en 100 % coton de la plus haute qualit\u00e9. Ce mat\u00e9riau est certifi\u00e9 , CE, ce qui signifie qu&#8217;il convient m\u00eame aux peaux sensibles &#8211; il ne provoque pas d&#8217;allergies ni d&#8217;irritations. Ainsi, vous pouvez donner \u00e0 votre enfant notre produit sans aucun souci.<\/p>\n<p>Votre enfant aime un monde de cirque de conte de f\u00e9es ?<\/p>\n<p>Alors, nous vous invitons \u00e0 vous familiariser avec la tente tipi de la collection Candy. Gr\u00e2ce \u00e0 lui, vous cr\u00e9erez une aire de jeux color\u00e9e et s\u00e9curis\u00e9e pour votre enfant, o\u00f9 il passera s\u00fbrement de longues heures.<\/p>\n<p><strong>De plus, nous voulons que chacun trouve le produit parfait dans notre magasin, c&#8217;est pourquoi vous trouverez notre collection Candy en trois autres couleurs &#8211; rouge, rose et gris.<\/strong><\/p>\n<p>Dimensions:<\/p>\n<ul>\n<li>Longueur : fil de coton \u2013 160 cm<\/li>\n<li>La taille du fanion : 14 x 11 cm<\/li>\n<\/ul>\n<p>Composition:<\/p>\n<ul>\n<li>D\u00e9coration : 100% (certificat , CE)<\/li>\n<li>Corde : 100 % coton<\/li>\n<\/ul>\n<p>La lessive:<\/p>\n<ul>\n<li>Les d\u00e9corations peuvent \u00eatre lav\u00e9es \u00e0 40 degr\u00e9s,<\/li>\n<li>Spin \u2013 800 tours,<\/li>\n<li>Ne pas nettoyer \u00e0 sec, ne pas blanchir<\/li>\n<li>S\u00e9cher sur une surface plane.<\/li>\n<\/ul>\n<p>&nbsp;<\/p>\n<p>&nbsp;<\/p>\n","protected":false},"excerpt":{"rendered":"<p>De plus en plus souvent on voit de belles guirlandes dans les chambres d\u2019enfants et cela ne nous \u00e9tonne pas du tout ! Les guirlandes sont des d\u00e9corations d\u00e9licates qui ressemblent \u00e0 une cerise sur un g\u00e2teau \u2013 elles cr\u00e9ent une atmosph\u00e8re magique \u00e0 l\u2019int\u00e9rieur. Et gr\u00e2ce \u00e0 la guirlande Candy Green, votre enfant se sentira comme la star du cirque.<\/p>\n","protected":false},"featured_media":47224,"comment_status":"open","ping_status":"closed","template":"","meta":[],"product_brand":[],"product_cat":[468],"product_tag":[],"class_list":{"0":"post-47231","1":"product","2":"type-product","3":"status-publish","4":"has-post-thumbnail","6":"product_cat-accessoires","7":"product_shipping_class-kije-fr","9":"first","10":"instock","11":"taxable","12":"shipping-taxable","13":"product-type-simple"},"yoast_head":"<!-- This site is optimized with the Yoast SEO plugin v27.0 - https:\/\/yoast.com\/product\/yoast-seo-wordpress\/ -->\n<title>Guirlande Verte Candy Green - Cozydots.com<\/title>\n<meta name=\"description\" content=\"De plus en plus souvent on voit de belles guirlandes dans les chambres d\u2019enfants et cela ne nous \u00e9tonne pas du tout ! Les guirlandes sont des d\u00e9corations d\u00e9licates qui ressemblent \u00e0 une cerise sur un g\u00e2teau \u2013 elles cr\u00e9ent une atmosph\u00e8re magique \u00e0 l\u2019int\u00e9rieur. Et gr\u00e2ce \u00e0 la guirlande Candy Green, votre enfant se sentira comme la star du cirque.\" \/>\n<meta name=\"robots\" content=\"index, follow, max-snippet:-1, max-image-preview:large, max-video-preview:-1\" \/>\n<link rel=\"canonical\" href=\"https:\/\/cozydots.com\/fr\/produit\/guirlande-verte-candy-green\/\" \/>\n<meta property=\"og:locale\" content=\"fr_FR\" \/>\n<meta property=\"og:type\" content=\"article\" \/>\n<meta property=\"og:title\" content=\"Guirlande Verte Candy Green - Cozydots.com\" \/>\n<meta property=\"og:description\" content=\"De plus en plus souvent on voit de belles guirlandes dans les chambres d\u2019enfants et cela ne nous \u00e9tonne pas du tout ! Les guirlandes sont des d\u00e9corations d\u00e9licates qui ressemblent \u00e0 une cerise sur un g\u00e2teau \u2013 elles cr\u00e9ent une atmosph\u00e8re magique \u00e0 l\u2019int\u00e9rieur. Et gr\u00e2ce \u00e0 la guirlande Candy Green, votre enfant se sentira comme la star du cirque.\" \/>\n<meta property=\"og:url\" content=\"https:\/\/cozydots.com\/fr\/produit\/guirlande-verte-candy-green\/\" \/>\n<meta property=\"og:site_name\" content=\"Cozydots.com\" \/>\n<meta property=\"article:modified_time\" content=\"2022-02-27T11:36:35+00:00\" \/>\n<meta property=\"og:image\" content=\"https:\/\/cozydots.com\/wp-content\/uploads\/2022\/01\/girlanda_candy_green.jpg\" \/>\n\t<meta property=\"og:image:width\" content=\"1200\" \/>\n\t<meta property=\"og:image:height\" content=\"1200\" \/>\n\t<meta property=\"og:image:type\" content=\"image\/jpeg\" \/>\n<meta name=\"twitter:card\" content=\"summary_large_image\" \/>\n<meta name=\"twitter:label1\" content=\"Dur\u00e9e de lecture estim\u00e9e\" \/>\n\t<meta name=\"twitter:data1\" content=\"3 minutes\" \/>\n<script type=\"application\/ld+json\" class=\"yoast-schema-graph\">{\"@context\":\"https:\/\/schema.org\",\"@graph\":[{\"@type\":\"WebPage\",\"@id\":\"https:\/\/cozydots.com\/fr\/produit\/guirlande-verte-candy-green\/\",\"url\":\"https:\/\/cozydots.com\/fr\/produit\/guirlande-verte-candy-green\/\",\"name\":\"Guirlande Verte Candy Green - Cozydots.com\",\"isPartOf\":{\"@id\":\"https:\/\/cozydots.com\/fr\/#website\"},\"primaryImageOfPage\":{\"@id\":\"https:\/\/cozydots.com\/fr\/produit\/guirlande-verte-candy-green\/#primaryimage\"},\"image\":{\"@id\":\"https:\/\/cozydots.com\/fr\/produit\/guirlande-verte-candy-green\/#primaryimage\"},\"thumbnailUrl\":\"https:\/\/cozydots.com\/wp-content\/uploads\/2022\/01\/girlanda_candy_green.jpg\",\"datePublished\":\"2022-01-13T11:14:19+00:00\",\"dateModified\":\"2022-02-27T11:36:35+00:00\",\"description\":\"De plus en plus souvent on voit de belles guirlandes dans les chambres d\u2019enfants et cela ne nous \u00e9tonne pas du tout ! Les guirlandes sont des d\u00e9corations d\u00e9licates qui ressemblent \u00e0 une cerise sur un g\u00e2teau \u2013 elles cr\u00e9ent une atmosph\u00e8re magique \u00e0 l\u2019int\u00e9rieur. Et gr\u00e2ce \u00e0 la guirlande Candy Green, votre enfant se sentira comme la star du cirque.\",\"breadcrumb\":{\"@id\":\"https:\/\/cozydots.com\/fr\/produit\/guirlande-verte-candy-green\/#breadcrumb\"},\"inLanguage\":\"fr-FR\",\"potentialAction\":[{\"@type\":\"ReadAction\",\"target\":[\"https:\/\/cozydots.com\/fr\/produit\/guirlande-verte-candy-green\/\"]}]},{\"@type\":\"ImageObject\",\"inLanguage\":\"fr-FR\",\"@id\":\"https:\/\/cozydots.com\/fr\/produit\/guirlande-verte-candy-green\/#primaryimage\",\"url\":\"https:\/\/cozydots.com\/wp-content\/uploads\/2022\/01\/girlanda_candy_green.jpg\",\"contentUrl\":\"https:\/\/cozydots.com\/wp-content\/uploads\/2022\/01\/girlanda_candy_green.jpg\",\"width\":1200,\"height\":1200},{\"@type\":\"BreadcrumbList\",\"@id\":\"https:\/\/cozydots.com\/fr\/produit\/guirlande-verte-candy-green\/#breadcrumb\",\"itemListElement\":[{\"@type\":\"ListItem\",\"position\":1,\"name\":\"Strona g\u0142\u00f3wna\",\"item\":\"https:\/\/cozydots.com\/fr\/\"},{\"@type\":\"ListItem\",\"position\":2,\"name\":\"Boutique\",\"item\":\"https:\/\/cozydots.com\/fr\/boutique\/\"},{\"@type\":\"ListItem\",\"position\":3,\"name\":\"Guirlande Verte Candy Green\"}]},{\"@type\":\"WebSite\",\"@id\":\"https:\/\/cozydots.com\/fr\/#website\",\"url\":\"https:\/\/cozydots.com\/fr\/\",\"name\":\"Cozydots.com\",\"description\":\"Producent namiot\u00f3w Tipi\",\"publisher\":{\"@id\":\"https:\/\/cozydots.com\/fr\/#organization\"},\"potentialAction\":[{\"@type\":\"SearchAction\",\"target\":{\"@type\":\"EntryPoint\",\"urlTemplate\":\"https:\/\/cozydots.com\/fr\/?s={search_term_string}\"},\"query-input\":{\"@type\":\"PropertyValueSpecification\",\"valueRequired\":true,\"valueName\":\"search_term_string\"}}],\"inLanguage\":\"fr-FR\"},{\"@type\":\"Organization\",\"@id\":\"https:\/\/cozydots.com\/fr\/#organization\",\"name\":\"Cozydots.com\",\"url\":\"https:\/\/cozydots.com\/fr\/\",\"logo\":{\"@type\":\"ImageObject\",\"inLanguage\":\"fr-FR\",\"@id\":\"https:\/\/cozydots.com\/fr\/#\/schema\/logo\/image\/\",\"url\":\"https:\/\/cozydots.com\/wp-content\/uploads\/2021\/10\/cozyshop_logo.png\",\"contentUrl\":\"https:\/\/cozydots.com\/wp-content\/uploads\/2021\/10\/cozyshop_logo.png\",\"width\":400,\"height\":121,\"caption\":\"Cozydots.com\"},\"image\":{\"@id\":\"https:\/\/cozydots.com\/fr\/#\/schema\/logo\/image\/\"}}]}<\/script>\n<!-- \/ Yoast SEO plugin. -->","yoast_head_json":{"title":"Guirlande Verte Candy Green - Cozydots.com","description":"De plus en plus souvent on voit de belles guirlandes dans les chambres d\u2019enfants et cela ne nous \u00e9tonne pas du tout ! Les guirlandes sont des d\u00e9corations d\u00e9licates qui ressemblent \u00e0 une cerise sur un g\u00e2teau \u2013 elles cr\u00e9ent une atmosph\u00e8re magique \u00e0 l\u2019int\u00e9rieur. Et gr\u00e2ce \u00e0 la guirlande Candy Green, votre enfant se sentira comme la star du cirque.","robots":{"index":"index","follow":"follow","max-snippet":"max-snippet:-1","max-image-preview":"max-image-preview:large","max-video-preview":"max-video-preview:-1"},"canonical":"https:\/\/cozydots.com\/fr\/produit\/guirlande-verte-candy-green\/","og_locale":"fr_FR","og_type":"article","og_title":"Guirlande Verte Candy Green - Cozydots.com","og_description":"De plus en plus souvent on voit de belles guirlandes dans les chambres d\u2019enfants et cela ne nous \u00e9tonne pas du tout ! Les guirlandes sont des d\u00e9corations d\u00e9licates qui ressemblent \u00e0 une cerise sur un g\u00e2teau \u2013 elles cr\u00e9ent une atmosph\u00e8re magique \u00e0 l\u2019int\u00e9rieur. Et gr\u00e2ce \u00e0 la guirlande Candy Green, votre enfant se sentira comme la star du cirque.","og_url":"https:\/\/cozydots.com\/fr\/produit\/guirlande-verte-candy-green\/","og_site_name":"Cozydots.com","article_modified_time":"2022-02-27T11:36:35+00:00","og_image":[{"width":1200,"height":1200,"url":"https:\/\/cozydots.com\/wp-content\/uploads\/2022\/01\/girlanda_candy_green.jpg","type":"image\/jpeg"}],"twitter_card":"summary_large_image","twitter_misc":{"Dur\u00e9e de lecture estim\u00e9e":"3 minutes"},"schema":{"@context":"https:\/\/schema.org","@graph":[{"@type":"WebPage","@id":"https:\/\/cozydots.com\/fr\/produit\/guirlande-verte-candy-green\/","url":"https:\/\/cozydots.com\/fr\/produit\/guirlande-verte-candy-green\/","name":"Guirlande Verte Candy Green - Cozydots.com","isPartOf":{"@id":"https:\/\/cozydots.com\/fr\/#website"},"primaryImageOfPage":{"@id":"https:\/\/cozydots.com\/fr\/produit\/guirlande-verte-candy-green\/#primaryimage"},"image":{"@id":"https:\/\/cozydots.com\/fr\/produit\/guirlande-verte-candy-green\/#primaryimage"},"thumbnailUrl":"https:\/\/cozydots.com\/wp-content\/uploads\/2022\/01\/girlanda_candy_green.jpg","datePublished":"2022-01-13T11:14:19+00:00","dateModified":"2022-02-27T11:36:35+00:00","description":"De plus en plus souvent on voit de belles guirlandes dans les chambres d\u2019enfants et cela ne nous \u00e9tonne pas du tout ! Les guirlandes sont des d\u00e9corations d\u00e9licates qui ressemblent \u00e0 une cerise sur un g\u00e2teau \u2013 elles cr\u00e9ent une atmosph\u00e8re magique \u00e0 l\u2019int\u00e9rieur. Et gr\u00e2ce \u00e0 la guirlande Candy Green, votre enfant se sentira comme la star du cirque.","breadcrumb":{"@id":"https:\/\/cozydots.com\/fr\/produit\/guirlande-verte-candy-green\/#breadcrumb"},"inLanguage":"fr-FR","potentialAction":[{"@type":"ReadAction","target":["https:\/\/cozydots.com\/fr\/produit\/guirlande-verte-candy-green\/"]}]},{"@type":"ImageObject","inLanguage":"fr-FR","@id":"https:\/\/cozydots.com\/fr\/produit\/guirlande-verte-candy-green\/#primaryimage","url":"https:\/\/cozydots.com\/wp-content\/uploads\/2022\/01\/girlanda_candy_green.jpg","contentUrl":"https:\/\/cozydots.com\/wp-content\/uploads\/2022\/01\/girlanda_candy_green.jpg","width":1200,"height":1200},{"@type":"BreadcrumbList","@id":"https:\/\/cozydots.com\/fr\/produit\/guirlande-verte-candy-green\/#breadcrumb","itemListElement":[{"@type":"ListItem","position":1,"name":"Strona g\u0142\u00f3wna","item":"https:\/\/cozydots.com\/fr\/"},{"@type":"ListItem","position":2,"name":"Boutique","item":"https:\/\/cozydots.com\/fr\/boutique\/"},{"@type":"ListItem","position":3,"name":"Guirlande Verte Candy Green"}]},{"@type":"WebSite","@id":"https:\/\/cozydots.com\/fr\/#website","url":"https:\/\/cozydots.com\/fr\/","name":"Cozydots.com","description":"Producent namiot\u00f3w Tipi","publisher":{"@id":"https:\/\/cozydots.com\/fr\/#organization"},"potentialAction":[{"@type":"SearchAction","target":{"@type":"EntryPoint","urlTemplate":"https:\/\/cozydots.com\/fr\/?s={search_term_string}"},"query-input":{"@type":"PropertyValueSpecification","valueRequired":true,"valueName":"search_term_string"}}],"inLanguage":"fr-FR"},{"@type":"Organization","@id":"https:\/\/cozydots.com\/fr\/#organization","name":"Cozydots.com","url":"https:\/\/cozydots.com\/fr\/","logo":{"@type":"ImageObject","inLanguage":"fr-FR","@id":"https:\/\/cozydots.com\/fr\/#\/schema\/logo\/image\/","url":"https:\/\/cozydots.com\/wp-content\/uploads\/2021\/10\/cozyshop_logo.png","contentUrl":"https:\/\/cozydots.com\/wp-content\/uploads\/2021\/10\/cozyshop_logo.png","width":400,"height":121,"caption":"Cozydots.com"},"image":{"@id":"https:\/\/cozydots.com\/fr\/#\/schema\/logo\/image\/"}}]}},"_links":{"self":[{"href":"https:\/\/cozydots.com\/fr\/wp-json\/wp\/v2\/product\/47231","targetHints":{"allow":["GET"]}}],"collection":[{"href":"https:\/\/cozydots.com\/fr\/wp-json\/wp\/v2\/product"}],"about":[{"href":"https:\/\/cozydots.com\/fr\/wp-json\/wp\/v2\/types\/product"}],"replies":[{"embeddable":true,"href":"https:\/\/cozydots.com\/fr\/wp-json\/wp\/v2\/comments?post=47231"}],"wp:featuredmedia":[{"embeddable":true,"href":"https:\/\/cozydots.com\/fr\/wp-json\/wp\/v2\/media\/47224"}],"wp:attachment":[{"href":"https:\/\/cozydots.com\/fr\/wp-json\/wp\/v2\/media?parent=47231"}],"wp:term":[{"taxonomy":"product_brand","embeddable":true,"href":"https:\/\/cozydots.com\/fr\/wp-json\/wp\/v2\/product_brand?post=47231"},{"taxonomy":"product_cat","embeddable":true,"href":"https:\/\/cozydots.com\/fr\/wp-json\/wp\/v2\/product_cat?post=47231"},{"taxonomy":"product_tag","embeddable":true,"href":"https:\/\/cozydots.com\/fr\/wp-json\/wp\/v2\/product_tag?post=47231"}],"curies":[{"name":"wp","href":"https:\/\/api.w.org\/{rel}","templated":true}]}}