{"id":47294,"date":"2022-01-13T12:59:28","date_gmt":"2022-01-13T12:06:44","guid":{"rendered":"https:\/\/cozydots.com\/?post_type=product&#038;p=47294"},"modified":"2022-02-27T12:36:35","modified_gmt":"2022-02-27T11:36:35","slug":"guirlande-boheme-lace-fanion-beige","status":"publish","type":"product","link":"https:\/\/cozydots.com\/fr\/produit\/guirlande-boheme-lace-fanion-beige\/","title":{"rendered":"Guirlande boh\u00e8me Lace, fanion beige"},"content":{"rendered":"<p style=\"text-align: center\"><strong>Le classique se d\u00e9fend, mais Cozy &amp; Dozy l&#8217;aide avec \u00e7a<\/strong><\/p>\n<p>Adepte des couleurs sobres ? Vous ne souhaitez pas stimuler votre enfant avec des couleurs intenses dans sa chambre ? N&#8217;\u00eates-vous pas convaincu par les consid\u00e9rations selon lesquelles une chambre pour les gar\u00e7ons doit \u00eatre bleue et que pour les filles, elle doit \u00eatre rose ? Alors nous vous recommandons sans aucun doute la guirlande en dentelle. La d\u00e9licate couleur cr\u00e8me de la guirlande se fondra \u00e0 merveille dans les int\u00e9rieurs rustiques scandinaves, elle sera \u00e9galement appr\u00e9ci\u00e9e dans les climats boh\u00e8mes.<\/p>\n<p>Cependant, gr\u00e2ce \u00e0 la dentelle, qui a une texture int\u00e9ressante et agr\u00e9able, c&#8217;est un accessoire original et unique &#8211; parce que d\u00e9licat ne veut pas dire ennuyeux.<\/p>\n<p>La guirlande Laca sera parfaite comme d\u00e9coration pour une chambre d&#8217;enfant, une salle de jeux, un anniversaire ou une s\u00e9ance photo. Il ajoutera un caract\u00e8re magique \u00e0 l&#8217;int\u00e9rieur et soulignera la force de l&#8217;originalit\u00e9.<\/p>\n<p>De plus, la guirlande a \u00e9t\u00e9 r\u00e9alis\u00e9e dans notre atelier du d\u00e9but \u00e0 la fin. Par cons\u00e9quent, nous pouvons garantir que votre enfant recevra un cadeau unique et irrempla\u00e7able. Le nouvel ornement attirera s\u00fbrement son attention et sera un plaisir. Les enfants aiment aussi montrer des cadeaux \u00e0 leurs amis, et notre guirlande suscitera s\u00fbrement leur int\u00e9r\u00eat.<\/p>\n<p>La s\u00e9curit\u00e9 des enfants est notre premi\u00e8re priorit\u00e9, c&#8217;est pourquoi la guirlande est fabriqu\u00e9e en 100 % coton de la plus haute qualit\u00e9. Ce mat\u00e9riau est certifi\u00e9 , CE, ce qui signifie qu&#8217;il convient m\u00eame aux peaux sensibles &#8211; il ne provoque pas d&#8217;allergies ni d&#8217;irritations. Ainsi, vous pouvez donner \u00e0 votre enfant notre produit sans aucun souci.<\/p>\n<p>Nous vous invitons \u00e9galement \u00e0 vous familiariser avec la tente tipy, issue de la m\u00eame s\u00e9rie Lace. Gr\u00e2ce \u00e0 lui, vous pourrez cr\u00e9er un espace de jeu priv\u00e9 et s\u00e9curis\u00e9 pour votre enfant.<\/p>\n<p><span class=\"Apple-converted-space\">\u00a0<\/span>Dimensions:<\/p>\n<ul>\n<li>Longueur : fil de coton \u2013 140 cm<\/li>\n<li><span style=\"color: #555555\">Taille des triangles : 13 x 16 cm<\/span><\/li>\n<\/ul>\n<p>Composition:<\/p>\n<ul>\n<li>D\u00e9coration : 100% coton (certificat , CE)<\/li>\n<li><span style=\"color: #555555\">Corde : 100 % coton<\/span><\/li>\n<\/ul>\n<p>La lessive:<\/p>\n<ul>\n<li>Les d\u00e9corations peuvent \u00eatre lav\u00e9es \u00e0 40 degr\u00e9s,<\/li>\n<li><span style=\"color: #555555\">Spin \u2013 800 tours,<\/span><\/li>\n<li><span style=\"color: #555555\">Ne pas nettoyer \u00e0 sec, ne pas blanchir<\/span><\/li>\n<li><span style=\"color: #555555\">S\u00e9cher sur une surface plane.<\/span><\/li>\n<\/ul>\n","protected":false},"excerpt":{"rendered":"<p>De plus en plus souvent on voit de belles guirlandes dans les chambres d&#8217;enfants et cela ne nous \u00e9tonne pas du tout ! Les guirlandes sont des d\u00e9corations d\u00e9licates qui sont comme une cerise sur un g\u00e2teau &#8211; elles cr\u00e9ent une atmosph\u00e8re magique de l&#8217;int\u00e9rieur. La guirlande Laca sera parfaite non seulement pour les chambres d&#8217;enfants. Ainsi, vous pouvez acheter un cadeau pour votre enfant que vous pouvez \u00e9galement utiliser vous-m\u00eame !<\/p>\n","protected":false},"featured_media":47288,"comment_status":"open","ping_status":"closed","template":"","meta":[],"product_brand":[],"product_cat":[468],"product_tag":[],"class_list":{"0":"post-47294","1":"product","2":"type-product","3":"status-publish","4":"has-post-thumbnail","6":"product_cat-accessoires","7":"product_shipping_class-kije-fr","9":"first","10":"instock","11":"taxable","12":"shipping-taxable","13":"product-type-simple"},"yoast_head":"<!-- This site is optimized with the Yoast SEO plugin v27.0 - https:\/\/yoast.com\/product\/yoast-seo-wordpress\/ -->\n<title>Guirlande boh\u00e8me Lace, fanion beige - Cozydots.com<\/title>\n<meta name=\"description\" content=\"De plus en plus souvent on voit de belles guirlandes dans les chambres d&#039;enfants et cela ne nous \u00e9tonne pas du tout ! Les guirlandes sont des d\u00e9corations d\u00e9licates qui sont comme une cerise sur un g\u00e2teau - elles cr\u00e9ent une atmosph\u00e8re magique de l&#039;int\u00e9rieur. La guirlande Laca sera parfaite non seulement pour les chambres d&#039;enfants. Ainsi, vous pouvez acheter un cadeau pour votre enfant que vous pouvez \u00e9galement utiliser vous-m\u00eame !\" \/>\n<meta name=\"robots\" content=\"index, follow, max-snippet:-1, max-image-preview:large, max-video-preview:-1\" \/>\n<link rel=\"canonical\" href=\"https:\/\/cozydots.com\/fr\/produit\/guirlande-boheme-lace-fanion-beige\/\" \/>\n<meta property=\"og:locale\" content=\"fr_FR\" \/>\n<meta property=\"og:type\" content=\"article\" \/>\n<meta property=\"og:title\" content=\"Guirlande boh\u00e8me Lace, fanion beige - Cozydots.com\" \/>\n<meta property=\"og:description\" content=\"De plus en plus souvent on voit de belles guirlandes dans les chambres d&#039;enfants et cela ne nous \u00e9tonne pas du tout ! Les guirlandes sont des d\u00e9corations d\u00e9licates qui sont comme une cerise sur un g\u00e2teau - elles cr\u00e9ent une atmosph\u00e8re magique de l&#039;int\u00e9rieur. La guirlande Laca sera parfaite non seulement pour les chambres d&#039;enfants. Ainsi, vous pouvez acheter un cadeau pour votre enfant que vous pouvez \u00e9galement utiliser vous-m\u00eame !\" \/>\n<meta property=\"og:url\" content=\"https:\/\/cozydots.com\/fr\/produit\/guirlande-boheme-lace-fanion-beige\/\" \/>\n<meta property=\"og:site_name\" content=\"Cozydots.com\" \/>\n<meta property=\"article:modified_time\" content=\"2022-02-27T11:36:35+00:00\" \/>\n<meta property=\"og:image\" content=\"https:\/\/cozydots.com\/wp-content\/uploads\/2022\/01\/girlanda_lace.jpg\" \/>\n\t<meta property=\"og:image:width\" content=\"1200\" \/>\n\t<meta property=\"og:image:height\" content=\"1200\" \/>\n\t<meta property=\"og:image:type\" content=\"image\/jpeg\" \/>\n<meta name=\"twitter:card\" content=\"summary_large_image\" \/>\n<meta name=\"twitter:label1\" content=\"Dur\u00e9e de lecture estim\u00e9e\" \/>\n\t<meta name=\"twitter:data1\" content=\"3 minutes\" \/>\n<script type=\"application\/ld+json\" class=\"yoast-schema-graph\">{\"@context\":\"https:\/\/schema.org\",\"@graph\":[{\"@type\":\"WebPage\",\"@id\":\"https:\/\/cozydots.com\/fr\/produit\/guirlande-boheme-lace-fanion-beige\/\",\"url\":\"https:\/\/cozydots.com\/fr\/produit\/guirlande-boheme-lace-fanion-beige\/\",\"name\":\"Guirlande boh\u00e8me Lace, fanion beige - Cozydots.com\",\"isPartOf\":{\"@id\":\"https:\/\/cozydots.com\/fr\/#website\"},\"primaryImageOfPage\":{\"@id\":\"https:\/\/cozydots.com\/fr\/produit\/guirlande-boheme-lace-fanion-beige\/#primaryimage\"},\"image\":{\"@id\":\"https:\/\/cozydots.com\/fr\/produit\/guirlande-boheme-lace-fanion-beige\/#primaryimage\"},\"thumbnailUrl\":\"https:\/\/cozydots.com\/wp-content\/uploads\/2022\/01\/girlanda_lace.jpg\",\"datePublished\":\"2022-01-13T12:06:44+00:00\",\"dateModified\":\"2022-02-27T11:36:35+00:00\",\"description\":\"De plus en plus souvent on voit de belles guirlandes dans les chambres d'enfants et cela ne nous \u00e9tonne pas du tout ! Les guirlandes sont des d\u00e9corations d\u00e9licates qui sont comme une cerise sur un g\u00e2teau - elles cr\u00e9ent une atmosph\u00e8re magique de l'int\u00e9rieur. La guirlande Laca sera parfaite non seulement pour les chambres d'enfants. Ainsi, vous pouvez acheter un cadeau pour votre enfant que vous pouvez \u00e9galement utiliser vous-m\u00eame !\",\"breadcrumb\":{\"@id\":\"https:\/\/cozydots.com\/fr\/produit\/guirlande-boheme-lace-fanion-beige\/#breadcrumb\"},\"inLanguage\":\"fr-FR\",\"potentialAction\":[{\"@type\":\"ReadAction\",\"target\":[\"https:\/\/cozydots.com\/fr\/produit\/guirlande-boheme-lace-fanion-beige\/\"]}]},{\"@type\":\"ImageObject\",\"inLanguage\":\"fr-FR\",\"@id\":\"https:\/\/cozydots.com\/fr\/produit\/guirlande-boheme-lace-fanion-beige\/#primaryimage\",\"url\":\"https:\/\/cozydots.com\/wp-content\/uploads\/2022\/01\/girlanda_lace.jpg\",\"contentUrl\":\"https:\/\/cozydots.com\/wp-content\/uploads\/2022\/01\/girlanda_lace.jpg\",\"width\":1200,\"height\":1200},{\"@type\":\"BreadcrumbList\",\"@id\":\"https:\/\/cozydots.com\/fr\/produit\/guirlande-boheme-lace-fanion-beige\/#breadcrumb\",\"itemListElement\":[{\"@type\":\"ListItem\",\"position\":1,\"name\":\"Strona g\u0142\u00f3wna\",\"item\":\"https:\/\/cozydots.com\/fr\/\"},{\"@type\":\"ListItem\",\"position\":2,\"name\":\"Boutique\",\"item\":\"https:\/\/cozydots.com\/fr\/boutique\/\"},{\"@type\":\"ListItem\",\"position\":3,\"name\":\"Guirlande boh\u00e8me Lace, fanion beige\"}]},{\"@type\":\"WebSite\",\"@id\":\"https:\/\/cozydots.com\/fr\/#website\",\"url\":\"https:\/\/cozydots.com\/fr\/\",\"name\":\"Cozydots.com\",\"description\":\"Producent namiot\u00f3w Tipi\",\"publisher\":{\"@id\":\"https:\/\/cozydots.com\/fr\/#organization\"},\"potentialAction\":[{\"@type\":\"SearchAction\",\"target\":{\"@type\":\"EntryPoint\",\"urlTemplate\":\"https:\/\/cozydots.com\/fr\/?s={search_term_string}\"},\"query-input\":{\"@type\":\"PropertyValueSpecification\",\"valueRequired\":true,\"valueName\":\"search_term_string\"}}],\"inLanguage\":\"fr-FR\"},{\"@type\":\"Organization\",\"@id\":\"https:\/\/cozydots.com\/fr\/#organization\",\"name\":\"Cozydots.com\",\"url\":\"https:\/\/cozydots.com\/fr\/\",\"logo\":{\"@type\":\"ImageObject\",\"inLanguage\":\"fr-FR\",\"@id\":\"https:\/\/cozydots.com\/fr\/#\/schema\/logo\/image\/\",\"url\":\"https:\/\/cozydots.com\/wp-content\/uploads\/2021\/10\/cozyshop_logo.png\",\"contentUrl\":\"https:\/\/cozydots.com\/wp-content\/uploads\/2021\/10\/cozyshop_logo.png\",\"width\":400,\"height\":121,\"caption\":\"Cozydots.com\"},\"image\":{\"@id\":\"https:\/\/cozydots.com\/fr\/#\/schema\/logo\/image\/\"}}]}<\/script>\n<!-- \/ Yoast SEO plugin. -->","yoast_head_json":{"title":"Guirlande boh\u00e8me Lace, fanion beige - Cozydots.com","description":"De plus en plus souvent on voit de belles guirlandes dans les chambres d'enfants et cela ne nous \u00e9tonne pas du tout ! Les guirlandes sont des d\u00e9corations d\u00e9licates qui sont comme une cerise sur un g\u00e2teau - elles cr\u00e9ent une atmosph\u00e8re magique de l'int\u00e9rieur. La guirlande Laca sera parfaite non seulement pour les chambres d'enfants. Ainsi, vous pouvez acheter un cadeau pour votre enfant que vous pouvez \u00e9galement utiliser vous-m\u00eame !","robots":{"index":"index","follow":"follow","max-snippet":"max-snippet:-1","max-image-preview":"max-image-preview:large","max-video-preview":"max-video-preview:-1"},"canonical":"https:\/\/cozydots.com\/fr\/produit\/guirlande-boheme-lace-fanion-beige\/","og_locale":"fr_FR","og_type":"article","og_title":"Guirlande boh\u00e8me Lace, fanion beige - Cozydots.com","og_description":"De plus en plus souvent on voit de belles guirlandes dans les chambres d'enfants et cela ne nous \u00e9tonne pas du tout ! Les guirlandes sont des d\u00e9corations d\u00e9licates qui sont comme une cerise sur un g\u00e2teau - elles cr\u00e9ent une atmosph\u00e8re magique de l'int\u00e9rieur. La guirlande Laca sera parfaite non seulement pour les chambres d'enfants. Ainsi, vous pouvez acheter un cadeau pour votre enfant que vous pouvez \u00e9galement utiliser vous-m\u00eame !","og_url":"https:\/\/cozydots.com\/fr\/produit\/guirlande-boheme-lace-fanion-beige\/","og_site_name":"Cozydots.com","article_modified_time":"2022-02-27T11:36:35+00:00","og_image":[{"width":1200,"height":1200,"url":"https:\/\/cozydots.com\/wp-content\/uploads\/2022\/01\/girlanda_lace.jpg","type":"image\/jpeg"}],"twitter_card":"summary_large_image","twitter_misc":{"Dur\u00e9e de lecture estim\u00e9e":"3 minutes"},"schema":{"@context":"https:\/\/schema.org","@graph":[{"@type":"WebPage","@id":"https:\/\/cozydots.com\/fr\/produit\/guirlande-boheme-lace-fanion-beige\/","url":"https:\/\/cozydots.com\/fr\/produit\/guirlande-boheme-lace-fanion-beige\/","name":"Guirlande boh\u00e8me Lace, fanion beige - Cozydots.com","isPartOf":{"@id":"https:\/\/cozydots.com\/fr\/#website"},"primaryImageOfPage":{"@id":"https:\/\/cozydots.com\/fr\/produit\/guirlande-boheme-lace-fanion-beige\/#primaryimage"},"image":{"@id":"https:\/\/cozydots.com\/fr\/produit\/guirlande-boheme-lace-fanion-beige\/#primaryimage"},"thumbnailUrl":"https:\/\/cozydots.com\/wp-content\/uploads\/2022\/01\/girlanda_lace.jpg","datePublished":"2022-01-13T12:06:44+00:00","dateModified":"2022-02-27T11:36:35+00:00","description":"De plus en plus souvent on voit de belles guirlandes dans les chambres d'enfants et cela ne nous \u00e9tonne pas du tout ! Les guirlandes sont des d\u00e9corations d\u00e9licates qui sont comme une cerise sur un g\u00e2teau - elles cr\u00e9ent une atmosph\u00e8re magique de l'int\u00e9rieur. La guirlande Laca sera parfaite non seulement pour les chambres d'enfants. Ainsi, vous pouvez acheter un cadeau pour votre enfant que vous pouvez \u00e9galement utiliser vous-m\u00eame !","breadcrumb":{"@id":"https:\/\/cozydots.com\/fr\/produit\/guirlande-boheme-lace-fanion-beige\/#breadcrumb"},"inLanguage":"fr-FR","potentialAction":[{"@type":"ReadAction","target":["https:\/\/cozydots.com\/fr\/produit\/guirlande-boheme-lace-fanion-beige\/"]}]},{"@type":"ImageObject","inLanguage":"fr-FR","@id":"https:\/\/cozydots.com\/fr\/produit\/guirlande-boheme-lace-fanion-beige\/#primaryimage","url":"https:\/\/cozydots.com\/wp-content\/uploads\/2022\/01\/girlanda_lace.jpg","contentUrl":"https:\/\/cozydots.com\/wp-content\/uploads\/2022\/01\/girlanda_lace.jpg","width":1200,"height":1200},{"@type":"BreadcrumbList","@id":"https:\/\/cozydots.com\/fr\/produit\/guirlande-boheme-lace-fanion-beige\/#breadcrumb","itemListElement":[{"@type":"ListItem","position":1,"name":"Strona g\u0142\u00f3wna","item":"https:\/\/cozydots.com\/fr\/"},{"@type":"ListItem","position":2,"name":"Boutique","item":"https:\/\/cozydots.com\/fr\/boutique\/"},{"@type":"ListItem","position":3,"name":"Guirlande boh\u00e8me Lace, fanion beige"}]},{"@type":"WebSite","@id":"https:\/\/cozydots.com\/fr\/#website","url":"https:\/\/cozydots.com\/fr\/","name":"Cozydots.com","description":"Producent namiot\u00f3w Tipi","publisher":{"@id":"https:\/\/cozydots.com\/fr\/#organization"},"potentialAction":[{"@type":"SearchAction","target":{"@type":"EntryPoint","urlTemplate":"https:\/\/cozydots.com\/fr\/?s={search_term_string}"},"query-input":{"@type":"PropertyValueSpecification","valueRequired":true,"valueName":"search_term_string"}}],"inLanguage":"fr-FR"},{"@type":"Organization","@id":"https:\/\/cozydots.com\/fr\/#organization","name":"Cozydots.com","url":"https:\/\/cozydots.com\/fr\/","logo":{"@type":"ImageObject","inLanguage":"fr-FR","@id":"https:\/\/cozydots.com\/fr\/#\/schema\/logo\/image\/","url":"https:\/\/cozydots.com\/wp-content\/uploads\/2021\/10\/cozyshop_logo.png","contentUrl":"https:\/\/cozydots.com\/wp-content\/uploads\/2021\/10\/cozyshop_logo.png","width":400,"height":121,"caption":"Cozydots.com"},"image":{"@id":"https:\/\/cozydots.com\/fr\/#\/schema\/logo\/image\/"}}]}},"_links":{"self":[{"href":"https:\/\/cozydots.com\/fr\/wp-json\/wp\/v2\/product\/47294","targetHints":{"allow":["GET"]}}],"collection":[{"href":"https:\/\/cozydots.com\/fr\/wp-json\/wp\/v2\/product"}],"about":[{"href":"https:\/\/cozydots.com\/fr\/wp-json\/wp\/v2\/types\/product"}],"replies":[{"embeddable":true,"href":"https:\/\/cozydots.com\/fr\/wp-json\/wp\/v2\/comments?post=47294"}],"wp:featuredmedia":[{"embeddable":true,"href":"https:\/\/cozydots.com\/fr\/wp-json\/wp\/v2\/media\/47288"}],"wp:attachment":[{"href":"https:\/\/cozydots.com\/fr\/wp-json\/wp\/v2\/media?parent=47294"}],"wp:term":[{"taxonomy":"product_brand","embeddable":true,"href":"https:\/\/cozydots.com\/fr\/wp-json\/wp\/v2\/product_brand?post=47294"},{"taxonomy":"product_cat","embeddable":true,"href":"https:\/\/cozydots.com\/fr\/wp-json\/wp\/v2\/product_cat?post=47294"},{"taxonomy":"product_tag","embeddable":true,"href":"https:\/\/cozydots.com\/fr\/wp-json\/wp\/v2\/product_tag?post=47294"}],"curies":[{"name":"wp","href":"https:\/\/api.w.org\/{rel}","templated":true}]}}