{"id":47323,"date":"2022-01-01T13:15:29","date_gmt":"2022-01-13T12:18:54","guid":{"rendered":"https:\/\/cozydots.com\/?post_type=product&#038;p=47323"},"modified":"2025-01-17T17:58:30","modified_gmt":"2025-01-17T16:58:30","slug":"baton-tipi-baton-de-tente-tipi-poteau-en-bois-tipi","status":"publish","type":"product","link":"https:\/\/cozydots.com\/fr\/produit\/baton-tipi-baton-de-tente-tipi-poteau-en-bois-tipi\/","title":{"rendered":"B\u00e2ton tipi, B\u00e2ton de tente tipi, Poteau en bois tipi"},"content":{"rendered":"<p>Poteaux de tipi en bois, utilis\u00e9s comme cadre pour la tente.<\/p>\n<p>Les b\u00e2tons sont lisses \u2013 soigneusement ponc\u00e9s.<\/p>\n<p>Les m\u00e2ts de tente en pin sont pliables, c&#8217;est-\u00e0-dire que le m\u00e2t se compose de deux moiti\u00e9s et de connecteurs en plastique.<\/p>\n<p>Instructions de montage incluses avec chaque b\u00e2ton.<\/p>\n<p>Dimension:<\/p>\n<ul>\n<li>b\u00e2ton pli\u00e9 \u2013 168-170 cm<\/li>\n<li>22mm<\/li>\n<\/ul>\n<p>Composition:<\/p>\n<ul>\n<li>Bois de pin naturel<\/li>\n<\/ul>\n<p>L\u2019achat est pour un poteau d\u2019une hauteur de ~ 170 cm<\/p>\n","protected":false},"excerpt":{"rendered":"<p>Poteaux de tipi en bois, utilis\u00e9s comme cadre pour la tente.<\/p>\n<p>Les b\u00e2tons sont lisses \u2013 soigneusement ponc\u00e9s<\/p>\n","protected":false},"featured_media":54967,"comment_status":"open","ping_status":"closed","template":"","meta":[],"product_brand":[],"product_cat":[468],"product_tag":[],"class_list":{"0":"post-47323","1":"product","2":"type-product","3":"status-publish","4":"has-post-thumbnail","6":"product_cat-accessoires","7":"product_shipping_class-kije-fr","9":"first","10":"instock","11":"taxable","12":"shipping-taxable","13":"product-type-simple"},"yoast_head":"<!-- This site is optimized with the Yoast SEO plugin v27.0 - https:\/\/yoast.com\/product\/yoast-seo-wordpress\/ -->\n<title>B\u00e2ton tipi, B\u00e2ton de tente tipi, Poteau en bois tipi - Cozydots.com<\/title>\n<meta name=\"description\" content=\"Poteaux de tipi en bois, utilis\u00e9s comme cadre pour la tente.Les b\u00e2tons sont lisses \u2013 soigneusement ponc\u00e9s\" \/>\n<meta name=\"robots\" content=\"index, follow, max-snippet:-1, max-image-preview:large, max-video-preview:-1\" \/>\n<link rel=\"canonical\" href=\"https:\/\/cozydots.com\/fr\/produit\/baton-tipi-baton-de-tente-tipi-poteau-en-bois-tipi\/\" \/>\n<meta property=\"og:locale\" content=\"fr_FR\" \/>\n<meta property=\"og:type\" content=\"article\" \/>\n<meta property=\"og:title\" content=\"B\u00e2ton tipi, B\u00e2ton de tente tipi, Poteau en bois tipi - Cozydots.com\" \/>\n<meta property=\"og:description\" content=\"Poteaux de tipi en bois, utilis\u00e9s comme cadre pour la tente.Les b\u00e2tons sont lisses \u2013 soigneusement ponc\u00e9s\" \/>\n<meta property=\"og:url\" content=\"https:\/\/cozydots.com\/fr\/produit\/baton-tipi-baton-de-tente-tipi-poteau-en-bois-tipi\/\" \/>\n<meta property=\"og:site_name\" content=\"Cozydots.com\" \/>\n<meta property=\"article:modified_time\" content=\"2025-01-17T16:58:30+00:00\" \/>\n<meta property=\"og:image\" content=\"https:\/\/cozydots.com\/wp-content\/uploads\/2023\/03\/tipi-stick-scaled.jpg\" \/>\n\t<meta property=\"og:image:width\" content=\"1707\" \/>\n\t<meta property=\"og:image:height\" content=\"2560\" \/>\n\t<meta property=\"og:image:type\" content=\"image\/jpeg\" \/>\n<meta name=\"twitter:card\" content=\"summary_large_image\" \/>\n<meta name=\"twitter:label1\" content=\"Dur\u00e9e de lecture estim\u00e9e\" \/>\n\t<meta name=\"twitter:data1\" content=\"1 minute\" \/>\n<script type=\"application\/ld+json\" class=\"yoast-schema-graph\">{\"@context\":\"https:\/\/schema.org\",\"@graph\":[{\"@type\":\"WebPage\",\"@id\":\"https:\/\/cozydots.com\/fr\/produit\/baton-tipi-baton-de-tente-tipi-poteau-en-bois-tipi\/\",\"url\":\"https:\/\/cozydots.com\/fr\/produit\/baton-tipi-baton-de-tente-tipi-poteau-en-bois-tipi\/\",\"name\":\"B\u00e2ton tipi, B\u00e2ton de tente tipi, Poteau en bois tipi - Cozydots.com\",\"isPartOf\":{\"@id\":\"https:\/\/cozydots.com\/fr\/#website\"},\"primaryImageOfPage\":{\"@id\":\"https:\/\/cozydots.com\/fr\/produit\/baton-tipi-baton-de-tente-tipi-poteau-en-bois-tipi\/#primaryimage\"},\"image\":{\"@id\":\"https:\/\/cozydots.com\/fr\/produit\/baton-tipi-baton-de-tente-tipi-poteau-en-bois-tipi\/#primaryimage\"},\"thumbnailUrl\":\"https:\/\/cozydots.com\/wp-content\/uploads\/2023\/03\/tipi-stick-scaled.jpg\",\"datePublished\":\"2022-01-13T12:18:54+00:00\",\"dateModified\":\"2025-01-17T16:58:30+00:00\",\"description\":\"Poteaux de tipi en bois, utilis\u00e9s comme cadre pour la tente.Les b\u00e2tons sont lisses \u2013 soigneusement ponc\u00e9s\",\"breadcrumb\":{\"@id\":\"https:\/\/cozydots.com\/fr\/produit\/baton-tipi-baton-de-tente-tipi-poteau-en-bois-tipi\/#breadcrumb\"},\"inLanguage\":\"fr-FR\",\"potentialAction\":[{\"@type\":\"ReadAction\",\"target\":[\"https:\/\/cozydots.com\/fr\/produit\/baton-tipi-baton-de-tente-tipi-poteau-en-bois-tipi\/\"]}]},{\"@type\":\"ImageObject\",\"inLanguage\":\"fr-FR\",\"@id\":\"https:\/\/cozydots.com\/fr\/produit\/baton-tipi-baton-de-tente-tipi-poteau-en-bois-tipi\/#primaryimage\",\"url\":\"https:\/\/cozydots.com\/wp-content\/uploads\/2023\/03\/tipi-stick-scaled.jpg\",\"contentUrl\":\"https:\/\/cozydots.com\/wp-content\/uploads\/2023\/03\/tipi-stick-scaled.jpg\",\"width\":1707,\"height\":2560},{\"@type\":\"BreadcrumbList\",\"@id\":\"https:\/\/cozydots.com\/fr\/produit\/baton-tipi-baton-de-tente-tipi-poteau-en-bois-tipi\/#breadcrumb\",\"itemListElement\":[{\"@type\":\"ListItem\",\"position\":1,\"name\":\"Strona g\u0142\u00f3wna\",\"item\":\"https:\/\/cozydots.com\/fr\/\"},{\"@type\":\"ListItem\",\"position\":2,\"name\":\"Boutique\",\"item\":\"https:\/\/cozydots.com\/fr\/boutique\/\"},{\"@type\":\"ListItem\",\"position\":3,\"name\":\"B\u00e2ton tipi, B\u00e2ton de tente tipi, Poteau en bois tipi\"}]},{\"@type\":\"WebSite\",\"@id\":\"https:\/\/cozydots.com\/fr\/#website\",\"url\":\"https:\/\/cozydots.com\/fr\/\",\"name\":\"Cozydots.com\",\"description\":\"Producent namiot\u00f3w Tipi\",\"publisher\":{\"@id\":\"https:\/\/cozydots.com\/fr\/#organization\"},\"potentialAction\":[{\"@type\":\"SearchAction\",\"target\":{\"@type\":\"EntryPoint\",\"urlTemplate\":\"https:\/\/cozydots.com\/fr\/?s={search_term_string}\"},\"query-input\":{\"@type\":\"PropertyValueSpecification\",\"valueRequired\":true,\"valueName\":\"search_term_string\"}}],\"inLanguage\":\"fr-FR\"},{\"@type\":\"Organization\",\"@id\":\"https:\/\/cozydots.com\/fr\/#organization\",\"name\":\"Cozydots.com\",\"url\":\"https:\/\/cozydots.com\/fr\/\",\"logo\":{\"@type\":\"ImageObject\",\"inLanguage\":\"fr-FR\",\"@id\":\"https:\/\/cozydots.com\/fr\/#\/schema\/logo\/image\/\",\"url\":\"https:\/\/cozydots.com\/wp-content\/uploads\/2021\/10\/cozyshop_logo.png\",\"contentUrl\":\"https:\/\/cozydots.com\/wp-content\/uploads\/2021\/10\/cozyshop_logo.png\",\"width\":400,\"height\":121,\"caption\":\"Cozydots.com\"},\"image\":{\"@id\":\"https:\/\/cozydots.com\/fr\/#\/schema\/logo\/image\/\"}}]}<\/script>\n<!-- \/ Yoast SEO plugin. -->","yoast_head_json":{"title":"B\u00e2ton tipi, B\u00e2ton de tente tipi, Poteau en bois tipi - Cozydots.com","description":"Poteaux de tipi en bois, utilis\u00e9s comme cadre pour la tente.Les b\u00e2tons sont lisses \u2013 soigneusement ponc\u00e9s","robots":{"index":"index","follow":"follow","max-snippet":"max-snippet:-1","max-image-preview":"max-image-preview:large","max-video-preview":"max-video-preview:-1"},"canonical":"https:\/\/cozydots.com\/fr\/produit\/baton-tipi-baton-de-tente-tipi-poteau-en-bois-tipi\/","og_locale":"fr_FR","og_type":"article","og_title":"B\u00e2ton tipi, B\u00e2ton de tente tipi, Poteau en bois tipi - Cozydots.com","og_description":"Poteaux de tipi en bois, utilis\u00e9s comme cadre pour la tente.Les b\u00e2tons sont lisses \u2013 soigneusement ponc\u00e9s","og_url":"https:\/\/cozydots.com\/fr\/produit\/baton-tipi-baton-de-tente-tipi-poteau-en-bois-tipi\/","og_site_name":"Cozydots.com","article_modified_time":"2025-01-17T16:58:30+00:00","og_image":[{"width":1707,"height":2560,"url":"https:\/\/cozydots.com\/wp-content\/uploads\/2023\/03\/tipi-stick-scaled.jpg","type":"image\/jpeg"}],"twitter_card":"summary_large_image","twitter_misc":{"Dur\u00e9e de lecture estim\u00e9e":"1 minute"},"schema":{"@context":"https:\/\/schema.org","@graph":[{"@type":"WebPage","@id":"https:\/\/cozydots.com\/fr\/produit\/baton-tipi-baton-de-tente-tipi-poteau-en-bois-tipi\/","url":"https:\/\/cozydots.com\/fr\/produit\/baton-tipi-baton-de-tente-tipi-poteau-en-bois-tipi\/","name":"B\u00e2ton tipi, B\u00e2ton de tente tipi, Poteau en bois tipi - Cozydots.com","isPartOf":{"@id":"https:\/\/cozydots.com\/fr\/#website"},"primaryImageOfPage":{"@id":"https:\/\/cozydots.com\/fr\/produit\/baton-tipi-baton-de-tente-tipi-poteau-en-bois-tipi\/#primaryimage"},"image":{"@id":"https:\/\/cozydots.com\/fr\/produit\/baton-tipi-baton-de-tente-tipi-poteau-en-bois-tipi\/#primaryimage"},"thumbnailUrl":"https:\/\/cozydots.com\/wp-content\/uploads\/2023\/03\/tipi-stick-scaled.jpg","datePublished":"2022-01-13T12:18:54+00:00","dateModified":"2025-01-17T16:58:30+00:00","description":"Poteaux de tipi en bois, utilis\u00e9s comme cadre pour la tente.Les b\u00e2tons sont lisses \u2013 soigneusement ponc\u00e9s","breadcrumb":{"@id":"https:\/\/cozydots.com\/fr\/produit\/baton-tipi-baton-de-tente-tipi-poteau-en-bois-tipi\/#breadcrumb"},"inLanguage":"fr-FR","potentialAction":[{"@type":"ReadAction","target":["https:\/\/cozydots.com\/fr\/produit\/baton-tipi-baton-de-tente-tipi-poteau-en-bois-tipi\/"]}]},{"@type":"ImageObject","inLanguage":"fr-FR","@id":"https:\/\/cozydots.com\/fr\/produit\/baton-tipi-baton-de-tente-tipi-poteau-en-bois-tipi\/#primaryimage","url":"https:\/\/cozydots.com\/wp-content\/uploads\/2023\/03\/tipi-stick-scaled.jpg","contentUrl":"https:\/\/cozydots.com\/wp-content\/uploads\/2023\/03\/tipi-stick-scaled.jpg","width":1707,"height":2560},{"@type":"BreadcrumbList","@id":"https:\/\/cozydots.com\/fr\/produit\/baton-tipi-baton-de-tente-tipi-poteau-en-bois-tipi\/#breadcrumb","itemListElement":[{"@type":"ListItem","position":1,"name":"Strona g\u0142\u00f3wna","item":"https:\/\/cozydots.com\/fr\/"},{"@type":"ListItem","position":2,"name":"Boutique","item":"https:\/\/cozydots.com\/fr\/boutique\/"},{"@type":"ListItem","position":3,"name":"B\u00e2ton tipi, B\u00e2ton de tente tipi, Poteau en bois tipi"}]},{"@type":"WebSite","@id":"https:\/\/cozydots.com\/fr\/#website","url":"https:\/\/cozydots.com\/fr\/","name":"Cozydots.com","description":"Producent namiot\u00f3w Tipi","publisher":{"@id":"https:\/\/cozydots.com\/fr\/#organization"},"potentialAction":[{"@type":"SearchAction","target":{"@type":"EntryPoint","urlTemplate":"https:\/\/cozydots.com\/fr\/?s={search_term_string}"},"query-input":{"@type":"PropertyValueSpecification","valueRequired":true,"valueName":"search_term_string"}}],"inLanguage":"fr-FR"},{"@type":"Organization","@id":"https:\/\/cozydots.com\/fr\/#organization","name":"Cozydots.com","url":"https:\/\/cozydots.com\/fr\/","logo":{"@type":"ImageObject","inLanguage":"fr-FR","@id":"https:\/\/cozydots.com\/fr\/#\/schema\/logo\/image\/","url":"https:\/\/cozydots.com\/wp-content\/uploads\/2021\/10\/cozyshop_logo.png","contentUrl":"https:\/\/cozydots.com\/wp-content\/uploads\/2021\/10\/cozyshop_logo.png","width":400,"height":121,"caption":"Cozydots.com"},"image":{"@id":"https:\/\/cozydots.com\/fr\/#\/schema\/logo\/image\/"}}]}},"_links":{"self":[{"href":"https:\/\/cozydots.com\/fr\/wp-json\/wp\/v2\/product\/47323","targetHints":{"allow":["GET"]}}],"collection":[{"href":"https:\/\/cozydots.com\/fr\/wp-json\/wp\/v2\/product"}],"about":[{"href":"https:\/\/cozydots.com\/fr\/wp-json\/wp\/v2\/types\/product"}],"replies":[{"embeddable":true,"href":"https:\/\/cozydots.com\/fr\/wp-json\/wp\/v2\/comments?post=47323"}],"wp:featuredmedia":[{"embeddable":true,"href":"https:\/\/cozydots.com\/fr\/wp-json\/wp\/v2\/media\/54967"}],"wp:attachment":[{"href":"https:\/\/cozydots.com\/fr\/wp-json\/wp\/v2\/media?parent=47323"}],"wp:term":[{"taxonomy":"product_brand","embeddable":true,"href":"https:\/\/cozydots.com\/fr\/wp-json\/wp\/v2\/product_brand?post=47323"},{"taxonomy":"product_cat","embeddable":true,"href":"https:\/\/cozydots.com\/fr\/wp-json\/wp\/v2\/product_cat?post=47323"},{"taxonomy":"product_tag","embeddable":true,"href":"https:\/\/cozydots.com\/fr\/wp-json\/wp\/v2\/product_tag?post=47323"}],"curies":[{"name":"wp","href":"https:\/\/api.w.org\/{rel}","templated":true}]}}