{"id":47330,"date":"2022-01-13T13:23:22","date_gmt":"2022-01-13T12:23:22","guid":{"rendered":"https:\/\/cozydots.com\/?post_type=product&#038;p=47330"},"modified":"2023-02-08T11:58:11","modified_gmt":"2023-02-08T10:58:11","slug":"guirlande-forest-friends-fanion-velours","status":"publish","type":"product","link":"https:\/\/cozydots.com\/fr\/produit\/guirlande-forest-friends-fanion-velours\/","title":{"rendered":"Guirlande Forest Friends, Fanion Velours"},"content":{"rendered":"<p style=\"text-align: center\"><b>Cr\u00e9ez une ambiance for\u00eat dans la chambre de votre enfant avec Cozy &amp; Dozy<\/b><\/p>\n<p><b>La guirlande Forest Life est l&#8217;id\u00e9e cadeau parfaite pour un b\u00e9b\u00e9 et un enfant plus \u00e2g\u00e9. Les motifs forestiers qui le composent (il poss\u00e8de 5 cintres &#8211; 3 feuilles et deux col\u00e9opt\u00e8res) inciteront certainement l&#8217;enfant \u00e0 mieux conna\u00eetre le monde forestier. Un ornement dans des tons de terre s&#8217;int\u00e9grera \u00e9galement \u00e0 merveille dans tous les int\u00e9rieurs.<\/b><\/p>\n<p>Des guirlandes de velours, faites de mati\u00e8res douces, font d&#8217;une chambre d&#8217;enfant un endroit chaleureux et cosy. Un endroit o\u00f9 un enfant peut se sentir en s\u00e9curit\u00e9 et \u00e0 l&#8217;aise. Gr\u00e2ce \u00e0 cela, il est plus susceptible d&#8217;y passer du temps, de jouer et de se reposer.<\/p>\n<p><b>La guirlande Forest Life sera parfaite comme d\u00e9coration pour une chambre d&#8217;enfant, une salle de jeux, une f\u00eate d&#8217;anniversaire ou une s\u00e9ance photo. Il ajoutera un caract\u00e8re magique \u00e0 l&#8217;int\u00e9rieur et soulignera la force de l&#8217;originalit\u00e9.<\/b><\/p>\n<p>De plus, la guirlande a \u00e9t\u00e9 r\u00e9alis\u00e9e dans notre atelier du d\u00e9but \u00e0 la fin. Par cons\u00e9quent, l&#8217;enfant recevra un cadeau unique et irrempla\u00e7able qui attirera s\u00fbrement son attention et lui procurera beaucoup de plaisir. Les enfants aiment aussi montrer des cadeaux \u00e0 leurs amis, et notre guirlande suscitera s\u00fbrement leur int\u00e9r\u00eat.<\/p>\n<p>La s\u00e9curit\u00e9 des enfants est notre premi\u00e8re priorit\u00e9, c&#8217;est pourquoi la guirlande est compos\u00e9e \u00e0 100% de velours de la plus haute qualit\u00e9. Ce mat\u00e9riau est certifi\u00e9 , ce qui signifie qu&#8217;il convient aux peaux m\u00eame sensibles &#8211; il ne provoque pas d&#8217;allergies ni d&#8217;irritations. Ainsi, vous pouvez offrir notre produit \u00e0 votre enfant sans aucun souci.<\/p>\n<p>Votre enfant aime les climats forestiers ?<\/p>\n<p>La guirlande Forest Life s&#8217;harmonise parfaitement avec les autres produits de la collection Forest &#8211; Cozy &amp; Dozy propose une tente tipi, des tapis et des oreillers \u00e0 l&#8217;ensemble. Ainsi, vous pouvez cr\u00e9er un espace coh\u00e9rent pour votre enfant rempli d&#8217;une vari\u00e9t\u00e9 de produits avec lesquels l&#8217;ennui ne s&#8217;installera certainement pas dans la pi\u00e8ce.<\/p>\n<p>Dimensions:<\/p>\n<p>* Longueur : ficelle en coton &#8211; 235 cm<\/p>\n<p>* Taille des ornements : feuilles &#8211; 18 x16 cm, scarab\u00e9e 19 x 20 cm<\/p>\n<p>Composition:<\/p>\n<p>* D\u00e9coration : 100% velours (certificat , CE)<\/p>\n<p>* Corde : 100 % coton<\/p>\n<p>La lessive:<\/p>\n<p>* Les d\u00e9corations peuvent \u00eatre lav\u00e9es \u00e0 40 degr\u00e9s<\/p>\n<p>* Spin &#8211; 800 tours<\/p>\n<p>* Ne pas nettoyer \u00e0 sec, ne pas javelliser<\/p>\n<p>* S\u00e9cher sur une surface plane<\/p>\n","protected":false},"excerpt":{"rendered":"<p>De plus en plus souvent on voit de belles guirlandes dans les chambres d&#8217;enfants et cela ne nous \u00e9tonne pas du tout ! Les guirlandes sont des d\u00e9corations d\u00e9licates qui ressemblent \u00e0 une cerise sur un g\u00e2teau &#8211; elles cr\u00e9ent une atmosph\u00e8re magique \u00e0 l&#8217;int\u00e9rieur.<\/p>\n","protected":false},"featured_media":47334,"comment_status":"open","ping_status":"closed","template":"","meta":[],"product_brand":[],"product_cat":[468],"product_tag":[],"class_list":{"0":"post-47330","1":"product","2":"type-product","3":"status-publish","4":"has-post-thumbnail","6":"product_cat-accessoires","7":"product_shipping_class-kije-fr","9":"first","10":"instock","11":"taxable","12":"shipping-taxable","13":"product-type-simple"},"yoast_head":"<!-- This site is optimized with the Yoast SEO plugin v27.0 - https:\/\/yoast.com\/product\/yoast-seo-wordpress\/ -->\n<title>Guirlande Forest Friends, Fanion Velours - Cozydots.com<\/title>\n<meta name=\"description\" content=\"De plus en plus souvent on voit de belles guirlandes dans les chambres d&#039;enfants et cela ne nous \u00e9tonne pas du tout ! Les guirlandes sont des d\u00e9corations d\u00e9licates qui ressemblent \u00e0 une cerise sur un g\u00e2teau - elles cr\u00e9ent une atmosph\u00e8re magique \u00e0 l&#039;int\u00e9rieur.\" \/>\n<meta name=\"robots\" content=\"index, follow, max-snippet:-1, max-image-preview:large, max-video-preview:-1\" \/>\n<link rel=\"canonical\" href=\"https:\/\/cozydots.com\/fr\/produit\/guirlande-forest-friends-fanion-velours\/\" \/>\n<meta property=\"og:locale\" content=\"fr_FR\" \/>\n<meta property=\"og:type\" content=\"article\" \/>\n<meta property=\"og:title\" content=\"Guirlande Forest Friends, Fanion Velours - Cozydots.com\" \/>\n<meta property=\"og:description\" content=\"De plus en plus souvent on voit de belles guirlandes dans les chambres d&#039;enfants et cela ne nous \u00e9tonne pas du tout ! Les guirlandes sont des d\u00e9corations d\u00e9licates qui ressemblent \u00e0 une cerise sur un g\u00e2teau - elles cr\u00e9ent une atmosph\u00e8re magique \u00e0 l&#039;int\u00e9rieur.\" \/>\n<meta property=\"og:url\" content=\"https:\/\/cozydots.com\/fr\/produit\/guirlande-forest-friends-fanion-velours\/\" \/>\n<meta property=\"og:site_name\" content=\"Cozydots.com\" \/>\n<meta property=\"article:modified_time\" content=\"2023-02-08T10:58:11+00:00\" \/>\n<meta property=\"og:image\" content=\"https:\/\/cozydots.com\/wp-content\/uploads\/2022\/01\/image00001.jpeg\" \/>\n\t<meta property=\"og:image:width\" content=\"1202\" \/>\n\t<meta property=\"og:image:height\" content=\"1200\" \/>\n\t<meta property=\"og:image:type\" content=\"image\/jpeg\" \/>\n<meta name=\"twitter:card\" content=\"summary_large_image\" \/>\n<meta name=\"twitter:label1\" content=\"Dur\u00e9e de lecture estim\u00e9e\" \/>\n\t<meta name=\"twitter:data1\" content=\"3 minutes\" \/>\n<script type=\"application\/ld+json\" class=\"yoast-schema-graph\">{\"@context\":\"https:\/\/schema.org\",\"@graph\":[{\"@type\":\"WebPage\",\"@id\":\"https:\/\/cozydots.com\/fr\/produit\/guirlande-forest-friends-fanion-velours\/\",\"url\":\"https:\/\/cozydots.com\/fr\/produit\/guirlande-forest-friends-fanion-velours\/\",\"name\":\"Guirlande Forest Friends, Fanion Velours - Cozydots.com\",\"isPartOf\":{\"@id\":\"https:\/\/cozydots.com\/fr\/#website\"},\"primaryImageOfPage\":{\"@id\":\"https:\/\/cozydots.com\/fr\/produit\/guirlande-forest-friends-fanion-velours\/#primaryimage\"},\"image\":{\"@id\":\"https:\/\/cozydots.com\/fr\/produit\/guirlande-forest-friends-fanion-velours\/#primaryimage\"},\"thumbnailUrl\":\"https:\/\/cozydots.com\/wp-content\/uploads\/2022\/01\/image00001.jpeg\",\"datePublished\":\"2022-01-13T12:23:22+00:00\",\"dateModified\":\"2023-02-08T10:58:11+00:00\",\"description\":\"De plus en plus souvent on voit de belles guirlandes dans les chambres d'enfants et cela ne nous \u00e9tonne pas du tout ! Les guirlandes sont des d\u00e9corations d\u00e9licates qui ressemblent \u00e0 une cerise sur un g\u00e2teau - elles cr\u00e9ent une atmosph\u00e8re magique \u00e0 l'int\u00e9rieur.\",\"breadcrumb\":{\"@id\":\"https:\/\/cozydots.com\/fr\/produit\/guirlande-forest-friends-fanion-velours\/#breadcrumb\"},\"inLanguage\":\"fr-FR\",\"potentialAction\":[{\"@type\":\"ReadAction\",\"target\":[\"https:\/\/cozydots.com\/fr\/produit\/guirlande-forest-friends-fanion-velours\/\"]}]},{\"@type\":\"ImageObject\",\"inLanguage\":\"fr-FR\",\"@id\":\"https:\/\/cozydots.com\/fr\/produit\/guirlande-forest-friends-fanion-velours\/#primaryimage\",\"url\":\"https:\/\/cozydots.com\/wp-content\/uploads\/2022\/01\/image00001.jpeg\",\"contentUrl\":\"https:\/\/cozydots.com\/wp-content\/uploads\/2022\/01\/image00001.jpeg\",\"width\":1202,\"height\":1200},{\"@type\":\"BreadcrumbList\",\"@id\":\"https:\/\/cozydots.com\/fr\/produit\/guirlande-forest-friends-fanion-velours\/#breadcrumb\",\"itemListElement\":[{\"@type\":\"ListItem\",\"position\":1,\"name\":\"Strona g\u0142\u00f3wna\",\"item\":\"https:\/\/cozydots.com\/fr\/\"},{\"@type\":\"ListItem\",\"position\":2,\"name\":\"Boutique\",\"item\":\"https:\/\/cozydots.com\/fr\/boutique\/\"},{\"@type\":\"ListItem\",\"position\":3,\"name\":\"Guirlande Forest Friends, Fanion Velours\"}]},{\"@type\":\"WebSite\",\"@id\":\"https:\/\/cozydots.com\/fr\/#website\",\"url\":\"https:\/\/cozydots.com\/fr\/\",\"name\":\"Cozydots.com\",\"description\":\"Producent namiot\u00f3w Tipi\",\"publisher\":{\"@id\":\"https:\/\/cozydots.com\/fr\/#organization\"},\"potentialAction\":[{\"@type\":\"SearchAction\",\"target\":{\"@type\":\"EntryPoint\",\"urlTemplate\":\"https:\/\/cozydots.com\/fr\/?s={search_term_string}\"},\"query-input\":{\"@type\":\"PropertyValueSpecification\",\"valueRequired\":true,\"valueName\":\"search_term_string\"}}],\"inLanguage\":\"fr-FR\"},{\"@type\":\"Organization\",\"@id\":\"https:\/\/cozydots.com\/fr\/#organization\",\"name\":\"Cozydots.com\",\"url\":\"https:\/\/cozydots.com\/fr\/\",\"logo\":{\"@type\":\"ImageObject\",\"inLanguage\":\"fr-FR\",\"@id\":\"https:\/\/cozydots.com\/fr\/#\/schema\/logo\/image\/\",\"url\":\"https:\/\/cozydots.com\/wp-content\/uploads\/2021\/10\/cozyshop_logo.png\",\"contentUrl\":\"https:\/\/cozydots.com\/wp-content\/uploads\/2021\/10\/cozyshop_logo.png\",\"width\":400,\"height\":121,\"caption\":\"Cozydots.com\"},\"image\":{\"@id\":\"https:\/\/cozydots.com\/fr\/#\/schema\/logo\/image\/\"}}]}<\/script>\n<!-- \/ Yoast SEO plugin. -->","yoast_head_json":{"title":"Guirlande Forest Friends, Fanion Velours - Cozydots.com","description":"De plus en plus souvent on voit de belles guirlandes dans les chambres d'enfants et cela ne nous \u00e9tonne pas du tout ! Les guirlandes sont des d\u00e9corations d\u00e9licates qui ressemblent \u00e0 une cerise sur un g\u00e2teau - elles cr\u00e9ent une atmosph\u00e8re magique \u00e0 l'int\u00e9rieur.","robots":{"index":"index","follow":"follow","max-snippet":"max-snippet:-1","max-image-preview":"max-image-preview:large","max-video-preview":"max-video-preview:-1"},"canonical":"https:\/\/cozydots.com\/fr\/produit\/guirlande-forest-friends-fanion-velours\/","og_locale":"fr_FR","og_type":"article","og_title":"Guirlande Forest Friends, Fanion Velours - Cozydots.com","og_description":"De plus en plus souvent on voit de belles guirlandes dans les chambres d'enfants et cela ne nous \u00e9tonne pas du tout ! Les guirlandes sont des d\u00e9corations d\u00e9licates qui ressemblent \u00e0 une cerise sur un g\u00e2teau - elles cr\u00e9ent une atmosph\u00e8re magique \u00e0 l'int\u00e9rieur.","og_url":"https:\/\/cozydots.com\/fr\/produit\/guirlande-forest-friends-fanion-velours\/","og_site_name":"Cozydots.com","article_modified_time":"2023-02-08T10:58:11+00:00","og_image":[{"width":1202,"height":1200,"url":"https:\/\/cozydots.com\/wp-content\/uploads\/2022\/01\/image00001.jpeg","type":"image\/jpeg"}],"twitter_card":"summary_large_image","twitter_misc":{"Dur\u00e9e de lecture estim\u00e9e":"3 minutes"},"schema":{"@context":"https:\/\/schema.org","@graph":[{"@type":"WebPage","@id":"https:\/\/cozydots.com\/fr\/produit\/guirlande-forest-friends-fanion-velours\/","url":"https:\/\/cozydots.com\/fr\/produit\/guirlande-forest-friends-fanion-velours\/","name":"Guirlande Forest Friends, Fanion Velours - Cozydots.com","isPartOf":{"@id":"https:\/\/cozydots.com\/fr\/#website"},"primaryImageOfPage":{"@id":"https:\/\/cozydots.com\/fr\/produit\/guirlande-forest-friends-fanion-velours\/#primaryimage"},"image":{"@id":"https:\/\/cozydots.com\/fr\/produit\/guirlande-forest-friends-fanion-velours\/#primaryimage"},"thumbnailUrl":"https:\/\/cozydots.com\/wp-content\/uploads\/2022\/01\/image00001.jpeg","datePublished":"2022-01-13T12:23:22+00:00","dateModified":"2023-02-08T10:58:11+00:00","description":"De plus en plus souvent on voit de belles guirlandes dans les chambres d'enfants et cela ne nous \u00e9tonne pas du tout ! Les guirlandes sont des d\u00e9corations d\u00e9licates qui ressemblent \u00e0 une cerise sur un g\u00e2teau - elles cr\u00e9ent une atmosph\u00e8re magique \u00e0 l'int\u00e9rieur.","breadcrumb":{"@id":"https:\/\/cozydots.com\/fr\/produit\/guirlande-forest-friends-fanion-velours\/#breadcrumb"},"inLanguage":"fr-FR","potentialAction":[{"@type":"ReadAction","target":["https:\/\/cozydots.com\/fr\/produit\/guirlande-forest-friends-fanion-velours\/"]}]},{"@type":"ImageObject","inLanguage":"fr-FR","@id":"https:\/\/cozydots.com\/fr\/produit\/guirlande-forest-friends-fanion-velours\/#primaryimage","url":"https:\/\/cozydots.com\/wp-content\/uploads\/2022\/01\/image00001.jpeg","contentUrl":"https:\/\/cozydots.com\/wp-content\/uploads\/2022\/01\/image00001.jpeg","width":1202,"height":1200},{"@type":"BreadcrumbList","@id":"https:\/\/cozydots.com\/fr\/produit\/guirlande-forest-friends-fanion-velours\/#breadcrumb","itemListElement":[{"@type":"ListItem","position":1,"name":"Strona g\u0142\u00f3wna","item":"https:\/\/cozydots.com\/fr\/"},{"@type":"ListItem","position":2,"name":"Boutique","item":"https:\/\/cozydots.com\/fr\/boutique\/"},{"@type":"ListItem","position":3,"name":"Guirlande Forest Friends, Fanion Velours"}]},{"@type":"WebSite","@id":"https:\/\/cozydots.com\/fr\/#website","url":"https:\/\/cozydots.com\/fr\/","name":"Cozydots.com","description":"Producent namiot\u00f3w Tipi","publisher":{"@id":"https:\/\/cozydots.com\/fr\/#organization"},"potentialAction":[{"@type":"SearchAction","target":{"@type":"EntryPoint","urlTemplate":"https:\/\/cozydots.com\/fr\/?s={search_term_string}"},"query-input":{"@type":"PropertyValueSpecification","valueRequired":true,"valueName":"search_term_string"}}],"inLanguage":"fr-FR"},{"@type":"Organization","@id":"https:\/\/cozydots.com\/fr\/#organization","name":"Cozydots.com","url":"https:\/\/cozydots.com\/fr\/","logo":{"@type":"ImageObject","inLanguage":"fr-FR","@id":"https:\/\/cozydots.com\/fr\/#\/schema\/logo\/image\/","url":"https:\/\/cozydots.com\/wp-content\/uploads\/2021\/10\/cozyshop_logo.png","contentUrl":"https:\/\/cozydots.com\/wp-content\/uploads\/2021\/10\/cozyshop_logo.png","width":400,"height":121,"caption":"Cozydots.com"},"image":{"@id":"https:\/\/cozydots.com\/fr\/#\/schema\/logo\/image\/"}}]}},"_links":{"self":[{"href":"https:\/\/cozydots.com\/fr\/wp-json\/wp\/v2\/product\/47330","targetHints":{"allow":["GET"]}}],"collection":[{"href":"https:\/\/cozydots.com\/fr\/wp-json\/wp\/v2\/product"}],"about":[{"href":"https:\/\/cozydots.com\/fr\/wp-json\/wp\/v2\/types\/product"}],"replies":[{"embeddable":true,"href":"https:\/\/cozydots.com\/fr\/wp-json\/wp\/v2\/comments?post=47330"}],"wp:featuredmedia":[{"embeddable":true,"href":"https:\/\/cozydots.com\/fr\/wp-json\/wp\/v2\/media\/47334"}],"wp:attachment":[{"href":"https:\/\/cozydots.com\/fr\/wp-json\/wp\/v2\/media?parent=47330"}],"wp:term":[{"taxonomy":"product_brand","embeddable":true,"href":"https:\/\/cozydots.com\/fr\/wp-json\/wp\/v2\/product_brand?post=47330"},{"taxonomy":"product_cat","embeddable":true,"href":"https:\/\/cozydots.com\/fr\/wp-json\/wp\/v2\/product_cat?post=47330"},{"taxonomy":"product_tag","embeddable":true,"href":"https:\/\/cozydots.com\/fr\/wp-json\/wp\/v2\/product_tag?post=47330"}],"curies":[{"name":"wp","href":"https:\/\/api.w.org\/{rel}","templated":true}]}}