{"id":47904,"date":"2022-01-29T18:23:56","date_gmt":"2022-01-29T17:23:57","guid":{"rendered":"https:\/\/cozydots.com\/?post_type=product&#038;p=47904"},"modified":"2022-01-31T03:39:37","modified_gmt":"2022-01-31T02:39:37","slug":"oreiller-koala-coussin-decoratif-en-velours-gris-kopia","status":"publish","type":"product","link":"https:\/\/cozydots.com\/fr\/produit\/oreiller-koala-coussin-decoratif-en-velours-gris-kopia\/","title":{"rendered":"Oreiller Bull, coussin d\u00e9coratif"},"content":{"rendered":"<div>\n<p><strong>H\u00e9 l&#8217;aventure ! Amusez-vous avec Cozy &amp; Dozy<\/strong><\/p>\n<p><strong>Vous ne pouvez pas enlever vos mains du confortable oreiller Bull ! Il est fait d&#8217;un velours tr\u00e8s doux. Ce mat\u00e9riau fait de l&#8217;utilisation de l&#8217;oreiller une exp\u00e9rience extr\u00eamement agr\u00e9able. Votre b\u00e9b\u00e9 se fera un plaisir de le serrer dans ses bras et de l&#8217;emmener \u00e0 toutes les siestes.<\/strong><\/p>\n<p>La s\u00e9curit\u00e9 des enfants est toujours notre priorit\u00e9 absolue, c&#8217;est pourquoi l&#8217;oreiller est compos\u00e9 \u00e0 100 % de velours de la plus haute qualit\u00e9. Ce mat\u00e9riau est certifi\u00e9 , CE, ce qui signifie qu&#8217;il convient m\u00eame aux peaux les plus sensibles &#8211; il ne provoque pas d&#8217;allergies ni d&#8217;irritations. Ainsi, vous pouvez donner \u00e0 votre enfant notre produit sans aucun souci.<\/p>\n<p>L&#8217;oreiller Bull est un produit exceptionnel et unique. Il a \u00e9t\u00e9 con\u00e7u par nos soins, peaufin\u00e9 dans les moindres d\u00e9tails et cousu par nos couturi\u00e8res exp\u00e9riment\u00e9es. Gr\u00e2ce \u00e0 cela, vous pouvez \u00eatre s\u00fbr d&#8217;obtenir un produit de la plus haute qualit\u00e9, fabriqu\u00e9 avec beaucoup de soin. C&#8217;est tr\u00e8s important pour nous pour une raison pr\u00e9cise. Notre exp\u00e9rience montre que les enfants apprennent mieux du bon exemple que leurs parents leur donnent. Lorsque votre enfant re\u00e7oit un beau produit de haute qualit\u00e9, il pourra apprendre les combinaisons de couleurs et le sens de l&#8217;esth\u00e9tique d\u00e8s son plus jeune \u00e2ge. Ils sauront \u00e9galement qu&#8217;il vaut la peine d&#8217;investir dans des produits de bonne qualit\u00e9, car ils restent avec nous plus longtemps.<\/p>\n<p>Nous avons \u00e9t\u00e9 t\u00e9moins de nombreuses fois o\u00f9 les parents cachaient les oreillers ou les jouets de leurs enfants avant les f\u00eates de famille. Les oreillers Cozy &amp; Dozy sont s\u00fbrs &#8211; ils sont beaux et efficaces dans chaque pi\u00e8ce. De plus, on entend m\u00eame parfois que des parents volent nos oreillers \u00e0 leurs enfants.<\/p>\n<p>Votre enfant aime les animaux ?<\/p>\n<p>L&#8217;oreiller Bull s&#8217;int\u00e8gre parfaitement avec d&#8217;autres produits de la collection Adventure &#8211; dans l&#8217;offre Cosy &amp; Dozy, vous trouverez une tente tipi, des tapis, d&#8217;autres oreillers et une guirlande pour l&#8217;ensemble. Ainsi, vous pouvez cr\u00e9er un espace coh\u00e9rent pour votre enfant plein d&#8217;une vari\u00e9t\u00e9 de produits avec lesquels l&#8217;ennui ne s&#8217;installera certainement pas dans sa chambre.<\/p>\n<\/div>\n<div><span lang=\"EN-US\" style=\"color: #555555\">\u00a0<\/span><span style=\"color: #555555\">Dimension:<\/span><\/div>\n<div>\n<p><span lang=\"EN-US\">\u2022 50x40cm<\/span><\/p>\n<\/div>\n<div>\n<p><span lang=\"EN-US\">Composition:<\/span><\/p>\n<\/div>\n<div>\n<p><span lang=\"EN-US\">\u2022 100% velours (certificat , CE)<\/span><\/p>\n<\/div>\n<div>\n<p><span lang=\"EN-US\">\u2022 rembourrage d&#8217;oreiller &#8211; boule de silicone, antiallergique. De plus, la laine de silicone cousue \u00e0 l&#8217;int\u00e9rieur emp\u00eache l&#8217;agglutination du rembourrage.<\/span><\/p>\n<\/div>\n<div>\n<p><span lang=\"EN-US\">La lessive:<\/span><\/p>\n<\/div>\n<div>\n<p><span lang=\"EN-US\">\u2022 Lavable en machine \u00e0 40 degr\u00e9s,<\/span><\/p>\n<\/div>\n<div>\n<p><span lang=\"EN-US\">\u2022 filage &#8211; 800 tours,<\/span><\/p>\n<\/div>\n<div>\n<p><span lang=\"EN-US\">\u2022 ne pas nettoyer \u00e0 sec, ne pas javelliser,<\/span><\/p>\n<\/div>\n<div>\n<p><span lang=\"EN-US\">\u2022 Agiter apr\u00e8s lavage pour arranger le versement,<\/span><\/p>\n<\/div>\n<div>\n<p><span lang=\"EN-US\">\u2022 s\u00e9cher sur une surface plane. Sans quoi nous ne pouvons imaginer la mer terrestre ? Bien s\u00fbr, sans coquillages magnifiques et uniques. Et c&#8217;est mieux quand ces coquillages sont des coussins doux et agr\u00e9ables au toucher !<\/span><\/p>\n<\/div>\n","protected":false},"excerpt":{"rendered":"<p>Un grand et confortable coussin Koala d\u00e9coratif en velours d\u00e9licat.<\/p>\n","protected":false},"featured_media":50873,"comment_status":"open","ping_status":"closed","template":"","meta":[],"product_brand":[],"product_cat":[470],"product_tag":[],"class_list":{"0":"post-47904","1":"product","2":"type-product","3":"status-publish","4":"has-post-thumbnail","6":"product_cat-coussins-et-poufs","8":"first","9":"instock","10":"taxable","11":"shipping-taxable","12":"product-type-simple"},"yoast_head":"<!-- This site is optimized with the Yoast SEO plugin v27.0 - https:\/\/yoast.com\/product\/yoast-seo-wordpress\/ -->\n<title>Oreiller Bull, coussin d\u00e9coratif - Cozydots.com<\/title>\n<meta name=\"description\" content=\"Un grand et confortable coussin Koala d\u00e9coratif en velours d\u00e9licat.\" \/>\n<meta name=\"robots\" content=\"index, follow, max-snippet:-1, max-image-preview:large, max-video-preview:-1\" \/>\n<link rel=\"canonical\" href=\"https:\/\/cozydots.com\/fr\/produit\/oreiller-koala-coussin-decoratif-en-velours-gris-kopia\/\" \/>\n<meta property=\"og:locale\" content=\"fr_FR\" \/>\n<meta property=\"og:type\" content=\"article\" \/>\n<meta property=\"og:title\" content=\"Oreiller Bull, coussin d\u00e9coratif - Cozydots.com\" \/>\n<meta property=\"og:description\" content=\"Un grand et confortable coussin Koala d\u00e9coratif en velours d\u00e9licat.\" \/>\n<meta property=\"og:url\" content=\"https:\/\/cozydots.com\/fr\/produit\/oreiller-koala-coussin-decoratif-en-velours-gris-kopia\/\" \/>\n<meta property=\"og:site_name\" content=\"Cozydots.com\" \/>\n<meta property=\"article:modified_time\" content=\"2022-01-31T02:39:37+00:00\" \/>\n<meta property=\"og:image\" content=\"https:\/\/cozydots.com\/wp-content\/uploads\/2022\/01\/animal-pillows-1.jpg\" \/>\n\t<meta property=\"og:image:width\" content=\"1200\" \/>\n\t<meta property=\"og:image:height\" content=\"1200\" \/>\n\t<meta property=\"og:image:type\" content=\"image\/jpeg\" \/>\n<meta name=\"twitter:card\" content=\"summary_large_image\" \/>\n<meta name=\"twitter:label1\" content=\"Dur\u00e9e de lecture estim\u00e9e\" \/>\n\t<meta name=\"twitter:data1\" content=\"3 minutes\" \/>\n<script type=\"application\/ld+json\" class=\"yoast-schema-graph\">{\"@context\":\"https:\/\/schema.org\",\"@graph\":[{\"@type\":\"WebPage\",\"@id\":\"https:\/\/cozydots.com\/fr\/produit\/oreiller-koala-coussin-decoratif-en-velours-gris-kopia\/\",\"url\":\"https:\/\/cozydots.com\/fr\/produit\/oreiller-koala-coussin-decoratif-en-velours-gris-kopia\/\",\"name\":\"Oreiller Bull, coussin d\u00e9coratif - Cozydots.com\",\"isPartOf\":{\"@id\":\"https:\/\/cozydots.com\/fr\/#website\"},\"primaryImageOfPage\":{\"@id\":\"https:\/\/cozydots.com\/fr\/produit\/oreiller-koala-coussin-decoratif-en-velours-gris-kopia\/#primaryimage\"},\"image\":{\"@id\":\"https:\/\/cozydots.com\/fr\/produit\/oreiller-koala-coussin-decoratif-en-velours-gris-kopia\/#primaryimage\"},\"thumbnailUrl\":\"https:\/\/cozydots.com\/wp-content\/uploads\/2022\/01\/animal-pillows-1.jpg\",\"datePublished\":\"2022-01-29T17:23:57+00:00\",\"dateModified\":\"2022-01-31T02:39:37+00:00\",\"description\":\"Un grand et confortable coussin Koala d\u00e9coratif en velours d\u00e9licat.\",\"breadcrumb\":{\"@id\":\"https:\/\/cozydots.com\/fr\/produit\/oreiller-koala-coussin-decoratif-en-velours-gris-kopia\/#breadcrumb\"},\"inLanguage\":\"fr-FR\",\"potentialAction\":[{\"@type\":\"ReadAction\",\"target\":[\"https:\/\/cozydots.com\/fr\/produit\/oreiller-koala-coussin-decoratif-en-velours-gris-kopia\/\"]}]},{\"@type\":\"ImageObject\",\"inLanguage\":\"fr-FR\",\"@id\":\"https:\/\/cozydots.com\/fr\/produit\/oreiller-koala-coussin-decoratif-en-velours-gris-kopia\/#primaryimage\",\"url\":\"https:\/\/cozydots.com\/wp-content\/uploads\/2022\/01\/animal-pillows-1.jpg\",\"contentUrl\":\"https:\/\/cozydots.com\/wp-content\/uploads\/2022\/01\/animal-pillows-1.jpg\",\"width\":1200,\"height\":1200},{\"@type\":\"BreadcrumbList\",\"@id\":\"https:\/\/cozydots.com\/fr\/produit\/oreiller-koala-coussin-decoratif-en-velours-gris-kopia\/#breadcrumb\",\"itemListElement\":[{\"@type\":\"ListItem\",\"position\":1,\"name\":\"Strona g\u0142\u00f3wna\",\"item\":\"https:\/\/cozydots.com\/fr\/\"},{\"@type\":\"ListItem\",\"position\":2,\"name\":\"Boutique\",\"item\":\"https:\/\/cozydots.com\/fr\/boutique\/\"},{\"@type\":\"ListItem\",\"position\":3,\"name\":\"Oreiller Bull, coussin d\u00e9coratif\"}]},{\"@type\":\"WebSite\",\"@id\":\"https:\/\/cozydots.com\/fr\/#website\",\"url\":\"https:\/\/cozydots.com\/fr\/\",\"name\":\"Cozydots.com\",\"description\":\"Producent namiot\u00f3w Tipi\",\"publisher\":{\"@id\":\"https:\/\/cozydots.com\/fr\/#organization\"},\"potentialAction\":[{\"@type\":\"SearchAction\",\"target\":{\"@type\":\"EntryPoint\",\"urlTemplate\":\"https:\/\/cozydots.com\/fr\/?s={search_term_string}\"},\"query-input\":{\"@type\":\"PropertyValueSpecification\",\"valueRequired\":true,\"valueName\":\"search_term_string\"}}],\"inLanguage\":\"fr-FR\"},{\"@type\":\"Organization\",\"@id\":\"https:\/\/cozydots.com\/fr\/#organization\",\"name\":\"Cozydots.com\",\"url\":\"https:\/\/cozydots.com\/fr\/\",\"logo\":{\"@type\":\"ImageObject\",\"inLanguage\":\"fr-FR\",\"@id\":\"https:\/\/cozydots.com\/fr\/#\/schema\/logo\/image\/\",\"url\":\"https:\/\/cozydots.com\/wp-content\/uploads\/2021\/10\/cozyshop_logo.png\",\"contentUrl\":\"https:\/\/cozydots.com\/wp-content\/uploads\/2021\/10\/cozyshop_logo.png\",\"width\":400,\"height\":121,\"caption\":\"Cozydots.com\"},\"image\":{\"@id\":\"https:\/\/cozydots.com\/fr\/#\/schema\/logo\/image\/\"}}]}<\/script>\n<!-- \/ Yoast SEO plugin. -->","yoast_head_json":{"title":"Oreiller Bull, coussin d\u00e9coratif - Cozydots.com","description":"Un grand et confortable coussin Koala d\u00e9coratif en velours d\u00e9licat.","robots":{"index":"index","follow":"follow","max-snippet":"max-snippet:-1","max-image-preview":"max-image-preview:large","max-video-preview":"max-video-preview:-1"},"canonical":"https:\/\/cozydots.com\/fr\/produit\/oreiller-koala-coussin-decoratif-en-velours-gris-kopia\/","og_locale":"fr_FR","og_type":"article","og_title":"Oreiller Bull, coussin d\u00e9coratif - Cozydots.com","og_description":"Un grand et confortable coussin Koala d\u00e9coratif en velours d\u00e9licat.","og_url":"https:\/\/cozydots.com\/fr\/produit\/oreiller-koala-coussin-decoratif-en-velours-gris-kopia\/","og_site_name":"Cozydots.com","article_modified_time":"2022-01-31T02:39:37+00:00","og_image":[{"width":1200,"height":1200,"url":"https:\/\/cozydots.com\/wp-content\/uploads\/2022\/01\/animal-pillows-1.jpg","type":"image\/jpeg"}],"twitter_card":"summary_large_image","twitter_misc":{"Dur\u00e9e de lecture estim\u00e9e":"3 minutes"},"schema":{"@context":"https:\/\/schema.org","@graph":[{"@type":"WebPage","@id":"https:\/\/cozydots.com\/fr\/produit\/oreiller-koala-coussin-decoratif-en-velours-gris-kopia\/","url":"https:\/\/cozydots.com\/fr\/produit\/oreiller-koala-coussin-decoratif-en-velours-gris-kopia\/","name":"Oreiller Bull, coussin d\u00e9coratif - Cozydots.com","isPartOf":{"@id":"https:\/\/cozydots.com\/fr\/#website"},"primaryImageOfPage":{"@id":"https:\/\/cozydots.com\/fr\/produit\/oreiller-koala-coussin-decoratif-en-velours-gris-kopia\/#primaryimage"},"image":{"@id":"https:\/\/cozydots.com\/fr\/produit\/oreiller-koala-coussin-decoratif-en-velours-gris-kopia\/#primaryimage"},"thumbnailUrl":"https:\/\/cozydots.com\/wp-content\/uploads\/2022\/01\/animal-pillows-1.jpg","datePublished":"2022-01-29T17:23:57+00:00","dateModified":"2022-01-31T02:39:37+00:00","description":"Un grand et confortable coussin Koala d\u00e9coratif en velours d\u00e9licat.","breadcrumb":{"@id":"https:\/\/cozydots.com\/fr\/produit\/oreiller-koala-coussin-decoratif-en-velours-gris-kopia\/#breadcrumb"},"inLanguage":"fr-FR","potentialAction":[{"@type":"ReadAction","target":["https:\/\/cozydots.com\/fr\/produit\/oreiller-koala-coussin-decoratif-en-velours-gris-kopia\/"]}]},{"@type":"ImageObject","inLanguage":"fr-FR","@id":"https:\/\/cozydots.com\/fr\/produit\/oreiller-koala-coussin-decoratif-en-velours-gris-kopia\/#primaryimage","url":"https:\/\/cozydots.com\/wp-content\/uploads\/2022\/01\/animal-pillows-1.jpg","contentUrl":"https:\/\/cozydots.com\/wp-content\/uploads\/2022\/01\/animal-pillows-1.jpg","width":1200,"height":1200},{"@type":"BreadcrumbList","@id":"https:\/\/cozydots.com\/fr\/produit\/oreiller-koala-coussin-decoratif-en-velours-gris-kopia\/#breadcrumb","itemListElement":[{"@type":"ListItem","position":1,"name":"Strona g\u0142\u00f3wna","item":"https:\/\/cozydots.com\/fr\/"},{"@type":"ListItem","position":2,"name":"Boutique","item":"https:\/\/cozydots.com\/fr\/boutique\/"},{"@type":"ListItem","position":3,"name":"Oreiller Bull, coussin d\u00e9coratif"}]},{"@type":"WebSite","@id":"https:\/\/cozydots.com\/fr\/#website","url":"https:\/\/cozydots.com\/fr\/","name":"Cozydots.com","description":"Producent namiot\u00f3w Tipi","publisher":{"@id":"https:\/\/cozydots.com\/fr\/#organization"},"potentialAction":[{"@type":"SearchAction","target":{"@type":"EntryPoint","urlTemplate":"https:\/\/cozydots.com\/fr\/?s={search_term_string}"},"query-input":{"@type":"PropertyValueSpecification","valueRequired":true,"valueName":"search_term_string"}}],"inLanguage":"fr-FR"},{"@type":"Organization","@id":"https:\/\/cozydots.com\/fr\/#organization","name":"Cozydots.com","url":"https:\/\/cozydots.com\/fr\/","logo":{"@type":"ImageObject","inLanguage":"fr-FR","@id":"https:\/\/cozydots.com\/fr\/#\/schema\/logo\/image\/","url":"https:\/\/cozydots.com\/wp-content\/uploads\/2021\/10\/cozyshop_logo.png","contentUrl":"https:\/\/cozydots.com\/wp-content\/uploads\/2021\/10\/cozyshop_logo.png","width":400,"height":121,"caption":"Cozydots.com"},"image":{"@id":"https:\/\/cozydots.com\/fr\/#\/schema\/logo\/image\/"}}]}},"_links":{"self":[{"href":"https:\/\/cozydots.com\/fr\/wp-json\/wp\/v2\/product\/47904","targetHints":{"allow":["GET"]}}],"collection":[{"href":"https:\/\/cozydots.com\/fr\/wp-json\/wp\/v2\/product"}],"about":[{"href":"https:\/\/cozydots.com\/fr\/wp-json\/wp\/v2\/types\/product"}],"replies":[{"embeddable":true,"href":"https:\/\/cozydots.com\/fr\/wp-json\/wp\/v2\/comments?post=47904"}],"wp:featuredmedia":[{"embeddable":true,"href":"https:\/\/cozydots.com\/fr\/wp-json\/wp\/v2\/media\/50873"}],"wp:attachment":[{"href":"https:\/\/cozydots.com\/fr\/wp-json\/wp\/v2\/media?parent=47904"}],"wp:term":[{"taxonomy":"product_brand","embeddable":true,"href":"https:\/\/cozydots.com\/fr\/wp-json\/wp\/v2\/product_brand?post=47904"},{"taxonomy":"product_cat","embeddable":true,"href":"https:\/\/cozydots.com\/fr\/wp-json\/wp\/v2\/product_cat?post=47904"},{"taxonomy":"product_tag","embeddable":true,"href":"https:\/\/cozydots.com\/fr\/wp-json\/wp\/v2\/product_tag?post=47904"}],"curies":[{"name":"wp","href":"https:\/\/api.w.org\/{rel}","templated":true}]}}