{"id":47967,"date":"2022-02-09T14:27:51","date_gmt":"2022-02-09T13:27:51","guid":{"rendered":"https:\/\/cozydots.com\/?post_type=product&#038;p=47967"},"modified":"2022-02-09T14:33:54","modified_gmt":"2022-02-09T13:33:54","slug":"oreillers-etoiles-velvet-stars-boy-set","status":"publish","type":"product","link":"https:\/\/cozydots.com\/fr\/produit\/oreillers-etoiles-velvet-stars-boy-set\/","title":{"rendered":"Oreillers \u00e9toiles &#8211; Velvet Stars Boy Set"},"content":{"rendered":"<p style=\"text-align: center\"><strong>L&#8217;oreiller Cozy &amp; Dozy Velvet Stars intriguera non seulement les enfants<\/strong><\/p>\n<p>Il n&#8217;y a jamais trop d&#8217;oreillers \u00e0 la maison &#8211; vous n&#8217;avez pas besoin de convaincre qui que ce soit pour ce slogan, n&#8217;est-ce pas\u00a0? Des oreillers beaux et agr\u00e9ables au toucher cr\u00e9ent une atmosph\u00e8re douillette et chaleureuse dans tous les int\u00e9rieurs, m\u00eame les plus aust\u00e8res. Cependant, la chose la plus importante pour nous est qu&#8217;aucun enfant ne m\u00e9prisera une sieste sur un oreiller doux et confortable. De plus, pour nos enfants qui vivent de nombreuses aventures diff\u00e9rentes d\u00e8s leur plus jeune \u00e2ge, une bonne sieste vaut son pesant d&#8217;or.<\/p>\n<p><strong>Les enfants aiment aussi utiliser l&#8217;oreiller Stars pendant qu&#8217;ils jouent. La forme inhabituelle de l&#8217;oreiller stimule leur imagination et transforme parfois les \u00e9toiles en sucette d&#8217;ours en peluche ou en bouillotte. La forme rare de l&#8217;oreiller Stars attire l&#8217;attention non seulement des enfants mais aussi des adultes. Parfois, on entend m\u00eame dire que des parents volent nos oreillers \u00e0 leurs enfants et en d\u00e9corent leur salon. \ud83d\ude09<\/strong><\/p>\n<p>Nos oreillers sont reconnus m\u00eame par les plus grands critiques, car ils ont \u00e9t\u00e9 fabriqu\u00e9s avec le plus grand soin et l&#8217;attention port\u00e9e \u00e0 chaque d\u00e9tail. De plus, ils sont fabriqu\u00e9s dans un mat\u00e9riau de la plus haute qualit\u00e9 &#8211; 100% velours &#8211; qui assure un aspect beau et efficace de l&#8217;oreiller pendant tr\u00e8s longtemps. Ce mat\u00e9riau est \u00e9galement certifi\u00e9 , CE, ce qui signifie qu&#8217;il est s\u00fbr \u00e0 utiliser et ne contient aucune substance nocive. Ainsi, vous pouvez donner nos oreillers en toute s\u00e9curit\u00e9 aux enfants m\u00eame \u00e0 la peau la plus sensible.<\/p>\n<p>Les oreillers Cozy &amp; Dozy sont des produits exceptionnels et uniques. Ils ont \u00e9t\u00e9 con\u00e7us par nos soins, peaufin\u00e9s dans les moindres d\u00e9tails et cousus par nos couturi\u00e8res exp\u00e9riment\u00e9es. Gr\u00e2ce \u00e0 cela, vous pouvez \u00eatre s\u00fbr d&#8217;obtenir un produit de la plus haute qualit\u00e9, fabriqu\u00e9 avec beaucoup de soin. C&#8217;est tr\u00e8s important pour nous pour une raison pr\u00e9cise. Notre exp\u00e9rience montre que les enfants apprennent mieux du bon exemple que leurs parents leur donnent. Lorsque votre enfant re\u00e7oit un beau produit de haute qualit\u00e9, il pourra apprendre les combinaisons de couleurs et le sens de l&#8217;esth\u00e9tique d\u00e8s son plus jeune \u00e2ge. Ils sauront \u00e9galement qu&#8217;il vaut la peine d&#8217;investir dans des produits de bonne qualit\u00e9, car ils restent avec nous plus longtemps.<\/p>\n<p>Inclus:<\/p>\n<ul>\n<li><strong>oreiller \u00e9toile bleue<\/strong><\/li>\n<li><strong>oreiller \u00e9toile de miel<\/strong><\/li>\n<li><strong>oreiller \u00e9toile de sauge<\/strong><\/li>\n<\/ul>\n<p>Dimension:<\/p>\n<ul>\n<li>40\u00d740cm<\/li>\n<\/ul>\n<p>Composition:<\/p>\n<ul>\n<li>100% velours (certificat , CE)<\/li>\n<li>remplissage d&#8217;oreiller \u2013 boule de silicone, antiallergique. De plus, la laine de silicone cousue \u00e0 l&#8217;int\u00e9rieur emp\u00eache l&#8217;agglutination du rembourrage.<\/li>\n<\/ul>\n<p>La lessive:<\/p>\n<ul>\n<li>Lavable en machine \u00e0 40 degr\u00e9s,<\/li>\n<li><span style=\"color: #555555\">rotation \u2013 800 tours,<\/span><\/li>\n<li><span style=\"color: #555555\">ne pas nettoyer \u00e0 sec, ne pas blanchir,<\/span><\/li>\n<li><span style=\"color: #555555\">Apr\u00e8s le lavage, secouez-le pour organiser la coul\u00e9e,<\/span><\/li>\n<li><span style=\"color: #555555\">s\u00e9cher sur une surface plane<\/span><\/li>\n<\/ul>\n","protected":false},"excerpt":{"rendered":"<p>Oreillers \u00e9toiles doux et color\u00e9s en velours, taille 40\u00d740 cm. Ensemble de 3.<\/p>\n","protected":false},"featured_media":47561,"comment_status":"open","ping_status":"closed","template":"","meta":[],"product_brand":[],"product_cat":[470],"product_tag":[],"class_list":{"0":"post-47967","1":"product","2":"type-product","3":"status-publish","4":"has-post-thumbnail","6":"product_cat-coussins-et-poufs","8":"first","9":"instock","10":"taxable","11":"shipping-taxable","12":"product-type-simple"},"yoast_head":"<!-- This site is optimized with the Yoast SEO plugin v27.0 - https:\/\/yoast.com\/product\/yoast-seo-wordpress\/ -->\n<title>Oreillers \u00e9toiles - Velvet Stars Boy Set - Cozydots.com<\/title>\n<meta name=\"description\" content=\"Oreillers \u00e9toiles doux et color\u00e9s en velours, taille 40\u00d740 cm. Ensemble de 3.\" \/>\n<meta name=\"robots\" content=\"index, follow, max-snippet:-1, max-image-preview:large, max-video-preview:-1\" \/>\n<link rel=\"canonical\" href=\"https:\/\/cozydots.com\/fr\/produit\/oreillers-etoiles-velvet-stars-boy-set\/\" \/>\n<meta property=\"og:locale\" content=\"fr_FR\" \/>\n<meta property=\"og:type\" content=\"article\" \/>\n<meta property=\"og:title\" content=\"Oreillers \u00e9toiles - Velvet Stars Boy Set - Cozydots.com\" \/>\n<meta property=\"og:description\" content=\"Oreillers \u00e9toiles doux et color\u00e9s en velours, taille 40\u00d740 cm. Ensemble de 3.\" \/>\n<meta property=\"og:url\" content=\"https:\/\/cozydots.com\/fr\/produit\/oreillers-etoiles-velvet-stars-boy-set\/\" \/>\n<meta property=\"og:site_name\" content=\"Cozydots.com\" \/>\n<meta property=\"article:modified_time\" content=\"2022-02-09T13:33:54+00:00\" \/>\n<meta property=\"og:image\" content=\"https:\/\/cozydots.com\/wp-content\/uploads\/2022\/01\/boy-set-star-pillow.jpg\" \/>\n\t<meta property=\"og:image:width\" content=\"1200\" \/>\n\t<meta property=\"og:image:height\" content=\"1200\" \/>\n\t<meta property=\"og:image:type\" content=\"image\/jpeg\" \/>\n<meta name=\"twitter:card\" content=\"summary_large_image\" \/>\n<meta name=\"twitter:label1\" content=\"Dur\u00e9e de lecture estim\u00e9e\" \/>\n\t<meta name=\"twitter:data1\" content=\"3 minutes\" \/>\n<script type=\"application\/ld+json\" class=\"yoast-schema-graph\">{\"@context\":\"https:\/\/schema.org\",\"@graph\":[{\"@type\":\"WebPage\",\"@id\":\"https:\/\/cozydots.com\/fr\/produit\/oreillers-etoiles-velvet-stars-boy-set\/\",\"url\":\"https:\/\/cozydots.com\/fr\/produit\/oreillers-etoiles-velvet-stars-boy-set\/\",\"name\":\"Oreillers \u00e9toiles - Velvet Stars Boy Set - Cozydots.com\",\"isPartOf\":{\"@id\":\"https:\/\/cozydots.com\/fr\/#website\"},\"primaryImageOfPage\":{\"@id\":\"https:\/\/cozydots.com\/fr\/produit\/oreillers-etoiles-velvet-stars-boy-set\/#primaryimage\"},\"image\":{\"@id\":\"https:\/\/cozydots.com\/fr\/produit\/oreillers-etoiles-velvet-stars-boy-set\/#primaryimage\"},\"thumbnailUrl\":\"https:\/\/cozydots.com\/wp-content\/uploads\/2022\/01\/boy-set-star-pillow.jpg\",\"datePublished\":\"2022-02-09T13:27:51+00:00\",\"dateModified\":\"2022-02-09T13:33:54+00:00\",\"description\":\"Oreillers \u00e9toiles doux et color\u00e9s en velours, taille 40\u00d740 cm. Ensemble de 3.\",\"breadcrumb\":{\"@id\":\"https:\/\/cozydots.com\/fr\/produit\/oreillers-etoiles-velvet-stars-boy-set\/#breadcrumb\"},\"inLanguage\":\"fr-FR\",\"potentialAction\":[{\"@type\":\"ReadAction\",\"target\":[\"https:\/\/cozydots.com\/fr\/produit\/oreillers-etoiles-velvet-stars-boy-set\/\"]}]},{\"@type\":\"ImageObject\",\"inLanguage\":\"fr-FR\",\"@id\":\"https:\/\/cozydots.com\/fr\/produit\/oreillers-etoiles-velvet-stars-boy-set\/#primaryimage\",\"url\":\"https:\/\/cozydots.com\/wp-content\/uploads\/2022\/01\/boy-set-star-pillow.jpg\",\"contentUrl\":\"https:\/\/cozydots.com\/wp-content\/uploads\/2022\/01\/boy-set-star-pillow.jpg\",\"width\":1200,\"height\":1200},{\"@type\":\"BreadcrumbList\",\"@id\":\"https:\/\/cozydots.com\/fr\/produit\/oreillers-etoiles-velvet-stars-boy-set\/#breadcrumb\",\"itemListElement\":[{\"@type\":\"ListItem\",\"position\":1,\"name\":\"Strona g\u0142\u00f3wna\",\"item\":\"https:\/\/cozydots.com\/fr\/\"},{\"@type\":\"ListItem\",\"position\":2,\"name\":\"Boutique\",\"item\":\"https:\/\/cozydots.com\/fr\/boutique\/\"},{\"@type\":\"ListItem\",\"position\":3,\"name\":\"Oreillers \u00e9toiles &#8211; Velvet Stars Boy Set\"}]},{\"@type\":\"WebSite\",\"@id\":\"https:\/\/cozydots.com\/fr\/#website\",\"url\":\"https:\/\/cozydots.com\/fr\/\",\"name\":\"Cozydots.com\",\"description\":\"Producent namiot\u00f3w Tipi\",\"publisher\":{\"@id\":\"https:\/\/cozydots.com\/fr\/#organization\"},\"potentialAction\":[{\"@type\":\"SearchAction\",\"target\":{\"@type\":\"EntryPoint\",\"urlTemplate\":\"https:\/\/cozydots.com\/fr\/?s={search_term_string}\"},\"query-input\":{\"@type\":\"PropertyValueSpecification\",\"valueRequired\":true,\"valueName\":\"search_term_string\"}}],\"inLanguage\":\"fr-FR\"},{\"@type\":\"Organization\",\"@id\":\"https:\/\/cozydots.com\/fr\/#organization\",\"name\":\"Cozydots.com\",\"url\":\"https:\/\/cozydots.com\/fr\/\",\"logo\":{\"@type\":\"ImageObject\",\"inLanguage\":\"fr-FR\",\"@id\":\"https:\/\/cozydots.com\/fr\/#\/schema\/logo\/image\/\",\"url\":\"https:\/\/cozydots.com\/wp-content\/uploads\/2021\/10\/cozyshop_logo.png\",\"contentUrl\":\"https:\/\/cozydots.com\/wp-content\/uploads\/2021\/10\/cozyshop_logo.png\",\"width\":400,\"height\":121,\"caption\":\"Cozydots.com\"},\"image\":{\"@id\":\"https:\/\/cozydots.com\/fr\/#\/schema\/logo\/image\/\"}}]}<\/script>\n<!-- \/ Yoast SEO plugin. -->","yoast_head_json":{"title":"Oreillers \u00e9toiles - Velvet Stars Boy Set - Cozydots.com","description":"Oreillers \u00e9toiles doux et color\u00e9s en velours, taille 40\u00d740 cm. Ensemble de 3.","robots":{"index":"index","follow":"follow","max-snippet":"max-snippet:-1","max-image-preview":"max-image-preview:large","max-video-preview":"max-video-preview:-1"},"canonical":"https:\/\/cozydots.com\/fr\/produit\/oreillers-etoiles-velvet-stars-boy-set\/","og_locale":"fr_FR","og_type":"article","og_title":"Oreillers \u00e9toiles - Velvet Stars Boy Set - Cozydots.com","og_description":"Oreillers \u00e9toiles doux et color\u00e9s en velours, taille 40\u00d740 cm. Ensemble de 3.","og_url":"https:\/\/cozydots.com\/fr\/produit\/oreillers-etoiles-velvet-stars-boy-set\/","og_site_name":"Cozydots.com","article_modified_time":"2022-02-09T13:33:54+00:00","og_image":[{"width":1200,"height":1200,"url":"https:\/\/cozydots.com\/wp-content\/uploads\/2022\/01\/boy-set-star-pillow.jpg","type":"image\/jpeg"}],"twitter_card":"summary_large_image","twitter_misc":{"Dur\u00e9e de lecture estim\u00e9e":"3 minutes"},"schema":{"@context":"https:\/\/schema.org","@graph":[{"@type":"WebPage","@id":"https:\/\/cozydots.com\/fr\/produit\/oreillers-etoiles-velvet-stars-boy-set\/","url":"https:\/\/cozydots.com\/fr\/produit\/oreillers-etoiles-velvet-stars-boy-set\/","name":"Oreillers \u00e9toiles - Velvet Stars Boy Set - Cozydots.com","isPartOf":{"@id":"https:\/\/cozydots.com\/fr\/#website"},"primaryImageOfPage":{"@id":"https:\/\/cozydots.com\/fr\/produit\/oreillers-etoiles-velvet-stars-boy-set\/#primaryimage"},"image":{"@id":"https:\/\/cozydots.com\/fr\/produit\/oreillers-etoiles-velvet-stars-boy-set\/#primaryimage"},"thumbnailUrl":"https:\/\/cozydots.com\/wp-content\/uploads\/2022\/01\/boy-set-star-pillow.jpg","datePublished":"2022-02-09T13:27:51+00:00","dateModified":"2022-02-09T13:33:54+00:00","description":"Oreillers \u00e9toiles doux et color\u00e9s en velours, taille 40\u00d740 cm. Ensemble de 3.","breadcrumb":{"@id":"https:\/\/cozydots.com\/fr\/produit\/oreillers-etoiles-velvet-stars-boy-set\/#breadcrumb"},"inLanguage":"fr-FR","potentialAction":[{"@type":"ReadAction","target":["https:\/\/cozydots.com\/fr\/produit\/oreillers-etoiles-velvet-stars-boy-set\/"]}]},{"@type":"ImageObject","inLanguage":"fr-FR","@id":"https:\/\/cozydots.com\/fr\/produit\/oreillers-etoiles-velvet-stars-boy-set\/#primaryimage","url":"https:\/\/cozydots.com\/wp-content\/uploads\/2022\/01\/boy-set-star-pillow.jpg","contentUrl":"https:\/\/cozydots.com\/wp-content\/uploads\/2022\/01\/boy-set-star-pillow.jpg","width":1200,"height":1200},{"@type":"BreadcrumbList","@id":"https:\/\/cozydots.com\/fr\/produit\/oreillers-etoiles-velvet-stars-boy-set\/#breadcrumb","itemListElement":[{"@type":"ListItem","position":1,"name":"Strona g\u0142\u00f3wna","item":"https:\/\/cozydots.com\/fr\/"},{"@type":"ListItem","position":2,"name":"Boutique","item":"https:\/\/cozydots.com\/fr\/boutique\/"},{"@type":"ListItem","position":3,"name":"Oreillers \u00e9toiles &#8211; Velvet Stars Boy Set"}]},{"@type":"WebSite","@id":"https:\/\/cozydots.com\/fr\/#website","url":"https:\/\/cozydots.com\/fr\/","name":"Cozydots.com","description":"Producent namiot\u00f3w Tipi","publisher":{"@id":"https:\/\/cozydots.com\/fr\/#organization"},"potentialAction":[{"@type":"SearchAction","target":{"@type":"EntryPoint","urlTemplate":"https:\/\/cozydots.com\/fr\/?s={search_term_string}"},"query-input":{"@type":"PropertyValueSpecification","valueRequired":true,"valueName":"search_term_string"}}],"inLanguage":"fr-FR"},{"@type":"Organization","@id":"https:\/\/cozydots.com\/fr\/#organization","name":"Cozydots.com","url":"https:\/\/cozydots.com\/fr\/","logo":{"@type":"ImageObject","inLanguage":"fr-FR","@id":"https:\/\/cozydots.com\/fr\/#\/schema\/logo\/image\/","url":"https:\/\/cozydots.com\/wp-content\/uploads\/2021\/10\/cozyshop_logo.png","contentUrl":"https:\/\/cozydots.com\/wp-content\/uploads\/2021\/10\/cozyshop_logo.png","width":400,"height":121,"caption":"Cozydots.com"},"image":{"@id":"https:\/\/cozydots.com\/fr\/#\/schema\/logo\/image\/"}}]}},"_links":{"self":[{"href":"https:\/\/cozydots.com\/fr\/wp-json\/wp\/v2\/product\/47967","targetHints":{"allow":["GET"]}}],"collection":[{"href":"https:\/\/cozydots.com\/fr\/wp-json\/wp\/v2\/product"}],"about":[{"href":"https:\/\/cozydots.com\/fr\/wp-json\/wp\/v2\/types\/product"}],"replies":[{"embeddable":true,"href":"https:\/\/cozydots.com\/fr\/wp-json\/wp\/v2\/comments?post=47967"}],"wp:featuredmedia":[{"embeddable":true,"href":"https:\/\/cozydots.com\/fr\/wp-json\/wp\/v2\/media\/47561"}],"wp:attachment":[{"href":"https:\/\/cozydots.com\/fr\/wp-json\/wp\/v2\/media?parent=47967"}],"wp:term":[{"taxonomy":"product_brand","embeddable":true,"href":"https:\/\/cozydots.com\/fr\/wp-json\/wp\/v2\/product_brand?post=47967"},{"taxonomy":"product_cat","embeddable":true,"href":"https:\/\/cozydots.com\/fr\/wp-json\/wp\/v2\/product_cat?post=47967"},{"taxonomy":"product_tag","embeddable":true,"href":"https:\/\/cozydots.com\/fr\/wp-json\/wp\/v2\/product_tag?post=47967"}],"curies":[{"name":"wp","href":"https:\/\/api.w.org\/{rel}","templated":true}]}}