{"id":48748,"date":"2022-02-23T15:47:05","date_gmt":"2022-02-23T14:51:10","guid":{"rendered":"https:\/\/cozydots.com\/?post_type=product&#038;p=48748"},"modified":"2022-02-27T12:38:20","modified_gmt":"2022-02-27T11:38:20","slug":"tapis-de-jeu-en-forme-de-feuille-velvet-honey-leaf","status":"publish","type":"product","link":"https:\/\/cozydots.com\/fr\/produit\/tapis-de-jeu-en-forme-de-feuille-velvet-honey-leaf\/","title":{"rendered":"Tapis de jeu en forme de feuille velvet Honey Leaf"},"content":{"rendered":"<p><b>Un tapis doux en velours \u00e9pais avec une feuille de miel Honey Leaf<\/b><\/p>\n<p>Le tapis est parfait comme \u00e9l\u00e9ment de d\u00e9coration dans une chambre d\u2019enfant, un tapis \u2013 un tapis de jeu.<\/p>\n<p>Le tapis est conforme \u00e0 notre collection Velvet, qui comprend des oreillers, des guirlandes et des tentes tipi.<\/p>\n<p>Dimensions : environ 105\u00d795 cm (+\/- 2,5 cm)<\/p>\n<p>Tissu : Velours \\ velours \u2013  Annexe 4, classe de produit I, CE<\/p>\n<p>M\u00e9thode de soins :<\/p>\n<ul>\n<li>Ne pas repasser<\/li>\n<li>Lavable en machine \u00e0 40 degr\u00e9s, essorage \u2013 800 tours<\/li>\n<li>Ne pas nettoyer \u00e0 sec<\/li>\n<li>Ne pas javelliser<\/li>\n<\/ul>\n<p>Con\u00e7u et cousu en Pologne par Cozy&amp;Dozy<\/p>\n","protected":false},"excerpt":{"rendered":"<p>Une natte, un tapis en forme de feuille. Tapis de feuilles 105 \u00d7 95 cm en velours \u00e9pais.<\/p>\n","protected":false},"featured_media":48736,"comment_status":"open","ping_status":"closed","template":"","meta":[],"product_brand":[],"product_cat":[472],"product_tag":[],"class_list":{"0":"post-48748","1":"product","2":"type-product","3":"status-publish","4":"has-post-thumbnail","6":"product_cat-sacs-et-tapis-de-jeux","8":"first","9":"instock","10":"sale","11":"taxable","12":"shipping-taxable","13":"product-type-simple"},"yoast_head":"<!-- This site is optimized with the Yoast SEO plugin v27.0 - https:\/\/yoast.com\/product\/yoast-seo-wordpress\/ -->\n<title>Tapis de jeu en forme de feuille velvet Honey Leaf - Cozydots.com<\/title>\n<meta name=\"description\" content=\"Une natte, un tapis en forme de feuille. Tapis de feuilles 105 \u00d7 95 cm en velours \u00e9pais.\" \/>\n<meta name=\"robots\" content=\"index, follow, max-snippet:-1, max-image-preview:large, max-video-preview:-1\" \/>\n<link rel=\"canonical\" href=\"https:\/\/cozydots.com\/fr\/produit\/tapis-de-jeu-en-forme-de-feuille-velvet-honey-leaf\/\" \/>\n<meta property=\"og:locale\" content=\"fr_FR\" \/>\n<meta property=\"og:type\" content=\"article\" \/>\n<meta property=\"og:title\" content=\"Tapis de jeu en forme de feuille velvet Honey Leaf - Cozydots.com\" \/>\n<meta property=\"og:description\" content=\"Une natte, un tapis en forme de feuille. Tapis de feuilles 105 \u00d7 95 cm en velours \u00e9pais.\" \/>\n<meta property=\"og:url\" content=\"https:\/\/cozydots.com\/fr\/produit\/tapis-de-jeu-en-forme-de-feuille-velvet-honey-leaf\/\" \/>\n<meta property=\"og:site_name\" content=\"Cozydots.com\" \/>\n<meta property=\"article:modified_time\" content=\"2022-02-27T11:38:20+00:00\" \/>\n<meta property=\"og:image\" content=\"https:\/\/cozydots.com\/wp-content\/uploads\/2022\/02\/mata_lisc.jpg\" \/>\n\t<meta property=\"og:image:width\" content=\"1200\" \/>\n\t<meta property=\"og:image:height\" content=\"1200\" \/>\n\t<meta property=\"og:image:type\" content=\"image\/jpeg\" \/>\n<meta name=\"twitter:card\" content=\"summary_large_image\" \/>\n<meta name=\"twitter:label1\" content=\"Dur\u00e9e de lecture estim\u00e9e\" \/>\n\t<meta name=\"twitter:data1\" content=\"1 minute\" \/>\n<script type=\"application\/ld+json\" class=\"yoast-schema-graph\">{\"@context\":\"https:\/\/schema.org\",\"@graph\":[{\"@type\":\"WebPage\",\"@id\":\"https:\/\/cozydots.com\/fr\/produit\/tapis-de-jeu-en-forme-de-feuille-velvet-honey-leaf\/\",\"url\":\"https:\/\/cozydots.com\/fr\/produit\/tapis-de-jeu-en-forme-de-feuille-velvet-honey-leaf\/\",\"name\":\"Tapis de jeu en forme de feuille velvet Honey Leaf - Cozydots.com\",\"isPartOf\":{\"@id\":\"https:\/\/cozydots.com\/fr\/#website\"},\"primaryImageOfPage\":{\"@id\":\"https:\/\/cozydots.com\/fr\/produit\/tapis-de-jeu-en-forme-de-feuille-velvet-honey-leaf\/#primaryimage\"},\"image\":{\"@id\":\"https:\/\/cozydots.com\/fr\/produit\/tapis-de-jeu-en-forme-de-feuille-velvet-honey-leaf\/#primaryimage\"},\"thumbnailUrl\":\"https:\/\/cozydots.com\/wp-content\/uploads\/2022\/02\/mata_lisc.jpg\",\"datePublished\":\"2022-02-23T14:51:10+00:00\",\"dateModified\":\"2022-02-27T11:38:20+00:00\",\"description\":\"Une natte, un tapis en forme de feuille. Tapis de feuilles 105 \u00d7 95 cm en velours \u00e9pais.\",\"breadcrumb\":{\"@id\":\"https:\/\/cozydots.com\/fr\/produit\/tapis-de-jeu-en-forme-de-feuille-velvet-honey-leaf\/#breadcrumb\"},\"inLanguage\":\"fr-FR\",\"potentialAction\":[{\"@type\":\"ReadAction\",\"target\":[\"https:\/\/cozydots.com\/fr\/produit\/tapis-de-jeu-en-forme-de-feuille-velvet-honey-leaf\/\"]}]},{\"@type\":\"ImageObject\",\"inLanguage\":\"fr-FR\",\"@id\":\"https:\/\/cozydots.com\/fr\/produit\/tapis-de-jeu-en-forme-de-feuille-velvet-honey-leaf\/#primaryimage\",\"url\":\"https:\/\/cozydots.com\/wp-content\/uploads\/2022\/02\/mata_lisc.jpg\",\"contentUrl\":\"https:\/\/cozydots.com\/wp-content\/uploads\/2022\/02\/mata_lisc.jpg\",\"width\":1200,\"height\":1200},{\"@type\":\"BreadcrumbList\",\"@id\":\"https:\/\/cozydots.com\/fr\/produit\/tapis-de-jeu-en-forme-de-feuille-velvet-honey-leaf\/#breadcrumb\",\"itemListElement\":[{\"@type\":\"ListItem\",\"position\":1,\"name\":\"Strona g\u0142\u00f3wna\",\"item\":\"https:\/\/cozydots.com\/fr\/\"},{\"@type\":\"ListItem\",\"position\":2,\"name\":\"Boutique\",\"item\":\"https:\/\/cozydots.com\/fr\/boutique\/\"},{\"@type\":\"ListItem\",\"position\":3,\"name\":\"Tapis de jeu en forme de feuille velvet Honey Leaf\"}]},{\"@type\":\"WebSite\",\"@id\":\"https:\/\/cozydots.com\/fr\/#website\",\"url\":\"https:\/\/cozydots.com\/fr\/\",\"name\":\"Cozydots.com\",\"description\":\"Producent namiot\u00f3w Tipi\",\"publisher\":{\"@id\":\"https:\/\/cozydots.com\/fr\/#organization\"},\"potentialAction\":[{\"@type\":\"SearchAction\",\"target\":{\"@type\":\"EntryPoint\",\"urlTemplate\":\"https:\/\/cozydots.com\/fr\/?s={search_term_string}\"},\"query-input\":{\"@type\":\"PropertyValueSpecification\",\"valueRequired\":true,\"valueName\":\"search_term_string\"}}],\"inLanguage\":\"fr-FR\"},{\"@type\":\"Organization\",\"@id\":\"https:\/\/cozydots.com\/fr\/#organization\",\"name\":\"Cozydots.com\",\"url\":\"https:\/\/cozydots.com\/fr\/\",\"logo\":{\"@type\":\"ImageObject\",\"inLanguage\":\"fr-FR\",\"@id\":\"https:\/\/cozydots.com\/fr\/#\/schema\/logo\/image\/\",\"url\":\"https:\/\/cozydots.com\/wp-content\/uploads\/2021\/10\/cozyshop_logo.png\",\"contentUrl\":\"https:\/\/cozydots.com\/wp-content\/uploads\/2021\/10\/cozyshop_logo.png\",\"width\":400,\"height\":121,\"caption\":\"Cozydots.com\"},\"image\":{\"@id\":\"https:\/\/cozydots.com\/fr\/#\/schema\/logo\/image\/\"}}]}<\/script>\n<!-- \/ Yoast SEO plugin. -->","yoast_head_json":{"title":"Tapis de jeu en forme de feuille velvet Honey Leaf - Cozydots.com","description":"Une natte, un tapis en forme de feuille. Tapis de feuilles 105 \u00d7 95 cm en velours \u00e9pais.","robots":{"index":"index","follow":"follow","max-snippet":"max-snippet:-1","max-image-preview":"max-image-preview:large","max-video-preview":"max-video-preview:-1"},"canonical":"https:\/\/cozydots.com\/fr\/produit\/tapis-de-jeu-en-forme-de-feuille-velvet-honey-leaf\/","og_locale":"fr_FR","og_type":"article","og_title":"Tapis de jeu en forme de feuille velvet Honey Leaf - Cozydots.com","og_description":"Une natte, un tapis en forme de feuille. Tapis de feuilles 105 \u00d7 95 cm en velours \u00e9pais.","og_url":"https:\/\/cozydots.com\/fr\/produit\/tapis-de-jeu-en-forme-de-feuille-velvet-honey-leaf\/","og_site_name":"Cozydots.com","article_modified_time":"2022-02-27T11:38:20+00:00","og_image":[{"width":1200,"height":1200,"url":"https:\/\/cozydots.com\/wp-content\/uploads\/2022\/02\/mata_lisc.jpg","type":"image\/jpeg"}],"twitter_card":"summary_large_image","twitter_misc":{"Dur\u00e9e de lecture estim\u00e9e":"1 minute"},"schema":{"@context":"https:\/\/schema.org","@graph":[{"@type":"WebPage","@id":"https:\/\/cozydots.com\/fr\/produit\/tapis-de-jeu-en-forme-de-feuille-velvet-honey-leaf\/","url":"https:\/\/cozydots.com\/fr\/produit\/tapis-de-jeu-en-forme-de-feuille-velvet-honey-leaf\/","name":"Tapis de jeu en forme de feuille velvet Honey Leaf - Cozydots.com","isPartOf":{"@id":"https:\/\/cozydots.com\/fr\/#website"},"primaryImageOfPage":{"@id":"https:\/\/cozydots.com\/fr\/produit\/tapis-de-jeu-en-forme-de-feuille-velvet-honey-leaf\/#primaryimage"},"image":{"@id":"https:\/\/cozydots.com\/fr\/produit\/tapis-de-jeu-en-forme-de-feuille-velvet-honey-leaf\/#primaryimage"},"thumbnailUrl":"https:\/\/cozydots.com\/wp-content\/uploads\/2022\/02\/mata_lisc.jpg","datePublished":"2022-02-23T14:51:10+00:00","dateModified":"2022-02-27T11:38:20+00:00","description":"Une natte, un tapis en forme de feuille. Tapis de feuilles 105 \u00d7 95 cm en velours \u00e9pais.","breadcrumb":{"@id":"https:\/\/cozydots.com\/fr\/produit\/tapis-de-jeu-en-forme-de-feuille-velvet-honey-leaf\/#breadcrumb"},"inLanguage":"fr-FR","potentialAction":[{"@type":"ReadAction","target":["https:\/\/cozydots.com\/fr\/produit\/tapis-de-jeu-en-forme-de-feuille-velvet-honey-leaf\/"]}]},{"@type":"ImageObject","inLanguage":"fr-FR","@id":"https:\/\/cozydots.com\/fr\/produit\/tapis-de-jeu-en-forme-de-feuille-velvet-honey-leaf\/#primaryimage","url":"https:\/\/cozydots.com\/wp-content\/uploads\/2022\/02\/mata_lisc.jpg","contentUrl":"https:\/\/cozydots.com\/wp-content\/uploads\/2022\/02\/mata_lisc.jpg","width":1200,"height":1200},{"@type":"BreadcrumbList","@id":"https:\/\/cozydots.com\/fr\/produit\/tapis-de-jeu-en-forme-de-feuille-velvet-honey-leaf\/#breadcrumb","itemListElement":[{"@type":"ListItem","position":1,"name":"Strona g\u0142\u00f3wna","item":"https:\/\/cozydots.com\/fr\/"},{"@type":"ListItem","position":2,"name":"Boutique","item":"https:\/\/cozydots.com\/fr\/boutique\/"},{"@type":"ListItem","position":3,"name":"Tapis de jeu en forme de feuille velvet Honey Leaf"}]},{"@type":"WebSite","@id":"https:\/\/cozydots.com\/fr\/#website","url":"https:\/\/cozydots.com\/fr\/","name":"Cozydots.com","description":"Producent namiot\u00f3w Tipi","publisher":{"@id":"https:\/\/cozydots.com\/fr\/#organization"},"potentialAction":[{"@type":"SearchAction","target":{"@type":"EntryPoint","urlTemplate":"https:\/\/cozydots.com\/fr\/?s={search_term_string}"},"query-input":{"@type":"PropertyValueSpecification","valueRequired":true,"valueName":"search_term_string"}}],"inLanguage":"fr-FR"},{"@type":"Organization","@id":"https:\/\/cozydots.com\/fr\/#organization","name":"Cozydots.com","url":"https:\/\/cozydots.com\/fr\/","logo":{"@type":"ImageObject","inLanguage":"fr-FR","@id":"https:\/\/cozydots.com\/fr\/#\/schema\/logo\/image\/","url":"https:\/\/cozydots.com\/wp-content\/uploads\/2021\/10\/cozyshop_logo.png","contentUrl":"https:\/\/cozydots.com\/wp-content\/uploads\/2021\/10\/cozyshop_logo.png","width":400,"height":121,"caption":"Cozydots.com"},"image":{"@id":"https:\/\/cozydots.com\/fr\/#\/schema\/logo\/image\/"}}]}},"_links":{"self":[{"href":"https:\/\/cozydots.com\/fr\/wp-json\/wp\/v2\/product\/48748","targetHints":{"allow":["GET"]}}],"collection":[{"href":"https:\/\/cozydots.com\/fr\/wp-json\/wp\/v2\/product"}],"about":[{"href":"https:\/\/cozydots.com\/fr\/wp-json\/wp\/v2\/types\/product"}],"replies":[{"embeddable":true,"href":"https:\/\/cozydots.com\/fr\/wp-json\/wp\/v2\/comments?post=48748"}],"wp:featuredmedia":[{"embeddable":true,"href":"https:\/\/cozydots.com\/fr\/wp-json\/wp\/v2\/media\/48736"}],"wp:attachment":[{"href":"https:\/\/cozydots.com\/fr\/wp-json\/wp\/v2\/media?parent=48748"}],"wp:term":[{"taxonomy":"product_brand","embeddable":true,"href":"https:\/\/cozydots.com\/fr\/wp-json\/wp\/v2\/product_brand?post=48748"},{"taxonomy":"product_cat","embeddable":true,"href":"https:\/\/cozydots.com\/fr\/wp-json\/wp\/v2\/product_cat?post=48748"},{"taxonomy":"product_tag","embeddable":true,"href":"https:\/\/cozydots.com\/fr\/wp-json\/wp\/v2\/product_tag?post=48748"}],"curies":[{"name":"wp","href":"https:\/\/api.w.org\/{rel}","templated":true}]}}