{"id":48760,"date":"2022-02-23T16:20:32","date_gmt":"2022-02-23T15:57:48","guid":{"rendered":"https:\/\/cozydots.com\/?post_type=product&#038;p=48760"},"modified":"2022-06-29T17:27:29","modified_gmt":"2022-06-29T15:27:29","slug":"tapis-enfant-tapis-de-jeu-moelleux-blue-velvet-starfish","status":"publish","type":"product","link":"https:\/\/cozydots.com\/fr\/produit\/tapis-enfant-tapis-de-jeu-moelleux-blue-velvet-starfish\/","title":{"rendered":"Tapis enfant, tapis de jeu moelleux Blue Velvet Starfish"},"content":{"rendered":"<p><strong>Le tapis en velours en forme d&#8217;\u00e9toile de mer Velvet Starfish de Cozy &amp; Dozy<\/strong><\/p>\n<p><strong>Le tapis en velours \u00e9toile de mer est un tapis de jeu doux id\u00e9al pour diverses activit\u00e9s au sol. Parfait pour une chambre de b\u00e9b\u00e9 et d&#8217;adolescent.<\/strong><\/p>\n<p>Le tapis \u00e9toile de mer est disponible en deux coloris : bleu et gris.<\/p>\n<p>Velvet Starfish est coh\u00e9rent avec la collection Little Mermaid, o\u00f9 vous pouvez trouver des oreillers, des guirlandes et des tentes.<\/p>\n<p>Le tapis est emball\u00e9 dans un sac en coton.<\/p>\n<p>Dimensions:<\/p>\n<ul>\n<li>tapis bleu \u00e9toile de mer (+\/- 2,5 cm) 105 \u00d7 110 cm<\/li>\n<\/ul>\n<p>Mat\u00e9riel:<\/p>\n<ul>\n<li>100% velours, et approbation CE<\/li>\n<li><span style=\"color: #555555\">rembourrage antiallergique &#8211; boule de silicone<\/span><\/li>\n<\/ul>\n<p>La lessive :<\/p>\n<ul>\n<li>dans une machine \u00e0 laver \u00e0 40 degr\u00e9s<\/li>\n<li><span style=\"color: #555555\">Ne pas repasser<\/span><\/li>\n<li><span style=\"color: #555555\">peut \u00eatre s\u00e9ch\u00e9 au s\u00e8che-linge<\/span><\/li>\n<li><span style=\"color: #555555\">ne pas chlorer, ne pas blanchir<\/span><\/li>\n<\/ul>\n<p>Tous les produits Cozy &amp; Dozy sont con\u00e7us et cousus en Pologne.<\/p>\n","protected":false},"excerpt":{"rendered":"<p><b>Un tapis de jeu \u00e9pais et matelass\u00e9 en forme d&#8217;\u00e9toile de mer. Un tapis bleu pour chambre d&#8217;enfant.<\/b><\/p>\n","protected":false},"featured_media":48754,"comment_status":"open","ping_status":"closed","template":"","meta":[],"product_brand":[],"product_cat":[472],"product_tag":[],"class_list":{"0":"post-48760","1":"product","2":"type-product","3":"status-publish","4":"has-post-thumbnail","6":"product_cat-sacs-et-tapis-de-jeux","8":"first","9":"instock","10":"sale","11":"taxable","12":"shipping-taxable","13":"product-type-simple"},"yoast_head":"<!-- This site is optimized with the Yoast SEO plugin v27.0 - https:\/\/yoast.com\/product\/yoast-seo-wordpress\/ -->\n<title>Tapis enfant, tapis de jeu moelleux Blue Velvet Starfish - Cozydots.com<\/title>\n<meta name=\"description\" content=\"Un tapis de jeu \u00e9pais et matelass\u00e9 en forme d&#039;\u00e9toile de mer. Un tapis bleu pour chambre d&#039;enfant.\" \/>\n<meta name=\"robots\" content=\"index, follow, max-snippet:-1, max-image-preview:large, max-video-preview:-1\" \/>\n<link rel=\"canonical\" href=\"https:\/\/cozydots.com\/fr\/produit\/tapis-enfant-tapis-de-jeu-moelleux-blue-velvet-starfish\/\" \/>\n<meta property=\"og:locale\" content=\"fr_FR\" \/>\n<meta property=\"og:type\" content=\"article\" \/>\n<meta property=\"og:title\" content=\"Tapis enfant, tapis de jeu moelleux Blue Velvet Starfish - Cozydots.com\" \/>\n<meta property=\"og:description\" content=\"Un tapis de jeu \u00e9pais et matelass\u00e9 en forme d&#039;\u00e9toile de mer. Un tapis bleu pour chambre d&#039;enfant.\" \/>\n<meta property=\"og:url\" content=\"https:\/\/cozydots.com\/fr\/produit\/tapis-enfant-tapis-de-jeu-moelleux-blue-velvet-starfish\/\" \/>\n<meta property=\"og:site_name\" content=\"Cozydots.com\" \/>\n<meta property=\"article:modified_time\" content=\"2022-06-29T15:27:29+00:00\" \/>\n<meta property=\"og:image\" content=\"https:\/\/cozydots.com\/wp-content\/uploads\/2022\/02\/mata-rozgwiazda.jpg\" \/>\n\t<meta property=\"og:image:width\" content=\"1200\" \/>\n\t<meta property=\"og:image:height\" content=\"1200\" \/>\n\t<meta property=\"og:image:type\" content=\"image\/jpeg\" \/>\n<meta name=\"twitter:card\" content=\"summary_large_image\" \/>\n<meta name=\"twitter:label1\" content=\"Dur\u00e9e de lecture estim\u00e9e\" \/>\n\t<meta name=\"twitter:data1\" content=\"1 minute\" \/>\n<script type=\"application\/ld+json\" class=\"yoast-schema-graph\">{\"@context\":\"https:\/\/schema.org\",\"@graph\":[{\"@type\":\"WebPage\",\"@id\":\"https:\/\/cozydots.com\/fr\/produit\/tapis-enfant-tapis-de-jeu-moelleux-blue-velvet-starfish\/\",\"url\":\"https:\/\/cozydots.com\/fr\/produit\/tapis-enfant-tapis-de-jeu-moelleux-blue-velvet-starfish\/\",\"name\":\"Tapis enfant, tapis de jeu moelleux Blue Velvet Starfish - Cozydots.com\",\"isPartOf\":{\"@id\":\"https:\/\/cozydots.com\/fr\/#website\"},\"primaryImageOfPage\":{\"@id\":\"https:\/\/cozydots.com\/fr\/produit\/tapis-enfant-tapis-de-jeu-moelleux-blue-velvet-starfish\/#primaryimage\"},\"image\":{\"@id\":\"https:\/\/cozydots.com\/fr\/produit\/tapis-enfant-tapis-de-jeu-moelleux-blue-velvet-starfish\/#primaryimage\"},\"thumbnailUrl\":\"https:\/\/cozydots.com\/wp-content\/uploads\/2022\/02\/mata-rozgwiazda.jpg\",\"datePublished\":\"2022-02-23T15:57:48+00:00\",\"dateModified\":\"2022-06-29T15:27:29+00:00\",\"description\":\"Un tapis de jeu \u00e9pais et matelass\u00e9 en forme d'\u00e9toile de mer. Un tapis bleu pour chambre d'enfant.\",\"breadcrumb\":{\"@id\":\"https:\/\/cozydots.com\/fr\/produit\/tapis-enfant-tapis-de-jeu-moelleux-blue-velvet-starfish\/#breadcrumb\"},\"inLanguage\":\"fr-FR\",\"potentialAction\":[{\"@type\":\"ReadAction\",\"target\":[\"https:\/\/cozydots.com\/fr\/produit\/tapis-enfant-tapis-de-jeu-moelleux-blue-velvet-starfish\/\"]}]},{\"@type\":\"ImageObject\",\"inLanguage\":\"fr-FR\",\"@id\":\"https:\/\/cozydots.com\/fr\/produit\/tapis-enfant-tapis-de-jeu-moelleux-blue-velvet-starfish\/#primaryimage\",\"url\":\"https:\/\/cozydots.com\/wp-content\/uploads\/2022\/02\/mata-rozgwiazda.jpg\",\"contentUrl\":\"https:\/\/cozydots.com\/wp-content\/uploads\/2022\/02\/mata-rozgwiazda.jpg\",\"width\":1200,\"height\":1200},{\"@type\":\"BreadcrumbList\",\"@id\":\"https:\/\/cozydots.com\/fr\/produit\/tapis-enfant-tapis-de-jeu-moelleux-blue-velvet-starfish\/#breadcrumb\",\"itemListElement\":[{\"@type\":\"ListItem\",\"position\":1,\"name\":\"Strona g\u0142\u00f3wna\",\"item\":\"https:\/\/cozydots.com\/fr\/\"},{\"@type\":\"ListItem\",\"position\":2,\"name\":\"Boutique\",\"item\":\"https:\/\/cozydots.com\/fr\/boutique\/\"},{\"@type\":\"ListItem\",\"position\":3,\"name\":\"Tapis enfant, tapis de jeu moelleux Blue Velvet Starfish\"}]},{\"@type\":\"WebSite\",\"@id\":\"https:\/\/cozydots.com\/fr\/#website\",\"url\":\"https:\/\/cozydots.com\/fr\/\",\"name\":\"Cozydots.com\",\"description\":\"Producent namiot\u00f3w Tipi\",\"publisher\":{\"@id\":\"https:\/\/cozydots.com\/fr\/#organization\"},\"potentialAction\":[{\"@type\":\"SearchAction\",\"target\":{\"@type\":\"EntryPoint\",\"urlTemplate\":\"https:\/\/cozydots.com\/fr\/?s={search_term_string}\"},\"query-input\":{\"@type\":\"PropertyValueSpecification\",\"valueRequired\":true,\"valueName\":\"search_term_string\"}}],\"inLanguage\":\"fr-FR\"},{\"@type\":\"Organization\",\"@id\":\"https:\/\/cozydots.com\/fr\/#organization\",\"name\":\"Cozydots.com\",\"url\":\"https:\/\/cozydots.com\/fr\/\",\"logo\":{\"@type\":\"ImageObject\",\"inLanguage\":\"fr-FR\",\"@id\":\"https:\/\/cozydots.com\/fr\/#\/schema\/logo\/image\/\",\"url\":\"https:\/\/cozydots.com\/wp-content\/uploads\/2021\/10\/cozyshop_logo.png\",\"contentUrl\":\"https:\/\/cozydots.com\/wp-content\/uploads\/2021\/10\/cozyshop_logo.png\",\"width\":400,\"height\":121,\"caption\":\"Cozydots.com\"},\"image\":{\"@id\":\"https:\/\/cozydots.com\/fr\/#\/schema\/logo\/image\/\"}}]}<\/script>\n<!-- \/ Yoast SEO plugin. -->","yoast_head_json":{"title":"Tapis enfant, tapis de jeu moelleux Blue Velvet Starfish - Cozydots.com","description":"Un tapis de jeu \u00e9pais et matelass\u00e9 en forme d'\u00e9toile de mer. Un tapis bleu pour chambre d'enfant.","robots":{"index":"index","follow":"follow","max-snippet":"max-snippet:-1","max-image-preview":"max-image-preview:large","max-video-preview":"max-video-preview:-1"},"canonical":"https:\/\/cozydots.com\/fr\/produit\/tapis-enfant-tapis-de-jeu-moelleux-blue-velvet-starfish\/","og_locale":"fr_FR","og_type":"article","og_title":"Tapis enfant, tapis de jeu moelleux Blue Velvet Starfish - Cozydots.com","og_description":"Un tapis de jeu \u00e9pais et matelass\u00e9 en forme d'\u00e9toile de mer. Un tapis bleu pour chambre d'enfant.","og_url":"https:\/\/cozydots.com\/fr\/produit\/tapis-enfant-tapis-de-jeu-moelleux-blue-velvet-starfish\/","og_site_name":"Cozydots.com","article_modified_time":"2022-06-29T15:27:29+00:00","og_image":[{"width":1200,"height":1200,"url":"https:\/\/cozydots.com\/wp-content\/uploads\/2022\/02\/mata-rozgwiazda.jpg","type":"image\/jpeg"}],"twitter_card":"summary_large_image","twitter_misc":{"Dur\u00e9e de lecture estim\u00e9e":"1 minute"},"schema":{"@context":"https:\/\/schema.org","@graph":[{"@type":"WebPage","@id":"https:\/\/cozydots.com\/fr\/produit\/tapis-enfant-tapis-de-jeu-moelleux-blue-velvet-starfish\/","url":"https:\/\/cozydots.com\/fr\/produit\/tapis-enfant-tapis-de-jeu-moelleux-blue-velvet-starfish\/","name":"Tapis enfant, tapis de jeu moelleux Blue Velvet Starfish - Cozydots.com","isPartOf":{"@id":"https:\/\/cozydots.com\/fr\/#website"},"primaryImageOfPage":{"@id":"https:\/\/cozydots.com\/fr\/produit\/tapis-enfant-tapis-de-jeu-moelleux-blue-velvet-starfish\/#primaryimage"},"image":{"@id":"https:\/\/cozydots.com\/fr\/produit\/tapis-enfant-tapis-de-jeu-moelleux-blue-velvet-starfish\/#primaryimage"},"thumbnailUrl":"https:\/\/cozydots.com\/wp-content\/uploads\/2022\/02\/mata-rozgwiazda.jpg","datePublished":"2022-02-23T15:57:48+00:00","dateModified":"2022-06-29T15:27:29+00:00","description":"Un tapis de jeu \u00e9pais et matelass\u00e9 en forme d'\u00e9toile de mer. Un tapis bleu pour chambre d'enfant.","breadcrumb":{"@id":"https:\/\/cozydots.com\/fr\/produit\/tapis-enfant-tapis-de-jeu-moelleux-blue-velvet-starfish\/#breadcrumb"},"inLanguage":"fr-FR","potentialAction":[{"@type":"ReadAction","target":["https:\/\/cozydots.com\/fr\/produit\/tapis-enfant-tapis-de-jeu-moelleux-blue-velvet-starfish\/"]}]},{"@type":"ImageObject","inLanguage":"fr-FR","@id":"https:\/\/cozydots.com\/fr\/produit\/tapis-enfant-tapis-de-jeu-moelleux-blue-velvet-starfish\/#primaryimage","url":"https:\/\/cozydots.com\/wp-content\/uploads\/2022\/02\/mata-rozgwiazda.jpg","contentUrl":"https:\/\/cozydots.com\/wp-content\/uploads\/2022\/02\/mata-rozgwiazda.jpg","width":1200,"height":1200},{"@type":"BreadcrumbList","@id":"https:\/\/cozydots.com\/fr\/produit\/tapis-enfant-tapis-de-jeu-moelleux-blue-velvet-starfish\/#breadcrumb","itemListElement":[{"@type":"ListItem","position":1,"name":"Strona g\u0142\u00f3wna","item":"https:\/\/cozydots.com\/fr\/"},{"@type":"ListItem","position":2,"name":"Boutique","item":"https:\/\/cozydots.com\/fr\/boutique\/"},{"@type":"ListItem","position":3,"name":"Tapis enfant, tapis de jeu moelleux Blue Velvet Starfish"}]},{"@type":"WebSite","@id":"https:\/\/cozydots.com\/fr\/#website","url":"https:\/\/cozydots.com\/fr\/","name":"Cozydots.com","description":"Producent namiot\u00f3w Tipi","publisher":{"@id":"https:\/\/cozydots.com\/fr\/#organization"},"potentialAction":[{"@type":"SearchAction","target":{"@type":"EntryPoint","urlTemplate":"https:\/\/cozydots.com\/fr\/?s={search_term_string}"},"query-input":{"@type":"PropertyValueSpecification","valueRequired":true,"valueName":"search_term_string"}}],"inLanguage":"fr-FR"},{"@type":"Organization","@id":"https:\/\/cozydots.com\/fr\/#organization","name":"Cozydots.com","url":"https:\/\/cozydots.com\/fr\/","logo":{"@type":"ImageObject","inLanguage":"fr-FR","@id":"https:\/\/cozydots.com\/fr\/#\/schema\/logo\/image\/","url":"https:\/\/cozydots.com\/wp-content\/uploads\/2021\/10\/cozyshop_logo.png","contentUrl":"https:\/\/cozydots.com\/wp-content\/uploads\/2021\/10\/cozyshop_logo.png","width":400,"height":121,"caption":"Cozydots.com"},"image":{"@id":"https:\/\/cozydots.com\/fr\/#\/schema\/logo\/image\/"}}]}},"_links":{"self":[{"href":"https:\/\/cozydots.com\/fr\/wp-json\/wp\/v2\/product\/48760","targetHints":{"allow":["GET"]}}],"collection":[{"href":"https:\/\/cozydots.com\/fr\/wp-json\/wp\/v2\/product"}],"about":[{"href":"https:\/\/cozydots.com\/fr\/wp-json\/wp\/v2\/types\/product"}],"replies":[{"embeddable":true,"href":"https:\/\/cozydots.com\/fr\/wp-json\/wp\/v2\/comments?post=48760"}],"wp:featuredmedia":[{"embeddable":true,"href":"https:\/\/cozydots.com\/fr\/wp-json\/wp\/v2\/media\/48754"}],"wp:attachment":[{"href":"https:\/\/cozydots.com\/fr\/wp-json\/wp\/v2\/media?parent=48760"}],"wp:term":[{"taxonomy":"product_brand","embeddable":true,"href":"https:\/\/cozydots.com\/fr\/wp-json\/wp\/v2\/product_brand?post=48760"},{"taxonomy":"product_cat","embeddable":true,"href":"https:\/\/cozydots.com\/fr\/wp-json\/wp\/v2\/product_cat?post=48760"},{"taxonomy":"product_tag","embeddable":true,"href":"https:\/\/cozydots.com\/fr\/wp-json\/wp\/v2\/product_tag?post=48760"}],"curies":[{"name":"wp","href":"https:\/\/api.w.org\/{rel}","templated":true}]}}