{"id":48789,"date":"2022-02-23T17:22:11","date_gmt":"2022-02-23T16:22:11","guid":{"rendered":"https:\/\/cozydots.com\/?post_type=product&#038;p=48789"},"modified":"2022-06-29T17:53:35","modified_gmt":"2022-06-29T15:53:35","slug":"tapis-de-jeu-en-velvet-beetle-bug","status":"publish","type":"product","link":"https:\/\/cozydots.com\/fr\/produit\/tapis-de-jeu-en-velvet-beetle-bug\/","title":{"rendered":"Tapis de jeu en Velvet Beetle Bug"},"content":{"rendered":"<p><strong>Un tapis doux en velours \u00e9pais en forme de Beetle Bug<\/strong><\/p>\n<p><strong>Le tapis est parfait comme \u00e9l\u00e9ment d\u00e9coratif dans une chambre d&#8217;enfant, un tapis moelleux &#8211; un tapis de jeu.<\/strong><\/p>\n<p>Le tapis est coh\u00e9rent avec notre collection Forest, qui comprend des oreillers, des guirlandes et des tentes tipi.<\/p>\n<p>Tapis en forme de scarab\u00e9e miel et bleu marine, dimensions :<\/p>\n<ul>\n<li>110 \u00d7 110 cm<\/li>\n<\/ul>\n<p>Tissu :<\/p>\n<ul>\n<li>Velours velours &#8211; CE,<\/li>\n<li>rembourrage &#8211; mousse antiallergique<\/li>\n<\/ul>\n<p>M\u00e9thode de soin :<\/p>\n<ul>\n<li>Ne pas repasser<\/li>\n<li><span style=\"color: #555555\">Lavable en machine \u00e0 40 degr\u00e9s, essorage &#8211; 800 tours<\/span><\/li>\n<li><span style=\"color: #555555\">Ne pas nettoyer \u00e0 sec<\/span><\/li>\n<li><span style=\"color: #555555\">Ne pas javelliser<\/span><\/li>\n<\/ul>\n<p>Con\u00e7u et cousu en Pologne par Cozy &amp; Dozy.<\/p>\n","protected":false},"excerpt":{"rendered":"<p><b>Une natte, un tapis en forme de scarab\u00e9e. Tapis scarab\u00e9e 110 \u00d7 110 cm en velours \u00e9pais.<\/b><\/p>\n","protected":false},"featured_media":48800,"comment_status":"open","ping_status":"closed","template":"","meta":[],"product_brand":[],"product_cat":[472],"product_tag":[],"class_list":{"0":"post-48789","1":"product","2":"type-product","3":"status-publish","4":"has-post-thumbnail","6":"product_cat-sacs-et-tapis-de-jeux","8":"first","9":"instock","10":"sale","11":"taxable","12":"shipping-taxable","13":"product-type-simple"},"yoast_head":"<!-- This site is optimized with the Yoast SEO plugin v27.0 - https:\/\/yoast.com\/product\/yoast-seo-wordpress\/ -->\n<title>Tapis de jeu en Velvet Beetle Bug - Cozydots.com<\/title>\n<meta name=\"description\" content=\"Une natte, un tapis en forme de scarab\u00e9e. Tapis scarab\u00e9e 110 \u00d7 110 cm en velours \u00e9pais.\" \/>\n<meta name=\"robots\" content=\"index, follow, max-snippet:-1, max-image-preview:large, max-video-preview:-1\" \/>\n<link rel=\"canonical\" href=\"https:\/\/cozydots.com\/fr\/produit\/tapis-de-jeu-en-velvet-beetle-bug\/\" \/>\n<meta property=\"og:locale\" content=\"fr_FR\" \/>\n<meta property=\"og:type\" content=\"article\" \/>\n<meta property=\"og:title\" content=\"Tapis de jeu en Velvet Beetle Bug - Cozydots.com\" \/>\n<meta property=\"og:description\" content=\"Une natte, un tapis en forme de scarab\u00e9e. Tapis scarab\u00e9e 110 \u00d7 110 cm en velours \u00e9pais.\" \/>\n<meta property=\"og:url\" content=\"https:\/\/cozydots.com\/fr\/produit\/tapis-de-jeu-en-velvet-beetle-bug\/\" \/>\n<meta property=\"og:site_name\" content=\"Cozydots.com\" \/>\n<meta property=\"article:modified_time\" content=\"2022-06-29T15:53:35+00:00\" \/>\n<meta property=\"og:image\" content=\"https:\/\/cozydots.com\/wp-content\/uploads\/2022\/02\/beetle-mat.jpg\" \/>\n\t<meta property=\"og:image:width\" content=\"1200\" \/>\n\t<meta property=\"og:image:height\" content=\"1200\" \/>\n\t<meta property=\"og:image:type\" content=\"image\/jpeg\" \/>\n<meta name=\"twitter:card\" content=\"summary_large_image\" \/>\n<meta name=\"twitter:label1\" content=\"Dur\u00e9e de lecture estim\u00e9e\" \/>\n\t<meta name=\"twitter:data1\" content=\"1 minute\" \/>\n<script type=\"application\/ld+json\" class=\"yoast-schema-graph\">{\"@context\":\"https:\/\/schema.org\",\"@graph\":[{\"@type\":\"WebPage\",\"@id\":\"https:\/\/cozydots.com\/fr\/produit\/tapis-de-jeu-en-velvet-beetle-bug\/\",\"url\":\"https:\/\/cozydots.com\/fr\/produit\/tapis-de-jeu-en-velvet-beetle-bug\/\",\"name\":\"Tapis de jeu en Velvet Beetle Bug - Cozydots.com\",\"isPartOf\":{\"@id\":\"https:\/\/cozydots.com\/fr\/#website\"},\"primaryImageOfPage\":{\"@id\":\"https:\/\/cozydots.com\/fr\/produit\/tapis-de-jeu-en-velvet-beetle-bug\/#primaryimage\"},\"image\":{\"@id\":\"https:\/\/cozydots.com\/fr\/produit\/tapis-de-jeu-en-velvet-beetle-bug\/#primaryimage\"},\"thumbnailUrl\":\"https:\/\/cozydots.com\/wp-content\/uploads\/2022\/02\/beetle-mat.jpg\",\"datePublished\":\"2022-02-23T16:22:11+00:00\",\"dateModified\":\"2022-06-29T15:53:35+00:00\",\"description\":\"Une natte, un tapis en forme de scarab\u00e9e. Tapis scarab\u00e9e 110 \u00d7 110 cm en velours \u00e9pais.\",\"breadcrumb\":{\"@id\":\"https:\/\/cozydots.com\/fr\/produit\/tapis-de-jeu-en-velvet-beetle-bug\/#breadcrumb\"},\"inLanguage\":\"fr-FR\",\"potentialAction\":[{\"@type\":\"ReadAction\",\"target\":[\"https:\/\/cozydots.com\/fr\/produit\/tapis-de-jeu-en-velvet-beetle-bug\/\"]}]},{\"@type\":\"ImageObject\",\"inLanguage\":\"fr-FR\",\"@id\":\"https:\/\/cozydots.com\/fr\/produit\/tapis-de-jeu-en-velvet-beetle-bug\/#primaryimage\",\"url\":\"https:\/\/cozydots.com\/wp-content\/uploads\/2022\/02\/beetle-mat.jpg\",\"contentUrl\":\"https:\/\/cozydots.com\/wp-content\/uploads\/2022\/02\/beetle-mat.jpg\",\"width\":1200,\"height\":1200},{\"@type\":\"BreadcrumbList\",\"@id\":\"https:\/\/cozydots.com\/fr\/produit\/tapis-de-jeu-en-velvet-beetle-bug\/#breadcrumb\",\"itemListElement\":[{\"@type\":\"ListItem\",\"position\":1,\"name\":\"Strona g\u0142\u00f3wna\",\"item\":\"https:\/\/cozydots.com\/fr\/\"},{\"@type\":\"ListItem\",\"position\":2,\"name\":\"Boutique\",\"item\":\"https:\/\/cozydots.com\/fr\/boutique\/\"},{\"@type\":\"ListItem\",\"position\":3,\"name\":\"Tapis de jeu en Velvet Beetle Bug\"}]},{\"@type\":\"WebSite\",\"@id\":\"https:\/\/cozydots.com\/fr\/#website\",\"url\":\"https:\/\/cozydots.com\/fr\/\",\"name\":\"Cozydots.com\",\"description\":\"Producent namiot\u00f3w Tipi\",\"publisher\":{\"@id\":\"https:\/\/cozydots.com\/fr\/#organization\"},\"potentialAction\":[{\"@type\":\"SearchAction\",\"target\":{\"@type\":\"EntryPoint\",\"urlTemplate\":\"https:\/\/cozydots.com\/fr\/?s={search_term_string}\"},\"query-input\":{\"@type\":\"PropertyValueSpecification\",\"valueRequired\":true,\"valueName\":\"search_term_string\"}}],\"inLanguage\":\"fr-FR\"},{\"@type\":\"Organization\",\"@id\":\"https:\/\/cozydots.com\/fr\/#organization\",\"name\":\"Cozydots.com\",\"url\":\"https:\/\/cozydots.com\/fr\/\",\"logo\":{\"@type\":\"ImageObject\",\"inLanguage\":\"fr-FR\",\"@id\":\"https:\/\/cozydots.com\/fr\/#\/schema\/logo\/image\/\",\"url\":\"https:\/\/cozydots.com\/wp-content\/uploads\/2021\/10\/cozyshop_logo.png\",\"contentUrl\":\"https:\/\/cozydots.com\/wp-content\/uploads\/2021\/10\/cozyshop_logo.png\",\"width\":400,\"height\":121,\"caption\":\"Cozydots.com\"},\"image\":{\"@id\":\"https:\/\/cozydots.com\/fr\/#\/schema\/logo\/image\/\"}}]}<\/script>\n<!-- \/ Yoast SEO plugin. -->","yoast_head_json":{"title":"Tapis de jeu en Velvet Beetle Bug - Cozydots.com","description":"Une natte, un tapis en forme de scarab\u00e9e. Tapis scarab\u00e9e 110 \u00d7 110 cm en velours \u00e9pais.","robots":{"index":"index","follow":"follow","max-snippet":"max-snippet:-1","max-image-preview":"max-image-preview:large","max-video-preview":"max-video-preview:-1"},"canonical":"https:\/\/cozydots.com\/fr\/produit\/tapis-de-jeu-en-velvet-beetle-bug\/","og_locale":"fr_FR","og_type":"article","og_title":"Tapis de jeu en Velvet Beetle Bug - Cozydots.com","og_description":"Une natte, un tapis en forme de scarab\u00e9e. Tapis scarab\u00e9e 110 \u00d7 110 cm en velours \u00e9pais.","og_url":"https:\/\/cozydots.com\/fr\/produit\/tapis-de-jeu-en-velvet-beetle-bug\/","og_site_name":"Cozydots.com","article_modified_time":"2022-06-29T15:53:35+00:00","og_image":[{"width":1200,"height":1200,"url":"https:\/\/cozydots.com\/wp-content\/uploads\/2022\/02\/beetle-mat.jpg","type":"image\/jpeg"}],"twitter_card":"summary_large_image","twitter_misc":{"Dur\u00e9e de lecture estim\u00e9e":"1 minute"},"schema":{"@context":"https:\/\/schema.org","@graph":[{"@type":"WebPage","@id":"https:\/\/cozydots.com\/fr\/produit\/tapis-de-jeu-en-velvet-beetle-bug\/","url":"https:\/\/cozydots.com\/fr\/produit\/tapis-de-jeu-en-velvet-beetle-bug\/","name":"Tapis de jeu en Velvet Beetle Bug - Cozydots.com","isPartOf":{"@id":"https:\/\/cozydots.com\/fr\/#website"},"primaryImageOfPage":{"@id":"https:\/\/cozydots.com\/fr\/produit\/tapis-de-jeu-en-velvet-beetle-bug\/#primaryimage"},"image":{"@id":"https:\/\/cozydots.com\/fr\/produit\/tapis-de-jeu-en-velvet-beetle-bug\/#primaryimage"},"thumbnailUrl":"https:\/\/cozydots.com\/wp-content\/uploads\/2022\/02\/beetle-mat.jpg","datePublished":"2022-02-23T16:22:11+00:00","dateModified":"2022-06-29T15:53:35+00:00","description":"Une natte, un tapis en forme de scarab\u00e9e. Tapis scarab\u00e9e 110 \u00d7 110 cm en velours \u00e9pais.","breadcrumb":{"@id":"https:\/\/cozydots.com\/fr\/produit\/tapis-de-jeu-en-velvet-beetle-bug\/#breadcrumb"},"inLanguage":"fr-FR","potentialAction":[{"@type":"ReadAction","target":["https:\/\/cozydots.com\/fr\/produit\/tapis-de-jeu-en-velvet-beetle-bug\/"]}]},{"@type":"ImageObject","inLanguage":"fr-FR","@id":"https:\/\/cozydots.com\/fr\/produit\/tapis-de-jeu-en-velvet-beetle-bug\/#primaryimage","url":"https:\/\/cozydots.com\/wp-content\/uploads\/2022\/02\/beetle-mat.jpg","contentUrl":"https:\/\/cozydots.com\/wp-content\/uploads\/2022\/02\/beetle-mat.jpg","width":1200,"height":1200},{"@type":"BreadcrumbList","@id":"https:\/\/cozydots.com\/fr\/produit\/tapis-de-jeu-en-velvet-beetle-bug\/#breadcrumb","itemListElement":[{"@type":"ListItem","position":1,"name":"Strona g\u0142\u00f3wna","item":"https:\/\/cozydots.com\/fr\/"},{"@type":"ListItem","position":2,"name":"Boutique","item":"https:\/\/cozydots.com\/fr\/boutique\/"},{"@type":"ListItem","position":3,"name":"Tapis de jeu en Velvet Beetle Bug"}]},{"@type":"WebSite","@id":"https:\/\/cozydots.com\/fr\/#website","url":"https:\/\/cozydots.com\/fr\/","name":"Cozydots.com","description":"Producent namiot\u00f3w Tipi","publisher":{"@id":"https:\/\/cozydots.com\/fr\/#organization"},"potentialAction":[{"@type":"SearchAction","target":{"@type":"EntryPoint","urlTemplate":"https:\/\/cozydots.com\/fr\/?s={search_term_string}"},"query-input":{"@type":"PropertyValueSpecification","valueRequired":true,"valueName":"search_term_string"}}],"inLanguage":"fr-FR"},{"@type":"Organization","@id":"https:\/\/cozydots.com\/fr\/#organization","name":"Cozydots.com","url":"https:\/\/cozydots.com\/fr\/","logo":{"@type":"ImageObject","inLanguage":"fr-FR","@id":"https:\/\/cozydots.com\/fr\/#\/schema\/logo\/image\/","url":"https:\/\/cozydots.com\/wp-content\/uploads\/2021\/10\/cozyshop_logo.png","contentUrl":"https:\/\/cozydots.com\/wp-content\/uploads\/2021\/10\/cozyshop_logo.png","width":400,"height":121,"caption":"Cozydots.com"},"image":{"@id":"https:\/\/cozydots.com\/fr\/#\/schema\/logo\/image\/"}}]}},"_links":{"self":[{"href":"https:\/\/cozydots.com\/fr\/wp-json\/wp\/v2\/product\/48789","targetHints":{"allow":["GET"]}}],"collection":[{"href":"https:\/\/cozydots.com\/fr\/wp-json\/wp\/v2\/product"}],"about":[{"href":"https:\/\/cozydots.com\/fr\/wp-json\/wp\/v2\/types\/product"}],"replies":[{"embeddable":true,"href":"https:\/\/cozydots.com\/fr\/wp-json\/wp\/v2\/comments?post=48789"}],"wp:featuredmedia":[{"embeddable":true,"href":"https:\/\/cozydots.com\/fr\/wp-json\/wp\/v2\/media\/48800"}],"wp:attachment":[{"href":"https:\/\/cozydots.com\/fr\/wp-json\/wp\/v2\/media?parent=48789"}],"wp:term":[{"taxonomy":"product_brand","embeddable":true,"href":"https:\/\/cozydots.com\/fr\/wp-json\/wp\/v2\/product_brand?post=48789"},{"taxonomy":"product_cat","embeddable":true,"href":"https:\/\/cozydots.com\/fr\/wp-json\/wp\/v2\/product_cat?post=48789"},{"taxonomy":"product_tag","embeddable":true,"href":"https:\/\/cozydots.com\/fr\/wp-json\/wp\/v2\/product_tag?post=48789"}],"curies":[{"name":"wp","href":"https:\/\/api.w.org\/{rel}","templated":true}]}}