{"id":49600,"date":"2022-02-25T14:52:45","date_gmt":"2022-02-25T13:52:46","guid":{"rendered":"https:\/\/cozydots.com\/?post_type=product&#038;p=49600"},"modified":"2022-02-25T14:55:12","modified_gmt":"2022-02-25T13:55:12","slug":"linge-de-lit-basic-gray-housse-de-couette-gris","status":"publish","type":"product","link":"https:\/\/cozydots.com\/fr\/produit\/linge-de-lit-basic-gray-housse-de-couette-gris\/","title":{"rendered":"Linge de lit Basic Gray, Housse de Couette Gris"},"content":{"rendered":"<p><strong>La literie double face de la ligne Basic est une coupe classique et une esth\u00e9tique qui s&#8217;int\u00e9grera dans n&#8217;importe quel int\u00e9rieur.<\/strong><\/p>\n<p>Literie confortable en coton certifi\u00e9 hypoallerg\u00e9nique en 3 variantes de couleur :<\/p>\n<ul>\n<li>blanc vert<\/li>\n<li><span style=\"color: #555555\">blanc &#8211; rose,<\/span><\/li>\n<li><span style=\"color: #555555\">blanc &#8211; gris<\/span><\/li>\n<\/ul>\n<p>Linge de lit disponible en plusieurs tailles.<\/p>\n<p>Livr\u00e9 avec une housse de couette et une taie d&#8217;oreiller avec une fermeture \u00e9clair invisible.<\/p>\n<p>Composition:<\/p>\n<ul>\n<li>100% coton (certificat , CE)<\/li>\n<\/ul>\n<p>La lessive:<\/p>\n<ul>\n<li>Lavable en machine \u00e0 40 degr\u00e9s,<\/li>\n<li><span style=\"color: #555555\">rotation &#8211; 800 tours,<\/span><\/li>\n<li><span style=\"color: #555555\">ne pas nettoyer \u00e0 sec, ne pas blanchir,<\/span><\/li>\n<\/ul>\n","protected":false},"excerpt":{"rendered":"<p><strong>La literie double face de la ligne Basic est une coupe classique et une esth\u00e9tique qui s&#8217;int\u00e9grera dans n&#8217;importe quel int\u00e9rieur.<\/strong><\/p>\n","protected":false},"featured_media":49289,"comment_status":"open","ping_status":"closed","template":"","meta":[],"product_brand":[],"product_cat":[471],"product_tag":[],"class_list":{"0":"post-49600","1":"product","2":"type-product","3":"status-publish","4":"has-post-thumbnail","6":"product_cat-literie","8":"first","9":"instock","10":"taxable","11":"shipping-taxable","12":"product-type-variable"},"yoast_head":"<!-- This site is optimized with the Yoast SEO plugin v27.0 - https:\/\/yoast.com\/product\/yoast-seo-wordpress\/ -->\n<title>Linge de lit Basic Gray, Housse de Couette Gris - Cozydots.com<\/title>\n<meta name=\"description\" content=\"La literie double face de la ligne Basic est une coupe classique et une esth\u00e9tique qui s&#039;int\u00e9grera dans n&#039;importe quel int\u00e9rieur.\" \/>\n<meta name=\"robots\" content=\"index, follow, max-snippet:-1, max-image-preview:large, max-video-preview:-1\" \/>\n<link rel=\"canonical\" href=\"https:\/\/cozydots.com\/fr\/produit\/linge-de-lit-basic-gray-housse-de-couette-gris\/\" \/>\n<meta property=\"og:locale\" content=\"fr_FR\" \/>\n<meta property=\"og:type\" content=\"article\" \/>\n<meta property=\"og:title\" content=\"Linge de lit Basic Gray, Housse de Couette Gris - Cozydots.com\" \/>\n<meta property=\"og:description\" content=\"La literie double face de la ligne Basic est une coupe classique et une esth\u00e9tique qui s&#039;int\u00e9grera dans n&#039;importe quel int\u00e9rieur.\" \/>\n<meta property=\"og:url\" content=\"https:\/\/cozydots.com\/fr\/produit\/linge-de-lit-basic-gray-housse-de-couette-gris\/\" \/>\n<meta property=\"og:site_name\" content=\"Cozydots.com\" \/>\n<meta property=\"article:modified_time\" content=\"2022-02-25T13:55:12+00:00\" \/>\n<meta property=\"og:image\" content=\"https:\/\/cozydots.com\/wp-content\/uploads\/2022\/02\/grey-bedding.jpg\" \/>\n\t<meta property=\"og:image:width\" content=\"1696\" \/>\n\t<meta property=\"og:image:height\" content=\"1200\" \/>\n\t<meta property=\"og:image:type\" content=\"image\/jpeg\" \/>\n<meta name=\"twitter:card\" content=\"summary_large_image\" \/>\n<meta name=\"twitter:label1\" content=\"Dur\u00e9e de lecture estim\u00e9e\" \/>\n\t<meta name=\"twitter:data1\" content=\"1 minute\" \/>\n<script type=\"application\/ld+json\" class=\"yoast-schema-graph\">{\"@context\":\"https:\/\/schema.org\",\"@graph\":[{\"@type\":\"WebPage\",\"@id\":\"https:\/\/cozydots.com\/fr\/produit\/linge-de-lit-basic-gray-housse-de-couette-gris\/\",\"url\":\"https:\/\/cozydots.com\/fr\/produit\/linge-de-lit-basic-gray-housse-de-couette-gris\/\",\"name\":\"Linge de lit Basic Gray, Housse de Couette Gris - Cozydots.com\",\"isPartOf\":{\"@id\":\"https:\/\/cozydots.com\/fr\/#website\"},\"primaryImageOfPage\":{\"@id\":\"https:\/\/cozydots.com\/fr\/produit\/linge-de-lit-basic-gray-housse-de-couette-gris\/#primaryimage\"},\"image\":{\"@id\":\"https:\/\/cozydots.com\/fr\/produit\/linge-de-lit-basic-gray-housse-de-couette-gris\/#primaryimage\"},\"thumbnailUrl\":\"https:\/\/cozydots.com\/wp-content\/uploads\/2022\/02\/grey-bedding.jpg\",\"datePublished\":\"2022-02-25T13:52:46+00:00\",\"dateModified\":\"2022-02-25T13:55:12+00:00\",\"description\":\"La literie double face de la ligne Basic est une coupe classique et une esth\u00e9tique qui s'int\u00e9grera dans n'importe quel int\u00e9rieur.\",\"breadcrumb\":{\"@id\":\"https:\/\/cozydots.com\/fr\/produit\/linge-de-lit-basic-gray-housse-de-couette-gris\/#breadcrumb\"},\"inLanguage\":\"fr-FR\",\"potentialAction\":[{\"@type\":\"ReadAction\",\"target\":[\"https:\/\/cozydots.com\/fr\/produit\/linge-de-lit-basic-gray-housse-de-couette-gris\/\"]}]},{\"@type\":\"ImageObject\",\"inLanguage\":\"fr-FR\",\"@id\":\"https:\/\/cozydots.com\/fr\/produit\/linge-de-lit-basic-gray-housse-de-couette-gris\/#primaryimage\",\"url\":\"https:\/\/cozydots.com\/wp-content\/uploads\/2022\/02\/grey-bedding.jpg\",\"contentUrl\":\"https:\/\/cozydots.com\/wp-content\/uploads\/2022\/02\/grey-bedding.jpg\",\"width\":1696,\"height\":1200},{\"@type\":\"BreadcrumbList\",\"@id\":\"https:\/\/cozydots.com\/fr\/produit\/linge-de-lit-basic-gray-housse-de-couette-gris\/#breadcrumb\",\"itemListElement\":[{\"@type\":\"ListItem\",\"position\":1,\"name\":\"Strona g\u0142\u00f3wna\",\"item\":\"https:\/\/cozydots.com\/fr\/\"},{\"@type\":\"ListItem\",\"position\":2,\"name\":\"Boutique\",\"item\":\"https:\/\/cozydots.com\/fr\/boutique\/\"},{\"@type\":\"ListItem\",\"position\":3,\"name\":\"Linge de lit Basic Gray, Housse de Couette Gris\"}]},{\"@type\":\"WebSite\",\"@id\":\"https:\/\/cozydots.com\/fr\/#website\",\"url\":\"https:\/\/cozydots.com\/fr\/\",\"name\":\"Cozydots.com\",\"description\":\"Producent namiot\u00f3w Tipi\",\"publisher\":{\"@id\":\"https:\/\/cozydots.com\/fr\/#organization\"},\"potentialAction\":[{\"@type\":\"SearchAction\",\"target\":{\"@type\":\"EntryPoint\",\"urlTemplate\":\"https:\/\/cozydots.com\/fr\/?s={search_term_string}\"},\"query-input\":{\"@type\":\"PropertyValueSpecification\",\"valueRequired\":true,\"valueName\":\"search_term_string\"}}],\"inLanguage\":\"fr-FR\"},{\"@type\":\"Organization\",\"@id\":\"https:\/\/cozydots.com\/fr\/#organization\",\"name\":\"Cozydots.com\",\"url\":\"https:\/\/cozydots.com\/fr\/\",\"logo\":{\"@type\":\"ImageObject\",\"inLanguage\":\"fr-FR\",\"@id\":\"https:\/\/cozydots.com\/fr\/#\/schema\/logo\/image\/\",\"url\":\"https:\/\/cozydots.com\/wp-content\/uploads\/2021\/10\/cozyshop_logo.png\",\"contentUrl\":\"https:\/\/cozydots.com\/wp-content\/uploads\/2021\/10\/cozyshop_logo.png\",\"width\":400,\"height\":121,\"caption\":\"Cozydots.com\"},\"image\":{\"@id\":\"https:\/\/cozydots.com\/fr\/#\/schema\/logo\/image\/\"}}]}<\/script>\n<!-- \/ Yoast SEO plugin. -->","yoast_head_json":{"title":"Linge de lit Basic Gray, Housse de Couette Gris - Cozydots.com","description":"La literie double face de la ligne Basic est une coupe classique et une esth\u00e9tique qui s'int\u00e9grera dans n'importe quel int\u00e9rieur.","robots":{"index":"index","follow":"follow","max-snippet":"max-snippet:-1","max-image-preview":"max-image-preview:large","max-video-preview":"max-video-preview:-1"},"canonical":"https:\/\/cozydots.com\/fr\/produit\/linge-de-lit-basic-gray-housse-de-couette-gris\/","og_locale":"fr_FR","og_type":"article","og_title":"Linge de lit Basic Gray, Housse de Couette Gris - Cozydots.com","og_description":"La literie double face de la ligne Basic est une coupe classique et une esth\u00e9tique qui s'int\u00e9grera dans n'importe quel int\u00e9rieur.","og_url":"https:\/\/cozydots.com\/fr\/produit\/linge-de-lit-basic-gray-housse-de-couette-gris\/","og_site_name":"Cozydots.com","article_modified_time":"2022-02-25T13:55:12+00:00","og_image":[{"width":1696,"height":1200,"url":"https:\/\/cozydots.com\/wp-content\/uploads\/2022\/02\/grey-bedding.jpg","type":"image\/jpeg"}],"twitter_card":"summary_large_image","twitter_misc":{"Dur\u00e9e de lecture estim\u00e9e":"1 minute"},"schema":{"@context":"https:\/\/schema.org","@graph":[{"@type":"WebPage","@id":"https:\/\/cozydots.com\/fr\/produit\/linge-de-lit-basic-gray-housse-de-couette-gris\/","url":"https:\/\/cozydots.com\/fr\/produit\/linge-de-lit-basic-gray-housse-de-couette-gris\/","name":"Linge de lit Basic Gray, Housse de Couette Gris - Cozydots.com","isPartOf":{"@id":"https:\/\/cozydots.com\/fr\/#website"},"primaryImageOfPage":{"@id":"https:\/\/cozydots.com\/fr\/produit\/linge-de-lit-basic-gray-housse-de-couette-gris\/#primaryimage"},"image":{"@id":"https:\/\/cozydots.com\/fr\/produit\/linge-de-lit-basic-gray-housse-de-couette-gris\/#primaryimage"},"thumbnailUrl":"https:\/\/cozydots.com\/wp-content\/uploads\/2022\/02\/grey-bedding.jpg","datePublished":"2022-02-25T13:52:46+00:00","dateModified":"2022-02-25T13:55:12+00:00","description":"La literie double face de la ligne Basic est une coupe classique et une esth\u00e9tique qui s'int\u00e9grera dans n'importe quel int\u00e9rieur.","breadcrumb":{"@id":"https:\/\/cozydots.com\/fr\/produit\/linge-de-lit-basic-gray-housse-de-couette-gris\/#breadcrumb"},"inLanguage":"fr-FR","potentialAction":[{"@type":"ReadAction","target":["https:\/\/cozydots.com\/fr\/produit\/linge-de-lit-basic-gray-housse-de-couette-gris\/"]}]},{"@type":"ImageObject","inLanguage":"fr-FR","@id":"https:\/\/cozydots.com\/fr\/produit\/linge-de-lit-basic-gray-housse-de-couette-gris\/#primaryimage","url":"https:\/\/cozydots.com\/wp-content\/uploads\/2022\/02\/grey-bedding.jpg","contentUrl":"https:\/\/cozydots.com\/wp-content\/uploads\/2022\/02\/grey-bedding.jpg","width":1696,"height":1200},{"@type":"BreadcrumbList","@id":"https:\/\/cozydots.com\/fr\/produit\/linge-de-lit-basic-gray-housse-de-couette-gris\/#breadcrumb","itemListElement":[{"@type":"ListItem","position":1,"name":"Strona g\u0142\u00f3wna","item":"https:\/\/cozydots.com\/fr\/"},{"@type":"ListItem","position":2,"name":"Boutique","item":"https:\/\/cozydots.com\/fr\/boutique\/"},{"@type":"ListItem","position":3,"name":"Linge de lit Basic Gray, Housse de Couette Gris"}]},{"@type":"WebSite","@id":"https:\/\/cozydots.com\/fr\/#website","url":"https:\/\/cozydots.com\/fr\/","name":"Cozydots.com","description":"Producent namiot\u00f3w Tipi","publisher":{"@id":"https:\/\/cozydots.com\/fr\/#organization"},"potentialAction":[{"@type":"SearchAction","target":{"@type":"EntryPoint","urlTemplate":"https:\/\/cozydots.com\/fr\/?s={search_term_string}"},"query-input":{"@type":"PropertyValueSpecification","valueRequired":true,"valueName":"search_term_string"}}],"inLanguage":"fr-FR"},{"@type":"Organization","@id":"https:\/\/cozydots.com\/fr\/#organization","name":"Cozydots.com","url":"https:\/\/cozydots.com\/fr\/","logo":{"@type":"ImageObject","inLanguage":"fr-FR","@id":"https:\/\/cozydots.com\/fr\/#\/schema\/logo\/image\/","url":"https:\/\/cozydots.com\/wp-content\/uploads\/2021\/10\/cozyshop_logo.png","contentUrl":"https:\/\/cozydots.com\/wp-content\/uploads\/2021\/10\/cozyshop_logo.png","width":400,"height":121,"caption":"Cozydots.com"},"image":{"@id":"https:\/\/cozydots.com\/fr\/#\/schema\/logo\/image\/"}}]}},"_links":{"self":[{"href":"https:\/\/cozydots.com\/fr\/wp-json\/wp\/v2\/product\/49600","targetHints":{"allow":["GET"]}}],"collection":[{"href":"https:\/\/cozydots.com\/fr\/wp-json\/wp\/v2\/product"}],"about":[{"href":"https:\/\/cozydots.com\/fr\/wp-json\/wp\/v2\/types\/product"}],"replies":[{"embeddable":true,"href":"https:\/\/cozydots.com\/fr\/wp-json\/wp\/v2\/comments?post=49600"}],"wp:featuredmedia":[{"embeddable":true,"href":"https:\/\/cozydots.com\/fr\/wp-json\/wp\/v2\/media\/49289"}],"wp:attachment":[{"href":"https:\/\/cozydots.com\/fr\/wp-json\/wp\/v2\/media?parent=49600"}],"wp:term":[{"taxonomy":"product_brand","embeddable":true,"href":"https:\/\/cozydots.com\/fr\/wp-json\/wp\/v2\/product_brand?post=49600"},{"taxonomy":"product_cat","embeddable":true,"href":"https:\/\/cozydots.com\/fr\/wp-json\/wp\/v2\/product_cat?post=49600"},{"taxonomy":"product_tag","embeddable":true,"href":"https:\/\/cozydots.com\/fr\/wp-json\/wp\/v2\/product_tag?post=49600"}],"curies":[{"name":"wp","href":"https:\/\/api.w.org\/{rel}","templated":true}]}}