{"id":50186,"date":"2022-03-02T13:39:10","date_gmt":"2022-03-02T12:39:10","guid":{"rendered":"https:\/\/cozydots.com\/?post_type=product&#038;p=50186"},"modified":"2023-02-08T11:58:07","modified_gmt":"2023-02-08T10:58:07","slug":"tente-tipi-blue-sea-ensemble-nautique-avec-un-tapis-et-un-oreiller","status":"publish","type":"product","link":"https:\/\/cozydots.com\/fr\/produit\/tente-tipi-blue-sea-ensemble-nautique-avec-un-tapis-et-un-oreiller\/","title":{"rendered":"Tente tipi Blue Sea, ensemble nautique avec un tapis et un oreiller"},"content":{"rendered":"<p><b>La tente de jeu de la s\u00e9rie Blue Sea est un tipi bleu en toile solide et d\u00e9cor\u00e9 de velours doux et de ruban argent\u00e9.<\/b><\/p>\n<p>Une tente tipi est un endroit id\u00e9al pour jouer \u00e0 la maison, sur la terrasse ou dans le jardin.<\/p>\n<p><b>Le tipi de jeu bleu a une fen\u00eatre avec un volet roulant et deux poches pour les jouets.<\/b><\/p>\n<p>La tente b\u00e9b\u00e9 bleue peut \u00eatre associ\u00e9e \u00e0 un tapis en forme de coquillage ou d\u2019\u00e9toile de mer, des coussins et une guirlande.<\/p>\n<p>Blue Sea est une collection inspir\u00e9e du monde sous-marin \u2013 le bleu de la mer, les \u00e9toiles de mer sur la plage, les coquillages color\u00e9s et les sympathiques hippocampes.<\/p>\n<p><b>Wigwam a \u00e9t\u00e9 con\u00e7u pour plaire \u00e0 l\u2019\u0153il pendant longtemps et assurer un plaisir en toute s\u00e9curit\u00e9.<\/b><\/p>\n<p><b>Tipi a 4 c\u00f4t\u00e9s \u2013 aire de jeux env. 1 m2, hauteur d\u00e9pli\u00e9e env. 150cm.<\/b><\/p>\n<p><b>Chaque tente est livr\u00e9e avec des poteaux en pin pliables et un stabilisateur qui maintient les poteaux de mani\u00e8re rigide pour assurer la stabilit\u00e9 de la tente.<\/b><\/p>\n<p>Tous les produits COZY &amp; DOZY ont \u00e9t\u00e9 con\u00e7us et fabriqu\u00e9s en Pologne et ont des d\u00e9clarations CE pour les produits pour enfants.<\/p>\n<p>Le kit comprend :<\/p>\n<ul>\n<li>tente tipi<\/li>\n<li>tapis \u00e9toile de mer bleue<\/li>\n<li>oreiller \u00e9toile de mer grise<\/li>\n<li>4 tiges de pin pliantes (8 moiti\u00e9s) + \u00e9l\u00e9ments de liaison des tiges (8 vis et 4 \u00e9crou long)<\/li>\n<li>instruction<\/li>\n<li>stabilisateur + corde<\/li>\n<\/ul>\n<p>Mat\u00e9riaux:<\/p>\n<ul>\n<li>coton r\u00e9sistant avec certificat <\/li>\n<li>velours avec certificat <\/li>\n<\/ul>\n<p>M\u00e9thode de soins :<\/p>\n<ul>\n<li>Lavable en machine \u00e0 40 degr\u00e9s,<\/li>\n<li>Essorage \u2013 800 tours<\/li>\n<li>Ne pas nettoyer \u00e0 sec<\/li>\n<li>Ne pas javelliser<\/li>\n<\/ul>\n","protected":false},"excerpt":{"rendered":"<p>Tente tipi en coton solide et velours, bleu clair avec un grand tapis et un oreiller. B\u00e2tons et stabilisateur inclus.<\/p>\n","protected":false},"featured_media":48768,"comment_status":"open","ping_status":"closed","template":"","meta":[],"product_brand":[],"product_cat":[469],"product_tag":[1436],"class_list":{"0":"post-50186","1":"product","2":"type-product","3":"status-publish","4":"has-post-thumbnail","6":"product_cat-tentes-tipi","7":"product_tag-pla-fr","9":"first","10":"instock","11":"taxable","12":"shipping-taxable","13":"product-type-simple"},"yoast_head":"<!-- This site is optimized with the Yoast SEO plugin v27.0 - https:\/\/yoast.com\/product\/yoast-seo-wordpress\/ -->\n<title>Tente tipi Blue Sea, ensemble nautique avec un tapis et un oreiller - Cozydots.com<\/title>\n<meta name=\"description\" content=\"Tente tipi en coton solide et velours, bleu clair avec un grand tapis et un oreiller. B\u00e2tons et stabilisateur inclus.\" \/>\n<meta name=\"robots\" content=\"index, follow, max-snippet:-1, max-image-preview:large, max-video-preview:-1\" \/>\n<link rel=\"canonical\" href=\"https:\/\/cozydots.com\/fr\/produit\/tente-tipi-blue-sea-ensemble-nautique-avec-un-tapis-et-un-oreiller\/\" \/>\n<meta property=\"og:locale\" content=\"fr_FR\" \/>\n<meta property=\"og:type\" content=\"article\" \/>\n<meta property=\"og:title\" content=\"Tente tipi Blue Sea, ensemble nautique avec un tapis et un oreiller - Cozydots.com\" \/>\n<meta property=\"og:description\" content=\"Tente tipi en coton solide et velours, bleu clair avec un grand tapis et un oreiller. B\u00e2tons et stabilisateur inclus.\" \/>\n<meta property=\"og:url\" content=\"https:\/\/cozydots.com\/fr\/produit\/tente-tipi-blue-sea-ensemble-nautique-avec-un-tapis-et-un-oreiller\/\" \/>\n<meta property=\"og:site_name\" content=\"Cozydots.com\" \/>\n<meta property=\"article:modified_time\" content=\"2023-02-08T10:58:07+00:00\" \/>\n<meta property=\"og:image\" content=\"https:\/\/cozydots.com\/wp-content\/uploads\/2022\/02\/blue-sea-tipi-set.jpg\" \/>\n\t<meta property=\"og:image:width\" content=\"1200\" \/>\n\t<meta property=\"og:image:height\" content=\"1312\" \/>\n\t<meta property=\"og:image:type\" content=\"image\/jpeg\" \/>\n<meta name=\"twitter:card\" content=\"summary_large_image\" \/>\n<meta name=\"twitter:label1\" content=\"Dur\u00e9e de lecture estim\u00e9e\" \/>\n\t<meta name=\"twitter:data1\" content=\"2 minutes\" \/>\n<script type=\"application\/ld+json\" class=\"yoast-schema-graph\">{\"@context\":\"https:\/\/schema.org\",\"@graph\":[{\"@type\":\"WebPage\",\"@id\":\"https:\/\/cozydots.com\/fr\/produit\/tente-tipi-blue-sea-ensemble-nautique-avec-un-tapis-et-un-oreiller\/\",\"url\":\"https:\/\/cozydots.com\/fr\/produit\/tente-tipi-blue-sea-ensemble-nautique-avec-un-tapis-et-un-oreiller\/\",\"name\":\"Tente tipi Blue Sea, ensemble nautique avec un tapis et un oreiller - Cozydots.com\",\"isPartOf\":{\"@id\":\"https:\/\/cozydots.com\/fr\/#website\"},\"primaryImageOfPage\":{\"@id\":\"https:\/\/cozydots.com\/fr\/produit\/tente-tipi-blue-sea-ensemble-nautique-avec-un-tapis-et-un-oreiller\/#primaryimage\"},\"image\":{\"@id\":\"https:\/\/cozydots.com\/fr\/produit\/tente-tipi-blue-sea-ensemble-nautique-avec-un-tapis-et-un-oreiller\/#primaryimage\"},\"thumbnailUrl\":\"https:\/\/cozydots.com\/wp-content\/uploads\/2022\/02\/blue-sea-tipi-set.jpg\",\"datePublished\":\"2022-03-02T12:39:10+00:00\",\"dateModified\":\"2023-02-08T10:58:07+00:00\",\"description\":\"Tente tipi en coton solide et velours, bleu clair avec un grand tapis et un oreiller. B\u00e2tons et stabilisateur inclus.\",\"breadcrumb\":{\"@id\":\"https:\/\/cozydots.com\/fr\/produit\/tente-tipi-blue-sea-ensemble-nautique-avec-un-tapis-et-un-oreiller\/#breadcrumb\"},\"inLanguage\":\"fr-FR\",\"potentialAction\":[{\"@type\":\"ReadAction\",\"target\":[\"https:\/\/cozydots.com\/fr\/produit\/tente-tipi-blue-sea-ensemble-nautique-avec-un-tapis-et-un-oreiller\/\"]}]},{\"@type\":\"ImageObject\",\"inLanguage\":\"fr-FR\",\"@id\":\"https:\/\/cozydots.com\/fr\/produit\/tente-tipi-blue-sea-ensemble-nautique-avec-un-tapis-et-un-oreiller\/#primaryimage\",\"url\":\"https:\/\/cozydots.com\/wp-content\/uploads\/2022\/02\/blue-sea-tipi-set.jpg\",\"contentUrl\":\"https:\/\/cozydots.com\/wp-content\/uploads\/2022\/02\/blue-sea-tipi-set.jpg\",\"width\":1200,\"height\":1312},{\"@type\":\"BreadcrumbList\",\"@id\":\"https:\/\/cozydots.com\/fr\/produit\/tente-tipi-blue-sea-ensemble-nautique-avec-un-tapis-et-un-oreiller\/#breadcrumb\",\"itemListElement\":[{\"@type\":\"ListItem\",\"position\":1,\"name\":\"Strona g\u0142\u00f3wna\",\"item\":\"https:\/\/cozydots.com\/fr\/\"},{\"@type\":\"ListItem\",\"position\":2,\"name\":\"Boutique\",\"item\":\"https:\/\/cozydots.com\/fr\/boutique\/\"},{\"@type\":\"ListItem\",\"position\":3,\"name\":\"Tente tipi Blue Sea, ensemble nautique avec un tapis et un oreiller\"}]},{\"@type\":\"WebSite\",\"@id\":\"https:\/\/cozydots.com\/fr\/#website\",\"url\":\"https:\/\/cozydots.com\/fr\/\",\"name\":\"Cozydots.com\",\"description\":\"Producent namiot\u00f3w Tipi\",\"publisher\":{\"@id\":\"https:\/\/cozydots.com\/fr\/#organization\"},\"potentialAction\":[{\"@type\":\"SearchAction\",\"target\":{\"@type\":\"EntryPoint\",\"urlTemplate\":\"https:\/\/cozydots.com\/fr\/?s={search_term_string}\"},\"query-input\":{\"@type\":\"PropertyValueSpecification\",\"valueRequired\":true,\"valueName\":\"search_term_string\"}}],\"inLanguage\":\"fr-FR\"},{\"@type\":\"Organization\",\"@id\":\"https:\/\/cozydots.com\/fr\/#organization\",\"name\":\"Cozydots.com\",\"url\":\"https:\/\/cozydots.com\/fr\/\",\"logo\":{\"@type\":\"ImageObject\",\"inLanguage\":\"fr-FR\",\"@id\":\"https:\/\/cozydots.com\/fr\/#\/schema\/logo\/image\/\",\"url\":\"https:\/\/cozydots.com\/wp-content\/uploads\/2021\/10\/cozyshop_logo.png\",\"contentUrl\":\"https:\/\/cozydots.com\/wp-content\/uploads\/2021\/10\/cozyshop_logo.png\",\"width\":400,\"height\":121,\"caption\":\"Cozydots.com\"},\"image\":{\"@id\":\"https:\/\/cozydots.com\/fr\/#\/schema\/logo\/image\/\"}}]}<\/script>\n<!-- \/ Yoast SEO plugin. -->","yoast_head_json":{"title":"Tente tipi Blue Sea, ensemble nautique avec un tapis et un oreiller - Cozydots.com","description":"Tente tipi en coton solide et velours, bleu clair avec un grand tapis et un oreiller. B\u00e2tons et stabilisateur inclus.","robots":{"index":"index","follow":"follow","max-snippet":"max-snippet:-1","max-image-preview":"max-image-preview:large","max-video-preview":"max-video-preview:-1"},"canonical":"https:\/\/cozydots.com\/fr\/produit\/tente-tipi-blue-sea-ensemble-nautique-avec-un-tapis-et-un-oreiller\/","og_locale":"fr_FR","og_type":"article","og_title":"Tente tipi Blue Sea, ensemble nautique avec un tapis et un oreiller - Cozydots.com","og_description":"Tente tipi en coton solide et velours, bleu clair avec un grand tapis et un oreiller. B\u00e2tons et stabilisateur inclus.","og_url":"https:\/\/cozydots.com\/fr\/produit\/tente-tipi-blue-sea-ensemble-nautique-avec-un-tapis-et-un-oreiller\/","og_site_name":"Cozydots.com","article_modified_time":"2023-02-08T10:58:07+00:00","og_image":[{"width":1200,"height":1312,"url":"https:\/\/cozydots.com\/wp-content\/uploads\/2022\/02\/blue-sea-tipi-set.jpg","type":"image\/jpeg"}],"twitter_card":"summary_large_image","twitter_misc":{"Dur\u00e9e de lecture estim\u00e9e":"2 minutes"},"schema":{"@context":"https:\/\/schema.org","@graph":[{"@type":"WebPage","@id":"https:\/\/cozydots.com\/fr\/produit\/tente-tipi-blue-sea-ensemble-nautique-avec-un-tapis-et-un-oreiller\/","url":"https:\/\/cozydots.com\/fr\/produit\/tente-tipi-blue-sea-ensemble-nautique-avec-un-tapis-et-un-oreiller\/","name":"Tente tipi Blue Sea, ensemble nautique avec un tapis et un oreiller - Cozydots.com","isPartOf":{"@id":"https:\/\/cozydots.com\/fr\/#website"},"primaryImageOfPage":{"@id":"https:\/\/cozydots.com\/fr\/produit\/tente-tipi-blue-sea-ensemble-nautique-avec-un-tapis-et-un-oreiller\/#primaryimage"},"image":{"@id":"https:\/\/cozydots.com\/fr\/produit\/tente-tipi-blue-sea-ensemble-nautique-avec-un-tapis-et-un-oreiller\/#primaryimage"},"thumbnailUrl":"https:\/\/cozydots.com\/wp-content\/uploads\/2022\/02\/blue-sea-tipi-set.jpg","datePublished":"2022-03-02T12:39:10+00:00","dateModified":"2023-02-08T10:58:07+00:00","description":"Tente tipi en coton solide et velours, bleu clair avec un grand tapis et un oreiller. B\u00e2tons et stabilisateur inclus.","breadcrumb":{"@id":"https:\/\/cozydots.com\/fr\/produit\/tente-tipi-blue-sea-ensemble-nautique-avec-un-tapis-et-un-oreiller\/#breadcrumb"},"inLanguage":"fr-FR","potentialAction":[{"@type":"ReadAction","target":["https:\/\/cozydots.com\/fr\/produit\/tente-tipi-blue-sea-ensemble-nautique-avec-un-tapis-et-un-oreiller\/"]}]},{"@type":"ImageObject","inLanguage":"fr-FR","@id":"https:\/\/cozydots.com\/fr\/produit\/tente-tipi-blue-sea-ensemble-nautique-avec-un-tapis-et-un-oreiller\/#primaryimage","url":"https:\/\/cozydots.com\/wp-content\/uploads\/2022\/02\/blue-sea-tipi-set.jpg","contentUrl":"https:\/\/cozydots.com\/wp-content\/uploads\/2022\/02\/blue-sea-tipi-set.jpg","width":1200,"height":1312},{"@type":"BreadcrumbList","@id":"https:\/\/cozydots.com\/fr\/produit\/tente-tipi-blue-sea-ensemble-nautique-avec-un-tapis-et-un-oreiller\/#breadcrumb","itemListElement":[{"@type":"ListItem","position":1,"name":"Strona g\u0142\u00f3wna","item":"https:\/\/cozydots.com\/fr\/"},{"@type":"ListItem","position":2,"name":"Boutique","item":"https:\/\/cozydots.com\/fr\/boutique\/"},{"@type":"ListItem","position":3,"name":"Tente tipi Blue Sea, ensemble nautique avec un tapis et un oreiller"}]},{"@type":"WebSite","@id":"https:\/\/cozydots.com\/fr\/#website","url":"https:\/\/cozydots.com\/fr\/","name":"Cozydots.com","description":"Producent namiot\u00f3w Tipi","publisher":{"@id":"https:\/\/cozydots.com\/fr\/#organization"},"potentialAction":[{"@type":"SearchAction","target":{"@type":"EntryPoint","urlTemplate":"https:\/\/cozydots.com\/fr\/?s={search_term_string}"},"query-input":{"@type":"PropertyValueSpecification","valueRequired":true,"valueName":"search_term_string"}}],"inLanguage":"fr-FR"},{"@type":"Organization","@id":"https:\/\/cozydots.com\/fr\/#organization","name":"Cozydots.com","url":"https:\/\/cozydots.com\/fr\/","logo":{"@type":"ImageObject","inLanguage":"fr-FR","@id":"https:\/\/cozydots.com\/fr\/#\/schema\/logo\/image\/","url":"https:\/\/cozydots.com\/wp-content\/uploads\/2021\/10\/cozyshop_logo.png","contentUrl":"https:\/\/cozydots.com\/wp-content\/uploads\/2021\/10\/cozyshop_logo.png","width":400,"height":121,"caption":"Cozydots.com"},"image":{"@id":"https:\/\/cozydots.com\/fr\/#\/schema\/logo\/image\/"}}]}},"_links":{"self":[{"href":"https:\/\/cozydots.com\/fr\/wp-json\/wp\/v2\/product\/50186","targetHints":{"allow":["GET"]}}],"collection":[{"href":"https:\/\/cozydots.com\/fr\/wp-json\/wp\/v2\/product"}],"about":[{"href":"https:\/\/cozydots.com\/fr\/wp-json\/wp\/v2\/types\/product"}],"replies":[{"embeddable":true,"href":"https:\/\/cozydots.com\/fr\/wp-json\/wp\/v2\/comments?post=50186"}],"wp:featuredmedia":[{"embeddable":true,"href":"https:\/\/cozydots.com\/fr\/wp-json\/wp\/v2\/media\/48768"}],"wp:attachment":[{"href":"https:\/\/cozydots.com\/fr\/wp-json\/wp\/v2\/media?parent=50186"}],"wp:term":[{"taxonomy":"product_brand","embeddable":true,"href":"https:\/\/cozydots.com\/fr\/wp-json\/wp\/v2\/product_brand?post=50186"},{"taxonomy":"product_cat","embeddable":true,"href":"https:\/\/cozydots.com\/fr\/wp-json\/wp\/v2\/product_cat?post=50186"},{"taxonomy":"product_tag","embeddable":true,"href":"https:\/\/cozydots.com\/fr\/wp-json\/wp\/v2\/product_tag?post=50186"}],"curies":[{"name":"wp","href":"https:\/\/api.w.org\/{rel}","templated":true}]}}