{"id":50293,"date":"2022-03-17T13:37:56","date_gmt":"2022-03-22T09:57:10","guid":{"rendered":"https:\/\/cozydots.com\/?post_type=product&#038;p=50293"},"modified":"2022-03-22T10:57:11","modified_gmt":"2022-03-22T09:57:11","slug":"taie-doreiller-50x50-cm-frill-velvet-coloris","status":"publish","type":"product","link":"https:\/\/cozydots.com\/fr\/produit\/taie-doreiller-50x50-cm-frill-velvet-coloris\/","title":{"rendered":"Taie d&#8217;oreiller 50\u00d750 cm \u2013 Frill Velvet coloris"},"content":{"rendered":"<p><strong>Les taies d&#8217;oreiller Velvet Frill de Cozy &amp; Dozy intrigueront non seulement les enfants<\/strong><\/p>\n<p><span class=\"Apple-converted-space\">\u00a0<\/span>Il n&#8217;y a jamais trop d&#8217;oreillers \u00e0 la maison &#8211; vous n&#8217;avez pas besoin de convaincre qui que ce soit pour ce slogan, n&#8217;est-ce pas\u00a0? Des oreillers beaux et agr\u00e9ables au toucher cr\u00e9ent une atmosph\u00e8re douillette et chaleureuse dans tous les int\u00e9rieurs, m\u00eame les plus aust\u00e8res. Cependant, la chose la plus importante pour nous est qu&#8217;aucun enfant ne m\u00e9prisera une sieste sur un oreiller doux et confortable. De plus, pour nos enfants qui vivent de nombreuses aventures diff\u00e9rentes d\u00e8s leur plus jeune \u00e2ge, une bonne sieste vaut son pesant d&#8217;or.<\/p>\n<p>Nos oreillers sont reconnus m\u00eame par les plus grands critiques, car ils ont \u00e9t\u00e9 fabriqu\u00e9s avec le plus grand soin et l&#8217;attention port\u00e9e \u00e0 chaque d\u00e9tail. <strong>De plus, ils sont fabriqu\u00e9s dans un mat\u00e9riau de la plus haute qualit\u00e9 &#8211; 100% velours &#8211; qui assure un aspect beau et efficace de l&#8217;oreiller pendant tr\u00e8s longtemps. Ce mat\u00e9riau est \u00e9galement certifi\u00e9 , CE, ce qui signifie qu&#8217;il est s\u00fbr \u00e0 utiliser et ne contient aucune substance nocive.<\/strong> Ainsi, vous pouvez donner nos oreillers en toute s\u00e9curit\u00e9 aux enfants m\u00eame \u00e0 la peau la plus sensible.<\/p>\n<p>Les oreillers Cozy &amp; Dozy sont des produits exceptionnels et uniques. Ils ont \u00e9t\u00e9 con\u00e7us par nos soins, peaufin\u00e9s dans les moindres d\u00e9tails et cousus par nos couturi\u00e8res exp\u00e9riment\u00e9es. Gr\u00e2ce \u00e0 cela, vous pouvez \u00eatre s\u00fbr d&#8217;obtenir un produit de la plus haute qualit\u00e9, fabriqu\u00e9 avec beaucoup de soin. C&#8217;est tr\u00e8s important pour nous pour une raison pr\u00e9cise. Notre exp\u00e9rience montre que les enfants apprennent mieux du bon exemple que leurs parents leur donnent. Lorsque votre enfant re\u00e7oit un beau produit de haute qualit\u00e9, il pourra apprendre les combinaisons de couleurs et le sens de l&#8217;esth\u00e9tique d\u00e8s son plus jeune \u00e2ge. Ils sauront \u00e9galement qu&#8217;il vaut la peine d&#8217;investir dans des produits de bonne qualit\u00e9, car ils restent avec nous plus longtemps.<\/p>\n<p>Inclus:<\/p>\n<ul>\n<li>taie d&#8217;oreiller dans la couleur choisie<\/li>\n<\/ul>\n<p>* possibilit\u00e9 d&#8217;acheter un insert d&#8217;oreiller<\/p>\n<p>Dimension:<\/p>\n<ul>\n<li>50 \u00d7 50 cm<\/li>\n<\/ul>\n<p>Composition:<\/p>\n<ul>\n<li>100% velours (certificat , CE)<\/li>\n<\/ul>\n<p>La lessive:<\/p>\n<ul>\n<li>Lavable en machine \u00e0 40 degr\u00e9s,<\/li>\n<li><span style=\"color: #555555\">rotation \u2013 800 tours,<\/span><\/li>\n<li><span style=\"color: #555555\">ne pas nettoyer \u00e0 sec, ne pas blanchir.<\/span><\/li>\n<\/ul>\n","protected":false},"excerpt":{"rendered":"<p>Une grande taie d&#8217;oreiller 50 \u00d7 50 cm avec un volant d\u00e9coratif. Taie d&#8217;oreiller en velours avec fermeture \u00e9clair.<\/p>\n","protected":false},"featured_media":50838,"comment_status":"open","ping_status":"closed","template":"","meta":[],"product_brand":[],"product_cat":[470],"product_tag":[],"class_list":{"0":"post-50293","1":"product","2":"type-product","3":"status-publish","4":"has-post-thumbnail","6":"product_cat-coussins-et-poufs","8":"first","9":"instock","10":"sale","11":"taxable","12":"shipping-taxable","13":"product-type-variable","14":"has-default-attributes"},"yoast_head":"<!-- This site is optimized with the Yoast SEO plugin v27.0 - https:\/\/yoast.com\/product\/yoast-seo-wordpress\/ -->\n<title>Taie d&#039;oreiller 50\u00d750 cm \u2013 Frill Velvet coloris - Cozydots.com<\/title>\n<meta name=\"description\" content=\"Une grande taie d&#039;oreiller 50 \u00d7 50 cm avec un volant d\u00e9coratif. Taie d&#039;oreiller en velours avec fermeture \u00e9clair.\" \/>\n<meta name=\"robots\" content=\"index, follow, max-snippet:-1, max-image-preview:large, max-video-preview:-1\" \/>\n<link rel=\"canonical\" href=\"https:\/\/cozydots.com\/fr\/produit\/taie-doreiller-50x50-cm-frill-velvet-coloris\/\" \/>\n<meta property=\"og:locale\" content=\"fr_FR\" \/>\n<meta property=\"og:type\" content=\"article\" \/>\n<meta property=\"og:title\" content=\"Taie d&#039;oreiller 50\u00d750 cm \u2013 Frill Velvet coloris - Cozydots.com\" \/>\n<meta property=\"og:description\" content=\"Une grande taie d&#039;oreiller 50 \u00d7 50 cm avec un volant d\u00e9coratif. Taie d&#039;oreiller en velours avec fermeture \u00e9clair.\" \/>\n<meta property=\"og:url\" content=\"https:\/\/cozydots.com\/fr\/produit\/taie-doreiller-50x50-cm-frill-velvet-coloris\/\" \/>\n<meta property=\"og:site_name\" content=\"Cozydots.com\" \/>\n<meta property=\"article:modified_time\" content=\"2022-03-22T09:57:11+00:00\" \/>\n<meta property=\"og:image\" content=\"https:\/\/cozydots.com\/wp-content\/uploads\/2022\/03\/frill-pink-pillow.jpg\" \/>\n\t<meta property=\"og:image:width\" content=\"1200\" \/>\n\t<meta property=\"og:image:height\" content=\"1200\" \/>\n\t<meta property=\"og:image:type\" content=\"image\/jpeg\" \/>\n<meta name=\"twitter:card\" content=\"summary_large_image\" \/>\n<meta name=\"twitter:label1\" content=\"Dur\u00e9e de lecture estim\u00e9e\" \/>\n\t<meta name=\"twitter:data1\" content=\"3 minutes\" \/>\n<script type=\"application\/ld+json\" class=\"yoast-schema-graph\">{\"@context\":\"https:\/\/schema.org\",\"@graph\":[{\"@type\":\"WebPage\",\"@id\":\"https:\/\/cozydots.com\/fr\/produit\/taie-doreiller-50x50-cm-frill-velvet-coloris\/\",\"url\":\"https:\/\/cozydots.com\/fr\/produit\/taie-doreiller-50x50-cm-frill-velvet-coloris\/\",\"name\":\"Taie d'oreiller 50\u00d750 cm \u2013 Frill Velvet coloris - Cozydots.com\",\"isPartOf\":{\"@id\":\"https:\/\/cozydots.com\/fr\/#website\"},\"primaryImageOfPage\":{\"@id\":\"https:\/\/cozydots.com\/fr\/produit\/taie-doreiller-50x50-cm-frill-velvet-coloris\/#primaryimage\"},\"image\":{\"@id\":\"https:\/\/cozydots.com\/fr\/produit\/taie-doreiller-50x50-cm-frill-velvet-coloris\/#primaryimage\"},\"thumbnailUrl\":\"https:\/\/cozydots.com\/wp-content\/uploads\/2022\/03\/frill-pink-pillow.jpg\",\"datePublished\":\"2022-03-22T09:57:10+00:00\",\"dateModified\":\"2022-03-22T09:57:11+00:00\",\"description\":\"Une grande taie d'oreiller 50 \u00d7 50 cm avec un volant d\u00e9coratif. Taie d'oreiller en velours avec fermeture \u00e9clair.\",\"breadcrumb\":{\"@id\":\"https:\/\/cozydots.com\/fr\/produit\/taie-doreiller-50x50-cm-frill-velvet-coloris\/#breadcrumb\"},\"inLanguage\":\"fr-FR\",\"potentialAction\":[{\"@type\":\"ReadAction\",\"target\":[\"https:\/\/cozydots.com\/fr\/produit\/taie-doreiller-50x50-cm-frill-velvet-coloris\/\"]}]},{\"@type\":\"ImageObject\",\"inLanguage\":\"fr-FR\",\"@id\":\"https:\/\/cozydots.com\/fr\/produit\/taie-doreiller-50x50-cm-frill-velvet-coloris\/#primaryimage\",\"url\":\"https:\/\/cozydots.com\/wp-content\/uploads\/2022\/03\/frill-pink-pillow.jpg\",\"contentUrl\":\"https:\/\/cozydots.com\/wp-content\/uploads\/2022\/03\/frill-pink-pillow.jpg\",\"width\":1200,\"height\":1200},{\"@type\":\"BreadcrumbList\",\"@id\":\"https:\/\/cozydots.com\/fr\/produit\/taie-doreiller-50x50-cm-frill-velvet-coloris\/#breadcrumb\",\"itemListElement\":[{\"@type\":\"ListItem\",\"position\":1,\"name\":\"Strona g\u0142\u00f3wna\",\"item\":\"https:\/\/cozydots.com\/fr\/\"},{\"@type\":\"ListItem\",\"position\":2,\"name\":\"Boutique\",\"item\":\"https:\/\/cozydots.com\/fr\/boutique\/\"},{\"@type\":\"ListItem\",\"position\":3,\"name\":\"Taie d&#8217;oreiller 50\u00d750 cm \u2013 Frill Velvet coloris\"}]},{\"@type\":\"WebSite\",\"@id\":\"https:\/\/cozydots.com\/fr\/#website\",\"url\":\"https:\/\/cozydots.com\/fr\/\",\"name\":\"Cozydots.com\",\"description\":\"Producent namiot\u00f3w Tipi\",\"publisher\":{\"@id\":\"https:\/\/cozydots.com\/fr\/#organization\"},\"potentialAction\":[{\"@type\":\"SearchAction\",\"target\":{\"@type\":\"EntryPoint\",\"urlTemplate\":\"https:\/\/cozydots.com\/fr\/?s={search_term_string}\"},\"query-input\":{\"@type\":\"PropertyValueSpecification\",\"valueRequired\":true,\"valueName\":\"search_term_string\"}}],\"inLanguage\":\"fr-FR\"},{\"@type\":\"Organization\",\"@id\":\"https:\/\/cozydots.com\/fr\/#organization\",\"name\":\"Cozydots.com\",\"url\":\"https:\/\/cozydots.com\/fr\/\",\"logo\":{\"@type\":\"ImageObject\",\"inLanguage\":\"fr-FR\",\"@id\":\"https:\/\/cozydots.com\/fr\/#\/schema\/logo\/image\/\",\"url\":\"https:\/\/cozydots.com\/wp-content\/uploads\/2021\/10\/cozyshop_logo.png\",\"contentUrl\":\"https:\/\/cozydots.com\/wp-content\/uploads\/2021\/10\/cozyshop_logo.png\",\"width\":400,\"height\":121,\"caption\":\"Cozydots.com\"},\"image\":{\"@id\":\"https:\/\/cozydots.com\/fr\/#\/schema\/logo\/image\/\"}}]}<\/script>\n<!-- \/ Yoast SEO plugin. -->","yoast_head_json":{"title":"Taie d'oreiller 50\u00d750 cm \u2013 Frill Velvet coloris - Cozydots.com","description":"Une grande taie d'oreiller 50 \u00d7 50 cm avec un volant d\u00e9coratif. Taie d'oreiller en velours avec fermeture \u00e9clair.","robots":{"index":"index","follow":"follow","max-snippet":"max-snippet:-1","max-image-preview":"max-image-preview:large","max-video-preview":"max-video-preview:-1"},"canonical":"https:\/\/cozydots.com\/fr\/produit\/taie-doreiller-50x50-cm-frill-velvet-coloris\/","og_locale":"fr_FR","og_type":"article","og_title":"Taie d'oreiller 50\u00d750 cm \u2013 Frill Velvet coloris - Cozydots.com","og_description":"Une grande taie d'oreiller 50 \u00d7 50 cm avec un volant d\u00e9coratif. Taie d'oreiller en velours avec fermeture \u00e9clair.","og_url":"https:\/\/cozydots.com\/fr\/produit\/taie-doreiller-50x50-cm-frill-velvet-coloris\/","og_site_name":"Cozydots.com","article_modified_time":"2022-03-22T09:57:11+00:00","og_image":[{"width":1200,"height":1200,"url":"https:\/\/cozydots.com\/wp-content\/uploads\/2022\/03\/frill-pink-pillow.jpg","type":"image\/jpeg"}],"twitter_card":"summary_large_image","twitter_misc":{"Dur\u00e9e de lecture estim\u00e9e":"3 minutes"},"schema":{"@context":"https:\/\/schema.org","@graph":[{"@type":"WebPage","@id":"https:\/\/cozydots.com\/fr\/produit\/taie-doreiller-50x50-cm-frill-velvet-coloris\/","url":"https:\/\/cozydots.com\/fr\/produit\/taie-doreiller-50x50-cm-frill-velvet-coloris\/","name":"Taie d'oreiller 50\u00d750 cm \u2013 Frill Velvet coloris - Cozydots.com","isPartOf":{"@id":"https:\/\/cozydots.com\/fr\/#website"},"primaryImageOfPage":{"@id":"https:\/\/cozydots.com\/fr\/produit\/taie-doreiller-50x50-cm-frill-velvet-coloris\/#primaryimage"},"image":{"@id":"https:\/\/cozydots.com\/fr\/produit\/taie-doreiller-50x50-cm-frill-velvet-coloris\/#primaryimage"},"thumbnailUrl":"https:\/\/cozydots.com\/wp-content\/uploads\/2022\/03\/frill-pink-pillow.jpg","datePublished":"2022-03-22T09:57:10+00:00","dateModified":"2022-03-22T09:57:11+00:00","description":"Une grande taie d'oreiller 50 \u00d7 50 cm avec un volant d\u00e9coratif. Taie d'oreiller en velours avec fermeture \u00e9clair.","breadcrumb":{"@id":"https:\/\/cozydots.com\/fr\/produit\/taie-doreiller-50x50-cm-frill-velvet-coloris\/#breadcrumb"},"inLanguage":"fr-FR","potentialAction":[{"@type":"ReadAction","target":["https:\/\/cozydots.com\/fr\/produit\/taie-doreiller-50x50-cm-frill-velvet-coloris\/"]}]},{"@type":"ImageObject","inLanguage":"fr-FR","@id":"https:\/\/cozydots.com\/fr\/produit\/taie-doreiller-50x50-cm-frill-velvet-coloris\/#primaryimage","url":"https:\/\/cozydots.com\/wp-content\/uploads\/2022\/03\/frill-pink-pillow.jpg","contentUrl":"https:\/\/cozydots.com\/wp-content\/uploads\/2022\/03\/frill-pink-pillow.jpg","width":1200,"height":1200},{"@type":"BreadcrumbList","@id":"https:\/\/cozydots.com\/fr\/produit\/taie-doreiller-50x50-cm-frill-velvet-coloris\/#breadcrumb","itemListElement":[{"@type":"ListItem","position":1,"name":"Strona g\u0142\u00f3wna","item":"https:\/\/cozydots.com\/fr\/"},{"@type":"ListItem","position":2,"name":"Boutique","item":"https:\/\/cozydots.com\/fr\/boutique\/"},{"@type":"ListItem","position":3,"name":"Taie d&#8217;oreiller 50\u00d750 cm \u2013 Frill Velvet coloris"}]},{"@type":"WebSite","@id":"https:\/\/cozydots.com\/fr\/#website","url":"https:\/\/cozydots.com\/fr\/","name":"Cozydots.com","description":"Producent namiot\u00f3w Tipi","publisher":{"@id":"https:\/\/cozydots.com\/fr\/#organization"},"potentialAction":[{"@type":"SearchAction","target":{"@type":"EntryPoint","urlTemplate":"https:\/\/cozydots.com\/fr\/?s={search_term_string}"},"query-input":{"@type":"PropertyValueSpecification","valueRequired":true,"valueName":"search_term_string"}}],"inLanguage":"fr-FR"},{"@type":"Organization","@id":"https:\/\/cozydots.com\/fr\/#organization","name":"Cozydots.com","url":"https:\/\/cozydots.com\/fr\/","logo":{"@type":"ImageObject","inLanguage":"fr-FR","@id":"https:\/\/cozydots.com\/fr\/#\/schema\/logo\/image\/","url":"https:\/\/cozydots.com\/wp-content\/uploads\/2021\/10\/cozyshop_logo.png","contentUrl":"https:\/\/cozydots.com\/wp-content\/uploads\/2021\/10\/cozyshop_logo.png","width":400,"height":121,"caption":"Cozydots.com"},"image":{"@id":"https:\/\/cozydots.com\/fr\/#\/schema\/logo\/image\/"}}]}},"_links":{"self":[{"href":"https:\/\/cozydots.com\/fr\/wp-json\/wp\/v2\/product\/50293","targetHints":{"allow":["GET"]}}],"collection":[{"href":"https:\/\/cozydots.com\/fr\/wp-json\/wp\/v2\/product"}],"about":[{"href":"https:\/\/cozydots.com\/fr\/wp-json\/wp\/v2\/types\/product"}],"replies":[{"embeddable":true,"href":"https:\/\/cozydots.com\/fr\/wp-json\/wp\/v2\/comments?post=50293"}],"wp:featuredmedia":[{"embeddable":true,"href":"https:\/\/cozydots.com\/fr\/wp-json\/wp\/v2\/media\/50838"}],"wp:attachment":[{"href":"https:\/\/cozydots.com\/fr\/wp-json\/wp\/v2\/media?parent=50293"}],"wp:term":[{"taxonomy":"product_brand","embeddable":true,"href":"https:\/\/cozydots.com\/fr\/wp-json\/wp\/v2\/product_brand?post=50293"},{"taxonomy":"product_cat","embeddable":true,"href":"https:\/\/cozydots.com\/fr\/wp-json\/wp\/v2\/product_cat?post=50293"},{"taxonomy":"product_tag","embeddable":true,"href":"https:\/\/cozydots.com\/fr\/wp-json\/wp\/v2\/product_tag?post=50293"}],"curies":[{"name":"wp","href":"https:\/\/api.w.org\/{rel}","templated":true}]}}