{"id":50811,"date":"2022-03-28T14:50:43","date_gmt":"2022-03-28T12:50:43","guid":{"rendered":"https:\/\/cozydots.com\/?post_type=product&#038;p=50811"},"modified":"2022-03-28T15:04:05","modified_gmt":"2022-03-28T13:04:05","slug":"coussin-velours-coquillage-rose-fonce-shell-dark-pink","status":"publish","type":"product","link":"https:\/\/cozydots.com\/fr\/produit\/coussin-velours-coquillage-rose-fonce-shell-dark-pink\/","title":{"rendered":"Coussin velours coquillage Rose fonc\u00e9, Shell Dark Pink"},"content":{"rendered":"<h3>Oreiller en velours coquillage rose\u00a0fonc\u00e9<\/h3>\n<p><img loading=\"lazy\" decoding=\"async\" class=\"alignnone size-medium wp-image-50623 alignright\" src=\"https:\/\/cozydots.com\/wp-content\/uploads\/2022\/03\/pink-shell-pillow-400x400.jpg\" alt=\"\" width=\"400\" height=\"400\" srcset=\"https:\/\/cozydots.com\/wp-content\/uploads\/2022\/03\/pink-shell-pillow-400x400.jpg 400w, https:\/\/cozydots.com\/wp-content\/uploads\/2022\/03\/pink-shell-pillow.jpg 1200w, https:\/\/cozydots.com\/wp-content\/uploads\/2022\/03\/pink-shell-pillow-150x150.jpg 150w, https:\/\/cozydots.com\/wp-content\/uploads\/2022\/03\/pink-shell-pillow-768x768.jpg 768w, https:\/\/cozydots.com\/wp-content\/uploads\/2022\/03\/pink-shell-pillow-470x470.jpg 470w, https:\/\/cozydots.com\/wp-content\/uploads\/2022\/03\/pink-shell-pillow-800x800.jpg 800w, https:\/\/cozydots.com\/wp-content\/uploads\/2022\/03\/pink-shell-pillow-100x100.jpg 100w\" sizes=\"auto, (max-width: 400px) 100vw, 400px\" \/><\/p>\n<p>Sans quoi ne pouvons-nous pas imaginer la mer ? Bien s\u00fbr, sans coquillages magnifiques et uniques.<\/p>\n<p>Et c&#8217;est mieux quand ces coques sont des oreillers doux et agr\u00e9ables au toucher !<\/p>\n<p>Shell Pillow est un bel ajout \u00e0 n&#8217;importe quelle pi\u00e8ce. Il d\u00e9corera aussi bien une chambre, un salon qu&#8217;une chambre d&#8217;enfant.<\/p>\n<p>Chacun trouvera quelque chose pour lui-m\u00eame.<\/p>\n<p><strong>Vous ne pouvez pas enlever vos mains de l&#8217;oreiller Shell\u00a0! Il est fait d&#8217;un velours tr\u00e8s doux. Ce mat\u00e9riau rend l&#8217;utilisation de l&#8217;oreiller extr\u00eamement agr\u00e9able. Votre b\u00e9b\u00e9 sera heureux de la serrer dans ses bras et de l&#8217;emmener \u00e0 toutes les siestes<\/strong><\/p>\n<p>Un choix de coquillages de plusieurs couleurs diff\u00e9rentes : blanc, gris, rose fonc\u00e9, rose clair, bleu, bleu marine, miel, jaune, vert, vert fonc\u00e9, turquoise<\/p>\n<p><span class=\"Apple-converted-space\">\u00a0<\/span>Dimensions:<\/p>\n<ul>\n<li>48 \u00d7 55 cm<\/li>\n<\/ul>\n<p>Composition:<\/p>\n<ul>\n<li>\u00a0100% velours (certificat , CE)<\/li>\n<li><span style=\"color: #555555\">\u00a0Remplissage de l&#8217;oreiller &#8211; boule de silicone, antiallergique.<\/span><\/li>\n<\/ul>\n<p>La lessive:<\/p>\n<ul>\n<li>Lavable en machine \u00e0 40 degr\u00e9s,<\/li>\n<li><span style=\"color: #555555\">rotation &#8211; 800 tours,<\/span><\/li>\n<li><span style=\"color: #555555\">ne pas nettoyer \u00e0 sec, ne pas blanchir,<\/span><\/li>\n<li><span style=\"color: #555555\">Apr\u00e8s le lavage, secouez-le pour organiser la coul\u00e9e,<\/span><\/li>\n<li><span style=\"color: #555555\">s\u00e9cher sur une surface plane.<\/span><\/li>\n<\/ul>\n","protected":false},"excerpt":{"rendered":"<p>Un grand et doux coussin d\u00e9coratif Velvet Shell 48 \u00d7 55 cm. Il est magnifique sur le canap\u00e9 et le fauteuil.<\/p>\n","protected":false},"featured_media":50686,"comment_status":"open","ping_status":"closed","template":"","meta":[],"product_brand":[],"product_cat":[470],"product_tag":[],"class_list":{"0":"post-50811","1":"product","2":"type-product","3":"status-publish","4":"has-post-thumbnail","6":"product_cat-coussins-et-poufs","8":"first","9":"instock","10":"sale","11":"taxable","12":"shipping-taxable","13":"product-type-simple"},"yoast_head":"<!-- This site is optimized with the Yoast SEO plugin v27.0 - https:\/\/yoast.com\/product\/yoast-seo-wordpress\/ -->\n<title>Coussin velours coquillage Rose fonc\u00e9, Shell Dark Pink - Cozydots.com<\/title>\n<meta name=\"description\" content=\"Un grand et doux coussin d\u00e9coratif Velvet Shell 48 \u00d7 55 cm. Il est magnifique sur le canap\u00e9 et le fauteuil.\" \/>\n<meta name=\"robots\" content=\"index, follow, max-snippet:-1, max-image-preview:large, max-video-preview:-1\" \/>\n<link rel=\"canonical\" href=\"https:\/\/cozydots.com\/fr\/produit\/coussin-velours-coquillage-rose-fonce-shell-dark-pink\/\" \/>\n<meta property=\"og:locale\" content=\"fr_FR\" \/>\n<meta property=\"og:type\" content=\"article\" \/>\n<meta property=\"og:title\" content=\"Coussin velours coquillage Rose fonc\u00e9, Shell Dark Pink - Cozydots.com\" \/>\n<meta property=\"og:description\" content=\"Un grand et doux coussin d\u00e9coratif Velvet Shell 48 \u00d7 55 cm. Il est magnifique sur le canap\u00e9 et le fauteuil.\" \/>\n<meta property=\"og:url\" content=\"https:\/\/cozydots.com\/fr\/produit\/coussin-velours-coquillage-rose-fonce-shell-dark-pink\/\" \/>\n<meta property=\"og:site_name\" content=\"Cozydots.com\" \/>\n<meta property=\"article:modified_time\" content=\"2022-03-28T13:04:05+00:00\" \/>\n<meta property=\"og:image\" content=\"https:\/\/cozydots.com\/wp-content\/uploads\/2022\/03\/SHELL-PILLOWS-DARK-PINK.jpg\" \/>\n\t<meta property=\"og:image:width\" content=\"1200\" \/>\n\t<meta property=\"og:image:height\" content=\"1200\" \/>\n\t<meta property=\"og:image:type\" content=\"image\/jpeg\" \/>\n<meta name=\"twitter:card\" content=\"summary_large_image\" \/>\n<meta name=\"twitter:label1\" content=\"Dur\u00e9e de lecture estim\u00e9e\" \/>\n\t<meta name=\"twitter:data1\" content=\"2 minutes\" \/>\n<script type=\"application\/ld+json\" class=\"yoast-schema-graph\">{\"@context\":\"https:\/\/schema.org\",\"@graph\":[{\"@type\":\"WebPage\",\"@id\":\"https:\/\/cozydots.com\/fr\/produit\/coussin-velours-coquillage-rose-fonce-shell-dark-pink\/\",\"url\":\"https:\/\/cozydots.com\/fr\/produit\/coussin-velours-coquillage-rose-fonce-shell-dark-pink\/\",\"name\":\"Coussin velours coquillage Rose fonc\u00e9, Shell Dark Pink - Cozydots.com\",\"isPartOf\":{\"@id\":\"https:\/\/cozydots.com\/fr\/#website\"},\"primaryImageOfPage\":{\"@id\":\"https:\/\/cozydots.com\/fr\/produit\/coussin-velours-coquillage-rose-fonce-shell-dark-pink\/#primaryimage\"},\"image\":{\"@id\":\"https:\/\/cozydots.com\/fr\/produit\/coussin-velours-coquillage-rose-fonce-shell-dark-pink\/#primaryimage\"},\"thumbnailUrl\":\"https:\/\/cozydots.com\/wp-content\/uploads\/2022\/03\/SHELL-PILLOWS-DARK-PINK.jpg\",\"datePublished\":\"2022-03-28T12:50:43+00:00\",\"dateModified\":\"2022-03-28T13:04:05+00:00\",\"description\":\"Un grand et doux coussin d\u00e9coratif Velvet Shell 48 \u00d7 55 cm. Il est magnifique sur le canap\u00e9 et le fauteuil.\",\"breadcrumb\":{\"@id\":\"https:\/\/cozydots.com\/fr\/produit\/coussin-velours-coquillage-rose-fonce-shell-dark-pink\/#breadcrumb\"},\"inLanguage\":\"fr-FR\",\"potentialAction\":[{\"@type\":\"ReadAction\",\"target\":[\"https:\/\/cozydots.com\/fr\/produit\/coussin-velours-coquillage-rose-fonce-shell-dark-pink\/\"]}]},{\"@type\":\"ImageObject\",\"inLanguage\":\"fr-FR\",\"@id\":\"https:\/\/cozydots.com\/fr\/produit\/coussin-velours-coquillage-rose-fonce-shell-dark-pink\/#primaryimage\",\"url\":\"https:\/\/cozydots.com\/wp-content\/uploads\/2022\/03\/SHELL-PILLOWS-DARK-PINK.jpg\",\"contentUrl\":\"https:\/\/cozydots.com\/wp-content\/uploads\/2022\/03\/SHELL-PILLOWS-DARK-PINK.jpg\",\"width\":1200,\"height\":1200},{\"@type\":\"BreadcrumbList\",\"@id\":\"https:\/\/cozydots.com\/fr\/produit\/coussin-velours-coquillage-rose-fonce-shell-dark-pink\/#breadcrumb\",\"itemListElement\":[{\"@type\":\"ListItem\",\"position\":1,\"name\":\"Strona g\u0142\u00f3wna\",\"item\":\"https:\/\/cozydots.com\/fr\/\"},{\"@type\":\"ListItem\",\"position\":2,\"name\":\"Boutique\",\"item\":\"https:\/\/cozydots.com\/fr\/boutique\/\"},{\"@type\":\"ListItem\",\"position\":3,\"name\":\"Coussin velours coquillage Rose fonc\u00e9, Shell Dark Pink\"}]},{\"@type\":\"WebSite\",\"@id\":\"https:\/\/cozydots.com\/fr\/#website\",\"url\":\"https:\/\/cozydots.com\/fr\/\",\"name\":\"Cozydots.com\",\"description\":\"Producent namiot\u00f3w Tipi\",\"publisher\":{\"@id\":\"https:\/\/cozydots.com\/fr\/#organization\"},\"potentialAction\":[{\"@type\":\"SearchAction\",\"target\":{\"@type\":\"EntryPoint\",\"urlTemplate\":\"https:\/\/cozydots.com\/fr\/?s={search_term_string}\"},\"query-input\":{\"@type\":\"PropertyValueSpecification\",\"valueRequired\":true,\"valueName\":\"search_term_string\"}}],\"inLanguage\":\"fr-FR\"},{\"@type\":\"Organization\",\"@id\":\"https:\/\/cozydots.com\/fr\/#organization\",\"name\":\"Cozydots.com\",\"url\":\"https:\/\/cozydots.com\/fr\/\",\"logo\":{\"@type\":\"ImageObject\",\"inLanguage\":\"fr-FR\",\"@id\":\"https:\/\/cozydots.com\/fr\/#\/schema\/logo\/image\/\",\"url\":\"https:\/\/cozydots.com\/wp-content\/uploads\/2021\/10\/cozyshop_logo.png\",\"contentUrl\":\"https:\/\/cozydots.com\/wp-content\/uploads\/2021\/10\/cozyshop_logo.png\",\"width\":400,\"height\":121,\"caption\":\"Cozydots.com\"},\"image\":{\"@id\":\"https:\/\/cozydots.com\/fr\/#\/schema\/logo\/image\/\"}}]}<\/script>\n<!-- \/ Yoast SEO plugin. -->","yoast_head_json":{"title":"Coussin velours coquillage Rose fonc\u00e9, Shell Dark Pink - Cozydots.com","description":"Un grand et doux coussin d\u00e9coratif Velvet Shell 48 \u00d7 55 cm. Il est magnifique sur le canap\u00e9 et le fauteuil.","robots":{"index":"index","follow":"follow","max-snippet":"max-snippet:-1","max-image-preview":"max-image-preview:large","max-video-preview":"max-video-preview:-1"},"canonical":"https:\/\/cozydots.com\/fr\/produit\/coussin-velours-coquillage-rose-fonce-shell-dark-pink\/","og_locale":"fr_FR","og_type":"article","og_title":"Coussin velours coquillage Rose fonc\u00e9, Shell Dark Pink - Cozydots.com","og_description":"Un grand et doux coussin d\u00e9coratif Velvet Shell 48 \u00d7 55 cm. Il est magnifique sur le canap\u00e9 et le fauteuil.","og_url":"https:\/\/cozydots.com\/fr\/produit\/coussin-velours-coquillage-rose-fonce-shell-dark-pink\/","og_site_name":"Cozydots.com","article_modified_time":"2022-03-28T13:04:05+00:00","og_image":[{"width":1200,"height":1200,"url":"https:\/\/cozydots.com\/wp-content\/uploads\/2022\/03\/SHELL-PILLOWS-DARK-PINK.jpg","type":"image\/jpeg"}],"twitter_card":"summary_large_image","twitter_misc":{"Dur\u00e9e de lecture estim\u00e9e":"2 minutes"},"schema":{"@context":"https:\/\/schema.org","@graph":[{"@type":"WebPage","@id":"https:\/\/cozydots.com\/fr\/produit\/coussin-velours-coquillage-rose-fonce-shell-dark-pink\/","url":"https:\/\/cozydots.com\/fr\/produit\/coussin-velours-coquillage-rose-fonce-shell-dark-pink\/","name":"Coussin velours coquillage Rose fonc\u00e9, Shell Dark Pink - Cozydots.com","isPartOf":{"@id":"https:\/\/cozydots.com\/fr\/#website"},"primaryImageOfPage":{"@id":"https:\/\/cozydots.com\/fr\/produit\/coussin-velours-coquillage-rose-fonce-shell-dark-pink\/#primaryimage"},"image":{"@id":"https:\/\/cozydots.com\/fr\/produit\/coussin-velours-coquillage-rose-fonce-shell-dark-pink\/#primaryimage"},"thumbnailUrl":"https:\/\/cozydots.com\/wp-content\/uploads\/2022\/03\/SHELL-PILLOWS-DARK-PINK.jpg","datePublished":"2022-03-28T12:50:43+00:00","dateModified":"2022-03-28T13:04:05+00:00","description":"Un grand et doux coussin d\u00e9coratif Velvet Shell 48 \u00d7 55 cm. Il est magnifique sur le canap\u00e9 et le fauteuil.","breadcrumb":{"@id":"https:\/\/cozydots.com\/fr\/produit\/coussin-velours-coquillage-rose-fonce-shell-dark-pink\/#breadcrumb"},"inLanguage":"fr-FR","potentialAction":[{"@type":"ReadAction","target":["https:\/\/cozydots.com\/fr\/produit\/coussin-velours-coquillage-rose-fonce-shell-dark-pink\/"]}]},{"@type":"ImageObject","inLanguage":"fr-FR","@id":"https:\/\/cozydots.com\/fr\/produit\/coussin-velours-coquillage-rose-fonce-shell-dark-pink\/#primaryimage","url":"https:\/\/cozydots.com\/wp-content\/uploads\/2022\/03\/SHELL-PILLOWS-DARK-PINK.jpg","contentUrl":"https:\/\/cozydots.com\/wp-content\/uploads\/2022\/03\/SHELL-PILLOWS-DARK-PINK.jpg","width":1200,"height":1200},{"@type":"BreadcrumbList","@id":"https:\/\/cozydots.com\/fr\/produit\/coussin-velours-coquillage-rose-fonce-shell-dark-pink\/#breadcrumb","itemListElement":[{"@type":"ListItem","position":1,"name":"Strona g\u0142\u00f3wna","item":"https:\/\/cozydots.com\/fr\/"},{"@type":"ListItem","position":2,"name":"Boutique","item":"https:\/\/cozydots.com\/fr\/boutique\/"},{"@type":"ListItem","position":3,"name":"Coussin velours coquillage Rose fonc\u00e9, Shell Dark Pink"}]},{"@type":"WebSite","@id":"https:\/\/cozydots.com\/fr\/#website","url":"https:\/\/cozydots.com\/fr\/","name":"Cozydots.com","description":"Producent namiot\u00f3w Tipi","publisher":{"@id":"https:\/\/cozydots.com\/fr\/#organization"},"potentialAction":[{"@type":"SearchAction","target":{"@type":"EntryPoint","urlTemplate":"https:\/\/cozydots.com\/fr\/?s={search_term_string}"},"query-input":{"@type":"PropertyValueSpecification","valueRequired":true,"valueName":"search_term_string"}}],"inLanguage":"fr-FR"},{"@type":"Organization","@id":"https:\/\/cozydots.com\/fr\/#organization","name":"Cozydots.com","url":"https:\/\/cozydots.com\/fr\/","logo":{"@type":"ImageObject","inLanguage":"fr-FR","@id":"https:\/\/cozydots.com\/fr\/#\/schema\/logo\/image\/","url":"https:\/\/cozydots.com\/wp-content\/uploads\/2021\/10\/cozyshop_logo.png","contentUrl":"https:\/\/cozydots.com\/wp-content\/uploads\/2021\/10\/cozyshop_logo.png","width":400,"height":121,"caption":"Cozydots.com"},"image":{"@id":"https:\/\/cozydots.com\/fr\/#\/schema\/logo\/image\/"}}]}},"_links":{"self":[{"href":"https:\/\/cozydots.com\/fr\/wp-json\/wp\/v2\/product\/50811","targetHints":{"allow":["GET"]}}],"collection":[{"href":"https:\/\/cozydots.com\/fr\/wp-json\/wp\/v2\/product"}],"about":[{"href":"https:\/\/cozydots.com\/fr\/wp-json\/wp\/v2\/types\/product"}],"replies":[{"embeddable":true,"href":"https:\/\/cozydots.com\/fr\/wp-json\/wp\/v2\/comments?post=50811"}],"wp:featuredmedia":[{"embeddable":true,"href":"https:\/\/cozydots.com\/fr\/wp-json\/wp\/v2\/media\/50686"}],"wp:attachment":[{"href":"https:\/\/cozydots.com\/fr\/wp-json\/wp\/v2\/media?parent=50811"}],"wp:term":[{"taxonomy":"product_brand","embeddable":true,"href":"https:\/\/cozydots.com\/fr\/wp-json\/wp\/v2\/product_brand?post=50811"},{"taxonomy":"product_cat","embeddable":true,"href":"https:\/\/cozydots.com\/fr\/wp-json\/wp\/v2\/product_cat?post=50811"},{"taxonomy":"product_tag","embeddable":true,"href":"https:\/\/cozydots.com\/fr\/wp-json\/wp\/v2\/product_tag?post=50811"}],"curies":[{"name":"wp","href":"https:\/\/api.w.org\/{rel}","templated":true}]}}