{"id":51087,"date":"2022-04-04T10:48:31","date_gmt":"2022-04-12T20:06:31","guid":{"rendered":"https:\/\/cozydots.com\/?post_type=product&#038;p=51087"},"modified":"2022-04-12T22:12:42","modified_gmt":"2022-04-12T20:12:42","slug":"couvre-lit-velvet-quilt-differentes-tailles","status":"publish","type":"product","link":"https:\/\/cozydots.com\/fr\/produit\/couvre-lit-velvet-quilt-differentes-tailles\/","title":{"rendered":"Couvre-lit Velvet Quilt &#8211; diff\u00e9rentes tailles"},"content":{"rendered":"<p><strong>Le couvre-lit Velvet Quilt pour lit d&#8217;enfant est un couvre-lit double face avec un rembourrage moelleux.<\/strong> <img loading=\"lazy\" decoding=\"async\" class=\"alignnone size-medium wp-image-50686 alignright\" src=\"https:\/\/cozydots.com\/wp-content\/uploads\/2022\/03\/SHELL-PILLOWS-DARK-PINK-400x400.jpg\" alt=\"\" width=\"400\" height=\"400\" srcset=\"https:\/\/cozydots.com\/wp-content\/uploads\/2022\/03\/SHELL-PILLOWS-DARK-PINK-400x400.jpg 400w, https:\/\/cozydots.com\/wp-content\/uploads\/2022\/03\/SHELL-PILLOWS-DARK-PINK.jpg 1200w, https:\/\/cozydots.com\/wp-content\/uploads\/2022\/03\/SHELL-PILLOWS-DARK-PINK-150x150.jpg 150w, https:\/\/cozydots.com\/wp-content\/uploads\/2022\/03\/SHELL-PILLOWS-DARK-PINK-768x768.jpg 768w, https:\/\/cozydots.com\/wp-content\/uploads\/2022\/03\/SHELL-PILLOWS-DARK-PINK-470x470.jpg 470w, https:\/\/cozydots.com\/wp-content\/uploads\/2022\/03\/SHELL-PILLOWS-DARK-PINK-800x800.jpg 800w, https:\/\/cozydots.com\/wp-content\/uploads\/2022\/03\/SHELL-PILLOWS-DARK-PINK-100x100.jpg 100w\" sizes=\"auto, (max-width: 400px) 100vw, 400px\" \/><\/p>\n<p>Un lit est souvent un endroit pr\u00e9f\u00e9r\u00e9 dans la chambre d&#8217;un enfant. Un endroit pour se pr\u00e9lasser, lire des contes de f\u00e9es ou un endroit pour jouer avec vos jouets pr\u00e9f\u00e9r\u00e9s.<\/p>\n<p><strong>Un couvre-lit est indispensable dans chaque chambre. Le couvre-lit moelleux de Cozy &amp; Dozy est une couverture matelass\u00e9e bicolore pour laquelle vous trouverez \u00e9galement des oreillers et des taies d&#8217;oreiller.<\/strong><\/p>\n<p>La couverture matelass\u00e9e a un rembourrage anti-allergique \u00e0 l&#8217;int\u00e9rieur, ce qui lui donne forme et \u00e9paisseur, ce qui lui donne une belle apparence sur le lit.<\/p>\n<p>La chape se d\u00e9cline en plusieurs tailles et coloris.<\/p>\n<p><em>Si vous avez besoin d&#8217;une dimension pour votre lit, \u00e9crivez-nous : shop@cozyanddozy.com<\/em><\/p>\n<p>Tissu:<\/p>\n<ul>\n<li>100% velours<\/li>\n<li><span style=\"color: #555555\">rembourrage en silicone, isolation antiallergique<\/span><\/li>\n<\/ul>\n<p>M\u00e9thode de soin :<\/p>\n<ul>\n<li>Lavage en machine \u00e0 40\u00b0 &#8211; programme d\u00e9licat<\/li>\n<li><span style=\"color: #555555\">Repasser \u00e0 basse temp\u00e9rature<\/span><\/li>\n<li><span style=\"color: #555555\">Ne pas nettoyer \u00e0 sec<\/span><\/li>\n<li><span style=\"color: #555555\">Ne pas chlorer<\/span><\/li>\n<\/ul>\n","protected":false},"excerpt":{"rendered":"<p>Un couvre-lit doux et double face. Un couvre-lit en velours matelass\u00e9, orn\u00e9 d&#8217;une bordure.<\/p>\n","protected":false},"featured_media":50763,"comment_status":"open","ping_status":"closed","template":"","meta":[],"product_brand":[],"product_cat":[471],"product_tag":[],"class_list":{"0":"post-51087","1":"product","2":"type-product","3":"status-publish","4":"has-post-thumbnail","6":"product_cat-literie","8":"first","9":"instock","10":"taxable","11":"shipping-taxable","12":"product-type-variable"},"yoast_head":"<!-- This site is optimized with the Yoast SEO plugin v27.0 - https:\/\/yoast.com\/product\/yoast-seo-wordpress\/ -->\n<title>Couvre-lit Velvet Quilt - diff\u00e9rentes tailles - Cozydots.com<\/title>\n<meta name=\"description\" content=\"Un couvre-lit doux et double face. Un couvre-lit en velours matelass\u00e9, orn\u00e9 d&#039;une bordure.\" \/>\n<meta name=\"robots\" content=\"index, follow, max-snippet:-1, max-image-preview:large, max-video-preview:-1\" \/>\n<link rel=\"canonical\" href=\"https:\/\/cozydots.com\/fr\/produit\/couvre-lit-velvet-quilt-differentes-tailles\/\" \/>\n<meta property=\"og:locale\" content=\"fr_FR\" \/>\n<meta property=\"og:type\" content=\"article\" \/>\n<meta property=\"og:title\" content=\"Couvre-lit Velvet Quilt - diff\u00e9rentes tailles - Cozydots.com\" \/>\n<meta property=\"og:description\" content=\"Un couvre-lit doux et double face. Un couvre-lit en velours matelass\u00e9, orn\u00e9 d&#039;une bordure.\" \/>\n<meta property=\"og:url\" content=\"https:\/\/cozydots.com\/fr\/produit\/couvre-lit-velvet-quilt-differentes-tailles\/\" \/>\n<meta property=\"og:site_name\" content=\"Cozydots.com\" \/>\n<meta property=\"article:modified_time\" content=\"2022-04-12T20:12:42+00:00\" \/>\n<meta property=\"og:image\" content=\"https:\/\/cozydots.com\/wp-content\/uploads\/2022\/03\/TWO-SIDE-VELVET-BED-COVERS.jpg\" \/>\n\t<meta property=\"og:image:width\" content=\"1200\" \/>\n\t<meta property=\"og:image:height\" content=\"1200\" \/>\n\t<meta property=\"og:image:type\" content=\"image\/jpeg\" \/>\n<meta name=\"twitter:card\" content=\"summary_large_image\" \/>\n<meta name=\"twitter:label1\" content=\"Dur\u00e9e de lecture estim\u00e9e\" \/>\n\t<meta name=\"twitter:data1\" content=\"2 minutes\" \/>\n<script type=\"application\/ld+json\" class=\"yoast-schema-graph\">{\"@context\":\"https:\/\/schema.org\",\"@graph\":[{\"@type\":\"WebPage\",\"@id\":\"https:\/\/cozydots.com\/fr\/produit\/couvre-lit-velvet-quilt-differentes-tailles\/\",\"url\":\"https:\/\/cozydots.com\/fr\/produit\/couvre-lit-velvet-quilt-differentes-tailles\/\",\"name\":\"Couvre-lit Velvet Quilt - diff\u00e9rentes tailles - Cozydots.com\",\"isPartOf\":{\"@id\":\"https:\/\/cozydots.com\/fr\/#website\"},\"primaryImageOfPage\":{\"@id\":\"https:\/\/cozydots.com\/fr\/produit\/couvre-lit-velvet-quilt-differentes-tailles\/#primaryimage\"},\"image\":{\"@id\":\"https:\/\/cozydots.com\/fr\/produit\/couvre-lit-velvet-quilt-differentes-tailles\/#primaryimage\"},\"thumbnailUrl\":\"https:\/\/cozydots.com\/wp-content\/uploads\/2022\/03\/TWO-SIDE-VELVET-BED-COVERS.jpg\",\"datePublished\":\"2022-04-12T20:06:31+00:00\",\"dateModified\":\"2022-04-12T20:12:42+00:00\",\"description\":\"Un couvre-lit doux et double face. Un couvre-lit en velours matelass\u00e9, orn\u00e9 d'une bordure.\",\"breadcrumb\":{\"@id\":\"https:\/\/cozydots.com\/fr\/produit\/couvre-lit-velvet-quilt-differentes-tailles\/#breadcrumb\"},\"inLanguage\":\"fr-FR\",\"potentialAction\":[{\"@type\":\"ReadAction\",\"target\":[\"https:\/\/cozydots.com\/fr\/produit\/couvre-lit-velvet-quilt-differentes-tailles\/\"]}]},{\"@type\":\"ImageObject\",\"inLanguage\":\"fr-FR\",\"@id\":\"https:\/\/cozydots.com\/fr\/produit\/couvre-lit-velvet-quilt-differentes-tailles\/#primaryimage\",\"url\":\"https:\/\/cozydots.com\/wp-content\/uploads\/2022\/03\/TWO-SIDE-VELVET-BED-COVERS.jpg\",\"contentUrl\":\"https:\/\/cozydots.com\/wp-content\/uploads\/2022\/03\/TWO-SIDE-VELVET-BED-COVERS.jpg\",\"width\":1200,\"height\":1200},{\"@type\":\"BreadcrumbList\",\"@id\":\"https:\/\/cozydots.com\/fr\/produit\/couvre-lit-velvet-quilt-differentes-tailles\/#breadcrumb\",\"itemListElement\":[{\"@type\":\"ListItem\",\"position\":1,\"name\":\"Strona g\u0142\u00f3wna\",\"item\":\"https:\/\/cozydots.com\/fr\/\"},{\"@type\":\"ListItem\",\"position\":2,\"name\":\"Boutique\",\"item\":\"https:\/\/cozydots.com\/fr\/boutique\/\"},{\"@type\":\"ListItem\",\"position\":3,\"name\":\"Couvre-lit Velvet Quilt &#8211; diff\u00e9rentes tailles\"}]},{\"@type\":\"WebSite\",\"@id\":\"https:\/\/cozydots.com\/fr\/#website\",\"url\":\"https:\/\/cozydots.com\/fr\/\",\"name\":\"Cozydots.com\",\"description\":\"Producent namiot\u00f3w Tipi\",\"publisher\":{\"@id\":\"https:\/\/cozydots.com\/fr\/#organization\"},\"potentialAction\":[{\"@type\":\"SearchAction\",\"target\":{\"@type\":\"EntryPoint\",\"urlTemplate\":\"https:\/\/cozydots.com\/fr\/?s={search_term_string}\"},\"query-input\":{\"@type\":\"PropertyValueSpecification\",\"valueRequired\":true,\"valueName\":\"search_term_string\"}}],\"inLanguage\":\"fr-FR\"},{\"@type\":\"Organization\",\"@id\":\"https:\/\/cozydots.com\/fr\/#organization\",\"name\":\"Cozydots.com\",\"url\":\"https:\/\/cozydots.com\/fr\/\",\"logo\":{\"@type\":\"ImageObject\",\"inLanguage\":\"fr-FR\",\"@id\":\"https:\/\/cozydots.com\/fr\/#\/schema\/logo\/image\/\",\"url\":\"https:\/\/cozydots.com\/wp-content\/uploads\/2021\/10\/cozyshop_logo.png\",\"contentUrl\":\"https:\/\/cozydots.com\/wp-content\/uploads\/2021\/10\/cozyshop_logo.png\",\"width\":400,\"height\":121,\"caption\":\"Cozydots.com\"},\"image\":{\"@id\":\"https:\/\/cozydots.com\/fr\/#\/schema\/logo\/image\/\"}}]}<\/script>\n<!-- \/ Yoast SEO plugin. -->","yoast_head_json":{"title":"Couvre-lit Velvet Quilt - diff\u00e9rentes tailles - Cozydots.com","description":"Un couvre-lit doux et double face. Un couvre-lit en velours matelass\u00e9, orn\u00e9 d'une bordure.","robots":{"index":"index","follow":"follow","max-snippet":"max-snippet:-1","max-image-preview":"max-image-preview:large","max-video-preview":"max-video-preview:-1"},"canonical":"https:\/\/cozydots.com\/fr\/produit\/couvre-lit-velvet-quilt-differentes-tailles\/","og_locale":"fr_FR","og_type":"article","og_title":"Couvre-lit Velvet Quilt - diff\u00e9rentes tailles - Cozydots.com","og_description":"Un couvre-lit doux et double face. Un couvre-lit en velours matelass\u00e9, orn\u00e9 d'une bordure.","og_url":"https:\/\/cozydots.com\/fr\/produit\/couvre-lit-velvet-quilt-differentes-tailles\/","og_site_name":"Cozydots.com","article_modified_time":"2022-04-12T20:12:42+00:00","og_image":[{"width":1200,"height":1200,"url":"https:\/\/cozydots.com\/wp-content\/uploads\/2022\/03\/TWO-SIDE-VELVET-BED-COVERS.jpg","type":"image\/jpeg"}],"twitter_card":"summary_large_image","twitter_misc":{"Dur\u00e9e de lecture estim\u00e9e":"2 minutes"},"schema":{"@context":"https:\/\/schema.org","@graph":[{"@type":"WebPage","@id":"https:\/\/cozydots.com\/fr\/produit\/couvre-lit-velvet-quilt-differentes-tailles\/","url":"https:\/\/cozydots.com\/fr\/produit\/couvre-lit-velvet-quilt-differentes-tailles\/","name":"Couvre-lit Velvet Quilt - diff\u00e9rentes tailles - Cozydots.com","isPartOf":{"@id":"https:\/\/cozydots.com\/fr\/#website"},"primaryImageOfPage":{"@id":"https:\/\/cozydots.com\/fr\/produit\/couvre-lit-velvet-quilt-differentes-tailles\/#primaryimage"},"image":{"@id":"https:\/\/cozydots.com\/fr\/produit\/couvre-lit-velvet-quilt-differentes-tailles\/#primaryimage"},"thumbnailUrl":"https:\/\/cozydots.com\/wp-content\/uploads\/2022\/03\/TWO-SIDE-VELVET-BED-COVERS.jpg","datePublished":"2022-04-12T20:06:31+00:00","dateModified":"2022-04-12T20:12:42+00:00","description":"Un couvre-lit doux et double face. Un couvre-lit en velours matelass\u00e9, orn\u00e9 d'une bordure.","breadcrumb":{"@id":"https:\/\/cozydots.com\/fr\/produit\/couvre-lit-velvet-quilt-differentes-tailles\/#breadcrumb"},"inLanguage":"fr-FR","potentialAction":[{"@type":"ReadAction","target":["https:\/\/cozydots.com\/fr\/produit\/couvre-lit-velvet-quilt-differentes-tailles\/"]}]},{"@type":"ImageObject","inLanguage":"fr-FR","@id":"https:\/\/cozydots.com\/fr\/produit\/couvre-lit-velvet-quilt-differentes-tailles\/#primaryimage","url":"https:\/\/cozydots.com\/wp-content\/uploads\/2022\/03\/TWO-SIDE-VELVET-BED-COVERS.jpg","contentUrl":"https:\/\/cozydots.com\/wp-content\/uploads\/2022\/03\/TWO-SIDE-VELVET-BED-COVERS.jpg","width":1200,"height":1200},{"@type":"BreadcrumbList","@id":"https:\/\/cozydots.com\/fr\/produit\/couvre-lit-velvet-quilt-differentes-tailles\/#breadcrumb","itemListElement":[{"@type":"ListItem","position":1,"name":"Strona g\u0142\u00f3wna","item":"https:\/\/cozydots.com\/fr\/"},{"@type":"ListItem","position":2,"name":"Boutique","item":"https:\/\/cozydots.com\/fr\/boutique\/"},{"@type":"ListItem","position":3,"name":"Couvre-lit Velvet Quilt &#8211; diff\u00e9rentes tailles"}]},{"@type":"WebSite","@id":"https:\/\/cozydots.com\/fr\/#website","url":"https:\/\/cozydots.com\/fr\/","name":"Cozydots.com","description":"Producent namiot\u00f3w Tipi","publisher":{"@id":"https:\/\/cozydots.com\/fr\/#organization"},"potentialAction":[{"@type":"SearchAction","target":{"@type":"EntryPoint","urlTemplate":"https:\/\/cozydots.com\/fr\/?s={search_term_string}"},"query-input":{"@type":"PropertyValueSpecification","valueRequired":true,"valueName":"search_term_string"}}],"inLanguage":"fr-FR"},{"@type":"Organization","@id":"https:\/\/cozydots.com\/fr\/#organization","name":"Cozydots.com","url":"https:\/\/cozydots.com\/fr\/","logo":{"@type":"ImageObject","inLanguage":"fr-FR","@id":"https:\/\/cozydots.com\/fr\/#\/schema\/logo\/image\/","url":"https:\/\/cozydots.com\/wp-content\/uploads\/2021\/10\/cozyshop_logo.png","contentUrl":"https:\/\/cozydots.com\/wp-content\/uploads\/2021\/10\/cozyshop_logo.png","width":400,"height":121,"caption":"Cozydots.com"},"image":{"@id":"https:\/\/cozydots.com\/fr\/#\/schema\/logo\/image\/"}}]}},"_links":{"self":[{"href":"https:\/\/cozydots.com\/fr\/wp-json\/wp\/v2\/product\/51087","targetHints":{"allow":["GET"]}}],"collection":[{"href":"https:\/\/cozydots.com\/fr\/wp-json\/wp\/v2\/product"}],"about":[{"href":"https:\/\/cozydots.com\/fr\/wp-json\/wp\/v2\/types\/product"}],"replies":[{"embeddable":true,"href":"https:\/\/cozydots.com\/fr\/wp-json\/wp\/v2\/comments?post=51087"}],"wp:featuredmedia":[{"embeddable":true,"href":"https:\/\/cozydots.com\/fr\/wp-json\/wp\/v2\/media\/50763"}],"wp:attachment":[{"href":"https:\/\/cozydots.com\/fr\/wp-json\/wp\/v2\/media?parent=51087"}],"wp:term":[{"taxonomy":"product_brand","embeddable":true,"href":"https:\/\/cozydots.com\/fr\/wp-json\/wp\/v2\/product_brand?post=51087"},{"taxonomy":"product_cat","embeddable":true,"href":"https:\/\/cozydots.com\/fr\/wp-json\/wp\/v2\/product_cat?post=51087"},{"taxonomy":"product_tag","embeddable":true,"href":"https:\/\/cozydots.com\/fr\/wp-json\/wp\/v2\/product_tag?post=51087"}],"curies":[{"name":"wp","href":"https:\/\/api.w.org\/{rel}","templated":true}]}}