{"id":51704,"date":"2022-06-03T11:24:50","date_gmt":"2022-06-03T09:24:50","guid":{"rendered":"https:\/\/cozydots.com\/?post_type=product&#038;p=51704"},"modified":"2022-06-29T17:49:21","modified_gmt":"2022-06-29T15:49:21","slug":"coussin-de-sol-patchwork-blue-velvet","status":"publish","type":"product","link":"https:\/\/cozydots.com\/fr\/produit\/coussin-de-sol-patchwork-blue-velvet\/","title":{"rendered":"Coussin de sol patchwork Blue Velvet"},"content":{"rendered":"<h3><strong>Coussin de sol<\/strong> patchwork Blue Velvet<\/h3>\n<p><strong>Le pouf d\u00e9coratif bleu pour enfant<\/strong> est une grande assise douillette parfaite pour les jeux et le repos du quotidien.<\/p>\n<p>Le pouf est rempli de mousse antiallergique.<\/p>\n<p>Le coussin de sol Blue a une fermeture \u00e9clair, ce qui le rend facile \u00e0 laver.<\/p>\n<p>Un <strong>pouf color\u00e9 est une belle d\u00e9coration pour la chambre<\/strong> d&#8217;un enfant et un lieu de jeu pr\u00e9f\u00e9r\u00e9.<\/p>\n<p><strong>Le coussin de sol Blue<\/strong> est le pouf parfait pour une chambre d&#8217;ado.<\/p>\n<p>BLUE VELVET &#8211; coussin patchwork dans les couleurs suivantes : bleu, gris,\u00a0\u00e9cru.<\/p>\n<p>Sp\u00e9cification:<\/p>\n<ul>\n<li>Dimensions : env. 70 \u00d7 10 cm (+\/- 2,5 cm)<\/li>\n<li><span style=\"color: #555555\">Remplissage mousse antiallergique et boule<\/span><\/li>\n<li><span style=\"color: #555555\">Tissu : Velours velours &#8211; \u00a0CE<\/span><\/li>\n<\/ul>\n<p>Dans la collection Velvet, vous trouverez d&#8217;autres couleurs et tailles de poufs, ainsi que des tentes tipi, des guirlandes, des tapis et des oreillers.<\/p>\n<p>M\u00e9thode de soin :<\/p>\n<ul>\n<li>Ne pas repasser<\/li>\n<li><span style=\"color: #555555\">Lavable en machine \u00e0 40 degr\u00e9s, essorage &#8211; 800 tours<\/span><\/li>\n<li><span style=\"color: #555555\">Ne pas nettoyer \u00e0 sec<\/span><\/li>\n<li><span style=\"color: #555555\">Ne pas javelliser<\/span><\/li>\n<\/ul>\n<p>Con\u00e7u et cousu en Pologne par Cozy &amp; Dozy<\/p>\n","protected":false},"excerpt":{"rendered":"<p>Le pouf d\u00e9coratif miel pour enfant est une grande assise douillette parfaite pour les jeux et le repos du quotidien.<\/p>\n","protected":false},"featured_media":51644,"comment_status":"open","ping_status":"closed","template":"","meta":[],"product_brand":[],"product_cat":[470],"product_tag":[],"class_list":{"0":"post-51704","1":"product","2":"type-product","3":"status-publish","4":"has-post-thumbnail","6":"product_cat-coussins-et-poufs","8":"first","9":"instock","10":"taxable","11":"shipping-taxable","12":"product-type-simple"},"yoast_head":"<!-- This site is optimized with the Yoast SEO plugin v27.0 - https:\/\/yoast.com\/product\/yoast-seo-wordpress\/ -->\n<title>Coussin de sol patchwork Blue Velvet - Cozydots.com<\/title>\n<meta name=\"description\" content=\"Le pouf d\u00e9coratif miel pour enfant est une grande assise douillette parfaite pour les jeux et le repos du quotidien.\" \/>\n<meta name=\"robots\" content=\"index, follow, max-snippet:-1, max-image-preview:large, max-video-preview:-1\" \/>\n<link rel=\"canonical\" href=\"https:\/\/cozydots.com\/fr\/produit\/coussin-de-sol-patchwork-blue-velvet\/\" \/>\n<meta property=\"og:locale\" content=\"fr_FR\" \/>\n<meta property=\"og:type\" content=\"article\" \/>\n<meta property=\"og:title\" content=\"Coussin de sol patchwork Blue Velvet - Cozydots.com\" \/>\n<meta property=\"og:description\" content=\"Le pouf d\u00e9coratif miel pour enfant est une grande assise douillette parfaite pour les jeux et le repos du quotidien.\" \/>\n<meta property=\"og:url\" content=\"https:\/\/cozydots.com\/fr\/produit\/coussin-de-sol-patchwork-blue-velvet\/\" \/>\n<meta property=\"og:site_name\" content=\"Cozydots.com\" \/>\n<meta property=\"article:modified_time\" content=\"2022-06-29T15:49:21+00:00\" \/>\n<meta property=\"og:image\" content=\"https:\/\/cozydots.com\/wp-content\/uploads\/2022\/05\/pouf-velvet-blue-and-pillows.jpg\" \/>\n\t<meta property=\"og:image:width\" content=\"1200\" \/>\n\t<meta property=\"og:image:height\" content=\"1200\" \/>\n\t<meta property=\"og:image:type\" content=\"image\/jpeg\" \/>\n<meta name=\"twitter:card\" content=\"summary_large_image\" \/>\n<meta name=\"twitter:label1\" content=\"Dur\u00e9e de lecture estim\u00e9e\" \/>\n\t<meta name=\"twitter:data1\" content=\"1 minute\" \/>\n<script type=\"application\/ld+json\" class=\"yoast-schema-graph\">{\"@context\":\"https:\/\/schema.org\",\"@graph\":[{\"@type\":\"WebPage\",\"@id\":\"https:\/\/cozydots.com\/fr\/produit\/coussin-de-sol-patchwork-blue-velvet\/\",\"url\":\"https:\/\/cozydots.com\/fr\/produit\/coussin-de-sol-patchwork-blue-velvet\/\",\"name\":\"Coussin de sol patchwork Blue Velvet - Cozydots.com\",\"isPartOf\":{\"@id\":\"https:\/\/cozydots.com\/fr\/#website\"},\"primaryImageOfPage\":{\"@id\":\"https:\/\/cozydots.com\/fr\/produit\/coussin-de-sol-patchwork-blue-velvet\/#primaryimage\"},\"image\":{\"@id\":\"https:\/\/cozydots.com\/fr\/produit\/coussin-de-sol-patchwork-blue-velvet\/#primaryimage\"},\"thumbnailUrl\":\"https:\/\/cozydots.com\/wp-content\/uploads\/2022\/05\/pouf-velvet-blue-and-pillows.jpg\",\"datePublished\":\"2022-06-03T09:24:50+00:00\",\"dateModified\":\"2022-06-29T15:49:21+00:00\",\"description\":\"Le pouf d\u00e9coratif miel pour enfant est une grande assise douillette parfaite pour les jeux et le repos du quotidien.\",\"breadcrumb\":{\"@id\":\"https:\/\/cozydots.com\/fr\/produit\/coussin-de-sol-patchwork-blue-velvet\/#breadcrumb\"},\"inLanguage\":\"fr-FR\",\"potentialAction\":[{\"@type\":\"ReadAction\",\"target\":[\"https:\/\/cozydots.com\/fr\/produit\/coussin-de-sol-patchwork-blue-velvet\/\"]}]},{\"@type\":\"ImageObject\",\"inLanguage\":\"fr-FR\",\"@id\":\"https:\/\/cozydots.com\/fr\/produit\/coussin-de-sol-patchwork-blue-velvet\/#primaryimage\",\"url\":\"https:\/\/cozydots.com\/wp-content\/uploads\/2022\/05\/pouf-velvet-blue-and-pillows.jpg\",\"contentUrl\":\"https:\/\/cozydots.com\/wp-content\/uploads\/2022\/05\/pouf-velvet-blue-and-pillows.jpg\",\"width\":1200,\"height\":1200},{\"@type\":\"BreadcrumbList\",\"@id\":\"https:\/\/cozydots.com\/fr\/produit\/coussin-de-sol-patchwork-blue-velvet\/#breadcrumb\",\"itemListElement\":[{\"@type\":\"ListItem\",\"position\":1,\"name\":\"Strona g\u0142\u00f3wna\",\"item\":\"https:\/\/cozydots.com\/fr\/\"},{\"@type\":\"ListItem\",\"position\":2,\"name\":\"Boutique\",\"item\":\"https:\/\/cozydots.com\/fr\/boutique\/\"},{\"@type\":\"ListItem\",\"position\":3,\"name\":\"Coussin de sol patchwork Blue Velvet\"}]},{\"@type\":\"WebSite\",\"@id\":\"https:\/\/cozydots.com\/fr\/#website\",\"url\":\"https:\/\/cozydots.com\/fr\/\",\"name\":\"Cozydots.com\",\"description\":\"Producent namiot\u00f3w Tipi\",\"publisher\":{\"@id\":\"https:\/\/cozydots.com\/fr\/#organization\"},\"potentialAction\":[{\"@type\":\"SearchAction\",\"target\":{\"@type\":\"EntryPoint\",\"urlTemplate\":\"https:\/\/cozydots.com\/fr\/?s={search_term_string}\"},\"query-input\":{\"@type\":\"PropertyValueSpecification\",\"valueRequired\":true,\"valueName\":\"search_term_string\"}}],\"inLanguage\":\"fr-FR\"},{\"@type\":\"Organization\",\"@id\":\"https:\/\/cozydots.com\/fr\/#organization\",\"name\":\"Cozydots.com\",\"url\":\"https:\/\/cozydots.com\/fr\/\",\"logo\":{\"@type\":\"ImageObject\",\"inLanguage\":\"fr-FR\",\"@id\":\"https:\/\/cozydots.com\/fr\/#\/schema\/logo\/image\/\",\"url\":\"https:\/\/cozydots.com\/wp-content\/uploads\/2021\/10\/cozyshop_logo.png\",\"contentUrl\":\"https:\/\/cozydots.com\/wp-content\/uploads\/2021\/10\/cozyshop_logo.png\",\"width\":400,\"height\":121,\"caption\":\"Cozydots.com\"},\"image\":{\"@id\":\"https:\/\/cozydots.com\/fr\/#\/schema\/logo\/image\/\"}}]}<\/script>\n<!-- \/ Yoast SEO plugin. -->","yoast_head_json":{"title":"Coussin de sol patchwork Blue Velvet - Cozydots.com","description":"Le pouf d\u00e9coratif miel pour enfant est une grande assise douillette parfaite pour les jeux et le repos du quotidien.","robots":{"index":"index","follow":"follow","max-snippet":"max-snippet:-1","max-image-preview":"max-image-preview:large","max-video-preview":"max-video-preview:-1"},"canonical":"https:\/\/cozydots.com\/fr\/produit\/coussin-de-sol-patchwork-blue-velvet\/","og_locale":"fr_FR","og_type":"article","og_title":"Coussin de sol patchwork Blue Velvet - Cozydots.com","og_description":"Le pouf d\u00e9coratif miel pour enfant est une grande assise douillette parfaite pour les jeux et le repos du quotidien.","og_url":"https:\/\/cozydots.com\/fr\/produit\/coussin-de-sol-patchwork-blue-velvet\/","og_site_name":"Cozydots.com","article_modified_time":"2022-06-29T15:49:21+00:00","og_image":[{"width":1200,"height":1200,"url":"https:\/\/cozydots.com\/wp-content\/uploads\/2022\/05\/pouf-velvet-blue-and-pillows.jpg","type":"image\/jpeg"}],"twitter_card":"summary_large_image","twitter_misc":{"Dur\u00e9e de lecture estim\u00e9e":"1 minute"},"schema":{"@context":"https:\/\/schema.org","@graph":[{"@type":"WebPage","@id":"https:\/\/cozydots.com\/fr\/produit\/coussin-de-sol-patchwork-blue-velvet\/","url":"https:\/\/cozydots.com\/fr\/produit\/coussin-de-sol-patchwork-blue-velvet\/","name":"Coussin de sol patchwork Blue Velvet - Cozydots.com","isPartOf":{"@id":"https:\/\/cozydots.com\/fr\/#website"},"primaryImageOfPage":{"@id":"https:\/\/cozydots.com\/fr\/produit\/coussin-de-sol-patchwork-blue-velvet\/#primaryimage"},"image":{"@id":"https:\/\/cozydots.com\/fr\/produit\/coussin-de-sol-patchwork-blue-velvet\/#primaryimage"},"thumbnailUrl":"https:\/\/cozydots.com\/wp-content\/uploads\/2022\/05\/pouf-velvet-blue-and-pillows.jpg","datePublished":"2022-06-03T09:24:50+00:00","dateModified":"2022-06-29T15:49:21+00:00","description":"Le pouf d\u00e9coratif miel pour enfant est une grande assise douillette parfaite pour les jeux et le repos du quotidien.","breadcrumb":{"@id":"https:\/\/cozydots.com\/fr\/produit\/coussin-de-sol-patchwork-blue-velvet\/#breadcrumb"},"inLanguage":"fr-FR","potentialAction":[{"@type":"ReadAction","target":["https:\/\/cozydots.com\/fr\/produit\/coussin-de-sol-patchwork-blue-velvet\/"]}]},{"@type":"ImageObject","inLanguage":"fr-FR","@id":"https:\/\/cozydots.com\/fr\/produit\/coussin-de-sol-patchwork-blue-velvet\/#primaryimage","url":"https:\/\/cozydots.com\/wp-content\/uploads\/2022\/05\/pouf-velvet-blue-and-pillows.jpg","contentUrl":"https:\/\/cozydots.com\/wp-content\/uploads\/2022\/05\/pouf-velvet-blue-and-pillows.jpg","width":1200,"height":1200},{"@type":"BreadcrumbList","@id":"https:\/\/cozydots.com\/fr\/produit\/coussin-de-sol-patchwork-blue-velvet\/#breadcrumb","itemListElement":[{"@type":"ListItem","position":1,"name":"Strona g\u0142\u00f3wna","item":"https:\/\/cozydots.com\/fr\/"},{"@type":"ListItem","position":2,"name":"Boutique","item":"https:\/\/cozydots.com\/fr\/boutique\/"},{"@type":"ListItem","position":3,"name":"Coussin de sol patchwork Blue Velvet"}]},{"@type":"WebSite","@id":"https:\/\/cozydots.com\/fr\/#website","url":"https:\/\/cozydots.com\/fr\/","name":"Cozydots.com","description":"Producent namiot\u00f3w Tipi","publisher":{"@id":"https:\/\/cozydots.com\/fr\/#organization"},"potentialAction":[{"@type":"SearchAction","target":{"@type":"EntryPoint","urlTemplate":"https:\/\/cozydots.com\/fr\/?s={search_term_string}"},"query-input":{"@type":"PropertyValueSpecification","valueRequired":true,"valueName":"search_term_string"}}],"inLanguage":"fr-FR"},{"@type":"Organization","@id":"https:\/\/cozydots.com\/fr\/#organization","name":"Cozydots.com","url":"https:\/\/cozydots.com\/fr\/","logo":{"@type":"ImageObject","inLanguage":"fr-FR","@id":"https:\/\/cozydots.com\/fr\/#\/schema\/logo\/image\/","url":"https:\/\/cozydots.com\/wp-content\/uploads\/2021\/10\/cozyshop_logo.png","contentUrl":"https:\/\/cozydots.com\/wp-content\/uploads\/2021\/10\/cozyshop_logo.png","width":400,"height":121,"caption":"Cozydots.com"},"image":{"@id":"https:\/\/cozydots.com\/fr\/#\/schema\/logo\/image\/"}}]}},"_links":{"self":[{"href":"https:\/\/cozydots.com\/fr\/wp-json\/wp\/v2\/product\/51704","targetHints":{"allow":["GET"]}}],"collection":[{"href":"https:\/\/cozydots.com\/fr\/wp-json\/wp\/v2\/product"}],"about":[{"href":"https:\/\/cozydots.com\/fr\/wp-json\/wp\/v2\/types\/product"}],"replies":[{"embeddable":true,"href":"https:\/\/cozydots.com\/fr\/wp-json\/wp\/v2\/comments?post=51704"}],"wp:featuredmedia":[{"embeddable":true,"href":"https:\/\/cozydots.com\/fr\/wp-json\/wp\/v2\/media\/51644"}],"wp:attachment":[{"href":"https:\/\/cozydots.com\/fr\/wp-json\/wp\/v2\/media?parent=51704"}],"wp:term":[{"taxonomy":"product_brand","embeddable":true,"href":"https:\/\/cozydots.com\/fr\/wp-json\/wp\/v2\/product_brand?post=51704"},{"taxonomy":"product_cat","embeddable":true,"href":"https:\/\/cozydots.com\/fr\/wp-json\/wp\/v2\/product_cat?post=51704"},{"taxonomy":"product_tag","embeddable":true,"href":"https:\/\/cozydots.com\/fr\/wp-json\/wp\/v2\/product_tag?post=51704"}],"curies":[{"name":"wp","href":"https:\/\/api.w.org\/{rel}","templated":true}]}}