{"id":52079,"date":"2022-03-04T13:11:56","date_gmt":"2022-06-29T14:54:47","guid":{"rendered":"https:\/\/cozydots.com\/?post_type=product&#038;p=52079"},"modified":"2022-06-29T16:54:47","modified_gmt":"2022-06-29T14:54:47","slug":"tente-tipi-pink-frill-tente-tipi-a-volants-avec-tapis-et-oreiller","status":"publish","type":"product","link":"https:\/\/cozydots.com\/fr\/produit\/tente-tipi-pink-frill-tente-tipi-a-volants-avec-tapis-et-oreiller\/","title":{"rendered":"Tente tipi Pink Frill, tente tipi \u00e0 volants avec tapis et oreiller"},"content":{"rendered":"<p><strong>Une tente avec un volant de la s\u00e9rie Pink Frill est un ensemble de chambre de fille avec un grand tapis rond doux, un oreiller en forme de c\u0153ur et une grande tente de 110x150cm. L&#8217;ensemble de jeu parfait.<\/strong><\/p>\n<p>Indian Tipi est un endroit incroyable pour jouer \u00e0 l&#8217;ext\u00e9rieur et \u00e0 la maison. Une tente tipi pour enfants est un bon endroit pour se reposer et un coin pour lire des livres. Un wigwam pour enfant est un \u00e9l\u00e9ment \u00e0 la mode de la d\u00e9coration d&#8217;une chambre d&#8217;enfant.<\/p>\n<p><strong>La tente pour enfants a une poche cousue pour les jouets et une fen\u00eatre avec un volet roulant. Toutes les pi\u00e8ces en tissu sont lavables en machine. La tente pour enfants est facile \u00e0 plier et ne prend pas beaucoup de place<\/strong>.<\/p>\n<p>Les tipis indiens sont fabriqu\u00e9s selon la m\u00e9thode artisanale, \u00e0 partir de tissus sans danger pour les enfants d&#8217;Europe et dot\u00e9s de certificats de qualit\u00e9. Tous les mod\u00e8les sont con\u00e7us par nos soins et nous vous garantissons que vous obtenez un produit unique de la meilleure qualit\u00e9.<\/p>\n<p>L&#8217;ensemble de tipi Pink Frill de COZY &amp; DOZY comprend :<\/p>\n<ul>\n<li>tipi pour une fille<\/li>\n<li>tapis rond doux avec un volant<\/li>\n<li><span style=\"color: #555555\">oreiller coeur<\/span><\/li>\n<li><span style=\"color: #555555\">stabilisateur<\/span><\/li>\n<li><span style=\"color: #555555\">4 poteaux en bois de pin naturel (cadre).<\/span><\/li>\n<\/ul>\n<p>Le wigwam peut \u00e9galement \u00eatre achet\u00e9 sans tapis ni oreillers.<\/p>\n<p>Informations Compl\u00e9mentaires<\/p>\n<p>Dimensions:<\/p>\n<ul>\n<li>Hauteur (avec poteaux) d\u00e9pli\u00e9 : 150 cm<\/li>\n<li><span style=\"color: #555555\">Hauteur (avec poteaux) une fois pli\u00e9 : 170 cm<\/span><\/li>\n<li><span style=\"color: #555555\">Surface au sol : env. 110 \u00d7 110 cm<\/span><\/li>\n<li><span style=\"color: #555555\">Tapis : 120 \u00d7 120 cm<\/span><\/li>\n<\/ul>\n<p>La tente est con\u00e7ue pour 2-3 enfants. Tipi se plie facilement et ne prend pas beaucoup de place. Vous pouvez les ranger dans un sac en coton avec une poign\u00e9e, qui est inclus dans l&#8217;ensemble.<\/p>\n<p>Composition:<\/p>\n<ul>\n<li>100% coton, approuv\u00e9 CE, sans danger pour les enfants, tissus certifi\u00e9s<\/li>\n<li><span style=\"color: #555555\">Remplissage du tapis et des oreillers : 100% mousse de silicone hypoallerg\u00e9nique<\/span><\/li>\n<\/ul>\n<p>Tous les tissus \u00e0 partir desquels nos tentes tipi sont fabriqu\u00e9es sont certifi\u00e9s et proviennent de pays europ\u00e9ens, ce qui les rend sans danger pour les enfants.<\/p>\n<p>Tous les produits Cozy &amp; Dozy sont con\u00e7us et cousus en Pologne<\/p>\n<p>M\u00e9thode de soin :<\/p>\n<ul>\n<li>Lavage en machine \u00e0 40\u00b0 &#8211; programme d\u00e9licat<\/li>\n<li><span style=\"color: #555555\">Repasser \u00e0 basse temp\u00e9rature<\/span><\/li>\n<li><span style=\"color: #555555\">Ne pas s\u00e9cher en machine<\/span><\/li>\n<li><span style=\"color: #555555\">Ne pas nettoyer \u00e0 sec<\/span><\/li>\n<li><span style=\"color: #555555\">Ne pas chlorer<\/span><\/li>\n<\/ul>\n","protected":false},"excerpt":{"rendered":"<p>Une tente \u00e0 volants de la s\u00e9rie Pink Frill est un ensemble de chambre de fille avec un grand tapis rond doux, un oreiller en forme de c\u0153ur et une grande tente de 110x150cm. L&#8217;ensemble de jeu parfait.<\/p>\n","protected":false},"featured_media":50074,"comment_status":"open","ping_status":"closed","template":"","meta":[],"product_brand":[],"product_cat":[469],"product_tag":[],"class_list":{"0":"post-52079","1":"product","2":"type-product","3":"status-publish","4":"has-post-thumbnail","6":"product_cat-tentes-tipi","8":"first","9":"instock","10":"sale","11":"taxable","12":"shipping-taxable","13":"product-type-simple"},"yoast_head":"<!-- This site is optimized with the Yoast SEO plugin v27.0 - https:\/\/yoast.com\/product\/yoast-seo-wordpress\/ -->\n<title>Tente tipi Pink Frill, tente tipi \u00e0 volants avec tapis et oreiller - Cozydots.com<\/title>\n<meta name=\"description\" content=\"Une tente \u00e0 volants de la s\u00e9rie Pink Frill est un ensemble de chambre de fille avec un grand tapis rond doux, un oreiller en forme de c\u0153ur et une grande tente de 110x150cm. L&#039;ensemble de jeu parfait.\" \/>\n<meta name=\"robots\" content=\"index, follow, max-snippet:-1, max-image-preview:large, max-video-preview:-1\" \/>\n<link rel=\"canonical\" href=\"https:\/\/cozydots.com\/fr\/produit\/tente-tipi-pink-frill-tente-tipi-a-volants-avec-tapis-et-oreiller\/\" \/>\n<meta property=\"og:locale\" content=\"fr_FR\" \/>\n<meta property=\"og:type\" content=\"article\" \/>\n<meta property=\"og:title\" content=\"Tente tipi Pink Frill, tente tipi \u00e0 volants avec tapis et oreiller - Cozydots.com\" \/>\n<meta property=\"og:description\" content=\"Une tente \u00e0 volants de la s\u00e9rie Pink Frill est un ensemble de chambre de fille avec un grand tapis rond doux, un oreiller en forme de c\u0153ur et une grande tente de 110x150cm. L&#039;ensemble de jeu parfait.\" \/>\n<meta property=\"og:url\" content=\"https:\/\/cozydots.com\/fr\/produit\/tente-tipi-pink-frill-tente-tipi-a-volants-avec-tapis-et-oreiller\/\" \/>\n<meta property=\"og:site_name\" content=\"Cozydots.com\" \/>\n<meta property=\"og:image\" content=\"https:\/\/cozydots.com\/wp-content\/uploads\/2022\/02\/pink-frill-tipi-set.jpg\" \/>\n\t<meta property=\"og:image:width\" content=\"1200\" \/>\n\t<meta property=\"og:image:height\" content=\"1395\" \/>\n\t<meta property=\"og:image:type\" content=\"image\/jpeg\" \/>\n<meta name=\"twitter:card\" content=\"summary_large_image\" \/>\n<meta name=\"twitter:label1\" content=\"Dur\u00e9e de lecture estim\u00e9e\" \/>\n\t<meta name=\"twitter:data1\" content=\"3 minutes\" \/>\n<script type=\"application\/ld+json\" class=\"yoast-schema-graph\">{\"@context\":\"https:\/\/schema.org\",\"@graph\":[{\"@type\":\"WebPage\",\"@id\":\"https:\/\/cozydots.com\/fr\/produit\/tente-tipi-pink-frill-tente-tipi-a-volants-avec-tapis-et-oreiller\/\",\"url\":\"https:\/\/cozydots.com\/fr\/produit\/tente-tipi-pink-frill-tente-tipi-a-volants-avec-tapis-et-oreiller\/\",\"name\":\"Tente tipi Pink Frill, tente tipi \u00e0 volants avec tapis et oreiller - Cozydots.com\",\"isPartOf\":{\"@id\":\"https:\/\/cozydots.com\/fr\/#website\"},\"primaryImageOfPage\":{\"@id\":\"https:\/\/cozydots.com\/fr\/produit\/tente-tipi-pink-frill-tente-tipi-a-volants-avec-tapis-et-oreiller\/#primaryimage\"},\"image\":{\"@id\":\"https:\/\/cozydots.com\/fr\/produit\/tente-tipi-pink-frill-tente-tipi-a-volants-avec-tapis-et-oreiller\/#primaryimage\"},\"thumbnailUrl\":\"https:\/\/cozydots.com\/wp-content\/uploads\/2022\/02\/pink-frill-tipi-set.jpg\",\"datePublished\":\"2022-06-29T14:54:47+00:00\",\"description\":\"Une tente \u00e0 volants de la s\u00e9rie Pink Frill est un ensemble de chambre de fille avec un grand tapis rond doux, un oreiller en forme de c\u0153ur et une grande tente de 110x150cm. L'ensemble de jeu parfait.\",\"breadcrumb\":{\"@id\":\"https:\/\/cozydots.com\/fr\/produit\/tente-tipi-pink-frill-tente-tipi-a-volants-avec-tapis-et-oreiller\/#breadcrumb\"},\"inLanguage\":\"fr-FR\",\"potentialAction\":[{\"@type\":\"ReadAction\",\"target\":[\"https:\/\/cozydots.com\/fr\/produit\/tente-tipi-pink-frill-tente-tipi-a-volants-avec-tapis-et-oreiller\/\"]}]},{\"@type\":\"ImageObject\",\"inLanguage\":\"fr-FR\",\"@id\":\"https:\/\/cozydots.com\/fr\/produit\/tente-tipi-pink-frill-tente-tipi-a-volants-avec-tapis-et-oreiller\/#primaryimage\",\"url\":\"https:\/\/cozydots.com\/wp-content\/uploads\/2022\/02\/pink-frill-tipi-set.jpg\",\"contentUrl\":\"https:\/\/cozydots.com\/wp-content\/uploads\/2022\/02\/pink-frill-tipi-set.jpg\",\"width\":1200,\"height\":1395},{\"@type\":\"BreadcrumbList\",\"@id\":\"https:\/\/cozydots.com\/fr\/produit\/tente-tipi-pink-frill-tente-tipi-a-volants-avec-tapis-et-oreiller\/#breadcrumb\",\"itemListElement\":[{\"@type\":\"ListItem\",\"position\":1,\"name\":\"Strona g\u0142\u00f3wna\",\"item\":\"https:\/\/cozydots.com\/fr\/\"},{\"@type\":\"ListItem\",\"position\":2,\"name\":\"Boutique\",\"item\":\"https:\/\/cozydots.com\/fr\/boutique\/\"},{\"@type\":\"ListItem\",\"position\":3,\"name\":\"Tente tipi Pink Frill, tente tipi \u00e0 volants avec tapis et oreiller\"}]},{\"@type\":\"WebSite\",\"@id\":\"https:\/\/cozydots.com\/fr\/#website\",\"url\":\"https:\/\/cozydots.com\/fr\/\",\"name\":\"Cozydots.com\",\"description\":\"Producent namiot\u00f3w Tipi\",\"publisher\":{\"@id\":\"https:\/\/cozydots.com\/fr\/#organization\"},\"potentialAction\":[{\"@type\":\"SearchAction\",\"target\":{\"@type\":\"EntryPoint\",\"urlTemplate\":\"https:\/\/cozydots.com\/fr\/?s={search_term_string}\"},\"query-input\":{\"@type\":\"PropertyValueSpecification\",\"valueRequired\":true,\"valueName\":\"search_term_string\"}}],\"inLanguage\":\"fr-FR\"},{\"@type\":\"Organization\",\"@id\":\"https:\/\/cozydots.com\/fr\/#organization\",\"name\":\"Cozydots.com\",\"url\":\"https:\/\/cozydots.com\/fr\/\",\"logo\":{\"@type\":\"ImageObject\",\"inLanguage\":\"fr-FR\",\"@id\":\"https:\/\/cozydots.com\/fr\/#\/schema\/logo\/image\/\",\"url\":\"https:\/\/cozydots.com\/wp-content\/uploads\/2021\/10\/cozyshop_logo.png\",\"contentUrl\":\"https:\/\/cozydots.com\/wp-content\/uploads\/2021\/10\/cozyshop_logo.png\",\"width\":400,\"height\":121,\"caption\":\"Cozydots.com\"},\"image\":{\"@id\":\"https:\/\/cozydots.com\/fr\/#\/schema\/logo\/image\/\"}}]}<\/script>\n<!-- \/ Yoast SEO plugin. -->","yoast_head_json":{"title":"Tente tipi Pink Frill, tente tipi \u00e0 volants avec tapis et oreiller - Cozydots.com","description":"Une tente \u00e0 volants de la s\u00e9rie Pink Frill est un ensemble de chambre de fille avec un grand tapis rond doux, un oreiller en forme de c\u0153ur et une grande tente de 110x150cm. L'ensemble de jeu parfait.","robots":{"index":"index","follow":"follow","max-snippet":"max-snippet:-1","max-image-preview":"max-image-preview:large","max-video-preview":"max-video-preview:-1"},"canonical":"https:\/\/cozydots.com\/fr\/produit\/tente-tipi-pink-frill-tente-tipi-a-volants-avec-tapis-et-oreiller\/","og_locale":"fr_FR","og_type":"article","og_title":"Tente tipi Pink Frill, tente tipi \u00e0 volants avec tapis et oreiller - Cozydots.com","og_description":"Une tente \u00e0 volants de la s\u00e9rie Pink Frill est un ensemble de chambre de fille avec un grand tapis rond doux, un oreiller en forme de c\u0153ur et une grande tente de 110x150cm. L'ensemble de jeu parfait.","og_url":"https:\/\/cozydots.com\/fr\/produit\/tente-tipi-pink-frill-tente-tipi-a-volants-avec-tapis-et-oreiller\/","og_site_name":"Cozydots.com","og_image":[{"width":1200,"height":1395,"url":"https:\/\/cozydots.com\/wp-content\/uploads\/2022\/02\/pink-frill-tipi-set.jpg","type":"image\/jpeg"}],"twitter_card":"summary_large_image","twitter_misc":{"Dur\u00e9e de lecture estim\u00e9e":"3 minutes"},"schema":{"@context":"https:\/\/schema.org","@graph":[{"@type":"WebPage","@id":"https:\/\/cozydots.com\/fr\/produit\/tente-tipi-pink-frill-tente-tipi-a-volants-avec-tapis-et-oreiller\/","url":"https:\/\/cozydots.com\/fr\/produit\/tente-tipi-pink-frill-tente-tipi-a-volants-avec-tapis-et-oreiller\/","name":"Tente tipi Pink Frill, tente tipi \u00e0 volants avec tapis et oreiller - Cozydots.com","isPartOf":{"@id":"https:\/\/cozydots.com\/fr\/#website"},"primaryImageOfPage":{"@id":"https:\/\/cozydots.com\/fr\/produit\/tente-tipi-pink-frill-tente-tipi-a-volants-avec-tapis-et-oreiller\/#primaryimage"},"image":{"@id":"https:\/\/cozydots.com\/fr\/produit\/tente-tipi-pink-frill-tente-tipi-a-volants-avec-tapis-et-oreiller\/#primaryimage"},"thumbnailUrl":"https:\/\/cozydots.com\/wp-content\/uploads\/2022\/02\/pink-frill-tipi-set.jpg","datePublished":"2022-06-29T14:54:47+00:00","description":"Une tente \u00e0 volants de la s\u00e9rie Pink Frill est un ensemble de chambre de fille avec un grand tapis rond doux, un oreiller en forme de c\u0153ur et une grande tente de 110x150cm. L'ensemble de jeu parfait.","breadcrumb":{"@id":"https:\/\/cozydots.com\/fr\/produit\/tente-tipi-pink-frill-tente-tipi-a-volants-avec-tapis-et-oreiller\/#breadcrumb"},"inLanguage":"fr-FR","potentialAction":[{"@type":"ReadAction","target":["https:\/\/cozydots.com\/fr\/produit\/tente-tipi-pink-frill-tente-tipi-a-volants-avec-tapis-et-oreiller\/"]}]},{"@type":"ImageObject","inLanguage":"fr-FR","@id":"https:\/\/cozydots.com\/fr\/produit\/tente-tipi-pink-frill-tente-tipi-a-volants-avec-tapis-et-oreiller\/#primaryimage","url":"https:\/\/cozydots.com\/wp-content\/uploads\/2022\/02\/pink-frill-tipi-set.jpg","contentUrl":"https:\/\/cozydots.com\/wp-content\/uploads\/2022\/02\/pink-frill-tipi-set.jpg","width":1200,"height":1395},{"@type":"BreadcrumbList","@id":"https:\/\/cozydots.com\/fr\/produit\/tente-tipi-pink-frill-tente-tipi-a-volants-avec-tapis-et-oreiller\/#breadcrumb","itemListElement":[{"@type":"ListItem","position":1,"name":"Strona g\u0142\u00f3wna","item":"https:\/\/cozydots.com\/fr\/"},{"@type":"ListItem","position":2,"name":"Boutique","item":"https:\/\/cozydots.com\/fr\/boutique\/"},{"@type":"ListItem","position":3,"name":"Tente tipi Pink Frill, tente tipi \u00e0 volants avec tapis et oreiller"}]},{"@type":"WebSite","@id":"https:\/\/cozydots.com\/fr\/#website","url":"https:\/\/cozydots.com\/fr\/","name":"Cozydots.com","description":"Producent namiot\u00f3w Tipi","publisher":{"@id":"https:\/\/cozydots.com\/fr\/#organization"},"potentialAction":[{"@type":"SearchAction","target":{"@type":"EntryPoint","urlTemplate":"https:\/\/cozydots.com\/fr\/?s={search_term_string}"},"query-input":{"@type":"PropertyValueSpecification","valueRequired":true,"valueName":"search_term_string"}}],"inLanguage":"fr-FR"},{"@type":"Organization","@id":"https:\/\/cozydots.com\/fr\/#organization","name":"Cozydots.com","url":"https:\/\/cozydots.com\/fr\/","logo":{"@type":"ImageObject","inLanguage":"fr-FR","@id":"https:\/\/cozydots.com\/fr\/#\/schema\/logo\/image\/","url":"https:\/\/cozydots.com\/wp-content\/uploads\/2021\/10\/cozyshop_logo.png","contentUrl":"https:\/\/cozydots.com\/wp-content\/uploads\/2021\/10\/cozyshop_logo.png","width":400,"height":121,"caption":"Cozydots.com"},"image":{"@id":"https:\/\/cozydots.com\/fr\/#\/schema\/logo\/image\/"}}]}},"_links":{"self":[{"href":"https:\/\/cozydots.com\/fr\/wp-json\/wp\/v2\/product\/52079","targetHints":{"allow":["GET"]}}],"collection":[{"href":"https:\/\/cozydots.com\/fr\/wp-json\/wp\/v2\/product"}],"about":[{"href":"https:\/\/cozydots.com\/fr\/wp-json\/wp\/v2\/types\/product"}],"replies":[{"embeddable":true,"href":"https:\/\/cozydots.com\/fr\/wp-json\/wp\/v2\/comments?post=52079"}],"wp:featuredmedia":[{"embeddable":true,"href":"https:\/\/cozydots.com\/fr\/wp-json\/wp\/v2\/media\/50074"}],"wp:attachment":[{"href":"https:\/\/cozydots.com\/fr\/wp-json\/wp\/v2\/media?parent=52079"}],"wp:term":[{"taxonomy":"product_brand","embeddable":true,"href":"https:\/\/cozydots.com\/fr\/wp-json\/wp\/v2\/product_brand?post=52079"},{"taxonomy":"product_cat","embeddable":true,"href":"https:\/\/cozydots.com\/fr\/wp-json\/wp\/v2\/product_cat?post=52079"},{"taxonomy":"product_tag","embeddable":true,"href":"https:\/\/cozydots.com\/fr\/wp-json\/wp\/v2\/product_tag?post=52079"}],"curies":[{"name":"wp","href":"https:\/\/api.w.org\/{rel}","templated":true}]}}