{"id":52740,"date":"2022-08-03T14:12:57","date_gmt":"2022-08-03T12:12:57","guid":{"rendered":"https:\/\/cozydots.com\/?post_type=product&#038;p=52740"},"modified":"2023-02-08T12:12:13","modified_gmt":"2023-02-08T11:12:13","slug":"tente-tipi-pour-enfants-grey-velvet-tente-de-jeu-avec-tapis","status":"publish","type":"product","link":"https:\/\/cozydots.com\/fr\/produit\/tente-tipi-pour-enfants-grey-velvet-tente-de-jeu-avec-tapis\/","title":{"rendered":"Tente tipi pour enfants Grey Velvet, tente de jeu avec tapis"},"content":{"rendered":"<p><img loading=\"lazy\" decoding=\"async\" class=\"alignnone size-medium wp-image-52705 alignright\" src=\"https:\/\/cozydots.com\/wp-content\/uploads\/2022\/02\/teepee-velvet-grey--400x400.jpg\" alt=\"\" width=\"400\" height=\"400\" srcset=\"https:\/\/cozydots.com\/wp-content\/uploads\/2022\/02\/teepee-velvet-grey--400x400.jpg 400w, https:\/\/cozydots.com\/wp-content\/uploads\/2022\/02\/teepee-velvet-grey-.jpg 1200w, https:\/\/cozydots.com\/wp-content\/uploads\/2022\/02\/teepee-velvet-grey--150x150.jpg 150w, https:\/\/cozydots.com\/wp-content\/uploads\/2022\/02\/teepee-velvet-grey--768x768.jpg 768w, https:\/\/cozydots.com\/wp-content\/uploads\/2022\/02\/teepee-velvet-grey--470x470.jpg 470w, https:\/\/cozydots.com\/wp-content\/uploads\/2022\/02\/teepee-velvet-grey--800x800.jpg 800w, https:\/\/cozydots.com\/wp-content\/uploads\/2022\/02\/teepee-velvet-grey--100x100.jpg 100w\" sizes=\"auto, (max-width: 400px) 100vw, 400px\" \/><\/p>\n<p><strong>La tente de jeu Velvet Grey est un tipi vert avec un tapis moelleux. <\/strong><b>La tente tipi est faite de toile solide et est d\u00e9cor\u00e9e de pompons miel. <\/b><b>Une tente est un endroit id\u00e9al pour jouer \u00e0 la maison, sur la terrasse ou dans le jardin.<\/b><\/p>\n<p>Le tipi de jeu a une fen\u00eatre avec un store \u00e0 enroulement et deux poches pour les jouets. La tente tipi est un endroit id\u00e9al pour jouer et un coin confortable pour se reposer.<\/p>\n<p>Wigwam a \u00e9t\u00e9 con\u00e7u pour plaire aux yeux pendant longtemps et assurer un plaisir en toute s\u00e9curit\u00e9.<\/p>\n<p>Tipi a 4 c\u00f4t\u00e9s \u2013 aire de jeu env. 1 m2, hauteur d\u00e9pli\u00e9e env. 150cm.<\/p>\n<p>Chaque tente est livr\u00e9e avec des poteaux en pin pliables et un stabilisateur qui maintient les poteaux de mani\u00e8re rigide pour assurer la stabilit\u00e9 de la tente.<\/p>\n<p>Tous les produits COZY &amp; DOZY ont \u00e9t\u00e9 con\u00e7us et fabriqu\u00e9s en Pologne et ont des d\u00e9clarations CE pour les produits pour enfants.<\/p>\n<h3>Le kit comprend :<\/h3>\n<ul>\n<li>tente tipi<\/li>\n<li>tapis doux velvet<\/li>\n<li>4 b\u00e2tons de pin pliants (8 moiti\u00e9s) + \u00e9l\u00e9ments pour relier les b\u00e2tons (8 vis et 4 \u00e9crous longs)<\/li>\n<li>Instruction<\/li>\n<li>stabilisateur + ficelle<\/li>\n<\/ul>\n","protected":false},"excerpt":{"rendered":"<p>Le tipi de jeu a une fen\u00eatre avec un store \u00e0 enroulement et deux poches pour les jouets. Ensemble avec oreillers et tapis moelleux.<\/p>\n","protected":false},"featured_media":52691,"comment_status":"open","ping_status":"closed","template":"","meta":[],"product_brand":[],"product_cat":[469],"product_tag":[1436],"class_list":{"0":"post-52740","1":"product","2":"type-product","3":"status-publish","4":"has-post-thumbnail","6":"product_cat-tentes-tipi","7":"product_tag-pla-fr","9":"first","10":"instock","11":"taxable","12":"shipping-taxable","13":"product-type-simple"},"yoast_head":"<!-- This site is optimized with the Yoast SEO plugin v27.0 - https:\/\/yoast.com\/product\/yoast-seo-wordpress\/ -->\n<title>Tente tipi pour enfants Grey Velvet, tente de jeu avec tapis - Cozydots.com<\/title>\n<meta name=\"description\" content=\"Le tipi de jeu a une fen\u00eatre avec un store \u00e0 enroulement et deux poches pour les jouets. Ensemble avec oreillers et tapis moelleux.\" \/>\n<meta name=\"robots\" content=\"index, follow, max-snippet:-1, max-image-preview:large, max-video-preview:-1\" \/>\n<link rel=\"canonical\" href=\"https:\/\/cozydots.com\/fr\/produit\/tente-tipi-pour-enfants-grey-velvet-tente-de-jeu-avec-tapis\/\" \/>\n<meta property=\"og:locale\" content=\"fr_FR\" \/>\n<meta property=\"og:type\" content=\"article\" \/>\n<meta property=\"og:title\" content=\"Tente tipi pour enfants Grey Velvet, tente de jeu avec tapis - Cozydots.com\" \/>\n<meta property=\"og:description\" content=\"Le tipi de jeu a une fen\u00eatre avec un store \u00e0 enroulement et deux poches pour les jouets. Ensemble avec oreillers et tapis moelleux.\" \/>\n<meta property=\"og:url\" content=\"https:\/\/cozydots.com\/fr\/produit\/tente-tipi-pour-enfants-grey-velvet-tente-de-jeu-avec-tapis\/\" \/>\n<meta property=\"og:site_name\" content=\"Cozydots.com\" \/>\n<meta property=\"article:modified_time\" content=\"2023-02-08T11:12:13+00:00\" \/>\n<meta property=\"og:image\" content=\"https:\/\/cozydots.com\/wp-content\/uploads\/2022\/02\/teepee-grey-velvet-with-mat.jpg\" \/>\n\t<meta property=\"og:image:width\" content=\"1200\" \/>\n\t<meta property=\"og:image:height\" content=\"1200\" \/>\n\t<meta property=\"og:image:type\" content=\"image\/jpeg\" \/>\n<meta name=\"twitter:card\" content=\"summary_large_image\" \/>\n<meta name=\"twitter:label1\" content=\"Dur\u00e9e de lecture estim\u00e9e\" \/>\n\t<meta name=\"twitter:data1\" content=\"2 minutes\" \/>\n<script type=\"application\/ld+json\" class=\"yoast-schema-graph\">{\"@context\":\"https:\/\/schema.org\",\"@graph\":[{\"@type\":\"WebPage\",\"@id\":\"https:\/\/cozydots.com\/fr\/produit\/tente-tipi-pour-enfants-grey-velvet-tente-de-jeu-avec-tapis\/\",\"url\":\"https:\/\/cozydots.com\/fr\/produit\/tente-tipi-pour-enfants-grey-velvet-tente-de-jeu-avec-tapis\/\",\"name\":\"Tente tipi pour enfants Grey Velvet, tente de jeu avec tapis - Cozydots.com\",\"isPartOf\":{\"@id\":\"https:\/\/cozydots.com\/fr\/#website\"},\"primaryImageOfPage\":{\"@id\":\"https:\/\/cozydots.com\/fr\/produit\/tente-tipi-pour-enfants-grey-velvet-tente-de-jeu-avec-tapis\/#primaryimage\"},\"image\":{\"@id\":\"https:\/\/cozydots.com\/fr\/produit\/tente-tipi-pour-enfants-grey-velvet-tente-de-jeu-avec-tapis\/#primaryimage\"},\"thumbnailUrl\":\"https:\/\/cozydots.com\/wp-content\/uploads\/2022\/02\/teepee-grey-velvet-with-mat.jpg\",\"datePublished\":\"2022-08-03T12:12:57+00:00\",\"dateModified\":\"2023-02-08T11:12:13+00:00\",\"description\":\"Le tipi de jeu a une fen\u00eatre avec un store \u00e0 enroulement et deux poches pour les jouets. Ensemble avec oreillers et tapis moelleux.\",\"breadcrumb\":{\"@id\":\"https:\/\/cozydots.com\/fr\/produit\/tente-tipi-pour-enfants-grey-velvet-tente-de-jeu-avec-tapis\/#breadcrumb\"},\"inLanguage\":\"fr-FR\",\"potentialAction\":[{\"@type\":\"ReadAction\",\"target\":[\"https:\/\/cozydots.com\/fr\/produit\/tente-tipi-pour-enfants-grey-velvet-tente-de-jeu-avec-tapis\/\"]}]},{\"@type\":\"ImageObject\",\"inLanguage\":\"fr-FR\",\"@id\":\"https:\/\/cozydots.com\/fr\/produit\/tente-tipi-pour-enfants-grey-velvet-tente-de-jeu-avec-tapis\/#primaryimage\",\"url\":\"https:\/\/cozydots.com\/wp-content\/uploads\/2022\/02\/teepee-grey-velvet-with-mat.jpg\",\"contentUrl\":\"https:\/\/cozydots.com\/wp-content\/uploads\/2022\/02\/teepee-grey-velvet-with-mat.jpg\",\"width\":1200,\"height\":1200},{\"@type\":\"BreadcrumbList\",\"@id\":\"https:\/\/cozydots.com\/fr\/produit\/tente-tipi-pour-enfants-grey-velvet-tente-de-jeu-avec-tapis\/#breadcrumb\",\"itemListElement\":[{\"@type\":\"ListItem\",\"position\":1,\"name\":\"Strona g\u0142\u00f3wna\",\"item\":\"https:\/\/cozydots.com\/fr\/\"},{\"@type\":\"ListItem\",\"position\":2,\"name\":\"Boutique\",\"item\":\"https:\/\/cozydots.com\/fr\/boutique\/\"},{\"@type\":\"ListItem\",\"position\":3,\"name\":\"Tente tipi pour enfants Grey Velvet, tente de jeu avec tapis\"}]},{\"@type\":\"WebSite\",\"@id\":\"https:\/\/cozydots.com\/fr\/#website\",\"url\":\"https:\/\/cozydots.com\/fr\/\",\"name\":\"Cozydots.com\",\"description\":\"Producent namiot\u00f3w Tipi\",\"publisher\":{\"@id\":\"https:\/\/cozydots.com\/fr\/#organization\"},\"potentialAction\":[{\"@type\":\"SearchAction\",\"target\":{\"@type\":\"EntryPoint\",\"urlTemplate\":\"https:\/\/cozydots.com\/fr\/?s={search_term_string}\"},\"query-input\":{\"@type\":\"PropertyValueSpecification\",\"valueRequired\":true,\"valueName\":\"search_term_string\"}}],\"inLanguage\":\"fr-FR\"},{\"@type\":\"Organization\",\"@id\":\"https:\/\/cozydots.com\/fr\/#organization\",\"name\":\"Cozydots.com\",\"url\":\"https:\/\/cozydots.com\/fr\/\",\"logo\":{\"@type\":\"ImageObject\",\"inLanguage\":\"fr-FR\",\"@id\":\"https:\/\/cozydots.com\/fr\/#\/schema\/logo\/image\/\",\"url\":\"https:\/\/cozydots.com\/wp-content\/uploads\/2021\/10\/cozyshop_logo.png\",\"contentUrl\":\"https:\/\/cozydots.com\/wp-content\/uploads\/2021\/10\/cozyshop_logo.png\",\"width\":400,\"height\":121,\"caption\":\"Cozydots.com\"},\"image\":{\"@id\":\"https:\/\/cozydots.com\/fr\/#\/schema\/logo\/image\/\"}}]}<\/script>\n<!-- \/ Yoast SEO plugin. -->","yoast_head_json":{"title":"Tente tipi pour enfants Grey Velvet, tente de jeu avec tapis - Cozydots.com","description":"Le tipi de jeu a une fen\u00eatre avec un store \u00e0 enroulement et deux poches pour les jouets. Ensemble avec oreillers et tapis moelleux.","robots":{"index":"index","follow":"follow","max-snippet":"max-snippet:-1","max-image-preview":"max-image-preview:large","max-video-preview":"max-video-preview:-1"},"canonical":"https:\/\/cozydots.com\/fr\/produit\/tente-tipi-pour-enfants-grey-velvet-tente-de-jeu-avec-tapis\/","og_locale":"fr_FR","og_type":"article","og_title":"Tente tipi pour enfants Grey Velvet, tente de jeu avec tapis - Cozydots.com","og_description":"Le tipi de jeu a une fen\u00eatre avec un store \u00e0 enroulement et deux poches pour les jouets. Ensemble avec oreillers et tapis moelleux.","og_url":"https:\/\/cozydots.com\/fr\/produit\/tente-tipi-pour-enfants-grey-velvet-tente-de-jeu-avec-tapis\/","og_site_name":"Cozydots.com","article_modified_time":"2023-02-08T11:12:13+00:00","og_image":[{"width":1200,"height":1200,"url":"https:\/\/cozydots.com\/wp-content\/uploads\/2022\/02\/teepee-grey-velvet-with-mat.jpg","type":"image\/jpeg"}],"twitter_card":"summary_large_image","twitter_misc":{"Dur\u00e9e de lecture estim\u00e9e":"2 minutes"},"schema":{"@context":"https:\/\/schema.org","@graph":[{"@type":"WebPage","@id":"https:\/\/cozydots.com\/fr\/produit\/tente-tipi-pour-enfants-grey-velvet-tente-de-jeu-avec-tapis\/","url":"https:\/\/cozydots.com\/fr\/produit\/tente-tipi-pour-enfants-grey-velvet-tente-de-jeu-avec-tapis\/","name":"Tente tipi pour enfants Grey Velvet, tente de jeu avec tapis - Cozydots.com","isPartOf":{"@id":"https:\/\/cozydots.com\/fr\/#website"},"primaryImageOfPage":{"@id":"https:\/\/cozydots.com\/fr\/produit\/tente-tipi-pour-enfants-grey-velvet-tente-de-jeu-avec-tapis\/#primaryimage"},"image":{"@id":"https:\/\/cozydots.com\/fr\/produit\/tente-tipi-pour-enfants-grey-velvet-tente-de-jeu-avec-tapis\/#primaryimage"},"thumbnailUrl":"https:\/\/cozydots.com\/wp-content\/uploads\/2022\/02\/teepee-grey-velvet-with-mat.jpg","datePublished":"2022-08-03T12:12:57+00:00","dateModified":"2023-02-08T11:12:13+00:00","description":"Le tipi de jeu a une fen\u00eatre avec un store \u00e0 enroulement et deux poches pour les jouets. Ensemble avec oreillers et tapis moelleux.","breadcrumb":{"@id":"https:\/\/cozydots.com\/fr\/produit\/tente-tipi-pour-enfants-grey-velvet-tente-de-jeu-avec-tapis\/#breadcrumb"},"inLanguage":"fr-FR","potentialAction":[{"@type":"ReadAction","target":["https:\/\/cozydots.com\/fr\/produit\/tente-tipi-pour-enfants-grey-velvet-tente-de-jeu-avec-tapis\/"]}]},{"@type":"ImageObject","inLanguage":"fr-FR","@id":"https:\/\/cozydots.com\/fr\/produit\/tente-tipi-pour-enfants-grey-velvet-tente-de-jeu-avec-tapis\/#primaryimage","url":"https:\/\/cozydots.com\/wp-content\/uploads\/2022\/02\/teepee-grey-velvet-with-mat.jpg","contentUrl":"https:\/\/cozydots.com\/wp-content\/uploads\/2022\/02\/teepee-grey-velvet-with-mat.jpg","width":1200,"height":1200},{"@type":"BreadcrumbList","@id":"https:\/\/cozydots.com\/fr\/produit\/tente-tipi-pour-enfants-grey-velvet-tente-de-jeu-avec-tapis\/#breadcrumb","itemListElement":[{"@type":"ListItem","position":1,"name":"Strona g\u0142\u00f3wna","item":"https:\/\/cozydots.com\/fr\/"},{"@type":"ListItem","position":2,"name":"Boutique","item":"https:\/\/cozydots.com\/fr\/boutique\/"},{"@type":"ListItem","position":3,"name":"Tente tipi pour enfants Grey Velvet, tente de jeu avec tapis"}]},{"@type":"WebSite","@id":"https:\/\/cozydots.com\/fr\/#website","url":"https:\/\/cozydots.com\/fr\/","name":"Cozydots.com","description":"Producent namiot\u00f3w Tipi","publisher":{"@id":"https:\/\/cozydots.com\/fr\/#organization"},"potentialAction":[{"@type":"SearchAction","target":{"@type":"EntryPoint","urlTemplate":"https:\/\/cozydots.com\/fr\/?s={search_term_string}"},"query-input":{"@type":"PropertyValueSpecification","valueRequired":true,"valueName":"search_term_string"}}],"inLanguage":"fr-FR"},{"@type":"Organization","@id":"https:\/\/cozydots.com\/fr\/#organization","name":"Cozydots.com","url":"https:\/\/cozydots.com\/fr\/","logo":{"@type":"ImageObject","inLanguage":"fr-FR","@id":"https:\/\/cozydots.com\/fr\/#\/schema\/logo\/image\/","url":"https:\/\/cozydots.com\/wp-content\/uploads\/2021\/10\/cozyshop_logo.png","contentUrl":"https:\/\/cozydots.com\/wp-content\/uploads\/2021\/10\/cozyshop_logo.png","width":400,"height":121,"caption":"Cozydots.com"},"image":{"@id":"https:\/\/cozydots.com\/fr\/#\/schema\/logo\/image\/"}}]}},"_links":{"self":[{"href":"https:\/\/cozydots.com\/fr\/wp-json\/wp\/v2\/product\/52740","targetHints":{"allow":["GET"]}}],"collection":[{"href":"https:\/\/cozydots.com\/fr\/wp-json\/wp\/v2\/product"}],"about":[{"href":"https:\/\/cozydots.com\/fr\/wp-json\/wp\/v2\/types\/product"}],"replies":[{"embeddable":true,"href":"https:\/\/cozydots.com\/fr\/wp-json\/wp\/v2\/comments?post=52740"}],"wp:featuredmedia":[{"embeddable":true,"href":"https:\/\/cozydots.com\/fr\/wp-json\/wp\/v2\/media\/52691"}],"wp:attachment":[{"href":"https:\/\/cozydots.com\/fr\/wp-json\/wp\/v2\/media?parent=52740"}],"wp:term":[{"taxonomy":"product_brand","embeddable":true,"href":"https:\/\/cozydots.com\/fr\/wp-json\/wp\/v2\/product_brand?post=52740"},{"taxonomy":"product_cat","embeddable":true,"href":"https:\/\/cozydots.com\/fr\/wp-json\/wp\/v2\/product_cat?post=52740"},{"taxonomy":"product_tag","embeddable":true,"href":"https:\/\/cozydots.com\/fr\/wp-json\/wp\/v2\/product_tag?post=52740"}],"curies":[{"name":"wp","href":"https:\/\/api.w.org\/{rel}","templated":true}]}}