{"id":52766,"date":"2022-08-04T13:22:22","date_gmt":"2022-08-04T11:22:22","guid":{"rendered":"https:\/\/cozydots.com\/?post_type=product&#038;p=52766"},"modified":"2022-08-04T13:42:09","modified_gmt":"2022-08-04T11:42:09","slug":"tente-tipi-pour-enfants-adventure","status":"publish","type":"product","link":"https:\/\/cozydots.com\/fr\/produit\/tente-tipi-pour-enfants-adventure\/","title":{"rendered":"Tente tipi pour enfants Adventure"},"content":{"rendered":"<p><img loading=\"lazy\" decoding=\"async\" class=\"alignnone size-medium wp-image-52642 alignright\" src=\"https:\/\/cozydots.com\/wp-content\/uploads\/2022\/02\/adventure-set-400x400.jpg\" alt=\"\" width=\"400\" height=\"400\" srcset=\"https:\/\/cozydots.com\/wp-content\/uploads\/2022\/02\/adventure-set-400x400.jpg 400w, https:\/\/cozydots.com\/wp-content\/uploads\/2022\/02\/adventure-set.jpg 1200w, https:\/\/cozydots.com\/wp-content\/uploads\/2022\/02\/adventure-set-150x150.jpg 150w, https:\/\/cozydots.com\/wp-content\/uploads\/2022\/02\/adventure-set-768x768.jpg 768w, https:\/\/cozydots.com\/wp-content\/uploads\/2022\/02\/adventure-set-470x470.jpg 470w, https:\/\/cozydots.com\/wp-content\/uploads\/2022\/02\/adventure-set-800x800.jpg 800w, https:\/\/cozydots.com\/wp-content\/uploads\/2022\/02\/adventure-set-100x100.jpg 100w\" sizes=\"auto, (max-width: 400px) 100vw, 400px\" \/><\/p>\n<p><strong>La tente de jeu Adventure est un tipi vert avec pom poms. <\/strong><b>La tente tipi est faite de toile solide et est d\u00e9cor\u00e9e de pompons gris. <\/b><b>Une tente est un endroit id\u00e9al pour jouer \u00e0 la maison, sur la terrasse ou dans le jardin.<\/b><\/p>\n<p>Le tipi de jeu a une fen\u00eatre avec un store \u00e0 enroulement et deux poches pour les jouets. La tente tipi est un endroit id\u00e9al pour jouer et un coin confortable pour se reposer.<\/p>\n<p>Wigwam a \u00e9t\u00e9 con\u00e7u pour plaire aux yeux pendant longtemps et assurer un plaisir en toute s\u00e9curit\u00e9.<\/p>\n<p>Tipi a 4 c\u00f4t\u00e9s \u2013 aire de jeu env. 1 m2, hauteur d\u00e9pli\u00e9e env. 150cm.<\/p>\n<p>Chaque tente est livr\u00e9e avec des poteaux en pin pliables et un stabilisateur qui maintient les poteaux de mani\u00e8re rigide pour assurer la stabilit\u00e9 de la tente.<\/p>\n<p>Tous les produits COZY &amp; DOZY ont \u00e9t\u00e9 con\u00e7us et fabriqu\u00e9s en Pologne et ont des d\u00e9clarations CE pour les produits pour enfants.<\/p>\n<h3>Le kit comprend :<\/h3>\n<ul>\n<li>tente tipi<\/li>\n<li>4 b\u00e2tons de pin pliants (8 moiti\u00e9s) + \u00e9l\u00e9ments pour relier les b\u00e2tons (8 vis et 4 \u00e9crous longs)<\/li>\n<li>Instruction<\/li>\n<li>stabilisateur + ficelle<\/li>\n<\/ul>\n","protected":false},"excerpt":{"rendered":"<p>Le tipi pour s&#8217;amuser a une fen\u00eatre et deux poches pour les jouets.<\/p>\n","protected":false},"featured_media":52670,"comment_status":"open","ping_status":"closed","template":"","meta":[],"product_brand":[],"product_cat":[469],"product_tag":[1436],"class_list":{"0":"post-52766","1":"product","2":"type-product","3":"status-publish","4":"has-post-thumbnail","6":"product_cat-tentes-tipi","7":"product_tag-pla-fr","9":"first","10":"instock","11":"taxable","12":"shipping-taxable","13":"product-type-simple"},"yoast_head":"<!-- This site is optimized with the Yoast SEO plugin v27.0 - https:\/\/yoast.com\/product\/yoast-seo-wordpress\/ -->\n<title>Tente tipi pour enfants Adventure - Cozydots.com<\/title>\n<meta name=\"description\" content=\"Le tipi pour s&#039;amuser a une fen\u00eatre et deux poches pour les jouets.\" \/>\n<meta name=\"robots\" content=\"index, follow, max-snippet:-1, max-image-preview:large, max-video-preview:-1\" \/>\n<link rel=\"canonical\" href=\"https:\/\/cozydots.com\/fr\/produit\/tente-tipi-pour-enfants-adventure\/\" \/>\n<meta property=\"og:locale\" content=\"fr_FR\" \/>\n<meta property=\"og:type\" content=\"article\" \/>\n<meta property=\"og:title\" content=\"Tente tipi pour enfants Adventure - Cozydots.com\" \/>\n<meta property=\"og:description\" content=\"Le tipi pour s&#039;amuser a une fen\u00eatre et deux poches pour les jouets.\" \/>\n<meta property=\"og:url\" content=\"https:\/\/cozydots.com\/fr\/produit\/tente-tipi-pour-enfants-adventure\/\" \/>\n<meta property=\"og:site_name\" content=\"Cozydots.com\" \/>\n<meta property=\"article:modified_time\" content=\"2022-08-04T11:42:09+00:00\" \/>\n<meta property=\"og:image\" content=\"https:\/\/cozydots.com\/wp-content\/uploads\/2022\/02\/teepee-adventure.jpg\" \/>\n\t<meta property=\"og:image:width\" content=\"1200\" \/>\n\t<meta property=\"og:image:height\" content=\"1200\" \/>\n\t<meta property=\"og:image:type\" content=\"image\/jpeg\" \/>\n<meta name=\"twitter:card\" content=\"summary_large_image\" \/>\n<meta name=\"twitter:label1\" content=\"Dur\u00e9e de lecture estim\u00e9e\" \/>\n\t<meta name=\"twitter:data1\" content=\"2 minutes\" \/>\n<script type=\"application\/ld+json\" class=\"yoast-schema-graph\">{\"@context\":\"https:\/\/schema.org\",\"@graph\":[{\"@type\":\"WebPage\",\"@id\":\"https:\/\/cozydots.com\/fr\/produit\/tente-tipi-pour-enfants-adventure\/\",\"url\":\"https:\/\/cozydots.com\/fr\/produit\/tente-tipi-pour-enfants-adventure\/\",\"name\":\"Tente tipi pour enfants Adventure - Cozydots.com\",\"isPartOf\":{\"@id\":\"https:\/\/cozydots.com\/fr\/#website\"},\"primaryImageOfPage\":{\"@id\":\"https:\/\/cozydots.com\/fr\/produit\/tente-tipi-pour-enfants-adventure\/#primaryimage\"},\"image\":{\"@id\":\"https:\/\/cozydots.com\/fr\/produit\/tente-tipi-pour-enfants-adventure\/#primaryimage\"},\"thumbnailUrl\":\"https:\/\/cozydots.com\/wp-content\/uploads\/2022\/02\/teepee-adventure.jpg\",\"datePublished\":\"2022-08-04T11:22:22+00:00\",\"dateModified\":\"2022-08-04T11:42:09+00:00\",\"description\":\"Le tipi pour s'amuser a une fen\u00eatre et deux poches pour les jouets.\",\"breadcrumb\":{\"@id\":\"https:\/\/cozydots.com\/fr\/produit\/tente-tipi-pour-enfants-adventure\/#breadcrumb\"},\"inLanguage\":\"fr-FR\",\"potentialAction\":[{\"@type\":\"ReadAction\",\"target\":[\"https:\/\/cozydots.com\/fr\/produit\/tente-tipi-pour-enfants-adventure\/\"]}]},{\"@type\":\"ImageObject\",\"inLanguage\":\"fr-FR\",\"@id\":\"https:\/\/cozydots.com\/fr\/produit\/tente-tipi-pour-enfants-adventure\/#primaryimage\",\"url\":\"https:\/\/cozydots.com\/wp-content\/uploads\/2022\/02\/teepee-adventure.jpg\",\"contentUrl\":\"https:\/\/cozydots.com\/wp-content\/uploads\/2022\/02\/teepee-adventure.jpg\",\"width\":1200,\"height\":1200},{\"@type\":\"BreadcrumbList\",\"@id\":\"https:\/\/cozydots.com\/fr\/produit\/tente-tipi-pour-enfants-adventure\/#breadcrumb\",\"itemListElement\":[{\"@type\":\"ListItem\",\"position\":1,\"name\":\"Strona g\u0142\u00f3wna\",\"item\":\"https:\/\/cozydots.com\/fr\/\"},{\"@type\":\"ListItem\",\"position\":2,\"name\":\"Boutique\",\"item\":\"https:\/\/cozydots.com\/fr\/boutique\/\"},{\"@type\":\"ListItem\",\"position\":3,\"name\":\"Tente tipi pour enfants Adventure\"}]},{\"@type\":\"WebSite\",\"@id\":\"https:\/\/cozydots.com\/fr\/#website\",\"url\":\"https:\/\/cozydots.com\/fr\/\",\"name\":\"Cozydots.com\",\"description\":\"Producent namiot\u00f3w Tipi\",\"publisher\":{\"@id\":\"https:\/\/cozydots.com\/fr\/#organization\"},\"potentialAction\":[{\"@type\":\"SearchAction\",\"target\":{\"@type\":\"EntryPoint\",\"urlTemplate\":\"https:\/\/cozydots.com\/fr\/?s={search_term_string}\"},\"query-input\":{\"@type\":\"PropertyValueSpecification\",\"valueRequired\":true,\"valueName\":\"search_term_string\"}}],\"inLanguage\":\"fr-FR\"},{\"@type\":\"Organization\",\"@id\":\"https:\/\/cozydots.com\/fr\/#organization\",\"name\":\"Cozydots.com\",\"url\":\"https:\/\/cozydots.com\/fr\/\",\"logo\":{\"@type\":\"ImageObject\",\"inLanguage\":\"fr-FR\",\"@id\":\"https:\/\/cozydots.com\/fr\/#\/schema\/logo\/image\/\",\"url\":\"https:\/\/cozydots.com\/wp-content\/uploads\/2021\/10\/cozyshop_logo.png\",\"contentUrl\":\"https:\/\/cozydots.com\/wp-content\/uploads\/2021\/10\/cozyshop_logo.png\",\"width\":400,\"height\":121,\"caption\":\"Cozydots.com\"},\"image\":{\"@id\":\"https:\/\/cozydots.com\/fr\/#\/schema\/logo\/image\/\"}}]}<\/script>\n<!-- \/ Yoast SEO plugin. -->","yoast_head_json":{"title":"Tente tipi pour enfants Adventure - Cozydots.com","description":"Le tipi pour s'amuser a une fen\u00eatre et deux poches pour les jouets.","robots":{"index":"index","follow":"follow","max-snippet":"max-snippet:-1","max-image-preview":"max-image-preview:large","max-video-preview":"max-video-preview:-1"},"canonical":"https:\/\/cozydots.com\/fr\/produit\/tente-tipi-pour-enfants-adventure\/","og_locale":"fr_FR","og_type":"article","og_title":"Tente tipi pour enfants Adventure - Cozydots.com","og_description":"Le tipi pour s'amuser a une fen\u00eatre et deux poches pour les jouets.","og_url":"https:\/\/cozydots.com\/fr\/produit\/tente-tipi-pour-enfants-adventure\/","og_site_name":"Cozydots.com","article_modified_time":"2022-08-04T11:42:09+00:00","og_image":[{"width":1200,"height":1200,"url":"https:\/\/cozydots.com\/wp-content\/uploads\/2022\/02\/teepee-adventure.jpg","type":"image\/jpeg"}],"twitter_card":"summary_large_image","twitter_misc":{"Dur\u00e9e de lecture estim\u00e9e":"2 minutes"},"schema":{"@context":"https:\/\/schema.org","@graph":[{"@type":"WebPage","@id":"https:\/\/cozydots.com\/fr\/produit\/tente-tipi-pour-enfants-adventure\/","url":"https:\/\/cozydots.com\/fr\/produit\/tente-tipi-pour-enfants-adventure\/","name":"Tente tipi pour enfants Adventure - Cozydots.com","isPartOf":{"@id":"https:\/\/cozydots.com\/fr\/#website"},"primaryImageOfPage":{"@id":"https:\/\/cozydots.com\/fr\/produit\/tente-tipi-pour-enfants-adventure\/#primaryimage"},"image":{"@id":"https:\/\/cozydots.com\/fr\/produit\/tente-tipi-pour-enfants-adventure\/#primaryimage"},"thumbnailUrl":"https:\/\/cozydots.com\/wp-content\/uploads\/2022\/02\/teepee-adventure.jpg","datePublished":"2022-08-04T11:22:22+00:00","dateModified":"2022-08-04T11:42:09+00:00","description":"Le tipi pour s'amuser a une fen\u00eatre et deux poches pour les jouets.","breadcrumb":{"@id":"https:\/\/cozydots.com\/fr\/produit\/tente-tipi-pour-enfants-adventure\/#breadcrumb"},"inLanguage":"fr-FR","potentialAction":[{"@type":"ReadAction","target":["https:\/\/cozydots.com\/fr\/produit\/tente-tipi-pour-enfants-adventure\/"]}]},{"@type":"ImageObject","inLanguage":"fr-FR","@id":"https:\/\/cozydots.com\/fr\/produit\/tente-tipi-pour-enfants-adventure\/#primaryimage","url":"https:\/\/cozydots.com\/wp-content\/uploads\/2022\/02\/teepee-adventure.jpg","contentUrl":"https:\/\/cozydots.com\/wp-content\/uploads\/2022\/02\/teepee-adventure.jpg","width":1200,"height":1200},{"@type":"BreadcrumbList","@id":"https:\/\/cozydots.com\/fr\/produit\/tente-tipi-pour-enfants-adventure\/#breadcrumb","itemListElement":[{"@type":"ListItem","position":1,"name":"Strona g\u0142\u00f3wna","item":"https:\/\/cozydots.com\/fr\/"},{"@type":"ListItem","position":2,"name":"Boutique","item":"https:\/\/cozydots.com\/fr\/boutique\/"},{"@type":"ListItem","position":3,"name":"Tente tipi pour enfants Adventure"}]},{"@type":"WebSite","@id":"https:\/\/cozydots.com\/fr\/#website","url":"https:\/\/cozydots.com\/fr\/","name":"Cozydots.com","description":"Producent namiot\u00f3w Tipi","publisher":{"@id":"https:\/\/cozydots.com\/fr\/#organization"},"potentialAction":[{"@type":"SearchAction","target":{"@type":"EntryPoint","urlTemplate":"https:\/\/cozydots.com\/fr\/?s={search_term_string}"},"query-input":{"@type":"PropertyValueSpecification","valueRequired":true,"valueName":"search_term_string"}}],"inLanguage":"fr-FR"},{"@type":"Organization","@id":"https:\/\/cozydots.com\/fr\/#organization","name":"Cozydots.com","url":"https:\/\/cozydots.com\/fr\/","logo":{"@type":"ImageObject","inLanguage":"fr-FR","@id":"https:\/\/cozydots.com\/fr\/#\/schema\/logo\/image\/","url":"https:\/\/cozydots.com\/wp-content\/uploads\/2021\/10\/cozyshop_logo.png","contentUrl":"https:\/\/cozydots.com\/wp-content\/uploads\/2021\/10\/cozyshop_logo.png","width":400,"height":121,"caption":"Cozydots.com"},"image":{"@id":"https:\/\/cozydots.com\/fr\/#\/schema\/logo\/image\/"}}]}},"_links":{"self":[{"href":"https:\/\/cozydots.com\/fr\/wp-json\/wp\/v2\/product\/52766","targetHints":{"allow":["GET"]}}],"collection":[{"href":"https:\/\/cozydots.com\/fr\/wp-json\/wp\/v2\/product"}],"about":[{"href":"https:\/\/cozydots.com\/fr\/wp-json\/wp\/v2\/types\/product"}],"replies":[{"embeddable":true,"href":"https:\/\/cozydots.com\/fr\/wp-json\/wp\/v2\/comments?post=52766"}],"wp:featuredmedia":[{"embeddable":true,"href":"https:\/\/cozydots.com\/fr\/wp-json\/wp\/v2\/media\/52670"}],"wp:attachment":[{"href":"https:\/\/cozydots.com\/fr\/wp-json\/wp\/v2\/media?parent=52766"}],"wp:term":[{"taxonomy":"product_brand","embeddable":true,"href":"https:\/\/cozydots.com\/fr\/wp-json\/wp\/v2\/product_brand?post=52766"},{"taxonomy":"product_cat","embeddable":true,"href":"https:\/\/cozydots.com\/fr\/wp-json\/wp\/v2\/product_cat?post=52766"},{"taxonomy":"product_tag","embeddable":true,"href":"https:\/\/cozydots.com\/fr\/wp-json\/wp\/v2\/product_tag?post=52766"}],"curies":[{"name":"wp","href":"https:\/\/api.w.org\/{rel}","templated":true}]}}