{"id":52776,"date":"2022-08-04T14:29:33","date_gmt":"2022-08-04T12:29:33","guid":{"rendered":"https:\/\/cozydots.com\/?post_type=product&#038;p=52776"},"modified":"2026-01-01T17:58:30","modified_gmt":"2026-01-01T16:58:30","slug":"tipi-enfant-pink-velvet-tente-de-jeu-avec-tapis-moelleux-et-oreiller","status":"publish","type":"product","link":"https:\/\/cozydots.com\/fr\/produit\/tipi-enfant-pink-velvet-tente-de-jeu-avec-tapis-moelleux-et-oreiller\/","title":{"rendered":"Tipi enfant Pink Velvet, tente de jeu avec tapis moelleux et oreiller"},"content":{"rendered":"<p><img loading=\"lazy\" decoding=\"async\" class=\"alignnone size-medium wp-image-52726 alignright\" src=\"https:\/\/cozydots.com\/wp-content\/uploads\/2022\/02\/tipi-pink-set-aranzacja-400x400.jpg\" alt=\"\" width=\"400\" height=\"400\" srcset=\"https:\/\/cozydots.com\/wp-content\/uploads\/2022\/02\/tipi-pink-set-aranzacja-400x400.jpg 400w, https:\/\/cozydots.com\/wp-content\/uploads\/2022\/02\/tipi-pink-set-aranzacja.jpg 1200w, https:\/\/cozydots.com\/wp-content\/uploads\/2022\/02\/tipi-pink-set-aranzacja-150x150.jpg 150w, https:\/\/cozydots.com\/wp-content\/uploads\/2022\/02\/tipi-pink-set-aranzacja-768x768.jpg 768w, https:\/\/cozydots.com\/wp-content\/uploads\/2022\/02\/tipi-pink-set-aranzacja-470x470.jpg 470w, https:\/\/cozydots.com\/wp-content\/uploads\/2022\/02\/tipi-pink-set-aranzacja-800x800.jpg 800w, https:\/\/cozydots.com\/wp-content\/uploads\/2022\/02\/tipi-pink-set-aranzacja-100x100.jpg 100w\" sizes=\"auto, (max-width: 400px) 100vw, 400px\" \/><\/p>\n<p><strong>La tente de jeu de la s\u00e9rie Velvet est un tipi rose avec des coussins d\u00e9coratifs<\/strong><\/p>\n<p><strong>La tente tipi est faite de toile solide et d\u00e9cor\u00e9e de pompons gris.<\/strong><\/p>\n<p>La t<strong>ente est l&#8217;endroit id\u00e9al pour jouer \u00e0 la maison,<\/strong> sur la terrasse ou dans le jardin.<\/p>\n<p>Le tipi pour jouer a une fen\u00eatre avec un store et deux poches pour les jouets.<\/p>\n<p>La<strong> tente pour enfants Velvet Pink<\/strong> est \u00e9quip\u00e9e d&#8217;un tapis moelleux et d&#8217;oreillers en forme d&#8217;\u00e9toile.<\/p>\n<p>Une tente tipi est l&#8217;endroit id\u00e9al pour jouer et un coin confortable pour se reposer.<\/p>\n<p>Le wigwam a \u00e9t\u00e9 con\u00e7u pour \u00eatre agr\u00e9able pendant longtemps et assurer une jouissance en toute s\u00e9curit\u00e9.<\/p>\n<p>Tipi a 4 c\u00f4t\u00e9s \u2013 aire de jeu env. 1 m2, hauteur d\u00e9pli\u00e9e env. 150cm.<\/p>\n<p>Chaque tente est livr\u00e9e avec des poteaux en pin pliables et un stabilisateur qui maintient les poteaux de mani\u00e8re rigide pour assurer la stabilit\u00e9 de la tente.<\/p>\n<p>Tous les produits COZY &amp; DOZY ont \u00e9t\u00e9 con\u00e7us et fabriqu\u00e9s en Pologne et ont des d\u00e9clarations CE pour les produits pour enfants.<\/p>\n<p><b>Le kit comprend<\/b> :<\/p>\n<ul>\n<li>tente tipi<\/li>\n<li>tapis doux<\/li>\n<li>oreillers deux \u00e9toiles<\/li>\n<li>4 b\u00e2tons de pin pliants (8 moiti\u00e9s) + \u00e9l\u00e9ments pour relier les b\u00e2tons (8 vis et 4 \u00e9crous longs)<\/li>\n<li>Instruction<\/li>\n<li>stabilisateur + ficelle<\/li>\n<\/ul>\n<p>Mat\u00e9riaux:<\/p>\n<ul>\n<li>coton, velvet avec certificat<\/li>\n<\/ul>\n<p>M\u00e9thode de soin :<\/p>\n<ul>\n<li>Lavable en machine \u00e0 40 degr\u00e9s,<\/li>\n<li>Spin \u2013 800 tours<\/li>\n<li>Ne pas nettoyer \u00e0 sec<\/li>\n<li>Ne pas javelliser<\/li>\n<\/ul>\n","protected":false},"excerpt":{"rendered":"<p>Le tipi de jeu a une fen\u00eatre avec un store \u00e0 enroulement et deux poches pour les jouets. Ensemble avec oreillers et tapis moelleux.<\/p>\n","protected":false},"featured_media":52726,"comment_status":"open","ping_status":"closed","template":"","meta":[],"product_brand":[],"product_cat":[469],"product_tag":[],"class_list":{"0":"post-52776","1":"product","2":"type-product","3":"status-publish","4":"has-post-thumbnail","6":"product_cat-tentes-tipi","8":"first","9":"instock","10":"taxable","11":"shipping-taxable","12":"product-type-simple"},"yoast_head":"<!-- This site is optimized with the Yoast SEO plugin v27.0 - https:\/\/yoast.com\/product\/yoast-seo-wordpress\/ -->\n<title>Tipi enfant Pink Velvet, tente de jeu avec tapis moelleux et oreiller - Cozydots.com<\/title>\n<meta name=\"description\" content=\"Le tipi de jeu a une fen\u00eatre avec un store \u00e0 enroulement et deux poches pour les jouets. Ensemble avec oreillers et tapis moelleux.\" \/>\n<meta name=\"robots\" content=\"index, follow, max-snippet:-1, max-image-preview:large, max-video-preview:-1\" \/>\n<link rel=\"canonical\" href=\"https:\/\/cozydots.com\/fr\/produit\/tipi-enfant-pink-velvet-tente-de-jeu-avec-tapis-moelleux-et-oreiller\/\" \/>\n<meta property=\"og:locale\" content=\"fr_FR\" \/>\n<meta property=\"og:type\" content=\"article\" \/>\n<meta property=\"og:title\" content=\"Tipi enfant Pink Velvet, tente de jeu avec tapis moelleux et oreiller - Cozydots.com\" \/>\n<meta property=\"og:description\" content=\"Le tipi de jeu a une fen\u00eatre avec un store \u00e0 enroulement et deux poches pour les jouets. Ensemble avec oreillers et tapis moelleux.\" \/>\n<meta property=\"og:url\" content=\"https:\/\/cozydots.com\/fr\/produit\/tipi-enfant-pink-velvet-tente-de-jeu-avec-tapis-moelleux-et-oreiller\/\" \/>\n<meta property=\"og:site_name\" content=\"Cozydots.com\" \/>\n<meta property=\"article:modified_time\" content=\"2026-01-01T16:58:30+00:00\" \/>\n<meta property=\"og:image\" content=\"https:\/\/cozydots.com\/wp-content\/uploads\/2022\/02\/tipi-pink-set-aranzacja.jpg\" \/>\n\t<meta property=\"og:image:width\" content=\"1200\" \/>\n\t<meta property=\"og:image:height\" content=\"1200\" \/>\n\t<meta property=\"og:image:type\" content=\"image\/jpeg\" \/>\n<meta name=\"twitter:card\" content=\"summary_large_image\" \/>\n<meta name=\"twitter:label1\" content=\"Dur\u00e9e de lecture estim\u00e9e\" \/>\n\t<meta name=\"twitter:data1\" content=\"2 minutes\" \/>\n<script type=\"application\/ld+json\" class=\"yoast-schema-graph\">{\"@context\":\"https:\/\/schema.org\",\"@graph\":[{\"@type\":\"WebPage\",\"@id\":\"https:\/\/cozydots.com\/fr\/produit\/tipi-enfant-pink-velvet-tente-de-jeu-avec-tapis-moelleux-et-oreiller\/\",\"url\":\"https:\/\/cozydots.com\/fr\/produit\/tipi-enfant-pink-velvet-tente-de-jeu-avec-tapis-moelleux-et-oreiller\/\",\"name\":\"Tipi enfant Pink Velvet, tente de jeu avec tapis moelleux et oreiller - Cozydots.com\",\"isPartOf\":{\"@id\":\"https:\/\/cozydots.com\/fr\/#website\"},\"primaryImageOfPage\":{\"@id\":\"https:\/\/cozydots.com\/fr\/produit\/tipi-enfant-pink-velvet-tente-de-jeu-avec-tapis-moelleux-et-oreiller\/#primaryimage\"},\"image\":{\"@id\":\"https:\/\/cozydots.com\/fr\/produit\/tipi-enfant-pink-velvet-tente-de-jeu-avec-tapis-moelleux-et-oreiller\/#primaryimage\"},\"thumbnailUrl\":\"https:\/\/cozydots.com\/wp-content\/uploads\/2022\/02\/tipi-pink-set-aranzacja.jpg\",\"datePublished\":\"2022-08-04T12:29:33+00:00\",\"dateModified\":\"2026-01-01T16:58:30+00:00\",\"description\":\"Le tipi de jeu a une fen\u00eatre avec un store \u00e0 enroulement et deux poches pour les jouets. Ensemble avec oreillers et tapis moelleux.\",\"breadcrumb\":{\"@id\":\"https:\/\/cozydots.com\/fr\/produit\/tipi-enfant-pink-velvet-tente-de-jeu-avec-tapis-moelleux-et-oreiller\/#breadcrumb\"},\"inLanguage\":\"fr-FR\",\"potentialAction\":[{\"@type\":\"ReadAction\",\"target\":[\"https:\/\/cozydots.com\/fr\/produit\/tipi-enfant-pink-velvet-tente-de-jeu-avec-tapis-moelleux-et-oreiller\/\"]}]},{\"@type\":\"ImageObject\",\"inLanguage\":\"fr-FR\",\"@id\":\"https:\/\/cozydots.com\/fr\/produit\/tipi-enfant-pink-velvet-tente-de-jeu-avec-tapis-moelleux-et-oreiller\/#primaryimage\",\"url\":\"https:\/\/cozydots.com\/wp-content\/uploads\/2022\/02\/tipi-pink-set-aranzacja.jpg\",\"contentUrl\":\"https:\/\/cozydots.com\/wp-content\/uploads\/2022\/02\/tipi-pink-set-aranzacja.jpg\",\"width\":1200,\"height\":1200},{\"@type\":\"BreadcrumbList\",\"@id\":\"https:\/\/cozydots.com\/fr\/produit\/tipi-enfant-pink-velvet-tente-de-jeu-avec-tapis-moelleux-et-oreiller\/#breadcrumb\",\"itemListElement\":[{\"@type\":\"ListItem\",\"position\":1,\"name\":\"Strona g\u0142\u00f3wna\",\"item\":\"https:\/\/cozydots.com\/fr\/\"},{\"@type\":\"ListItem\",\"position\":2,\"name\":\"Boutique\",\"item\":\"https:\/\/cozydots.com\/fr\/boutique\/\"},{\"@type\":\"ListItem\",\"position\":3,\"name\":\"Tipi enfant Pink Velvet, tente de jeu avec tapis moelleux et oreiller\"}]},{\"@type\":\"WebSite\",\"@id\":\"https:\/\/cozydots.com\/fr\/#website\",\"url\":\"https:\/\/cozydots.com\/fr\/\",\"name\":\"Cozydots.com\",\"description\":\"Producent namiot\u00f3w Tipi\",\"publisher\":{\"@id\":\"https:\/\/cozydots.com\/fr\/#organization\"},\"potentialAction\":[{\"@type\":\"SearchAction\",\"target\":{\"@type\":\"EntryPoint\",\"urlTemplate\":\"https:\/\/cozydots.com\/fr\/?s={search_term_string}\"},\"query-input\":{\"@type\":\"PropertyValueSpecification\",\"valueRequired\":true,\"valueName\":\"search_term_string\"}}],\"inLanguage\":\"fr-FR\"},{\"@type\":\"Organization\",\"@id\":\"https:\/\/cozydots.com\/fr\/#organization\",\"name\":\"Cozydots.com\",\"url\":\"https:\/\/cozydots.com\/fr\/\",\"logo\":{\"@type\":\"ImageObject\",\"inLanguage\":\"fr-FR\",\"@id\":\"https:\/\/cozydots.com\/fr\/#\/schema\/logo\/image\/\",\"url\":\"https:\/\/cozydots.com\/wp-content\/uploads\/2021\/10\/cozyshop_logo.png\",\"contentUrl\":\"https:\/\/cozydots.com\/wp-content\/uploads\/2021\/10\/cozyshop_logo.png\",\"width\":400,\"height\":121,\"caption\":\"Cozydots.com\"},\"image\":{\"@id\":\"https:\/\/cozydots.com\/fr\/#\/schema\/logo\/image\/\"}}]}<\/script>\n<!-- \/ Yoast SEO plugin. -->","yoast_head_json":{"title":"Tipi enfant Pink Velvet, tente de jeu avec tapis moelleux et oreiller - Cozydots.com","description":"Le tipi de jeu a une fen\u00eatre avec un store \u00e0 enroulement et deux poches pour les jouets. Ensemble avec oreillers et tapis moelleux.","robots":{"index":"index","follow":"follow","max-snippet":"max-snippet:-1","max-image-preview":"max-image-preview:large","max-video-preview":"max-video-preview:-1"},"canonical":"https:\/\/cozydots.com\/fr\/produit\/tipi-enfant-pink-velvet-tente-de-jeu-avec-tapis-moelleux-et-oreiller\/","og_locale":"fr_FR","og_type":"article","og_title":"Tipi enfant Pink Velvet, tente de jeu avec tapis moelleux et oreiller - Cozydots.com","og_description":"Le tipi de jeu a une fen\u00eatre avec un store \u00e0 enroulement et deux poches pour les jouets. Ensemble avec oreillers et tapis moelleux.","og_url":"https:\/\/cozydots.com\/fr\/produit\/tipi-enfant-pink-velvet-tente-de-jeu-avec-tapis-moelleux-et-oreiller\/","og_site_name":"Cozydots.com","article_modified_time":"2026-01-01T16:58:30+00:00","og_image":[{"width":1200,"height":1200,"url":"https:\/\/cozydots.com\/wp-content\/uploads\/2022\/02\/tipi-pink-set-aranzacja.jpg","type":"image\/jpeg"}],"twitter_card":"summary_large_image","twitter_misc":{"Dur\u00e9e de lecture estim\u00e9e":"2 minutes"},"schema":{"@context":"https:\/\/schema.org","@graph":[{"@type":"WebPage","@id":"https:\/\/cozydots.com\/fr\/produit\/tipi-enfant-pink-velvet-tente-de-jeu-avec-tapis-moelleux-et-oreiller\/","url":"https:\/\/cozydots.com\/fr\/produit\/tipi-enfant-pink-velvet-tente-de-jeu-avec-tapis-moelleux-et-oreiller\/","name":"Tipi enfant Pink Velvet, tente de jeu avec tapis moelleux et oreiller - Cozydots.com","isPartOf":{"@id":"https:\/\/cozydots.com\/fr\/#website"},"primaryImageOfPage":{"@id":"https:\/\/cozydots.com\/fr\/produit\/tipi-enfant-pink-velvet-tente-de-jeu-avec-tapis-moelleux-et-oreiller\/#primaryimage"},"image":{"@id":"https:\/\/cozydots.com\/fr\/produit\/tipi-enfant-pink-velvet-tente-de-jeu-avec-tapis-moelleux-et-oreiller\/#primaryimage"},"thumbnailUrl":"https:\/\/cozydots.com\/wp-content\/uploads\/2022\/02\/tipi-pink-set-aranzacja.jpg","datePublished":"2022-08-04T12:29:33+00:00","dateModified":"2026-01-01T16:58:30+00:00","description":"Le tipi de jeu a une fen\u00eatre avec un store \u00e0 enroulement et deux poches pour les jouets. Ensemble avec oreillers et tapis moelleux.","breadcrumb":{"@id":"https:\/\/cozydots.com\/fr\/produit\/tipi-enfant-pink-velvet-tente-de-jeu-avec-tapis-moelleux-et-oreiller\/#breadcrumb"},"inLanguage":"fr-FR","potentialAction":[{"@type":"ReadAction","target":["https:\/\/cozydots.com\/fr\/produit\/tipi-enfant-pink-velvet-tente-de-jeu-avec-tapis-moelleux-et-oreiller\/"]}]},{"@type":"ImageObject","inLanguage":"fr-FR","@id":"https:\/\/cozydots.com\/fr\/produit\/tipi-enfant-pink-velvet-tente-de-jeu-avec-tapis-moelleux-et-oreiller\/#primaryimage","url":"https:\/\/cozydots.com\/wp-content\/uploads\/2022\/02\/tipi-pink-set-aranzacja.jpg","contentUrl":"https:\/\/cozydots.com\/wp-content\/uploads\/2022\/02\/tipi-pink-set-aranzacja.jpg","width":1200,"height":1200},{"@type":"BreadcrumbList","@id":"https:\/\/cozydots.com\/fr\/produit\/tipi-enfant-pink-velvet-tente-de-jeu-avec-tapis-moelleux-et-oreiller\/#breadcrumb","itemListElement":[{"@type":"ListItem","position":1,"name":"Strona g\u0142\u00f3wna","item":"https:\/\/cozydots.com\/fr\/"},{"@type":"ListItem","position":2,"name":"Boutique","item":"https:\/\/cozydots.com\/fr\/boutique\/"},{"@type":"ListItem","position":3,"name":"Tipi enfant Pink Velvet, tente de jeu avec tapis moelleux et oreiller"}]},{"@type":"WebSite","@id":"https:\/\/cozydots.com\/fr\/#website","url":"https:\/\/cozydots.com\/fr\/","name":"Cozydots.com","description":"Producent namiot\u00f3w Tipi","publisher":{"@id":"https:\/\/cozydots.com\/fr\/#organization"},"potentialAction":[{"@type":"SearchAction","target":{"@type":"EntryPoint","urlTemplate":"https:\/\/cozydots.com\/fr\/?s={search_term_string}"},"query-input":{"@type":"PropertyValueSpecification","valueRequired":true,"valueName":"search_term_string"}}],"inLanguage":"fr-FR"},{"@type":"Organization","@id":"https:\/\/cozydots.com\/fr\/#organization","name":"Cozydots.com","url":"https:\/\/cozydots.com\/fr\/","logo":{"@type":"ImageObject","inLanguage":"fr-FR","@id":"https:\/\/cozydots.com\/fr\/#\/schema\/logo\/image\/","url":"https:\/\/cozydots.com\/wp-content\/uploads\/2021\/10\/cozyshop_logo.png","contentUrl":"https:\/\/cozydots.com\/wp-content\/uploads\/2021\/10\/cozyshop_logo.png","width":400,"height":121,"caption":"Cozydots.com"},"image":{"@id":"https:\/\/cozydots.com\/fr\/#\/schema\/logo\/image\/"}}]}},"_links":{"self":[{"href":"https:\/\/cozydots.com\/fr\/wp-json\/wp\/v2\/product\/52776","targetHints":{"allow":["GET"]}}],"collection":[{"href":"https:\/\/cozydots.com\/fr\/wp-json\/wp\/v2\/product"}],"about":[{"href":"https:\/\/cozydots.com\/fr\/wp-json\/wp\/v2\/types\/product"}],"replies":[{"embeddable":true,"href":"https:\/\/cozydots.com\/fr\/wp-json\/wp\/v2\/comments?post=52776"}],"wp:featuredmedia":[{"embeddable":true,"href":"https:\/\/cozydots.com\/fr\/wp-json\/wp\/v2\/media\/52726"}],"wp:attachment":[{"href":"https:\/\/cozydots.com\/fr\/wp-json\/wp\/v2\/media?parent=52776"}],"wp:term":[{"taxonomy":"product_brand","embeddable":true,"href":"https:\/\/cozydots.com\/fr\/wp-json\/wp\/v2\/product_brand?post=52776"},{"taxonomy":"product_cat","embeddable":true,"href":"https:\/\/cozydots.com\/fr\/wp-json\/wp\/v2\/product_cat?post=52776"},{"taxonomy":"product_tag","embeddable":true,"href":"https:\/\/cozydots.com\/fr\/wp-json\/wp\/v2\/product_tag?post=52776"}],"curies":[{"name":"wp","href":"https:\/\/api.w.org\/{rel}","templated":true}]}}