{"id":53055,"date":"2022-08-12T16:21:09","date_gmt":"2022-08-12T16:08:45","guid":{"rendered":"https:\/\/cozydots.com\/?post_type=product&#038;p=53055"},"modified":"2023-02-08T11:58:09","modified_gmt":"2023-02-08T10:58:09","slug":"sac-de-couchage-enfant-retro-blue-75-x-140-cm","status":"publish","type":"product","link":"https:\/\/cozydots.com\/fr\/produit\/sac-de-couchage-enfant-retro-blue-75-x-140-cm\/","title":{"rendered":"Sac de couchage enfant R\u00e9tro Blue 75 \u00d7 140 cm"},"content":{"rendered":"<p><img loading=\"lazy\" decoding=\"async\" class=\"alignnone size-medium wp-image-52854 alignright\" src=\"https:\/\/cozydots.com\/wp-content\/uploads\/2022\/08\/spiworki-przedszkolne-cozydots-400x400.jpg\" alt=\"\" width=\"400\" height=\"400\" srcset=\"https:\/\/cozydots.com\/wp-content\/uploads\/2022\/08\/spiworki-przedszkolne-cozydots-400x400.jpg 400w, https:\/\/cozydots.com\/wp-content\/uploads\/2022\/08\/spiworki-przedszkolne-cozydots-1200x1200.jpg 1200w, https:\/\/cozydots.com\/wp-content\/uploads\/2022\/08\/spiworki-przedszkolne-cozydots-150x150.jpg 150w, https:\/\/cozydots.com\/wp-content\/uploads\/2022\/08\/spiworki-przedszkolne-cozydots-768x768.jpg 768w, https:\/\/cozydots.com\/wp-content\/uploads\/2022\/08\/spiworki-przedszkolne-cozydots-470x470.jpg 470w, https:\/\/cozydots.com\/wp-content\/uploads\/2022\/08\/spiworki-przedszkolne-cozydots-800x800.jpg 800w, https:\/\/cozydots.com\/wp-content\/uploads\/2022\/08\/spiworki-przedszkolne-cozydots-100x100.jpg 100w, https:\/\/cozydots.com\/wp-content\/uploads\/2022\/08\/spiworki-przedszkolne-cozydots.jpg 1280w\" sizes=\"auto, (max-width: 400px) 100vw, 400px\" \/><\/p>\n<h3>La gigoteuse du pr\u00e9scolaire est une literie douillette, en coton et velours, compl\u00e9t\u00e9e par un petit oreiller, un sac de rangement et un badge d&#8217;identification.<\/h3>\n<p>Un sac de couchage pour enfant d&#8217;\u00e2ge pr\u00e9scolaire est une literie douillette, faite de coton et de velours.<\/p>\n<p>La <strong>literie de la maternelle est garnie d&#8217;une couette anti-allergique et d&#8217;un oreiller. De plus, l&#8217;ensemble comprend un petit oreiller &#8211; pour les c\u00e2lins, un sac de rangement et une carte d&#8217;identit\u00e9 \u00e0 signer avec votre nom et pr\u00e9nom.<\/strong><\/p>\n<p>Une gigoteuse de la s\u00e9rie Retro est aux couleurs sobres inspir\u00e9es des motifs et des couleurs dans un style vintage.<\/p>\n<p>Gigoteuse chambre d&#8217;enfant \u00e0 rayures RETRO BLUE dans les couleurs suivantes : vert clair, miel, bleu marine, bleu et gris clair.<\/p>\n<p>La collection r\u00e9tro compte 3 mod\u00e8les de sacs de couchage : R\u00e9tro, R\u00e9tro Bleu, R\u00e9tro Rose.<\/p>\n<p>Le s<strong>ac de couchage a une fermeture \u00e9clair, de sorte que l&#8217;enfant ne tombe pas pendant une sieste.<\/strong><\/p>\n<p>De plus, il dispose d&#8217;un <strong>oreiller amovible (coussin) pour faciliter le lavage en machine \u00e0 laver.<\/strong><\/p>\n<p>Un sac de couchage color\u00e9 de Cozy &amp; Dozy est la solution parfaite pour les enfants de 2 \u00e0 7 ans.<br \/>\n<img loading=\"lazy\" decoding=\"async\" class=\"alignnone size-medium wp-image-52903 alignright\" src=\"https:\/\/cozydots.com\/wp-content\/uploads\/2022\/08\/poduszka-do-spiworka-400x400.jpg\" alt=\"\" width=\"400\" height=\"400\" srcset=\"https:\/\/cozydots.com\/wp-content\/uploads\/2022\/08\/poduszka-do-spiworka-400x400.jpg 400w, https:\/\/cozydots.com\/wp-content\/uploads\/2022\/08\/poduszka-do-spiworka.jpg 1200w, https:\/\/cozydots.com\/wp-content\/uploads\/2022\/08\/poduszka-do-spiworka-150x150.jpg 150w, https:\/\/cozydots.com\/wp-content\/uploads\/2022\/08\/poduszka-do-spiworka-768x768.jpg 768w, https:\/\/cozydots.com\/wp-content\/uploads\/2022\/08\/poduszka-do-spiworka-470x470.jpg 470w, https:\/\/cozydots.com\/wp-content\/uploads\/2022\/08\/poduszka-do-spiworka-800x800.jpg 800w, https:\/\/cozydots.com\/wp-content\/uploads\/2022\/08\/poduszka-do-spiworka-100x100.jpg 100w\" sizes=\"auto, (max-width: 400px) 100vw, 400px\" \/><br \/>\n<b>Le sac de couchage sera parfait non seulement pour les siestes \u00e0 la maternelle, mais aussi une excellente solution pour dormir confortablement \u00e0 l\u2019ext\u00e9rieur de la maison \u2013 en vacances, dormir chez un ami ou en voyage.<\/b><\/p>\n<p>Dimensions:<\/p>\n<ul>\n<li>coin nuit 140\u00d775<\/li>\n<li>longueur totale d\u00e9pli\u00e9e 240 \u00d7 75<\/li>\n<li>petit coussin 40\u00d723<\/li>\n<\/ul>\n<p>Inclus:<\/p>\n<ul>\n<li>sac de couchage (avec oreiller amovible)<\/li>\n<li>petit oreiller<\/li>\n<li>ID card<\/li>\n<li>sac de rangement<\/li>\n<\/ul>\n<p>D\u00e9lai de livraison : 5-10 jours ouvrables + d\u00e9lai de livraison (France 4-5 jours)<\/p>\n<p>Composition:<\/p>\n<ul>\n<li>100% coton (face int\u00e9rieure)<\/li>\n<li>velours 100% (face ext\u00e9rieure)<\/li>\n<\/ul>\n<p>M\u00e9thode de soin :<\/p>\n<ul>\n<li>lavage \u00e0 40 degr\u00e9s en machine \u00e0 laver<\/li>\n<li>Ne pas javelliser<\/li>\n<li>repasser le c\u00f4t\u00e9 coton \u00e0 180 degr\u00e9s<\/li>\n<\/ul>\n<p>Gigoteuse enfant d\u2019\u00e2ge pr\u00e9scolaire enti\u00e8rement con\u00e7ue et cousue par Cozy &amp; Dozy.<\/p>\n<p>Tous les tissus \u00e0 partir desquels nous cousons sont certifi\u00e9s et sans danger pour les enfants. Le produit est certifi\u00e9 CE.<\/p>\n","protected":false},"excerpt":{"rendered":"<p>Un sac de couchage pour enfant d\u2019\u00e2ge pr\u00e9scolaire avec un oreiller suppl\u00e9mentaire, un sac de rangement et un badge d\u2019identification.<\/p>\n","protected":false},"featured_media":52975,"comment_status":"open","ping_status":"closed","template":"","meta":[],"product_brand":[],"product_cat":[471],"product_tag":[],"class_list":{"0":"post-53055","1":"product","2":"type-product","3":"status-publish","4":"has-post-thumbnail","6":"product_cat-literie","8":"first","9":"instock","10":"taxable","11":"shipping-taxable","12":"product-type-simple"},"yoast_head":"<!-- This site is optimized with the Yoast SEO plugin v27.0 - https:\/\/yoast.com\/product\/yoast-seo-wordpress\/ -->\n<title>Sac de couchage enfant R\u00e9tro Blue 75 \u00d7 140 cm - Cozydots.com<\/title>\n<meta name=\"description\" content=\"Un sac de couchage pour enfant d\u2019\u00e2ge pr\u00e9scolaire avec un oreiller suppl\u00e9mentaire, un sac de rangement et un badge d\u2019identification.\" \/>\n<meta name=\"robots\" content=\"index, follow, max-snippet:-1, max-image-preview:large, max-video-preview:-1\" \/>\n<link rel=\"canonical\" href=\"https:\/\/cozydots.com\/fr\/produit\/sac-de-couchage-enfant-retro-blue-75-x-140-cm\/\" \/>\n<meta property=\"og:locale\" content=\"fr_FR\" \/>\n<meta property=\"og:type\" content=\"article\" \/>\n<meta property=\"og:title\" content=\"Sac de couchage enfant R\u00e9tro Blue 75 \u00d7 140 cm - Cozydots.com\" \/>\n<meta property=\"og:description\" content=\"Un sac de couchage pour enfant d\u2019\u00e2ge pr\u00e9scolaire avec un oreiller suppl\u00e9mentaire, un sac de rangement et un badge d\u2019identification.\" \/>\n<meta property=\"og:url\" content=\"https:\/\/cozydots.com\/fr\/produit\/sac-de-couchage-enfant-retro-blue-75-x-140-cm\/\" \/>\n<meta property=\"og:site_name\" content=\"Cozydots.com\" \/>\n<meta property=\"article:modified_time\" content=\"2023-02-08T10:58:09+00:00\" \/>\n<meta property=\"og:image\" content=\"https:\/\/cozydots.com\/wp-content\/uploads\/2022\/08\/spiworek-szkolny-blue-retro.jpg\" \/>\n\t<meta property=\"og:image:width\" content=\"1200\" \/>\n\t<meta property=\"og:image:height\" content=\"1200\" \/>\n\t<meta property=\"og:image:type\" content=\"image\/jpeg\" \/>\n<meta name=\"twitter:card\" content=\"summary_large_image\" \/>\n<meta name=\"twitter:label1\" content=\"Dur\u00e9e de lecture estim\u00e9e\" \/>\n\t<meta name=\"twitter:data1\" content=\"3 minutes\" \/>\n<script type=\"application\/ld+json\" class=\"yoast-schema-graph\">{\"@context\":\"https:\/\/schema.org\",\"@graph\":[{\"@type\":\"WebPage\",\"@id\":\"https:\/\/cozydots.com\/fr\/produit\/sac-de-couchage-enfant-retro-blue-75-x-140-cm\/\",\"url\":\"https:\/\/cozydots.com\/fr\/produit\/sac-de-couchage-enfant-retro-blue-75-x-140-cm\/\",\"name\":\"Sac de couchage enfant R\u00e9tro Blue 75 \u00d7 140 cm - Cozydots.com\",\"isPartOf\":{\"@id\":\"https:\/\/cozydots.com\/fr\/#website\"},\"primaryImageOfPage\":{\"@id\":\"https:\/\/cozydots.com\/fr\/produit\/sac-de-couchage-enfant-retro-blue-75-x-140-cm\/#primaryimage\"},\"image\":{\"@id\":\"https:\/\/cozydots.com\/fr\/produit\/sac-de-couchage-enfant-retro-blue-75-x-140-cm\/#primaryimage\"},\"thumbnailUrl\":\"https:\/\/cozydots.com\/wp-content\/uploads\/2022\/08\/spiworek-szkolny-blue-retro.jpg\",\"datePublished\":\"2022-08-12T16:08:45+00:00\",\"dateModified\":\"2023-02-08T10:58:09+00:00\",\"description\":\"Un sac de couchage pour enfant d\u2019\u00e2ge pr\u00e9scolaire avec un oreiller suppl\u00e9mentaire, un sac de rangement et un badge d\u2019identification.\",\"breadcrumb\":{\"@id\":\"https:\/\/cozydots.com\/fr\/produit\/sac-de-couchage-enfant-retro-blue-75-x-140-cm\/#breadcrumb\"},\"inLanguage\":\"fr-FR\",\"potentialAction\":[{\"@type\":\"ReadAction\",\"target\":[\"https:\/\/cozydots.com\/fr\/produit\/sac-de-couchage-enfant-retro-blue-75-x-140-cm\/\"]}]},{\"@type\":\"ImageObject\",\"inLanguage\":\"fr-FR\",\"@id\":\"https:\/\/cozydots.com\/fr\/produit\/sac-de-couchage-enfant-retro-blue-75-x-140-cm\/#primaryimage\",\"url\":\"https:\/\/cozydots.com\/wp-content\/uploads\/2022\/08\/spiworek-szkolny-blue-retro.jpg\",\"contentUrl\":\"https:\/\/cozydots.com\/wp-content\/uploads\/2022\/08\/spiworek-szkolny-blue-retro.jpg\",\"width\":1200,\"height\":1200},{\"@type\":\"BreadcrumbList\",\"@id\":\"https:\/\/cozydots.com\/fr\/produit\/sac-de-couchage-enfant-retro-blue-75-x-140-cm\/#breadcrumb\",\"itemListElement\":[{\"@type\":\"ListItem\",\"position\":1,\"name\":\"Strona g\u0142\u00f3wna\",\"item\":\"https:\/\/cozydots.com\/fr\/\"},{\"@type\":\"ListItem\",\"position\":2,\"name\":\"Boutique\",\"item\":\"https:\/\/cozydots.com\/fr\/boutique\/\"},{\"@type\":\"ListItem\",\"position\":3,\"name\":\"Sac de couchage enfant R\u00e9tro Blue 75 \u00d7 140 cm\"}]},{\"@type\":\"WebSite\",\"@id\":\"https:\/\/cozydots.com\/fr\/#website\",\"url\":\"https:\/\/cozydots.com\/fr\/\",\"name\":\"Cozydots.com\",\"description\":\"Producent namiot\u00f3w Tipi\",\"publisher\":{\"@id\":\"https:\/\/cozydots.com\/fr\/#organization\"},\"potentialAction\":[{\"@type\":\"SearchAction\",\"target\":{\"@type\":\"EntryPoint\",\"urlTemplate\":\"https:\/\/cozydots.com\/fr\/?s={search_term_string}\"},\"query-input\":{\"@type\":\"PropertyValueSpecification\",\"valueRequired\":true,\"valueName\":\"search_term_string\"}}],\"inLanguage\":\"fr-FR\"},{\"@type\":\"Organization\",\"@id\":\"https:\/\/cozydots.com\/fr\/#organization\",\"name\":\"Cozydots.com\",\"url\":\"https:\/\/cozydots.com\/fr\/\",\"logo\":{\"@type\":\"ImageObject\",\"inLanguage\":\"fr-FR\",\"@id\":\"https:\/\/cozydots.com\/fr\/#\/schema\/logo\/image\/\",\"url\":\"https:\/\/cozydots.com\/wp-content\/uploads\/2021\/10\/cozyshop_logo.png\",\"contentUrl\":\"https:\/\/cozydots.com\/wp-content\/uploads\/2021\/10\/cozyshop_logo.png\",\"width\":400,\"height\":121,\"caption\":\"Cozydots.com\"},\"image\":{\"@id\":\"https:\/\/cozydots.com\/fr\/#\/schema\/logo\/image\/\"}}]}<\/script>\n<!-- \/ Yoast SEO plugin. -->","yoast_head_json":{"title":"Sac de couchage enfant R\u00e9tro Blue 75 \u00d7 140 cm - Cozydots.com","description":"Un sac de couchage pour enfant d\u2019\u00e2ge pr\u00e9scolaire avec un oreiller suppl\u00e9mentaire, un sac de rangement et un badge d\u2019identification.","robots":{"index":"index","follow":"follow","max-snippet":"max-snippet:-1","max-image-preview":"max-image-preview:large","max-video-preview":"max-video-preview:-1"},"canonical":"https:\/\/cozydots.com\/fr\/produit\/sac-de-couchage-enfant-retro-blue-75-x-140-cm\/","og_locale":"fr_FR","og_type":"article","og_title":"Sac de couchage enfant R\u00e9tro Blue 75 \u00d7 140 cm - Cozydots.com","og_description":"Un sac de couchage pour enfant d\u2019\u00e2ge pr\u00e9scolaire avec un oreiller suppl\u00e9mentaire, un sac de rangement et un badge d\u2019identification.","og_url":"https:\/\/cozydots.com\/fr\/produit\/sac-de-couchage-enfant-retro-blue-75-x-140-cm\/","og_site_name":"Cozydots.com","article_modified_time":"2023-02-08T10:58:09+00:00","og_image":[{"width":1200,"height":1200,"url":"https:\/\/cozydots.com\/wp-content\/uploads\/2022\/08\/spiworek-szkolny-blue-retro.jpg","type":"image\/jpeg"}],"twitter_card":"summary_large_image","twitter_misc":{"Dur\u00e9e de lecture estim\u00e9e":"3 minutes"},"schema":{"@context":"https:\/\/schema.org","@graph":[{"@type":"WebPage","@id":"https:\/\/cozydots.com\/fr\/produit\/sac-de-couchage-enfant-retro-blue-75-x-140-cm\/","url":"https:\/\/cozydots.com\/fr\/produit\/sac-de-couchage-enfant-retro-blue-75-x-140-cm\/","name":"Sac de couchage enfant R\u00e9tro Blue 75 \u00d7 140 cm - Cozydots.com","isPartOf":{"@id":"https:\/\/cozydots.com\/fr\/#website"},"primaryImageOfPage":{"@id":"https:\/\/cozydots.com\/fr\/produit\/sac-de-couchage-enfant-retro-blue-75-x-140-cm\/#primaryimage"},"image":{"@id":"https:\/\/cozydots.com\/fr\/produit\/sac-de-couchage-enfant-retro-blue-75-x-140-cm\/#primaryimage"},"thumbnailUrl":"https:\/\/cozydots.com\/wp-content\/uploads\/2022\/08\/spiworek-szkolny-blue-retro.jpg","datePublished":"2022-08-12T16:08:45+00:00","dateModified":"2023-02-08T10:58:09+00:00","description":"Un sac de couchage pour enfant d\u2019\u00e2ge pr\u00e9scolaire avec un oreiller suppl\u00e9mentaire, un sac de rangement et un badge d\u2019identification.","breadcrumb":{"@id":"https:\/\/cozydots.com\/fr\/produit\/sac-de-couchage-enfant-retro-blue-75-x-140-cm\/#breadcrumb"},"inLanguage":"fr-FR","potentialAction":[{"@type":"ReadAction","target":["https:\/\/cozydots.com\/fr\/produit\/sac-de-couchage-enfant-retro-blue-75-x-140-cm\/"]}]},{"@type":"ImageObject","inLanguage":"fr-FR","@id":"https:\/\/cozydots.com\/fr\/produit\/sac-de-couchage-enfant-retro-blue-75-x-140-cm\/#primaryimage","url":"https:\/\/cozydots.com\/wp-content\/uploads\/2022\/08\/spiworek-szkolny-blue-retro.jpg","contentUrl":"https:\/\/cozydots.com\/wp-content\/uploads\/2022\/08\/spiworek-szkolny-blue-retro.jpg","width":1200,"height":1200},{"@type":"BreadcrumbList","@id":"https:\/\/cozydots.com\/fr\/produit\/sac-de-couchage-enfant-retro-blue-75-x-140-cm\/#breadcrumb","itemListElement":[{"@type":"ListItem","position":1,"name":"Strona g\u0142\u00f3wna","item":"https:\/\/cozydots.com\/fr\/"},{"@type":"ListItem","position":2,"name":"Boutique","item":"https:\/\/cozydots.com\/fr\/boutique\/"},{"@type":"ListItem","position":3,"name":"Sac de couchage enfant R\u00e9tro Blue 75 \u00d7 140 cm"}]},{"@type":"WebSite","@id":"https:\/\/cozydots.com\/fr\/#website","url":"https:\/\/cozydots.com\/fr\/","name":"Cozydots.com","description":"Producent namiot\u00f3w Tipi","publisher":{"@id":"https:\/\/cozydots.com\/fr\/#organization"},"potentialAction":[{"@type":"SearchAction","target":{"@type":"EntryPoint","urlTemplate":"https:\/\/cozydots.com\/fr\/?s={search_term_string}"},"query-input":{"@type":"PropertyValueSpecification","valueRequired":true,"valueName":"search_term_string"}}],"inLanguage":"fr-FR"},{"@type":"Organization","@id":"https:\/\/cozydots.com\/fr\/#organization","name":"Cozydots.com","url":"https:\/\/cozydots.com\/fr\/","logo":{"@type":"ImageObject","inLanguage":"fr-FR","@id":"https:\/\/cozydots.com\/fr\/#\/schema\/logo\/image\/","url":"https:\/\/cozydots.com\/wp-content\/uploads\/2021\/10\/cozyshop_logo.png","contentUrl":"https:\/\/cozydots.com\/wp-content\/uploads\/2021\/10\/cozyshop_logo.png","width":400,"height":121,"caption":"Cozydots.com"},"image":{"@id":"https:\/\/cozydots.com\/fr\/#\/schema\/logo\/image\/"}}]}},"_links":{"self":[{"href":"https:\/\/cozydots.com\/fr\/wp-json\/wp\/v2\/product\/53055","targetHints":{"allow":["GET"]}}],"collection":[{"href":"https:\/\/cozydots.com\/fr\/wp-json\/wp\/v2\/product"}],"about":[{"href":"https:\/\/cozydots.com\/fr\/wp-json\/wp\/v2\/types\/product"}],"replies":[{"embeddable":true,"href":"https:\/\/cozydots.com\/fr\/wp-json\/wp\/v2\/comments?post=53055"}],"wp:featuredmedia":[{"embeddable":true,"href":"https:\/\/cozydots.com\/fr\/wp-json\/wp\/v2\/media\/52975"}],"wp:attachment":[{"href":"https:\/\/cozydots.com\/fr\/wp-json\/wp\/v2\/media?parent=53055"}],"wp:term":[{"taxonomy":"product_brand","embeddable":true,"href":"https:\/\/cozydots.com\/fr\/wp-json\/wp\/v2\/product_brand?post=53055"},{"taxonomy":"product_cat","embeddable":true,"href":"https:\/\/cozydots.com\/fr\/wp-json\/wp\/v2\/product_cat?post=53055"},{"taxonomy":"product_tag","embeddable":true,"href":"https:\/\/cozydots.com\/fr\/wp-json\/wp\/v2\/product_tag?post=53055"}],"curies":[{"name":"wp","href":"https:\/\/api.w.org\/{rel}","templated":true}]}}