{"id":53283,"date":"2022-09-28T12:48:39","date_gmt":"2022-09-28T10:48:40","guid":{"rendered":"https:\/\/cozydots.com\/?post_type=product&#038;p=53283"},"modified":"2022-09-30T19:41:48","modified_gmt":"2022-09-30T17:41:48","slug":"tente-tipi-basic-grey-lot-de-8-pcs","status":"publish","type":"product","link":"https:\/\/cozydots.com\/fr\/produit\/tente-tipi-basic-grey-lot-de-8-pcs\/","title":{"rendered":"Tente tipi Basic Grey, lot de 8 pcs."},"content":{"rendered":"<h3><img loading=\"lazy\" decoding=\"async\" class=\"alignright wp-image-51173\" src=\"https:\/\/cozydots.com\/wp-content\/uploads\/2022\/04\/pillows-and-mat-basic-grey.jpg\" alt=\"\" width=\"600\" height=\"600\" srcset=\"https:\/\/cozydots.com\/wp-content\/uploads\/2022\/04\/pillows-and-mat-basic-grey.jpg 1200w, https:\/\/cozydots.com\/wp-content\/uploads\/2022\/04\/pillows-and-mat-basic-grey-400x400.jpg 400w, https:\/\/cozydots.com\/wp-content\/uploads\/2022\/04\/pillows-and-mat-basic-grey-150x150.jpg 150w, https:\/\/cozydots.com\/wp-content\/uploads\/2022\/04\/pillows-and-mat-basic-grey-768x768.jpg 768w, https:\/\/cozydots.com\/wp-content\/uploads\/2022\/04\/pillows-and-mat-basic-grey-470x470.jpg 470w, https:\/\/cozydots.com\/wp-content\/uploads\/2022\/04\/pillows-and-mat-basic-grey-800x800.jpg 800w, https:\/\/cozydots.com\/wp-content\/uploads\/2022\/04\/pillows-and-mat-basic-grey-100x100.jpg 100w\" sizes=\"auto, (max-width: 600px) 100vw, 600px\" \/><\/h3>\n<h3>Un grand ensemble de jeu de Cozy &amp; Dozy, Tipi BASIC Grey, un ensemble de 8 \u00e9l\u00e9ments.<\/h3>\n<p>Beaucoup de plaisir, des \u00e9l\u00e9ments pour jouer et d\u00e9corer une chambre d&#8217;enfant.<\/p>\n<p><strong>Une tente tipi stable dans un ensemble avec un tapis moelleux, deux oreillers, une guirlande et un grand panier pour les jouets. Chaque tente a 4 poteaux pliants et un stabilisateur, gr\u00e2ce auxquels le jeu est s\u00fbr, et la tente a l&#8217;air bien, ne s&#8217;effondre pas et a beaucoup d&#8217;espace pour jouer.<\/strong><\/p>\n<p>Nous cousons des tentes \u00e0 partir de tissus \u00e9pais, r\u00e9sistants aux lavages fr\u00e9quents et \u00e0 l&#8217;abrasion.<\/p>\n<p>Tous les \u00e9l\u00e9ments en tissu sont lavables en machine \u00e0 40 degr\u00e9s.<\/p>\n<p>Les tissus que nous utilisons ont des agr\u00e9ments de s\u00e9curit\u00e9 pour les enfants. Chaque collection est con\u00e7ue par Cozy &amp; Dozy et cousue dans notre studio en Pologne.<\/p>\n<h4>L&#8217;ensemble de tipi Basic Grey de Cozy &amp; Dozy comprend :<\/h4>\n<ul>\n<li>tente tipi avec fen\u00eatre<\/li>\n<li><span style=\"color: #555555;\">tapis doux<\/span><\/li>\n<li><span style=\"color: #555555;\">guirlande d\u00e9corative 170 cm<\/span><\/li>\n<li><span style=\"color: #555555;\">grand panier pour jouets, serr\u00e9 avec une ficell<\/span><\/li>\n<li><span style=\"color: #555555;\">oreillers deux \u00e9toiles \u2013 40\u00d740 cm<\/span><\/li>\n<li><span style=\"color: #555555;\">baguettes pliantes avec notice de montage<\/span><\/li>\n<li>\u00a0<span style=\"color: #555555;\">stabilisateur<\/span><\/li>\n<\/ul>\n<h4>Composition:<\/h4>\n<ul>\n<li>100% coton, a un certificat et une approbation CE<\/li>\n<li><span style=\"color: #555555;\">Matelas et oreillers de remplissage : 100 % mousse de silicone hypoallerg\u00e9nique<\/span><\/li>\n<\/ul>\n<h4>Dimensions:<\/h4>\n<ul>\n<li>Hauteur (avec poteaux) d\u00e9pli\u00e9 : 150 c<\/li>\n<li>\u00a0<span style=\"color: #555555;\">Hauteur (avec poteaux) pli\u00e9 : 170 cm<\/span><\/li>\n<li>\u00a0<span style=\"color: #555555;\">Surface au sol : env. 110 \u00d7 110 cm<\/span><\/li>\n<\/ul>\n<p>La tente est con\u00e7ue pour 2-3 enfants. Tipi se plie facilement et ne prend pas beaucoup de place.<\/p>\n<h4>M\u00e9thode de soin :<\/h4>\n<ul>\n<li>Lavage en machine \u00e0 40\u00b0 &#8211; programme d\u00e9licat<\/li>\n<li><span style=\"color: #555555;\">Repasser \u00e0 basse temp\u00e9rature<\/span><\/li>\n<li><span style=\"color: #555555;\">Ne pas s\u00e9cher en machine<\/span><\/li>\n<li><span style=\"color: #555555;\">Ne pas nettoyer \u00e0 sec<\/span><\/li>\n<li><span style=\"color: #555555;\">Ne pas chlorer<\/span><\/li>\n<\/ul>\n<p>REMARQUE : Ne repassez pas les pompons et les glands \u2013 ils pourraient fondre !<\/p>\n","protected":false},"excerpt":{"rendered":"<p>Grand tipi pour jouer avec des oreillers et un panier pour les jouets. Set de BASIC\u00a0GREY 8 pcs. jouer \u00e0 la d\u00e9coration d&#8217;une chambre d&#8217;enfant.<\/p>\n","protected":false},"featured_media":51145,"comment_status":"open","ping_status":"closed","template":"","meta":[],"product_brand":[],"product_cat":[469],"product_tag":[1436],"class_list":{"0":"post-53283","1":"product","2":"type-product","3":"status-publish","4":"has-post-thumbnail","6":"product_cat-tentes-tipi","7":"product_tag-pla-fr","9":"first","10":"instock","11":"sale","12":"taxable","13":"shipping-taxable","14":"product-type-simple"},"yoast_head":"<!-- This site is optimized with the Yoast SEO plugin v27.0 - https:\/\/yoast.com\/product\/yoast-seo-wordpress\/ -->\n<title>Tente tipi Basic Grey, lot de 8 pcs. - Cozydots.com<\/title>\n<meta name=\"description\" content=\"Grand tipi pour jouer avec des oreillers et un panier pour les jouets. Set de BASIC GREY 8 pcs. jouer \u00e0 la d\u00e9coration d&#039;une chambre d&#039;enfant.\" \/>\n<meta name=\"robots\" content=\"index, follow, max-snippet:-1, max-image-preview:large, max-video-preview:-1\" \/>\n<link rel=\"canonical\" href=\"https:\/\/cozydots.com\/fr\/produit\/tente-tipi-basic-grey-lot-de-8-pcs\/\" \/>\n<meta property=\"og:locale\" content=\"fr_FR\" \/>\n<meta property=\"og:type\" content=\"article\" \/>\n<meta property=\"og:title\" content=\"Tente tipi Basic Grey, lot de 8 pcs. - Cozydots.com\" \/>\n<meta property=\"og:description\" content=\"Grand tipi pour jouer avec des oreillers et un panier pour les jouets. Set de BASIC GREY 8 pcs. jouer \u00e0 la d\u00e9coration d&#039;une chambre d&#039;enfant.\" \/>\n<meta property=\"og:url\" content=\"https:\/\/cozydots.com\/fr\/produit\/tente-tipi-basic-grey-lot-de-8-pcs\/\" \/>\n<meta property=\"og:site_name\" content=\"Cozydots.com\" \/>\n<meta property=\"article:modified_time\" content=\"2022-09-30T17:41:48+00:00\" \/>\n<meta property=\"og:image\" content=\"https:\/\/cozydots.com\/wp-content\/uploads\/2022\/04\/tipi-set-basic-grey-7-el.jpg\" \/>\n\t<meta property=\"og:image:width\" content=\"1200\" \/>\n\t<meta property=\"og:image:height\" content=\"1200\" \/>\n\t<meta property=\"og:image:type\" content=\"image\/jpeg\" \/>\n<meta name=\"twitter:card\" content=\"summary_large_image\" \/>\n<meta name=\"twitter:label1\" content=\"Dur\u00e9e de lecture estim\u00e9e\" \/>\n\t<meta name=\"twitter:data1\" content=\"2 minutes\" \/>\n<script type=\"application\/ld+json\" class=\"yoast-schema-graph\">{\"@context\":\"https:\/\/schema.org\",\"@graph\":[{\"@type\":\"WebPage\",\"@id\":\"https:\/\/cozydots.com\/fr\/produit\/tente-tipi-basic-grey-lot-de-8-pcs\/\",\"url\":\"https:\/\/cozydots.com\/fr\/produit\/tente-tipi-basic-grey-lot-de-8-pcs\/\",\"name\":\"Tente tipi Basic Grey, lot de 8 pcs. - Cozydots.com\",\"isPartOf\":{\"@id\":\"https:\/\/cozydots.com\/fr\/#website\"},\"primaryImageOfPage\":{\"@id\":\"https:\/\/cozydots.com\/fr\/produit\/tente-tipi-basic-grey-lot-de-8-pcs\/#primaryimage\"},\"image\":{\"@id\":\"https:\/\/cozydots.com\/fr\/produit\/tente-tipi-basic-grey-lot-de-8-pcs\/#primaryimage\"},\"thumbnailUrl\":\"https:\/\/cozydots.com\/wp-content\/uploads\/2022\/04\/tipi-set-basic-grey-7-el.jpg\",\"datePublished\":\"2022-09-28T10:48:40+00:00\",\"dateModified\":\"2022-09-30T17:41:48+00:00\",\"description\":\"Grand tipi pour jouer avec des oreillers et un panier pour les jouets. Set de BASIC GREY 8 pcs. jouer \u00e0 la d\u00e9coration d'une chambre d'enfant.\",\"breadcrumb\":{\"@id\":\"https:\/\/cozydots.com\/fr\/produit\/tente-tipi-basic-grey-lot-de-8-pcs\/#breadcrumb\"},\"inLanguage\":\"fr-FR\",\"potentialAction\":[{\"@type\":\"ReadAction\",\"target\":[\"https:\/\/cozydots.com\/fr\/produit\/tente-tipi-basic-grey-lot-de-8-pcs\/\"]}]},{\"@type\":\"ImageObject\",\"inLanguage\":\"fr-FR\",\"@id\":\"https:\/\/cozydots.com\/fr\/produit\/tente-tipi-basic-grey-lot-de-8-pcs\/#primaryimage\",\"url\":\"https:\/\/cozydots.com\/wp-content\/uploads\/2022\/04\/tipi-set-basic-grey-7-el.jpg\",\"contentUrl\":\"https:\/\/cozydots.com\/wp-content\/uploads\/2022\/04\/tipi-set-basic-grey-7-el.jpg\",\"width\":1200,\"height\":1200},{\"@type\":\"BreadcrumbList\",\"@id\":\"https:\/\/cozydots.com\/fr\/produit\/tente-tipi-basic-grey-lot-de-8-pcs\/#breadcrumb\",\"itemListElement\":[{\"@type\":\"ListItem\",\"position\":1,\"name\":\"Strona g\u0142\u00f3wna\",\"item\":\"https:\/\/cozydots.com\/fr\/\"},{\"@type\":\"ListItem\",\"position\":2,\"name\":\"Boutique\",\"item\":\"https:\/\/cozydots.com\/fr\/boutique\/\"},{\"@type\":\"ListItem\",\"position\":3,\"name\":\"Tente tipi Basic Grey, lot de 8 pcs.\"}]},{\"@type\":\"WebSite\",\"@id\":\"https:\/\/cozydots.com\/fr\/#website\",\"url\":\"https:\/\/cozydots.com\/fr\/\",\"name\":\"Cozydots.com\",\"description\":\"Producent namiot\u00f3w Tipi\",\"publisher\":{\"@id\":\"https:\/\/cozydots.com\/fr\/#organization\"},\"potentialAction\":[{\"@type\":\"SearchAction\",\"target\":{\"@type\":\"EntryPoint\",\"urlTemplate\":\"https:\/\/cozydots.com\/fr\/?s={search_term_string}\"},\"query-input\":{\"@type\":\"PropertyValueSpecification\",\"valueRequired\":true,\"valueName\":\"search_term_string\"}}],\"inLanguage\":\"fr-FR\"},{\"@type\":\"Organization\",\"@id\":\"https:\/\/cozydots.com\/fr\/#organization\",\"name\":\"Cozydots.com\",\"url\":\"https:\/\/cozydots.com\/fr\/\",\"logo\":{\"@type\":\"ImageObject\",\"inLanguage\":\"fr-FR\",\"@id\":\"https:\/\/cozydots.com\/fr\/#\/schema\/logo\/image\/\",\"url\":\"https:\/\/cozydots.com\/wp-content\/uploads\/2021\/10\/cozyshop_logo.png\",\"contentUrl\":\"https:\/\/cozydots.com\/wp-content\/uploads\/2021\/10\/cozyshop_logo.png\",\"width\":400,\"height\":121,\"caption\":\"Cozydots.com\"},\"image\":{\"@id\":\"https:\/\/cozydots.com\/fr\/#\/schema\/logo\/image\/\"}}]}<\/script>\n<!-- \/ Yoast SEO plugin. -->","yoast_head_json":{"title":"Tente tipi Basic Grey, lot de 8 pcs. - Cozydots.com","description":"Grand tipi pour jouer avec des oreillers et un panier pour les jouets. Set de BASIC GREY 8 pcs. jouer \u00e0 la d\u00e9coration d'une chambre d'enfant.","robots":{"index":"index","follow":"follow","max-snippet":"max-snippet:-1","max-image-preview":"max-image-preview:large","max-video-preview":"max-video-preview:-1"},"canonical":"https:\/\/cozydots.com\/fr\/produit\/tente-tipi-basic-grey-lot-de-8-pcs\/","og_locale":"fr_FR","og_type":"article","og_title":"Tente tipi Basic Grey, lot de 8 pcs. - Cozydots.com","og_description":"Grand tipi pour jouer avec des oreillers et un panier pour les jouets. Set de BASIC GREY 8 pcs. jouer \u00e0 la d\u00e9coration d'une chambre d'enfant.","og_url":"https:\/\/cozydots.com\/fr\/produit\/tente-tipi-basic-grey-lot-de-8-pcs\/","og_site_name":"Cozydots.com","article_modified_time":"2022-09-30T17:41:48+00:00","og_image":[{"width":1200,"height":1200,"url":"https:\/\/cozydots.com\/wp-content\/uploads\/2022\/04\/tipi-set-basic-grey-7-el.jpg","type":"image\/jpeg"}],"twitter_card":"summary_large_image","twitter_misc":{"Dur\u00e9e de lecture estim\u00e9e":"2 minutes"},"schema":{"@context":"https:\/\/schema.org","@graph":[{"@type":"WebPage","@id":"https:\/\/cozydots.com\/fr\/produit\/tente-tipi-basic-grey-lot-de-8-pcs\/","url":"https:\/\/cozydots.com\/fr\/produit\/tente-tipi-basic-grey-lot-de-8-pcs\/","name":"Tente tipi Basic Grey, lot de 8 pcs. - Cozydots.com","isPartOf":{"@id":"https:\/\/cozydots.com\/fr\/#website"},"primaryImageOfPage":{"@id":"https:\/\/cozydots.com\/fr\/produit\/tente-tipi-basic-grey-lot-de-8-pcs\/#primaryimage"},"image":{"@id":"https:\/\/cozydots.com\/fr\/produit\/tente-tipi-basic-grey-lot-de-8-pcs\/#primaryimage"},"thumbnailUrl":"https:\/\/cozydots.com\/wp-content\/uploads\/2022\/04\/tipi-set-basic-grey-7-el.jpg","datePublished":"2022-09-28T10:48:40+00:00","dateModified":"2022-09-30T17:41:48+00:00","description":"Grand tipi pour jouer avec des oreillers et un panier pour les jouets. Set de BASIC GREY 8 pcs. jouer \u00e0 la d\u00e9coration d'une chambre d'enfant.","breadcrumb":{"@id":"https:\/\/cozydots.com\/fr\/produit\/tente-tipi-basic-grey-lot-de-8-pcs\/#breadcrumb"},"inLanguage":"fr-FR","potentialAction":[{"@type":"ReadAction","target":["https:\/\/cozydots.com\/fr\/produit\/tente-tipi-basic-grey-lot-de-8-pcs\/"]}]},{"@type":"ImageObject","inLanguage":"fr-FR","@id":"https:\/\/cozydots.com\/fr\/produit\/tente-tipi-basic-grey-lot-de-8-pcs\/#primaryimage","url":"https:\/\/cozydots.com\/wp-content\/uploads\/2022\/04\/tipi-set-basic-grey-7-el.jpg","contentUrl":"https:\/\/cozydots.com\/wp-content\/uploads\/2022\/04\/tipi-set-basic-grey-7-el.jpg","width":1200,"height":1200},{"@type":"BreadcrumbList","@id":"https:\/\/cozydots.com\/fr\/produit\/tente-tipi-basic-grey-lot-de-8-pcs\/#breadcrumb","itemListElement":[{"@type":"ListItem","position":1,"name":"Strona g\u0142\u00f3wna","item":"https:\/\/cozydots.com\/fr\/"},{"@type":"ListItem","position":2,"name":"Boutique","item":"https:\/\/cozydots.com\/fr\/boutique\/"},{"@type":"ListItem","position":3,"name":"Tente tipi Basic Grey, lot de 8 pcs."}]},{"@type":"WebSite","@id":"https:\/\/cozydots.com\/fr\/#website","url":"https:\/\/cozydots.com\/fr\/","name":"Cozydots.com","description":"Producent namiot\u00f3w Tipi","publisher":{"@id":"https:\/\/cozydots.com\/fr\/#organization"},"potentialAction":[{"@type":"SearchAction","target":{"@type":"EntryPoint","urlTemplate":"https:\/\/cozydots.com\/fr\/?s={search_term_string}"},"query-input":{"@type":"PropertyValueSpecification","valueRequired":true,"valueName":"search_term_string"}}],"inLanguage":"fr-FR"},{"@type":"Organization","@id":"https:\/\/cozydots.com\/fr\/#organization","name":"Cozydots.com","url":"https:\/\/cozydots.com\/fr\/","logo":{"@type":"ImageObject","inLanguage":"fr-FR","@id":"https:\/\/cozydots.com\/fr\/#\/schema\/logo\/image\/","url":"https:\/\/cozydots.com\/wp-content\/uploads\/2021\/10\/cozyshop_logo.png","contentUrl":"https:\/\/cozydots.com\/wp-content\/uploads\/2021\/10\/cozyshop_logo.png","width":400,"height":121,"caption":"Cozydots.com"},"image":{"@id":"https:\/\/cozydots.com\/fr\/#\/schema\/logo\/image\/"}}]}},"_links":{"self":[{"href":"https:\/\/cozydots.com\/fr\/wp-json\/wp\/v2\/product\/53283","targetHints":{"allow":["GET"]}}],"collection":[{"href":"https:\/\/cozydots.com\/fr\/wp-json\/wp\/v2\/product"}],"about":[{"href":"https:\/\/cozydots.com\/fr\/wp-json\/wp\/v2\/types\/product"}],"replies":[{"embeddable":true,"href":"https:\/\/cozydots.com\/fr\/wp-json\/wp\/v2\/comments?post=53283"}],"wp:featuredmedia":[{"embeddable":true,"href":"https:\/\/cozydots.com\/fr\/wp-json\/wp\/v2\/media\/51145"}],"wp:attachment":[{"href":"https:\/\/cozydots.com\/fr\/wp-json\/wp\/v2\/media?parent=53283"}],"wp:term":[{"taxonomy":"product_brand","embeddable":true,"href":"https:\/\/cozydots.com\/fr\/wp-json\/wp\/v2\/product_brand?post=53283"},{"taxonomy":"product_cat","embeddable":true,"href":"https:\/\/cozydots.com\/fr\/wp-json\/wp\/v2\/product_cat?post=53283"},{"taxonomy":"product_tag","embeddable":true,"href":"https:\/\/cozydots.com\/fr\/wp-json\/wp\/v2\/product_tag?post=53283"}],"curies":[{"name":"wp","href":"https:\/\/api.w.org\/{rel}","templated":true}]}}