{"id":53455,"date":"2022-10-13T13:29:30","date_gmt":"2022-10-13T11:32:20","guid":{"rendered":"https:\/\/cozydots.com\/?post_type=product&#038;p=53455"},"modified":"2022-10-13T13:32:20","modified_gmt":"2022-10-13T11:32:20","slug":"oreiller-etoiles-ensemble-de-deux-oreillers-etoiles-avec-pompon","status":"publish","type":"product","link":"https:\/\/cozydots.com\/fr\/produit\/oreiller-etoiles-ensemble-de-deux-oreillers-etoiles-avec-pompon\/","title":{"rendered":"Oreiller \u00e9toiles \u2013 ensemble de deux oreillers \u00e9toiles avec pompon"},"content":{"rendered":"<p><b>L\u2019oreiller Cozy &amp; Dozy n\u2019intriguera pas seulement les enfants<\/b><\/p>\n<p>Il n\u2019y a jamais trop d\u2019oreillers \u00e0 la maison \u2013 vous n\u2019avez besoin de convaincre personne pour ce slogan, n\u2019est-ce pas ? De beaux oreillers agr\u00e9ables au toucher cr\u00e9ent une atmosph\u00e8re cosy et chaleureuse dans tous les int\u00e9rieurs, m\u00eame les plus aust\u00e8res. Cependant, le plus important pour nous est qu\u2019aucun enfant ne m\u00e9prise une sieste sur un oreiller doux et confortable. De plus, pour nos enfants, qui vivent de multiples aventures d\u00e8s leur plus jeune \u00e2ge, une bonne sieste vaut son pesant d\u2019or.<\/p>\n<p><b>Les enfants aiment aussi utiliser les oreillers Stars pour s\u2019amuser. La forme inhabituelle de l\u2019oreiller stimule leur imagination et transforme parfois l\u2019\u00e9toile en t\u00e9tine ours en peluche ou en bouillotte. La forme rare de l\u2019oreiller Stars attire l\u2019attention non seulement des enfants, mais aussi des adultes.Parfois, on entend m\u00eame que des parents volent nos oreillers \u00e0 leurs enfants et d\u00e9corent leur salon avec eux. <\/b>\ud83d\ude09<\/p>\n<p>Nos oreillers sont reconnus m\u00eame par les plus grands critiques, car ils ont \u00e9t\u00e9 fabriqu\u00e9s avec le plus grand soin et la plus grande attention port\u00e9e \u00e0 chaque d\u00e9tail. De plus, ils sont fabriqu\u00e9s dans un mat\u00e9riau de la plus haute qualit\u00e9 \u2013 <b>100 % coton \u2013 ce qui garantit un aspect magnifique et efficace de l\u2019oreiller pendant tr\u00e8s longtemps. Ce mat\u00e9riau est \u00e9galement certifi\u00e9 CE,<\/b> ce qui signifie qu\u2019il est s\u00fbr \u00e0 utiliser et ne contient aucune substance nocive. Ainsi, vous pouvez offrir nos oreillers en toute s\u00e9curit\u00e9 aux enfants m\u00eame \u00e0 la peau la plus sensible.<\/p>\n<p>Les oreillers Cozy &amp; Dozy sont des produits exceptionnels et uniques. Ils ont \u00e9t\u00e9 dessin\u00e9s par nos soins, affin\u00e9s dans les moindres d\u00e9tails et cousus par nos couturi\u00e8res exp\u00e9riment\u00e9es. Gr\u00e2ce \u00e0 cela, vous pouvez \u00eatre s\u00fbr d\u2019obtenir un produit de la plus haute qualit\u00e9, tr\u00e8s soigneusement fabriqu\u00e9. C\u2019est tr\u00e8s important pour nous pour une raison pr\u00e9cise. Notre exp\u00e9rience montre que les enfants apprennent mieux du bon exemple que leurs parents leur donnent. <b>Lorsque votre enfant re\u00e7oit un beau produit de haute qualit\u00e9, il pourra apprendre les combinaisons de couleurs et le sens de l\u2019esth\u00e9tique d\u00e8s son plus jeune \u00e2ge. Ils sauront \u00e9galement qu\u2019il vaut la peine d\u2019investir dans des produits de bonne qualit\u00e9, car ils restent avec nous plus longtemps.<\/b><\/p>\n<p>&nbsp;<\/p>\n<p><b>L\u2019ensemble comprend deux oreillers en forme d\u2019\u00e9toile :<\/b><\/p>\n<ul>\n<li><b>oreiller \u00e9toile rose avec pompon sauge<\/b><\/li>\n<li><b>oreiller \u00e9toile beige avec pompon sauge<\/b><\/li>\n<\/ul>\n<p>Dimension:<\/p>\n<ul>\n<li>40\u00d740 cm<\/li>\n<\/ul>\n<p>Composition:<\/p>\n<ul>\n<li>100% coton (certificat CE)<\/li>\n<li>remplissage d\u2019oreiller \u2013 boule de silicone, antiallergique. De plus, la laine de silicone cousue \u00e0 l\u2019int\u00e9rieur emp\u00eache l\u2019agglutination du rembourrage.<\/li>\n<\/ul>\n<p>La lessive:<\/p>\n<ul>\n<li>Lavable en machine \u00e0 40 degr\u00e9s,<\/li>\n<li>rotation \u2013 800 tours,<\/li>\n<li>ne pas nettoyer \u00e0 sec, ne pas javelliser,<\/li>\n<li>Apr\u00e8s le lavage, secouez-le pour organiser le versement,<\/li>\n<li>s\u00e9cher sur une surface plane.<\/li>\n<\/ul>\n","protected":false},"excerpt":{"rendered":"<p>Oreillers en coton en forme d\u2019\u00e9toile avec un gland cool.<\/p>\n","protected":false},"featured_media":53450,"comment_status":"open","ping_status":"closed","template":"","meta":[],"product_brand":[],"product_cat":[470],"product_tag":[],"class_list":{"0":"post-53455","1":"product","2":"type-product","3":"status-publish","4":"has-post-thumbnail","6":"product_cat-coussins-et-poufs","8":"first","9":"instock","10":"taxable","11":"shipping-taxable","12":"product-type-simple"},"yoast_head":"<!-- This site is optimized with the Yoast SEO plugin v27.0 - https:\/\/yoast.com\/product\/yoast-seo-wordpress\/ -->\n<title>Oreiller \u00e9toiles \u2013 ensemble de deux oreillers \u00e9toiles avec pompon - Cozydots.com<\/title>\n<meta name=\"description\" content=\"Oreillers en coton en forme d\u2019\u00e9toile avec un gland cool.\" \/>\n<meta name=\"robots\" content=\"index, follow, max-snippet:-1, max-image-preview:large, max-video-preview:-1\" \/>\n<link rel=\"canonical\" href=\"https:\/\/cozydots.com\/fr\/produit\/oreiller-etoiles-ensemble-de-deux-oreillers-etoiles-avec-pompon\/\" \/>\n<meta property=\"og:locale\" content=\"fr_FR\" \/>\n<meta property=\"og:type\" content=\"article\" \/>\n<meta property=\"og:title\" content=\"Oreiller \u00e9toiles \u2013 ensemble de deux oreillers \u00e9toiles avec pompon - Cozydots.com\" \/>\n<meta property=\"og:description\" content=\"Oreillers en coton en forme d\u2019\u00e9toile avec un gland cool.\" \/>\n<meta property=\"og:url\" content=\"https:\/\/cozydots.com\/fr\/produit\/oreiller-etoiles-ensemble-de-deux-oreillers-etoiles-avec-pompon\/\" \/>\n<meta property=\"og:site_name\" content=\"Cozydots.com\" \/>\n<meta property=\"og:image\" content=\"https:\/\/cozydots.com\/wp-content\/uploads\/2022\/10\/poduszki-boho.jpeg\" \/>\n\t<meta property=\"og:image:width\" content=\"917\" \/>\n\t<meta property=\"og:image:height\" content=\"952\" \/>\n\t<meta property=\"og:image:type\" content=\"image\/jpeg\" \/>\n<meta name=\"twitter:card\" content=\"summary_large_image\" \/>\n<meta name=\"twitter:label1\" content=\"Dur\u00e9e de lecture estim\u00e9e\" \/>\n\t<meta name=\"twitter:data1\" content=\"3 minutes\" \/>\n<script type=\"application\/ld+json\" class=\"yoast-schema-graph\">{\"@context\":\"https:\/\/schema.org\",\"@graph\":[{\"@type\":\"WebPage\",\"@id\":\"https:\/\/cozydots.com\/fr\/produit\/oreiller-etoiles-ensemble-de-deux-oreillers-etoiles-avec-pompon\/\",\"url\":\"https:\/\/cozydots.com\/fr\/produit\/oreiller-etoiles-ensemble-de-deux-oreillers-etoiles-avec-pompon\/\",\"name\":\"Oreiller \u00e9toiles \u2013 ensemble de deux oreillers \u00e9toiles avec pompon - Cozydots.com\",\"isPartOf\":{\"@id\":\"https:\/\/cozydots.com\/fr\/#website\"},\"primaryImageOfPage\":{\"@id\":\"https:\/\/cozydots.com\/fr\/produit\/oreiller-etoiles-ensemble-de-deux-oreillers-etoiles-avec-pompon\/#primaryimage\"},\"image\":{\"@id\":\"https:\/\/cozydots.com\/fr\/produit\/oreiller-etoiles-ensemble-de-deux-oreillers-etoiles-avec-pompon\/#primaryimage\"},\"thumbnailUrl\":\"https:\/\/cozydots.com\/wp-content\/uploads\/2022\/10\/poduszki-boho.jpeg\",\"datePublished\":\"2022-10-13T11:32:20+00:00\",\"description\":\"Oreillers en coton en forme d\u2019\u00e9toile avec un gland cool.\",\"breadcrumb\":{\"@id\":\"https:\/\/cozydots.com\/fr\/produit\/oreiller-etoiles-ensemble-de-deux-oreillers-etoiles-avec-pompon\/#breadcrumb\"},\"inLanguage\":\"fr-FR\",\"potentialAction\":[{\"@type\":\"ReadAction\",\"target\":[\"https:\/\/cozydots.com\/fr\/produit\/oreiller-etoiles-ensemble-de-deux-oreillers-etoiles-avec-pompon\/\"]}]},{\"@type\":\"ImageObject\",\"inLanguage\":\"fr-FR\",\"@id\":\"https:\/\/cozydots.com\/fr\/produit\/oreiller-etoiles-ensemble-de-deux-oreillers-etoiles-avec-pompon\/#primaryimage\",\"url\":\"https:\/\/cozydots.com\/wp-content\/uploads\/2022\/10\/poduszki-boho.jpeg\",\"contentUrl\":\"https:\/\/cozydots.com\/wp-content\/uploads\/2022\/10\/poduszki-boho.jpeg\",\"width\":917,\"height\":952},{\"@type\":\"BreadcrumbList\",\"@id\":\"https:\/\/cozydots.com\/fr\/produit\/oreiller-etoiles-ensemble-de-deux-oreillers-etoiles-avec-pompon\/#breadcrumb\",\"itemListElement\":[{\"@type\":\"ListItem\",\"position\":1,\"name\":\"Strona g\u0142\u00f3wna\",\"item\":\"https:\/\/cozydots.com\/fr\/\"},{\"@type\":\"ListItem\",\"position\":2,\"name\":\"Boutique\",\"item\":\"https:\/\/cozydots.com\/fr\/boutique\/\"},{\"@type\":\"ListItem\",\"position\":3,\"name\":\"Oreiller \u00e9toiles \u2013 ensemble de deux oreillers \u00e9toiles avec pompon\"}]},{\"@type\":\"WebSite\",\"@id\":\"https:\/\/cozydots.com\/fr\/#website\",\"url\":\"https:\/\/cozydots.com\/fr\/\",\"name\":\"Cozydots.com\",\"description\":\"Producent namiot\u00f3w Tipi\",\"publisher\":{\"@id\":\"https:\/\/cozydots.com\/fr\/#organization\"},\"potentialAction\":[{\"@type\":\"SearchAction\",\"target\":{\"@type\":\"EntryPoint\",\"urlTemplate\":\"https:\/\/cozydots.com\/fr\/?s={search_term_string}\"},\"query-input\":{\"@type\":\"PropertyValueSpecification\",\"valueRequired\":true,\"valueName\":\"search_term_string\"}}],\"inLanguage\":\"fr-FR\"},{\"@type\":\"Organization\",\"@id\":\"https:\/\/cozydots.com\/fr\/#organization\",\"name\":\"Cozydots.com\",\"url\":\"https:\/\/cozydots.com\/fr\/\",\"logo\":{\"@type\":\"ImageObject\",\"inLanguage\":\"fr-FR\",\"@id\":\"https:\/\/cozydots.com\/fr\/#\/schema\/logo\/image\/\",\"url\":\"https:\/\/cozydots.com\/wp-content\/uploads\/2021\/10\/cozyshop_logo.png\",\"contentUrl\":\"https:\/\/cozydots.com\/wp-content\/uploads\/2021\/10\/cozyshop_logo.png\",\"width\":400,\"height\":121,\"caption\":\"Cozydots.com\"},\"image\":{\"@id\":\"https:\/\/cozydots.com\/fr\/#\/schema\/logo\/image\/\"}}]}<\/script>\n<!-- \/ Yoast SEO plugin. -->","yoast_head_json":{"title":"Oreiller \u00e9toiles \u2013 ensemble de deux oreillers \u00e9toiles avec pompon - Cozydots.com","description":"Oreillers en coton en forme d\u2019\u00e9toile avec un gland cool.","robots":{"index":"index","follow":"follow","max-snippet":"max-snippet:-1","max-image-preview":"max-image-preview:large","max-video-preview":"max-video-preview:-1"},"canonical":"https:\/\/cozydots.com\/fr\/produit\/oreiller-etoiles-ensemble-de-deux-oreillers-etoiles-avec-pompon\/","og_locale":"fr_FR","og_type":"article","og_title":"Oreiller \u00e9toiles \u2013 ensemble de deux oreillers \u00e9toiles avec pompon - Cozydots.com","og_description":"Oreillers en coton en forme d\u2019\u00e9toile avec un gland cool.","og_url":"https:\/\/cozydots.com\/fr\/produit\/oreiller-etoiles-ensemble-de-deux-oreillers-etoiles-avec-pompon\/","og_site_name":"Cozydots.com","og_image":[{"width":917,"height":952,"url":"https:\/\/cozydots.com\/wp-content\/uploads\/2022\/10\/poduszki-boho.jpeg","type":"image\/jpeg"}],"twitter_card":"summary_large_image","twitter_misc":{"Dur\u00e9e de lecture estim\u00e9e":"3 minutes"},"schema":{"@context":"https:\/\/schema.org","@graph":[{"@type":"WebPage","@id":"https:\/\/cozydots.com\/fr\/produit\/oreiller-etoiles-ensemble-de-deux-oreillers-etoiles-avec-pompon\/","url":"https:\/\/cozydots.com\/fr\/produit\/oreiller-etoiles-ensemble-de-deux-oreillers-etoiles-avec-pompon\/","name":"Oreiller \u00e9toiles \u2013 ensemble de deux oreillers \u00e9toiles avec pompon - Cozydots.com","isPartOf":{"@id":"https:\/\/cozydots.com\/fr\/#website"},"primaryImageOfPage":{"@id":"https:\/\/cozydots.com\/fr\/produit\/oreiller-etoiles-ensemble-de-deux-oreillers-etoiles-avec-pompon\/#primaryimage"},"image":{"@id":"https:\/\/cozydots.com\/fr\/produit\/oreiller-etoiles-ensemble-de-deux-oreillers-etoiles-avec-pompon\/#primaryimage"},"thumbnailUrl":"https:\/\/cozydots.com\/wp-content\/uploads\/2022\/10\/poduszki-boho.jpeg","datePublished":"2022-10-13T11:32:20+00:00","description":"Oreillers en coton en forme d\u2019\u00e9toile avec un gland cool.","breadcrumb":{"@id":"https:\/\/cozydots.com\/fr\/produit\/oreiller-etoiles-ensemble-de-deux-oreillers-etoiles-avec-pompon\/#breadcrumb"},"inLanguage":"fr-FR","potentialAction":[{"@type":"ReadAction","target":["https:\/\/cozydots.com\/fr\/produit\/oreiller-etoiles-ensemble-de-deux-oreillers-etoiles-avec-pompon\/"]}]},{"@type":"ImageObject","inLanguage":"fr-FR","@id":"https:\/\/cozydots.com\/fr\/produit\/oreiller-etoiles-ensemble-de-deux-oreillers-etoiles-avec-pompon\/#primaryimage","url":"https:\/\/cozydots.com\/wp-content\/uploads\/2022\/10\/poduszki-boho.jpeg","contentUrl":"https:\/\/cozydots.com\/wp-content\/uploads\/2022\/10\/poduszki-boho.jpeg","width":917,"height":952},{"@type":"BreadcrumbList","@id":"https:\/\/cozydots.com\/fr\/produit\/oreiller-etoiles-ensemble-de-deux-oreillers-etoiles-avec-pompon\/#breadcrumb","itemListElement":[{"@type":"ListItem","position":1,"name":"Strona g\u0142\u00f3wna","item":"https:\/\/cozydots.com\/fr\/"},{"@type":"ListItem","position":2,"name":"Boutique","item":"https:\/\/cozydots.com\/fr\/boutique\/"},{"@type":"ListItem","position":3,"name":"Oreiller \u00e9toiles \u2013 ensemble de deux oreillers \u00e9toiles avec pompon"}]},{"@type":"WebSite","@id":"https:\/\/cozydots.com\/fr\/#website","url":"https:\/\/cozydots.com\/fr\/","name":"Cozydots.com","description":"Producent namiot\u00f3w Tipi","publisher":{"@id":"https:\/\/cozydots.com\/fr\/#organization"},"potentialAction":[{"@type":"SearchAction","target":{"@type":"EntryPoint","urlTemplate":"https:\/\/cozydots.com\/fr\/?s={search_term_string}"},"query-input":{"@type":"PropertyValueSpecification","valueRequired":true,"valueName":"search_term_string"}}],"inLanguage":"fr-FR"},{"@type":"Organization","@id":"https:\/\/cozydots.com\/fr\/#organization","name":"Cozydots.com","url":"https:\/\/cozydots.com\/fr\/","logo":{"@type":"ImageObject","inLanguage":"fr-FR","@id":"https:\/\/cozydots.com\/fr\/#\/schema\/logo\/image\/","url":"https:\/\/cozydots.com\/wp-content\/uploads\/2021\/10\/cozyshop_logo.png","contentUrl":"https:\/\/cozydots.com\/wp-content\/uploads\/2021\/10\/cozyshop_logo.png","width":400,"height":121,"caption":"Cozydots.com"},"image":{"@id":"https:\/\/cozydots.com\/fr\/#\/schema\/logo\/image\/"}}]}},"_links":{"self":[{"href":"https:\/\/cozydots.com\/fr\/wp-json\/wp\/v2\/product\/53455","targetHints":{"allow":["GET"]}}],"collection":[{"href":"https:\/\/cozydots.com\/fr\/wp-json\/wp\/v2\/product"}],"about":[{"href":"https:\/\/cozydots.com\/fr\/wp-json\/wp\/v2\/types\/product"}],"replies":[{"embeddable":true,"href":"https:\/\/cozydots.com\/fr\/wp-json\/wp\/v2\/comments?post=53455"}],"wp:featuredmedia":[{"embeddable":true,"href":"https:\/\/cozydots.com\/fr\/wp-json\/wp\/v2\/media\/53450"}],"wp:attachment":[{"href":"https:\/\/cozydots.com\/fr\/wp-json\/wp\/v2\/media?parent=53455"}],"wp:term":[{"taxonomy":"product_brand","embeddable":true,"href":"https:\/\/cozydots.com\/fr\/wp-json\/wp\/v2\/product_brand?post=53455"},{"taxonomy":"product_cat","embeddable":true,"href":"https:\/\/cozydots.com\/fr\/wp-json\/wp\/v2\/product_cat?post=53455"},{"taxonomy":"product_tag","embeddable":true,"href":"https:\/\/cozydots.com\/fr\/wp-json\/wp\/v2\/product_tag?post=53455"}],"curies":[{"name":"wp","href":"https:\/\/api.w.org\/{rel}","templated":true}]}}