{"id":55023,"date":"2023-03-29T16:04:38","date_gmt":"2023-03-29T14:04:39","guid":{"rendered":"https:\/\/cozydots.com\/?post_type=product&#038;p=55023"},"modified":"2023-03-29T17:12:05","modified_gmt":"2023-03-29T15:12:05","slug":"tipi-tente-daisy-set-avec-tapis-coussin-et-guirlande","status":"publish","type":"product","link":"https:\/\/cozydots.com\/fr\/produit\/tipi-tente-daisy-set-avec-tapis-coussin-et-guirlande\/","title":{"rendered":"Tipi tente Daisy, set avec tapis, coussin et guirlande"},"content":{"rendered":"<p><img loading=\"lazy\" decoding=\"async\" class=\"alignnone size-medium wp-image-54750 alignright\" src=\"https:\/\/cozydots.com\/wp-content\/uploads\/2023\/03\/flower-tipi-daisy-collection-400x400.jpg\" alt=\"\" width=\"400\" height=\"400\" srcset=\"https:\/\/cozydots.com\/wp-content\/uploads\/2023\/03\/flower-tipi-daisy-collection-400x400.jpg 400w, https:\/\/cozydots.com\/wp-content\/uploads\/2023\/03\/flower-tipi-daisy-collection-1200x1200.jpg 1200w, https:\/\/cozydots.com\/wp-content\/uploads\/2023\/03\/flower-tipi-daisy-collection-150x150.jpg 150w, https:\/\/cozydots.com\/wp-content\/uploads\/2023\/03\/flower-tipi-daisy-collection-768x768.jpg 768w, https:\/\/cozydots.com\/wp-content\/uploads\/2023\/03\/flower-tipi-daisy-collection-1536x1536.jpg 1536w, https:\/\/cozydots.com\/wp-content\/uploads\/2023\/03\/flower-tipi-daisy-collection-470x470.jpg 470w, https:\/\/cozydots.com\/wp-content\/uploads\/2023\/03\/flower-tipi-daisy-collection-800x800.jpg 800w, https:\/\/cozydots.com\/wp-content\/uploads\/2023\/03\/flower-tipi-daisy-collection-100x100.jpg 100w, https:\/\/cozydots.com\/wp-content\/uploads\/2023\/03\/flower-tipi-daisy-collection.jpg 2000w\" sizes=\"auto, (max-width: 400px) 100vw, 400px\" \/><\/p>\n<p><strong>La tente de jeu de la collection Daisy est un tipi de couleur blanche avec une bordure d\u00e9corative en pompon miel. La tente tipi est compos\u00e9e d&#8217;une toile solide, d&#8217;un tipi en velours blanc et d&#8217;un tapis de jeu en velours Daisy, d&#8217;un grand coussin \u00e0 fleurs et d&#8217;une guirlande Daisy de 200 cm de long.<\/strong><\/p>\n<p>Une tente est un endroit id\u00e9al pour jouer \u00e0 la maison, sur la terrasse ou dans le jardin. Tipi a une fen\u00eatre avec un store enroulable et deux poches pour les jouets. La tente confortable pour enfants est livr\u00e9e avec un tapis moelleux.<\/p>\n<p>La tente tipi est un endroit id\u00e9al pour jouer et un coin confortable pour se reposer. Wigwam a \u00e9t\u00e9 con\u00e7u pour plaire aux yeux pendant longtemps et assurer un plaisir en toute s\u00e9curit\u00e9.<\/p>\n<p>Tipi a 4 c\u00f4t\u00e9s \u2013 aire de jeu env. 1 m2, hauteur d\u00e9pli\u00e9e env. 150cm.<\/p>\n<p>Chaque tente est livr\u00e9e avec des poteaux en pin pliables et un stabilisateur qui maintient les poteaux de mani\u00e8re rigide pour assurer la stabilit\u00e9 de la tente.<\/p>\n<h3>Le kit comprend :<\/h3>\n<ul>\n<li>tente tipi<\/li>\n<li>Tapis de jeu Marguerite (112\u00d7112 cm)<\/li>\n<li>Coussin marguerite (52x52cm)<\/li>\n<li>Guirlande de marguerites (5 fleurs, 200cm de long)<\/li>\n<li>4 baguettes en pin pliantes (8 moiti\u00e9s) + \u00e9l\u00e9ments pour brancher les baguettes (4 connecteurs)<\/li>\n<li>stabilisateur + ficelle<\/li>\n<li>instruction<\/li>\n<\/ul>\n","protected":false},"excerpt":{"rendered":"<p>Le tipi de jeu a une fen\u00eatre avec un store \u00e0 enroulement et deux poches pour les jouets. Ensemble avec oreillers et tapis moelleux.<\/p>\n","protected":false},"featured_media":54722,"comment_status":"open","ping_status":"closed","template":"","meta":[],"product_brand":[],"product_cat":[469],"product_tag":[1436],"class_list":{"0":"post-55023","1":"product","2":"type-product","3":"status-publish","4":"has-post-thumbnail","6":"product_cat-tentes-tipi","7":"product_tag-pla-fr","9":"first","10":"instock","11":"sale","12":"taxable","13":"shipping-taxable","14":"product-type-simple"},"yoast_head":"<!-- This site is optimized with the Yoast SEO plugin v27.0 - https:\/\/yoast.com\/product\/yoast-seo-wordpress\/ -->\n<title>Tipi tente Daisy, set avec tapis, coussin et guirlande - Cozydots.com<\/title>\n<meta name=\"description\" content=\"Le tipi de jeu a une fen\u00eatre avec un store enroulable et deux poches pour les jouets. Ensemble avec stabilisateur et tapis doux.\" \/>\n<meta name=\"robots\" content=\"index, follow, max-snippet:-1, max-image-preview:large, max-video-preview:-1\" \/>\n<link rel=\"canonical\" href=\"https:\/\/cozydots.com\/fr\/produit\/tipi-tente-daisy-set-avec-tapis-coussin-et-guirlande\/\" \/>\n<meta property=\"og:locale\" content=\"fr_FR\" \/>\n<meta property=\"og:type\" content=\"article\" \/>\n<meta property=\"og:title\" content=\"Tipi tente Daisy, set avec tapis, coussin et guirlande - Cozydots.com\" \/>\n<meta property=\"og:description\" content=\"Le tipi de jeu a une fen\u00eatre avec un store enroulable et deux poches pour les jouets. Ensemble avec stabilisateur et tapis doux.\" \/>\n<meta property=\"og:url\" content=\"https:\/\/cozydots.com\/fr\/produit\/tipi-tente-daisy-set-avec-tapis-coussin-et-guirlande\/\" \/>\n<meta property=\"og:site_name\" content=\"Cozydots.com\" \/>\n<meta property=\"article:modified_time\" content=\"2023-03-29T15:12:05+00:00\" \/>\n<meta property=\"og:image\" content=\"https:\/\/cozydots.com\/wp-content\/uploads\/2023\/03\/daisy-collection-teepee-tent-with-mat-and-pillows-scaled.jpg\" \/>\n\t<meta property=\"og:image:width\" content=\"1973\" \/>\n\t<meta property=\"og:image:height\" content=\"2560\" \/>\n\t<meta property=\"og:image:type\" content=\"image\/jpeg\" \/>\n<meta name=\"twitter:card\" content=\"summary_large_image\" \/>\n<meta name=\"twitter:label1\" content=\"Dur\u00e9e de lecture estim\u00e9e\" \/>\n\t<meta name=\"twitter:data1\" content=\"2 minutes\" \/>\n<script type=\"application\/ld+json\" class=\"yoast-schema-graph\">{\"@context\":\"https:\/\/schema.org\",\"@graph\":[{\"@type\":\"WebPage\",\"@id\":\"https:\/\/cozydots.com\/fr\/produit\/tipi-tente-daisy-set-avec-tapis-coussin-et-guirlande\/\",\"url\":\"https:\/\/cozydots.com\/fr\/produit\/tipi-tente-daisy-set-avec-tapis-coussin-et-guirlande\/\",\"name\":\"Tipi tente Daisy, set avec tapis, coussin et guirlande - Cozydots.com\",\"isPartOf\":{\"@id\":\"https:\/\/cozydots.com\/fr\/#website\"},\"primaryImageOfPage\":{\"@id\":\"https:\/\/cozydots.com\/fr\/produit\/tipi-tente-daisy-set-avec-tapis-coussin-et-guirlande\/#primaryimage\"},\"image\":{\"@id\":\"https:\/\/cozydots.com\/fr\/produit\/tipi-tente-daisy-set-avec-tapis-coussin-et-guirlande\/#primaryimage\"},\"thumbnailUrl\":\"https:\/\/cozydots.com\/wp-content\/uploads\/2023\/03\/daisy-collection-teepee-tent-with-mat-and-pillows-scaled.jpg\",\"datePublished\":\"2023-03-29T14:04:39+00:00\",\"dateModified\":\"2023-03-29T15:12:05+00:00\",\"description\":\"Le tipi de jeu a une fen\u00eatre avec un store enroulable et deux poches pour les jouets. Ensemble avec stabilisateur et tapis doux.\",\"breadcrumb\":{\"@id\":\"https:\/\/cozydots.com\/fr\/produit\/tipi-tente-daisy-set-avec-tapis-coussin-et-guirlande\/#breadcrumb\"},\"inLanguage\":\"fr-FR\",\"potentialAction\":[{\"@type\":\"ReadAction\",\"target\":[\"https:\/\/cozydots.com\/fr\/produit\/tipi-tente-daisy-set-avec-tapis-coussin-et-guirlande\/\"]}]},{\"@type\":\"ImageObject\",\"inLanguage\":\"fr-FR\",\"@id\":\"https:\/\/cozydots.com\/fr\/produit\/tipi-tente-daisy-set-avec-tapis-coussin-et-guirlande\/#primaryimage\",\"url\":\"https:\/\/cozydots.com\/wp-content\/uploads\/2023\/03\/daisy-collection-teepee-tent-with-mat-and-pillows-scaled.jpg\",\"contentUrl\":\"https:\/\/cozydots.com\/wp-content\/uploads\/2023\/03\/daisy-collection-teepee-tent-with-mat-and-pillows-scaled.jpg\",\"width\":1973,\"height\":2560},{\"@type\":\"BreadcrumbList\",\"@id\":\"https:\/\/cozydots.com\/fr\/produit\/tipi-tente-daisy-set-avec-tapis-coussin-et-guirlande\/#breadcrumb\",\"itemListElement\":[{\"@type\":\"ListItem\",\"position\":1,\"name\":\"Strona g\u0142\u00f3wna\",\"item\":\"https:\/\/cozydots.com\/fr\/\"},{\"@type\":\"ListItem\",\"position\":2,\"name\":\"Boutique\",\"item\":\"https:\/\/cozydots.com\/fr\/boutique\/\"},{\"@type\":\"ListItem\",\"position\":3,\"name\":\"Tipi tente Daisy, set avec tapis, coussin et guirlande\"}]},{\"@type\":\"WebSite\",\"@id\":\"https:\/\/cozydots.com\/fr\/#website\",\"url\":\"https:\/\/cozydots.com\/fr\/\",\"name\":\"Cozydots.com\",\"description\":\"Producent namiot\u00f3w Tipi\",\"publisher\":{\"@id\":\"https:\/\/cozydots.com\/fr\/#organization\"},\"potentialAction\":[{\"@type\":\"SearchAction\",\"target\":{\"@type\":\"EntryPoint\",\"urlTemplate\":\"https:\/\/cozydots.com\/fr\/?s={search_term_string}\"},\"query-input\":{\"@type\":\"PropertyValueSpecification\",\"valueRequired\":true,\"valueName\":\"search_term_string\"}}],\"inLanguage\":\"fr-FR\"},{\"@type\":\"Organization\",\"@id\":\"https:\/\/cozydots.com\/fr\/#organization\",\"name\":\"Cozydots.com\",\"url\":\"https:\/\/cozydots.com\/fr\/\",\"logo\":{\"@type\":\"ImageObject\",\"inLanguage\":\"fr-FR\",\"@id\":\"https:\/\/cozydots.com\/fr\/#\/schema\/logo\/image\/\",\"url\":\"https:\/\/cozydots.com\/wp-content\/uploads\/2021\/10\/cozyshop_logo.png\",\"contentUrl\":\"https:\/\/cozydots.com\/wp-content\/uploads\/2021\/10\/cozyshop_logo.png\",\"width\":400,\"height\":121,\"caption\":\"Cozydots.com\"},\"image\":{\"@id\":\"https:\/\/cozydots.com\/fr\/#\/schema\/logo\/image\/\"}}]}<\/script>\n<!-- \/ Yoast SEO plugin. -->","yoast_head_json":{"title":"Tipi tente Daisy, set avec tapis, coussin et guirlande - Cozydots.com","description":"Le tipi de jeu a une fen\u00eatre avec un store enroulable et deux poches pour les jouets. Ensemble avec stabilisateur et tapis doux.","robots":{"index":"index","follow":"follow","max-snippet":"max-snippet:-1","max-image-preview":"max-image-preview:large","max-video-preview":"max-video-preview:-1"},"canonical":"https:\/\/cozydots.com\/fr\/produit\/tipi-tente-daisy-set-avec-tapis-coussin-et-guirlande\/","og_locale":"fr_FR","og_type":"article","og_title":"Tipi tente Daisy, set avec tapis, coussin et guirlande - Cozydots.com","og_description":"Le tipi de jeu a une fen\u00eatre avec un store enroulable et deux poches pour les jouets. Ensemble avec stabilisateur et tapis doux.","og_url":"https:\/\/cozydots.com\/fr\/produit\/tipi-tente-daisy-set-avec-tapis-coussin-et-guirlande\/","og_site_name":"Cozydots.com","article_modified_time":"2023-03-29T15:12:05+00:00","og_image":[{"width":1973,"height":2560,"url":"https:\/\/cozydots.com\/wp-content\/uploads\/2023\/03\/daisy-collection-teepee-tent-with-mat-and-pillows-scaled.jpg","type":"image\/jpeg"}],"twitter_card":"summary_large_image","twitter_misc":{"Dur\u00e9e de lecture estim\u00e9e":"2 minutes"},"schema":{"@context":"https:\/\/schema.org","@graph":[{"@type":"WebPage","@id":"https:\/\/cozydots.com\/fr\/produit\/tipi-tente-daisy-set-avec-tapis-coussin-et-guirlande\/","url":"https:\/\/cozydots.com\/fr\/produit\/tipi-tente-daisy-set-avec-tapis-coussin-et-guirlande\/","name":"Tipi tente Daisy, set avec tapis, coussin et guirlande - Cozydots.com","isPartOf":{"@id":"https:\/\/cozydots.com\/fr\/#website"},"primaryImageOfPage":{"@id":"https:\/\/cozydots.com\/fr\/produit\/tipi-tente-daisy-set-avec-tapis-coussin-et-guirlande\/#primaryimage"},"image":{"@id":"https:\/\/cozydots.com\/fr\/produit\/tipi-tente-daisy-set-avec-tapis-coussin-et-guirlande\/#primaryimage"},"thumbnailUrl":"https:\/\/cozydots.com\/wp-content\/uploads\/2023\/03\/daisy-collection-teepee-tent-with-mat-and-pillows-scaled.jpg","datePublished":"2023-03-29T14:04:39+00:00","dateModified":"2023-03-29T15:12:05+00:00","description":"Le tipi de jeu a une fen\u00eatre avec un store enroulable et deux poches pour les jouets. Ensemble avec stabilisateur et tapis doux.","breadcrumb":{"@id":"https:\/\/cozydots.com\/fr\/produit\/tipi-tente-daisy-set-avec-tapis-coussin-et-guirlande\/#breadcrumb"},"inLanguage":"fr-FR","potentialAction":[{"@type":"ReadAction","target":["https:\/\/cozydots.com\/fr\/produit\/tipi-tente-daisy-set-avec-tapis-coussin-et-guirlande\/"]}]},{"@type":"ImageObject","inLanguage":"fr-FR","@id":"https:\/\/cozydots.com\/fr\/produit\/tipi-tente-daisy-set-avec-tapis-coussin-et-guirlande\/#primaryimage","url":"https:\/\/cozydots.com\/wp-content\/uploads\/2023\/03\/daisy-collection-teepee-tent-with-mat-and-pillows-scaled.jpg","contentUrl":"https:\/\/cozydots.com\/wp-content\/uploads\/2023\/03\/daisy-collection-teepee-tent-with-mat-and-pillows-scaled.jpg","width":1973,"height":2560},{"@type":"BreadcrumbList","@id":"https:\/\/cozydots.com\/fr\/produit\/tipi-tente-daisy-set-avec-tapis-coussin-et-guirlande\/#breadcrumb","itemListElement":[{"@type":"ListItem","position":1,"name":"Strona g\u0142\u00f3wna","item":"https:\/\/cozydots.com\/fr\/"},{"@type":"ListItem","position":2,"name":"Boutique","item":"https:\/\/cozydots.com\/fr\/boutique\/"},{"@type":"ListItem","position":3,"name":"Tipi tente Daisy, set avec tapis, coussin et guirlande"}]},{"@type":"WebSite","@id":"https:\/\/cozydots.com\/fr\/#website","url":"https:\/\/cozydots.com\/fr\/","name":"Cozydots.com","description":"Producent namiot\u00f3w Tipi","publisher":{"@id":"https:\/\/cozydots.com\/fr\/#organization"},"potentialAction":[{"@type":"SearchAction","target":{"@type":"EntryPoint","urlTemplate":"https:\/\/cozydots.com\/fr\/?s={search_term_string}"},"query-input":{"@type":"PropertyValueSpecification","valueRequired":true,"valueName":"search_term_string"}}],"inLanguage":"fr-FR"},{"@type":"Organization","@id":"https:\/\/cozydots.com\/fr\/#organization","name":"Cozydots.com","url":"https:\/\/cozydots.com\/fr\/","logo":{"@type":"ImageObject","inLanguage":"fr-FR","@id":"https:\/\/cozydots.com\/fr\/#\/schema\/logo\/image\/","url":"https:\/\/cozydots.com\/wp-content\/uploads\/2021\/10\/cozyshop_logo.png","contentUrl":"https:\/\/cozydots.com\/wp-content\/uploads\/2021\/10\/cozyshop_logo.png","width":400,"height":121,"caption":"Cozydots.com"},"image":{"@id":"https:\/\/cozydots.com\/fr\/#\/schema\/logo\/image\/"}}]}},"_links":{"self":[{"href":"https:\/\/cozydots.com\/fr\/wp-json\/wp\/v2\/product\/55023","targetHints":{"allow":["GET"]}}],"collection":[{"href":"https:\/\/cozydots.com\/fr\/wp-json\/wp\/v2\/product"}],"about":[{"href":"https:\/\/cozydots.com\/fr\/wp-json\/wp\/v2\/types\/product"}],"replies":[{"embeddable":true,"href":"https:\/\/cozydots.com\/fr\/wp-json\/wp\/v2\/comments?post=55023"}],"wp:featuredmedia":[{"embeddable":true,"href":"https:\/\/cozydots.com\/fr\/wp-json\/wp\/v2\/media\/54722"}],"wp:attachment":[{"href":"https:\/\/cozydots.com\/fr\/wp-json\/wp\/v2\/media?parent=55023"}],"wp:term":[{"taxonomy":"product_brand","embeddable":true,"href":"https:\/\/cozydots.com\/fr\/wp-json\/wp\/v2\/product_brand?post=55023"},{"taxonomy":"product_cat","embeddable":true,"href":"https:\/\/cozydots.com\/fr\/wp-json\/wp\/v2\/product_cat?post=55023"},{"taxonomy":"product_tag","embeddable":true,"href":"https:\/\/cozydots.com\/fr\/wp-json\/wp\/v2\/product_tag?post=55023"}],"curies":[{"name":"wp","href":"https:\/\/api.w.org\/{rel}","templated":true}]}}