{"id":55132,"date":"2023-04-12T13:17:57","date_gmt":"2023-04-12T11:17:58","guid":{"rendered":"https:\/\/cozydots.com\/?post_type=product&#038;p=55132"},"modified":"2023-04-12T13:41:33","modified_gmt":"2023-04-12T11:41:33","slug":"guirlande-de-fleurs-sakura-250cm","status":"publish","type":"product","link":"https:\/\/cozydots.com\/fr\/produit\/guirlande-de-fleurs-sakura-250cm\/","title":{"rendered":"Guirlande de fleurs Sakura 250cm"},"content":{"rendered":"<h3><strong>Guirlande d\u00e9corative de fleurs blanches &#8211; Sakura, en velours.<\/strong><\/h3>\n<p>Nous aimons les int\u00e9rieurs confortables et les fleurs sont la meilleure d\u00e9coration dans n&#8217;importe quelle pi\u00e8ce.<\/p>\n<p><strong>La guirlande Daisy est une belle d\u00e9coration d&#8217;int\u00e9rieur, elle compl\u00e9tera parfaitement un mur vide, elle peut aussi \u00eatre un endroit o\u00f9 vous pourrez attacher des photos de vacances, d\u00e9corer une fen\u00eatre ou une chambre de fille, lui donnant un caract\u00e8re l\u00e9ger. Dans cette version, la guirlande a 6 fleurs.<\/strong><\/p>\n<p>DIMENSIONS:<\/p>\n<ul>\n<li>longueur totale de la guirlande &#8211; 250cm<\/li>\n<li><span style=\"color: #555555\">largeur fleur : 22cm \u00b1 1cm,<\/span><\/li>\n<li><span style=\"color: #555555\">hauteur de la fleur : 22 cm \u00b1 1 cm<\/span><\/li>\n<\/ul>\n<p>MAT\u00c9RIEL:<\/p>\n<ul>\n<li>100% VELOURS<\/li>\n<li><span style=\"color: #555555\">guirlande vendue dans un sac en coton<\/span><\/li>\n<li><span style=\"color: #555555\">rembourrage anti-allergique, motif unilat\u00e9ral<\/span><\/li>\n<\/ul>\n<p>SE SOUCIER:<\/p>\n<ul>\n<li>lavable en machine \u00e0 40\u00b0C<\/li>\n<li><span style=\"color: #555555\">essorage max 800 tr\/min<\/span><\/li>\n<li><span style=\"color: #555555\">s\u00e9chage \u00e0 plat,<\/span><\/li>\n<li><span style=\"color: #555555\">peut \u00eatre s\u00e9ch\u00e9 au s\u00e8che-linge<\/span><\/li>\n<li><span style=\"color: #555555\">Ne pas javelliser,<\/span><\/li>\n<li><span style=\"color: #555555\">repasser \u00e0 travers le coton<\/span><\/li>\n<\/ul>\n<p>Livraison (jours ouvrables): 2-3 jours<\/p>\n","protected":false},"excerpt":{"rendered":"<p>Guirlande de velours inspir\u00e9e des fleurs de cerisier, fleurs de sakura blanches et roses &#8211; 250 cm (6 fleurs)<\/p>\n","protected":false},"featured_media":54911,"comment_status":"open","ping_status":"closed","template":"","meta":[],"product_brand":[],"product_cat":[468],"product_tag":[],"class_list":{"0":"post-55132","1":"product","2":"type-product","3":"status-publish","4":"has-post-thumbnail","6":"product_cat-accessoires","8":"first","9":"instock","10":"taxable","11":"shipping-taxable","12":"product-type-simple"},"yoast_head":"<!-- This site is optimized with the Yoast SEO plugin v27.0 - https:\/\/yoast.com\/product\/yoast-seo-wordpress\/ -->\n<title>Guirlande de fleurs Sakura 250cm - Cozydots.com<\/title>\n<meta name=\"description\" content=\"La guirlande Daisy est une belle d\u00e9coration d&#039;int\u00e9rieur - la guirlande a 6 fleurs.\" \/>\n<meta name=\"robots\" content=\"index, follow, max-snippet:-1, max-image-preview:large, max-video-preview:-1\" \/>\n<link rel=\"canonical\" href=\"https:\/\/cozydots.com\/fr\/produit\/guirlande-de-fleurs-sakura-250cm\/\" \/>\n<meta property=\"og:locale\" content=\"fr_FR\" \/>\n<meta property=\"og:type\" content=\"article\" \/>\n<meta property=\"og:title\" content=\"Guirlande de fleurs Sakura 250cm - Cozydots.com\" \/>\n<meta property=\"og:description\" content=\"La guirlande Daisy est une belle d\u00e9coration d&#039;int\u00e9rieur - la guirlande a 6 fleurs.\" \/>\n<meta property=\"og:url\" content=\"https:\/\/cozydots.com\/fr\/produit\/guirlande-de-fleurs-sakura-250cm\/\" \/>\n<meta property=\"og:site_name\" content=\"Cozydots.com\" \/>\n<meta property=\"article:modified_time\" content=\"2023-04-12T11:41:33+00:00\" \/>\n<meta property=\"og:image\" content=\"https:\/\/cozydots.com\/wp-content\/uploads\/2023\/03\/pink-velvet-flowers-.jpg\" \/>\n\t<meta property=\"og:image:width\" content=\"2000\" \/>\n\t<meta property=\"og:image:height\" content=\"1333\" \/>\n\t<meta property=\"og:image:type\" content=\"image\/jpeg\" \/>\n<meta name=\"twitter:card\" content=\"summary_large_image\" \/>\n<meta name=\"twitter:label1\" content=\"Dur\u00e9e de lecture estim\u00e9e\" \/>\n\t<meta name=\"twitter:data1\" content=\"1 minute\" \/>\n<script type=\"application\/ld+json\" class=\"yoast-schema-graph\">{\"@context\":\"https:\/\/schema.org\",\"@graph\":[{\"@type\":\"WebPage\",\"@id\":\"https:\/\/cozydots.com\/fr\/produit\/guirlande-de-fleurs-sakura-250cm\/\",\"url\":\"https:\/\/cozydots.com\/fr\/produit\/guirlande-de-fleurs-sakura-250cm\/\",\"name\":\"Guirlande de fleurs Sakura 250cm - Cozydots.com\",\"isPartOf\":{\"@id\":\"https:\/\/cozydots.com\/fr\/#website\"},\"primaryImageOfPage\":{\"@id\":\"https:\/\/cozydots.com\/fr\/produit\/guirlande-de-fleurs-sakura-250cm\/#primaryimage\"},\"image\":{\"@id\":\"https:\/\/cozydots.com\/fr\/produit\/guirlande-de-fleurs-sakura-250cm\/#primaryimage\"},\"thumbnailUrl\":\"https:\/\/cozydots.com\/wp-content\/uploads\/2023\/03\/pink-velvet-flowers-.jpg\",\"datePublished\":\"2023-04-12T11:17:58+00:00\",\"dateModified\":\"2023-04-12T11:41:33+00:00\",\"description\":\"La guirlande Daisy est une belle d\u00e9coration d'int\u00e9rieur - la guirlande a 6 fleurs.\",\"breadcrumb\":{\"@id\":\"https:\/\/cozydots.com\/fr\/produit\/guirlande-de-fleurs-sakura-250cm\/#breadcrumb\"},\"inLanguage\":\"fr-FR\",\"potentialAction\":[{\"@type\":\"ReadAction\",\"target\":[\"https:\/\/cozydots.com\/fr\/produit\/guirlande-de-fleurs-sakura-250cm\/\"]}]},{\"@type\":\"ImageObject\",\"inLanguage\":\"fr-FR\",\"@id\":\"https:\/\/cozydots.com\/fr\/produit\/guirlande-de-fleurs-sakura-250cm\/#primaryimage\",\"url\":\"https:\/\/cozydots.com\/wp-content\/uploads\/2023\/03\/pink-velvet-flowers-.jpg\",\"contentUrl\":\"https:\/\/cozydots.com\/wp-content\/uploads\/2023\/03\/pink-velvet-flowers-.jpg\",\"width\":2000,\"height\":1333},{\"@type\":\"BreadcrumbList\",\"@id\":\"https:\/\/cozydots.com\/fr\/produit\/guirlande-de-fleurs-sakura-250cm\/#breadcrumb\",\"itemListElement\":[{\"@type\":\"ListItem\",\"position\":1,\"name\":\"Strona g\u0142\u00f3wna\",\"item\":\"https:\/\/cozydots.com\/fr\/\"},{\"@type\":\"ListItem\",\"position\":2,\"name\":\"Boutique\",\"item\":\"https:\/\/cozydots.com\/fr\/boutique\/\"},{\"@type\":\"ListItem\",\"position\":3,\"name\":\"Guirlande de fleurs Sakura 250cm\"}]},{\"@type\":\"WebSite\",\"@id\":\"https:\/\/cozydots.com\/fr\/#website\",\"url\":\"https:\/\/cozydots.com\/fr\/\",\"name\":\"Cozydots.com\",\"description\":\"Producent namiot\u00f3w Tipi\",\"publisher\":{\"@id\":\"https:\/\/cozydots.com\/fr\/#organization\"},\"potentialAction\":[{\"@type\":\"SearchAction\",\"target\":{\"@type\":\"EntryPoint\",\"urlTemplate\":\"https:\/\/cozydots.com\/fr\/?s={search_term_string}\"},\"query-input\":{\"@type\":\"PropertyValueSpecification\",\"valueRequired\":true,\"valueName\":\"search_term_string\"}}],\"inLanguage\":\"fr-FR\"},{\"@type\":\"Organization\",\"@id\":\"https:\/\/cozydots.com\/fr\/#organization\",\"name\":\"Cozydots.com\",\"url\":\"https:\/\/cozydots.com\/fr\/\",\"logo\":{\"@type\":\"ImageObject\",\"inLanguage\":\"fr-FR\",\"@id\":\"https:\/\/cozydots.com\/fr\/#\/schema\/logo\/image\/\",\"url\":\"https:\/\/cozydots.com\/wp-content\/uploads\/2021\/10\/cozyshop_logo.png\",\"contentUrl\":\"https:\/\/cozydots.com\/wp-content\/uploads\/2021\/10\/cozyshop_logo.png\",\"width\":400,\"height\":121,\"caption\":\"Cozydots.com\"},\"image\":{\"@id\":\"https:\/\/cozydots.com\/fr\/#\/schema\/logo\/image\/\"}}]}<\/script>\n<!-- \/ Yoast SEO plugin. -->","yoast_head_json":{"title":"Guirlande de fleurs Sakura 250cm - Cozydots.com","description":"La guirlande Daisy est une belle d\u00e9coration d'int\u00e9rieur - la guirlande a 6 fleurs.","robots":{"index":"index","follow":"follow","max-snippet":"max-snippet:-1","max-image-preview":"max-image-preview:large","max-video-preview":"max-video-preview:-1"},"canonical":"https:\/\/cozydots.com\/fr\/produit\/guirlande-de-fleurs-sakura-250cm\/","og_locale":"fr_FR","og_type":"article","og_title":"Guirlande de fleurs Sakura 250cm - Cozydots.com","og_description":"La guirlande Daisy est une belle d\u00e9coration d'int\u00e9rieur - la guirlande a 6 fleurs.","og_url":"https:\/\/cozydots.com\/fr\/produit\/guirlande-de-fleurs-sakura-250cm\/","og_site_name":"Cozydots.com","article_modified_time":"2023-04-12T11:41:33+00:00","og_image":[{"width":2000,"height":1333,"url":"https:\/\/cozydots.com\/wp-content\/uploads\/2023\/03\/pink-velvet-flowers-.jpg","type":"image\/jpeg"}],"twitter_card":"summary_large_image","twitter_misc":{"Dur\u00e9e de lecture estim\u00e9e":"1 minute"},"schema":{"@context":"https:\/\/schema.org","@graph":[{"@type":"WebPage","@id":"https:\/\/cozydots.com\/fr\/produit\/guirlande-de-fleurs-sakura-250cm\/","url":"https:\/\/cozydots.com\/fr\/produit\/guirlande-de-fleurs-sakura-250cm\/","name":"Guirlande de fleurs Sakura 250cm - Cozydots.com","isPartOf":{"@id":"https:\/\/cozydots.com\/fr\/#website"},"primaryImageOfPage":{"@id":"https:\/\/cozydots.com\/fr\/produit\/guirlande-de-fleurs-sakura-250cm\/#primaryimage"},"image":{"@id":"https:\/\/cozydots.com\/fr\/produit\/guirlande-de-fleurs-sakura-250cm\/#primaryimage"},"thumbnailUrl":"https:\/\/cozydots.com\/wp-content\/uploads\/2023\/03\/pink-velvet-flowers-.jpg","datePublished":"2023-04-12T11:17:58+00:00","dateModified":"2023-04-12T11:41:33+00:00","description":"La guirlande Daisy est une belle d\u00e9coration d'int\u00e9rieur - la guirlande a 6 fleurs.","breadcrumb":{"@id":"https:\/\/cozydots.com\/fr\/produit\/guirlande-de-fleurs-sakura-250cm\/#breadcrumb"},"inLanguage":"fr-FR","potentialAction":[{"@type":"ReadAction","target":["https:\/\/cozydots.com\/fr\/produit\/guirlande-de-fleurs-sakura-250cm\/"]}]},{"@type":"ImageObject","inLanguage":"fr-FR","@id":"https:\/\/cozydots.com\/fr\/produit\/guirlande-de-fleurs-sakura-250cm\/#primaryimage","url":"https:\/\/cozydots.com\/wp-content\/uploads\/2023\/03\/pink-velvet-flowers-.jpg","contentUrl":"https:\/\/cozydots.com\/wp-content\/uploads\/2023\/03\/pink-velvet-flowers-.jpg","width":2000,"height":1333},{"@type":"BreadcrumbList","@id":"https:\/\/cozydots.com\/fr\/produit\/guirlande-de-fleurs-sakura-250cm\/#breadcrumb","itemListElement":[{"@type":"ListItem","position":1,"name":"Strona g\u0142\u00f3wna","item":"https:\/\/cozydots.com\/fr\/"},{"@type":"ListItem","position":2,"name":"Boutique","item":"https:\/\/cozydots.com\/fr\/boutique\/"},{"@type":"ListItem","position":3,"name":"Guirlande de fleurs Sakura 250cm"}]},{"@type":"WebSite","@id":"https:\/\/cozydots.com\/fr\/#website","url":"https:\/\/cozydots.com\/fr\/","name":"Cozydots.com","description":"Producent namiot\u00f3w Tipi","publisher":{"@id":"https:\/\/cozydots.com\/fr\/#organization"},"potentialAction":[{"@type":"SearchAction","target":{"@type":"EntryPoint","urlTemplate":"https:\/\/cozydots.com\/fr\/?s={search_term_string}"},"query-input":{"@type":"PropertyValueSpecification","valueRequired":true,"valueName":"search_term_string"}}],"inLanguage":"fr-FR"},{"@type":"Organization","@id":"https:\/\/cozydots.com\/fr\/#organization","name":"Cozydots.com","url":"https:\/\/cozydots.com\/fr\/","logo":{"@type":"ImageObject","inLanguage":"fr-FR","@id":"https:\/\/cozydots.com\/fr\/#\/schema\/logo\/image\/","url":"https:\/\/cozydots.com\/wp-content\/uploads\/2021\/10\/cozyshop_logo.png","contentUrl":"https:\/\/cozydots.com\/wp-content\/uploads\/2021\/10\/cozyshop_logo.png","width":400,"height":121,"caption":"Cozydots.com"},"image":{"@id":"https:\/\/cozydots.com\/fr\/#\/schema\/logo\/image\/"}}]}},"_links":{"self":[{"href":"https:\/\/cozydots.com\/fr\/wp-json\/wp\/v2\/product\/55132","targetHints":{"allow":["GET"]}}],"collection":[{"href":"https:\/\/cozydots.com\/fr\/wp-json\/wp\/v2\/product"}],"about":[{"href":"https:\/\/cozydots.com\/fr\/wp-json\/wp\/v2\/types\/product"}],"replies":[{"embeddable":true,"href":"https:\/\/cozydots.com\/fr\/wp-json\/wp\/v2\/comments?post=55132"}],"wp:featuredmedia":[{"embeddable":true,"href":"https:\/\/cozydots.com\/fr\/wp-json\/wp\/v2\/media\/54911"}],"wp:attachment":[{"href":"https:\/\/cozydots.com\/fr\/wp-json\/wp\/v2\/media?parent=55132"}],"wp:term":[{"taxonomy":"product_brand","embeddable":true,"href":"https:\/\/cozydots.com\/fr\/wp-json\/wp\/v2\/product_brand?post=55132"},{"taxonomy":"product_cat","embeddable":true,"href":"https:\/\/cozydots.com\/fr\/wp-json\/wp\/v2\/product_cat?post=55132"},{"taxonomy":"product_tag","embeddable":true,"href":"https:\/\/cozydots.com\/fr\/wp-json\/wp\/v2\/product_tag?post=55132"}],"curies":[{"name":"wp","href":"https:\/\/api.w.org\/{rel}","templated":true}]}}