{"id":55136,"date":"2023-04-12T13:55:18","date_gmt":"2023-04-12T12:20:39","guid":{"rendered":"https:\/\/cozydots.com\/?post_type=product&#038;p=55136"},"modified":"2023-04-12T14:20:39","modified_gmt":"2023-04-12T12:20:39","slug":"oreiller-marguerite-jaune-grand-coussin-fleuri","status":"publish","type":"product","link":"https:\/\/cozydots.com\/fr\/produit\/oreiller-marguerite-jaune-grand-coussin-fleuri\/","title":{"rendered":"Oreiller marguerite jaune &#8211; grand coussin fleuri"},"content":{"rendered":"<p><strong>Coussin en forme de fleur &#8211; marguerite en velours 62\u00d762 cm jaune et blanc.<\/strong><\/p>\n<p>Sans quoi ne pouvons-nous pas imaginer le printemps? Bien s\u00fbr, sans marguerites belles et uniques.<\/p>\n<p>Et c&#8217;est mieux quand ces marguerites sont des oreillers doux et agr\u00e9ables au toucher !<\/p>\n<p><strong>Les coussins de la collection Daisy sont un bel ajout \u00e0 n&#8217;importe quelle pi\u00e8ce. Il d\u00e9corera \u00e0 la fois la chambre, le salon et la chambre des enfants.<\/strong><\/p>\n<p>Chacun trouvera quelque chose pour lui-m\u00eame.<\/p>\n<p>Vous ne pouvez pas garder vos mains sur l&#8217;oreiller de Daisy ! Il est fait de velours tr\u00e8s doux. Ce mat\u00e9riau rend l&#8217;utilisation de l&#8217;oreiller extr\u00eamement agr\u00e9able. Votre enfant adorera s\u00fbrement le c\u00e2liner et l&#8217;emporter avec lui pour toutes les siestes<\/p>\n<p>Vous pouvez choisir des fleurs de plusieurs couleurs diff\u00e9rentes : blanc, jaune, rose fonc\u00e9, rose clair, gris, violet et beige.<\/p>\n<p><span class=\"Apple-converted-space\">\u00a0 <\/span>Dimensions:<\/p>\n<ul>\n<li>62\u00d762cm<\/li>\n<\/ul>\n<p>Composition:<\/p>\n<ul>\n<li>100% velours (certificat CE)<\/li>\n<li><span style=\"color: #555555\">Remplissage d&#8217;oreiller &#8211; boule de silicone, anti-allergique.<\/span><\/li>\n<\/ul>\n<p>La lessive:<\/p>\n<ul>\n<li>Lavable en machine \u00e0 40 degr\u00e9s,<\/li>\n<li><span style=\"color: #555555\">filage &#8211; 800 tours,<\/span><\/li>\n<li><span style=\"color: #555555\">ne pas nettoyer \u00e0 sec, ne pas blanchir,<\/span><\/li>\n<li><span style=\"color: #555555\">Apr\u00e8s le lavage, secouez pour organiser le remplissage,<\/span><\/li>\n<li><span style=\"color: #555555\">s\u00e9cher sur une surface plane.<\/span><\/li>\n<\/ul>\n","protected":false},"excerpt":{"rendered":"<p>Grand et doux coussin d\u00e9coratif en velours Daisy 62x62cm. Il est magnifique sur le canap\u00e9 et le fauteuil.<\/p>\n","protected":false},"featured_media":54645,"comment_status":"open","ping_status":"closed","template":"","meta":[],"product_brand":[],"product_cat":[470],"product_tag":[],"class_list":{"0":"post-55136","1":"product","2":"type-product","3":"status-publish","4":"has-post-thumbnail","6":"product_cat-coussins-et-poufs","8":"first","9":"instock","10":"taxable","11":"shipping-taxable","12":"product-type-simple"},"yoast_head":"<!-- This site is optimized with the Yoast SEO plugin v27.0 - https:\/\/yoast.com\/product\/yoast-seo-wordpress\/ -->\n<title>Oreiller marguerite jaune - grand coussin fleuri - Cozydots.com<\/title>\n<meta name=\"description\" content=\"Grand et doux coussin d\u00e9coratif en velours Daisy 62x62cm. Il est magnifique sur le canap\u00e9 et le fauteuil.\" \/>\n<meta name=\"robots\" content=\"index, follow, max-snippet:-1, max-image-preview:large, max-video-preview:-1\" \/>\n<link rel=\"canonical\" href=\"https:\/\/cozydots.com\/fr\/produit\/oreiller-marguerite-jaune-grand-coussin-fleuri\/\" \/>\n<meta property=\"og:locale\" content=\"fr_FR\" \/>\n<meta property=\"og:type\" content=\"article\" \/>\n<meta property=\"og:title\" content=\"Oreiller marguerite jaune - grand coussin fleuri - Cozydots.com\" \/>\n<meta property=\"og:description\" content=\"Grand et doux coussin d\u00e9coratif en velours Daisy 62x62cm. Il est magnifique sur le canap\u00e9 et le fauteuil.\" \/>\n<meta property=\"og:url\" content=\"https:\/\/cozydots.com\/fr\/produit\/oreiller-marguerite-jaune-grand-coussin-fleuri\/\" \/>\n<meta property=\"og:site_name\" content=\"Cozydots.com\" \/>\n<meta property=\"og:image\" content=\"https:\/\/cozydots.com\/wp-content\/uploads\/2023\/03\/bed-pillows-flower.jpg\" \/>\n\t<meta property=\"og:image:width\" content=\"2000\" \/>\n\t<meta property=\"og:image:height\" content=\"2000\" \/>\n\t<meta property=\"og:image:type\" content=\"image\/jpeg\" \/>\n<meta name=\"twitter:card\" content=\"summary_large_image\" \/>\n<meta name=\"twitter:label1\" content=\"Dur\u00e9e de lecture estim\u00e9e\" \/>\n\t<meta name=\"twitter:data1\" content=\"2 minutes\" \/>\n<script type=\"application\/ld+json\" class=\"yoast-schema-graph\">{\"@context\":\"https:\/\/schema.org\",\"@graph\":[{\"@type\":\"WebPage\",\"@id\":\"https:\/\/cozydots.com\/fr\/produit\/oreiller-marguerite-jaune-grand-coussin-fleuri\/\",\"url\":\"https:\/\/cozydots.com\/fr\/produit\/oreiller-marguerite-jaune-grand-coussin-fleuri\/\",\"name\":\"Oreiller marguerite jaune - grand coussin fleuri - Cozydots.com\",\"isPartOf\":{\"@id\":\"https:\/\/cozydots.com\/fr\/#website\"},\"primaryImageOfPage\":{\"@id\":\"https:\/\/cozydots.com\/fr\/produit\/oreiller-marguerite-jaune-grand-coussin-fleuri\/#primaryimage\"},\"image\":{\"@id\":\"https:\/\/cozydots.com\/fr\/produit\/oreiller-marguerite-jaune-grand-coussin-fleuri\/#primaryimage\"},\"thumbnailUrl\":\"https:\/\/cozydots.com\/wp-content\/uploads\/2023\/03\/bed-pillows-flower.jpg\",\"datePublished\":\"2023-04-12T12:20:39+00:00\",\"description\":\"Grand et doux coussin d\u00e9coratif en velours Daisy 62x62cm. Il est magnifique sur le canap\u00e9 et le fauteuil.\",\"breadcrumb\":{\"@id\":\"https:\/\/cozydots.com\/fr\/produit\/oreiller-marguerite-jaune-grand-coussin-fleuri\/#breadcrumb\"},\"inLanguage\":\"fr-FR\",\"potentialAction\":[{\"@type\":\"ReadAction\",\"target\":[\"https:\/\/cozydots.com\/fr\/produit\/oreiller-marguerite-jaune-grand-coussin-fleuri\/\"]}]},{\"@type\":\"ImageObject\",\"inLanguage\":\"fr-FR\",\"@id\":\"https:\/\/cozydots.com\/fr\/produit\/oreiller-marguerite-jaune-grand-coussin-fleuri\/#primaryimage\",\"url\":\"https:\/\/cozydots.com\/wp-content\/uploads\/2023\/03\/bed-pillows-flower.jpg\",\"contentUrl\":\"https:\/\/cozydots.com\/wp-content\/uploads\/2023\/03\/bed-pillows-flower.jpg\",\"width\":2000,\"height\":2000},{\"@type\":\"BreadcrumbList\",\"@id\":\"https:\/\/cozydots.com\/fr\/produit\/oreiller-marguerite-jaune-grand-coussin-fleuri\/#breadcrumb\",\"itemListElement\":[{\"@type\":\"ListItem\",\"position\":1,\"name\":\"Strona g\u0142\u00f3wna\",\"item\":\"https:\/\/cozydots.com\/fr\/\"},{\"@type\":\"ListItem\",\"position\":2,\"name\":\"Boutique\",\"item\":\"https:\/\/cozydots.com\/fr\/boutique\/\"},{\"@type\":\"ListItem\",\"position\":3,\"name\":\"Oreiller marguerite jaune &#8211; grand coussin fleuri\"}]},{\"@type\":\"WebSite\",\"@id\":\"https:\/\/cozydots.com\/fr\/#website\",\"url\":\"https:\/\/cozydots.com\/fr\/\",\"name\":\"Cozydots.com\",\"description\":\"Producent namiot\u00f3w Tipi\",\"publisher\":{\"@id\":\"https:\/\/cozydots.com\/fr\/#organization\"},\"potentialAction\":[{\"@type\":\"SearchAction\",\"target\":{\"@type\":\"EntryPoint\",\"urlTemplate\":\"https:\/\/cozydots.com\/fr\/?s={search_term_string}\"},\"query-input\":{\"@type\":\"PropertyValueSpecification\",\"valueRequired\":true,\"valueName\":\"search_term_string\"}}],\"inLanguage\":\"fr-FR\"},{\"@type\":\"Organization\",\"@id\":\"https:\/\/cozydots.com\/fr\/#organization\",\"name\":\"Cozydots.com\",\"url\":\"https:\/\/cozydots.com\/fr\/\",\"logo\":{\"@type\":\"ImageObject\",\"inLanguage\":\"fr-FR\",\"@id\":\"https:\/\/cozydots.com\/fr\/#\/schema\/logo\/image\/\",\"url\":\"https:\/\/cozydots.com\/wp-content\/uploads\/2021\/10\/cozyshop_logo.png\",\"contentUrl\":\"https:\/\/cozydots.com\/wp-content\/uploads\/2021\/10\/cozyshop_logo.png\",\"width\":400,\"height\":121,\"caption\":\"Cozydots.com\"},\"image\":{\"@id\":\"https:\/\/cozydots.com\/fr\/#\/schema\/logo\/image\/\"}}]}<\/script>\n<!-- \/ Yoast SEO plugin. -->","yoast_head_json":{"title":"Oreiller marguerite jaune - grand coussin fleuri - Cozydots.com","description":"Grand et doux coussin d\u00e9coratif en velours Daisy 62x62cm. Il est magnifique sur le canap\u00e9 et le fauteuil.","robots":{"index":"index","follow":"follow","max-snippet":"max-snippet:-1","max-image-preview":"max-image-preview:large","max-video-preview":"max-video-preview:-1"},"canonical":"https:\/\/cozydots.com\/fr\/produit\/oreiller-marguerite-jaune-grand-coussin-fleuri\/","og_locale":"fr_FR","og_type":"article","og_title":"Oreiller marguerite jaune - grand coussin fleuri - Cozydots.com","og_description":"Grand et doux coussin d\u00e9coratif en velours Daisy 62x62cm. Il est magnifique sur le canap\u00e9 et le fauteuil.","og_url":"https:\/\/cozydots.com\/fr\/produit\/oreiller-marguerite-jaune-grand-coussin-fleuri\/","og_site_name":"Cozydots.com","og_image":[{"width":2000,"height":2000,"url":"https:\/\/cozydots.com\/wp-content\/uploads\/2023\/03\/bed-pillows-flower.jpg","type":"image\/jpeg"}],"twitter_card":"summary_large_image","twitter_misc":{"Dur\u00e9e de lecture estim\u00e9e":"2 minutes"},"schema":{"@context":"https:\/\/schema.org","@graph":[{"@type":"WebPage","@id":"https:\/\/cozydots.com\/fr\/produit\/oreiller-marguerite-jaune-grand-coussin-fleuri\/","url":"https:\/\/cozydots.com\/fr\/produit\/oreiller-marguerite-jaune-grand-coussin-fleuri\/","name":"Oreiller marguerite jaune - grand coussin fleuri - Cozydots.com","isPartOf":{"@id":"https:\/\/cozydots.com\/fr\/#website"},"primaryImageOfPage":{"@id":"https:\/\/cozydots.com\/fr\/produit\/oreiller-marguerite-jaune-grand-coussin-fleuri\/#primaryimage"},"image":{"@id":"https:\/\/cozydots.com\/fr\/produit\/oreiller-marguerite-jaune-grand-coussin-fleuri\/#primaryimage"},"thumbnailUrl":"https:\/\/cozydots.com\/wp-content\/uploads\/2023\/03\/bed-pillows-flower.jpg","datePublished":"2023-04-12T12:20:39+00:00","description":"Grand et doux coussin d\u00e9coratif en velours Daisy 62x62cm. Il est magnifique sur le canap\u00e9 et le fauteuil.","breadcrumb":{"@id":"https:\/\/cozydots.com\/fr\/produit\/oreiller-marguerite-jaune-grand-coussin-fleuri\/#breadcrumb"},"inLanguage":"fr-FR","potentialAction":[{"@type":"ReadAction","target":["https:\/\/cozydots.com\/fr\/produit\/oreiller-marguerite-jaune-grand-coussin-fleuri\/"]}]},{"@type":"ImageObject","inLanguage":"fr-FR","@id":"https:\/\/cozydots.com\/fr\/produit\/oreiller-marguerite-jaune-grand-coussin-fleuri\/#primaryimage","url":"https:\/\/cozydots.com\/wp-content\/uploads\/2023\/03\/bed-pillows-flower.jpg","contentUrl":"https:\/\/cozydots.com\/wp-content\/uploads\/2023\/03\/bed-pillows-flower.jpg","width":2000,"height":2000},{"@type":"BreadcrumbList","@id":"https:\/\/cozydots.com\/fr\/produit\/oreiller-marguerite-jaune-grand-coussin-fleuri\/#breadcrumb","itemListElement":[{"@type":"ListItem","position":1,"name":"Strona g\u0142\u00f3wna","item":"https:\/\/cozydots.com\/fr\/"},{"@type":"ListItem","position":2,"name":"Boutique","item":"https:\/\/cozydots.com\/fr\/boutique\/"},{"@type":"ListItem","position":3,"name":"Oreiller marguerite jaune &#8211; grand coussin fleuri"}]},{"@type":"WebSite","@id":"https:\/\/cozydots.com\/fr\/#website","url":"https:\/\/cozydots.com\/fr\/","name":"Cozydots.com","description":"Producent namiot\u00f3w Tipi","publisher":{"@id":"https:\/\/cozydots.com\/fr\/#organization"},"potentialAction":[{"@type":"SearchAction","target":{"@type":"EntryPoint","urlTemplate":"https:\/\/cozydots.com\/fr\/?s={search_term_string}"},"query-input":{"@type":"PropertyValueSpecification","valueRequired":true,"valueName":"search_term_string"}}],"inLanguage":"fr-FR"},{"@type":"Organization","@id":"https:\/\/cozydots.com\/fr\/#organization","name":"Cozydots.com","url":"https:\/\/cozydots.com\/fr\/","logo":{"@type":"ImageObject","inLanguage":"fr-FR","@id":"https:\/\/cozydots.com\/fr\/#\/schema\/logo\/image\/","url":"https:\/\/cozydots.com\/wp-content\/uploads\/2021\/10\/cozyshop_logo.png","contentUrl":"https:\/\/cozydots.com\/wp-content\/uploads\/2021\/10\/cozyshop_logo.png","width":400,"height":121,"caption":"Cozydots.com"},"image":{"@id":"https:\/\/cozydots.com\/fr\/#\/schema\/logo\/image\/"}}]}},"_links":{"self":[{"href":"https:\/\/cozydots.com\/fr\/wp-json\/wp\/v2\/product\/55136","targetHints":{"allow":["GET"]}}],"collection":[{"href":"https:\/\/cozydots.com\/fr\/wp-json\/wp\/v2\/product"}],"about":[{"href":"https:\/\/cozydots.com\/fr\/wp-json\/wp\/v2\/types\/product"}],"replies":[{"embeddable":true,"href":"https:\/\/cozydots.com\/fr\/wp-json\/wp\/v2\/comments?post=55136"}],"wp:featuredmedia":[{"embeddable":true,"href":"https:\/\/cozydots.com\/fr\/wp-json\/wp\/v2\/media\/54645"}],"wp:attachment":[{"href":"https:\/\/cozydots.com\/fr\/wp-json\/wp\/v2\/media?parent=55136"}],"wp:term":[{"taxonomy":"product_brand","embeddable":true,"href":"https:\/\/cozydots.com\/fr\/wp-json\/wp\/v2\/product_brand?post=55136"},{"taxonomy":"product_cat","embeddable":true,"href":"https:\/\/cozydots.com\/fr\/wp-json\/wp\/v2\/product_cat?post=55136"},{"taxonomy":"product_tag","embeddable":true,"href":"https:\/\/cozydots.com\/fr\/wp-json\/wp\/v2\/product_tag?post=55136"}],"curies":[{"name":"wp","href":"https:\/\/api.w.org\/{rel}","templated":true}]}}