{"id":55169,"date":"2023-04-13T18:16:26","date_gmt":"2023-04-13T16:16:26","guid":{"rendered":"https:\/\/cozydots.com\/?post_type=product&#038;p=55169"},"modified":"2023-05-21T23:38:45","modified_gmt":"2023-05-21T21:38:45","slug":"tapis-enfant-en-velours-sakura-tapis-de-jeu-fleur-112x112-cm","status":"publish","type":"product","link":"https:\/\/cozydots.com\/fr\/produit\/tapis-enfant-en-velours-sakura-tapis-de-jeu-fleur-112x112-cm\/","title":{"rendered":"Tapis enfant en velours Sakura, tapis de jeu fleur 112\u00d7112 cm"},"content":{"rendered":"<p><img loading=\"lazy\" decoding=\"async\" class=\"alignnone size-medium wp-image-54890 alignright\" src=\"https:\/\/cozydots.com\/wp-content\/uploads\/2023\/03\/pink-flower-mat--400x400.jpg\" alt=\"\" width=\"400\" height=\"400\" srcset=\"https:\/\/cozydots.com\/wp-content\/uploads\/2023\/03\/pink-flower-mat--400x400.jpg 400w, https:\/\/cozydots.com\/wp-content\/uploads\/2023\/03\/pink-flower-mat--1200x1200.jpg 1200w, https:\/\/cozydots.com\/wp-content\/uploads\/2023\/03\/pink-flower-mat--150x150.jpg 150w, https:\/\/cozydots.com\/wp-content\/uploads\/2023\/03\/pink-flower-mat--768x768.jpg 768w, https:\/\/cozydots.com\/wp-content\/uploads\/2023\/03\/pink-flower-mat--1536x1536.jpg 1536w, https:\/\/cozydots.com\/wp-content\/uploads\/2023\/03\/pink-flower-mat--470x470.jpg 470w, https:\/\/cozydots.com\/wp-content\/uploads\/2023\/03\/pink-flower-mat--800x800.jpg 800w, https:\/\/cozydots.com\/wp-content\/uploads\/2023\/03\/pink-flower-mat--100x100.jpg 100w, https:\/\/cozydots.com\/wp-content\/uploads\/2023\/03\/pink-flower-mat-.jpg 2000w\" sizes=\"auto, (max-width: 400px) 100vw, 400px\" \/><\/p>\n<h3><strong>Un tapis moelleux en velours \u00e9pais en forme de fleur Sakura<\/strong><\/h3>\n<p>Le tapis est parfait comme \u00e9l\u00e9ment d\u00e9coratif dans une chambre d&#8217;enfant, un tapis moelleux &#8211; un tapis de jeu.<\/p>\n<p>Le tapis est conforme \u00e0 la collection Japan Garden, qui comprend des oreillers, des guirlandes et des tentes tipi.<\/p>\n<p>Tapis de jeu Sakura de couleur rose et blanc, tapis en forme de fleur,<\/p>\n<ul>\n<li>112 \u00d7 112 cm<\/li>\n<\/ul>\n<p>Tissu :<\/p>\n<ul>\n<li>Velours velours &#8211; CE,<\/li>\n<li>rembourrage &#8211; mousse antiallergique<\/li>\n<\/ul>\n<p>M\u00e9thode de soin :<\/p>\n<ul>\n<li>Ne pas repasser<\/li>\n<li><span style=\"color: #555555\">Lavable en machine \u00e0 40 degr\u00e9s, essorage &#8211; 800 tours<\/span><\/li>\n<li><span style=\"color: #555555\">Ne pas nettoyer \u00e0 sec<\/span><\/li>\n<li><span style=\"color: #555555\">Ne pas javelliser<\/span><\/li>\n<\/ul>\n<p>Con\u00e7u et cousu en Pologne par Cozy &amp; Dozy.<\/p>\n","protected":false},"excerpt":{"rendered":"<p>Un tapis de jeu en forme de fleur. Tapis Sakura 112 \u00d7 112 cm en velours \u00e9pais.<\/p>\n","protected":false},"featured_media":55173,"comment_status":"open","ping_status":"closed","template":"","meta":[],"product_brand":[],"product_cat":[472],"product_tag":[],"class_list":{"0":"post-55169","1":"product","2":"type-product","3":"status-publish","4":"has-post-thumbnail","6":"product_cat-sacs-et-tapis-de-jeux","8":"first","9":"instock","10":"taxable","11":"shipping-taxable","12":"product-type-simple"},"yoast_head":"<!-- This site is optimized with the Yoast SEO plugin v27.0 - https:\/\/yoast.com\/product\/yoast-seo-wordpress\/ -->\n<title>Tapis enfant en velours Sakura, tapis de jeu fleur 112\u00d7112 cm - Cozydots.com<\/title>\n<meta name=\"description\" content=\"Un tapis de jeu en forme de fleur. Tapis Sakura 112 \u00d7 112 cm en velours \u00e9pais.\" \/>\n<meta name=\"robots\" content=\"index, follow, max-snippet:-1, max-image-preview:large, max-video-preview:-1\" \/>\n<link rel=\"canonical\" href=\"https:\/\/cozydots.com\/fr\/produit\/tapis-enfant-en-velours-sakura-tapis-de-jeu-fleur-112x112-cm\/\" \/>\n<meta property=\"og:locale\" content=\"fr_FR\" \/>\n<meta property=\"og:type\" content=\"article\" \/>\n<meta property=\"og:title\" content=\"Tapis enfant en velours Sakura, tapis de jeu fleur 112\u00d7112 cm - Cozydots.com\" \/>\n<meta property=\"og:description\" content=\"Un tapis de jeu en forme de fleur. Tapis Sakura 112 \u00d7 112 cm en velours \u00e9pais.\" \/>\n<meta property=\"og:url\" content=\"https:\/\/cozydots.com\/fr\/produit\/tapis-enfant-en-velours-sakura-tapis-de-jeu-fleur-112x112-cm\/\" \/>\n<meta property=\"og:site_name\" content=\"Cozydots.com\" \/>\n<meta property=\"article:modified_time\" content=\"2023-05-21T21:38:45+00:00\" \/>\n<meta property=\"og:image\" content=\"https:\/\/cozydots.com\/wp-content\/uploads\/2023\/04\/sakura-play-mat.jpeg\" \/>\n\t<meta property=\"og:image:width\" content=\"1200\" \/>\n\t<meta property=\"og:image:height\" content=\"1200\" \/>\n\t<meta property=\"og:image:type\" content=\"image\/jpeg\" \/>\n<meta name=\"twitter:card\" content=\"summary_large_image\" \/>\n<meta name=\"twitter:label1\" content=\"Dur\u00e9e de lecture estim\u00e9e\" \/>\n\t<meta name=\"twitter:data1\" content=\"1 minute\" \/>\n<script type=\"application\/ld+json\" class=\"yoast-schema-graph\">{\"@context\":\"https:\/\/schema.org\",\"@graph\":[{\"@type\":\"WebPage\",\"@id\":\"https:\/\/cozydots.com\/fr\/produit\/tapis-enfant-en-velours-sakura-tapis-de-jeu-fleur-112x112-cm\/\",\"url\":\"https:\/\/cozydots.com\/fr\/produit\/tapis-enfant-en-velours-sakura-tapis-de-jeu-fleur-112x112-cm\/\",\"name\":\"Tapis enfant en velours Sakura, tapis de jeu fleur 112\u00d7112 cm - Cozydots.com\",\"isPartOf\":{\"@id\":\"https:\/\/cozydots.com\/fr\/#website\"},\"primaryImageOfPage\":{\"@id\":\"https:\/\/cozydots.com\/fr\/produit\/tapis-enfant-en-velours-sakura-tapis-de-jeu-fleur-112x112-cm\/#primaryimage\"},\"image\":{\"@id\":\"https:\/\/cozydots.com\/fr\/produit\/tapis-enfant-en-velours-sakura-tapis-de-jeu-fleur-112x112-cm\/#primaryimage\"},\"thumbnailUrl\":\"https:\/\/cozydots.com\/wp-content\/uploads\/2023\/04\/sakura-play-mat.jpeg\",\"datePublished\":\"2023-04-13T16:16:26+00:00\",\"dateModified\":\"2023-05-21T21:38:45+00:00\",\"description\":\"Un tapis de jeu en forme de fleur. Tapis Sakura 112 \u00d7 112 cm en velours \u00e9pais.\",\"breadcrumb\":{\"@id\":\"https:\/\/cozydots.com\/fr\/produit\/tapis-enfant-en-velours-sakura-tapis-de-jeu-fleur-112x112-cm\/#breadcrumb\"},\"inLanguage\":\"fr-FR\",\"potentialAction\":[{\"@type\":\"ReadAction\",\"target\":[\"https:\/\/cozydots.com\/fr\/produit\/tapis-enfant-en-velours-sakura-tapis-de-jeu-fleur-112x112-cm\/\"]}]},{\"@type\":\"ImageObject\",\"inLanguage\":\"fr-FR\",\"@id\":\"https:\/\/cozydots.com\/fr\/produit\/tapis-enfant-en-velours-sakura-tapis-de-jeu-fleur-112x112-cm\/#primaryimage\",\"url\":\"https:\/\/cozydots.com\/wp-content\/uploads\/2023\/04\/sakura-play-mat.jpeg\",\"contentUrl\":\"https:\/\/cozydots.com\/wp-content\/uploads\/2023\/04\/sakura-play-mat.jpeg\",\"width\":1200,\"height\":1200},{\"@type\":\"BreadcrumbList\",\"@id\":\"https:\/\/cozydots.com\/fr\/produit\/tapis-enfant-en-velours-sakura-tapis-de-jeu-fleur-112x112-cm\/#breadcrumb\",\"itemListElement\":[{\"@type\":\"ListItem\",\"position\":1,\"name\":\"Strona g\u0142\u00f3wna\",\"item\":\"https:\/\/cozydots.com\/fr\/\"},{\"@type\":\"ListItem\",\"position\":2,\"name\":\"Boutique\",\"item\":\"https:\/\/cozydots.com\/fr\/boutique\/\"},{\"@type\":\"ListItem\",\"position\":3,\"name\":\"Tapis enfant en velours Sakura, tapis de jeu fleur 112\u00d7112 cm\"}]},{\"@type\":\"WebSite\",\"@id\":\"https:\/\/cozydots.com\/fr\/#website\",\"url\":\"https:\/\/cozydots.com\/fr\/\",\"name\":\"Cozydots.com\",\"description\":\"Producent namiot\u00f3w Tipi\",\"publisher\":{\"@id\":\"https:\/\/cozydots.com\/fr\/#organization\"},\"potentialAction\":[{\"@type\":\"SearchAction\",\"target\":{\"@type\":\"EntryPoint\",\"urlTemplate\":\"https:\/\/cozydots.com\/fr\/?s={search_term_string}\"},\"query-input\":{\"@type\":\"PropertyValueSpecification\",\"valueRequired\":true,\"valueName\":\"search_term_string\"}}],\"inLanguage\":\"fr-FR\"},{\"@type\":\"Organization\",\"@id\":\"https:\/\/cozydots.com\/fr\/#organization\",\"name\":\"Cozydots.com\",\"url\":\"https:\/\/cozydots.com\/fr\/\",\"logo\":{\"@type\":\"ImageObject\",\"inLanguage\":\"fr-FR\",\"@id\":\"https:\/\/cozydots.com\/fr\/#\/schema\/logo\/image\/\",\"url\":\"https:\/\/cozydots.com\/wp-content\/uploads\/2021\/10\/cozyshop_logo.png\",\"contentUrl\":\"https:\/\/cozydots.com\/wp-content\/uploads\/2021\/10\/cozyshop_logo.png\",\"width\":400,\"height\":121,\"caption\":\"Cozydots.com\"},\"image\":{\"@id\":\"https:\/\/cozydots.com\/fr\/#\/schema\/logo\/image\/\"}}]}<\/script>\n<!-- \/ Yoast SEO plugin. -->","yoast_head_json":{"title":"Tapis enfant en velours Sakura, tapis de jeu fleur 112\u00d7112 cm - Cozydots.com","description":"Un tapis de jeu en forme de fleur. Tapis Sakura 112 \u00d7 112 cm en velours \u00e9pais.","robots":{"index":"index","follow":"follow","max-snippet":"max-snippet:-1","max-image-preview":"max-image-preview:large","max-video-preview":"max-video-preview:-1"},"canonical":"https:\/\/cozydots.com\/fr\/produit\/tapis-enfant-en-velours-sakura-tapis-de-jeu-fleur-112x112-cm\/","og_locale":"fr_FR","og_type":"article","og_title":"Tapis enfant en velours Sakura, tapis de jeu fleur 112\u00d7112 cm - Cozydots.com","og_description":"Un tapis de jeu en forme de fleur. Tapis Sakura 112 \u00d7 112 cm en velours \u00e9pais.","og_url":"https:\/\/cozydots.com\/fr\/produit\/tapis-enfant-en-velours-sakura-tapis-de-jeu-fleur-112x112-cm\/","og_site_name":"Cozydots.com","article_modified_time":"2023-05-21T21:38:45+00:00","og_image":[{"width":1200,"height":1200,"url":"https:\/\/cozydots.com\/wp-content\/uploads\/2023\/04\/sakura-play-mat.jpeg","type":"image\/jpeg"}],"twitter_card":"summary_large_image","twitter_misc":{"Dur\u00e9e de lecture estim\u00e9e":"1 minute"},"schema":{"@context":"https:\/\/schema.org","@graph":[{"@type":"WebPage","@id":"https:\/\/cozydots.com\/fr\/produit\/tapis-enfant-en-velours-sakura-tapis-de-jeu-fleur-112x112-cm\/","url":"https:\/\/cozydots.com\/fr\/produit\/tapis-enfant-en-velours-sakura-tapis-de-jeu-fleur-112x112-cm\/","name":"Tapis enfant en velours Sakura, tapis de jeu fleur 112\u00d7112 cm - Cozydots.com","isPartOf":{"@id":"https:\/\/cozydots.com\/fr\/#website"},"primaryImageOfPage":{"@id":"https:\/\/cozydots.com\/fr\/produit\/tapis-enfant-en-velours-sakura-tapis-de-jeu-fleur-112x112-cm\/#primaryimage"},"image":{"@id":"https:\/\/cozydots.com\/fr\/produit\/tapis-enfant-en-velours-sakura-tapis-de-jeu-fleur-112x112-cm\/#primaryimage"},"thumbnailUrl":"https:\/\/cozydots.com\/wp-content\/uploads\/2023\/04\/sakura-play-mat.jpeg","datePublished":"2023-04-13T16:16:26+00:00","dateModified":"2023-05-21T21:38:45+00:00","description":"Un tapis de jeu en forme de fleur. Tapis Sakura 112 \u00d7 112 cm en velours \u00e9pais.","breadcrumb":{"@id":"https:\/\/cozydots.com\/fr\/produit\/tapis-enfant-en-velours-sakura-tapis-de-jeu-fleur-112x112-cm\/#breadcrumb"},"inLanguage":"fr-FR","potentialAction":[{"@type":"ReadAction","target":["https:\/\/cozydots.com\/fr\/produit\/tapis-enfant-en-velours-sakura-tapis-de-jeu-fleur-112x112-cm\/"]}]},{"@type":"ImageObject","inLanguage":"fr-FR","@id":"https:\/\/cozydots.com\/fr\/produit\/tapis-enfant-en-velours-sakura-tapis-de-jeu-fleur-112x112-cm\/#primaryimage","url":"https:\/\/cozydots.com\/wp-content\/uploads\/2023\/04\/sakura-play-mat.jpeg","contentUrl":"https:\/\/cozydots.com\/wp-content\/uploads\/2023\/04\/sakura-play-mat.jpeg","width":1200,"height":1200},{"@type":"BreadcrumbList","@id":"https:\/\/cozydots.com\/fr\/produit\/tapis-enfant-en-velours-sakura-tapis-de-jeu-fleur-112x112-cm\/#breadcrumb","itemListElement":[{"@type":"ListItem","position":1,"name":"Strona g\u0142\u00f3wna","item":"https:\/\/cozydots.com\/fr\/"},{"@type":"ListItem","position":2,"name":"Boutique","item":"https:\/\/cozydots.com\/fr\/boutique\/"},{"@type":"ListItem","position":3,"name":"Tapis enfant en velours Sakura, tapis de jeu fleur 112\u00d7112 cm"}]},{"@type":"WebSite","@id":"https:\/\/cozydots.com\/fr\/#website","url":"https:\/\/cozydots.com\/fr\/","name":"Cozydots.com","description":"Producent namiot\u00f3w Tipi","publisher":{"@id":"https:\/\/cozydots.com\/fr\/#organization"},"potentialAction":[{"@type":"SearchAction","target":{"@type":"EntryPoint","urlTemplate":"https:\/\/cozydots.com\/fr\/?s={search_term_string}"},"query-input":{"@type":"PropertyValueSpecification","valueRequired":true,"valueName":"search_term_string"}}],"inLanguage":"fr-FR"},{"@type":"Organization","@id":"https:\/\/cozydots.com\/fr\/#organization","name":"Cozydots.com","url":"https:\/\/cozydots.com\/fr\/","logo":{"@type":"ImageObject","inLanguage":"fr-FR","@id":"https:\/\/cozydots.com\/fr\/#\/schema\/logo\/image\/","url":"https:\/\/cozydots.com\/wp-content\/uploads\/2021\/10\/cozyshop_logo.png","contentUrl":"https:\/\/cozydots.com\/wp-content\/uploads\/2021\/10\/cozyshop_logo.png","width":400,"height":121,"caption":"Cozydots.com"},"image":{"@id":"https:\/\/cozydots.com\/fr\/#\/schema\/logo\/image\/"}}]}},"_links":{"self":[{"href":"https:\/\/cozydots.com\/fr\/wp-json\/wp\/v2\/product\/55169","targetHints":{"allow":["GET"]}}],"collection":[{"href":"https:\/\/cozydots.com\/fr\/wp-json\/wp\/v2\/product"}],"about":[{"href":"https:\/\/cozydots.com\/fr\/wp-json\/wp\/v2\/types\/product"}],"replies":[{"embeddable":true,"href":"https:\/\/cozydots.com\/fr\/wp-json\/wp\/v2\/comments?post=55169"}],"wp:featuredmedia":[{"embeddable":true,"href":"https:\/\/cozydots.com\/fr\/wp-json\/wp\/v2\/media\/55173"}],"wp:attachment":[{"href":"https:\/\/cozydots.com\/fr\/wp-json\/wp\/v2\/media?parent=55169"}],"wp:term":[{"taxonomy":"product_brand","embeddable":true,"href":"https:\/\/cozydots.com\/fr\/wp-json\/wp\/v2\/product_brand?post=55169"},{"taxonomy":"product_cat","embeddable":true,"href":"https:\/\/cozydots.com\/fr\/wp-json\/wp\/v2\/product_cat?post=55169"},{"taxonomy":"product_tag","embeddable":true,"href":"https:\/\/cozydots.com\/fr\/wp-json\/wp\/v2\/product_tag?post=55169"}],"curies":[{"name":"wp","href":"https:\/\/api.w.org\/{rel}","templated":true}]}}