{"id":6210,"date":"2017-08-03T15:16:39","date_gmt":"2018-02-27T10:17:58","guid":{"rendered":"https:\/\/cozydots.com\/?post_type=product&#038;p=6210"},"modified":"2025-10-21T16:20:59","modified_gmt":"2025-10-21T14:20:59","slug":"tipie-tente-pour-enfant-mexican","status":"publish","type":"product","link":"https:\/\/cozydots.com\/fr\/produit\/tipie-tente-pour-enfant-mexican\/","title":{"rendered":"Tipie tente pour enfant Aztec"},"content":{"rendered":"<h3>Tipi tente pour les enfants indiens avec les mod\u00e8les azt\u00e8ques<\/h3>\n<p>La tente d&#8217;enfants mexicaine faite \u00e0 la main de Cozyshop est un endroit <strong>id\u00e9al pour les petits aventuriers et les voyageurs. La toile de coton de couleur naturelle \u00e9tait recouverte d&#8217;un tissu turquoise \u00e0 motif g\u00e9om\u00e9trique sur le dessus et l&#8217;entr\u00e9e \u00e9tait orn\u00e9e d&#8217;un ruban avec des franges indiennes de couleur brune.<\/strong> Ces blagues d&#8217;enfants \u00e0 motifs plaisanteront particuli\u00e8rement aux gar\u00e7ons et fonctionneront aussi bien dans la chambre d&#8217;enfant que dans la cour.<\/p>\n<p>La toile <strong>wigwam robuste est un tissu de coton naturel et respirant<\/strong>. Tipi prot\u00e9gera contre le vent et le soleil tout en jouant \u00e0 l&#8217;ext\u00e9rieur et offrira une cachette confortable pour l&#8217;enfant, pouvant accueillir facilement ses jouets et ses livres pr\u00e9f\u00e9r\u00e9s.\u00a0<strong>La fen\u00eatre ouvrante soutient en outre le flux d&#8217;air, de sorte qu&#8217;il ne fasse pas trop chaud \u00e0 l&#8217;int\u00e9rieur.<\/strong><\/p>\n<p>Nos pointes sont enti\u00e8rement faites \u00e0 la main, avec le plus grand soin et le plus grand soin du d\u00e9tail. Chaque exemplaire est unique. C&#8217;est pourquoi vous \u00eates confiant de donner \u00e0 votre enfant un produit de la plus haute qualit\u00e9.<\/p>\n<h3>Le kit de conseils Aztec de Cozyshop comprend les articles suivants:<\/h3>\n<ul>\n<li>tipi tente<\/li>\n<li>4 poteaux en bois de pin naturel (cadre)<\/li>\n<li>stabilizer<\/li>\n<\/ul>\n<h3>Dimensions:<\/h3>\n<ul>\n<li>Hauteur du tippee apr\u00e8s d\u00e9pliage: 150 cm<\/li>\n<li>Hauteur du tapi apr\u00e8s pliage: 170 cm<\/li>\n<li>Surface du tipi: env. 110\u00d7110 cm<\/li>\n<\/ul>\n<p><strong>La tente a 2-3 enfants.<\/strong> Il peut \u00eatre facilement pli\u00e9 et rang\u00e9 dans un sac sp\u00e9cial avec poign\u00e9e, qui fait partie int\u00e9grante de l&#8217;ensemble.<\/p>\n<h3>Composition:<\/h3>\n<ul>\n<li>100% coton.<\/li>\n<li>Il a re\u00e7u le certificat et le certificat CE.<\/li>\n<\/ul>\n<p>Les tissus dont nous cousons nos tentes proviennent d&#8217;Europe et sont certifi\u00e9s et homologu\u00e9s pour la s\u00e9curit\u00e9 des enfants.\u00a0 Tipi a \u00e9t\u00e9 produit en Pologne.<\/p>\n<h3>Attention:<\/h3>\n<ul>\n<li>Lavable en machine \u00e0 40 degr\u00e9s, centrifugation &#8211; 800 tours.<\/li>\n<li>Ne pas laver chimiquement<\/li>\n<li>Ne pas javelliser<\/li>\n<\/ul>\n<p>D\u00e9lai de livraison: 1-2 jours ouvrables + d\u00e9lai de livraison.<\/p>\n<p>Nous nous ferons un plaisir de coudre le tipi sp\u00e9cialement pour vous &#8211; selon votre id\u00e9e. \u00c9crivez-nous pour en savoir plus.<\/p>\n<p>Traduit avec www.DeepL.com\/Translator<\/p>\n","protected":false},"excerpt":{"rendered":"<p>Maison de tipi indienne de style azt\u00e8que pour enfants.<\/p>\n","protected":false},"featured_media":41470,"comment_status":"open","ping_status":"closed","template":"","meta":[],"product_brand":[],"product_cat":[469],"product_tag":[],"class_list":{"0":"post-6210","1":"product","2":"type-product","3":"status-publish","4":"has-post-thumbnail","6":"product_cat-tentes-tipi","8":"first","9":"instock","10":"sale","11":"taxable","12":"shipping-taxable","13":"product-type-simple"},"yoast_head":"<!-- This site is optimized with the Yoast SEO plugin v27.0 - https:\/\/yoast.com\/product\/yoast-seo-wordpress\/ -->\n<title>Tipie tente pour enfant Aztec - Cozydots.com<\/title>\n<meta name=\"robots\" content=\"index, follow, max-snippet:-1, max-image-preview:large, max-video-preview:-1\" \/>\n<link rel=\"canonical\" href=\"https:\/\/cozydots.com\/fr\/produit\/tipie-tente-pour-enfant-mexican\/\" \/>\n<meta property=\"og:locale\" content=\"fr_FR\" \/>\n<meta property=\"og:type\" content=\"article\" \/>\n<meta property=\"og:title\" content=\"Tipie tente pour enfant Aztec - Cozydots.com\" \/>\n<meta property=\"og:description\" content=\"Maison de tipi indienne de style azt\u00e8que pour enfants.\" \/>\n<meta property=\"og:url\" content=\"https:\/\/cozydots.com\/fr\/produit\/tipie-tente-pour-enfant-mexican\/\" \/>\n<meta property=\"og:site_name\" content=\"Cozydots.com\" \/>\n<meta property=\"article:modified_time\" content=\"2025-10-21T14:20:59+00:00\" \/>\n<meta property=\"og:image\" content=\"https:\/\/cozydots.com\/wp-content\/uploads\/2021\/11\/pp-1494.jpg\" \/>\n\t<meta property=\"og:image:width\" content=\"1200\" \/>\n\t<meta property=\"og:image:height\" content=\"1200\" \/>\n\t<meta property=\"og:image:type\" content=\"image\/jpeg\" \/>\n<meta name=\"twitter:card\" content=\"summary_large_image\" \/>\n<meta name=\"twitter:label1\" content=\"Dur\u00e9e de lecture estim\u00e9e\" \/>\n\t<meta name=\"twitter:data1\" content=\"3 minutes\" \/>\n<script type=\"application\/ld+json\" class=\"yoast-schema-graph\">{\"@context\":\"https:\/\/schema.org\",\"@graph\":[{\"@type\":\"WebPage\",\"@id\":\"https:\/\/cozydots.com\/fr\/produit\/tipie-tente-pour-enfant-mexican\/\",\"url\":\"https:\/\/cozydots.com\/fr\/produit\/tipie-tente-pour-enfant-mexican\/\",\"name\":\"Tipie tente pour enfant Aztec - Cozydots.com\",\"isPartOf\":{\"@id\":\"https:\/\/cozydots.com\/fr\/#website\"},\"primaryImageOfPage\":{\"@id\":\"https:\/\/cozydots.com\/fr\/produit\/tipie-tente-pour-enfant-mexican\/#primaryimage\"},\"image\":{\"@id\":\"https:\/\/cozydots.com\/fr\/produit\/tipie-tente-pour-enfant-mexican\/#primaryimage\"},\"thumbnailUrl\":\"https:\/\/cozydots.com\/wp-content\/uploads\/2021\/11\/pp-1494.jpg\",\"datePublished\":\"2018-02-27T10:17:58+00:00\",\"dateModified\":\"2025-10-21T14:20:59+00:00\",\"breadcrumb\":{\"@id\":\"https:\/\/cozydots.com\/fr\/produit\/tipie-tente-pour-enfant-mexican\/#breadcrumb\"},\"inLanguage\":\"fr-FR\",\"potentialAction\":[{\"@type\":\"ReadAction\",\"target\":[\"https:\/\/cozydots.com\/fr\/produit\/tipie-tente-pour-enfant-mexican\/\"]}]},{\"@type\":\"ImageObject\",\"inLanguage\":\"fr-FR\",\"@id\":\"https:\/\/cozydots.com\/fr\/produit\/tipie-tente-pour-enfant-mexican\/#primaryimage\",\"url\":\"https:\/\/cozydots.com\/wp-content\/uploads\/2021\/11\/pp-1494.jpg\",\"contentUrl\":\"https:\/\/cozydots.com\/wp-content\/uploads\/2021\/11\/pp-1494.jpg\",\"width\":1200,\"height\":1200},{\"@type\":\"BreadcrumbList\",\"@id\":\"https:\/\/cozydots.com\/fr\/produit\/tipie-tente-pour-enfant-mexican\/#breadcrumb\",\"itemListElement\":[{\"@type\":\"ListItem\",\"position\":1,\"name\":\"Strona g\u0142\u00f3wna\",\"item\":\"https:\/\/cozydots.com\/fr\/\"},{\"@type\":\"ListItem\",\"position\":2,\"name\":\"Boutique\",\"item\":\"https:\/\/cozydots.com\/fr\/boutique\/\"},{\"@type\":\"ListItem\",\"position\":3,\"name\":\"Tipie tente pour enfant Aztec\"}]},{\"@type\":\"WebSite\",\"@id\":\"https:\/\/cozydots.com\/fr\/#website\",\"url\":\"https:\/\/cozydots.com\/fr\/\",\"name\":\"Cozydots.com\",\"description\":\"Producent namiot\u00f3w Tipi\",\"publisher\":{\"@id\":\"https:\/\/cozydots.com\/fr\/#organization\"},\"potentialAction\":[{\"@type\":\"SearchAction\",\"target\":{\"@type\":\"EntryPoint\",\"urlTemplate\":\"https:\/\/cozydots.com\/fr\/?s={search_term_string}\"},\"query-input\":{\"@type\":\"PropertyValueSpecification\",\"valueRequired\":true,\"valueName\":\"search_term_string\"}}],\"inLanguage\":\"fr-FR\"},{\"@type\":\"Organization\",\"@id\":\"https:\/\/cozydots.com\/fr\/#organization\",\"name\":\"Cozydots.com\",\"url\":\"https:\/\/cozydots.com\/fr\/\",\"logo\":{\"@type\":\"ImageObject\",\"inLanguage\":\"fr-FR\",\"@id\":\"https:\/\/cozydots.com\/fr\/#\/schema\/logo\/image\/\",\"url\":\"https:\/\/cozydots.com\/wp-content\/uploads\/2021\/10\/cozyshop_logo.png\",\"contentUrl\":\"https:\/\/cozydots.com\/wp-content\/uploads\/2021\/10\/cozyshop_logo.png\",\"width\":400,\"height\":121,\"caption\":\"Cozydots.com\"},\"image\":{\"@id\":\"https:\/\/cozydots.com\/fr\/#\/schema\/logo\/image\/\"}}]}<\/script>\n<!-- \/ Yoast SEO plugin. -->","yoast_head_json":{"title":"Tipie tente pour enfant Aztec - Cozydots.com","robots":{"index":"index","follow":"follow","max-snippet":"max-snippet:-1","max-image-preview":"max-image-preview:large","max-video-preview":"max-video-preview:-1"},"canonical":"https:\/\/cozydots.com\/fr\/produit\/tipie-tente-pour-enfant-mexican\/","og_locale":"fr_FR","og_type":"article","og_title":"Tipie tente pour enfant Aztec - Cozydots.com","og_description":"Maison de tipi indienne de style azt\u00e8que pour enfants.","og_url":"https:\/\/cozydots.com\/fr\/produit\/tipie-tente-pour-enfant-mexican\/","og_site_name":"Cozydots.com","article_modified_time":"2025-10-21T14:20:59+00:00","og_image":[{"width":1200,"height":1200,"url":"https:\/\/cozydots.com\/wp-content\/uploads\/2021\/11\/pp-1494.jpg","type":"image\/jpeg"}],"twitter_card":"summary_large_image","twitter_misc":{"Dur\u00e9e de lecture estim\u00e9e":"3 minutes"},"schema":{"@context":"https:\/\/schema.org","@graph":[{"@type":"WebPage","@id":"https:\/\/cozydots.com\/fr\/produit\/tipie-tente-pour-enfant-mexican\/","url":"https:\/\/cozydots.com\/fr\/produit\/tipie-tente-pour-enfant-mexican\/","name":"Tipie tente pour enfant Aztec - Cozydots.com","isPartOf":{"@id":"https:\/\/cozydots.com\/fr\/#website"},"primaryImageOfPage":{"@id":"https:\/\/cozydots.com\/fr\/produit\/tipie-tente-pour-enfant-mexican\/#primaryimage"},"image":{"@id":"https:\/\/cozydots.com\/fr\/produit\/tipie-tente-pour-enfant-mexican\/#primaryimage"},"thumbnailUrl":"https:\/\/cozydots.com\/wp-content\/uploads\/2021\/11\/pp-1494.jpg","datePublished":"2018-02-27T10:17:58+00:00","dateModified":"2025-10-21T14:20:59+00:00","breadcrumb":{"@id":"https:\/\/cozydots.com\/fr\/produit\/tipie-tente-pour-enfant-mexican\/#breadcrumb"},"inLanguage":"fr-FR","potentialAction":[{"@type":"ReadAction","target":["https:\/\/cozydots.com\/fr\/produit\/tipie-tente-pour-enfant-mexican\/"]}]},{"@type":"ImageObject","inLanguage":"fr-FR","@id":"https:\/\/cozydots.com\/fr\/produit\/tipie-tente-pour-enfant-mexican\/#primaryimage","url":"https:\/\/cozydots.com\/wp-content\/uploads\/2021\/11\/pp-1494.jpg","contentUrl":"https:\/\/cozydots.com\/wp-content\/uploads\/2021\/11\/pp-1494.jpg","width":1200,"height":1200},{"@type":"BreadcrumbList","@id":"https:\/\/cozydots.com\/fr\/produit\/tipie-tente-pour-enfant-mexican\/#breadcrumb","itemListElement":[{"@type":"ListItem","position":1,"name":"Strona g\u0142\u00f3wna","item":"https:\/\/cozydots.com\/fr\/"},{"@type":"ListItem","position":2,"name":"Boutique","item":"https:\/\/cozydots.com\/fr\/boutique\/"},{"@type":"ListItem","position":3,"name":"Tipie tente pour enfant Aztec"}]},{"@type":"WebSite","@id":"https:\/\/cozydots.com\/fr\/#website","url":"https:\/\/cozydots.com\/fr\/","name":"Cozydots.com","description":"Producent namiot\u00f3w Tipi","publisher":{"@id":"https:\/\/cozydots.com\/fr\/#organization"},"potentialAction":[{"@type":"SearchAction","target":{"@type":"EntryPoint","urlTemplate":"https:\/\/cozydots.com\/fr\/?s={search_term_string}"},"query-input":{"@type":"PropertyValueSpecification","valueRequired":true,"valueName":"search_term_string"}}],"inLanguage":"fr-FR"},{"@type":"Organization","@id":"https:\/\/cozydots.com\/fr\/#organization","name":"Cozydots.com","url":"https:\/\/cozydots.com\/fr\/","logo":{"@type":"ImageObject","inLanguage":"fr-FR","@id":"https:\/\/cozydots.com\/fr\/#\/schema\/logo\/image\/","url":"https:\/\/cozydots.com\/wp-content\/uploads\/2021\/10\/cozyshop_logo.png","contentUrl":"https:\/\/cozydots.com\/wp-content\/uploads\/2021\/10\/cozyshop_logo.png","width":400,"height":121,"caption":"Cozydots.com"},"image":{"@id":"https:\/\/cozydots.com\/fr\/#\/schema\/logo\/image\/"}}]}},"_links":{"self":[{"href":"https:\/\/cozydots.com\/fr\/wp-json\/wp\/v2\/product\/6210","targetHints":{"allow":["GET"]}}],"collection":[{"href":"https:\/\/cozydots.com\/fr\/wp-json\/wp\/v2\/product"}],"about":[{"href":"https:\/\/cozydots.com\/fr\/wp-json\/wp\/v2\/types\/product"}],"replies":[{"embeddable":true,"href":"https:\/\/cozydots.com\/fr\/wp-json\/wp\/v2\/comments?post=6210"}],"wp:featuredmedia":[{"embeddable":true,"href":"https:\/\/cozydots.com\/fr\/wp-json\/wp\/v2\/media\/41470"}],"wp:attachment":[{"href":"https:\/\/cozydots.com\/fr\/wp-json\/wp\/v2\/media?parent=6210"}],"wp:term":[{"taxonomy":"product_brand","embeddable":true,"href":"https:\/\/cozydots.com\/fr\/wp-json\/wp\/v2\/product_brand?post=6210"},{"taxonomy":"product_cat","embeddable":true,"href":"https:\/\/cozydots.com\/fr\/wp-json\/wp\/v2\/product_cat?post=6210"},{"taxonomy":"product_tag","embeddable":true,"href":"https:\/\/cozydots.com\/fr\/wp-json\/wp\/v2\/product_tag?post=6210"}],"curies":[{"name":"wp","href":"https:\/\/api.w.org\/{rel}","templated":true}]}}