{"id":7580,"date":"2018-04-10T11:05:45","date_gmt":"2018-04-10T09:05:46","guid":{"rendered":"https:\/\/cozydots.com\/?post_type=product&#038;p=7580"},"modified":"2023-03-10T17:58:06","modified_gmt":"2023-03-10T16:58:06","slug":"tipi-pour-une-chambre-denfant-tente-tipi-avec-pompon-boho-white","status":"publish","type":"product","link":"https:\/\/cozydots.com\/fr\/produit\/tipi-pour-une-chambre-denfant-tente-tipi-avec-pompon-boho-white\/","title":{"rendered":"Tente tipi avec pompon Boho White &#8211; chambre d&#8217;enfant"},"content":{"rendered":"<p><img loading=\"lazy\" decoding=\"async\" class=\"alignright size-large wp-image-7779\" src=\"https:\/\/cozydots.com\/wp-content\/uploads\/2021\/11\/pp-1389-1200x1200.jpg\" alt=\"boho tipi\" width=\"533\" height=\"800\" \/>La tente tipi color\u00e9e avec des franges cousues est une d\u00e9coration \u00e0 la mode d&#8217;une chambre d&#8217;enfant. La tipi tente de jeu a quatre c\u00f4t\u00e9s, une fen\u00eatre s&#8217;ouvrant avec un store \u00e0 rouleau et une pochette pour jouets. La <strong>tente pour enfants est fabriqu\u00e9e en coton PREMIUM<\/strong>. Chaque tipi Cozy &amp; Dozy est notre design, nous essayons de rendre chaque tente unique et en ligne avec les tendances actuelles.<\/p>\n<p>Le tipi color\u00e9 de Boho est un style joyeux et insouciant. La tente tipi pour enfants pour la chambre est \u00e9quip\u00e9e d&#8217;un tapis souple, et de b\u00e2tons de pin pliants.\u00a0Toutes les pi\u00e8ces de tissu peuvent \u00eatre lav\u00e9es en machine \u00e0 laver.\u00a0La tente pour enfants est facile \u00e0 monter et ne prend pas beaucoup de place.<\/p>\n<p>Les tentes tipi indiennes sont fabriqu\u00e9es \u00e0 la main, fabriqu\u00e9es avec des tissus sans danger pour les enfants d&#8217;Europe et certifi\u00e9es de qualit\u00e9. <strong>Tous les mod\u00e8les sont con\u00e7us par nous et nous garantissons que vous obtenez un produit unique et la meilleure qualit\u00e9.<\/strong><\/p>\n<h3>Tipi pour enfants Boho White,tente tipi avec pompon de Cozy &amp; Dozy est inclus :<\/h3>\n<ul>\n<li><strong>Tente de tipi<\/strong><\/li>\n<li><strong>Tapis<\/strong><\/li>\n<li><strong>Stabilisateur<\/strong>\u00a0(emp\u00eache le cadre de bouger)<\/li>\n<li>4 poteaux en bois de pin v\u00e9ritable (cadre).<\/li>\n<\/ul>\n<p>Tipi peut \u00e9galement \u00eatre achet\u00e9 sans tapis.<\/p>\n","protected":false},"excerpt":{"rendered":"<p>La tente tipi color\u00e9e avec des franges cousues est une d\u00e9coration \u00e0 la mode d&#8217;une chambre d&#8217;enfant. La tipi tente de jeu a quatre c\u00f4t\u00e9s, une fen\u00eatre s&#8217;ouvrant avec un store \u00e0 rouleau et une pochette pour jouets.<\/p>\n","protected":false},"featured_media":53535,"comment_status":"open","ping_status":"closed","template":"","meta":[],"product_brand":[],"product_cat":[469],"product_tag":[1436],"class_list":{"0":"post-7580","1":"product","2":"type-product","3":"status-publish","4":"has-post-thumbnail","6":"product_cat-tentes-tipi","7":"product_tag-pla-fr","9":"first","10":"instock","11":"taxable","12":"shipping-taxable","13":"product-type-simple"},"yoast_head":"<!-- This site is optimized with the Yoast SEO plugin v27.0 - https:\/\/yoast.com\/product\/yoast-seo-wordpress\/ -->\n<title>Tente tipi avec pompon Boho White - chambre d&#039;enfant - Cozydots.com<\/title>\n<meta name=\"description\" content=\"La tente tipi color\u00e9e avec des franges cousues est une d\u00e9coration \u00e0 la mode d&#039;une chambre d&#039;enfant. La tipi tente de jeu a quatre c\u00f4t\u00e9s, une fen\u00eatre s&#039;ouvrant avec un store \u00e0 rouleau et une pochette pour jouets.\" \/>\n<meta name=\"robots\" content=\"index, follow, max-snippet:-1, max-image-preview:large, max-video-preview:-1\" \/>\n<link rel=\"canonical\" href=\"https:\/\/cozydots.com\/fr\/produit\/tipi-pour-une-chambre-denfant-tente-tipi-avec-pompon-boho-white\/\" \/>\n<meta property=\"og:locale\" content=\"fr_FR\" \/>\n<meta property=\"og:type\" content=\"article\" \/>\n<meta property=\"og:title\" content=\"Tente tipi avec pompon Boho White - chambre d&#039;enfant - Cozydots.com\" \/>\n<meta property=\"og:description\" content=\"La tente tipi color\u00e9e avec des franges cousues est une d\u00e9coration \u00e0 la mode d&#039;une chambre d&#039;enfant. La tipi tente de jeu a quatre c\u00f4t\u00e9s, une fen\u00eatre s&#039;ouvrant avec un store \u00e0 rouleau et une pochette pour jouets.\" \/>\n<meta property=\"og:url\" content=\"https:\/\/cozydots.com\/fr\/produit\/tipi-pour-une-chambre-denfant-tente-tipi-avec-pompon-boho-white\/\" \/>\n<meta property=\"og:site_name\" content=\"Cozydots.com\" \/>\n<meta property=\"article:modified_time\" content=\"2023-03-10T16:58:06+00:00\" \/>\n<meta property=\"og:image\" content=\"https:\/\/cozydots.com\/wp-content\/uploads\/2018\/04\/kids_tipi_tent_boho_s1_po-1.jpg\" \/>\n\t<meta property=\"og:image:width\" content=\"1200\" \/>\n\t<meta property=\"og:image:height\" content=\"1200\" \/>\n\t<meta property=\"og:image:type\" content=\"image\/jpeg\" \/>\n<meta name=\"twitter:card\" content=\"summary_large_image\" \/>\n<meta name=\"twitter:label1\" content=\"Dur\u00e9e de lecture estim\u00e9e\" \/>\n\t<meta name=\"twitter:data1\" content=\"2 minutes\" \/>\n<script type=\"application\/ld+json\" class=\"yoast-schema-graph\">{\"@context\":\"https:\/\/schema.org\",\"@graph\":[{\"@type\":\"WebPage\",\"@id\":\"https:\/\/cozydots.com\/fr\/produit\/tipi-pour-une-chambre-denfant-tente-tipi-avec-pompon-boho-white\/\",\"url\":\"https:\/\/cozydots.com\/fr\/produit\/tipi-pour-une-chambre-denfant-tente-tipi-avec-pompon-boho-white\/\",\"name\":\"Tente tipi avec pompon Boho White - chambre d'enfant - Cozydots.com\",\"isPartOf\":{\"@id\":\"https:\/\/cozydots.com\/fr\/#website\"},\"primaryImageOfPage\":{\"@id\":\"https:\/\/cozydots.com\/fr\/produit\/tipi-pour-une-chambre-denfant-tente-tipi-avec-pompon-boho-white\/#primaryimage\"},\"image\":{\"@id\":\"https:\/\/cozydots.com\/fr\/produit\/tipi-pour-une-chambre-denfant-tente-tipi-avec-pompon-boho-white\/#primaryimage\"},\"thumbnailUrl\":\"https:\/\/cozydots.com\/wp-content\/uploads\/2018\/04\/kids_tipi_tent_boho_s1_po-1.jpg\",\"datePublished\":\"2018-04-10T09:05:46+00:00\",\"dateModified\":\"2023-03-10T16:58:06+00:00\",\"description\":\"La tente tipi color\u00e9e avec des franges cousues est une d\u00e9coration \u00e0 la mode d'une chambre d'enfant. La tipi tente de jeu a quatre c\u00f4t\u00e9s, une fen\u00eatre s'ouvrant avec un store \u00e0 rouleau et une pochette pour jouets.\",\"breadcrumb\":{\"@id\":\"https:\/\/cozydots.com\/fr\/produit\/tipi-pour-une-chambre-denfant-tente-tipi-avec-pompon-boho-white\/#breadcrumb\"},\"inLanguage\":\"fr-FR\",\"potentialAction\":[{\"@type\":\"ReadAction\",\"target\":[\"https:\/\/cozydots.com\/fr\/produit\/tipi-pour-une-chambre-denfant-tente-tipi-avec-pompon-boho-white\/\"]}]},{\"@type\":\"ImageObject\",\"inLanguage\":\"fr-FR\",\"@id\":\"https:\/\/cozydots.com\/fr\/produit\/tipi-pour-une-chambre-denfant-tente-tipi-avec-pompon-boho-white\/#primaryimage\",\"url\":\"https:\/\/cozydots.com\/wp-content\/uploads\/2018\/04\/kids_tipi_tent_boho_s1_po-1.jpg\",\"contentUrl\":\"https:\/\/cozydots.com\/wp-content\/uploads\/2018\/04\/kids_tipi_tent_boho_s1_po-1.jpg\",\"width\":1200,\"height\":1200,\"caption\":\"kids tipi tent boho\"},{\"@type\":\"BreadcrumbList\",\"@id\":\"https:\/\/cozydots.com\/fr\/produit\/tipi-pour-une-chambre-denfant-tente-tipi-avec-pompon-boho-white\/#breadcrumb\",\"itemListElement\":[{\"@type\":\"ListItem\",\"position\":1,\"name\":\"Strona g\u0142\u00f3wna\",\"item\":\"https:\/\/cozydots.com\/fr\/\"},{\"@type\":\"ListItem\",\"position\":2,\"name\":\"Boutique\",\"item\":\"https:\/\/cozydots.com\/fr\/boutique\/\"},{\"@type\":\"ListItem\",\"position\":3,\"name\":\"Tente tipi avec pompon Boho White &#8211; chambre d&#8217;enfant\"}]},{\"@type\":\"WebSite\",\"@id\":\"https:\/\/cozydots.com\/fr\/#website\",\"url\":\"https:\/\/cozydots.com\/fr\/\",\"name\":\"Cozydots.com\",\"description\":\"Producent namiot\u00f3w Tipi\",\"publisher\":{\"@id\":\"https:\/\/cozydots.com\/fr\/#organization\"},\"potentialAction\":[{\"@type\":\"SearchAction\",\"target\":{\"@type\":\"EntryPoint\",\"urlTemplate\":\"https:\/\/cozydots.com\/fr\/?s={search_term_string}\"},\"query-input\":{\"@type\":\"PropertyValueSpecification\",\"valueRequired\":true,\"valueName\":\"search_term_string\"}}],\"inLanguage\":\"fr-FR\"},{\"@type\":\"Organization\",\"@id\":\"https:\/\/cozydots.com\/fr\/#organization\",\"name\":\"Cozydots.com\",\"url\":\"https:\/\/cozydots.com\/fr\/\",\"logo\":{\"@type\":\"ImageObject\",\"inLanguage\":\"fr-FR\",\"@id\":\"https:\/\/cozydots.com\/fr\/#\/schema\/logo\/image\/\",\"url\":\"https:\/\/cozydots.com\/wp-content\/uploads\/2021\/10\/cozyshop_logo.png\",\"contentUrl\":\"https:\/\/cozydots.com\/wp-content\/uploads\/2021\/10\/cozyshop_logo.png\",\"width\":400,\"height\":121,\"caption\":\"Cozydots.com\"},\"image\":{\"@id\":\"https:\/\/cozydots.com\/fr\/#\/schema\/logo\/image\/\"}}]}<\/script>\n<!-- \/ Yoast SEO plugin. -->","yoast_head_json":{"title":"Tente tipi avec pompon Boho White - chambre d'enfant - Cozydots.com","description":"La tente tipi color\u00e9e avec des franges cousues est une d\u00e9coration \u00e0 la mode d'une chambre d'enfant. La tipi tente de jeu a quatre c\u00f4t\u00e9s, une fen\u00eatre s'ouvrant avec un store \u00e0 rouleau et une pochette pour jouets.","robots":{"index":"index","follow":"follow","max-snippet":"max-snippet:-1","max-image-preview":"max-image-preview:large","max-video-preview":"max-video-preview:-1"},"canonical":"https:\/\/cozydots.com\/fr\/produit\/tipi-pour-une-chambre-denfant-tente-tipi-avec-pompon-boho-white\/","og_locale":"fr_FR","og_type":"article","og_title":"Tente tipi avec pompon Boho White - chambre d'enfant - Cozydots.com","og_description":"La tente tipi color\u00e9e avec des franges cousues est une d\u00e9coration \u00e0 la mode d'une chambre d'enfant. La tipi tente de jeu a quatre c\u00f4t\u00e9s, une fen\u00eatre s'ouvrant avec un store \u00e0 rouleau et une pochette pour jouets.","og_url":"https:\/\/cozydots.com\/fr\/produit\/tipi-pour-une-chambre-denfant-tente-tipi-avec-pompon-boho-white\/","og_site_name":"Cozydots.com","article_modified_time":"2023-03-10T16:58:06+00:00","og_image":[{"width":1200,"height":1200,"url":"https:\/\/cozydots.com\/wp-content\/uploads\/2018\/04\/kids_tipi_tent_boho_s1_po-1.jpg","type":"image\/jpeg"}],"twitter_card":"summary_large_image","twitter_misc":{"Dur\u00e9e de lecture estim\u00e9e":"2 minutes"},"schema":{"@context":"https:\/\/schema.org","@graph":[{"@type":"WebPage","@id":"https:\/\/cozydots.com\/fr\/produit\/tipi-pour-une-chambre-denfant-tente-tipi-avec-pompon-boho-white\/","url":"https:\/\/cozydots.com\/fr\/produit\/tipi-pour-une-chambre-denfant-tente-tipi-avec-pompon-boho-white\/","name":"Tente tipi avec pompon Boho White - chambre d'enfant - Cozydots.com","isPartOf":{"@id":"https:\/\/cozydots.com\/fr\/#website"},"primaryImageOfPage":{"@id":"https:\/\/cozydots.com\/fr\/produit\/tipi-pour-une-chambre-denfant-tente-tipi-avec-pompon-boho-white\/#primaryimage"},"image":{"@id":"https:\/\/cozydots.com\/fr\/produit\/tipi-pour-une-chambre-denfant-tente-tipi-avec-pompon-boho-white\/#primaryimage"},"thumbnailUrl":"https:\/\/cozydots.com\/wp-content\/uploads\/2018\/04\/kids_tipi_tent_boho_s1_po-1.jpg","datePublished":"2018-04-10T09:05:46+00:00","dateModified":"2023-03-10T16:58:06+00:00","description":"La tente tipi color\u00e9e avec des franges cousues est une d\u00e9coration \u00e0 la mode d'une chambre d'enfant. La tipi tente de jeu a quatre c\u00f4t\u00e9s, une fen\u00eatre s'ouvrant avec un store \u00e0 rouleau et une pochette pour jouets.","breadcrumb":{"@id":"https:\/\/cozydots.com\/fr\/produit\/tipi-pour-une-chambre-denfant-tente-tipi-avec-pompon-boho-white\/#breadcrumb"},"inLanguage":"fr-FR","potentialAction":[{"@type":"ReadAction","target":["https:\/\/cozydots.com\/fr\/produit\/tipi-pour-une-chambre-denfant-tente-tipi-avec-pompon-boho-white\/"]}]},{"@type":"ImageObject","inLanguage":"fr-FR","@id":"https:\/\/cozydots.com\/fr\/produit\/tipi-pour-une-chambre-denfant-tente-tipi-avec-pompon-boho-white\/#primaryimage","url":"https:\/\/cozydots.com\/wp-content\/uploads\/2018\/04\/kids_tipi_tent_boho_s1_po-1.jpg","contentUrl":"https:\/\/cozydots.com\/wp-content\/uploads\/2018\/04\/kids_tipi_tent_boho_s1_po-1.jpg","width":1200,"height":1200,"caption":"kids tipi tent boho"},{"@type":"BreadcrumbList","@id":"https:\/\/cozydots.com\/fr\/produit\/tipi-pour-une-chambre-denfant-tente-tipi-avec-pompon-boho-white\/#breadcrumb","itemListElement":[{"@type":"ListItem","position":1,"name":"Strona g\u0142\u00f3wna","item":"https:\/\/cozydots.com\/fr\/"},{"@type":"ListItem","position":2,"name":"Boutique","item":"https:\/\/cozydots.com\/fr\/boutique\/"},{"@type":"ListItem","position":3,"name":"Tente tipi avec pompon Boho White &#8211; chambre d&#8217;enfant"}]},{"@type":"WebSite","@id":"https:\/\/cozydots.com\/fr\/#website","url":"https:\/\/cozydots.com\/fr\/","name":"Cozydots.com","description":"Producent namiot\u00f3w Tipi","publisher":{"@id":"https:\/\/cozydots.com\/fr\/#organization"},"potentialAction":[{"@type":"SearchAction","target":{"@type":"EntryPoint","urlTemplate":"https:\/\/cozydots.com\/fr\/?s={search_term_string}"},"query-input":{"@type":"PropertyValueSpecification","valueRequired":true,"valueName":"search_term_string"}}],"inLanguage":"fr-FR"},{"@type":"Organization","@id":"https:\/\/cozydots.com\/fr\/#organization","name":"Cozydots.com","url":"https:\/\/cozydots.com\/fr\/","logo":{"@type":"ImageObject","inLanguage":"fr-FR","@id":"https:\/\/cozydots.com\/fr\/#\/schema\/logo\/image\/","url":"https:\/\/cozydots.com\/wp-content\/uploads\/2021\/10\/cozyshop_logo.png","contentUrl":"https:\/\/cozydots.com\/wp-content\/uploads\/2021\/10\/cozyshop_logo.png","width":400,"height":121,"caption":"Cozydots.com"},"image":{"@id":"https:\/\/cozydots.com\/fr\/#\/schema\/logo\/image\/"}}]}},"_links":{"self":[{"href":"https:\/\/cozydots.com\/fr\/wp-json\/wp\/v2\/product\/7580","targetHints":{"allow":["GET"]}}],"collection":[{"href":"https:\/\/cozydots.com\/fr\/wp-json\/wp\/v2\/product"}],"about":[{"href":"https:\/\/cozydots.com\/fr\/wp-json\/wp\/v2\/types\/product"}],"replies":[{"embeddable":true,"href":"https:\/\/cozydots.com\/fr\/wp-json\/wp\/v2\/comments?post=7580"}],"wp:featuredmedia":[{"embeddable":true,"href":"https:\/\/cozydots.com\/fr\/wp-json\/wp\/v2\/media\/53535"}],"wp:attachment":[{"href":"https:\/\/cozydots.com\/fr\/wp-json\/wp\/v2\/media?parent=7580"}],"wp:term":[{"taxonomy":"product_brand","embeddable":true,"href":"https:\/\/cozydots.com\/fr\/wp-json\/wp\/v2\/product_brand?post=7580"},{"taxonomy":"product_cat","embeddable":true,"href":"https:\/\/cozydots.com\/fr\/wp-json\/wp\/v2\/product_cat?post=7580"},{"taxonomy":"product_tag","embeddable":true,"href":"https:\/\/cozydots.com\/fr\/wp-json\/wp\/v2\/product_tag?post=7580"}],"curies":[{"name":"wp","href":"https:\/\/api.w.org\/{rel}","templated":true}]}}