{"id":7590,"date":"2018-04-10T12:30:12","date_gmt":"2018-04-10T10:30:15","guid":{"rendered":"https:\/\/cozydots.com\/?post_type=product&#038;p=7590"},"modified":"2023-02-08T11:58:16","modified_gmt":"2023-02-08T10:58:16","slug":"tente-tipi-avec-pompon-boho-white-tipi-pour-une-chambre-denfant","status":"publish","type":"product","link":"https:\/\/cozydots.com\/fr\/produit\/tente-tipi-avec-pompon-boho-white-tipi-pour-une-chambre-denfant\/","title":{"rendered":"Tente tipi avec pompon Boho White, Tipi pour une chambre d&#8217;enfant"},"content":{"rendered":"<h1>Tente tipi de style Boho blanc avec guirlande de Cozyshop.<\/h1>\n<p>La tente tipi color\u00e9e avec des franges cousues est une d\u00e9coration \u00e0 la mode d&#8217;une chambre d&#8217;enfant. <strong>La tipi tente de jeu a quatre c\u00f4t\u00e9s, une fen\u00eatre s&#8217;ouvrant avec un store \u00e0 rouleau et une pochette pour jouets.<\/strong> La <strong>tente pour enfants est fabriqu\u00e9e en coton PREMIUM<\/strong>. Chaque tipi Cozyshop est notre design, nous essayons de rendre chaque tente unique et en ligne avec les tendances actuelles.<\/p>\n<p><strong>Le tipi color\u00e9 de Boho est un style joyeux et insouciant.<\/strong><\/p>\n<p><strong>La tente tipi pour enfants pour la chambre est \u00e9quip\u00e9e d&#8217;un tapis souple, d&#8217;une housse de tente et de b\u00e2tons de pin pliants.<\/strong>\u00a0Toutes les pi\u00e8ces de tissu peuvent \u00eatre lav\u00e9es en machine \u00e0 laver.\u00a0La tente pour enfants est facile \u00e0 monter et ne prend pas beaucoup de place.<\/p>\n<p>Les tentes tipi indiennes sont fabriqu\u00e9es \u00e0 la main, fabriqu\u00e9es avec des tissus sans danger pour les enfants d&#8217;Europe et certifi\u00e9es de qualit\u00e9. <strong>Tous les mod\u00e8les sont con\u00e7us par nous et nous garantissons que vous obtenez un produit unique et la meilleure qualit\u00e9.<\/strong><\/p>\n<h2>Tipi pour enfants Boho White,tente tipi avec pompon de Cozyshop est inclus :<\/h2>\n<ul>\n<li>Tente de tipi<\/li>\n<li>Instruction<\/li>\n<li>stabilisateur + ficelle<\/li>\n<li>4 poteaux en bois de pin v\u00e9ritable (cadre).<\/li>\n<\/ul>\n<p>Wigwam peut \u00e9galement \u00eatre achet\u00e9 sans tapis.<\/p>\n<h2>Dimensions:<\/h2>\n<ul>\n<li>Hauteur (avec poteaux): 170 cm<\/li>\n<li>Surface du sol: env. 110 \u00d7 110 cm<\/li>\n<\/ul>\n<p>La tente peut accueillir jusqu\u2019\u00e0 3 enfants. Le Teepee peut \u00eatre facilement pli\u00e9 et stock\u00e9 dans un sac en coton avec une poign\u00e9e qui fait partie de l\u2019ensemble.<\/p>\n<h2>Composition:<\/h2>\n<ul>\n<li>100% Coton<\/li>\n<\/ul>\n<p>Toutes les tentes tipi sont fabriqu\u00e9s uniquement avec des tissus d\u2019origine europ\u00e9enne, donc elles sont\u00a0\u00e0 100% s\u00fbrs pour les enfants\u00a0et ont les approbations, les certificats et les attestations appropri\u00e9s.<\/p>\n<p>La tente a \u00e9t\u00e9 fabriqu\u00e9e en Pologne.<\/p>\n<h2>M\u00e9thode de soins:<\/h2>\n<ul>\n<li>Lavage en machine \u00e0 40 \u00b0 C, essorage \u2013 800 tr \/ min<\/li>\n<li>Ne pas javelliser<\/li>\n<li>Ne pas nettoyer \u00e0 sec<\/li>\n<\/ul>\n<p>D\u00e9lai de livraison: 1-2 jours ouvrables + exp\u00e9dition.<br \/>\nNous serons heureux de vous faire une tente sur mesure et de r\u00e9aliser votre id\u00e9e. Contactez-nous pour en savoir plus.<\/p>\n<p>&nbsp;<\/p>\n","protected":false},"excerpt":{"rendered":"<p>Tente \u00e0 pointes avec des glands color\u00e9s dans le style Boho. Maison de jeu avec fen\u00eatre d\u00e9corative et poche pour petits jouets. L&#8217;ensemble comprend : des pointes, 4 b\u00e2tonnets de pin, un sac de rangement, un livret avec des id\u00e9es pour jouer avec les pointes.<\/p>\n","protected":false},"featured_media":41393,"comment_status":"open","ping_status":"closed","template":"","meta":[],"product_brand":[],"product_cat":[469],"product_tag":[],"class_list":{"0":"post-7590","1":"product","2":"type-product","3":"status-publish","4":"has-post-thumbnail","6":"product_cat-tentes-tipi","8":"first","9":"instock","10":"taxable","11":"shipping-taxable","12":"product-type-simple"},"yoast_head":"<!-- This site is optimized with the Yoast SEO plugin v27.0 - https:\/\/yoast.com\/product\/yoast-seo-wordpress\/ -->\n<title>Tente tipi avec pompon Boho White, Tipi pour une chambre d&#039;enfant - Cozydots.com<\/title>\n<meta name=\"description\" content=\"Tente \u00e0 pointes avec des glands color\u00e9s dans le style Boho. Maison de jeu avec fen\u00eatre d\u00e9corative et poche pour petits jouets. L&#039;ensemble comprend : des pointes, 4 b\u00e2tonnets de pin, un sac de rangement, un livret avec des id\u00e9es pour jouer avec les pointes.\" \/>\n<meta name=\"robots\" content=\"index, follow, max-snippet:-1, max-image-preview:large, max-video-preview:-1\" \/>\n<link rel=\"canonical\" href=\"https:\/\/cozydots.com\/fr\/produit\/tente-tipi-avec-pompon-boho-white-tipi-pour-une-chambre-denfant\/\" \/>\n<meta property=\"og:locale\" content=\"fr_FR\" \/>\n<meta property=\"og:type\" content=\"article\" \/>\n<meta property=\"og:title\" content=\"Tente tipi avec pompon Boho White, Tipi pour une chambre d&#039;enfant - Cozydots.com\" \/>\n<meta property=\"og:description\" content=\"Tente \u00e0 pointes avec des glands color\u00e9s dans le style Boho. Maison de jeu avec fen\u00eatre d\u00e9corative et poche pour petits jouets. L&#039;ensemble comprend : des pointes, 4 b\u00e2tonnets de pin, un sac de rangement, un livret avec des id\u00e9es pour jouer avec les pointes.\" \/>\n<meta property=\"og:url\" content=\"https:\/\/cozydots.com\/fr\/produit\/tente-tipi-avec-pompon-boho-white-tipi-pour-une-chambre-denfant\/\" \/>\n<meta property=\"og:site_name\" content=\"Cozydots.com\" \/>\n<meta property=\"article:modified_time\" content=\"2023-02-08T10:58:16+00:00\" \/>\n<meta property=\"og:image\" content=\"https:\/\/cozydots.com\/wp-content\/uploads\/2021\/11\/pp-1389.jpg\" \/>\n\t<meta property=\"og:image:width\" content=\"1200\" \/>\n\t<meta property=\"og:image:height\" content=\"1200\" \/>\n\t<meta property=\"og:image:type\" content=\"image\/jpeg\" \/>\n<meta name=\"twitter:card\" content=\"summary_large_image\" \/>\n<meta name=\"twitter:label1\" content=\"Dur\u00e9e de lecture estim\u00e9e\" \/>\n\t<meta name=\"twitter:data1\" content=\"3 minutes\" \/>\n<script type=\"application\/ld+json\" class=\"yoast-schema-graph\">{\"@context\":\"https:\/\/schema.org\",\"@graph\":[{\"@type\":\"WebPage\",\"@id\":\"https:\/\/cozydots.com\/fr\/produit\/tente-tipi-avec-pompon-boho-white-tipi-pour-une-chambre-denfant\/\",\"url\":\"https:\/\/cozydots.com\/fr\/produit\/tente-tipi-avec-pompon-boho-white-tipi-pour-une-chambre-denfant\/\",\"name\":\"Tente tipi avec pompon Boho White, Tipi pour une chambre d'enfant - Cozydots.com\",\"isPartOf\":{\"@id\":\"https:\/\/cozydots.com\/fr\/#website\"},\"primaryImageOfPage\":{\"@id\":\"https:\/\/cozydots.com\/fr\/produit\/tente-tipi-avec-pompon-boho-white-tipi-pour-une-chambre-denfant\/#primaryimage\"},\"image\":{\"@id\":\"https:\/\/cozydots.com\/fr\/produit\/tente-tipi-avec-pompon-boho-white-tipi-pour-une-chambre-denfant\/#primaryimage\"},\"thumbnailUrl\":\"https:\/\/cozydots.com\/wp-content\/uploads\/2021\/11\/pp-1389.jpg\",\"datePublished\":\"2018-04-10T10:30:15+00:00\",\"dateModified\":\"2023-02-08T10:58:16+00:00\",\"description\":\"Tente \u00e0 pointes avec des glands color\u00e9s dans le style Boho. Maison de jeu avec fen\u00eatre d\u00e9corative et poche pour petits jouets. L'ensemble comprend : des pointes, 4 b\u00e2tonnets de pin, un sac de rangement, un livret avec des id\u00e9es pour jouer avec les pointes.\",\"breadcrumb\":{\"@id\":\"https:\/\/cozydots.com\/fr\/produit\/tente-tipi-avec-pompon-boho-white-tipi-pour-une-chambre-denfant\/#breadcrumb\"},\"inLanguage\":\"fr-FR\",\"potentialAction\":[{\"@type\":\"ReadAction\",\"target\":[\"https:\/\/cozydots.com\/fr\/produit\/tente-tipi-avec-pompon-boho-white-tipi-pour-une-chambre-denfant\/\"]}]},{\"@type\":\"ImageObject\",\"inLanguage\":\"fr-FR\",\"@id\":\"https:\/\/cozydots.com\/fr\/produit\/tente-tipi-avec-pompon-boho-white-tipi-pour-une-chambre-denfant\/#primaryimage\",\"url\":\"https:\/\/cozydots.com\/wp-content\/uploads\/2021\/11\/pp-1389.jpg\",\"contentUrl\":\"https:\/\/cozydots.com\/wp-content\/uploads\/2021\/11\/pp-1389.jpg\",\"width\":1200,\"height\":1200},{\"@type\":\"BreadcrumbList\",\"@id\":\"https:\/\/cozydots.com\/fr\/produit\/tente-tipi-avec-pompon-boho-white-tipi-pour-une-chambre-denfant\/#breadcrumb\",\"itemListElement\":[{\"@type\":\"ListItem\",\"position\":1,\"name\":\"Strona g\u0142\u00f3wna\",\"item\":\"https:\/\/cozydots.com\/fr\/\"},{\"@type\":\"ListItem\",\"position\":2,\"name\":\"Boutique\",\"item\":\"https:\/\/cozydots.com\/fr\/boutique\/\"},{\"@type\":\"ListItem\",\"position\":3,\"name\":\"Tente tipi avec pompon Boho White, Tipi pour une chambre d&#8217;enfant\"}]},{\"@type\":\"WebSite\",\"@id\":\"https:\/\/cozydots.com\/fr\/#website\",\"url\":\"https:\/\/cozydots.com\/fr\/\",\"name\":\"Cozydots.com\",\"description\":\"Producent namiot\u00f3w Tipi\",\"publisher\":{\"@id\":\"https:\/\/cozydots.com\/fr\/#organization\"},\"potentialAction\":[{\"@type\":\"SearchAction\",\"target\":{\"@type\":\"EntryPoint\",\"urlTemplate\":\"https:\/\/cozydots.com\/fr\/?s={search_term_string}\"},\"query-input\":{\"@type\":\"PropertyValueSpecification\",\"valueRequired\":true,\"valueName\":\"search_term_string\"}}],\"inLanguage\":\"fr-FR\"},{\"@type\":\"Organization\",\"@id\":\"https:\/\/cozydots.com\/fr\/#organization\",\"name\":\"Cozydots.com\",\"url\":\"https:\/\/cozydots.com\/fr\/\",\"logo\":{\"@type\":\"ImageObject\",\"inLanguage\":\"fr-FR\",\"@id\":\"https:\/\/cozydots.com\/fr\/#\/schema\/logo\/image\/\",\"url\":\"https:\/\/cozydots.com\/wp-content\/uploads\/2021\/10\/cozyshop_logo.png\",\"contentUrl\":\"https:\/\/cozydots.com\/wp-content\/uploads\/2021\/10\/cozyshop_logo.png\",\"width\":400,\"height\":121,\"caption\":\"Cozydots.com\"},\"image\":{\"@id\":\"https:\/\/cozydots.com\/fr\/#\/schema\/logo\/image\/\"}}]}<\/script>\n<!-- \/ Yoast SEO plugin. -->","yoast_head_json":{"title":"Tente tipi avec pompon Boho White, Tipi pour une chambre d'enfant - Cozydots.com","description":"Tente \u00e0 pointes avec des glands color\u00e9s dans le style Boho. Maison de jeu avec fen\u00eatre d\u00e9corative et poche pour petits jouets. L'ensemble comprend : des pointes, 4 b\u00e2tonnets de pin, un sac de rangement, un livret avec des id\u00e9es pour jouer avec les pointes.","robots":{"index":"index","follow":"follow","max-snippet":"max-snippet:-1","max-image-preview":"max-image-preview:large","max-video-preview":"max-video-preview:-1"},"canonical":"https:\/\/cozydots.com\/fr\/produit\/tente-tipi-avec-pompon-boho-white-tipi-pour-une-chambre-denfant\/","og_locale":"fr_FR","og_type":"article","og_title":"Tente tipi avec pompon Boho White, Tipi pour une chambre d'enfant - Cozydots.com","og_description":"Tente \u00e0 pointes avec des glands color\u00e9s dans le style Boho. Maison de jeu avec fen\u00eatre d\u00e9corative et poche pour petits jouets. L'ensemble comprend : des pointes, 4 b\u00e2tonnets de pin, un sac de rangement, un livret avec des id\u00e9es pour jouer avec les pointes.","og_url":"https:\/\/cozydots.com\/fr\/produit\/tente-tipi-avec-pompon-boho-white-tipi-pour-une-chambre-denfant\/","og_site_name":"Cozydots.com","article_modified_time":"2023-02-08T10:58:16+00:00","og_image":[{"width":1200,"height":1200,"url":"https:\/\/cozydots.com\/wp-content\/uploads\/2021\/11\/pp-1389.jpg","type":"image\/jpeg"}],"twitter_card":"summary_large_image","twitter_misc":{"Dur\u00e9e de lecture estim\u00e9e":"3 minutes"},"schema":{"@context":"https:\/\/schema.org","@graph":[{"@type":"WebPage","@id":"https:\/\/cozydots.com\/fr\/produit\/tente-tipi-avec-pompon-boho-white-tipi-pour-une-chambre-denfant\/","url":"https:\/\/cozydots.com\/fr\/produit\/tente-tipi-avec-pompon-boho-white-tipi-pour-une-chambre-denfant\/","name":"Tente tipi avec pompon Boho White, Tipi pour une chambre d'enfant - Cozydots.com","isPartOf":{"@id":"https:\/\/cozydots.com\/fr\/#website"},"primaryImageOfPage":{"@id":"https:\/\/cozydots.com\/fr\/produit\/tente-tipi-avec-pompon-boho-white-tipi-pour-une-chambre-denfant\/#primaryimage"},"image":{"@id":"https:\/\/cozydots.com\/fr\/produit\/tente-tipi-avec-pompon-boho-white-tipi-pour-une-chambre-denfant\/#primaryimage"},"thumbnailUrl":"https:\/\/cozydots.com\/wp-content\/uploads\/2021\/11\/pp-1389.jpg","datePublished":"2018-04-10T10:30:15+00:00","dateModified":"2023-02-08T10:58:16+00:00","description":"Tente \u00e0 pointes avec des glands color\u00e9s dans le style Boho. Maison de jeu avec fen\u00eatre d\u00e9corative et poche pour petits jouets. L'ensemble comprend : des pointes, 4 b\u00e2tonnets de pin, un sac de rangement, un livret avec des id\u00e9es pour jouer avec les pointes.","breadcrumb":{"@id":"https:\/\/cozydots.com\/fr\/produit\/tente-tipi-avec-pompon-boho-white-tipi-pour-une-chambre-denfant\/#breadcrumb"},"inLanguage":"fr-FR","potentialAction":[{"@type":"ReadAction","target":["https:\/\/cozydots.com\/fr\/produit\/tente-tipi-avec-pompon-boho-white-tipi-pour-une-chambre-denfant\/"]}]},{"@type":"ImageObject","inLanguage":"fr-FR","@id":"https:\/\/cozydots.com\/fr\/produit\/tente-tipi-avec-pompon-boho-white-tipi-pour-une-chambre-denfant\/#primaryimage","url":"https:\/\/cozydots.com\/wp-content\/uploads\/2021\/11\/pp-1389.jpg","contentUrl":"https:\/\/cozydots.com\/wp-content\/uploads\/2021\/11\/pp-1389.jpg","width":1200,"height":1200},{"@type":"BreadcrumbList","@id":"https:\/\/cozydots.com\/fr\/produit\/tente-tipi-avec-pompon-boho-white-tipi-pour-une-chambre-denfant\/#breadcrumb","itemListElement":[{"@type":"ListItem","position":1,"name":"Strona g\u0142\u00f3wna","item":"https:\/\/cozydots.com\/fr\/"},{"@type":"ListItem","position":2,"name":"Boutique","item":"https:\/\/cozydots.com\/fr\/boutique\/"},{"@type":"ListItem","position":3,"name":"Tente tipi avec pompon Boho White, Tipi pour une chambre d&#8217;enfant"}]},{"@type":"WebSite","@id":"https:\/\/cozydots.com\/fr\/#website","url":"https:\/\/cozydots.com\/fr\/","name":"Cozydots.com","description":"Producent namiot\u00f3w Tipi","publisher":{"@id":"https:\/\/cozydots.com\/fr\/#organization"},"potentialAction":[{"@type":"SearchAction","target":{"@type":"EntryPoint","urlTemplate":"https:\/\/cozydots.com\/fr\/?s={search_term_string}"},"query-input":{"@type":"PropertyValueSpecification","valueRequired":true,"valueName":"search_term_string"}}],"inLanguage":"fr-FR"},{"@type":"Organization","@id":"https:\/\/cozydots.com\/fr\/#organization","name":"Cozydots.com","url":"https:\/\/cozydots.com\/fr\/","logo":{"@type":"ImageObject","inLanguage":"fr-FR","@id":"https:\/\/cozydots.com\/fr\/#\/schema\/logo\/image\/","url":"https:\/\/cozydots.com\/wp-content\/uploads\/2021\/10\/cozyshop_logo.png","contentUrl":"https:\/\/cozydots.com\/wp-content\/uploads\/2021\/10\/cozyshop_logo.png","width":400,"height":121,"caption":"Cozydots.com"},"image":{"@id":"https:\/\/cozydots.com\/fr\/#\/schema\/logo\/image\/"}}]}},"_links":{"self":[{"href":"https:\/\/cozydots.com\/fr\/wp-json\/wp\/v2\/product\/7590","targetHints":{"allow":["GET"]}}],"collection":[{"href":"https:\/\/cozydots.com\/fr\/wp-json\/wp\/v2\/product"}],"about":[{"href":"https:\/\/cozydots.com\/fr\/wp-json\/wp\/v2\/types\/product"}],"replies":[{"embeddable":true,"href":"https:\/\/cozydots.com\/fr\/wp-json\/wp\/v2\/comments?post=7590"}],"wp:featuredmedia":[{"embeddable":true,"href":"https:\/\/cozydots.com\/fr\/wp-json\/wp\/v2\/media\/41393"}],"wp:attachment":[{"href":"https:\/\/cozydots.com\/fr\/wp-json\/wp\/v2\/media?parent=7590"}],"wp:term":[{"taxonomy":"product_brand","embeddable":true,"href":"https:\/\/cozydots.com\/fr\/wp-json\/wp\/v2\/product_brand?post=7590"},{"taxonomy":"product_cat","embeddable":true,"href":"https:\/\/cozydots.com\/fr\/wp-json\/wp\/v2\/product_cat?post=7590"},{"taxonomy":"product_tag","embeddable":true,"href":"https:\/\/cozydots.com\/fr\/wp-json\/wp\/v2\/product_tag?post=7590"}],"curies":[{"name":"wp","href":"https:\/\/api.w.org\/{rel}","templated":true}]}}