{"id":21726,"date":"2017-10-31T13:09:23","date_gmt":"2019-08-21T22:36:09","guid":{"rendered":"https:\/\/cozydots.com\/?post_type=product&#038;p=21726"},"modified":"2023-02-08T11:58:16","modified_gmt":"2023-02-08T10:58:16","slug":"tenda-tipi-rosa-per-bambina-tappetino-due-cuscini-ghirlanda-pink-set","status":"publish","type":"product","link":"https:\/\/cozydots.com\/it\/prodotto\/tenda-tipi-rosa-per-bambina-tappetino-due-cuscini-ghirlanda-pink-set\/","title":{"rendered":"Tenda Tipi rosa per bambina + tappetino + due cuscini"},"content":{"rendered":"<p><b><img loading=\"lazy\" decoding=\"async\" class=\"alignright wp-image-41234\" src=\"https:\/\/cozydots.com\/wp-content\/uploads\/2021\/11\/pp-1094-400x400.jpg\" alt=\"\" width=\"650\" height=\"650\" srcset=\"https:\/\/cozydots.com\/wp-content\/uploads\/2021\/11\/pp-1094-400x400.jpg 400w, https:\/\/cozydots.com\/wp-content\/uploads\/2021\/11\/pp-1094.jpg 1200w, https:\/\/cozydots.com\/wp-content\/uploads\/2021\/11\/pp-1094-150x150.jpg 150w, https:\/\/cozydots.com\/wp-content\/uploads\/2021\/11\/pp-1094-768x768.jpg 768w, https:\/\/cozydots.com\/wp-content\/uploads\/2021\/11\/pp-1094-470x470.jpg 470w, https:\/\/cozydots.com\/wp-content\/uploads\/2021\/11\/pp-1094-800x800.jpg 800w, https:\/\/cozydots.com\/wp-content\/uploads\/2021\/11\/pp-1094-100x100.jpg 100w\" sizes=\"auto, (max-width: 650px) 100vw, 650px\" \/><\/b>La tenda Teepee Pink \u00e8 realizzata in tela resistente e cotone rosa. L&#8217;ingresso al lodge \u00e8 decorato con nastro rosa con pompon.<strong>\u00a0Inoltre, nel set sono inclusi due cuscini e un tappetino caldo. La tenda per bambini ha una tasca cucita per i giocattoli e una finestra con una tenda a rullo.<\/strong> Tutte le parti in tessuto possono essere lavate in lavatrice. La tenda per bambini si piega facilmente e non occupa molto spazio.<b><br \/>\n<\/b><\/p>\n<p>Indian Teepee \u00e8 un posto fantastico per divertirsi all&#8217;aria aperta ea casa. La tenda Teepee per bambini \u00e8 un buon posto per riposare e un angolo per la lettura di libri. Un wigwam per un bambino \u00e8 un elemento alla moda nell&#8217;arredamento della camera dei bambini.<\/p>\n<p><strong>Oggetto di vendita dell\u2019offerta costituisce:<\/strong><\/p>\n<ul>\n<li><strong>grande tipi tenda in cotone Premium<\/strong><\/li>\n<li><strong>tappetino trapuntato<\/strong><\/li>\n<li><strong>due cuscini<\/strong><\/li>\n<li><b>stabilizer<\/b><\/li>\n<li><strong>Bastoni<\/strong> per telaio<\/li>\n<li>Manuale d\u2019uso<\/li>\n<\/ul>\n","protected":false},"excerpt":{"rendered":"<p>Teepee rosa per bambina in un set con un tappetino morbido, due cuscini e una ghirlanda. Un opuscolo con idee per il divertimento &#8211; GRATIS!<\/p>\n","protected":false},"featured_media":48946,"comment_status":"open","ping_status":"closed","template":"","meta":[],"product_brand":[],"product_cat":[1258],"product_tag":[1440],"class_list":{"0":"post-21726","1":"product","2":"type-product","3":"status-publish","4":"has-post-thumbnail","6":"product_cat-tende-tipi","7":"product_tag-pla-it","9":"first","10":"instock","11":"taxable","12":"shipping-taxable","13":"product-type-simple"},"yoast_head":"<!-- This site is optimized with the Yoast SEO plugin v27.0 - https:\/\/yoast.com\/product\/yoast-seo-wordpress\/ -->\n<title>Tenda Tipi rosa per bambina + tappetino + due cuscini - Cozydots.com<\/title>\n<meta name=\"description\" content=\"Teepee rosa per bambina in un set con un tappetino morbido, due cuscini e una ghirlanda. Un opuscolo con idee per il divertimento - GRATIS!\" \/>\n<meta name=\"robots\" content=\"index, follow, max-snippet:-1, max-image-preview:large, max-video-preview:-1\" \/>\n<link rel=\"canonical\" href=\"https:\/\/cozydots.com\/it\/prodotto\/tenda-tipi-rosa-per-bambina-tappetino-due-cuscini-ghirlanda-pink-set\/\" \/>\n<meta property=\"og:locale\" content=\"it_IT\" \/>\n<meta property=\"og:type\" content=\"article\" \/>\n<meta property=\"og:title\" content=\"Tenda Tipi rosa per bambina + tappetino + due cuscini - Cozydots.com\" \/>\n<meta property=\"og:description\" content=\"Teepee rosa per bambina in un set con un tappetino morbido, due cuscini e una ghirlanda. Un opuscolo con idee per il divertimento - GRATIS!\" \/>\n<meta property=\"og:url\" content=\"https:\/\/cozydots.com\/it\/prodotto\/tenda-tipi-rosa-per-bambina-tappetino-due-cuscini-ghirlanda-pink-set\/\" \/>\n<meta property=\"og:site_name\" content=\"Cozydots.com\" \/>\n<meta property=\"article:modified_time\" content=\"2023-02-08T10:58:16+00:00\" \/>\n<meta property=\"og:image\" content=\"https:\/\/cozydots.com\/wp-content\/uploads\/2017\/10\/kids_tipi_tent_Pink_s1.jpg\" \/>\n\t<meta property=\"og:image:width\" content=\"1200\" \/>\n\t<meta property=\"og:image:height\" content=\"1200\" \/>\n\t<meta property=\"og:image:type\" content=\"image\/jpeg\" \/>\n<meta name=\"twitter:card\" content=\"summary_large_image\" \/>\n<meta name=\"twitter:label1\" content=\"Tempo di lettura stimato\" \/>\n\t<meta name=\"twitter:data1\" content=\"1 minuto\" \/>\n<script type=\"application\/ld+json\" class=\"yoast-schema-graph\">{\"@context\":\"https:\/\/schema.org\",\"@graph\":[{\"@type\":\"WebPage\",\"@id\":\"https:\/\/cozydots.com\/it\/prodotto\/tenda-tipi-rosa-per-bambina-tappetino-due-cuscini-ghirlanda-pink-set\/\",\"url\":\"https:\/\/cozydots.com\/it\/prodotto\/tenda-tipi-rosa-per-bambina-tappetino-due-cuscini-ghirlanda-pink-set\/\",\"name\":\"Tenda Tipi rosa per bambina + tappetino + due cuscini - Cozydots.com\",\"isPartOf\":{\"@id\":\"https:\/\/cozydots.com\/it\/#website\"},\"primaryImageOfPage\":{\"@id\":\"https:\/\/cozydots.com\/it\/prodotto\/tenda-tipi-rosa-per-bambina-tappetino-due-cuscini-ghirlanda-pink-set\/#primaryimage\"},\"image\":{\"@id\":\"https:\/\/cozydots.com\/it\/prodotto\/tenda-tipi-rosa-per-bambina-tappetino-due-cuscini-ghirlanda-pink-set\/#primaryimage\"},\"thumbnailUrl\":\"https:\/\/cozydots.com\/wp-content\/uploads\/2017\/10\/kids_tipi_tent_Pink_s1.jpg\",\"datePublished\":\"2019-08-21T22:36:09+00:00\",\"dateModified\":\"2023-02-08T10:58:16+00:00\",\"description\":\"Teepee rosa per bambina in un set con un tappetino morbido, due cuscini e una ghirlanda. Un opuscolo con idee per il divertimento - GRATIS!\",\"breadcrumb\":{\"@id\":\"https:\/\/cozydots.com\/it\/prodotto\/tenda-tipi-rosa-per-bambina-tappetino-due-cuscini-ghirlanda-pink-set\/#breadcrumb\"},\"inLanguage\":\"it-IT\",\"potentialAction\":[{\"@type\":\"ReadAction\",\"target\":[\"https:\/\/cozydots.com\/it\/prodotto\/tenda-tipi-rosa-per-bambina-tappetino-due-cuscini-ghirlanda-pink-set\/\"]}]},{\"@type\":\"ImageObject\",\"inLanguage\":\"it-IT\",\"@id\":\"https:\/\/cozydots.com\/it\/prodotto\/tenda-tipi-rosa-per-bambina-tappetino-due-cuscini-ghirlanda-pink-set\/#primaryimage\",\"url\":\"https:\/\/cozydots.com\/wp-content\/uploads\/2017\/10\/kids_tipi_tent_Pink_s1.jpg\",\"contentUrl\":\"https:\/\/cozydots.com\/wp-content\/uploads\/2017\/10\/kids_tipi_tent_Pink_s1.jpg\",\"width\":1200,\"height\":1200,\"caption\":\"pp-1094.jpg\"},{\"@type\":\"BreadcrumbList\",\"@id\":\"https:\/\/cozydots.com\/it\/prodotto\/tenda-tipi-rosa-per-bambina-tappetino-due-cuscini-ghirlanda-pink-set\/#breadcrumb\",\"itemListElement\":[{\"@type\":\"ListItem\",\"position\":1,\"name\":\"Strona g\u0142\u00f3wna\",\"item\":\"https:\/\/cozydots.com\/it\/\"},{\"@type\":\"ListItem\",\"position\":2,\"name\":\"Negozio\",\"item\":\"https:\/\/cozydots.com\/it\/negozio\/\"},{\"@type\":\"ListItem\",\"position\":3,\"name\":\"Tenda Tipi rosa per bambina + tappetino + due cuscini\"}]},{\"@type\":\"WebSite\",\"@id\":\"https:\/\/cozydots.com\/it\/#website\",\"url\":\"https:\/\/cozydots.com\/it\/\",\"name\":\"Cozydots.com\",\"description\":\"Producent namiot\u00f3w Tipi\",\"publisher\":{\"@id\":\"https:\/\/cozydots.com\/it\/#organization\"},\"potentialAction\":[{\"@type\":\"SearchAction\",\"target\":{\"@type\":\"EntryPoint\",\"urlTemplate\":\"https:\/\/cozydots.com\/it\/?s={search_term_string}\"},\"query-input\":{\"@type\":\"PropertyValueSpecification\",\"valueRequired\":true,\"valueName\":\"search_term_string\"}}],\"inLanguage\":\"it-IT\"},{\"@type\":\"Organization\",\"@id\":\"https:\/\/cozydots.com\/it\/#organization\",\"name\":\"Cozydots.com\",\"url\":\"https:\/\/cozydots.com\/it\/\",\"logo\":{\"@type\":\"ImageObject\",\"inLanguage\":\"it-IT\",\"@id\":\"https:\/\/cozydots.com\/it\/#\/schema\/logo\/image\/\",\"url\":\"https:\/\/cozydots.com\/wp-content\/uploads\/2021\/10\/cozyshop_logo.png\",\"contentUrl\":\"https:\/\/cozydots.com\/wp-content\/uploads\/2021\/10\/cozyshop_logo.png\",\"width\":400,\"height\":121,\"caption\":\"Cozydots.com\"},\"image\":{\"@id\":\"https:\/\/cozydots.com\/it\/#\/schema\/logo\/image\/\"}}]}<\/script>\n<!-- \/ Yoast SEO plugin. -->","yoast_head_json":{"title":"Tenda Tipi rosa per bambina + tappetino + due cuscini - Cozydots.com","description":"Teepee rosa per bambina in un set con un tappetino morbido, due cuscini e una ghirlanda. Un opuscolo con idee per il divertimento - GRATIS!","robots":{"index":"index","follow":"follow","max-snippet":"max-snippet:-1","max-image-preview":"max-image-preview:large","max-video-preview":"max-video-preview:-1"},"canonical":"https:\/\/cozydots.com\/it\/prodotto\/tenda-tipi-rosa-per-bambina-tappetino-due-cuscini-ghirlanda-pink-set\/","og_locale":"it_IT","og_type":"article","og_title":"Tenda Tipi rosa per bambina + tappetino + due cuscini - Cozydots.com","og_description":"Teepee rosa per bambina in un set con un tappetino morbido, due cuscini e una ghirlanda. Un opuscolo con idee per il divertimento - GRATIS!","og_url":"https:\/\/cozydots.com\/it\/prodotto\/tenda-tipi-rosa-per-bambina-tappetino-due-cuscini-ghirlanda-pink-set\/","og_site_name":"Cozydots.com","article_modified_time":"2023-02-08T10:58:16+00:00","og_image":[{"width":1200,"height":1200,"url":"https:\/\/cozydots.com\/wp-content\/uploads\/2017\/10\/kids_tipi_tent_Pink_s1.jpg","type":"image\/jpeg"}],"twitter_card":"summary_large_image","twitter_misc":{"Tempo di lettura stimato":"1 minuto"},"schema":{"@context":"https:\/\/schema.org","@graph":[{"@type":"WebPage","@id":"https:\/\/cozydots.com\/it\/prodotto\/tenda-tipi-rosa-per-bambina-tappetino-due-cuscini-ghirlanda-pink-set\/","url":"https:\/\/cozydots.com\/it\/prodotto\/tenda-tipi-rosa-per-bambina-tappetino-due-cuscini-ghirlanda-pink-set\/","name":"Tenda Tipi rosa per bambina + tappetino + due cuscini - Cozydots.com","isPartOf":{"@id":"https:\/\/cozydots.com\/it\/#website"},"primaryImageOfPage":{"@id":"https:\/\/cozydots.com\/it\/prodotto\/tenda-tipi-rosa-per-bambina-tappetino-due-cuscini-ghirlanda-pink-set\/#primaryimage"},"image":{"@id":"https:\/\/cozydots.com\/it\/prodotto\/tenda-tipi-rosa-per-bambina-tappetino-due-cuscini-ghirlanda-pink-set\/#primaryimage"},"thumbnailUrl":"https:\/\/cozydots.com\/wp-content\/uploads\/2017\/10\/kids_tipi_tent_Pink_s1.jpg","datePublished":"2019-08-21T22:36:09+00:00","dateModified":"2023-02-08T10:58:16+00:00","description":"Teepee rosa per bambina in un set con un tappetino morbido, due cuscini e una ghirlanda. Un opuscolo con idee per il divertimento - GRATIS!","breadcrumb":{"@id":"https:\/\/cozydots.com\/it\/prodotto\/tenda-tipi-rosa-per-bambina-tappetino-due-cuscini-ghirlanda-pink-set\/#breadcrumb"},"inLanguage":"it-IT","potentialAction":[{"@type":"ReadAction","target":["https:\/\/cozydots.com\/it\/prodotto\/tenda-tipi-rosa-per-bambina-tappetino-due-cuscini-ghirlanda-pink-set\/"]}]},{"@type":"ImageObject","inLanguage":"it-IT","@id":"https:\/\/cozydots.com\/it\/prodotto\/tenda-tipi-rosa-per-bambina-tappetino-due-cuscini-ghirlanda-pink-set\/#primaryimage","url":"https:\/\/cozydots.com\/wp-content\/uploads\/2017\/10\/kids_tipi_tent_Pink_s1.jpg","contentUrl":"https:\/\/cozydots.com\/wp-content\/uploads\/2017\/10\/kids_tipi_tent_Pink_s1.jpg","width":1200,"height":1200,"caption":"pp-1094.jpg"},{"@type":"BreadcrumbList","@id":"https:\/\/cozydots.com\/it\/prodotto\/tenda-tipi-rosa-per-bambina-tappetino-due-cuscini-ghirlanda-pink-set\/#breadcrumb","itemListElement":[{"@type":"ListItem","position":1,"name":"Strona g\u0142\u00f3wna","item":"https:\/\/cozydots.com\/it\/"},{"@type":"ListItem","position":2,"name":"Negozio","item":"https:\/\/cozydots.com\/it\/negozio\/"},{"@type":"ListItem","position":3,"name":"Tenda Tipi rosa per bambina + tappetino + due cuscini"}]},{"@type":"WebSite","@id":"https:\/\/cozydots.com\/it\/#website","url":"https:\/\/cozydots.com\/it\/","name":"Cozydots.com","description":"Producent namiot\u00f3w Tipi","publisher":{"@id":"https:\/\/cozydots.com\/it\/#organization"},"potentialAction":[{"@type":"SearchAction","target":{"@type":"EntryPoint","urlTemplate":"https:\/\/cozydots.com\/it\/?s={search_term_string}"},"query-input":{"@type":"PropertyValueSpecification","valueRequired":true,"valueName":"search_term_string"}}],"inLanguage":"it-IT"},{"@type":"Organization","@id":"https:\/\/cozydots.com\/it\/#organization","name":"Cozydots.com","url":"https:\/\/cozydots.com\/it\/","logo":{"@type":"ImageObject","inLanguage":"it-IT","@id":"https:\/\/cozydots.com\/it\/#\/schema\/logo\/image\/","url":"https:\/\/cozydots.com\/wp-content\/uploads\/2021\/10\/cozyshop_logo.png","contentUrl":"https:\/\/cozydots.com\/wp-content\/uploads\/2021\/10\/cozyshop_logo.png","width":400,"height":121,"caption":"Cozydots.com"},"image":{"@id":"https:\/\/cozydots.com\/it\/#\/schema\/logo\/image\/"}}]}},"_links":{"self":[{"href":"https:\/\/cozydots.com\/it\/wp-json\/wp\/v2\/product\/21726","targetHints":{"allow":["GET"]}}],"collection":[{"href":"https:\/\/cozydots.com\/it\/wp-json\/wp\/v2\/product"}],"about":[{"href":"https:\/\/cozydots.com\/it\/wp-json\/wp\/v2\/types\/product"}],"replies":[{"embeddable":true,"href":"https:\/\/cozydots.com\/it\/wp-json\/wp\/v2\/comments?post=21726"}],"wp:featuredmedia":[{"embeddable":true,"href":"https:\/\/cozydots.com\/it\/wp-json\/wp\/v2\/media\/48946"}],"wp:attachment":[{"href":"https:\/\/cozydots.com\/it\/wp-json\/wp\/v2\/media?parent=21726"}],"wp:term":[{"taxonomy":"product_brand","embeddable":true,"href":"https:\/\/cozydots.com\/it\/wp-json\/wp\/v2\/product_brand?post=21726"},{"taxonomy":"product_cat","embeddable":true,"href":"https:\/\/cozydots.com\/it\/wp-json\/wp\/v2\/product_cat?post=21726"},{"taxonomy":"product_tag","embeddable":true,"href":"https:\/\/cozydots.com\/it\/wp-json\/wp\/v2\/product_tag?post=21726"}],"curies":[{"name":"wp","href":"https:\/\/api.w.org\/{rel}","templated":true}]}}