{"id":22345,"date":"2017-07-31T19:11:18","date_gmt":"2019-09-09T10:09:11","guid":{"rendered":"https:\/\/cozydots.com\/?post_type=product&#038;p=22345"},"modified":"2023-02-08T11:58:13","modified_gmt":"2023-02-08T10:58:13","slug":"tenda-tipi-aztec-2","status":"publish","type":"product","link":"https:\/\/cozydots.com\/it\/prodotto\/tenda-tipi-aztec-2\/","title":{"rendered":"Tenda Tipi Indian"},"content":{"rendered":"<p>Il teepee folk per la camera dei bambini della serie Indian di Cozyshop \u00e8 un angolo di gioco insolito per i piccoli avventurieri.<\/p>\n<p><strong>La tela di cotone sabbia \u00e8 rifinita con un tessuto con motivi colorati con un motivo azteco. Gli accenti neri sotto forma di nastri e piccoli pompon, in cui \u00e8 cucita l&#8217;entrata, aggiungono carattere.<\/strong> Questo originale teepee etnico per bambini piacer\u00e0 soprattutto ai ragazzi.<\/p>\n<p>Realizzata in vero cotone, la tenda in tessuto garantisce una perfetta traspirabilit\u00e0, anti-allergia e la possibilit\u00e0 di lavare in lavatrice. La tenda per bambini verr\u00e0 utilizzata sia all&#8217;interno della casa che nel cortile, dove diventer\u00e0 rapidamente il nascondiglio preferito dal vento e dal sole. La finestra decorativa offre ancora pi\u00f9 divertimento e le tasche interne per piccoli oggetti contribuiranno a mantenere in ordine i tipi interni.<\/p>\n<p><strong>Il kit include:<\/strong><\/p>\n<ul>\n<li>Tenda Tipi con design azteco e pompon neri<\/li>\n<li>bastoni di legno pieghevoli 8 pezzi e 4 connettori in alluminio<\/li>\n<li>stabilizer<\/li>\n<li>manuale<\/li>\n<\/ul>\n","protected":false},"excerpt":{"rendered":"<p>Una coloratissima tenda Tipi in stile indiano. Questo originale teepee etnico per bambini piacer\u00e0 soprattutto ai ragazzi.<\/p>\n","protected":false},"featured_media":41486,"comment_status":"open","ping_status":"closed","template":"","meta":[],"product_brand":[],"product_cat":[1258],"product_tag":[],"class_list":{"0":"post-22345","1":"product","2":"type-product","3":"status-publish","4":"has-post-thumbnail","6":"product_cat-tende-tipi","8":"first","9":"instock","10":"taxable","11":"shipping-taxable","12":"product-type-simple"},"yoast_head":"<!-- This site is optimized with the Yoast SEO plugin v27.0 - https:\/\/yoast.com\/product\/yoast-seo-wordpress\/ -->\n<title>Tenda Tipi Indian - Cozydots.com<\/title>\n<meta name=\"description\" content=\"Una coloratissima tenda Tipi in stile indiano. Questo originale teepee etnico per bambini piacer\u00e0 soprattutto ai ragazzi.\" \/>\n<meta name=\"robots\" content=\"index, follow, max-snippet:-1, max-image-preview:large, max-video-preview:-1\" \/>\n<link rel=\"canonical\" href=\"https:\/\/cozydots.com\/it\/prodotto\/tenda-tipi-aztec-2\/\" \/>\n<meta property=\"og:locale\" content=\"it_IT\" \/>\n<meta property=\"og:type\" content=\"article\" \/>\n<meta property=\"og:title\" content=\"Tenda Tipi Indian - Cozydots.com\" \/>\n<meta property=\"og:description\" content=\"Una coloratissima tenda Tipi in stile indiano. Questo originale teepee etnico per bambini piacer\u00e0 soprattutto ai ragazzi.\" \/>\n<meta property=\"og:url\" content=\"https:\/\/cozydots.com\/it\/prodotto\/tenda-tipi-aztec-2\/\" \/>\n<meta property=\"og:site_name\" content=\"Cozydots.com\" \/>\n<meta property=\"article:modified_time\" content=\"2023-02-08T10:58:13+00:00\" \/>\n<meta property=\"og:image\" content=\"https:\/\/cozydots.com\/wp-content\/uploads\/2021\/11\/pp-1499.jpg\" \/>\n\t<meta property=\"og:image:width\" content=\"1200\" \/>\n\t<meta property=\"og:image:height\" content=\"1200\" \/>\n\t<meta property=\"og:image:type\" content=\"image\/jpeg\" \/>\n<meta name=\"twitter:card\" content=\"summary_large_image\" \/>\n<meta name=\"twitter:label1\" content=\"Tempo di lettura stimato\" \/>\n\t<meta name=\"twitter:data1\" content=\"1 minuto\" \/>\n<script type=\"application\/ld+json\" class=\"yoast-schema-graph\">{\"@context\":\"https:\/\/schema.org\",\"@graph\":[{\"@type\":\"WebPage\",\"@id\":\"https:\/\/cozydots.com\/it\/prodotto\/tenda-tipi-aztec-2\/\",\"url\":\"https:\/\/cozydots.com\/it\/prodotto\/tenda-tipi-aztec-2\/\",\"name\":\"Tenda Tipi Indian - Cozydots.com\",\"isPartOf\":{\"@id\":\"https:\/\/cozydots.com\/it\/#website\"},\"primaryImageOfPage\":{\"@id\":\"https:\/\/cozydots.com\/it\/prodotto\/tenda-tipi-aztec-2\/#primaryimage\"},\"image\":{\"@id\":\"https:\/\/cozydots.com\/it\/prodotto\/tenda-tipi-aztec-2\/#primaryimage\"},\"thumbnailUrl\":\"https:\/\/cozydots.com\/wp-content\/uploads\/2021\/11\/pp-1499.jpg\",\"datePublished\":\"2019-09-09T10:09:11+00:00\",\"dateModified\":\"2023-02-08T10:58:13+00:00\",\"description\":\"Una coloratissima tenda Tipi in stile indiano. Questo originale teepee etnico per bambini piacer\u00e0 soprattutto ai ragazzi.\",\"breadcrumb\":{\"@id\":\"https:\/\/cozydots.com\/it\/prodotto\/tenda-tipi-aztec-2\/#breadcrumb\"},\"inLanguage\":\"it-IT\",\"potentialAction\":[{\"@type\":\"ReadAction\",\"target\":[\"https:\/\/cozydots.com\/it\/prodotto\/tenda-tipi-aztec-2\/\"]}]},{\"@type\":\"ImageObject\",\"inLanguage\":\"it-IT\",\"@id\":\"https:\/\/cozydots.com\/it\/prodotto\/tenda-tipi-aztec-2\/#primaryimage\",\"url\":\"https:\/\/cozydots.com\/wp-content\/uploads\/2021\/11\/pp-1499.jpg\",\"contentUrl\":\"https:\/\/cozydots.com\/wp-content\/uploads\/2021\/11\/pp-1499.jpg\",\"width\":1200,\"height\":1200},{\"@type\":\"BreadcrumbList\",\"@id\":\"https:\/\/cozydots.com\/it\/prodotto\/tenda-tipi-aztec-2\/#breadcrumb\",\"itemListElement\":[{\"@type\":\"ListItem\",\"position\":1,\"name\":\"Strona g\u0142\u00f3wna\",\"item\":\"https:\/\/cozydots.com\/it\/\"},{\"@type\":\"ListItem\",\"position\":2,\"name\":\"Negozio\",\"item\":\"https:\/\/cozydots.com\/it\/negozio\/\"},{\"@type\":\"ListItem\",\"position\":3,\"name\":\"Tenda Tipi Indian\"}]},{\"@type\":\"WebSite\",\"@id\":\"https:\/\/cozydots.com\/it\/#website\",\"url\":\"https:\/\/cozydots.com\/it\/\",\"name\":\"Cozydots.com\",\"description\":\"Producent namiot\u00f3w Tipi\",\"publisher\":{\"@id\":\"https:\/\/cozydots.com\/it\/#organization\"},\"potentialAction\":[{\"@type\":\"SearchAction\",\"target\":{\"@type\":\"EntryPoint\",\"urlTemplate\":\"https:\/\/cozydots.com\/it\/?s={search_term_string}\"},\"query-input\":{\"@type\":\"PropertyValueSpecification\",\"valueRequired\":true,\"valueName\":\"search_term_string\"}}],\"inLanguage\":\"it-IT\"},{\"@type\":\"Organization\",\"@id\":\"https:\/\/cozydots.com\/it\/#organization\",\"name\":\"Cozydots.com\",\"url\":\"https:\/\/cozydots.com\/it\/\",\"logo\":{\"@type\":\"ImageObject\",\"inLanguage\":\"it-IT\",\"@id\":\"https:\/\/cozydots.com\/it\/#\/schema\/logo\/image\/\",\"url\":\"https:\/\/cozydots.com\/wp-content\/uploads\/2021\/10\/cozyshop_logo.png\",\"contentUrl\":\"https:\/\/cozydots.com\/wp-content\/uploads\/2021\/10\/cozyshop_logo.png\",\"width\":400,\"height\":121,\"caption\":\"Cozydots.com\"},\"image\":{\"@id\":\"https:\/\/cozydots.com\/it\/#\/schema\/logo\/image\/\"}}]}<\/script>\n<!-- \/ Yoast SEO plugin. -->","yoast_head_json":{"title":"Tenda Tipi Indian - Cozydots.com","description":"Una coloratissima tenda Tipi in stile indiano. Questo originale teepee etnico per bambini piacer\u00e0 soprattutto ai ragazzi.","robots":{"index":"index","follow":"follow","max-snippet":"max-snippet:-1","max-image-preview":"max-image-preview:large","max-video-preview":"max-video-preview:-1"},"canonical":"https:\/\/cozydots.com\/it\/prodotto\/tenda-tipi-aztec-2\/","og_locale":"it_IT","og_type":"article","og_title":"Tenda Tipi Indian - Cozydots.com","og_description":"Una coloratissima tenda Tipi in stile indiano. Questo originale teepee etnico per bambini piacer\u00e0 soprattutto ai ragazzi.","og_url":"https:\/\/cozydots.com\/it\/prodotto\/tenda-tipi-aztec-2\/","og_site_name":"Cozydots.com","article_modified_time":"2023-02-08T10:58:13+00:00","og_image":[{"width":1200,"height":1200,"url":"https:\/\/cozydots.com\/wp-content\/uploads\/2021\/11\/pp-1499.jpg","type":"image\/jpeg"}],"twitter_card":"summary_large_image","twitter_misc":{"Tempo di lettura stimato":"1 minuto"},"schema":{"@context":"https:\/\/schema.org","@graph":[{"@type":"WebPage","@id":"https:\/\/cozydots.com\/it\/prodotto\/tenda-tipi-aztec-2\/","url":"https:\/\/cozydots.com\/it\/prodotto\/tenda-tipi-aztec-2\/","name":"Tenda Tipi Indian - Cozydots.com","isPartOf":{"@id":"https:\/\/cozydots.com\/it\/#website"},"primaryImageOfPage":{"@id":"https:\/\/cozydots.com\/it\/prodotto\/tenda-tipi-aztec-2\/#primaryimage"},"image":{"@id":"https:\/\/cozydots.com\/it\/prodotto\/tenda-tipi-aztec-2\/#primaryimage"},"thumbnailUrl":"https:\/\/cozydots.com\/wp-content\/uploads\/2021\/11\/pp-1499.jpg","datePublished":"2019-09-09T10:09:11+00:00","dateModified":"2023-02-08T10:58:13+00:00","description":"Una coloratissima tenda Tipi in stile indiano. Questo originale teepee etnico per bambini piacer\u00e0 soprattutto ai ragazzi.","breadcrumb":{"@id":"https:\/\/cozydots.com\/it\/prodotto\/tenda-tipi-aztec-2\/#breadcrumb"},"inLanguage":"it-IT","potentialAction":[{"@type":"ReadAction","target":["https:\/\/cozydots.com\/it\/prodotto\/tenda-tipi-aztec-2\/"]}]},{"@type":"ImageObject","inLanguage":"it-IT","@id":"https:\/\/cozydots.com\/it\/prodotto\/tenda-tipi-aztec-2\/#primaryimage","url":"https:\/\/cozydots.com\/wp-content\/uploads\/2021\/11\/pp-1499.jpg","contentUrl":"https:\/\/cozydots.com\/wp-content\/uploads\/2021\/11\/pp-1499.jpg","width":1200,"height":1200},{"@type":"BreadcrumbList","@id":"https:\/\/cozydots.com\/it\/prodotto\/tenda-tipi-aztec-2\/#breadcrumb","itemListElement":[{"@type":"ListItem","position":1,"name":"Strona g\u0142\u00f3wna","item":"https:\/\/cozydots.com\/it\/"},{"@type":"ListItem","position":2,"name":"Negozio","item":"https:\/\/cozydots.com\/it\/negozio\/"},{"@type":"ListItem","position":3,"name":"Tenda Tipi Indian"}]},{"@type":"WebSite","@id":"https:\/\/cozydots.com\/it\/#website","url":"https:\/\/cozydots.com\/it\/","name":"Cozydots.com","description":"Producent namiot\u00f3w Tipi","publisher":{"@id":"https:\/\/cozydots.com\/it\/#organization"},"potentialAction":[{"@type":"SearchAction","target":{"@type":"EntryPoint","urlTemplate":"https:\/\/cozydots.com\/it\/?s={search_term_string}"},"query-input":{"@type":"PropertyValueSpecification","valueRequired":true,"valueName":"search_term_string"}}],"inLanguage":"it-IT"},{"@type":"Organization","@id":"https:\/\/cozydots.com\/it\/#organization","name":"Cozydots.com","url":"https:\/\/cozydots.com\/it\/","logo":{"@type":"ImageObject","inLanguage":"it-IT","@id":"https:\/\/cozydots.com\/it\/#\/schema\/logo\/image\/","url":"https:\/\/cozydots.com\/wp-content\/uploads\/2021\/10\/cozyshop_logo.png","contentUrl":"https:\/\/cozydots.com\/wp-content\/uploads\/2021\/10\/cozyshop_logo.png","width":400,"height":121,"caption":"Cozydots.com"},"image":{"@id":"https:\/\/cozydots.com\/it\/#\/schema\/logo\/image\/"}}]}},"_links":{"self":[{"href":"https:\/\/cozydots.com\/it\/wp-json\/wp\/v2\/product\/22345","targetHints":{"allow":["GET"]}}],"collection":[{"href":"https:\/\/cozydots.com\/it\/wp-json\/wp\/v2\/product"}],"about":[{"href":"https:\/\/cozydots.com\/it\/wp-json\/wp\/v2\/types\/product"}],"replies":[{"embeddable":true,"href":"https:\/\/cozydots.com\/it\/wp-json\/wp\/v2\/comments?post=22345"}],"wp:featuredmedia":[{"embeddable":true,"href":"https:\/\/cozydots.com\/it\/wp-json\/wp\/v2\/media\/41486"}],"wp:attachment":[{"href":"https:\/\/cozydots.com\/it\/wp-json\/wp\/v2\/media?parent=22345"}],"wp:term":[{"taxonomy":"product_brand","embeddable":true,"href":"https:\/\/cozydots.com\/it\/wp-json\/wp\/v2\/product_brand?post=22345"},{"taxonomy":"product_cat","embeddable":true,"href":"https:\/\/cozydots.com\/it\/wp-json\/wp\/v2\/product_cat?post=22345"},{"taxonomy":"product_tag","embeddable":true,"href":"https:\/\/cozydots.com\/it\/wp-json\/wp\/v2\/product_tag?post=22345"}],"curies":[{"name":"wp","href":"https:\/\/api.w.org\/{rel}","templated":true}]}}