{"id":19494,"date":"2018-07-07T11:27:10","date_gmt":"2018-07-07T11:27:10","guid":{"rendered":"http:\/\/shoptimizer.local\/?page_id=779"},"modified":"2023-10-06T10:58:38","modified_gmt":"2023-10-06T08:58:38","slug":"kontakt","status":"publish","type":"page","link":"https:\/\/cozydots.com\/pl\/kontakt\/","title":{"rendered":"Kontakt"},"content":{"rendered":"\t<section class=\"section\" id=\"section_496042685\">\n\t\t<div class=\"bg section-bg fill bg-fill bg-loaded \" >\n\n\t\t\t\n\t\t\t\n\t\t\t\n\n\t\t<\/div>\n\n\t\t\n\n\t\t<div class=\"section-content relative\">\n\t\t\t\n\t\t<\/div>\n\n\t\t\n<style>\n#section_496042685 {\n  padding-top: 30px;\n  padding-bottom: 30px;\n  min-height: 530px;\n}\n#section_496042685 .section-bg.bg-loaded {\n  background-image: url(https:\/\/cozydots.com\/wp-content\/uploads\/2021\/10\/banerowe1.jpg);\n}\n#section_496042685 .section-bg {\n  background-position: 64% 83%;\n}\n<\/style>\n\t<\/section>\n\t\n<div class=\"row\"  id=\"row-155962364\">\n\n\t<div id=\"col-1827201427\" class=\"col medium-6 large-6\"  >\n\t\t\t\t<div class=\"col-inner\"  >\n\t\t\t\n\t\t\t\n<div class=\"container section-title-container\" ><h3 class=\"section-title section-title-normal\"><b><\/b><span class=\"section-title-main\" >Najcz\u0119\u015bciej zadawane pytania<\/span><b><\/b><\/h3><\/div>\n<p class=\"lead\">Prosimy o zapoznanie si\u0119 z dzia\u0142em POMOC &#8220;przed&#8221; wys\u0142aniem zapytania.<\/p>\n<div class=\"accordion\">\n\t<div id=\"accordion-1458746956\" class=\"accordion-item\">\n\t\t<a id=\"accordion-1458746956-label\" class=\"accordion-title plain\" href=\"#accordion-item-jakie_s\u0105_dost\u0119pne_formy_oraz_koszta_wysy\u0142ki?\" aria-expanded=\"false\" aria-controls=\"accordion-1458746956-content\" >\n\t\t\t<button class=\"toggle\" aria-label=\"Toggle\"><i class=\"icon-angle-down\"><\/i><\/button>\n\t\t\t<span>Jakie s\u0105 dost\u0119pne formy oraz koszta wysy\u0142ki?<\/span>\n\t\t<\/a>\n\t\t<div id=\"accordion-1458746956-content\" class=\"accordion-inner\" aria-labelledby=\"accordion-1458746956-label\" >\n\t\t\t\n<p>1. Zam\u00f3wiony towar dotrze do Pa\u0144stwa w terminie 1-2 dni roboczych od daty wys\u0142ania.<br \/>\n2. Zam\u00f3wione produkty dostarczamy za po\u015brednictwem: Firmy kurierskiej DPD (termin deklarowany 1 dzie\u0144)<br \/>\n3. Koszt wysy\u0142ki przedmiotu wynosi 15 z\u0142 (waga do 5 kg)<br \/>\n4. Odbi\u00f3r osobisty po wcze\u015bniejszym kontakcie<\/p>\n\t\t<\/div>\n\t<\/div>\n\t\n\t<div id=\"accordion-1149921834\" class=\"accordion-item\">\n\t\t<a id=\"accordion-1149921834-label\" class=\"accordion-title plain\" href=\"#accordion-item-jakie_s\u0105_dost\u0119pne_opcje_p\u0142atno\u015bci_w_sklepie_internetowym?\" aria-expanded=\"false\" aria-controls=\"accordion-1149921834-content\" >\n\t\t\t<button class=\"toggle\" aria-label=\"Toggle\"><i class=\"icon-angle-down\"><\/i><\/button>\n\t\t\t<span>Jakie s\u0105 dost\u0119pne opcje p\u0142atno\u015bci w Sklepie Internetowym?<\/span>\n\t\t<\/a>\n\t\t<div id=\"accordion-1149921834-content\" class=\"accordion-inner\" aria-labelledby=\"accordion-1149921834-label\" >\n\t\t\t\n<p>W naszym Sklepie Internetowym udost\u0119pniamy nast\u0119puj\u0105ce formy p\u0142atno\u015bci:<br \/>\n1. Przelew bankowy (Mbank)<\/p>\n<p>PL60 1140 2004 0000 3812 1372 5553 ( \u20ac EURO )<br \/>\nPL65 1140 2004 0000 3612 1372 5561 ( \u00a3 GBP )<br \/>\nPL73 1140 2004 0000 3102 7702 5762 ( z\u0142 \u2013 PLN )<\/p>\n<p>2. Dotpay \u2013 Bezpieczne i wygodne p\u0142atno\u015bci online<\/p>\n<p>3. PayPal \u2013 P\u0142a\u0107 online w serwisie PayPal \u2013 na ca\u0142ym \u015bwiecie<\/p>\n\t\t<\/div>\n\t<\/div>\n\t\n\t<div id=\"accordion-365647090\" class=\"accordion-item\">\n\t\t<a id=\"accordion-365647090-label\" class=\"accordion-title plain\" href=\"#accordion-item-czy_robi\u0105c_zakupy_online_moje_dane_s\u0105_bezpieczne?\" aria-expanded=\"false\" aria-controls=\"accordion-365647090-content\" >\n\t\t\t<button class=\"toggle\" aria-label=\"Toggle\"><i class=\"icon-angle-down\"><\/i><\/button>\n\t\t\t<span>Czy robi\u0105c zakupy online moje dane s\u0105 bezpieczne?<\/span>\n\t\t<\/a>\n\t\t<div id=\"accordion-365647090-content\" class=\"accordion-inner\" aria-labelledby=\"accordion-365647090-label\" >\n\t\t\t\n<p>W naszym Sklepie Internetowym stosujemy protok\u00f3\u0142 SSL (Secure Socket Layer), kt\u00f3ry jest najbezpieczniejszym z dost\u0119pnych obecnie mechanizm\u00f3w ochrony przekazywanych danych, aby\u015b czu\u0142 si\u0119 bezpiecznie, podaj\u0105c nam informacje o sobie i sk\u0142adaj\u0105c Zam\u00f3wienia. Ten rodzaj zabezpieczenia polega na kodowaniu danych przed ich wys\u0142aniem z przegl\u0105darki i dekodowaniu po bezpiecznym dotarciu na nasz serwer. Informacja wysy\u0142ana z serwera do Ciebie jest r\u00f3wnie\u017c kodowana, a po dotarciu do celu dekodowana. SSL szyfruje, uwierzytelnia i zapewnia integralno\u015b\u0107 informacji. Po po\u0142\u0105czeniu si\u0119 z bezpieczn\u0105 stron\u0105 WWW zauwa\u017cysz, \u017ce w adresie strony zmienia si\u0119 zapis http na https.<\/p>\n\t\t<\/div>\n\t<\/div>\n\t\n\t<div id=\"accordion-4119563502\" class=\"accordion-item\">\n\t\t<a id=\"accordion-4119563502-label\" class=\"accordion-title plain\" href=\"#accordion-item-czy_otrzymam_rachunek_za_zakupy?\" aria-expanded=\"false\" aria-controls=\"accordion-4119563502-content\" >\n\t\t\t<button class=\"toggle\" aria-label=\"Toggle\"><i class=\"icon-angle-down\"><\/i><\/button>\n\t\t\t<span>Czy otrzymam rachunek za zakupy?<\/span>\n\t\t<\/a>\n\t\t<div id=\"accordion-4119563502-content\" class=\"accordion-inner\" aria-labelledby=\"accordion-4119563502-label\" >\n\t\t\t\n<p>Na ka\u017cdy zakup w naszym Sklepie internetowym otrzymasz paragon lub Faktur\u0119 Vat (je\u015bli zakup by\u0142 dokonany na firm\u0119)<\/p>\n\t\t<\/div>\n\t<\/div>\n\t\n\t<div id=\"accordion-620705258\" class=\"accordion-item\">\n\t\t<a id=\"accordion-620705258-label\" class=\"accordion-title plain\" href=\"#accordion-item-poda\u0142am\/em_niepoprawny_adres,_co_robi\u0107?\" aria-expanded=\"false\" aria-controls=\"accordion-620705258-content\" >\n\t\t\t<button class=\"toggle\" aria-label=\"Toggle\"><i class=\"icon-angle-down\"><\/i><\/button>\n\t\t\t<span>Poda\u0142am\/em niepoprawny adres, co robi\u0107?<\/span>\n\t\t<\/a>\n\t\t<div id=\"accordion-620705258-content\" class=\"accordion-inner\" aria-labelledby=\"accordion-620705258-label\" >\n\t\t\t\n<p>Jak najszybciej si\u0119 z nami skontaktuj, poprawimy dane, b\u0105d\u017a skontaktujemy si\u0119 z kurierem<\/p>\n\t\t<\/div>\n\t<\/div>\n\t\n\t<div id=\"accordion-3722862384\" class=\"accordion-item\">\n\t\t<a id=\"accordion-3722862384-label\" class=\"accordion-title plain\" href=\"#accordion-item-czy_wysy\u0142acie_paczki_do_mojego_kraju?\" aria-expanded=\"false\" aria-controls=\"accordion-3722862384-content\" >\n\t\t\t<button class=\"toggle\" aria-label=\"Toggle\"><i class=\"icon-angle-down\"><\/i><\/button>\n\t\t\t<span>Czy wysy\u0142acie paczki do mojego kraju?<\/span>\n\t\t<\/a>\n\t\t<div id=\"accordion-3722862384-content\" class=\"accordion-inner\" aria-labelledby=\"accordion-3722862384-label\" >\n\t\t\t\n<p>Wysy\u0142amy paczki do wszystkich kraj\u00f3w europejskich i nie tylko. Je\u017celi nie mo\u017cesz wybra\u0107 formy dostawy daj nam zna\u0107.<\/p>\n\t\t<\/div>\n\t<\/div>\n\t\n\t<div id=\"accordion-3712163830\" class=\"accordion-item\">\n\t\t<a id=\"accordion-3712163830-label\" class=\"accordion-title plain\" href=\"#accordion-item-czy_produkty_przyjd\u0105_w_jednej_paczce?\" aria-expanded=\"false\" aria-controls=\"accordion-3712163830-content\" >\n\t\t\t<button class=\"toggle\" aria-label=\"Toggle\"><i class=\"icon-angle-down\"><\/i><\/button>\n\t\t\t<span>Czy produkty przyjd\u0105 w jednej paczce?<\/span>\n\t\t<\/a>\n\t\t<div id=\"accordion-3712163830-content\" class=\"accordion-inner\" aria-labelledby=\"accordion-3712163830-label\" >\n\t\t\t\n<p>Tak produkty dostaniesz w jednej paczce lub w wielopaku traktowanym jako jedna paczka \ud83d\ude09<\/p>\n\t\t<\/div>\n\t<\/div>\n\t\n<\/div>\n\t\t<\/div>\n\t\t\t\t\t<\/div>\n\n\t\n\n\t<div id=\"col-1646084451\" class=\"col medium-6 large-6\"  >\n\t\t\t\t<div class=\"col-inner\"  >\n\t\t\t\n\t\t\t\n<div class=\"container section-title-container\" ><h3 class=\"section-title section-title-normal\"><b><\/b><span class=\"section-title-main\" >Napisz do nas<\/span><b><\/b><\/h3><\/div>\n<p>email : <strong>sklep@cozydots.com<\/strong> <br \/>tel. : <strong> +48 791 981 501<br \/><\/strong><\/p>\n<p><strong>Biuro<\/strong><br \/>Praw Kobiet 6, 15-535 Bia\u0142ystok, Poland, EU<\/p>\n<div class=\"wpforms-container wpforms-container-full\" id=\"wpforms-19808\"><form id=\"wpforms-form-19808\" class=\"wpforms-validate wpforms-form\" data-formid=\"19808\" method=\"post\" enctype=\"multipart\/form-data\" action=\"\/pl\/wp-json\/wp\/v2\/pages\/19494\" data-token=\"43a3855ca6f7bb97ea4d211883f508f2\" data-token-time=\"1776095572\"><noscript class=\"wpforms-error-noscript\">Aby wype\u0142ni\u0107 ten formularz, w\u0142\u0105cz obs\u0142ug\u0119 JavaScript w przegl\u0105darce.<\/noscript><div class=\"wpforms-field-container\"><div id=\"wpforms-19808-field_0-container\" class=\"wpforms-field wpforms-field-name\" data-field-id=\"0\"><label class=\"wpforms-field-label\" for=\"wpforms-19808-field_0\">User <span class=\"wpforms-required-label\">*<\/span><\/label><input type=\"text\" id=\"wpforms-19808-field_0\" class=\"wpforms-field-medium wpforms-field-required\" name=\"wpforms[fields][0]\" required><\/div><div id=\"wpforms-19808-field_1-container\" class=\"wpforms-field wpforms-field-email\" data-field-id=\"1\"><label class=\"wpforms-field-label\" for=\"wpforms-19808-field_1\">Email <span class=\"wpforms-required-label\">*<\/span><\/label><input type=\"email\" id=\"wpforms-19808-field_1\" class=\"wpforms-field-medium wpforms-field-required\" name=\"wpforms[fields][1]\" spellcheck=\"false\" required><\/div><div id=\"wpforms-19808-field_2-container\" class=\"wpforms-field wpforms-field-textarea\" data-field-id=\"2\"><label class=\"wpforms-field-label\" for=\"wpforms-19808-field_2\">Message <span class=\"wpforms-required-label\">*<\/span><\/label><textarea id=\"wpforms-19808-field_2\" class=\"wpforms-field-medium wpforms-field-required\" name=\"wpforms[fields][2]\" required><\/textarea><\/div><\/div><!-- .wpforms-field-container --><div class=\"wpforms-field wpforms-field-hp\"><label for=\"wpforms-19808-field-hp\" class=\"wpforms-field-label\">Message<\/label><input type=\"text\" name=\"wpforms[hp]\" id=\"wpforms-19808-field-hp\" class=\"wpforms-field-medium\"><\/div><div class=\"wpforms-submit-container\" ><input type=\"hidden\" name=\"wpforms[id]\" value=\"19808\"><input type=\"hidden\" name=\"page_title\" value=\"\"><input type=\"hidden\" name=\"page_url\" value=\"https:\/\/cozydots.com\/pl\/wp-json\/wp\/v2\/pages\/19494\"><input type=\"hidden\" name=\"url_referer\" value=\"\"><button type=\"submit\" name=\"wpforms[submit]\" id=\"wpforms-submit-19808\" class=\"wpforms-submit\" data-alt-text=\"Sending...\" data-submit-text=\"Send\" aria-live=\"assertive\" value=\"wpforms-submit\">Send<\/button><\/div><\/form><\/div>  <!-- .wpforms-container -->\n\t\t<\/div>\n\t\t\t\t\t<\/div>\n\n\t\n<\/div>\n","protected":false},"excerpt":{"rendered":"","protected":false},"author":1,"featured_media":0,"parent":0,"menu_order":0,"comment_status":"closed","ping_status":"closed","template":"page-blank.php","meta":{"footnotes":""},"class_list":["post-19494","page","type-page","status-publish","hentry"],"yoast_head":"<!-- This site is optimized with the Yoast SEO plugin v27.0 - https:\/\/yoast.com\/product\/yoast-seo-wordpress\/ -->\n<title>Kontakt - Cozydots.com<\/title>\n<meta name=\"robots\" content=\"index, follow, max-snippet:-1, max-image-preview:large, max-video-preview:-1\" \/>\n<link rel=\"canonical\" href=\"https:\/\/cozydots.com\/pl\/kontakt\/\" \/>\n<meta property=\"og:locale\" content=\"pl_PL\" \/>\n<meta property=\"og:type\" content=\"article\" \/>\n<meta property=\"og:title\" content=\"Kontakt - Cozydots.com\" \/>\n<meta property=\"og:url\" content=\"https:\/\/cozydots.com\/pl\/kontakt\/\" \/>\n<meta property=\"og:site_name\" content=\"Cozydots.com\" \/>\n<meta property=\"article:modified_time\" content=\"2023-10-06T08:58:38+00:00\" \/>\n<meta name=\"twitter:card\" content=\"summary_large_image\" \/>\n<meta name=\"twitter:label1\" content=\"Szacowany czas czytania\" \/>\n\t<meta name=\"twitter:data1\" content=\"2 minuty\" \/>\n<script type=\"application\/ld+json\" class=\"yoast-schema-graph\">{\"@context\":\"https:\/\/schema.org\",\"@graph\":[{\"@type\":\"WebPage\",\"@id\":\"https:\/\/cozydots.com\/pl\/kontakt\/\",\"url\":\"https:\/\/cozydots.com\/pl\/kontakt\/\",\"name\":\"Kontakt - Cozydots.com\",\"isPartOf\":{\"@id\":\"https:\/\/cozydots.com\/pl\/#website\"},\"datePublished\":\"2018-07-07T11:27:10+00:00\",\"dateModified\":\"2023-10-06T08:58:38+00:00\",\"breadcrumb\":{\"@id\":\"https:\/\/cozydots.com\/pl\/kontakt\/#breadcrumb\"},\"inLanguage\":\"pl-PL\",\"potentialAction\":[{\"@type\":\"ReadAction\",\"target\":[\"https:\/\/cozydots.com\/pl\/kontakt\/\"]}]},{\"@type\":\"BreadcrumbList\",\"@id\":\"https:\/\/cozydots.com\/pl\/kontakt\/#breadcrumb\",\"itemListElement\":[{\"@type\":\"ListItem\",\"position\":1,\"name\":\"Strona g\u0142\u00f3wna\",\"item\":\"https:\/\/cozydots.com\/pl\/\"},{\"@type\":\"ListItem\",\"position\":2,\"name\":\"Kontakt\"}]},{\"@type\":\"WebSite\",\"@id\":\"https:\/\/cozydots.com\/pl\/#website\",\"url\":\"https:\/\/cozydots.com\/pl\/\",\"name\":\"Cozydots.com\",\"description\":\"Producent namiot\u00f3w Tipi\",\"publisher\":{\"@id\":\"https:\/\/cozydots.com\/pl\/#organization\"},\"potentialAction\":[{\"@type\":\"SearchAction\",\"target\":{\"@type\":\"EntryPoint\",\"urlTemplate\":\"https:\/\/cozydots.com\/pl\/?s={search_term_string}\"},\"query-input\":{\"@type\":\"PropertyValueSpecification\",\"valueRequired\":true,\"valueName\":\"search_term_string\"}}],\"inLanguage\":\"pl-PL\"},{\"@type\":\"Organization\",\"@id\":\"https:\/\/cozydots.com\/pl\/#organization\",\"name\":\"Cozydots.com\",\"url\":\"https:\/\/cozydots.com\/pl\/\",\"logo\":{\"@type\":\"ImageObject\",\"inLanguage\":\"pl-PL\",\"@id\":\"https:\/\/cozydots.com\/pl\/#\/schema\/logo\/image\/\",\"url\":\"https:\/\/cozydots.com\/wp-content\/uploads\/2021\/10\/cozyshop_logo.png\",\"contentUrl\":\"https:\/\/cozydots.com\/wp-content\/uploads\/2021\/10\/cozyshop_logo.png\",\"width\":400,\"height\":121,\"caption\":\"Cozydots.com\"},\"image\":{\"@id\":\"https:\/\/cozydots.com\/pl\/#\/schema\/logo\/image\/\"}}]}<\/script>\n<!-- \/ Yoast SEO plugin. -->","yoast_head_json":{"title":"Kontakt - Cozydots.com","robots":{"index":"index","follow":"follow","max-snippet":"max-snippet:-1","max-image-preview":"max-image-preview:large","max-video-preview":"max-video-preview:-1"},"canonical":"https:\/\/cozydots.com\/pl\/kontakt\/","og_locale":"pl_PL","og_type":"article","og_title":"Kontakt - Cozydots.com","og_url":"https:\/\/cozydots.com\/pl\/kontakt\/","og_site_name":"Cozydots.com","article_modified_time":"2023-10-06T08:58:38+00:00","twitter_card":"summary_large_image","twitter_misc":{"Szacowany czas czytania":"2 minuty"},"schema":{"@context":"https:\/\/schema.org","@graph":[{"@type":"WebPage","@id":"https:\/\/cozydots.com\/pl\/kontakt\/","url":"https:\/\/cozydots.com\/pl\/kontakt\/","name":"Kontakt - Cozydots.com","isPartOf":{"@id":"https:\/\/cozydots.com\/pl\/#website"},"datePublished":"2018-07-07T11:27:10+00:00","dateModified":"2023-10-06T08:58:38+00:00","breadcrumb":{"@id":"https:\/\/cozydots.com\/pl\/kontakt\/#breadcrumb"},"inLanguage":"pl-PL","potentialAction":[{"@type":"ReadAction","target":["https:\/\/cozydots.com\/pl\/kontakt\/"]}]},{"@type":"BreadcrumbList","@id":"https:\/\/cozydots.com\/pl\/kontakt\/#breadcrumb","itemListElement":[{"@type":"ListItem","position":1,"name":"Strona g\u0142\u00f3wna","item":"https:\/\/cozydots.com\/pl\/"},{"@type":"ListItem","position":2,"name":"Kontakt"}]},{"@type":"WebSite","@id":"https:\/\/cozydots.com\/pl\/#website","url":"https:\/\/cozydots.com\/pl\/","name":"Cozydots.com","description":"Producent namiot\u00f3w Tipi","publisher":{"@id":"https:\/\/cozydots.com\/pl\/#organization"},"potentialAction":[{"@type":"SearchAction","target":{"@type":"EntryPoint","urlTemplate":"https:\/\/cozydots.com\/pl\/?s={search_term_string}"},"query-input":{"@type":"PropertyValueSpecification","valueRequired":true,"valueName":"search_term_string"}}],"inLanguage":"pl-PL"},{"@type":"Organization","@id":"https:\/\/cozydots.com\/pl\/#organization","name":"Cozydots.com","url":"https:\/\/cozydots.com\/pl\/","logo":{"@type":"ImageObject","inLanguage":"pl-PL","@id":"https:\/\/cozydots.com\/pl\/#\/schema\/logo\/image\/","url":"https:\/\/cozydots.com\/wp-content\/uploads\/2021\/10\/cozyshop_logo.png","contentUrl":"https:\/\/cozydots.com\/wp-content\/uploads\/2021\/10\/cozyshop_logo.png","width":400,"height":121,"caption":"Cozydots.com"},"image":{"@id":"https:\/\/cozydots.com\/pl\/#\/schema\/logo\/image\/"}}]}},"_links":{"self":[{"href":"https:\/\/cozydots.com\/pl\/wp-json\/wp\/v2\/pages\/19494","targetHints":{"allow":["GET"]}}],"collection":[{"href":"https:\/\/cozydots.com\/pl\/wp-json\/wp\/v2\/pages"}],"about":[{"href":"https:\/\/cozydots.com\/pl\/wp-json\/wp\/v2\/types\/page"}],"author":[{"embeddable":true,"href":"https:\/\/cozydots.com\/pl\/wp-json\/wp\/v2\/users\/1"}],"replies":[{"embeddable":true,"href":"https:\/\/cozydots.com\/pl\/wp-json\/wp\/v2\/comments?post=19494"}],"version-history":[{"count":2,"href":"https:\/\/cozydots.com\/pl\/wp-json\/wp\/v2\/pages\/19494\/revisions"}],"predecessor-version":[{"id":55495,"href":"https:\/\/cozydots.com\/pl\/wp-json\/wp\/v2\/pages\/19494\/revisions\/55495"}],"wp:attachment":[{"href":"https:\/\/cozydots.com\/pl\/wp-json\/wp\/v2\/media?parent=19494"}],"curies":[{"name":"wp","href":"https:\/\/api.w.org\/{rel}","templated":true}]}}