{"id":3040,"date":"2017-10-19T10:53:23","date_gmt":"2017-10-19T08:53:23","guid":{"rendered":"https:\/\/cozydots.com\/?page_id=3040"},"modified":"2025-04-17T15:01:48","modified_gmt":"2025-04-17T13:01:48","slug":"regulamin","status":"publish","type":"page","link":"https:\/\/cozydots.com\/pl\/regulamin\/","title":{"rendered":"Regulamin"},"content":{"rendered":"<p style=\"text-align: center;\">Regulamin sklepu internetowego Cozydots &#8211; Konsumencie mo\u017cesz go<br \/>\nzapisa\u0107 na dysku lub wydrukowa\u0107<\/p>\n<p style=\"text-align: center;\"><strong>\u00a7 1 POSTANOWIENIA WST\u0118PNE<\/strong><br \/>\n1.<br \/>\nSklep internetowy Cozydots jest przez<br \/>\nBaYka Karolina Poyan-Pogorzelska wpisan\u0105\/wpisanego do Centralnej Ewidencji i<br \/>\nInformacji o Dzia\u0142alno\u015bci Gospodarczej prowadzonej przez Ministra Gospodarki, nr NIP 5422951737<br \/>\n2.<br \/>\nNiniejszy regulamin stanowi zasady zawierania um\u00f3w sprzeda\u017cy zawieranych na odleg\u0142o\u015b\u0107 za<br \/>\npo\u015brednictwem Sklepu.<\/p>\n<p style=\"text-align: center;\"><strong>\u00a72 DEFINICJE<\/strong><br \/>\n1.<br \/>\nKonsument<br \/>\n\u2013 U\u017cytkownik b\u0119d\u0105cy osob\u0105 fizyczn\u0105 dokonuj\u0105c\u0105 z Przedsi\u0119biorc\u0105 w ramach sklepu<br \/>\nCozydots &#8211; czynno\u015bci prawnej niezwi\u0105zanej bezpo\u015brednio<br \/>\nz jego dzia\u0142alno\u015bci\u0105 gospodarcz\u0105 lub zawodow\u0105<br \/>\n2.<br \/>\nPrzedsi\u0119biorca<br \/>\n&#8211; BaYka Karolina Poyan-Pogorzelska , z siedzib\u0105: Praw Kobiet 6, 15-535 Bia\u0142ystok wpisan\u0105\/wpisanego do Centralnej Ewidencji i Informacji o Dzia\u0142alno\u015bci<br \/>\nGospodarczej prowadzonej przez Ministra Gospodarki, NIP 5422951737<br \/>\n3.<br \/>\nU\u017cytkownik<br \/>\n\u2013 ka\u017cdy podmiot dokonuj\u0105cy zakup\u00f3w za po\u015brednictwem Sklepu.<br \/>\n4.<br \/>\nSklep<br \/>\n&#8211; sklep internetowy prowadzony przez Przedsi\u0119biorc\u0119 pod adresem<br \/>\nhttps:\/\/cozydots.com<\/p>\n<p style=\"text-align: center;\"><strong>\u00a7 3 KONTAKT<\/strong><br \/>\n1.<br \/>\nAdres przedsi\u0119biorstwa: Praw Kobiet 6, 15-535 Bia\u0142ystok<br \/>\n2.<br \/>\nAdres poczty elektronicznej: cozydots.com<br \/>\n3.<br \/>\nNumer telefonu: 791-981-501<br \/>\n4.<br \/>\nKonsument mo\u017ce porozumie\u0107 si\u0119 z Przedsi\u0119biorc\u0105 za po\u015brednictwem adres\u00f3w i danych<br \/>\npodanych w niniejszym paragrafie.<br \/>\n\u00a7 4 INFORMACJE WST\u0118PNE<br \/>\n1.<br \/>\nCeny podane w Sklepie s\u0105 podane w polskich z\u0142otych i s\u0105 cenami brutto\u00a0 (zawieraj\u0105 podatek<br \/>\nVAT).<br \/>\n2.<br \/>\nNa ostateczna cen\u0119 zam\u00f3wienia sk\u0142ada si\u0119 cena za towar oraz koszt dostawy wskazane na<br \/>\nstronach Sklepu.<\/p>\n<p style=\"text-align: center;\"><strong>\u00a7 5 WYKONANIE UMOWY SPRZEDA\u017bY<\/strong><br \/>\n1.<br \/>\nU\u017cytkownik powinien zap\u0142aci\u0107 Przedsi\u0119biorcy za zakupiony towar w terminie 14 dni lub w<br \/>\nmomencie dostarczenia towaru &#8211; w zale\u017cno\u015bci od sposobu p\u0142atno\u015bci wybranego\u00a0 podczas<br \/>\nsk\u0142adania zam\u00f3wienia.<br \/>\n2.<br \/>\nU\u017cytkownik mo\u017ce skorzysta\u0107 m.in. z nast\u0119puj\u0105cych form p\u0142atno\u015bci:<br \/>\na.<br \/>\nprzelew<br \/>\nb.<br \/>\nkarta p\u0142atnicza \/ kredytowa<br \/>\nc.<br \/>\nprzy odbiorze (za pobraniem)<br \/>\n3.<br \/>\nSzczeg\u00f3\u0142owe informacje dotycz\u0105ce akceptowanych metod p\u0142atno\u015bci znajduj\u0105 si\u0119 na stronach<br \/>\nSklepu.<br \/>\n4.<br \/>\nTowar zostanie wys\u0142any przez Przedsi\u0119biorc\u0119 w terminie wskazanym\u00a0 w opisie towaru, w spos\u00f3b<br \/>\nwybrany przez Konsumenta podczas sk\u0142adania zam\u00f3wienia.<br \/>\n5.<br \/>\nDostawa towaru odbywa si\u0119 wy\u0142\u0105cznie na terenie Polski.<\/p>\n<p style=\"text-align: center;\">6.<\/p>\n<p style=\"text-align: center;\">Czas realizacji zam\u00f3wienia wynosi od 3 do 5 dni roboczych.<\/p>\n<p style=\"text-align: center;\"><strong>\u00a7 6 PRAWO ODST\u0104PIENIA OD UMOWY<\/strong><br \/>\n1.<br \/>\nKonsument ma prawo odst\u0105pi\u0107 od umowy w terminie 14 dni bez podania jakiejkolwiek przyczyny.<\/p>\n<p style=\"text-align: center;\">2.<br \/>\nTermin do odst\u0105pienia od umowy wygasa po up\u0142ywie 14 dni od dnia w kt\u00f3rym Konsument wszed\u0142<br \/>\nw posiadanie rzeczy lub w kt\u00f3rym osoba trzecia inna ni\u017c przewo\u017anik i wskazana przez<br \/>\nKonsumenta wesz\u0142a w posiadanie rzeczy<br \/>\n3.<br \/>\nAby skorzysta\u0107 z prawa odst\u0105pienia od umowy,\u00a0 Konsument musi poinformowa\u0107 Przedsi\u0119biorc\u0119 o<br \/>\nswojej decyzji o odst\u0105pieniu od\u00a0 umowy w drodze jednoznacznego o\u015bwiadczenia &#8211; korzystaj\u0105c z<br \/>\ndanych Przedsi\u0119biorcy podanych w niniejszym regulaminie.<br \/>\n4.<br \/>\nKonsument mo\u017ce skorzysta\u0107 z wzoru formularza odst\u0105pienia od umowy zamieszczonego na<br \/>\nko\u0144cu niniejszego regulaminu, jednak nie jest to obowi\u0105zkowe.<br \/>\n5.<br \/>\nAby zachowa\u0107 termin do odst\u0105pienia od umowy, wystarczy, aby Konsument wys\u0142a\u0142 informacj\u0119<br \/>\ndotycz\u0105c\u0105 wykonania przys\u0142uguj\u0105cego prawa odst\u0105pienia od umowy przed up\u0142ywem terminu do<br \/>\nodst\u0105pienia od umowy.<br \/>\n6.<br \/>\nSkutki odst\u0105pienia od umowy:<br \/>\na.<br \/>\nw przypadku odst\u0105pienia od umowy Przedsi\u0119biorca zwraca Konsumentowi wszystkie<br \/>\notrzymane od Konsumenta p\u0142atno\u015bci, w tym koszty dostarczenia rzeczy (<br \/>\nz wyj\u0105tkiem<br \/>\n:<br \/>\ndodatkowych koszt\u00f3w wynikaj\u0105cych z wybranego przez Konsumenta sposobu dostarczenia<br \/>\ninnego ni\u017c najta\u0144szy zwyk\u0142y spos\u00f3b dostarczenia oferowany przez Przedsi\u0119biorc\u0119 w Sklepie),<br \/>\nniezw\u0142ocznie, a w ka\u017cdym przypadku nie p\u00f3\u017aniej ni\u017c 14 dni od dnia, w kt\u00f3rym Przedsi\u0119biorca<br \/>\nzosta\u0142\u00a0 poinformowany o decyzji Konsumenta o wykonaniu prawa odst\u0105pienia od umowy.;<br \/>\nb.<br \/>\nzwrotu p\u0142atno\u015bci Przedsi\u0119biorca dokona przy u\u017cyciu takich samych sposob\u00f3w p\u0142atno\u015bci, jakie<br \/>\nzosta\u0142y przez Konsumenta u\u017cyte w pierwotnej transakcji, chyba \u017ce Konsument wyra\u017anie<br \/>\nzgodzi\u0142 si\u0119 na inne rozwi\u0105zanie; w ka\u017cdym przypadku Konsument nie poniesie \u017cadnych op\u0142at<br \/>\nw zwi\u0105zku z tym zwrotem;<br \/>\nc.<br \/>\nPrzedsi\u0119biorca mo\u017ce wstrzyma\u0107 si\u0119 ze zwrotem p\u0142atno\u015bci do czasu otrzymania towaru lub do<br \/>\nczasu dostarczenia mu dowodu jego odes\u0142ania, w zale\u017cno\u015bci od tego, kt\u00f3re zdarzenie<br \/>\nnast\u0105pi wcze\u015bniej;<br \/>\nd.<br \/>\nKonsument powinien odes\u0142a\u0107 towar na adres Przedsi\u0119biorcy podany w niniejszym<br \/>\nregulaminie niezw\u0142ocznie, a w ka\u017cdym razie nie p\u00f3\u017aniej ni\u017c 14 dni od dnia, w kt\u00f3rym<br \/>\npoinformowa\u0142 Przedsi\u0119biorc\u0119\u00a0 o odst\u0105pieniu od umowy. Termin zostanie zachowany, je\u017celi<br \/>\nKonsument ode\u015ble towar przed up\u0142ywem terminu 14 dni;<br \/>\ne.<br \/>\nKonsument ponosi bezpo\u015brednie koszty zwrotu rzeczy;<br \/>\nf.<br \/>\nKonsument odpowiada tylko za zmniejszenie warto\u015bci rzeczy wynikaj\u0105ce z korzystania z niej<br \/>\nw spos\u00f3b inny ni\u017c by\u0142o to konieczne do stwierdzenia charakteru, cech i funkcjonowania<br \/>\nrzeczy.<br \/>\n7.<br \/>\nW przypadku gdy ze wzgl\u0119du na sw\u00f3j charakter rzeczy nie mog\u0105 zosta\u0107 w zwyk\u0142ym trybie<br \/>\nodes\u0142ane poczt\u0105 informacja o tym, a tak\u017ce o kosztach zwrotu rzeczy, b\u0119dzie si\u0119 znajdowa\u0107 w<br \/>\nopisie rzeczy w Sklepie.<br \/>\n8.<br \/>\nPrawo odst\u0105pienia od umowy zawartej na odleg\u0142o\u015b\u0107 nie przys\u0142uguje Konsumentowi w odniesieniu<br \/>\ndo umowy:<br \/>\na.<br \/>\nw kt\u00f3rej przedmiotem \u015bwiadczenia jest rzecz nieprefabrykowana, wyprodukowana wed\u0142ug<br \/>\nspecyfikacji konsumenta lub s\u0142u\u017c\u0105ca zaspokojeniu jego zindywidualizowanych potrzeb;<\/p>\n<p style=\"text-align: center;\"><strong>\u00a7 7 REKLAMACJA i GWARANCJA<\/strong><br \/>\n1.<br \/>\nPrzedsi\u0119biorca jest zobowi\u0105zany do dostarczenia rzeczy wolnej od wad.<br \/>\n2.<br \/>\nW przypadku wyst\u0105pienia wady zakupionego u Przedsi\u0119biorcy towaru Konsument ma prawo do<br \/>\nreklamacji w oparciu o r\u0119kojmi\u0119 uregulowan\u0105 przepisami kodeksu cywilnego.<br \/>\n3.<br \/>\nReklamacj\u0119 nale\u017cy zg\u0142osi\u0107 pisemnie lub drog\u0105 elektroniczn\u0105 na podane w niniejszym<br \/>\nregulaminie adresy Przedsi\u0119biorcy.<br \/>\n4.<br \/>\nZaleca si\u0119 aby w reklamacji zawrze\u0107 m.in. zwi\u0119z\u0142y opis wady, dat\u0119 jej wyst\u0105pienia, dane<br \/>\nKonsumenta sk\u0142adaj\u0105cego reklamacj\u0119 oraz \u017c\u0105danie Konsumenta w zwi\u0105zku z wad\u0105 towaru.<br \/>\n5.<br \/>\nPrzedsi\u0119biorca ustosunkuje si\u0119 do \u017c\u0105dania reklamacyjnego Konsumenta w terminie 14 dni, a<br \/>\nje\u015bli nie zrobi tego w tym terminie uwa\u017ca si\u0119, \u017ce \u017c\u0105danie Konsumenta uzna\u0142 za uzasadnione.<br \/>\n6.<br \/>\nTowary odsy\u0142ane w ramach procedury reklamacyjnej nale\u017cy wysy\u0142a\u0107 na adres podany w \u00a7 3<br \/>\nRegulaminu.<br \/>\n7.<br \/>\nW przypadku gdy na produkt zosta\u0142a udzielona gwarancja informacja o niej, a tak\u017ce jej tre\u015b\u0107,<br \/>\nb\u0119d\u0105 zawarte przy opisie produktu w Sklepie.<\/p>\n<p style=\"text-align: center;\"><strong>\u00a7 8 POZAS\u0104DOWE SPOSOBY ROZPATRYWANIA REKLAMACJI i DOCHODZENIA\u00a0<\/strong><b>ROSZCZE\u0143<\/b><\/p>\n<p style=\"text-align: center;\">1.<br \/>\nKonsument ma mo\u017cliwo\u015b\u0107 skorzystania m.in. z:<br \/>\na.<br \/>\nmediacji prowadzonej przez Wojew\u00f3dzkie Inspektoraty Inspekcji Handlowej.<br \/>\nb.<br \/>\npomocy sta\u0142ych polubownych s\u0105d\u00f3w konsumenckich dzia\u0142aj\u0105cych przy Wojew\u00f3dzkich<br \/>\nInspektoratach Inspekcji Handlowej<\/p>\n<p style=\"text-align: center;\"><strong>\u00a7 9 DANE OSOBOWE<\/strong><br \/>\n1.<br \/>\nU\u017cytkownik dokonuj\u0105c zakup\u00f3w w Sklepie dobrowolnie podaje swoje dane, kt\u00f3re s\u0105 konieczne<br \/>\ndla zrealizowania zam\u00f3wienia i b\u0119d\u0105 w tym celu przetwarzane przez Przedsi\u0119biorc\u0119.<br \/>\n2.<br \/>\nU\u017cytkownik ma prawo wgl\u0105du do dotycz\u0105cych go danych osobowych i \u017c\u0105dania poprawienia ich.<br \/>\n3.<br \/>\nAdministratorem danych osobowych jest Przedsi\u0119biorca.<\/p>\n<p style=\"text-align: center;\"><strong>\u00a7 10 POSTANOWIENIA KO\u0143COWE<\/strong><br \/>\n1.<br \/>\nW kwestiach nieuregulowanych w niniejszym regulaminie maj\u0105 zastosowanie powszechnie<br \/>\nobowi\u0105zuj\u0105ce przepisy prawa polskiego, w szczeg\u00f3lno\u015bci:\u00a0 ustawa o prawach konsumenta z dnia<br \/>\n30 maja 2014 r., ustawa kodeks cywilny z dnia 23 kwietnia 1964 r. oraz ustawa kodeks<br \/>\npost\u0119powania cywilnego z dnia 17 listopada 1964 r.<br \/>\n2.<br \/>\nUmowa sprzeda\u017cy zawierana w oparciu o niniejszy regulamin dotyczy konkretnego zam\u00f3wienia i<br \/>\njest zawierana w celu realizacji jednorazowego zam\u00f3wienia. Ka\u017cde zam\u00f3wienie wymaga osobnej<br \/>\nakceptacji regulaminu.<\/p>\n","protected":false},"excerpt":{"rendered":"<p>Regulamin sklepu internetowego Cozydots &#8211; Konsumencie mo\u017cesz go zapisa\u0107 na dysku lub wydrukowa\u0107 \u00a7 1 POSTANOWIENIA WST\u0118PNE 1. Sklep internetowy Cozydots jest przez BaYka Karolina Poyan-Pogorzelska wpisan\u0105\/wpisanego do Centralnej Ewidencji i Informacji o Dzia\u0142alno\u015bci Gospodarczej prowadzonej przez Ministra Gospodarki, nr NIP 5422951737 2. Niniejszy regulamin stanowi zasady zawierania um\u00f3w sprzeda\u017cy zawieranych na odleg\u0142o\u015b\u0107 za po\u015brednictwem [&#8230;]\n","protected":false},"author":1,"featured_media":0,"parent":0,"menu_order":0,"comment_status":"closed","ping_status":"closed","template":"","meta":{"footnotes":""},"class_list":["post-3040","page","type-page","status-publish","hentry"],"yoast_head":"<!-- This site is optimized with the Yoast SEO plugin v27.0 - https:\/\/yoast.com\/product\/yoast-seo-wordpress\/ -->\n<title>Regulamin - Cozydots.com<\/title>\n<meta name=\"robots\" content=\"noindex, nofollow\" \/>\n<meta property=\"og:locale\" content=\"pl_PL\" \/>\n<meta property=\"og:type\" content=\"article\" \/>\n<meta property=\"og:title\" content=\"Regulamin - Cozydots.com\" \/>\n<meta property=\"og:description\" content=\"Regulamin sklepu internetowego Cozydots &#8211; Konsumencie mo\u017cesz go zapisa\u0107 na dysku lub wydrukowa\u0107 \u00a7 1 POSTANOWIENIA WST\u0118PNE 1. Sklep internetowy Cozydots jest przez BaYka Karolina Poyan-Pogorzelska wpisan\u0105\/wpisanego do Centralnej Ewidencji i Informacji o Dzia\u0142alno\u015bci Gospodarczej prowadzonej przez Ministra Gospodarki, nr NIP 5422951737 2. Niniejszy regulamin stanowi zasady zawierania um\u00f3w sprzeda\u017cy zawieranych na odleg\u0142o\u015b\u0107 za po\u015brednictwem [...]\" \/>\n<meta property=\"og:url\" content=\"https:\/\/cozydots.com\/pl\/regulamin\/\" \/>\n<meta property=\"og:site_name\" content=\"Cozydots.com\" \/>\n<meta property=\"article:modified_time\" content=\"2025-04-17T13:01:48+00:00\" \/>\n<meta name=\"twitter:card\" content=\"summary_large_image\" \/>\n<meta name=\"twitter:label1\" content=\"Szacowany czas czytania\" \/>\n\t<meta name=\"twitter:data1\" content=\"7 minut\" \/>\n<script type=\"application\/ld+json\" class=\"yoast-schema-graph\">{\"@context\":\"https:\/\/schema.org\",\"@graph\":[{\"@type\":\"WebPage\",\"@id\":\"https:\/\/cozydots.com\/pl\/regulamin\/\",\"url\":\"https:\/\/cozydots.com\/pl\/regulamin\/\",\"name\":\"Regulamin - Cozydots.com\",\"isPartOf\":{\"@id\":\"https:\/\/cozydots.com\/pl\/#website\"},\"datePublished\":\"2017-10-19T08:53:23+00:00\",\"dateModified\":\"2025-04-17T13:01:48+00:00\",\"breadcrumb\":{\"@id\":\"https:\/\/cozydots.com\/pl\/regulamin\/#breadcrumb\"},\"inLanguage\":\"pl-PL\",\"potentialAction\":[{\"@type\":\"ReadAction\",\"target\":[\"https:\/\/cozydots.com\/pl\/regulamin\/\"]}]},{\"@type\":\"BreadcrumbList\",\"@id\":\"https:\/\/cozydots.com\/pl\/regulamin\/#breadcrumb\",\"itemListElement\":[{\"@type\":\"ListItem\",\"position\":1,\"name\":\"Strona g\u0142\u00f3wna\",\"item\":\"https:\/\/cozydots.com\/pl\/\"},{\"@type\":\"ListItem\",\"position\":2,\"name\":\"Regulamin\"}]},{\"@type\":\"WebSite\",\"@id\":\"https:\/\/cozydots.com\/pl\/#website\",\"url\":\"https:\/\/cozydots.com\/pl\/\",\"name\":\"Cozydots.com\",\"description\":\"Producent namiot\u00f3w Tipi\",\"publisher\":{\"@id\":\"https:\/\/cozydots.com\/pl\/#organization\"},\"potentialAction\":[{\"@type\":\"SearchAction\",\"target\":{\"@type\":\"EntryPoint\",\"urlTemplate\":\"https:\/\/cozydots.com\/pl\/?s={search_term_string}\"},\"query-input\":{\"@type\":\"PropertyValueSpecification\",\"valueRequired\":true,\"valueName\":\"search_term_string\"}}],\"inLanguage\":\"pl-PL\"},{\"@type\":\"Organization\",\"@id\":\"https:\/\/cozydots.com\/pl\/#organization\",\"name\":\"Cozydots.com\",\"url\":\"https:\/\/cozydots.com\/pl\/\",\"logo\":{\"@type\":\"ImageObject\",\"inLanguage\":\"pl-PL\",\"@id\":\"https:\/\/cozydots.com\/pl\/#\/schema\/logo\/image\/\",\"url\":\"https:\/\/cozydots.com\/wp-content\/uploads\/2021\/10\/cozyshop_logo.png\",\"contentUrl\":\"https:\/\/cozydots.com\/wp-content\/uploads\/2021\/10\/cozyshop_logo.png\",\"width\":400,\"height\":121,\"caption\":\"Cozydots.com\"},\"image\":{\"@id\":\"https:\/\/cozydots.com\/pl\/#\/schema\/logo\/image\/\"}}]}<\/script>\n<!-- \/ Yoast SEO plugin. -->","yoast_head_json":{"title":"Regulamin - Cozydots.com","robots":{"index":"noindex","follow":"nofollow"},"og_locale":"pl_PL","og_type":"article","og_title":"Regulamin - Cozydots.com","og_description":"Regulamin sklepu internetowego Cozydots &#8211; Konsumencie mo\u017cesz go zapisa\u0107 na dysku lub wydrukowa\u0107 \u00a7 1 POSTANOWIENIA WST\u0118PNE 1. Sklep internetowy Cozydots jest przez BaYka Karolina Poyan-Pogorzelska wpisan\u0105\/wpisanego do Centralnej Ewidencji i Informacji o Dzia\u0142alno\u015bci Gospodarczej prowadzonej przez Ministra Gospodarki, nr NIP 5422951737 2. Niniejszy regulamin stanowi zasady zawierania um\u00f3w sprzeda\u017cy zawieranych na odleg\u0142o\u015b\u0107 za po\u015brednictwem [...]","og_url":"https:\/\/cozydots.com\/pl\/regulamin\/","og_site_name":"Cozydots.com","article_modified_time":"2025-04-17T13:01:48+00:00","twitter_card":"summary_large_image","twitter_misc":{"Szacowany czas czytania":"7 minut"},"schema":{"@context":"https:\/\/schema.org","@graph":[{"@type":"WebPage","@id":"https:\/\/cozydots.com\/pl\/regulamin\/","url":"https:\/\/cozydots.com\/pl\/regulamin\/","name":"Regulamin - Cozydots.com","isPartOf":{"@id":"https:\/\/cozydots.com\/pl\/#website"},"datePublished":"2017-10-19T08:53:23+00:00","dateModified":"2025-04-17T13:01:48+00:00","breadcrumb":{"@id":"https:\/\/cozydots.com\/pl\/regulamin\/#breadcrumb"},"inLanguage":"pl-PL","potentialAction":[{"@type":"ReadAction","target":["https:\/\/cozydots.com\/pl\/regulamin\/"]}]},{"@type":"BreadcrumbList","@id":"https:\/\/cozydots.com\/pl\/regulamin\/#breadcrumb","itemListElement":[{"@type":"ListItem","position":1,"name":"Strona g\u0142\u00f3wna","item":"https:\/\/cozydots.com\/pl\/"},{"@type":"ListItem","position":2,"name":"Regulamin"}]},{"@type":"WebSite","@id":"https:\/\/cozydots.com\/pl\/#website","url":"https:\/\/cozydots.com\/pl\/","name":"Cozydots.com","description":"Producent namiot\u00f3w Tipi","publisher":{"@id":"https:\/\/cozydots.com\/pl\/#organization"},"potentialAction":[{"@type":"SearchAction","target":{"@type":"EntryPoint","urlTemplate":"https:\/\/cozydots.com\/pl\/?s={search_term_string}"},"query-input":{"@type":"PropertyValueSpecification","valueRequired":true,"valueName":"search_term_string"}}],"inLanguage":"pl-PL"},{"@type":"Organization","@id":"https:\/\/cozydots.com\/pl\/#organization","name":"Cozydots.com","url":"https:\/\/cozydots.com\/pl\/","logo":{"@type":"ImageObject","inLanguage":"pl-PL","@id":"https:\/\/cozydots.com\/pl\/#\/schema\/logo\/image\/","url":"https:\/\/cozydots.com\/wp-content\/uploads\/2021\/10\/cozyshop_logo.png","contentUrl":"https:\/\/cozydots.com\/wp-content\/uploads\/2021\/10\/cozyshop_logo.png","width":400,"height":121,"caption":"Cozydots.com"},"image":{"@id":"https:\/\/cozydots.com\/pl\/#\/schema\/logo\/image\/"}}]}},"_links":{"self":[{"href":"https:\/\/cozydots.com\/pl\/wp-json\/wp\/v2\/pages\/3040","targetHints":{"allow":["GET"]}}],"collection":[{"href":"https:\/\/cozydots.com\/pl\/wp-json\/wp\/v2\/pages"}],"about":[{"href":"https:\/\/cozydots.com\/pl\/wp-json\/wp\/v2\/types\/page"}],"author":[{"embeddable":true,"href":"https:\/\/cozydots.com\/pl\/wp-json\/wp\/v2\/users\/1"}],"replies":[{"embeddable":true,"href":"https:\/\/cozydots.com\/pl\/wp-json\/wp\/v2\/comments?post=3040"}],"version-history":[{"count":4,"href":"https:\/\/cozydots.com\/pl\/wp-json\/wp\/v2\/pages\/3040\/revisions"}],"predecessor-version":[{"id":57469,"href":"https:\/\/cozydots.com\/pl\/wp-json\/wp\/v2\/pages\/3040\/revisions\/57469"}],"wp:attachment":[{"href":"https:\/\/cozydots.com\/pl\/wp-json\/wp\/v2\/media?parent=3040"}],"curies":[{"name":"wp","href":"https:\/\/api.w.org\/{rel}","templated":true}]}}