{"id":640,"date":"2017-06-12T14:58:53","date_gmt":"2017-06-12T12:58:53","guid":{"rendered":"https:\/\/cozydots.com\/?page_id=640\/"},"modified":"2021-10-14T14:15:24","modified_gmt":"2021-10-14T12:15:24","slug":"wysylka","status":"publish","type":"page","link":"https:\/\/cozydots.com\/pl\/wysylka\/","title":{"rendered":"Wysy\u0142ka"},"content":{"rendered":"<h2>SPOSOBY WYSY\u0141KI, FORMY TRANSPORTU<\/h2>\n<p><strong>METODY,&nbsp; KOSZTY I UBEZPIECZENIA WYSY\u0141KI<\/strong><\/p>\n<p>1. Zam\u00f3wiony towar dotrze do Pa\u0144stwa w terminie 1-2 dni roboczych od daty wys\u0142ania.<br \/>\n2. Zam\u00f3wione produkty dostarczamy za po\u015brednictwem: Firmy kurierskiej; DPD (termin deklarowany 1 dzie\u0144)<\/p>\n<p>Koszty wysy\u0142ki wynosz\u0105:<\/p>\n<p><strong>Kurier DPD :<\/strong><\/p>\n<ul>\n<li>15 z\u0142 w przypadku p\u0142atno\u015bci przelewem lub szybkimi p\u0142atno\u015bciami na numer rachunku bankowego Cozyshop, (realizacja zam\u00f3wienia nast\u0119puje, gdy pieni\u0105dze zostan\u0105 zaksi\u0119gowane na koncie bankowym; &#8211; z podanym wcze\u015bniej numerem zam\u00f3wienia);<\/li>\n<\/ul>\n<ul>\n<li>19 z\u0142 w przypadku p\u0142atno\u015bci za pobraniem (nale\u017cno\u015b\u0107 pobiera kurier).<\/li>\n<\/ul>\n<p>&nbsp;<\/p>\n<p><strong>UWAGA! Ceny dotycz\u0105 paczki do 30kg.<\/strong> Powy\u017cej 30kg koszta ustalane s\u0105 indywidualnie<\/p>\n<p>&nbsp;<\/p>\n<h2>ZWROTY<\/h2>\n<p>Zapraszamy do zapoznania si\u0119 z&nbsp;<a href=\"\/?page_id=3040\">REGULAMINEM<\/a> sklepu<\/p>\n","protected":false},"excerpt":{"rendered":"<p>SPOSOBY WYSY\u0141KI, FORMY TRANSPORTU METODY,&nbsp; KOSZTY I UBEZPIECZENIA WYSY\u0141KI 1. Zam\u00f3wiony towar dotrze do Pa\u0144stwa w terminie 1-2 dni roboczych od daty wys\u0142ania. 2. Zam\u00f3wione produkty dostarczamy za po\u015brednictwem: Firmy kurierskiej; DPD (termin deklarowany 1 dzie\u0144) Koszty wysy\u0142ki wynosz\u0105: Kurier DPD : 15 z\u0142 w przypadku p\u0142atno\u015bci przelewem lub szybkimi p\u0142atno\u015bciami na numer rachunku bankowego [&#8230;]\n","protected":false},"author":1,"featured_media":0,"parent":0,"menu_order":0,"comment_status":"closed","ping_status":"closed","template":"","meta":{"footnotes":""},"class_list":["post-640","page","type-page","status-publish","hentry"],"yoast_head":"<!-- This site is optimized with the Yoast SEO plugin v27.0 - https:\/\/yoast.com\/product\/yoast-seo-wordpress\/ -->\n<title>Wysy\u0142ka - Cozydots.com<\/title>\n<meta name=\"robots\" content=\"index, follow, max-snippet:-1, max-image-preview:large, max-video-preview:-1\" \/>\n<link rel=\"canonical\" href=\"https:\/\/cozydots.com\/pl\/wysylka\/\" \/>\n<meta property=\"og:locale\" content=\"pl_PL\" \/>\n<meta property=\"og:type\" content=\"article\" \/>\n<meta property=\"og:title\" content=\"Wysy\u0142ka - Cozydots.com\" \/>\n<meta property=\"og:description\" content=\"SPOSOBY WYSY\u0141KI, FORMY TRANSPORTU METODY,&nbsp; KOSZTY I UBEZPIECZENIA WYSY\u0141KI 1. Zam\u00f3wiony towar dotrze do Pa\u0144stwa w terminie 1-2 dni roboczych od daty wys\u0142ania. 2. Zam\u00f3wione produkty dostarczamy za po\u015brednictwem: Firmy kurierskiej; DPD (termin deklarowany 1 dzie\u0144) Koszty wysy\u0142ki wynosz\u0105: Kurier DPD : 15 z\u0142 w przypadku p\u0142atno\u015bci przelewem lub szybkimi p\u0142atno\u015bciami na numer rachunku bankowego [...]\" \/>\n<meta property=\"og:url\" content=\"https:\/\/cozydots.com\/pl\/wysylka\/\" \/>\n<meta property=\"og:site_name\" content=\"Cozydots.com\" \/>\n<meta property=\"article:modified_time\" content=\"2021-10-14T12:15:24+00:00\" \/>\n<meta name=\"twitter:card\" content=\"summary_large_image\" \/>\n<meta name=\"twitter:label1\" content=\"Szacowany czas czytania\" \/>\n\t<meta name=\"twitter:data1\" content=\"1 minuta\" \/>\n<script type=\"application\/ld+json\" class=\"yoast-schema-graph\">{\"@context\":\"https:\/\/schema.org\",\"@graph\":[{\"@type\":\"WebPage\",\"@id\":\"https:\/\/cozydots.com\/pl\/wysylka\/\",\"url\":\"https:\/\/cozydots.com\/pl\/wysylka\/\",\"name\":\"Wysy\u0142ka - Cozydots.com\",\"isPartOf\":{\"@id\":\"https:\/\/cozydots.com\/pl\/#website\"},\"datePublished\":\"2017-06-12T12:58:53+00:00\",\"dateModified\":\"2021-10-14T12:15:24+00:00\",\"breadcrumb\":{\"@id\":\"https:\/\/cozydots.com\/pl\/wysylka\/#breadcrumb\"},\"inLanguage\":\"pl-PL\",\"potentialAction\":[{\"@type\":\"ReadAction\",\"target\":[\"https:\/\/cozydots.com\/pl\/wysylka\/\"]}]},{\"@type\":\"BreadcrumbList\",\"@id\":\"https:\/\/cozydots.com\/pl\/wysylka\/#breadcrumb\",\"itemListElement\":[{\"@type\":\"ListItem\",\"position\":1,\"name\":\"Strona g\u0142\u00f3wna\",\"item\":\"https:\/\/cozydots.com\/pl\/\"},{\"@type\":\"ListItem\",\"position\":2,\"name\":\"Wysy\u0142ka\"}]},{\"@type\":\"WebSite\",\"@id\":\"https:\/\/cozydots.com\/pl\/#website\",\"url\":\"https:\/\/cozydots.com\/pl\/\",\"name\":\"Cozydots.com\",\"description\":\"Producent namiot\u00f3w Tipi\",\"publisher\":{\"@id\":\"https:\/\/cozydots.com\/pl\/#organization\"},\"potentialAction\":[{\"@type\":\"SearchAction\",\"target\":{\"@type\":\"EntryPoint\",\"urlTemplate\":\"https:\/\/cozydots.com\/pl\/?s={search_term_string}\"},\"query-input\":{\"@type\":\"PropertyValueSpecification\",\"valueRequired\":true,\"valueName\":\"search_term_string\"}}],\"inLanguage\":\"pl-PL\"},{\"@type\":\"Organization\",\"@id\":\"https:\/\/cozydots.com\/pl\/#organization\",\"name\":\"Cozydots.com\",\"url\":\"https:\/\/cozydots.com\/pl\/\",\"logo\":{\"@type\":\"ImageObject\",\"inLanguage\":\"pl-PL\",\"@id\":\"https:\/\/cozydots.com\/pl\/#\/schema\/logo\/image\/\",\"url\":\"https:\/\/cozydots.com\/wp-content\/uploads\/2021\/10\/cozyshop_logo.png\",\"contentUrl\":\"https:\/\/cozydots.com\/wp-content\/uploads\/2021\/10\/cozyshop_logo.png\",\"width\":400,\"height\":121,\"caption\":\"Cozydots.com\"},\"image\":{\"@id\":\"https:\/\/cozydots.com\/pl\/#\/schema\/logo\/image\/\"}}]}<\/script>\n<!-- \/ Yoast SEO plugin. -->","yoast_head_json":{"title":"Wysy\u0142ka - Cozydots.com","robots":{"index":"index","follow":"follow","max-snippet":"max-snippet:-1","max-image-preview":"max-image-preview:large","max-video-preview":"max-video-preview:-1"},"canonical":"https:\/\/cozydots.com\/pl\/wysylka\/","og_locale":"pl_PL","og_type":"article","og_title":"Wysy\u0142ka - Cozydots.com","og_description":"SPOSOBY WYSY\u0141KI, FORMY TRANSPORTU METODY,&nbsp; KOSZTY I UBEZPIECZENIA WYSY\u0141KI 1. Zam\u00f3wiony towar dotrze do Pa\u0144stwa w terminie 1-2 dni roboczych od daty wys\u0142ania. 2. Zam\u00f3wione produkty dostarczamy za po\u015brednictwem: Firmy kurierskiej; DPD (termin deklarowany 1 dzie\u0144) Koszty wysy\u0142ki wynosz\u0105: Kurier DPD : 15 z\u0142 w przypadku p\u0142atno\u015bci przelewem lub szybkimi p\u0142atno\u015bciami na numer rachunku bankowego [...]","og_url":"https:\/\/cozydots.com\/pl\/wysylka\/","og_site_name":"Cozydots.com","article_modified_time":"2021-10-14T12:15:24+00:00","twitter_card":"summary_large_image","twitter_misc":{"Szacowany czas czytania":"1 minuta"},"schema":{"@context":"https:\/\/schema.org","@graph":[{"@type":"WebPage","@id":"https:\/\/cozydots.com\/pl\/wysylka\/","url":"https:\/\/cozydots.com\/pl\/wysylka\/","name":"Wysy\u0142ka - Cozydots.com","isPartOf":{"@id":"https:\/\/cozydots.com\/pl\/#website"},"datePublished":"2017-06-12T12:58:53+00:00","dateModified":"2021-10-14T12:15:24+00:00","breadcrumb":{"@id":"https:\/\/cozydots.com\/pl\/wysylka\/#breadcrumb"},"inLanguage":"pl-PL","potentialAction":[{"@type":"ReadAction","target":["https:\/\/cozydots.com\/pl\/wysylka\/"]}]},{"@type":"BreadcrumbList","@id":"https:\/\/cozydots.com\/pl\/wysylka\/#breadcrumb","itemListElement":[{"@type":"ListItem","position":1,"name":"Strona g\u0142\u00f3wna","item":"https:\/\/cozydots.com\/pl\/"},{"@type":"ListItem","position":2,"name":"Wysy\u0142ka"}]},{"@type":"WebSite","@id":"https:\/\/cozydots.com\/pl\/#website","url":"https:\/\/cozydots.com\/pl\/","name":"Cozydots.com","description":"Producent namiot\u00f3w Tipi","publisher":{"@id":"https:\/\/cozydots.com\/pl\/#organization"},"potentialAction":[{"@type":"SearchAction","target":{"@type":"EntryPoint","urlTemplate":"https:\/\/cozydots.com\/pl\/?s={search_term_string}"},"query-input":{"@type":"PropertyValueSpecification","valueRequired":true,"valueName":"search_term_string"}}],"inLanguage":"pl-PL"},{"@type":"Organization","@id":"https:\/\/cozydots.com\/pl\/#organization","name":"Cozydots.com","url":"https:\/\/cozydots.com\/pl\/","logo":{"@type":"ImageObject","inLanguage":"pl-PL","@id":"https:\/\/cozydots.com\/pl\/#\/schema\/logo\/image\/","url":"https:\/\/cozydots.com\/wp-content\/uploads\/2021\/10\/cozyshop_logo.png","contentUrl":"https:\/\/cozydots.com\/wp-content\/uploads\/2021\/10\/cozyshop_logo.png","width":400,"height":121,"caption":"Cozydots.com"},"image":{"@id":"https:\/\/cozydots.com\/pl\/#\/schema\/logo\/image\/"}}]}},"_links":{"self":[{"href":"https:\/\/cozydots.com\/pl\/wp-json\/wp\/v2\/pages\/640","targetHints":{"allow":["GET"]}}],"collection":[{"href":"https:\/\/cozydots.com\/pl\/wp-json\/wp\/v2\/pages"}],"about":[{"href":"https:\/\/cozydots.com\/pl\/wp-json\/wp\/v2\/types\/page"}],"author":[{"embeddable":true,"href":"https:\/\/cozydots.com\/pl\/wp-json\/wp\/v2\/users\/1"}],"replies":[{"embeddable":true,"href":"https:\/\/cozydots.com\/pl\/wp-json\/wp\/v2\/comments?post=640"}],"version-history":[{"count":1,"href":"https:\/\/cozydots.com\/pl\/wp-json\/wp\/v2\/pages\/640\/revisions"}],"predecessor-version":[{"id":39994,"href":"https:\/\/cozydots.com\/pl\/wp-json\/wp\/v2\/pages\/640\/revisions\/39994"}],"wp:attachment":[{"href":"https:\/\/cozydots.com\/pl\/wp-json\/wp\/v2\/media?parent=640"}],"curies":[{"name":"wp","href":"https:\/\/api.w.org\/{rel}","templated":true}]}}