{"id":8147,"date":"2018-05-16T10:07:46","date_gmt":"2018-05-16T08:07:46","guid":{"rendered":"https:\/\/cozydots.com\/?page_id=8147"},"modified":"2024-08-24T15:44:00","modified_gmt":"2024-08-24T13:44:00","slug":"polityka-prywatnosci","status":"publish","type":"page","link":"https:\/\/cozydots.com\/pl\/polityka-prywatnosci\/","title":{"rendered":"Polityka prywatno\u015bci"},"content":{"rendered":"<h3>Polityka prywatno\u015bci<\/h3>\n<p>Podanie danych osobowych, a tak\u017ce zgoda na ich przetwarzanie s\u0105 ca\u0142kowicie dobrowolne. Wszelkie przekazane nam dane osobowe s\u0105 przetwarzane wy\u0142\u0105cznie w zakresie i celu, na jaki wyrazi\u0142e\u015b zgod\u0119. W przypadku, gdy postanowisz jednak nie podawa\u0107 nam niezb\u0119dnych do realizacji zam\u00f3wienia danych i nie wyrazisz zgody na ich przetwarzanie, niestety nie b\u0119dziemy mogli zrealizowa\u0107 Twojego zam\u00f3wienia.<\/p>\n<p>Prosimy, aby\u015b pami\u0119ta\u0142, \u017ce w ka\u017cdej chwili masz prawo do aktualizacji lub ca\u0142kowitego usuni\u0119cia swoich danych osobowych. Mo\u017cesz to zrobi\u0107 samodzielnie, jak i korzystaj\u0105c z naszej pomocy, kt\u00f3rej ch\u0119tnie udzielimy.<\/p>\n<p>Zapewniamy Ci\u0119, \u017ce nasza firma przestrzega restryktywnej polityki bezpiecze\u0144stwa danych osobowych.<\/p>\n<p><strong>I. Kto jest administratorem danych osobowych cozydots.com?<\/strong><\/p>\n<p>Administratorem danych osobowych cozydots.com (dalej Administrator), czyli odpowiedzialnym za zapewnienie bezpiecze\u0144stwa Twoim danym osobowym jest:<\/p>\n<p>BaYka Karolina Poyan-Pogorzelska wpisan\u0105\/wpisanego do Centralnej Ewidencji i<br \/>\nInformacji o Dzia\u0142alno\u015bci Gospodarczej prowadzonej przez Ministra Gospodarki, NIP 5422951737, Praw Kobiet 6, 15-535 Bia\u0142ystok<\/p>\n<p><strong>II. Dlaczego i o jakie Twoje dane osobowe prosimy?<\/strong><\/p>\n<p>A. Rejestracja<\/p>\n<p>W trakcie rejestracji prosimy o podanie danych niezb\u0119dnych do za\u0142o\u017cenia konta w cozydots.com, dzi\u0119ki czemu nie musisz przy ka\u017cdym kolejnym zakupie traci\u0107 czasu na ponowne wype\u0142niania ca\u0142ego formularza zam\u00f3wienia. Rejestruj\u0105c si\u0119 oszcz\u0119dzasz czas i pieni\u0105dze, gdy\u017c zarejestrowani klienci uczestnicz\u0105 w programie lojalno\u015bciowym i uzyskuj\u0105 rabaty za wcze\u015bniej dokonane zakupy.<\/p>\n<p>Zarejestrowany klient po zalogowaniu ma r\u00f3wnie\u017c mo\u017cliwo\u015b\u0107 weryfikacji statusu z\u0142o\u017conego zam\u00f3wienia i historii dokonanych zakup\u00f3w. Zarejestrowany i zalogowany klient w ka\u017cdej chwili mo\u017ce samodzielnie poprawia\u0107, uzupe\u0142nia\u0107 lub usun\u0105\u0107 ca\u0142kowicie dane z cozydots.com.<\/p>\n<p>W trakcie rejestracji prosimy o:<\/p>\n<p>1. imi\u0119 i nazwisko \u2013 niezb\u0119dne nam do wystawienia p\u00f3\u017aniej dokumentu sprzeda\u017cy i zaadresowania przesy\u0142ki;<\/p>\n<p>2. adres (ulica, numer domu\/lub numer domu i lokalu, kod pocztowy i miasto) \u2013 niezb\u0119dny nam p\u00f3\u017aniej do zaadresowania przesy\u0142ki;<\/p>\n<p>3. e-mail \u2013 niezb\u0119dny do logowania do cozydots.com i komunikacji zwi\u0105zanej z korzystaniem z cozydots.com;<\/p>\n<p>4. numer telefonu \u2013 niezb\u0119dny w przypadku wyboru niekt\u00f3rych metod dostawy (wymagany przez przewo\u017anik\u00f3w)<\/p>\n<p>Dane podane w trakcie rejestracji s\u0105 przetwarzane wy\u0142\u0105cznie przez cozydots.com i nie s\u0105 wykorzystywane w \u017caden inny spos\u00f3b.<\/p>\n<p>B. Z\u0142o\u017cenie zam\u00f3wienia<\/p>\n<p>W trakcie sk\u0142adania zam\u00f3wienia prosimy o podanie nam danych niezb\u0119dnych do realizacji zam\u00f3wienia, kt\u00f3re w przypadku zarejestrowanych i zalogowanych Klient\u00f3w cz\u0119\u015bciowo pobierane s\u0105 automatycznie z danych podanych przy rejestracji.<\/p>\n<p>Przy sk\u0142adaniu zam\u00f3wienia prosimy o podanie:<\/p>\n<p>1. imi\u0119 i nazwisko lub nazwa firmy\/instytucji \u2013 niezb\u0119dne do wystawienia dokumentu sprzeda\u017cy i zaadresowania przesy\u0142ki;<\/p>\n<p>2. adres (ulica, numer domu\/lub numer domu i lokalu, kod pocztowy i miasto) \u2013 niezb\u0119dny do zaadresowania przesy\u0142ki;<\/p>\n<p>3. e-mail \u2013 niezb\u0119dny do komunikacji zwi\u0105zanej z realizacj\u0105 zam\u00f3wienia;<\/p>\n<p>4. numer telefonu \u2013 niezb\u0119dny w przypadku wyboru niekt\u00f3rych metod dostawy (wymagany przez przewo\u017anik\u00f3w).<\/p>\n<p>W przypadku, kiedy przy sk\u0142adaniu zam\u00f3wienia Klient wybierze dostaw\u0119 na inny adres ni\u017c wskazany przy rejestracji lub sk\u0142adaniu zam\u00f3wienia, prosimy dodatkowo o podanie:<\/p>\n<p>1. imi\u0119 i nazwisko lub nazwa firmy\/instytucji \u2013 niezb\u0119dne nam do zaadresowania przesy\u0142ki;<\/p>\n<p>2. adres (ulica, numer domu\/lub numer domu i lokalu, kod pocztowy i miasto) \u2013 niezb\u0119dny do zaadresowania przesy\u0142ki;<\/p>\n<p>3. numer telefonu do odbiorcy przesy\u0142ki \u2013 niezb\u0119dny w przypadku wyboru niekt\u00f3rych metod dostawy (wymagany przez przewo\u017anik\u00f3w).<\/p>\n<p>W przypadku, kiedy przy sk\u0142adaniu zam\u00f3wienia Klient wyka\u017ce ch\u0119\u0107 otrzymania faktury VAT prosimy o podanie:<\/p>\n<p>1. imi\u0119 i nazwisko lub nazwa firmy\/instytucji \u2013 niezb\u0119dne do wystawienia faktury;<\/p>\n<p>2. adres (ulica, numer domu\/lub numer domu i lokalu, kod pocztowy i miasto) \u2013 niezb\u0119dne do wystawienia faktury;<\/p>\n<p>3. numer NIP \u2013 niezb\u0119dny do wystawienia faktury;<\/p>\n<p>4. numer telefonu \u2013 niezb\u0119dny w przypadku wyboru niekt\u00f3rych metod dostawy (wymagany przez przewo\u017anik\u00f3w).<\/p>\n<p>Dane podane w trakcie sk\u0142adania zam\u00f3wienia s\u0105 przetwarzane przez cozydots.com i nast\u0119puj\u0105ce podmioty w podanym poni\u017cej zakresie:<\/p>\n<p>1. imi\u0119 i nazwisko, adres, telefon, e-mail wskazane jako adres dostawy przekazywane s\u0105 firmom przewozowym w postaci etykiety\/listu przewozowego b\u0119d\u0105cego jednocze\u015bnie zleceniem dor\u0119czenia przesy\u0142ki w zale\u017cno\u015bci od wybranego rodzaju przesy\u0142ki przekazywane s\u0105:<\/p>\n<p>a.\u00a0DPD<\/p>\n<p>b. DHL<\/p>\n<p>c. GLS<\/p>\n<p>2. imi\u0119 i nazwisko, adres, NIP wskazane jako dane na kt\u00f3re ma by\u0107 wystawiony dokument sprzeda\u017cy s\u0105 przekazywane w postaci dokumentu sprzeda\u017cy do systemu ksi\u0119gowego:\u00a0Fakturownia.pl<\/p>\n<p>W przypadku skorzystania z p\u0142atno\u015bci z wykorzystaniem zewn\u0119trznego systemu p\u0142atno\u015bci, wszelkie dane podane po przej\u015bciu na stron\u0119 operatora p\u0142atno\u015bci pozostaj\u0105 zarejestrowane wy\u0142\u0105cznie w jego bazie i nie s\u0105 w \u017caden spos\u00f3b dost\u0119pne lub przechowywane przez cozydots.com.<\/p>\n<p>Cozydots.com wsp\u00f3\u0142pracuje z operatorem p\u0142atno\u015bci: PayU, PayPal, Stripe<\/p>\n<p>C. Subskrypcja newslettera<\/p>\n<p>W przypadku subskrypcji newslettera oraz wyra\u017cenia zgody na jego otrzymywanie w procesie rejestracji lub sk\u0142adania zam\u00f3wienia prosimy o podanie adresu e-mail, imienia oraz okre\u015blenia p\u0142ci. Na podany adres e-mail przesy\u0142ane b\u0119d\u0119 informacje handlowe od Administratora, z kt\u00f3rych w ka\u017cdej chwili mo\u017cesz zrezygnowa\u0107 loguj\u0105c si\u0119 na swoje konto w cozydots.com lub klikaj\u0105c link anuluj\u0105cy subskrypcj\u0119 i znajduj\u0105cy si\u0119 w stopce ka\u017cdego newslettera.<\/p>\n<p>Dane podane w trakcie subskrypcji newslettera s\u0105 przetwarzane przez cozydots.com i nast\u0119puj\u0105ce podmioty:<\/p>\n<ul>\n<li>operatora serwisu Mailchimp.com<\/li>\n<\/ul>\n<p><strong>III. Twoje dane osobowe, kt\u00f3re pobierane s\u0105 automatycznie po wej\u015bciu na cozydots.com<\/strong><\/p>\n<p>A. Cozydots.com (serwer)<\/p>\n<p>System informatyczny, z kt\u00f3rego korzysta cozydots.com automatycznie gromadzi w logach dane zwi\u0105zane z urz\u0105dzeniem, z kt\u00f3rego korzystasz \u0142\u0105cz\u0105c si\u0119 z cozydots.com. Dane te gromadzone s\u0105 jedynie w celach statystycznych i dotycz\u0105: typu urz\u0105dzenia, systemu operacyjnego, rodzaju przegl\u0105darki internetowej, rozdzielczo\u015bci ekranu, g\u0142\u0119bi kolor\u00f3w, IP, dostawcy us\u0142ug internetowych, czy adres wej\u015bcia na cozydots.com i s\u0105 wykorzystywane jedynie w procesie optymalizacji cozydots.com w celu zapewnienia jak najwi\u0119kszej wygody korzystania.<\/p>\n<p>Dane te nie s\u0105 nigdy \u0142\u0105czone z danymi podanymi, o kt\u00f3rych mowa w III cz\u0119\u015bci i stanowi\u0105 jedynie materia\u0142 do analizy statystycznej i mechanizm\u00f3w korygowania b\u0142\u0119d\u00f3w systemowych.<\/p>\n<p>B. Cozydots.com (cookies)<\/p>\n<p>Cozydots.com wykorzystuje technologi\u0119 \u201ecookies\u201d, czyli plik\u00f3w tekstowych umieszczanych na Twoim urz\u0105dzeniu, w celu umo\u017cliwienia cozydots.com rozpoznania Ciebie i dostosowania sklepu do Twoich potrzeb.<\/p>\n<p>cozydots.com wykorzystuje cookies do:<\/p>\n<p>1. zapami\u0119tania zalogowania (sesja trwa 30 minut, po czym cookie jest kasowane);<\/p>\n<p>2. zapami\u0119tania zawarto\u015bci Twojego koszyka (sesja trwa 30 dni, po czym cookie jest kasowane);<\/p>\n<p>3. zapami\u0119tania Twoich preferencji wy\u015bwietlania cozydots.com (sesja trwa 30 dni, po czym cookie jest kasowane);<\/p>\n<p>4. tworzenia statystyk i raport\u00f3w ogl\u0105dalno\u015bci funkcjonowania cozydots.com<\/p>\n<p>W przypadku, gdy nie zgadzasz si\u0119 na umieszczanie na swoim urz\u0105dzeniu plik\u00f3w cookies mo\u017ce zablokowa\u0107 ich umieszczenie odpowiednio konfiguruj\u0105c swoja przegl\u0105dark\u0119 internetow\u0105. Informacje jak to zrobi\u0107 znajdziesz w plikach pomocy swojej przegl\u0105darki internetowej. Niestety w przypadku zablokowania plik\u00f3w cookies pochodz\u0105cych z cozydots.com nie mo\u017cemy zagwarantowa\u0107 jego poprawnego dzia\u0142ania.<\/p>\n<p>Je\u017celi zgadzasz si\u0119 na umieszczanie na swoim urz\u0105dzeniu plik\u00f3w cookies, ale po zako\u0144czeniu odwiedzin w cozydots.com chcia\u0142by\u015b je skasowa\u0107, mo\u017cesz to zrobi\u0107 bez ryzyka a informacj\u0119 o tym jak, to zrobi\u0107 znajdziesz w plikach pomocy swojej przegl\u0105darki internetowej.<\/p>\n<p>C. Google Analytics (cookies)<\/p>\n<p>Google Analytics wykorzystuje technologi\u0119 \u201ecookies\u201d, czyli plik\u00f3w tekstowych umieszczanych na Twoim urz\u0105dzeniu, w celu umo\u017cliwienia przeanalizowania przez cozydots.com \u017ar\u00f3de\u0142 ruchu i sposobu, w jaki odwiedzaj\u0105cy korzystaj\u0105 z niego.<\/p>\n<p>Google gromadzi na swoich serwerach dane pozyskane z umieszczania na urz\u0105dzeniach plik\u00f3w cookies i korzysta z tych informacji w celu tworzenia raport\u00f3w i \u015bwiadczenia innych us\u0142ug zwi\u0105zanych z ruchem i korzystaniem z Internetu.<\/p>\n<p>Google mo\u017ce r\u00f3wnie\u017c przekazywa\u0107 te informacje osobom trzecim, je\u017celi b\u0119dzie zobowi\u0105zana to uczyni\u0107 na podstawie przepis\u00f3w prawa lub w przypadku, gdy osoby te przetwarzaj\u0105 takie informacje w imieniu Google.<\/p>\n<p>Dane te nie s\u0105 nigdy \u0142\u0105czone z danymi podanymi, o kt\u00f3rych mowa w III cz\u0119\u015bci i stanowi\u0105 jedynie materia\u0142 do analizy statystycznej i mechanizm\u00f3w korygowania b\u0142\u0119d\u00f3w systemowych.<\/p>\n<p>Je\u017celi nie zgadzasz si\u0119 na umieszczanie na swoim urz\u0105dzeniu plik\u00f3w cookies mo\u017ce zablokowa\u0107 ich umieszczenie odpowiednio konfiguruj\u0105c swoja przegl\u0105dark\u0119 internetow\u0105. Informacje jak to zrobi\u0107 znajdziesz w plikach pomocy swojej przegl\u0105darki internetowej. Niestety w przypadku zablokowania plik\u00f3w cookies Google nie mo\u017cemy zagwarantowa\u0107 poprawnego dzia\u0142ania cozydots.com.<\/p>\n<p>Je\u017celi zgadzasz si\u0119 na umieszczanie na swoim urz\u0105dzeniu plik\u00f3w cookies Google, ale po zako\u0144czeniu odwiedzin w cozydots.com chcia\u0142by\u015b je skasowa\u0107, mo\u017cesz to zrobi\u0107 bez ryzyka a informacj\u0119 o tym jak to zrobi\u0107 znajdziesz w plikach pomocy swojej przegl\u0105darki internetowej.<\/p>\n<p>D. Google Ads (cookies)<\/p>\n<p>Google Ads wykorzystuje technologi\u0119 \u201ecookies\u201d, czyli plik\u00f3w tekstowych umieszczanych na Twoim urz\u0105dzeniu, w celu umo\u017cliwienia przez cozydots.com oceny poprawno\u015bci i skuteczno\u015bci prowadzonej dzia\u0142alno\u015bci reklamowej z wykorzystaniem sieci Ads.<\/p>\n<p>Google gromadzi na swoich serwerach dane pozyskane z umieszczania na urz\u0105dzeniach plik\u00f3w cookies i korzysta z tych informacji w celu tworzenia raport\u00f3w i \u015bwiadczenia innych us\u0142ug zwi\u0105zanych z ruchem i korzystaniem z internetu. Google mo\u017ce r\u00f3wnie\u017c przekazywa\u0107 te informacje osobom trzecim, je\u017celi b\u0119dzie zobowi\u0105zana to uczyni\u0107 na podstawie przepis\u00f3w prawa lub w przypadku, gdy osoby te przetwarzaj\u0105 takie informacje w imieniu Google.<\/p>\n<p>Dane te nie s\u0105 nigdy \u0142\u0105czone z danymi podanymi, o kt\u00f3rych mowa w III cz\u0119\u015bci i stanowi\u0105 jedynie materia\u0142 do analizy statystycznej i mechanizm\u00f3w korygowania b\u0142\u0119d\u00f3w systemowych.<\/p>\n<p>Je\u017celi nie zgadzasz si\u0119 na umieszczanie na swoim urz\u0105dzeniu plik\u00f3w cookies mo\u017ce zablokowa\u0107 ich umieszczenie odpowiednio konfiguruj\u0105c swoja przegl\u0105dark\u0119 internetow\u0105. Informacje jak to zrobi\u0107 znajdziesz w plikach pomocy swojej przegl\u0105darki internetowej. Niestety w przypadku zablokowania plik\u00f3w cookies Google nie mo\u017cemy zagwarantowa\u0107 poprawnego dzia\u0142ania cozydots.com.<\/p>\n<p>Je\u017celi zgadzasz si\u0119 na umieszczanie na swoim urz\u0105dzeniu plik\u00f3w cookies Google, ale po zako\u0144czeniu odwiedzin w cozydots.com chcia\u0142by\u015b je skasowa\u0107, mo\u017cesz to zrobi\u0107 bez ryzyka a informacj\u0119 o tym jak to zrobi\u0107 znajdziesz w plikach pomocy swojej przegl\u0105darki internetowej.<\/p>\n<p><strong>IV. Udost\u0119pnianie Twoich danych osobowych<\/strong><\/p>\n<p>W szczeg\u00f3lnych sytuacjach, w kt\u00f3rych obowi\u0105zuj\u0105ce prawo nakazuje administratorowi udost\u0119pnienie zebranych danych organom pa\u0144stwowym, cozydots.com dane takie udost\u0119pni. Za wyj\u0105tkiem tych sytuacji, Twoje dane osobowe b\u0119d\u0105 ujawnianie wy\u0142\u0105cznie w zakresie, celu i podmiotom wymienionym w niniejszej polityce prywatno\u015bci.<\/p>\n<p><strong>V. Zmiana polityki bezpiecze\u0144stwa cozydots.com<\/strong><\/p>\n<p>Cozydots.com zastrzega sobie prawo zmiany polityki prywatno\u015bci, o ile b\u0119dzie wymaga\u0107 tego obowi\u0105zuj\u0105ce prawo, ulegn\u0105 zmianie warunki technologiczne funkcjonowania cozydots.com lub zmiana b\u0119dzie wprowadza\u0107 standard wy\u017cszy od minimum wymaganego prawem.<\/p>\n<p>O takiej zmianie cozydots.com powiadomi drog\u0105 elektroniczn\u0105 (na wskazany przy rejestracji e-mail). Powiadomienie zostanie wys\u0142ane co najmniej na 30 dni przed wejs\u0301ciem w \u017cycie nowej polityki prywatno\u015bci. Aktualny tekst polityki prywatno\u015bci zawsze znajduje si\u0119 pod adresem\u00a0https:\/\/cozydots.com\/pl\/polityka-prywatnosci\/<\/p>\n<p><strong>VI. Kontakt<\/strong><\/p>\n<p>Cozydots.com kontaktuje si\u0119 z Tob\u0105 korzystaj\u0105c z podanego e-maila, a tylko w szczeg\u00f3lnych sytuacjach korzystamy z podanego przez Ciebie numeru telefonu.<\/p>\n<p>W przypadku jakichkolwiek pyta\u0144 lub w\u0105tpliwo\u015bci co do polityki prywatno\u015bci i bezpiecze\u0144stwa Twoich danych osobowych zach\u0119camy do kontaktu pod naszym numerem telefonu + 48\u00a0791 981 501 lub e-mail info@cozydots.com. W przypadku ch\u0119ci aktualizacji lub usuni\u0119cia Twoich danych osobowych, o ile nie mo\u017cesz lub nie chcesz zrobi\u0107 tego samodzielnie, prosimy o kontakt pod naszym numerem telefonu + 48\u00a0791 981 501 lub e-mail info@cozydots.com<\/p>\n","protected":false},"excerpt":{"rendered":"<p>Polityka prywatno\u015bci Podanie danych osobowych, a tak\u017ce zgoda na ich przetwarzanie s\u0105 ca\u0142kowicie dobrowolne. Wszelkie przekazane nam dane osobowe s\u0105 przetwarzane wy\u0142\u0105cznie w zakresie i celu, na jaki wyrazi\u0142e\u015b zgod\u0119. W przypadku, gdy postanowisz jednak nie podawa\u0107 nam niezb\u0119dnych do realizacji zam\u00f3wienia danych i nie wyrazisz zgody na ich przetwarzanie, niestety nie b\u0119dziemy mogli zrealizowa\u0107 [&#8230;]\n","protected":false},"author":1,"featured_media":0,"parent":0,"menu_order":0,"comment_status":"closed","ping_status":"closed","template":"","meta":{"footnotes":""},"class_list":["post-8147","page","type-page","status-publish","hentry"],"yoast_head":"<!-- This site is optimized with the Yoast SEO plugin v27.0 - https:\/\/yoast.com\/product\/yoast-seo-wordpress\/ -->\n<title>Polityka prywatno\u015bci - Cozydots.com<\/title>\n<meta name=\"robots\" content=\"noindex, nofollow\" \/>\n<meta property=\"og:locale\" content=\"pl_PL\" \/>\n<meta property=\"og:type\" content=\"article\" \/>\n<meta property=\"og:title\" content=\"Polityka prywatno\u015bci - Cozydots.com\" \/>\n<meta property=\"og:description\" content=\"Polityka prywatno\u015bci Podanie danych osobowych, a tak\u017ce zgoda na ich przetwarzanie s\u0105 ca\u0142kowicie dobrowolne. Wszelkie przekazane nam dane osobowe s\u0105 przetwarzane wy\u0142\u0105cznie w zakresie i celu, na jaki wyrazi\u0142e\u015b zgod\u0119. W przypadku, gdy postanowisz jednak nie podawa\u0107 nam niezb\u0119dnych do realizacji zam\u00f3wienia danych i nie wyrazisz zgody na ich przetwarzanie, niestety nie b\u0119dziemy mogli zrealizowa\u0107 [...]\" \/>\n<meta property=\"og:url\" content=\"https:\/\/cozydots.com\/pl\/polityka-prywatnosci\/\" \/>\n<meta property=\"og:site_name\" content=\"Cozydots.com\" \/>\n<meta property=\"article:modified_time\" content=\"2024-08-24T13:44:00+00:00\" \/>\n<meta name=\"twitter:card\" content=\"summary_large_image\" \/>\n<meta name=\"twitter:label1\" content=\"Szacowany czas czytania\" \/>\n\t<meta name=\"twitter:data1\" content=\"10 minut\" \/>\n<script type=\"application\/ld+json\" class=\"yoast-schema-graph\">{\"@context\":\"https:\/\/schema.org\",\"@graph\":[{\"@type\":\"WebPage\",\"@id\":\"https:\/\/cozydots.com\/pl\/polityka-prywatnosci\/\",\"url\":\"https:\/\/cozydots.com\/pl\/polityka-prywatnosci\/\",\"name\":\"Polityka prywatno\u015bci - Cozydots.com\",\"isPartOf\":{\"@id\":\"https:\/\/cozydots.com\/pl\/#website\"},\"datePublished\":\"2018-05-16T08:07:46+00:00\",\"dateModified\":\"2024-08-24T13:44:00+00:00\",\"breadcrumb\":{\"@id\":\"https:\/\/cozydots.com\/pl\/polityka-prywatnosci\/#breadcrumb\"},\"inLanguage\":\"pl-PL\",\"potentialAction\":[{\"@type\":\"ReadAction\",\"target\":[\"https:\/\/cozydots.com\/pl\/polityka-prywatnosci\/\"]}]},{\"@type\":\"BreadcrumbList\",\"@id\":\"https:\/\/cozydots.com\/pl\/polityka-prywatnosci\/#breadcrumb\",\"itemListElement\":[{\"@type\":\"ListItem\",\"position\":1,\"name\":\"Strona g\u0142\u00f3wna\",\"item\":\"https:\/\/cozydots.com\/pl\/\"},{\"@type\":\"ListItem\",\"position\":2,\"name\":\"Polityka prywatno\u015bci\"}]},{\"@type\":\"WebSite\",\"@id\":\"https:\/\/cozydots.com\/pl\/#website\",\"url\":\"https:\/\/cozydots.com\/pl\/\",\"name\":\"Cozydots.com\",\"description\":\"Producent namiot\u00f3w Tipi\",\"publisher\":{\"@id\":\"https:\/\/cozydots.com\/pl\/#organization\"},\"potentialAction\":[{\"@type\":\"SearchAction\",\"target\":{\"@type\":\"EntryPoint\",\"urlTemplate\":\"https:\/\/cozydots.com\/pl\/?s={search_term_string}\"},\"query-input\":{\"@type\":\"PropertyValueSpecification\",\"valueRequired\":true,\"valueName\":\"search_term_string\"}}],\"inLanguage\":\"pl-PL\"},{\"@type\":\"Organization\",\"@id\":\"https:\/\/cozydots.com\/pl\/#organization\",\"name\":\"Cozydots.com\",\"url\":\"https:\/\/cozydots.com\/pl\/\",\"logo\":{\"@type\":\"ImageObject\",\"inLanguage\":\"pl-PL\",\"@id\":\"https:\/\/cozydots.com\/pl\/#\/schema\/logo\/image\/\",\"url\":\"https:\/\/cozydots.com\/wp-content\/uploads\/2021\/10\/cozyshop_logo.png\",\"contentUrl\":\"https:\/\/cozydots.com\/wp-content\/uploads\/2021\/10\/cozyshop_logo.png\",\"width\":400,\"height\":121,\"caption\":\"Cozydots.com\"},\"image\":{\"@id\":\"https:\/\/cozydots.com\/pl\/#\/schema\/logo\/image\/\"}}]}<\/script>\n<!-- \/ Yoast SEO plugin. -->","yoast_head_json":{"title":"Polityka prywatno\u015bci - Cozydots.com","robots":{"index":"noindex","follow":"nofollow"},"og_locale":"pl_PL","og_type":"article","og_title":"Polityka prywatno\u015bci - Cozydots.com","og_description":"Polityka prywatno\u015bci Podanie danych osobowych, a tak\u017ce zgoda na ich przetwarzanie s\u0105 ca\u0142kowicie dobrowolne. Wszelkie przekazane nam dane osobowe s\u0105 przetwarzane wy\u0142\u0105cznie w zakresie i celu, na jaki wyrazi\u0142e\u015b zgod\u0119. W przypadku, gdy postanowisz jednak nie podawa\u0107 nam niezb\u0119dnych do realizacji zam\u00f3wienia danych i nie wyrazisz zgody na ich przetwarzanie, niestety nie b\u0119dziemy mogli zrealizowa\u0107 [...]","og_url":"https:\/\/cozydots.com\/pl\/polityka-prywatnosci\/","og_site_name":"Cozydots.com","article_modified_time":"2024-08-24T13:44:00+00:00","twitter_card":"summary_large_image","twitter_misc":{"Szacowany czas czytania":"10 minut"},"schema":{"@context":"https:\/\/schema.org","@graph":[{"@type":"WebPage","@id":"https:\/\/cozydots.com\/pl\/polityka-prywatnosci\/","url":"https:\/\/cozydots.com\/pl\/polityka-prywatnosci\/","name":"Polityka prywatno\u015bci - Cozydots.com","isPartOf":{"@id":"https:\/\/cozydots.com\/pl\/#website"},"datePublished":"2018-05-16T08:07:46+00:00","dateModified":"2024-08-24T13:44:00+00:00","breadcrumb":{"@id":"https:\/\/cozydots.com\/pl\/polityka-prywatnosci\/#breadcrumb"},"inLanguage":"pl-PL","potentialAction":[{"@type":"ReadAction","target":["https:\/\/cozydots.com\/pl\/polityka-prywatnosci\/"]}]},{"@type":"BreadcrumbList","@id":"https:\/\/cozydots.com\/pl\/polityka-prywatnosci\/#breadcrumb","itemListElement":[{"@type":"ListItem","position":1,"name":"Strona g\u0142\u00f3wna","item":"https:\/\/cozydots.com\/pl\/"},{"@type":"ListItem","position":2,"name":"Polityka prywatno\u015bci"}]},{"@type":"WebSite","@id":"https:\/\/cozydots.com\/pl\/#website","url":"https:\/\/cozydots.com\/pl\/","name":"Cozydots.com","description":"Producent namiot\u00f3w Tipi","publisher":{"@id":"https:\/\/cozydots.com\/pl\/#organization"},"potentialAction":[{"@type":"SearchAction","target":{"@type":"EntryPoint","urlTemplate":"https:\/\/cozydots.com\/pl\/?s={search_term_string}"},"query-input":{"@type":"PropertyValueSpecification","valueRequired":true,"valueName":"search_term_string"}}],"inLanguage":"pl-PL"},{"@type":"Organization","@id":"https:\/\/cozydots.com\/pl\/#organization","name":"Cozydots.com","url":"https:\/\/cozydots.com\/pl\/","logo":{"@type":"ImageObject","inLanguage":"pl-PL","@id":"https:\/\/cozydots.com\/pl\/#\/schema\/logo\/image\/","url":"https:\/\/cozydots.com\/wp-content\/uploads\/2021\/10\/cozyshop_logo.png","contentUrl":"https:\/\/cozydots.com\/wp-content\/uploads\/2021\/10\/cozyshop_logo.png","width":400,"height":121,"caption":"Cozydots.com"},"image":{"@id":"https:\/\/cozydots.com\/pl\/#\/schema\/logo\/image\/"}}]}},"_links":{"self":[{"href":"https:\/\/cozydots.com\/pl\/wp-json\/wp\/v2\/pages\/8147","targetHints":{"allow":["GET"]}}],"collection":[{"href":"https:\/\/cozydots.com\/pl\/wp-json\/wp\/v2\/pages"}],"about":[{"href":"https:\/\/cozydots.com\/pl\/wp-json\/wp\/v2\/types\/page"}],"author":[{"embeddable":true,"href":"https:\/\/cozydots.com\/pl\/wp-json\/wp\/v2\/users\/1"}],"replies":[{"embeddable":true,"href":"https:\/\/cozydots.com\/pl\/wp-json\/wp\/v2\/comments?post=8147"}],"version-history":[{"count":6,"href":"https:\/\/cozydots.com\/pl\/wp-json\/wp\/v2\/pages\/8147\/revisions"}],"predecessor-version":[{"id":55658,"href":"https:\/\/cozydots.com\/pl\/wp-json\/wp\/v2\/pages\/8147\/revisions\/55658"}],"wp:attachment":[{"href":"https:\/\/cozydots.com\/pl\/wp-json\/wp\/v2\/media?parent=8147"}],"curies":[{"name":"wp","href":"https:\/\/api.w.org\/{rel}","templated":true}]}}