{"id":85,"date":"2013-09-07T23:21:13","date_gmt":"2013-09-07T23:21:13","guid":{"rendered":"http:\/\/localhost:8888\/test\/?page_id=790"},"modified":"2021-07-15T11:39:16","modified_gmt":"2021-07-15T09:39:16","slug":"sledz-swoje-zamowienie","status":"publish","type":"page","link":"https:\/\/cozydots.com\/pl\/sledz-swoje-zamowienie\/","title":{"rendered":"\u015aled\u017a swoje zam\u00f3wienie"},"content":{"rendered":"<div class=\"woocommerce\"><\/div>\n","protected":false},"excerpt":{"rendered":"","protected":false},"author":1,"featured_media":0,"parent":0,"menu_order":0,"comment_status":"closed","ping_status":"closed","template":"page-my-account.php","meta":{"footnotes":""},"class_list":["post-85","page","type-page","status-publish","hentry"],"yoast_head":"<!-- This site is optimized with the Yoast SEO plugin v27.0 - https:\/\/yoast.com\/product\/yoast-seo-wordpress\/ -->\n<title>\u015aled\u017a swoje zam\u00f3wienie - Cozydots.com<\/title>\n<meta name=\"robots\" content=\"noindex, nofollow\" \/>\n<meta property=\"og:locale\" content=\"pl_PL\" \/>\n<meta property=\"og:type\" content=\"article\" \/>\n<meta property=\"og:title\" content=\"\u015aled\u017a swoje zam\u00f3wienie - Cozydots.com\" \/>\n<meta property=\"og:url\" content=\"https:\/\/cozydots.com\/pl\/sledz-swoje-zamowienie\/\" \/>\n<meta property=\"og:site_name\" content=\"Cozydots.com\" \/>\n<meta property=\"article:modified_time\" content=\"2021-07-15T09:39:16+00:00\" \/>\n<meta name=\"twitter:card\" content=\"summary_large_image\" \/>\n<script type=\"application\/ld+json\" class=\"yoast-schema-graph\">{\"@context\":\"https:\/\/schema.org\",\"@graph\":[{\"@type\":\"WebPage\",\"@id\":\"https:\/\/cozydots.com\/pl\/sledz-swoje-zamowienie\/\",\"url\":\"https:\/\/cozydots.com\/pl\/sledz-swoje-zamowienie\/\",\"name\":\"\u015aled\u017a swoje zam\u00f3wienie - Cozydots.com\",\"isPartOf\":{\"@id\":\"https:\/\/cozydots.com\/pl\/#website\"},\"datePublished\":\"2013-09-07T23:21:13+00:00\",\"dateModified\":\"2021-07-15T09:39:16+00:00\",\"breadcrumb\":{\"@id\":\"https:\/\/cozydots.com\/pl\/sledz-swoje-zamowienie\/#breadcrumb\"},\"inLanguage\":\"pl-PL\",\"potentialAction\":[{\"@type\":\"ReadAction\",\"target\":[\"https:\/\/cozydots.com\/pl\/sledz-swoje-zamowienie\/\"]}]},{\"@type\":\"BreadcrumbList\",\"@id\":\"https:\/\/cozydots.com\/pl\/sledz-swoje-zamowienie\/#breadcrumb\",\"itemListElement\":[{\"@type\":\"ListItem\",\"position\":1,\"name\":\"Strona g\u0142\u00f3wna\",\"item\":\"https:\/\/cozydots.com\/pl\/\"},{\"@type\":\"ListItem\",\"position\":2,\"name\":\"\u015aled\u017a swoje zam\u00f3wienie\"}]},{\"@type\":\"WebSite\",\"@id\":\"https:\/\/cozydots.com\/pl\/#website\",\"url\":\"https:\/\/cozydots.com\/pl\/\",\"name\":\"Cozydots.com\",\"description\":\"Producent namiot\u00f3w Tipi\",\"publisher\":{\"@id\":\"https:\/\/cozydots.com\/pl\/#organization\"},\"potentialAction\":[{\"@type\":\"SearchAction\",\"target\":{\"@type\":\"EntryPoint\",\"urlTemplate\":\"https:\/\/cozydots.com\/pl\/?s={search_term_string}\"},\"query-input\":{\"@type\":\"PropertyValueSpecification\",\"valueRequired\":true,\"valueName\":\"search_term_string\"}}],\"inLanguage\":\"pl-PL\"},{\"@type\":\"Organization\",\"@id\":\"https:\/\/cozydots.com\/pl\/#organization\",\"name\":\"Cozydots.com\",\"url\":\"https:\/\/cozydots.com\/pl\/\",\"logo\":{\"@type\":\"ImageObject\",\"inLanguage\":\"pl-PL\",\"@id\":\"https:\/\/cozydots.com\/pl\/#\/schema\/logo\/image\/\",\"url\":\"https:\/\/cozydots.com\/wp-content\/uploads\/2021\/10\/cozyshop_logo.png\",\"contentUrl\":\"https:\/\/cozydots.com\/wp-content\/uploads\/2021\/10\/cozyshop_logo.png\",\"width\":400,\"height\":121,\"caption\":\"Cozydots.com\"},\"image\":{\"@id\":\"https:\/\/cozydots.com\/pl\/#\/schema\/logo\/image\/\"}}]}<\/script>\n<!-- \/ Yoast SEO plugin. -->","yoast_head_json":{"title":"\u015aled\u017a swoje zam\u00f3wienie - Cozydots.com","robots":{"index":"noindex","follow":"nofollow"},"og_locale":"pl_PL","og_type":"article","og_title":"\u015aled\u017a swoje zam\u00f3wienie - Cozydots.com","og_url":"https:\/\/cozydots.com\/pl\/sledz-swoje-zamowienie\/","og_site_name":"Cozydots.com","article_modified_time":"2021-07-15T09:39:16+00:00","twitter_card":"summary_large_image","schema":{"@context":"https:\/\/schema.org","@graph":[{"@type":"WebPage","@id":"https:\/\/cozydots.com\/pl\/sledz-swoje-zamowienie\/","url":"https:\/\/cozydots.com\/pl\/sledz-swoje-zamowienie\/","name":"\u015aled\u017a swoje zam\u00f3wienie - Cozydots.com","isPartOf":{"@id":"https:\/\/cozydots.com\/pl\/#website"},"datePublished":"2013-09-07T23:21:13+00:00","dateModified":"2021-07-15T09:39:16+00:00","breadcrumb":{"@id":"https:\/\/cozydots.com\/pl\/sledz-swoje-zamowienie\/#breadcrumb"},"inLanguage":"pl-PL","potentialAction":[{"@type":"ReadAction","target":["https:\/\/cozydots.com\/pl\/sledz-swoje-zamowienie\/"]}]},{"@type":"BreadcrumbList","@id":"https:\/\/cozydots.com\/pl\/sledz-swoje-zamowienie\/#breadcrumb","itemListElement":[{"@type":"ListItem","position":1,"name":"Strona g\u0142\u00f3wna","item":"https:\/\/cozydots.com\/pl\/"},{"@type":"ListItem","position":2,"name":"\u015aled\u017a swoje zam\u00f3wienie"}]},{"@type":"WebSite","@id":"https:\/\/cozydots.com\/pl\/#website","url":"https:\/\/cozydots.com\/pl\/","name":"Cozydots.com","description":"Producent namiot\u00f3w Tipi","publisher":{"@id":"https:\/\/cozydots.com\/pl\/#organization"},"potentialAction":[{"@type":"SearchAction","target":{"@type":"EntryPoint","urlTemplate":"https:\/\/cozydots.com\/pl\/?s={search_term_string}"},"query-input":{"@type":"PropertyValueSpecification","valueRequired":true,"valueName":"search_term_string"}}],"inLanguage":"pl-PL"},{"@type":"Organization","@id":"https:\/\/cozydots.com\/pl\/#organization","name":"Cozydots.com","url":"https:\/\/cozydots.com\/pl\/","logo":{"@type":"ImageObject","inLanguage":"pl-PL","@id":"https:\/\/cozydots.com\/pl\/#\/schema\/logo\/image\/","url":"https:\/\/cozydots.com\/wp-content\/uploads\/2021\/10\/cozyshop_logo.png","contentUrl":"https:\/\/cozydots.com\/wp-content\/uploads\/2021\/10\/cozyshop_logo.png","width":400,"height":121,"caption":"Cozydots.com"},"image":{"@id":"https:\/\/cozydots.com\/pl\/#\/schema\/logo\/image\/"}}]}},"_links":{"self":[{"href":"https:\/\/cozydots.com\/pl\/wp-json\/wp\/v2\/pages\/85","targetHints":{"allow":["GET"]}}],"collection":[{"href":"https:\/\/cozydots.com\/pl\/wp-json\/wp\/v2\/pages"}],"about":[{"href":"https:\/\/cozydots.com\/pl\/wp-json\/wp\/v2\/types\/page"}],"author":[{"embeddable":true,"href":"https:\/\/cozydots.com\/pl\/wp-json\/wp\/v2\/users\/1"}],"replies":[{"embeddable":true,"href":"https:\/\/cozydots.com\/pl\/wp-json\/wp\/v2\/comments?post=85"}],"version-history":[{"count":0,"href":"https:\/\/cozydots.com\/pl\/wp-json\/wp\/v2\/pages\/85\/revisions"}],"wp:attachment":[{"href":"https:\/\/cozydots.com\/pl\/wp-json\/wp\/v2\/media?parent=85"}],"curies":[{"name":"wp","href":"https:\/\/api.w.org\/{rel}","templated":true}]}}