{"id":99,"date":"2013-08-11T19:06:15","date_gmt":"2013-08-11T19:06:15","guid":{"rendered":"http:\/\/localhost:8888\/test\/?page_id=520"},"modified":"2018-07-24T15:44:45","modified_gmt":"2018-07-24T13:44:45","slug":"o-nas","status":"publish","type":"page","link":"https:\/\/cozydots.com\/pl\/o-nas\/","title":{"rendered":"O nas"},"content":{"rendered":"\n  <div class=\"banner has-hover has-parallax\" id=\"banner-767111363\">\n          <div class=\"banner-inner fill\">\n        <div class=\"banner-bg fill\" data-parallax=\"-3\" data-parallax-container=\".banner\" data-parallax-background>\n            <div class=\"bg fill bg-fill bg-loaded\"><\/div>\n                        <div class=\"overlay\"><\/div>            \n                    <\/div>\n\t\t\n        <div class=\"banner-layers container\">\n            <div class=\"fill banner-link\"><\/div>            \n   <div id=\"text-box-2092249411\" class=\"text-box banner-layer x50 md-x50 lg-x50 y80 md-y80 lg-y80 res-text\">\n                                <div class=\"text-box-content text dark\">\n              \n              <div class=\"text-inner text-center\">\n                  \n<h1 class=\"lead\">O nas<\/h1>\n<p class=\"lead\">Cozyshop to marka specjalizuj\u0105ca si\u0119 w aran\u017cacji dzieci\u0119cych pokoi oraz pracownia krawiecka spe\u0142niaj\u0105ca indywidualne zlecenia. Zesp\u00f3\u0142 Cozyshop tworz\u0105 ludzie z pasj\u0105, do\u015bwiadczeniem i poczuciem pi\u0119kna &#8211; g\u0142\u00f3wnie kobiety \ud83d\ude09<\/p>\n              <\/div>\n           <\/div>\n                            \n<style>\n#text-box-2092249411 {\n  width: 60%;\n}\n#text-box-2092249411 .text-box-content {\n  font-size: 100%;\n}\n<\/style>\n    <\/div>\n \n        <\/div>\n      <\/div>\n\n            \n<style>\n#banner-767111363 {\n  padding-top: 507px;\n}\n#banner-767111363 .bg.bg-loaded {\n  background-image: 1908;\n}\n#banner-767111363 .overlay {\n  background-color: rgba(0, 0, 0, 0.75);\n}\n<\/style>\n  <\/div>\n\n\n<div class=\"row\"  id=\"row-71643159\">\n\n\t<div id=\"col-748375648\" class=\"col small-12 large-12\"  >\n\t\t\t\t<div class=\"col-inner\"  >\n\t\t\t\n\t\t\t\n<p class=\"lead text-center\">Nasze produkty z powodzeniem podbijaj\u0105 zachodnie rynki. Zdobyli\u015bmy zaufanie rodzic\u00f3w w Niemczech, Austrii, Francji, Hiszpanii, Wielkiej Brytanii i wielu innych, wci\u0105\u017c poszerzaj\u0105c grono zadowolonych klient\u00f3w.<br \/>\nW naszych artyku\u0142ach u\u017cywamy certyfikowanych tkanin o niebanalnym wzornictwie. Staramy si\u0119 stale poszerza\u0107 asortyment oraz podnosi\u0107 funkcjonalno\u015b\u0107 naszych produkt\u00f3w.<br \/>\nIstotne jest dla nas dbanie o \u015brodowisko przyrodnicze &#8211; nasza pracownia korzysta jedynie z odnawialnych \u017ar\u00f3de\u0142 energii takich jak pompy ciep\u0142a i panele fotowoltaiczne.<br \/>\nOd kilku lat realizujemy wizj\u0119 przyjaznej firmy i zosta\u0142o to docenione przez setki zadowolonych Klient\u00f3w.<\/p>\n<div class=\"text-center\"><div class=\"is-divider divider clearfix\" ><\/div><\/div>\n\t\t<\/div>\n\t\t\t\t\t<\/div>\n\n\t\n\n\t<div id=\"col-1792319798\" class=\"col medium-4 small-12 large-4\"  >\n\t\t\t\t<div class=\"col-inner\"  >\n\t\t\t\n\t\t\t\n    <div class=\"box has-hover has-hover box-text-bottom\" >\n\n                  <div class=\"box-image \" style=\"width:80%;\">\n           <div class=\"box-image-inner image-cover\" style=\"border-radius:100%;padding-top:100%;\">\n                                       <\/div>\n          <\/div>\n         \n          <div class=\"box-text text-center\" >\n                <div class=\"box-text-inner\">\n                  <h4 class=\"uppercase\">\n                    <span class=\"person-name\">Karolina P.P.<\/span><br\/>\n                    <span class=\"person-title is-small thin-font op-7\">\n                      CEO \/ Founder                    <\/span>\n                  <\/h4>\n\t\t\t\t\t<div class=\"social-icons follow-icons\" ><a href=\"https:\/\/www.facebook.com\/cozydots\/\" target=\"_blank\" rel=\"noopener noreferrer nofollow\" data-label=\"Facebook\" class=\"icon button circle is-outline facebook tooltip\" title=\"Follow on Facebook\" aria-label=\"Follow on Facebook\" ><i class=\"icon-facebook\" ><\/i><\/a><a href=\"https:\/\/www.instagram.com\/cozydots_com\/\" target=\"_blank\" rel=\"noopener noreferrer nofollow\" data-label=\"Instagram\" class=\"icon button circle is-outline instagram tooltip\" title=\"Follow on Instagram\" aria-label=\"Follow on Instagram\" ><i class=\"icon-instagram\" ><\/i><\/a><a href=\"mailto:mailto:sklep@cozydots.com\" data-label=\"E-mail\" target=\"_blank\" rel=\"nofollow\" class=\"icon button circle is-outline email tooltip\" title=\"Wy\u015blij wiadomo\u015b\u0107\" aria-label=\"Wy\u015blij wiadomo\u015b\u0107\" ><i class=\"icon-envelop\" ><\/i><\/a><\/div>\n<p>Tel.: +48 791 981 501<\/p>\n                <\/div>\n          <\/div>\n    <\/div>\n\n\t\n    \n\t\t<\/div>\n\t\t\t\t\t<\/div>\n\n\t\n\n\t<div id=\"col-727072812\" class=\"col medium-4 small-12 large-4\"  >\n\t\t\t\t<div class=\"col-inner\"  >\n\t\t\t\n\t\t\t\n    <div class=\"box has-hover has-hover box-text-bottom\" >\n\n                  <div class=\"box-image \" style=\"width:80%;\">\n           <div class=\"box-image-inner image-cover\" style=\"border-radius:100%;padding-top:100%;\">\n                                       <\/div>\n          <\/div>\n         \n          <div class=\"box-text text-center\" >\n                <div class=\"box-text-inner\">\n                  <h4 class=\"uppercase\">\n                    <span class=\"person-name\">Katarzyna W.<\/span><br\/>\n                    <span class=\"person-title is-small thin-font op-7\">\n                      CEO \/ FOUNDER                    <\/span>\n                  <\/h4>\n\t\t\t\t\t<div class=\"social-icons follow-icons\" ><a href=\"https:\/\/www.facebook.com\/cozydots\/\" target=\"_blank\" rel=\"noopener noreferrer nofollow\" data-label=\"Facebook\" class=\"icon button circle is-outline facebook tooltip\" title=\"Follow on Facebook\" aria-label=\"Follow on Facebook\" ><i class=\"icon-facebook\" ><\/i><\/a><a href=\"https:\/\/www.instagram.com\/cozydots_com\/\" target=\"_blank\" rel=\"noopener noreferrer nofollow\" data-label=\"Instagram\" class=\"icon button circle is-outline instagram tooltip\" title=\"Follow on Instagram\" aria-label=\"Follow on Instagram\" ><i class=\"icon-instagram\" ><\/i><\/a><a href=\"mailto:mailto:sklep@cozydots.com\" data-label=\"E-mail\" target=\"_blank\" rel=\"nofollow\" class=\"icon button circle is-outline email tooltip\" title=\"Wy\u015blij wiadomo\u015b\u0107\" aria-label=\"Wy\u015blij wiadomo\u015b\u0107\" ><i class=\"icon-envelop\" ><\/i><\/a><\/div>\n<p>Tel.: +48 508 233 443<\/p>\n                <\/div>\n          <\/div>\n    <\/div>\n\n\t\n    \n\t\t<\/div>\n\t\t\t\t\t<\/div>\n\n\t\n\n\t<div id=\"col-1498322077\" class=\"col medium-4 small-12 large-4\"  >\n\t\t\t\t<div class=\"col-inner\"  >\n\t\t\t\n\t\t\t\n    <div class=\"box has-hover has-hover box-text-bottom\" >\n\n                  <div class=\"box-image \" style=\"width:80%;\">\n           <div class=\"box-image-inner image-cover\" style=\"border-radius:100%;padding-top:100%;\">\n                                       <\/div>\n          <\/div>\n         \n          <div class=\"box-text text-center\" >\n                <div class=\"box-text-inner\">\n                  <h4 class=\"uppercase\">\n                    <span class=\"person-name\">Marta M.<\/span><br\/>\n                    <span class=\"person-title is-small thin-font op-7\">\n                      MARKETING                    <\/span>\n                  <\/h4>\n\t\t\t\t\t<div class=\"social-icons follow-icons\" ><a href=\"https:\/\/www.facebook.com\/cozydots\/\" target=\"_blank\" rel=\"noopener noreferrer nofollow\" data-label=\"Facebook\" class=\"icon button circle is-outline facebook tooltip\" title=\"Follow on Facebook\" aria-label=\"Follow on Facebook\" ><i class=\"icon-facebook\" ><\/i><\/a><a href=\"https:\/\/www.instagram.com\/cozydots_com\/\" target=\"_blank\" rel=\"noopener noreferrer nofollow\" data-label=\"Instagram\" class=\"icon button circle is-outline instagram tooltip\" title=\"Follow on Instagram\" aria-label=\"Follow on Instagram\" ><i class=\"icon-instagram\" ><\/i><\/a><a href=\"mailto:mailto:sklep@cozydots.com\" data-label=\"E-mail\" target=\"_blank\" rel=\"nofollow\" class=\"icon button circle is-outline email tooltip\" title=\"Wy\u015blij wiadomo\u015b\u0107\" aria-label=\"Wy\u015blij wiadomo\u015b\u0107\" ><i class=\"icon-envelop\" ><\/i><\/a><\/div>\n<p>&nbsp;<\/p>\n                <\/div>\n          <\/div>\n    <\/div>\n\n\t\n    \n\t\t<\/div>\n\t\t\t\t\t<\/div>\n\n\t\n<\/div>\n","protected":false},"excerpt":{"rendered":"","protected":false},"author":1,"featured_media":0,"parent":0,"menu_order":0,"comment_status":"closed","ping_status":"closed","template":"page-blank.php","meta":{"footnotes":""},"class_list":["post-99","page","type-page","status-publish","hentry"],"yoast_head":"<!-- This site is optimized with the Yoast SEO plugin v27.0 - https:\/\/yoast.com\/product\/yoast-seo-wordpress\/ -->\n<title>O nas - Cozydots.com<\/title>\n<meta name=\"robots\" content=\"index, follow, max-snippet:-1, max-image-preview:large, max-video-preview:-1\" \/>\n<link rel=\"canonical\" href=\"https:\/\/cozydots.com\/pl\/o-nas\/\" \/>\n<meta property=\"og:locale\" content=\"pl_PL\" \/>\n<meta property=\"og:type\" content=\"article\" \/>\n<meta property=\"og:title\" content=\"O nas - Cozydots.com\" \/>\n<meta property=\"og:url\" content=\"https:\/\/cozydots.com\/pl\/o-nas\/\" \/>\n<meta property=\"og:site_name\" content=\"Cozydots.com\" \/>\n<meta property=\"article:modified_time\" content=\"2018-07-24T13:44:45+00:00\" \/>\n<meta name=\"twitter:card\" content=\"summary_large_image\" \/>\n<meta name=\"twitter:label1\" content=\"Szacowany czas czytania\" \/>\n\t<meta name=\"twitter:data1\" content=\"1 minuta\" \/>\n<script type=\"application\/ld+json\" class=\"yoast-schema-graph\">{\"@context\":\"https:\/\/schema.org\",\"@graph\":[{\"@type\":\"WebPage\",\"@id\":\"https:\/\/cozydots.com\/pl\/o-nas\/\",\"url\":\"https:\/\/cozydots.com\/pl\/o-nas\/\",\"name\":\"O nas - Cozydots.com\",\"isPartOf\":{\"@id\":\"https:\/\/cozydots.com\/pl\/#website\"},\"datePublished\":\"2013-08-11T19:06:15+00:00\",\"dateModified\":\"2018-07-24T13:44:45+00:00\",\"breadcrumb\":{\"@id\":\"https:\/\/cozydots.com\/pl\/o-nas\/#breadcrumb\"},\"inLanguage\":\"pl-PL\",\"potentialAction\":[{\"@type\":\"ReadAction\",\"target\":[\"https:\/\/cozydots.com\/pl\/o-nas\/\"]}]},{\"@type\":\"BreadcrumbList\",\"@id\":\"https:\/\/cozydots.com\/pl\/o-nas\/#breadcrumb\",\"itemListElement\":[{\"@type\":\"ListItem\",\"position\":1,\"name\":\"Strona g\u0142\u00f3wna\",\"item\":\"https:\/\/cozydots.com\/pl\/\"},{\"@type\":\"ListItem\",\"position\":2,\"name\":\"O nas\"}]},{\"@type\":\"WebSite\",\"@id\":\"https:\/\/cozydots.com\/pl\/#website\",\"url\":\"https:\/\/cozydots.com\/pl\/\",\"name\":\"Cozydots.com\",\"description\":\"Producent namiot\u00f3w Tipi\",\"publisher\":{\"@id\":\"https:\/\/cozydots.com\/pl\/#organization\"},\"potentialAction\":[{\"@type\":\"SearchAction\",\"target\":{\"@type\":\"EntryPoint\",\"urlTemplate\":\"https:\/\/cozydots.com\/pl\/?s={search_term_string}\"},\"query-input\":{\"@type\":\"PropertyValueSpecification\",\"valueRequired\":true,\"valueName\":\"search_term_string\"}}],\"inLanguage\":\"pl-PL\"},{\"@type\":\"Organization\",\"@id\":\"https:\/\/cozydots.com\/pl\/#organization\",\"name\":\"Cozydots.com\",\"url\":\"https:\/\/cozydots.com\/pl\/\",\"logo\":{\"@type\":\"ImageObject\",\"inLanguage\":\"pl-PL\",\"@id\":\"https:\/\/cozydots.com\/pl\/#\/schema\/logo\/image\/\",\"url\":\"https:\/\/cozydots.com\/wp-content\/uploads\/2021\/10\/cozyshop_logo.png\",\"contentUrl\":\"https:\/\/cozydots.com\/wp-content\/uploads\/2021\/10\/cozyshop_logo.png\",\"width\":400,\"height\":121,\"caption\":\"Cozydots.com\"},\"image\":{\"@id\":\"https:\/\/cozydots.com\/pl\/#\/schema\/logo\/image\/\"}}]}<\/script>\n<!-- \/ Yoast SEO plugin. -->","yoast_head_json":{"title":"O nas - Cozydots.com","robots":{"index":"index","follow":"follow","max-snippet":"max-snippet:-1","max-image-preview":"max-image-preview:large","max-video-preview":"max-video-preview:-1"},"canonical":"https:\/\/cozydots.com\/pl\/o-nas\/","og_locale":"pl_PL","og_type":"article","og_title":"O nas - Cozydots.com","og_url":"https:\/\/cozydots.com\/pl\/o-nas\/","og_site_name":"Cozydots.com","article_modified_time":"2018-07-24T13:44:45+00:00","twitter_card":"summary_large_image","twitter_misc":{"Szacowany czas czytania":"1 minuta"},"schema":{"@context":"https:\/\/schema.org","@graph":[{"@type":"WebPage","@id":"https:\/\/cozydots.com\/pl\/o-nas\/","url":"https:\/\/cozydots.com\/pl\/o-nas\/","name":"O nas - Cozydots.com","isPartOf":{"@id":"https:\/\/cozydots.com\/pl\/#website"},"datePublished":"2013-08-11T19:06:15+00:00","dateModified":"2018-07-24T13:44:45+00:00","breadcrumb":{"@id":"https:\/\/cozydots.com\/pl\/o-nas\/#breadcrumb"},"inLanguage":"pl-PL","potentialAction":[{"@type":"ReadAction","target":["https:\/\/cozydots.com\/pl\/o-nas\/"]}]},{"@type":"BreadcrumbList","@id":"https:\/\/cozydots.com\/pl\/o-nas\/#breadcrumb","itemListElement":[{"@type":"ListItem","position":1,"name":"Strona g\u0142\u00f3wna","item":"https:\/\/cozydots.com\/pl\/"},{"@type":"ListItem","position":2,"name":"O nas"}]},{"@type":"WebSite","@id":"https:\/\/cozydots.com\/pl\/#website","url":"https:\/\/cozydots.com\/pl\/","name":"Cozydots.com","description":"Producent namiot\u00f3w Tipi","publisher":{"@id":"https:\/\/cozydots.com\/pl\/#organization"},"potentialAction":[{"@type":"SearchAction","target":{"@type":"EntryPoint","urlTemplate":"https:\/\/cozydots.com\/pl\/?s={search_term_string}"},"query-input":{"@type":"PropertyValueSpecification","valueRequired":true,"valueName":"search_term_string"}}],"inLanguage":"pl-PL"},{"@type":"Organization","@id":"https:\/\/cozydots.com\/pl\/#organization","name":"Cozydots.com","url":"https:\/\/cozydots.com\/pl\/","logo":{"@type":"ImageObject","inLanguage":"pl-PL","@id":"https:\/\/cozydots.com\/pl\/#\/schema\/logo\/image\/","url":"https:\/\/cozydots.com\/wp-content\/uploads\/2021\/10\/cozyshop_logo.png","contentUrl":"https:\/\/cozydots.com\/wp-content\/uploads\/2021\/10\/cozyshop_logo.png","width":400,"height":121,"caption":"Cozydots.com"},"image":{"@id":"https:\/\/cozydots.com\/pl\/#\/schema\/logo\/image\/"}}]}},"_links":{"self":[{"href":"https:\/\/cozydots.com\/pl\/wp-json\/wp\/v2\/pages\/99","targetHints":{"allow":["GET"]}}],"collection":[{"href":"https:\/\/cozydots.com\/pl\/wp-json\/wp\/v2\/pages"}],"about":[{"href":"https:\/\/cozydots.com\/pl\/wp-json\/wp\/v2\/types\/page"}],"author":[{"embeddable":true,"href":"https:\/\/cozydots.com\/pl\/wp-json\/wp\/v2\/users\/1"}],"replies":[{"embeddable":true,"href":"https:\/\/cozydots.com\/pl\/wp-json\/wp\/v2\/comments?post=99"}],"version-history":[{"count":0,"href":"https:\/\/cozydots.com\/pl\/wp-json\/wp\/v2\/pages\/99\/revisions"}],"wp:attachment":[{"href":"https:\/\/cozydots.com\/pl\/wp-json\/wp\/v2\/media?parent=99"}],"curies":[{"name":"wp","href":"https:\/\/api.w.org\/{rel}","templated":true}]}}