{"id":1114,"date":"2017-07-31T18:36:02","date_gmt":"2017-07-31T16:36:02","guid":{"rendered":"https:\/\/cozydots.com\/?post_type=product&#038;p=1114\/"},"modified":"2023-06-06T10:47:46","modified_gmt":"2023-06-06T08:47:46","slug":"indianski-namiot-tipi-indian-zestaw-6el","status":"publish","type":"product","link":"https:\/\/cozydots.com\/pl\/produkt\/indianski-namiot-tipi-indian-zestaw-6el\/","title":{"rendered":"India\u0144ski namiot tipi Indian, zestaw 6el."},"content":{"rendered":"<p style=\"text-align: left\"><img loading=\"lazy\" decoding=\"async\" class=\"wp-image-41501 alignright\" src=\"https:\/\/cozydots.com\/wp-content\/uploads\/2021\/11\/pp-1503.jpg\" alt=\"indian tipi aztec\" width=\"600\" height=\"600\" srcset=\"https:\/\/cozydots.com\/wp-content\/uploads\/2021\/11\/pp-1503.jpg 1200w, https:\/\/cozydots.com\/wp-content\/uploads\/2021\/11\/pp-1503-400x400.jpg 400w, https:\/\/cozydots.com\/wp-content\/uploads\/2021\/11\/pp-1503-150x150.jpg 150w, https:\/\/cozydots.com\/wp-content\/uploads\/2021\/11\/pp-1503-768x768.jpg 768w, https:\/\/cozydots.com\/wp-content\/uploads\/2021\/11\/pp-1503-470x470.jpg 470w, https:\/\/cozydots.com\/wp-content\/uploads\/2021\/11\/pp-1503-800x800.jpg 800w, https:\/\/cozydots.com\/wp-content\/uploads\/2021\/11\/pp-1503-100x100.jpg 100w\" sizes=\"auto, (max-width: 600px) 100vw, 600px\" \/><\/p>\n<p style=\"text-align: left\">Naturalne p\u0142\u00f3tno z bawe\u0142ny wyko\u0144czono wzorzyst\u0105 tkanin\u0105<strong> z motywem azteckim<\/strong>. Detale podkre\u015blono czarnymi tasiemkami i pomponami. Pod\u0142og\u0119 namiotu tworzy ocieplana mata z aplikacj\u0105 w kszta\u0142cie kaktus\u00f3w i lam\u00f3wk\u0105. Ca\u0142o\u015bci zestawu dope\u0142nia dekoracyjna girlanda oraz dwie mi\u0119kkie poduszeczki z azteckimi wzorami. To pobudzaj\u0105ce wyobra\u017ani\u0119<strong>\u00a0tipi do pokoju dzieci\u0119cego<\/strong>\u00a0spodoba si\u0119 szczeg\u00f3lnie ch\u0142opcom.<\/p>\n<p>Uszyty z naturalnej bawe\u0142ny wigwam zapewnia doskona\u0142\u0105 cyrkulacj\u0119 powietrza, hipoalergiczno\u015b\u0107 i mo\u017cliwo\u015b\u0107 prania w pralce. Namiot jest bardzo praktyczny<b>\u00a0zar\u00f3wno we wn\u0119trzu, jak i na zewn\u0105trz<\/b>, gdzie stanie si\u0119 zaciszn\u0105 kryj\u00f3wk\u0105 przed wiatrem i ostrym s\u0142o\u0144cem. Mata na pod\u0142og\u0119 pozwala na komfortow\u0105 zabaw\u0119 na ziemi i mi\u0142\u0105 drzemk\u0119 z poduszkami, a okienko z roletk\u0105 dostarcza jeszcze wi\u0119cej rado\u015bci z zabawy w wigwamie!<\/p>\n<p>Z troski o doskona\u0142\u0105 jako\u015b\u0107 wykonania, nasze\u00a0<strong>namioty s\u0105 szyte r\u0119cznie<\/strong>, z niezwyk\u0142\u0105 staranno\u015bci\u0105. Sprawia to, \u017ce ka\u017cdy egzemplarz jest dopracowany i jedyny w swoim rodzaju, a Ty masz pewno\u015b\u0107 <strong>najwy\u017cszej jako\u015bci produktu<\/strong>.<\/p>\n<h2>W sk\u0142ad zestawu tipi Indian od Cozyshop wchodz\u0105:<\/h2>\n<ul>\n<li>namiot tipi<\/li>\n<li>4 kije z naturalnego drewna sosnowego (stela\u017c)<\/li>\n<li>stabilizator<\/li>\n<li>mata na pod\u0142og\u0119 (nie zintegrowana z namiotem)<\/li>\n<li>2 poduszki<\/li>\n<\/ul>\n<p>Tipi Indian mo\u017cna zakupi\u0107 r\u00f3wnie\u017c bez maty na pod\u0142og\u0119, poduszki i girlandy.<\/p>\n","protected":false},"excerpt":{"rendered":"<p>Naturalne p\u0142\u00f3tno z bawe\u0142ny wyko\u0144czono wzorzyst\u0105 tkanin\u0105 z motywem azteckim. Detale podkre\u015blono czarnymi tasiemkami i pomponami. Pod\u0142og\u0119 namiotu tworzy ocieplana mata z aplikacj\u0105 w kszta\u0142cie kaktus\u00f3w i lam\u00f3wk\u0105.<\/p>\n","protected":false},"featured_media":48669,"comment_status":"open","ping_status":"closed","template":"","meta":[],"product_brand":[],"product_cat":[24],"product_tag":[1434],"class_list":{"0":"post-1114","1":"product","2":"type-product","3":"status-publish","4":"has-post-thumbnail","6":"product_cat-namioty-tipi","7":"product_tag-pla","9":"first","10":"instock","11":"sale","12":"taxable","13":"shipping-taxable","14":"product-type-simple"},"yoast_head":"<!-- This site is optimized with the Yoast SEO plugin v27.0 - https:\/\/yoast.com\/product\/yoast-seo-wordpress\/ -->\n<title>India\u0144ski namiot tipi Indian, zestaw 6el. - Cozydots.com<\/title>\n<meta name=\"description\" content=\"Etniczne tipi dla dzieci z serii Indian od Cozyshop\u00a0to znakomite miejsce do zabawy dla ma\u0142ych poszukiwaczy przyg\u00f3d.\" \/>\n<meta name=\"robots\" content=\"index, follow, max-snippet:-1, max-image-preview:large, max-video-preview:-1\" \/>\n<link rel=\"canonical\" href=\"https:\/\/cozydots.com\/pl\/produkt\/indianski-namiot-tipi-indian-zestaw-6el\/\" \/>\n<meta property=\"og:locale\" content=\"pl_PL\" \/>\n<meta property=\"og:type\" content=\"article\" \/>\n<meta property=\"og:title\" content=\"India\u0144ski namiot tipi Indian, zestaw 6el. - Cozydots.com\" \/>\n<meta property=\"og:description\" content=\"Etniczne tipi dla dzieci z serii Indian od Cozyshop\u00a0to znakomite miejsce do zabawy dla ma\u0142ych poszukiwaczy przyg\u00f3d.\" \/>\n<meta property=\"og:url\" content=\"https:\/\/cozydots.com\/pl\/produkt\/indianski-namiot-tipi-indian-zestaw-6el\/\" \/>\n<meta property=\"og:site_name\" content=\"Cozydots.com\" \/>\n<meta property=\"article:modified_time\" content=\"2023-06-06T08:47:46+00:00\" \/>\n<meta property=\"og:image\" content=\"https:\/\/cozydots.com\/wp-content\/uploads\/2017\/07\/kids_tipi_tent_indian_s1.jpg\" \/>\n\t<meta property=\"og:image:width\" content=\"1200\" \/>\n\t<meta property=\"og:image:height\" content=\"1200\" \/>\n\t<meta property=\"og:image:type\" content=\"image\/jpeg\" \/>\n<meta name=\"twitter:card\" content=\"summary_large_image\" \/>\n<meta name=\"twitter:label1\" content=\"Szacowany czas czytania\" \/>\n\t<meta name=\"twitter:data1\" content=\"2 minuty\" \/>\n<script type=\"application\/ld+json\" class=\"yoast-schema-graph\">{\"@context\":\"https:\/\/schema.org\",\"@graph\":[{\"@type\":\"WebPage\",\"@id\":\"https:\/\/cozydots.com\/pl\/produkt\/indianski-namiot-tipi-indian-zestaw-6el\/\",\"url\":\"https:\/\/cozydots.com\/pl\/produkt\/indianski-namiot-tipi-indian-zestaw-6el\/\",\"name\":\"India\u0144ski namiot tipi Indian, zestaw 6el. - Cozydots.com\",\"isPartOf\":{\"@id\":\"https:\/\/cozydots.com\/pl\/#website\"},\"primaryImageOfPage\":{\"@id\":\"https:\/\/cozydots.com\/pl\/produkt\/indianski-namiot-tipi-indian-zestaw-6el\/#primaryimage\"},\"image\":{\"@id\":\"https:\/\/cozydots.com\/pl\/produkt\/indianski-namiot-tipi-indian-zestaw-6el\/#primaryimage\"},\"thumbnailUrl\":\"https:\/\/cozydots.com\/wp-content\/uploads\/2017\/07\/kids_tipi_tent_indian_s1.jpg\",\"datePublished\":\"2017-07-31T16:36:02+00:00\",\"dateModified\":\"2023-06-06T08:47:46+00:00\",\"description\":\"Etniczne tipi dla dzieci z serii Indian od Cozyshop\u00a0to znakomite miejsce do zabawy dla ma\u0142ych poszukiwaczy przyg\u00f3d.\",\"breadcrumb\":{\"@id\":\"https:\/\/cozydots.com\/pl\/produkt\/indianski-namiot-tipi-indian-zestaw-6el\/#breadcrumb\"},\"inLanguage\":\"pl-PL\",\"potentialAction\":[{\"@type\":\"ReadAction\",\"target\":[\"https:\/\/cozydots.com\/pl\/produkt\/indianski-namiot-tipi-indian-zestaw-6el\/\"]}]},{\"@type\":\"ImageObject\",\"inLanguage\":\"pl-PL\",\"@id\":\"https:\/\/cozydots.com\/pl\/produkt\/indianski-namiot-tipi-indian-zestaw-6el\/#primaryimage\",\"url\":\"https:\/\/cozydots.com\/wp-content\/uploads\/2017\/07\/kids_tipi_tent_indian_s1.jpg\",\"contentUrl\":\"https:\/\/cozydots.com\/wp-content\/uploads\/2017\/07\/kids_tipi_tent_indian_s1.jpg\",\"width\":1200,\"height\":1200,\"caption\":\"kids_tipi_tent_indian_s1\"},{\"@type\":\"BreadcrumbList\",\"@id\":\"https:\/\/cozydots.com\/pl\/produkt\/indianski-namiot-tipi-indian-zestaw-6el\/#breadcrumb\",\"itemListElement\":[{\"@type\":\"ListItem\",\"position\":1,\"name\":\"Strona g\u0142\u00f3wna\",\"item\":\"https:\/\/cozydots.com\/pl\/\"},{\"@type\":\"ListItem\",\"position\":2,\"name\":\"Sklep\",\"item\":\"https:\/\/cozydots.com\/pl\/sklep\/\"},{\"@type\":\"ListItem\",\"position\":3,\"name\":\"India\u0144ski namiot tipi Indian, zestaw 6el.\"}]},{\"@type\":\"WebSite\",\"@id\":\"https:\/\/cozydots.com\/pl\/#website\",\"url\":\"https:\/\/cozydots.com\/pl\/\",\"name\":\"Cozydots.com\",\"description\":\"Producent namiot\u00f3w Tipi\",\"publisher\":{\"@id\":\"https:\/\/cozydots.com\/pl\/#organization\"},\"potentialAction\":[{\"@type\":\"SearchAction\",\"target\":{\"@type\":\"EntryPoint\",\"urlTemplate\":\"https:\/\/cozydots.com\/pl\/?s={search_term_string}\"},\"query-input\":{\"@type\":\"PropertyValueSpecification\",\"valueRequired\":true,\"valueName\":\"search_term_string\"}}],\"inLanguage\":\"pl-PL\"},{\"@type\":\"Organization\",\"@id\":\"https:\/\/cozydots.com\/pl\/#organization\",\"name\":\"Cozydots.com\",\"url\":\"https:\/\/cozydots.com\/pl\/\",\"logo\":{\"@type\":\"ImageObject\",\"inLanguage\":\"pl-PL\",\"@id\":\"https:\/\/cozydots.com\/pl\/#\/schema\/logo\/image\/\",\"url\":\"https:\/\/cozydots.com\/wp-content\/uploads\/2021\/10\/cozyshop_logo.png\",\"contentUrl\":\"https:\/\/cozydots.com\/wp-content\/uploads\/2021\/10\/cozyshop_logo.png\",\"width\":400,\"height\":121,\"caption\":\"Cozydots.com\"},\"image\":{\"@id\":\"https:\/\/cozydots.com\/pl\/#\/schema\/logo\/image\/\"}}]}<\/script>\n<!-- \/ Yoast SEO plugin. -->","yoast_head_json":{"title":"India\u0144ski namiot tipi Indian, zestaw 6el. - Cozydots.com","description":"Etniczne tipi dla dzieci z serii Indian od Cozyshop\u00a0to znakomite miejsce do zabawy dla ma\u0142ych poszukiwaczy przyg\u00f3d.","robots":{"index":"index","follow":"follow","max-snippet":"max-snippet:-1","max-image-preview":"max-image-preview:large","max-video-preview":"max-video-preview:-1"},"canonical":"https:\/\/cozydots.com\/pl\/produkt\/indianski-namiot-tipi-indian-zestaw-6el\/","og_locale":"pl_PL","og_type":"article","og_title":"India\u0144ski namiot tipi Indian, zestaw 6el. - Cozydots.com","og_description":"Etniczne tipi dla dzieci z serii Indian od Cozyshop\u00a0to znakomite miejsce do zabawy dla ma\u0142ych poszukiwaczy przyg\u00f3d.","og_url":"https:\/\/cozydots.com\/pl\/produkt\/indianski-namiot-tipi-indian-zestaw-6el\/","og_site_name":"Cozydots.com","article_modified_time":"2023-06-06T08:47:46+00:00","og_image":[{"width":1200,"height":1200,"url":"https:\/\/cozydots.com\/wp-content\/uploads\/2017\/07\/kids_tipi_tent_indian_s1.jpg","type":"image\/jpeg"}],"twitter_card":"summary_large_image","twitter_misc":{"Szacowany czas czytania":"2 minuty"},"schema":{"@context":"https:\/\/schema.org","@graph":[{"@type":"WebPage","@id":"https:\/\/cozydots.com\/pl\/produkt\/indianski-namiot-tipi-indian-zestaw-6el\/","url":"https:\/\/cozydots.com\/pl\/produkt\/indianski-namiot-tipi-indian-zestaw-6el\/","name":"India\u0144ski namiot tipi Indian, zestaw 6el. - Cozydots.com","isPartOf":{"@id":"https:\/\/cozydots.com\/pl\/#website"},"primaryImageOfPage":{"@id":"https:\/\/cozydots.com\/pl\/produkt\/indianski-namiot-tipi-indian-zestaw-6el\/#primaryimage"},"image":{"@id":"https:\/\/cozydots.com\/pl\/produkt\/indianski-namiot-tipi-indian-zestaw-6el\/#primaryimage"},"thumbnailUrl":"https:\/\/cozydots.com\/wp-content\/uploads\/2017\/07\/kids_tipi_tent_indian_s1.jpg","datePublished":"2017-07-31T16:36:02+00:00","dateModified":"2023-06-06T08:47:46+00:00","description":"Etniczne tipi dla dzieci z serii Indian od Cozyshop\u00a0to znakomite miejsce do zabawy dla ma\u0142ych poszukiwaczy przyg\u00f3d.","breadcrumb":{"@id":"https:\/\/cozydots.com\/pl\/produkt\/indianski-namiot-tipi-indian-zestaw-6el\/#breadcrumb"},"inLanguage":"pl-PL","potentialAction":[{"@type":"ReadAction","target":["https:\/\/cozydots.com\/pl\/produkt\/indianski-namiot-tipi-indian-zestaw-6el\/"]}]},{"@type":"ImageObject","inLanguage":"pl-PL","@id":"https:\/\/cozydots.com\/pl\/produkt\/indianski-namiot-tipi-indian-zestaw-6el\/#primaryimage","url":"https:\/\/cozydots.com\/wp-content\/uploads\/2017\/07\/kids_tipi_tent_indian_s1.jpg","contentUrl":"https:\/\/cozydots.com\/wp-content\/uploads\/2017\/07\/kids_tipi_tent_indian_s1.jpg","width":1200,"height":1200,"caption":"kids_tipi_tent_indian_s1"},{"@type":"BreadcrumbList","@id":"https:\/\/cozydots.com\/pl\/produkt\/indianski-namiot-tipi-indian-zestaw-6el\/#breadcrumb","itemListElement":[{"@type":"ListItem","position":1,"name":"Strona g\u0142\u00f3wna","item":"https:\/\/cozydots.com\/pl\/"},{"@type":"ListItem","position":2,"name":"Sklep","item":"https:\/\/cozydots.com\/pl\/sklep\/"},{"@type":"ListItem","position":3,"name":"India\u0144ski namiot tipi Indian, zestaw 6el."}]},{"@type":"WebSite","@id":"https:\/\/cozydots.com\/pl\/#website","url":"https:\/\/cozydots.com\/pl\/","name":"Cozydots.com","description":"Producent namiot\u00f3w Tipi","publisher":{"@id":"https:\/\/cozydots.com\/pl\/#organization"},"potentialAction":[{"@type":"SearchAction","target":{"@type":"EntryPoint","urlTemplate":"https:\/\/cozydots.com\/pl\/?s={search_term_string}"},"query-input":{"@type":"PropertyValueSpecification","valueRequired":true,"valueName":"search_term_string"}}],"inLanguage":"pl-PL"},{"@type":"Organization","@id":"https:\/\/cozydots.com\/pl\/#organization","name":"Cozydots.com","url":"https:\/\/cozydots.com\/pl\/","logo":{"@type":"ImageObject","inLanguage":"pl-PL","@id":"https:\/\/cozydots.com\/pl\/#\/schema\/logo\/image\/","url":"https:\/\/cozydots.com\/wp-content\/uploads\/2021\/10\/cozyshop_logo.png","contentUrl":"https:\/\/cozydots.com\/wp-content\/uploads\/2021\/10\/cozyshop_logo.png","width":400,"height":121,"caption":"Cozydots.com"},"image":{"@id":"https:\/\/cozydots.com\/pl\/#\/schema\/logo\/image\/"}}]}},"_links":{"self":[{"href":"https:\/\/cozydots.com\/pl\/wp-json\/wp\/v2\/product\/1114","targetHints":{"allow":["GET"]}}],"collection":[{"href":"https:\/\/cozydots.com\/pl\/wp-json\/wp\/v2\/product"}],"about":[{"href":"https:\/\/cozydots.com\/pl\/wp-json\/wp\/v2\/types\/product"}],"replies":[{"embeddable":true,"href":"https:\/\/cozydots.com\/pl\/wp-json\/wp\/v2\/comments?post=1114"}],"wp:featuredmedia":[{"embeddable":true,"href":"https:\/\/cozydots.com\/pl\/wp-json\/wp\/v2\/media\/48669"}],"wp:attachment":[{"href":"https:\/\/cozydots.com\/pl\/wp-json\/wp\/v2\/media?parent=1114"}],"wp:term":[{"taxonomy":"product_brand","embeddable":true,"href":"https:\/\/cozydots.com\/pl\/wp-json\/wp\/v2\/product_brand?post=1114"},{"taxonomy":"product_cat","embeddable":true,"href":"https:\/\/cozydots.com\/pl\/wp-json\/wp\/v2\/product_cat?post=1114"},{"taxonomy":"product_tag","embeddable":true,"href":"https:\/\/cozydots.com\/pl\/wp-json\/wp\/v2\/product_tag?post=1114"}],"curies":[{"name":"wp","href":"https:\/\/api.w.org\/{rel}","templated":true}]}}