{"id":1255,"date":"2017-08-02T11:11:26","date_gmt":"2017-08-02T09:11:26","guid":{"rendered":"https:\/\/cozydots.com\/?post_type=product&#038;p=1255\/"},"modified":"2023-02-08T11:58:13","modified_gmt":"2023-02-08T10:58:13","slug":"namiot-tipi-honey","status":"publish","type":"product","link":"https:\/\/cozydots.com\/pl\/produkt\/namiot-tipi-honey\/","title":{"rendered":"India\u0144ski namiot tipi dla ch\u0142opca Honey Bee"},"content":{"rendered":"<h2>India\u0144skie tipi dla dzieci w kolorystyce miodowej z serii Honey Bee<\/h2>\n<p>Kontrastowy<strong> namiot do pokoju dzieci\u0119cego<\/strong>\u00a0<strong>z serii Honey Bee od Cozy<\/strong>\u00a0to komfortowe i kameralne miejsce do zabawy, kt\u00f3re dostarczy wiele rado\u015bci ka\u017cdemu dziecku.<\/p>\n<p>Naturalne p\u0142\u00f3tno z bawe\u0142ny zosta\u0142o zestawione z<span style=\"font-size: 14.4px\">\u00a0czarn\u0105, kontrastow\u0105 tkanin\u0105, a detale wyko\u0144czono tasiemkami w kolorze miodowym. Ten model india\u0144skiego tipi jest <strong>idealny do pokoju ch\u0142opca<\/strong> i\u00a0do beztroskiej zabawy na podw\u00f3rku.<\/span><\/p>\n<p>Wigwam zosta\u0142\u00a0<strong>r\u0119cznie uszyty<\/strong>\u00a0z przewiewnej i delikatnej w dotyku tkaniny bawe\u0142nianej, kt\u00f3r\u0105\u00a0<strong>mo\u017cna pra\u0107 w pralce<\/strong>. Ochroni malucha przed s\u0142o\u0144cem i wiatrem <strong>podczas zabaw w ogrodzie lub na pla\u017cy<\/strong>. Od wewn\u0119trznej strony tipi wszyto dwie obszerne kieszenie, kt\u00f3re pomieszcz\u0105 dzieci\u0119ce skarby. Namiot wyposa\u017cono te\u017c w praktyczne\u00a0<strong>okienko z regulowan\u0105 rolet\u0105<\/strong>, przy pomocy kt\u00f3rej mo\u017cna przys\u0142oni\u0107 wn\u0119trze namiotu.<\/p>\n<p>Nasze tipi\u00a0<strong>wykonane s\u0105 metod\u0105 r\u0119czn\u0105<\/strong>, ze staranno\u015bci\u0105 i wyj\u0105tkow\u0105 precyzj\u0105. Dzi\u0119ki temu ka\u017cdy namiot jest niepowtarzalny, a Ty masz pewno\u015b\u0107, \u017ce otrzymujesz\u00a0<strong>egzemplarz najwy\u017cszej jako\u015bci.<\/strong><\/p>\n<p>W sk\u0142ad zestawu tipi Honey Bee od Cozy wchodz\u0105:<\/p>\n<ul>\n<li>namiot tipi<\/li>\n<li>stabilizator<\/li>\n<li>4 kije z naturalnego drewna sosnowego (stela\u017c)<\/li>\n<\/ul>\n<p>Model Honey mo\u017cna zakupi\u0107 r\u00f3wnie\u017c w zestawie z mat\u0105 na pod\u0142og\u0119 i poduszkami.<\/p>\n<h3>Wymiary:<\/h3>\n<ul>\n<li>Wysoko\u015b\u0107 (z kijkami) po roz\u0142o\u017ceniu: 150 cm<\/li>\n<li>Wysoko\u015b\u0107 (z kijkami) po z\u0142o\u017ceniu: 170 cm<\/li>\n<li>Powierzchnia pod\u0142ogi: ok. 110\u00d7110 cm<\/li>\n<\/ul>\n<p>Namiot jest przeznaczony dla 2-3 dzieci. Po z\u0142o\u017ceniu mo\u017cna go przechowywa\u0107 w por\u0119cznym pokrowcu z r\u0105czk\u0105, kt\u00f3ry znajdziesz w komplecie.<\/p>\n<h3>Sk\u0142ad:<\/h3>\n<ul>\n<li>100% bawe\u0142na<\/li>\n<li>Posiada certyfikat oraz atest CE<\/li>\n<\/ul>\n<p>Tkaniny, z kt\u00f3rych powstaj\u0105 nasze tipi, pochodz\u0105 z Europy i posiadaj\u0105 mi\u0119dzynarodowe certyfikaty, kt\u00f3re potwierdzaj\u0105 ich\u00a0<strong>bezpiecze\u0144stwo\u00a0dla dzieci<\/strong>. Namioty uszyto w Polsce.<\/p>\n<h3>Spos\u00f3b piel\u0119gnacji:<\/h3>\n<ul>\n<li><strong>Mo\u017cna pra\u0107 w pralce<\/strong>\u00a0w temperaturze 40 stopni, wirowanie \u2013 800 obrot\u00f3w<\/li>\n<li>Nie pra\u0107 chemicznie<\/li>\n<li>Nie wybiela\u0107<\/li>\n<\/ul>\n<p>Czas realizacji zam\u00f3wienia: 1-2 dni robocze + czas dostawy.<\/p>\n<p>Ch\u0119tnie uszyjemy tipi specjalnie dla Ciebie \u2013 wed\u0142ug Twojego pomys\u0142u. Napisz do nas i dowiedz si\u0119 wi\u0119cej.<\/p>\n","protected":false},"excerpt":{"rendered":"<p>Klasyczne tipi dla dzieci z serii Honey Bee<br \/>\nIdealne dla ch\u0142opca.<\/p>\n","protected":false},"featured_media":41354,"comment_status":"open","ping_status":"closed","template":"","meta":[],"product_brand":[],"product_cat":[24],"product_tag":[],"class_list":{"0":"post-1255","1":"product","2":"type-product","3":"status-publish","4":"has-post-thumbnail","6":"product_cat-namioty-tipi","8":"first","9":"instock","10":"taxable","11":"shipping-taxable","12":"product-type-simple"},"yoast_head":"<!-- This site is optimized with the Yoast SEO plugin v27.0 - https:\/\/yoast.com\/product\/yoast-seo-wordpress\/ -->\n<title>India\u0144ski namiot tipi dla ch\u0142opca Honey Bee - Cozydots.com<\/title>\n<meta name=\"robots\" content=\"index, follow, max-snippet:-1, max-image-preview:large, max-video-preview:-1\" \/>\n<link rel=\"canonical\" href=\"https:\/\/cozydots.com\/pl\/produkt\/namiot-tipi-honey\/\" \/>\n<meta property=\"og:locale\" content=\"pl_PL\" \/>\n<meta property=\"og:type\" content=\"article\" \/>\n<meta property=\"og:title\" content=\"India\u0144ski namiot tipi dla ch\u0142opca Honey Bee - Cozydots.com\" \/>\n<meta property=\"og:description\" content=\"Klasyczne tipi dla dzieci z serii Honey Bee Idealne dla ch\u0142opca.\" \/>\n<meta property=\"og:url\" content=\"https:\/\/cozydots.com\/pl\/produkt\/namiot-tipi-honey\/\" \/>\n<meta property=\"og:site_name\" content=\"Cozydots.com\" \/>\n<meta property=\"article:modified_time\" content=\"2023-02-08T10:58:13+00:00\" \/>\n<meta property=\"og:image\" content=\"https:\/\/cozydots.com\/wp-content\/uploads\/2021\/11\/pp-1297.jpg\" \/>\n\t<meta property=\"og:image:width\" content=\"1200\" \/>\n\t<meta property=\"og:image:height\" content=\"1200\" \/>\n\t<meta property=\"og:image:type\" content=\"image\/jpeg\" \/>\n<meta name=\"twitter:card\" content=\"summary_large_image\" \/>\n<meta name=\"twitter:label1\" content=\"Szacowany czas czytania\" \/>\n\t<meta name=\"twitter:data1\" content=\"2 minuty\" \/>\n<script type=\"application\/ld+json\" class=\"yoast-schema-graph\">{\"@context\":\"https:\/\/schema.org\",\"@graph\":[{\"@type\":\"WebPage\",\"@id\":\"https:\/\/cozydots.com\/pl\/produkt\/namiot-tipi-honey\/\",\"url\":\"https:\/\/cozydots.com\/pl\/produkt\/namiot-tipi-honey\/\",\"name\":\"India\u0144ski namiot tipi dla ch\u0142opca Honey Bee - Cozydots.com\",\"isPartOf\":{\"@id\":\"https:\/\/cozydots.com\/pl\/#website\"},\"primaryImageOfPage\":{\"@id\":\"https:\/\/cozydots.com\/pl\/produkt\/namiot-tipi-honey\/#primaryimage\"},\"image\":{\"@id\":\"https:\/\/cozydots.com\/pl\/produkt\/namiot-tipi-honey\/#primaryimage\"},\"thumbnailUrl\":\"https:\/\/cozydots.com\/wp-content\/uploads\/2021\/11\/pp-1297.jpg\",\"datePublished\":\"2017-08-02T09:11:26+00:00\",\"dateModified\":\"2023-02-08T10:58:13+00:00\",\"breadcrumb\":{\"@id\":\"https:\/\/cozydots.com\/pl\/produkt\/namiot-tipi-honey\/#breadcrumb\"},\"inLanguage\":\"pl-PL\",\"potentialAction\":[{\"@type\":\"ReadAction\",\"target\":[\"https:\/\/cozydots.com\/pl\/produkt\/namiot-tipi-honey\/\"]}]},{\"@type\":\"ImageObject\",\"inLanguage\":\"pl-PL\",\"@id\":\"https:\/\/cozydots.com\/pl\/produkt\/namiot-tipi-honey\/#primaryimage\",\"url\":\"https:\/\/cozydots.com\/wp-content\/uploads\/2021\/11\/pp-1297.jpg\",\"contentUrl\":\"https:\/\/cozydots.com\/wp-content\/uploads\/2021\/11\/pp-1297.jpg\",\"width\":1200,\"height\":1200},{\"@type\":\"BreadcrumbList\",\"@id\":\"https:\/\/cozydots.com\/pl\/produkt\/namiot-tipi-honey\/#breadcrumb\",\"itemListElement\":[{\"@type\":\"ListItem\",\"position\":1,\"name\":\"Strona g\u0142\u00f3wna\",\"item\":\"https:\/\/cozydots.com\/pl\/\"},{\"@type\":\"ListItem\",\"position\":2,\"name\":\"Sklep\",\"item\":\"https:\/\/cozydots.com\/pl\/sklep\/\"},{\"@type\":\"ListItem\",\"position\":3,\"name\":\"India\u0144ski namiot tipi dla ch\u0142opca Honey Bee\"}]},{\"@type\":\"WebSite\",\"@id\":\"https:\/\/cozydots.com\/pl\/#website\",\"url\":\"https:\/\/cozydots.com\/pl\/\",\"name\":\"Cozydots.com\",\"description\":\"Producent namiot\u00f3w Tipi\",\"publisher\":{\"@id\":\"https:\/\/cozydots.com\/pl\/#organization\"},\"potentialAction\":[{\"@type\":\"SearchAction\",\"target\":{\"@type\":\"EntryPoint\",\"urlTemplate\":\"https:\/\/cozydots.com\/pl\/?s={search_term_string}\"},\"query-input\":{\"@type\":\"PropertyValueSpecification\",\"valueRequired\":true,\"valueName\":\"search_term_string\"}}],\"inLanguage\":\"pl-PL\"},{\"@type\":\"Organization\",\"@id\":\"https:\/\/cozydots.com\/pl\/#organization\",\"name\":\"Cozydots.com\",\"url\":\"https:\/\/cozydots.com\/pl\/\",\"logo\":{\"@type\":\"ImageObject\",\"inLanguage\":\"pl-PL\",\"@id\":\"https:\/\/cozydots.com\/pl\/#\/schema\/logo\/image\/\",\"url\":\"https:\/\/cozydots.com\/wp-content\/uploads\/2021\/10\/cozyshop_logo.png\",\"contentUrl\":\"https:\/\/cozydots.com\/wp-content\/uploads\/2021\/10\/cozyshop_logo.png\",\"width\":400,\"height\":121,\"caption\":\"Cozydots.com\"},\"image\":{\"@id\":\"https:\/\/cozydots.com\/pl\/#\/schema\/logo\/image\/\"}}]}<\/script>\n<!-- \/ Yoast SEO plugin. -->","yoast_head_json":{"title":"India\u0144ski namiot tipi dla ch\u0142opca Honey Bee - Cozydots.com","robots":{"index":"index","follow":"follow","max-snippet":"max-snippet:-1","max-image-preview":"max-image-preview:large","max-video-preview":"max-video-preview:-1"},"canonical":"https:\/\/cozydots.com\/pl\/produkt\/namiot-tipi-honey\/","og_locale":"pl_PL","og_type":"article","og_title":"India\u0144ski namiot tipi dla ch\u0142opca Honey Bee - Cozydots.com","og_description":"Klasyczne tipi dla dzieci z serii Honey Bee Idealne dla ch\u0142opca.","og_url":"https:\/\/cozydots.com\/pl\/produkt\/namiot-tipi-honey\/","og_site_name":"Cozydots.com","article_modified_time":"2023-02-08T10:58:13+00:00","og_image":[{"width":1200,"height":1200,"url":"https:\/\/cozydots.com\/wp-content\/uploads\/2021\/11\/pp-1297.jpg","type":"image\/jpeg"}],"twitter_card":"summary_large_image","twitter_misc":{"Szacowany czas czytania":"2 minuty"},"schema":{"@context":"https:\/\/schema.org","@graph":[{"@type":"WebPage","@id":"https:\/\/cozydots.com\/pl\/produkt\/namiot-tipi-honey\/","url":"https:\/\/cozydots.com\/pl\/produkt\/namiot-tipi-honey\/","name":"India\u0144ski namiot tipi dla ch\u0142opca Honey Bee - Cozydots.com","isPartOf":{"@id":"https:\/\/cozydots.com\/pl\/#website"},"primaryImageOfPage":{"@id":"https:\/\/cozydots.com\/pl\/produkt\/namiot-tipi-honey\/#primaryimage"},"image":{"@id":"https:\/\/cozydots.com\/pl\/produkt\/namiot-tipi-honey\/#primaryimage"},"thumbnailUrl":"https:\/\/cozydots.com\/wp-content\/uploads\/2021\/11\/pp-1297.jpg","datePublished":"2017-08-02T09:11:26+00:00","dateModified":"2023-02-08T10:58:13+00:00","breadcrumb":{"@id":"https:\/\/cozydots.com\/pl\/produkt\/namiot-tipi-honey\/#breadcrumb"},"inLanguage":"pl-PL","potentialAction":[{"@type":"ReadAction","target":["https:\/\/cozydots.com\/pl\/produkt\/namiot-tipi-honey\/"]}]},{"@type":"ImageObject","inLanguage":"pl-PL","@id":"https:\/\/cozydots.com\/pl\/produkt\/namiot-tipi-honey\/#primaryimage","url":"https:\/\/cozydots.com\/wp-content\/uploads\/2021\/11\/pp-1297.jpg","contentUrl":"https:\/\/cozydots.com\/wp-content\/uploads\/2021\/11\/pp-1297.jpg","width":1200,"height":1200},{"@type":"BreadcrumbList","@id":"https:\/\/cozydots.com\/pl\/produkt\/namiot-tipi-honey\/#breadcrumb","itemListElement":[{"@type":"ListItem","position":1,"name":"Strona g\u0142\u00f3wna","item":"https:\/\/cozydots.com\/pl\/"},{"@type":"ListItem","position":2,"name":"Sklep","item":"https:\/\/cozydots.com\/pl\/sklep\/"},{"@type":"ListItem","position":3,"name":"India\u0144ski namiot tipi dla ch\u0142opca Honey Bee"}]},{"@type":"WebSite","@id":"https:\/\/cozydots.com\/pl\/#website","url":"https:\/\/cozydots.com\/pl\/","name":"Cozydots.com","description":"Producent namiot\u00f3w Tipi","publisher":{"@id":"https:\/\/cozydots.com\/pl\/#organization"},"potentialAction":[{"@type":"SearchAction","target":{"@type":"EntryPoint","urlTemplate":"https:\/\/cozydots.com\/pl\/?s={search_term_string}"},"query-input":{"@type":"PropertyValueSpecification","valueRequired":true,"valueName":"search_term_string"}}],"inLanguage":"pl-PL"},{"@type":"Organization","@id":"https:\/\/cozydots.com\/pl\/#organization","name":"Cozydots.com","url":"https:\/\/cozydots.com\/pl\/","logo":{"@type":"ImageObject","inLanguage":"pl-PL","@id":"https:\/\/cozydots.com\/pl\/#\/schema\/logo\/image\/","url":"https:\/\/cozydots.com\/wp-content\/uploads\/2021\/10\/cozyshop_logo.png","contentUrl":"https:\/\/cozydots.com\/wp-content\/uploads\/2021\/10\/cozyshop_logo.png","width":400,"height":121,"caption":"Cozydots.com"},"image":{"@id":"https:\/\/cozydots.com\/pl\/#\/schema\/logo\/image\/"}}]}},"_links":{"self":[{"href":"https:\/\/cozydots.com\/pl\/wp-json\/wp\/v2\/product\/1255","targetHints":{"allow":["GET"]}}],"collection":[{"href":"https:\/\/cozydots.com\/pl\/wp-json\/wp\/v2\/product"}],"about":[{"href":"https:\/\/cozydots.com\/pl\/wp-json\/wp\/v2\/types\/product"}],"replies":[{"embeddable":true,"href":"https:\/\/cozydots.com\/pl\/wp-json\/wp\/v2\/comments?post=1255"}],"wp:featuredmedia":[{"embeddable":true,"href":"https:\/\/cozydots.com\/pl\/wp-json\/wp\/v2\/media\/41354"}],"wp:attachment":[{"href":"https:\/\/cozydots.com\/pl\/wp-json\/wp\/v2\/media?parent=1255"}],"wp:term":[{"taxonomy":"product_brand","embeddable":true,"href":"https:\/\/cozydots.com\/pl\/wp-json\/wp\/v2\/product_brand?post=1255"},{"taxonomy":"product_cat","embeddable":true,"href":"https:\/\/cozydots.com\/pl\/wp-json\/wp\/v2\/product_cat?post=1255"},{"taxonomy":"product_tag","embeddable":true,"href":"https:\/\/cozydots.com\/pl\/wp-json\/wp\/v2\/product_tag?post=1255"}],"curies":[{"name":"wp","href":"https:\/\/api.w.org\/{rel}","templated":true}]}}