{"id":1419,"date":"2017-08-03T11:12:49","date_gmt":"2017-08-03T09:12:49","guid":{"rendered":"https:\/\/cozydots.com\/?post_type=product&#038;p=1419\/"},"modified":"2026-01-01T17:58:31","modified_gmt":"2026-01-01T16:58:31","slug":"zestaw-tipi-namiot-namiot-honey","status":"publish","type":"product","link":"https:\/\/cozydots.com\/pl\/produkt\/zestaw-tipi-namiot-namiot-honey\/","title":{"rendered":"India\u0144ski namiot tipi Honey Bee, zestaw 6el."},"content":{"rendered":"<p><img loading=\"lazy\" decoding=\"async\" class=\"alignright size-large wp-image-16452\" src=\"https:\/\/cozydots.com\/wp-content\/uploads\/2021\/11\/pp-1315.jpg\" alt=\"tipi honey set\" width=\"600\" height=\"600\" \/>Przypominaj\u0105ce kolorystyk\u0105 pasiast\u0105 pszcz\u00f3\u0142k\u0119\u00a0<strong>tipi do pokoju dzieci\u0119cego<\/strong>\u00a0<strong>z serii Honey Bee od Cozy<\/strong>\u00a0to bezpieczne i zaciszne miejsce do zabawy.<\/p>\n<p>Be\u017cowe bawe\u0142niane p\u0142\u00f3tno skontrastowano z czarn\u0105 tkanin\u0105 i wyko\u0144czono miodowymi akcentami. Wej\u015bcie ozdobiono ta\u015bm\u0105 z pomponami. W sk\u0142ad zestawu wchodz\u0105 r\u00f3wnie\u017c 2 mi\u0119ciutkie poduszki w geometryczne wzory oraz ocieplana mata na pod\u0142og\u0119 w kolorze miodowym. Ta kontrastowa kolorystyka\u00a0<strong>india\u0144skiego<\/strong>\u00a0<strong>tipi dla dzieci<\/strong> jest znakomita<strong> do pokoju ch\u0142opca<\/strong>. Tipi szybo stanie si\u0119 ulubion\u0105 kryj\u00f3wk\u0105 w czasie zabaw zar\u00f3wno <strong>w pokoju dzieci\u0119cym, jak i na podw\u00f3rku<\/strong>.<\/p>\n<p>Ten <strong>r\u0119cznie wykonany namiot zosta\u0142 uszyty z naturalnej bawe\u0142ny<\/strong>, kt\u00f3ra zapewnia doskona\u0142\u0105 cyrkulacj\u0119 powietrza i bezpieczn\u0105 ochron\u0119 przed s\u0142o\u0144cem i wiatrem w czasie zabaw w plenerze.<strong>\u00a0Mata na pod\u0142og\u0119<\/strong> jest wype\u0142niona\u00a0antyalergiczn\u0105 wat\u0105 silikonow\u0105, kt\u00f3ra skutecznie <strong>izoluje od ch\u0142odnego pod\u0142o\u017ca<\/strong>. Pasuj\u0105ce stylistycznie do zestawu poduszeczki daj\u0105 jeszcze wi\u0119cej rado\u015bci z zabawy i b\u0119d\u0105 nieocenione podczas popo\u0142udniowej drzemki w namiocie. Ten model\u00a0<strong>tipi dla dzieci<\/strong> posiada r\u00f3wnie\u017c dwie wewn\u0119trzne kieszenie na drobiazgi oraz <strong>okienko z rolet\u0105<\/strong>.<\/p>\n<p>Tipi wykonano niezwykle starannie metod\u0105 <strong>handmade<\/strong>. Ka\u017cdy egzemplarz jest dzi\u0119ki temu unikatowy, a Ty mo\u017cesz mie\u0107 pewno\u015b\u0107, \u017ce otrzymujesz\u00a0<strong>produkt z najwy\u017cszej p\u00f3\u0142ki.<\/strong><\/p>\n<h2>W sk\u0142ad zestawu tipi Honey od Cozy wchodz\u0105:<\/h2>\n<ul>\n<li>Namiot tipi<\/li>\n<li>4 kije z naturalnego drewna sosnowego (stela\u017c)<\/li>\n<li>mata na pod\u0142og\u0119 (nie jest zintegrowana z namiotem)<\/li>\n<li>2 poduszki<\/li>\n<li>stabilizator<\/li>\n<\/ul>\n<p>Model Honey mo\u017cna zakupi\u0107 r\u00f3wnie\u017c bez maty i poduszek.<\/p>\n","protected":false},"excerpt":{"rendered":"<p>Be\u017cowe bawe\u0142niane p\u0142\u00f3tno skontrastowano z czarn\u0105 tkanin\u0105 i wyko\u0144czono miodowymi akcentami. Wej\u015bcie ozdobiono ta\u015bm\u0105 z pomponami.<\/p>\n","protected":false},"featured_media":53547,"comment_status":"open","ping_status":"closed","template":"","meta":[],"product_brand":[],"product_cat":[24],"product_tag":[1434],"class_list":{"0":"post-1419","1":"product","2":"type-product","3":"status-publish","4":"has-post-thumbnail","6":"product_cat-namioty-tipi","7":"product_tag-pla","9":"first","10":"instock","11":"sale","12":"taxable","13":"shipping-taxable","14":"product-type-simple"},"yoast_head":"<!-- This site is optimized with the Yoast SEO plugin v27.0 - https:\/\/yoast.com\/product\/yoast-seo-wordpress\/ -->\n<title>India\u0144ski namiot tipi Honey Bee, zestaw 6el. - Cozydots.com<\/title>\n<meta name=\"robots\" content=\"index, follow, max-snippet:-1, max-image-preview:large, max-video-preview:-1\" \/>\n<link rel=\"canonical\" href=\"https:\/\/cozydots.com\/pl\/produkt\/zestaw-tipi-namiot-namiot-honey\/\" \/>\n<meta property=\"og:locale\" content=\"pl_PL\" \/>\n<meta property=\"og:type\" content=\"article\" \/>\n<meta property=\"og:title\" content=\"India\u0144ski namiot tipi Honey Bee, zestaw 6el. - Cozydots.com\" \/>\n<meta property=\"og:description\" content=\"Be\u017cowe bawe\u0142niane p\u0142\u00f3tno skontrastowano z czarn\u0105 tkanin\u0105 i wyko\u0144czono miodowymi akcentami. Wej\u015bcie ozdobiono ta\u015bm\u0105 z pomponami.\" \/>\n<meta property=\"og:url\" content=\"https:\/\/cozydots.com\/pl\/produkt\/zestaw-tipi-namiot-namiot-honey\/\" \/>\n<meta property=\"og:site_name\" content=\"Cozydots.com\" \/>\n<meta property=\"article:modified_time\" content=\"2026-01-01T16:58:31+00:00\" \/>\n<meta property=\"og:image\" content=\"https:\/\/cozydots.com\/wp-content\/uploads\/2017\/08\/kids_tipi_tent_honey_s1_f9.jpg\" \/>\n\t<meta property=\"og:image:width\" content=\"1200\" \/>\n\t<meta property=\"og:image:height\" content=\"1200\" \/>\n\t<meta property=\"og:image:type\" content=\"image\/jpeg\" \/>\n<meta name=\"twitter:card\" content=\"summary_large_image\" \/>\n<meta name=\"twitter:label1\" content=\"Szacowany czas czytania\" \/>\n\t<meta name=\"twitter:data1\" content=\"2 minuty\" \/>\n<script type=\"application\/ld+json\" class=\"yoast-schema-graph\">{\"@context\":\"https:\/\/schema.org\",\"@graph\":[{\"@type\":\"WebPage\",\"@id\":\"https:\/\/cozydots.com\/pl\/produkt\/zestaw-tipi-namiot-namiot-honey\/\",\"url\":\"https:\/\/cozydots.com\/pl\/produkt\/zestaw-tipi-namiot-namiot-honey\/\",\"name\":\"India\u0144ski namiot tipi Honey Bee, zestaw 6el. - Cozydots.com\",\"isPartOf\":{\"@id\":\"https:\/\/cozydots.com\/pl\/#website\"},\"primaryImageOfPage\":{\"@id\":\"https:\/\/cozydots.com\/pl\/produkt\/zestaw-tipi-namiot-namiot-honey\/#primaryimage\"},\"image\":{\"@id\":\"https:\/\/cozydots.com\/pl\/produkt\/zestaw-tipi-namiot-namiot-honey\/#primaryimage\"},\"thumbnailUrl\":\"https:\/\/cozydots.com\/wp-content\/uploads\/2017\/08\/kids_tipi_tent_honey_s1_f9.jpg\",\"datePublished\":\"2017-08-03T09:12:49+00:00\",\"dateModified\":\"2026-01-01T16:58:31+00:00\",\"breadcrumb\":{\"@id\":\"https:\/\/cozydots.com\/pl\/produkt\/zestaw-tipi-namiot-namiot-honey\/#breadcrumb\"},\"inLanguage\":\"pl-PL\",\"potentialAction\":[{\"@type\":\"ReadAction\",\"target\":[\"https:\/\/cozydots.com\/pl\/produkt\/zestaw-tipi-namiot-namiot-honey\/\"]}]},{\"@type\":\"ImageObject\",\"inLanguage\":\"pl-PL\",\"@id\":\"https:\/\/cozydots.com\/pl\/produkt\/zestaw-tipi-namiot-namiot-honey\/#primaryimage\",\"url\":\"https:\/\/cozydots.com\/wp-content\/uploads\/2017\/08\/kids_tipi_tent_honey_s1_f9.jpg\",\"contentUrl\":\"https:\/\/cozydots.com\/wp-content\/uploads\/2017\/08\/kids_tipi_tent_honey_s1_f9.jpg\",\"width\":1200,\"height\":1200,\"caption\":\"kids tipi tent honey\"},{\"@type\":\"BreadcrumbList\",\"@id\":\"https:\/\/cozydots.com\/pl\/produkt\/zestaw-tipi-namiot-namiot-honey\/#breadcrumb\",\"itemListElement\":[{\"@type\":\"ListItem\",\"position\":1,\"name\":\"Strona g\u0142\u00f3wna\",\"item\":\"https:\/\/cozydots.com\/pl\/\"},{\"@type\":\"ListItem\",\"position\":2,\"name\":\"Sklep\",\"item\":\"https:\/\/cozydots.com\/pl\/sklep\/\"},{\"@type\":\"ListItem\",\"position\":3,\"name\":\"India\u0144ski namiot tipi Honey Bee, zestaw 6el.\"}]},{\"@type\":\"WebSite\",\"@id\":\"https:\/\/cozydots.com\/pl\/#website\",\"url\":\"https:\/\/cozydots.com\/pl\/\",\"name\":\"Cozydots.com\",\"description\":\"Producent namiot\u00f3w Tipi\",\"publisher\":{\"@id\":\"https:\/\/cozydots.com\/pl\/#organization\"},\"potentialAction\":[{\"@type\":\"SearchAction\",\"target\":{\"@type\":\"EntryPoint\",\"urlTemplate\":\"https:\/\/cozydots.com\/pl\/?s={search_term_string}\"},\"query-input\":{\"@type\":\"PropertyValueSpecification\",\"valueRequired\":true,\"valueName\":\"search_term_string\"}}],\"inLanguage\":\"pl-PL\"},{\"@type\":\"Organization\",\"@id\":\"https:\/\/cozydots.com\/pl\/#organization\",\"name\":\"Cozydots.com\",\"url\":\"https:\/\/cozydots.com\/pl\/\",\"logo\":{\"@type\":\"ImageObject\",\"inLanguage\":\"pl-PL\",\"@id\":\"https:\/\/cozydots.com\/pl\/#\/schema\/logo\/image\/\",\"url\":\"https:\/\/cozydots.com\/wp-content\/uploads\/2021\/10\/cozyshop_logo.png\",\"contentUrl\":\"https:\/\/cozydots.com\/wp-content\/uploads\/2021\/10\/cozyshop_logo.png\",\"width\":400,\"height\":121,\"caption\":\"Cozydots.com\"},\"image\":{\"@id\":\"https:\/\/cozydots.com\/pl\/#\/schema\/logo\/image\/\"}}]}<\/script>\n<!-- \/ Yoast SEO plugin. -->","yoast_head_json":{"title":"India\u0144ski namiot tipi Honey Bee, zestaw 6el. - Cozydots.com","robots":{"index":"index","follow":"follow","max-snippet":"max-snippet:-1","max-image-preview":"max-image-preview:large","max-video-preview":"max-video-preview:-1"},"canonical":"https:\/\/cozydots.com\/pl\/produkt\/zestaw-tipi-namiot-namiot-honey\/","og_locale":"pl_PL","og_type":"article","og_title":"India\u0144ski namiot tipi Honey Bee, zestaw 6el. - Cozydots.com","og_description":"Be\u017cowe bawe\u0142niane p\u0142\u00f3tno skontrastowano z czarn\u0105 tkanin\u0105 i wyko\u0144czono miodowymi akcentami. Wej\u015bcie ozdobiono ta\u015bm\u0105 z pomponami.","og_url":"https:\/\/cozydots.com\/pl\/produkt\/zestaw-tipi-namiot-namiot-honey\/","og_site_name":"Cozydots.com","article_modified_time":"2026-01-01T16:58:31+00:00","og_image":[{"width":1200,"height":1200,"url":"https:\/\/cozydots.com\/wp-content\/uploads\/2017\/08\/kids_tipi_tent_honey_s1_f9.jpg","type":"image\/jpeg"}],"twitter_card":"summary_large_image","twitter_misc":{"Szacowany czas czytania":"2 minuty"},"schema":{"@context":"https:\/\/schema.org","@graph":[{"@type":"WebPage","@id":"https:\/\/cozydots.com\/pl\/produkt\/zestaw-tipi-namiot-namiot-honey\/","url":"https:\/\/cozydots.com\/pl\/produkt\/zestaw-tipi-namiot-namiot-honey\/","name":"India\u0144ski namiot tipi Honey Bee, zestaw 6el. - Cozydots.com","isPartOf":{"@id":"https:\/\/cozydots.com\/pl\/#website"},"primaryImageOfPage":{"@id":"https:\/\/cozydots.com\/pl\/produkt\/zestaw-tipi-namiot-namiot-honey\/#primaryimage"},"image":{"@id":"https:\/\/cozydots.com\/pl\/produkt\/zestaw-tipi-namiot-namiot-honey\/#primaryimage"},"thumbnailUrl":"https:\/\/cozydots.com\/wp-content\/uploads\/2017\/08\/kids_tipi_tent_honey_s1_f9.jpg","datePublished":"2017-08-03T09:12:49+00:00","dateModified":"2026-01-01T16:58:31+00:00","breadcrumb":{"@id":"https:\/\/cozydots.com\/pl\/produkt\/zestaw-tipi-namiot-namiot-honey\/#breadcrumb"},"inLanguage":"pl-PL","potentialAction":[{"@type":"ReadAction","target":["https:\/\/cozydots.com\/pl\/produkt\/zestaw-tipi-namiot-namiot-honey\/"]}]},{"@type":"ImageObject","inLanguage":"pl-PL","@id":"https:\/\/cozydots.com\/pl\/produkt\/zestaw-tipi-namiot-namiot-honey\/#primaryimage","url":"https:\/\/cozydots.com\/wp-content\/uploads\/2017\/08\/kids_tipi_tent_honey_s1_f9.jpg","contentUrl":"https:\/\/cozydots.com\/wp-content\/uploads\/2017\/08\/kids_tipi_tent_honey_s1_f9.jpg","width":1200,"height":1200,"caption":"kids tipi tent honey"},{"@type":"BreadcrumbList","@id":"https:\/\/cozydots.com\/pl\/produkt\/zestaw-tipi-namiot-namiot-honey\/#breadcrumb","itemListElement":[{"@type":"ListItem","position":1,"name":"Strona g\u0142\u00f3wna","item":"https:\/\/cozydots.com\/pl\/"},{"@type":"ListItem","position":2,"name":"Sklep","item":"https:\/\/cozydots.com\/pl\/sklep\/"},{"@type":"ListItem","position":3,"name":"India\u0144ski namiot tipi Honey Bee, zestaw 6el."}]},{"@type":"WebSite","@id":"https:\/\/cozydots.com\/pl\/#website","url":"https:\/\/cozydots.com\/pl\/","name":"Cozydots.com","description":"Producent namiot\u00f3w Tipi","publisher":{"@id":"https:\/\/cozydots.com\/pl\/#organization"},"potentialAction":[{"@type":"SearchAction","target":{"@type":"EntryPoint","urlTemplate":"https:\/\/cozydots.com\/pl\/?s={search_term_string}"},"query-input":{"@type":"PropertyValueSpecification","valueRequired":true,"valueName":"search_term_string"}}],"inLanguage":"pl-PL"},{"@type":"Organization","@id":"https:\/\/cozydots.com\/pl\/#organization","name":"Cozydots.com","url":"https:\/\/cozydots.com\/pl\/","logo":{"@type":"ImageObject","inLanguage":"pl-PL","@id":"https:\/\/cozydots.com\/pl\/#\/schema\/logo\/image\/","url":"https:\/\/cozydots.com\/wp-content\/uploads\/2021\/10\/cozyshop_logo.png","contentUrl":"https:\/\/cozydots.com\/wp-content\/uploads\/2021\/10\/cozyshop_logo.png","width":400,"height":121,"caption":"Cozydots.com"},"image":{"@id":"https:\/\/cozydots.com\/pl\/#\/schema\/logo\/image\/"}}]}},"_links":{"self":[{"href":"https:\/\/cozydots.com\/pl\/wp-json\/wp\/v2\/product\/1419","targetHints":{"allow":["GET"]}}],"collection":[{"href":"https:\/\/cozydots.com\/pl\/wp-json\/wp\/v2\/product"}],"about":[{"href":"https:\/\/cozydots.com\/pl\/wp-json\/wp\/v2\/types\/product"}],"replies":[{"embeddable":true,"href":"https:\/\/cozydots.com\/pl\/wp-json\/wp\/v2\/comments?post=1419"}],"wp:featuredmedia":[{"embeddable":true,"href":"https:\/\/cozydots.com\/pl\/wp-json\/wp\/v2\/media\/53547"}],"wp:attachment":[{"href":"https:\/\/cozydots.com\/pl\/wp-json\/wp\/v2\/media?parent=1419"}],"wp:term":[{"taxonomy":"product_brand","embeddable":true,"href":"https:\/\/cozydots.com\/pl\/wp-json\/wp\/v2\/product_brand?post=1419"},{"taxonomy":"product_cat","embeddable":true,"href":"https:\/\/cozydots.com\/pl\/wp-json\/wp\/v2\/product_cat?post=1419"},{"taxonomy":"product_tag","embeddable":true,"href":"https:\/\/cozydots.com\/pl\/wp-json\/wp\/v2\/product_tag?post=1419"}],"curies":[{"name":"wp","href":"https:\/\/api.w.org\/{rel}","templated":true}]}}