{"id":1490,"date":"2017-08-03T15:16:39","date_gmt":"2017-08-03T13:16:39","guid":{"rendered":"https:\/\/cozydots.com\/?post_type=product&#038;p=1490\/"},"modified":"2024-09-14T20:47:57","modified_gmt":"2024-09-14T18:47:57","slug":"namiot-tipi-mexican","status":"publish","type":"product","link":"https:\/\/cozydots.com\/pl\/produkt\/namiot-tipi-mexican\/","title":{"rendered":"India\u0144ski namiot tipi dla ch\u0142opca Aztec"},"content":{"rendered":"<div class=\"rte\">\n<h1>India\u0144skie tipi dzieci\u0119ce ze wzorami azteckimi z serii Aztec<\/h1>\n<p>R\u0119cznie wykonany <strong>namiot dl<\/strong>a<strong>\u00a0dzieci<\/strong>\u00a0<strong>z serii Aztec od Cozyshop<\/strong>\u00a0to idealne miejsce do zabawy dla ma\u0142ych poszukiwaczy przyg\u00f3d i podr\u00f3\u017cnik\u00f3w. Bawe\u0142niane p\u0142\u00f3tno w naturalnym kolorze zosta\u0142o wyko\u0144czone u g\u00f3ry turkusowym materia\u0142em z motywem geometrycznym, a wej\u015bcie obszyto tasiemk\u0105 z india\u0144skimi fr\u0119dzlami w kolorze br\u0105zowym. To wzorzyste tipi dla dzieci spodoba si\u0119 szczeg\u00f3lnie ch\u0142opcom i\u00a0sprawdzi si\u0119 r\u00f3wnie dobrze\u00a0<strong>w pokoju dzieci\u0119cym<\/strong>, <strong>jak i w czasie zabawy na podw\u00f3rku<\/strong>.<\/p>\n<p>Wytrzyma\u0142e p\u0142\u00f3tno, z kt\u00f3rego wykonano wigwam, to\u00a0<strong>naturalna, przewiewna bawe\u0142na<\/strong>. Tipi ochroni przed wiatrem i s\u0142o\u0144cem podczas zabawy w plenerze oraz zapewni przytuln\u0105 kryj\u00f3wk\u0119 dla dziecka, z \u0142atwo\u015bci\u0105 mieszcz\u0105c jego ulubione zabawki i ksi\u0105\u017ceczki.\u00a0<strong>Otwierane okienko <\/strong>dodatkowo wspomaga przep\u0142yw powietrza, dzi\u0119ki czemu w \u015brodku nie b\u0119dzie zbyt gor\u0105co.<\/p>\n<p>Nasze tipi wykonane s\u0105 w ca\u0142o\u015bci metod\u0105 r\u0119czn\u0105, z najwy\u017csz\u0105 staranno\u015bci\u0105 i dba\u0142o\u015bci\u0105 o detale. Ka\u017cdy egzemplarz jest jedyny w swoim rodzaju. Dlatego masz pewno\u015b\u0107, \u017ce dajesz dziecku\u00a0<strong>produkt o najwy\u017cszej jako\u015bci<\/strong>.<\/p>\n<p>W sk\u0142ad zestawu tipi Aztec od Cozyshop wchodz\u0105:<\/p>\n<ul>\n<li>namiot tipi<\/li>\n<li>4 kije z naturalnego drewna sosnowego (stela\u017c)<\/li>\n<li>stabilizator<\/li>\n<\/ul>\n<h2>Wymiary:<\/h2>\n<ul>\n<li>Wysoko\u015b\u0107 tipi (z kijkami) po roz\u0142o\u017ceniu: 150 cm<\/li>\n<li>Wysoko\u015b\u0107 tipi (z kijkami) po z\u0142o\u017ceniu: 170 cm<\/li>\n<li>Powierzchnia pod\u0142ogi tipi: ok. 110\u00d7110 cm<\/li>\n<\/ul>\n<p>Namiot mie\u015bci 2-3 dzieci. Mo\u017cna go z \u0142atwo\u015bci\u0105 z\u0142o\u017cy\u0107 i przechowywa\u0107 w specjalnym worku z uchwytem, kt\u00f3ry jest integraln\u0105 cz\u0119\u015bci\u0105 zestawu.<\/p>\n<h2>Sk\u0142ad:<\/h2>\n<ul>\n<li>100% bawe\u0142na.<\/li>\n<li>Posiada certyfikat  oraz atest CE<\/li>\n<\/ul>\n<p>Tkaniny, z jakich szyjemy nasze namioty, pochodz\u0105 z Europy oraz posiadaj\u0105 atesty i certyfikaty, kt\u00f3re potwierdzaj\u0105 ich\u00a0<strong>bezpiecze\u0144stwo dla dzieci.<\/strong>\u00a0 Tipi wyprodukowano w Polsce.<\/p>\n<h2>Spos\u00f3b piel\u0119gnacji:<\/h2>\n<ul>\n<li><strong>Mo\u017cna pra\u0107 w pralce<\/strong>\u00a0w temperaturze 40 stopni, wirowanie \u2013 800 obrot\u00f3w<\/li>\n<li>Nie pra\u0107 chemicznie<\/li>\n<li>Nie wybiela\u0107<\/li>\n<\/ul>\n<p>Czas realizacji zam\u00f3wienia: 1-2 dni robocze + czas dostawy.<\/p>\n<p>Ch\u0119tnie uszyjemy tipi specjalnie dla Ciebie \u2013 wed\u0142ug Twojego pomys\u0142u. Napisz do nas i dowiedz si\u0119 wi\u0119cej.<\/p>\n<\/div>\n","protected":false},"excerpt":{"rendered":"<p>Tipi z azteckim motywem z serii Aztec. Idealne dla ch\u0142opca.<\/p>\n","protected":false},"featured_media":41473,"comment_status":"open","ping_status":"closed","template":"","meta":[],"product_brand":[],"product_cat":[24],"product_tag":[],"class_list":{"0":"post-1490","1":"product","2":"type-product","3":"status-publish","4":"has-post-thumbnail","6":"product_cat-namioty-tipi","8":"first","9":"instock","10":"sale","11":"taxable","12":"shipping-taxable","13":"product-type-simple"},"yoast_head":"<!-- This site is optimized with the Yoast SEO plugin v27.0 - https:\/\/yoast.com\/product\/yoast-seo-wordpress\/ -->\n<title>India\u0144ski namiot tipi dla ch\u0142opca Aztec - Cozydots.com<\/title>\n<meta name=\"robots\" content=\"index, follow, max-snippet:-1, max-image-preview:large, max-video-preview:-1\" \/>\n<link rel=\"canonical\" href=\"https:\/\/cozydots.com\/pl\/produkt\/namiot-tipi-mexican\/\" \/>\n<meta property=\"og:locale\" content=\"pl_PL\" \/>\n<meta property=\"og:type\" content=\"article\" \/>\n<meta property=\"og:title\" content=\"India\u0144ski namiot tipi dla ch\u0142opca Aztec - Cozydots.com\" \/>\n<meta property=\"og:description\" content=\"Tipi z azteckim motywem z serii Aztec. Idealne dla ch\u0142opca.\" \/>\n<meta property=\"og:url\" content=\"https:\/\/cozydots.com\/pl\/produkt\/namiot-tipi-mexican\/\" \/>\n<meta property=\"og:site_name\" content=\"Cozydots.com\" \/>\n<meta property=\"article:modified_time\" content=\"2024-09-14T18:47:57+00:00\" \/>\n<meta property=\"og:image\" content=\"https:\/\/cozydots.com\/wp-content\/uploads\/2021\/11\/pp-1494.jpg\" \/>\n\t<meta property=\"og:image:width\" content=\"1200\" \/>\n\t<meta property=\"og:image:height\" content=\"1200\" \/>\n\t<meta property=\"og:image:type\" content=\"image\/jpeg\" \/>\n<meta name=\"twitter:card\" content=\"summary_large_image\" \/>\n<meta name=\"twitter:label1\" content=\"Szacowany czas czytania\" \/>\n\t<meta name=\"twitter:data1\" content=\"2 minuty\" \/>\n<script type=\"application\/ld+json\" class=\"yoast-schema-graph\">{\"@context\":\"https:\/\/schema.org\",\"@graph\":[{\"@type\":\"WebPage\",\"@id\":\"https:\/\/cozydots.com\/pl\/produkt\/namiot-tipi-mexican\/\",\"url\":\"https:\/\/cozydots.com\/pl\/produkt\/namiot-tipi-mexican\/\",\"name\":\"India\u0144ski namiot tipi dla ch\u0142opca Aztec - Cozydots.com\",\"isPartOf\":{\"@id\":\"https:\/\/cozydots.com\/pl\/#website\"},\"primaryImageOfPage\":{\"@id\":\"https:\/\/cozydots.com\/pl\/produkt\/namiot-tipi-mexican\/#primaryimage\"},\"image\":{\"@id\":\"https:\/\/cozydots.com\/pl\/produkt\/namiot-tipi-mexican\/#primaryimage\"},\"thumbnailUrl\":\"https:\/\/cozydots.com\/wp-content\/uploads\/2021\/11\/pp-1494.jpg\",\"datePublished\":\"2017-08-03T13:16:39+00:00\",\"dateModified\":\"2024-09-14T18:47:57+00:00\",\"breadcrumb\":{\"@id\":\"https:\/\/cozydots.com\/pl\/produkt\/namiot-tipi-mexican\/#breadcrumb\"},\"inLanguage\":\"pl-PL\",\"potentialAction\":[{\"@type\":\"ReadAction\",\"target\":[\"https:\/\/cozydots.com\/pl\/produkt\/namiot-tipi-mexican\/\"]}]},{\"@type\":\"ImageObject\",\"inLanguage\":\"pl-PL\",\"@id\":\"https:\/\/cozydots.com\/pl\/produkt\/namiot-tipi-mexican\/#primaryimage\",\"url\":\"https:\/\/cozydots.com\/wp-content\/uploads\/2021\/11\/pp-1494.jpg\",\"contentUrl\":\"https:\/\/cozydots.com\/wp-content\/uploads\/2021\/11\/pp-1494.jpg\",\"width\":1200,\"height\":1200},{\"@type\":\"BreadcrumbList\",\"@id\":\"https:\/\/cozydots.com\/pl\/produkt\/namiot-tipi-mexican\/#breadcrumb\",\"itemListElement\":[{\"@type\":\"ListItem\",\"position\":1,\"name\":\"Strona g\u0142\u00f3wna\",\"item\":\"https:\/\/cozydots.com\/pl\/\"},{\"@type\":\"ListItem\",\"position\":2,\"name\":\"Sklep\",\"item\":\"https:\/\/cozydots.com\/pl\/sklep\/\"},{\"@type\":\"ListItem\",\"position\":3,\"name\":\"India\u0144ski namiot tipi dla ch\u0142opca Aztec\"}]},{\"@type\":\"WebSite\",\"@id\":\"https:\/\/cozydots.com\/pl\/#website\",\"url\":\"https:\/\/cozydots.com\/pl\/\",\"name\":\"Cozydots.com\",\"description\":\"Producent namiot\u00f3w Tipi\",\"publisher\":{\"@id\":\"https:\/\/cozydots.com\/pl\/#organization\"},\"potentialAction\":[{\"@type\":\"SearchAction\",\"target\":{\"@type\":\"EntryPoint\",\"urlTemplate\":\"https:\/\/cozydots.com\/pl\/?s={search_term_string}\"},\"query-input\":{\"@type\":\"PropertyValueSpecification\",\"valueRequired\":true,\"valueName\":\"search_term_string\"}}],\"inLanguage\":\"pl-PL\"},{\"@type\":\"Organization\",\"@id\":\"https:\/\/cozydots.com\/pl\/#organization\",\"name\":\"Cozydots.com\",\"url\":\"https:\/\/cozydots.com\/pl\/\",\"logo\":{\"@type\":\"ImageObject\",\"inLanguage\":\"pl-PL\",\"@id\":\"https:\/\/cozydots.com\/pl\/#\/schema\/logo\/image\/\",\"url\":\"https:\/\/cozydots.com\/wp-content\/uploads\/2021\/10\/cozyshop_logo.png\",\"contentUrl\":\"https:\/\/cozydots.com\/wp-content\/uploads\/2021\/10\/cozyshop_logo.png\",\"width\":400,\"height\":121,\"caption\":\"Cozydots.com\"},\"image\":{\"@id\":\"https:\/\/cozydots.com\/pl\/#\/schema\/logo\/image\/\"}}]}<\/script>\n<!-- \/ Yoast SEO plugin. -->","yoast_head_json":{"title":"India\u0144ski namiot tipi dla ch\u0142opca Aztec - Cozydots.com","robots":{"index":"index","follow":"follow","max-snippet":"max-snippet:-1","max-image-preview":"max-image-preview:large","max-video-preview":"max-video-preview:-1"},"canonical":"https:\/\/cozydots.com\/pl\/produkt\/namiot-tipi-mexican\/","og_locale":"pl_PL","og_type":"article","og_title":"India\u0144ski namiot tipi dla ch\u0142opca Aztec - Cozydots.com","og_description":"Tipi z azteckim motywem z serii Aztec. Idealne dla ch\u0142opca.","og_url":"https:\/\/cozydots.com\/pl\/produkt\/namiot-tipi-mexican\/","og_site_name":"Cozydots.com","article_modified_time":"2024-09-14T18:47:57+00:00","og_image":[{"width":1200,"height":1200,"url":"https:\/\/cozydots.com\/wp-content\/uploads\/2021\/11\/pp-1494.jpg","type":"image\/jpeg"}],"twitter_card":"summary_large_image","twitter_misc":{"Szacowany czas czytania":"2 minuty"},"schema":{"@context":"https:\/\/schema.org","@graph":[{"@type":"WebPage","@id":"https:\/\/cozydots.com\/pl\/produkt\/namiot-tipi-mexican\/","url":"https:\/\/cozydots.com\/pl\/produkt\/namiot-tipi-mexican\/","name":"India\u0144ski namiot tipi dla ch\u0142opca Aztec - Cozydots.com","isPartOf":{"@id":"https:\/\/cozydots.com\/pl\/#website"},"primaryImageOfPage":{"@id":"https:\/\/cozydots.com\/pl\/produkt\/namiot-tipi-mexican\/#primaryimage"},"image":{"@id":"https:\/\/cozydots.com\/pl\/produkt\/namiot-tipi-mexican\/#primaryimage"},"thumbnailUrl":"https:\/\/cozydots.com\/wp-content\/uploads\/2021\/11\/pp-1494.jpg","datePublished":"2017-08-03T13:16:39+00:00","dateModified":"2024-09-14T18:47:57+00:00","breadcrumb":{"@id":"https:\/\/cozydots.com\/pl\/produkt\/namiot-tipi-mexican\/#breadcrumb"},"inLanguage":"pl-PL","potentialAction":[{"@type":"ReadAction","target":["https:\/\/cozydots.com\/pl\/produkt\/namiot-tipi-mexican\/"]}]},{"@type":"ImageObject","inLanguage":"pl-PL","@id":"https:\/\/cozydots.com\/pl\/produkt\/namiot-tipi-mexican\/#primaryimage","url":"https:\/\/cozydots.com\/wp-content\/uploads\/2021\/11\/pp-1494.jpg","contentUrl":"https:\/\/cozydots.com\/wp-content\/uploads\/2021\/11\/pp-1494.jpg","width":1200,"height":1200},{"@type":"BreadcrumbList","@id":"https:\/\/cozydots.com\/pl\/produkt\/namiot-tipi-mexican\/#breadcrumb","itemListElement":[{"@type":"ListItem","position":1,"name":"Strona g\u0142\u00f3wna","item":"https:\/\/cozydots.com\/pl\/"},{"@type":"ListItem","position":2,"name":"Sklep","item":"https:\/\/cozydots.com\/pl\/sklep\/"},{"@type":"ListItem","position":3,"name":"India\u0144ski namiot tipi dla ch\u0142opca Aztec"}]},{"@type":"WebSite","@id":"https:\/\/cozydots.com\/pl\/#website","url":"https:\/\/cozydots.com\/pl\/","name":"Cozydots.com","description":"Producent namiot\u00f3w Tipi","publisher":{"@id":"https:\/\/cozydots.com\/pl\/#organization"},"potentialAction":[{"@type":"SearchAction","target":{"@type":"EntryPoint","urlTemplate":"https:\/\/cozydots.com\/pl\/?s={search_term_string}"},"query-input":{"@type":"PropertyValueSpecification","valueRequired":true,"valueName":"search_term_string"}}],"inLanguage":"pl-PL"},{"@type":"Organization","@id":"https:\/\/cozydots.com\/pl\/#organization","name":"Cozydots.com","url":"https:\/\/cozydots.com\/pl\/","logo":{"@type":"ImageObject","inLanguage":"pl-PL","@id":"https:\/\/cozydots.com\/pl\/#\/schema\/logo\/image\/","url":"https:\/\/cozydots.com\/wp-content\/uploads\/2021\/10\/cozyshop_logo.png","contentUrl":"https:\/\/cozydots.com\/wp-content\/uploads\/2021\/10\/cozyshop_logo.png","width":400,"height":121,"caption":"Cozydots.com"},"image":{"@id":"https:\/\/cozydots.com\/pl\/#\/schema\/logo\/image\/"}}]}},"_links":{"self":[{"href":"https:\/\/cozydots.com\/pl\/wp-json\/wp\/v2\/product\/1490","targetHints":{"allow":["GET"]}}],"collection":[{"href":"https:\/\/cozydots.com\/pl\/wp-json\/wp\/v2\/product"}],"about":[{"href":"https:\/\/cozydots.com\/pl\/wp-json\/wp\/v2\/types\/product"}],"replies":[{"embeddable":true,"href":"https:\/\/cozydots.com\/pl\/wp-json\/wp\/v2\/comments?post=1490"}],"wp:featuredmedia":[{"embeddable":true,"href":"https:\/\/cozydots.com\/pl\/wp-json\/wp\/v2\/media\/41473"}],"wp:attachment":[{"href":"https:\/\/cozydots.com\/pl\/wp-json\/wp\/v2\/media?parent=1490"}],"wp:term":[{"taxonomy":"product_brand","embeddable":true,"href":"https:\/\/cozydots.com\/pl\/wp-json\/wp\/v2\/product_brand?post=1490"},{"taxonomy":"product_cat","embeddable":true,"href":"https:\/\/cozydots.com\/pl\/wp-json\/wp\/v2\/product_cat?post=1490"},{"taxonomy":"product_tag","embeddable":true,"href":"https:\/\/cozydots.com\/pl\/wp-json\/wp\/v2\/product_tag?post=1490"}],"curies":[{"name":"wp","href":"https:\/\/api.w.org\/{rel}","templated":true}]}}